{"id":4549,"date":"2025-09-28T09:29:32","date_gmt":"2025-09-28T08:29:32","guid":{"rendered":"https:\/\/medicaltravel.at\/hasta-hikayeleri\/goerues-raporlari-2012\/acibadem-hastanesi-istanbuldaki-goez-lazeri-ameliyati-deneyimim-corinne-stoll-tarafindan-14-09-2012-tarihinde-yazildi-10-ekim-2012-carsamba-tarihli-rapor\/"},"modified":"2026-01-13T15:02:43","modified_gmt":"2026-01-13T14:02:43","slug":"acibadem-hastanesi-istanbuldaki-goez-lazeri-ameliyati-deneyimim-corinne-stoll-tarafindan-14-09-2012-tarihinde-yazildi-10-ekim-2012-carsamba-tarihli-rapor","status":"publish","type":"page","link":"https:\/\/medicaltravel.at\/tr\/hasta-hikayeleri\/goerues-raporlari-2012\/acibadem-hastanesi-istanbuldaki-goez-lazeri-ameliyati-deneyimim-corinne-stoll-tarafindan-14-09-2012-tarihinde-yazildi-10-ekim-2012-carsamba-tarihli-rapor\/","title":{"rendered":"Ac\u0131badem Hastanesi, \u0130stanbul\u2019daki g\u00f6z lazeri ameliyat\u0131 deneyimim \u2013 Corinne Stoll taraf\u0131ndan 14.09.2012 tarihinde yaz\u0131ld\u0131; 10 Ekim 2012 \u00c7ar\u015famba Tarihli Rapor"},"content":{"rendered":"\n<p><strong>Ac\u0131badem Hastanesi, \u0130stanbul\u2019daki g\u00f6z lazeri ameliyat\u0131 deneyimim \u2013 Corinne Stoll taraf\u0131ndan 14.09.2012 tarihinde yaz\u0131ld\u0131;<\/strong> 10 Ekim 2012 \u00c7ar\u015famba Tarihli Rapor<\/p>\n\n\n\n<p>Y\u0131l\u0131n ba\u015f\u0131ndan beri g\u00f6z lazer ameliyat\u0131 d\u00fc\u015f\u00fcncesi akl\u0131mdan \u00e7\u0131km\u0131yordu. Annem de birka\u00e7 y\u0131l \u00f6nce ayn\u0131 ameliyat\u0131 \u0130svi\u00e7re\u2019de yapt\u0131rm\u0131\u015f oldu\u011fu i\u00e7in konuya az \u00e7ok h\u00e2kimdim ve onun iyi sonucu beni olumlu etkilemi\u015fti. Bu y\u00fczden ara\u015ft\u0131rmaya ba\u015flad\u0131m ve k\u0131sa s\u00fcrede T\u00fcrkiye, Hollanda ve ABD\u2019nin g\u00f6z lazer teknolojisinde en geli\u015fmi\u015f \u00fclkeler aras\u0131nda yer ald\u0131\u011f\u0131n\u0131 fark ettim. \u0130svi\u00e7re\u2019deki bir tedavi nispeten \u00e7ok pahal\u0131 ve \u00f6zellikle bu teknolojinin \u00e7ok s\u0131k uyguland\u0131\u011f\u0131, personelin bu operasyonlarda \u00e7ok tecr\u00fcbeli oldu\u011fu \u00fclkelerle k\u0131yasland\u0131\u011f\u0131nda mutlaka daha iyi oldu\u011fu s\u00f6ylenemez.<br><br>Bu nedenle Swisslasik\u2019in internet sitesi ba\u015fta olmak \u00fczere farkl\u0131 firmalar\u0131n sayfalar\u0131nda seyahatin nas\u0131l ilerledi\u011fini ve ameliyat\u0131n detaylar\u0131n\u0131 inceledim. Swisslasik, ayr\u0131nt\u0131l\u0131 ve anla\u015f\u0131l\u0131r haz\u0131rlanm\u0131\u015f web sitesi sayesinde ilk andan itibaren bana sempatik geldi ve favorilerimden biri oldu. Yapt\u0131\u011f\u0131m ba\u015fvuruya h\u0131zl\u0131, detayl\u0131 ve samimi bir \u015fekilde cevap verildi, ayr\u0131ca benimle birebir ileti\u015fime ge\u00e7ildi. Bu da \u0130stanbul\u2019a gitme karar\u0131mda etkili oldu.<br><br>Kendimi daha g\u00fcvende hissetmek i\u00e7in \u0130svi\u00e7re\u2019de kendi g\u00f6z doktorumda bir \u00f6n muayene yapt\u0131rd\u0131m ve korneam\u0131n yeterince kal\u0131n olup olmad\u0131\u011f\u0131n\u0131 kontrol ettirdim. Bu vesileyle doktora plan\u0131mdan da bahsettim. Kendisi, T\u00fcrkiye\u2019de ameliyat olman\u0131n hem uygun maliyetli hem de profesyonel bir alternatif oldu\u011funu, ayr\u0131ca bu i\u015flemi ba\u015far\u0131yla yapt\u0131rm\u0131\u015f bir\u00e7ok hastas\u0131 bulundu\u011funu s\u00f6yledi.<br><br>Bunun \u00fczerine g\u00f6z lazer ameliyat\u0131m 7 A\u011fustos 2012 tarihi i\u00e7in \u0130stanbul\u2019daki Ac\u0131badem Maslak Hastanesi\u2019nde planland\u0131. Seyahatten \u00f6nce Swisslasik\u2019ten, ameliyat \u00f6ncesi ve sonras\u0131 i\u00e7in faydal\u0131 bilgiler i\u00e7eren Swisslasik pasaportunu ald\u0131m. \u0130stanbul\u2019a var\u0131\u015f\u0131m\u0131n bir g\u00fcn \u00f6ncesinde, havaalan\u0131nda beni zaman\u0131nda kar\u015f\u0131layan bir \u015fof\u00f6r taraf\u0131ndan konaklayaca\u011f\u0131m yere g\u00f6t\u00fcr\u00fcld\u00fcm. Ertesi sabah erken saatte tekrar al\u0131nd\u0131m ve ilk muayenelerin ba\u015flayaca\u011f\u0131 Ac\u0131badem Maslak Hastanesi\u2019ne g\u00f6t\u00fcr\u00fcld\u00fcm.<br><br>Hastanedeki personel \u00e7ok iyi \u0130ngilizce konu\u015fuyordu. T\u00fcm s\u00fcreci daha iyi anlayabilmem i\u00e7in Almanya\u2019da b\u00fcy\u00fcm\u00fc\u015f gen\u00e7 bir han\u0131m da bana e\u015flik etti ve her \u015feyi Almanca olarak terc\u00fcme etti. Hem personel hem de terc\u00fcman son derece g\u00fcler y\u00fczl\u00fcyd\u00fc ve her \u015feyi olabildi\u011fince rahat ve sorunsuz hale getirmeye \u00e7al\u0131\u015ft\u0131lar. G\u00fcn boyunca kendimi ger\u00e7ekten \u00e7ok iyi hissettim ve g\u00fcvende oldu\u011fumu d\u00fc\u015f\u00fcnd\u00fcm.<br><br>Muayeneler bir ila iki saat s\u00fcrd\u00fc. G\u00f6z bebeklerini b\u00fcy\u00fcten damlalar nedeniyle ameliyatlar genellikle \u00f6\u011fleden sonra yap\u0131l\u0131yor. \u00d6\u011fleden sonra son kontroller tamamland\u0131\u011f\u0131nda, lazer LASIK ameliyat\u0131n\u0131n y\u00fczde 97 ba\u015far\u0131 oran\u0131yla uygulanabilece\u011fi bana bildirildi ve operasyona ge\u00e7ilmeden \u00f6nce son haz\u0131rl\u0131klar yap\u0131ld\u0131.<br><br>Ameliyathanede her \u015fey \u00e7ok h\u0131zl\u0131 ilerledi. Sedye \u00fczerine uzand\u0131m ve operasyon s\u0131ras\u0131nda hareket etmemem i\u00e7in ba\u015f\u0131m sabitlendi.                     Lazer, korneay\u0131 a\u00e7\u0131yor ve ard\u0131ndan doktor taraf\u0131ndan bu tabaka a\u015fa\u011f\u0131 do\u011fru kald\u0131r\u0131l\u0131yor. Lazer i\u015fleminin kendisi sadece hissedilen anlamda yakla\u015f\u0131k bir dakika s\u00fcr\u00fcyor. Daha sonra kornea tekrar kapat\u0131l\u0131yor ve ilk g\u00f6z tamamlanm\u0131\u015f oluyor. Ard\u0131ndan ayn\u0131 i\u015flem di\u011fer g\u00f6z i\u00e7in de yap\u0131l\u0131yor ve toplamda yakla\u015f\u0131k on ila on be\u015f dakika sonra operasyon bitmi\u015f oluyor.<br><br>Hemen sonras\u0131nda, kenarlar\u0131 k\u00f6p\u00fckle kapl\u0131 \u00f6zel bir koruyucu g\u00f6zl\u00fck tak\u0131ld\u0131. Bu g\u00f6zl\u00fck, hem \u0131\u015f\u0131\u011f\u0131n hem de ellerin g\u00f6zlere temas etmesini engellemek i\u00e7indi. A\u00e7\u0131k\u00e7as\u0131 g\u00f6zlerim \u00e7ok \u015fiddetli bir \u015fekilde yan\u0131yor ve sulan\u0131yordu, adeta ate\u015f gibiydi. \u0130\u00e7g\u00fcd\u00fcsel olarak bu yanmay\u0131 s\u00f6nd\u00fcrmek ister gibi hissettim ama kesinlikle g\u00f6zlerimi ovu\u015fturmamam gerekti\u011fi i\u00e7in kendimi \u00e7ok zor tuttum.<br><br>Buna ra\u011fmen sevinmek i\u00e7in b\u00fcy\u00fck bir sebebim vard\u0131, \u00e7\u00fcnk\u00fc hemen o anda bile her \u015feyi tekrar net bir \u015fekilde g\u00f6rebildi\u011fimi fark ettim. Ancak g\u00f6zlerimdeki yanma \u00e7ok yo\u011fun oldu\u011fu i\u00e7in bu mutlulu\u011fun tad\u0131n\u0131 uzun s\u00fcre \u00e7\u0131karamad\u0131m. G\u00f6zlerimi sadece k\u0131sa s\u00fcreli\u011fine a\u00e7abiliyor, yanma nedeniyle \u00e7o\u011fu zaman kapal\u0131 tutmak zorunda kal\u0131yordum.<br><br>Operasyondan hemen sonra doktor k\u0131sa bir kontrol yapt\u0131 ve sonucun \u00e7ok ba\u015far\u0131l\u0131 oldu\u011funu s\u00f6yledi. Ard\u0131ndan Ac\u0131badem Hastanesi\u2019nin transferiyle tekrar kald\u0131\u011f\u0131m yere g\u00f6t\u00fcr\u00fcld\u00fcm. \u0130lk d\u00f6rt saat ger\u00e7ekten olduk\u00e7a rahats\u0131z ediciydi ve g\u00f6zlerimdeki yanma bir t\u00fcrl\u00fc ge\u00e7meyecek gibi hissettiriyordu. Sab\u0131rl\u0131 olmam gereken uzun saatlerdi.<br><br>Ancak yakla\u015f\u0131k d\u00f6rt saat sonra o keskin yanma ve yo\u011fun sulanma ger\u00e7ekten ge\u00e7ti. Yava\u015f yava\u015f rahatlamaya ba\u015flad\u0131m ve koruyucu g\u00f6zl\u00fc\u011f\u00fcm\u00fcn arkas\u0131ndan g\u00f6rd\u00fc\u011f\u00fcm bu harika sonuca i\u00e7ten i\u00e7e sevinmeye ba\u015flad\u0131m. Ertesi sabah g\u00f6zl\u00fc\u011f\u00fcm\u00fc \u00e7\u0131kar\u0131p y\u0131llar sonra ilk kez manzaray\u0131 renkli ve tamamen net bir \u015fekilde g\u00f6rebildi\u011fimde, yeniden kazand\u0131\u011f\u0131m bu g\u00f6rme yetisi kar\u015f\u0131s\u0131nda tarifsiz bir mutluluk ya\u015fad\u0131m.<br><br>Bu, hayat\u0131mda verdi\u011fim en iyi kararlardan biriydi. G\u00f6z lazer ameliyat\u0131n\u0131 hi\u00e7 d\u00fc\u015f\u00fcnmeden tekrar yapt\u0131r\u0131rd\u0131m ve g\u00f6zl\u00fck ya da lens olmadan \u00f6zg\u00fcrce ya\u015famak isteyen herkese g\u00f6n\u00fcl rahatl\u0131\u011f\u0131yla tavsiye ederim. Birka\u00e7 g\u00fcn sonra Ac\u0131badem Hastanesi\u2019nde bir kontrol muayenesi daha yap\u0131ld\u0131 ve her \u015fey yolunda oldu\u011fu i\u00e7in mutlu bir \u015fekilde, net bir g\u00f6r\u00fc\u015fle evime d\u00f6nebildim.<br><br>Bu s\u00fcre\u00e7te eme\u011fi ge\u00e7en herkese, samimi destekleri i\u00e7in i\u00e7tenlikle te\u015fekk\u00fcr ederim.<br><br>Corinne Stoll                <\/p>\n\n\n\n<div class=\"wp-block-group is-layout-grid wp-container-core-group-is-layout-baef362d wp-block-group-is-layout-grid\">\n<p><a href=\"https:\/\/medicaltravel.at\/home\/agb\/\" data-type=\"page\" data-id=\"2191\"><\/a><a href=\"https:\/\/medicaltravel.at\/tr\/hasta-hikayeleri\/goerues-raporlari-2012\/istanbulda-tatil-ve-250-ml-silikon-implantli-goegues-ameliyati-15-ekim-2012-pazartesi-tarihli-rapor\/\" data-type=\"link\" data-id=\"https:\/\/medicaltravel.at\/tr\/hasta-hikayeleri\/goerues-raporlari-2012\/istanbulda-tatil-ve-250-ml-silikon-implantli-goegues-ameliyati-15-ekim-2012-pazartesi-tarihli-rapor\/\">\u00d6nceki Rapor<\/a><\/p>\n\n\n\n<p class=\"has-text-align-right wp-container-content-5e2576f9\"><a href=\"https:\/\/medicaltravel.at\/home\/impressum\/\" data-type=\"page\" data-id=\"2193\"><\/a><a href=\"https:\/\/medicaltravel.at\/home\/berichte-von-patienten\/erfahrungsberichte\/erfahrungsbericht-zahnbehandlung-in-istanbul\/\" data-type=\"page\" data-id=\"981\"><\/a><a href=\"https:\/\/medicaltravel.at\/tr\/hasta-hikayeleri\/goerues-raporlari-2012\/agustos-2012de-istanbulda-goezlerimi-lazerle-tedavi-ettirdigim-harika-bir-deneyim-01-ekim-2012-pazartesi-tarihli-rapor\/\" data-type=\"link\" data-id=\"https:\/\/medicaltravel.at\/berichte-von-patienten\/erfahrungsberichte-2012\/ein-grossartiges-erlebnis-als-ich-im-august-2012-meine-augen-in-istanbul-lasern-liess-bericht-vom-montag-01-oktober-2012\/\">Sonraki Rapor<\/a><\/p>\n<\/div>\n","protected":false},"excerpt":{"rendered":"<p>Ac\u0131badem Hastanesi, \u0130stanbul\u2019daki g\u00f6z lazeri ameliyat\u0131 deneyimim \u2013 Corinne Stoll taraf\u0131ndan 14.09.2012 tarihinde yaz\u0131ld\u0131; 10 Ekim 2012 \u00c7ar\u015famba Tarihli Rapor Y\u0131l\u0131n ba\u015f\u0131ndan beri g\u00f6z lazer ameliyat\u0131 d\u00fc\u015f\u00fcncesi akl\u0131mdan \u00e7\u0131km\u0131yordu. Annem de birka\u00e7 y\u0131l \u00f6nce ayn\u0131 ameliyat\u0131 \u0130svi\u00e7re\u2019de yapt\u0131rm\u0131\u015f oldu\u011fu i\u00e7in konuya az \u00e7ok h\u00e2kimdim ve onun iyi sonucu beni olumlu etkilemi\u015fti. Bu y\u00fczden ara\u015ft\u0131rmaya ba\u015flad\u0131m ve k\u0131sa s\u00fcrede T\u00fcrkiye, Hollanda ve ABD\u2019nin g\u00f6z lazer teknolojisinde en geli\u015fmi\u015f \u00fclkeler aras\u0131nda yer ald\u0131\u011f\u0131n\u0131 fark ettim. \u0130svi\u00e7re\u2019deki bir tedavi nispeten \u00e7ok pahal\u0131 ve \u00f6zellikle bu teknolojinin \u00e7ok s\u0131k uyguland\u0131\u011f\u0131, personelin bu operasyonlarda \u00e7ok tecr\u00fcbeli oldu\u011fu \u00fclkelerle k\u0131yasland\u0131\u011f\u0131nda mutlaka daha iyi oldu\u011fu s\u00f6ylenemez. Bu nedenle Swisslasik\u2019in internet sitesi ba\u015fta olmak \u00fczere farkl\u0131 firmalar\u0131n sayfalar\u0131nda seyahatin nas\u0131l ilerledi\u011fini ve ameliyat\u0131n detaylar\u0131n\u0131 inceledim. Swisslasik, ayr\u0131nt\u0131l\u0131 ve anla\u015f\u0131l\u0131r haz\u0131rlanm\u0131\u015f web sitesi sayesinde ilk andan itibaren bana sempatik geldi ve favorilerimden biri oldu. Yapt\u0131\u011f\u0131m ba\u015fvuruya h\u0131zl\u0131, detayl\u0131 ve samimi bir \u015fekilde cevap verildi, ayr\u0131ca benimle birebir ileti\u015fime ge\u00e7ildi. Bu da \u0130stanbul\u2019a gitme karar\u0131mda etkili oldu. Kendimi daha g\u00fcvende hissetmek i\u00e7in \u0130svi\u00e7re\u2019de kendi g\u00f6z doktorumda bir \u00f6n muayene yapt\u0131rd\u0131m ve korneam\u0131n yeterince kal\u0131n olup olmad\u0131\u011f\u0131n\u0131 kontrol ettirdim. Bu vesileyle doktora plan\u0131mdan da bahsettim. Kendisi, T\u00fcrkiye\u2019de ameliyat olman\u0131n hem uygun maliyetli hem de profesyonel bir alternatif oldu\u011funu, ayr\u0131ca bu i\u015flemi ba\u015far\u0131yla yapt\u0131rm\u0131\u015f bir\u00e7ok hastas\u0131 bulundu\u011funu s\u00f6yledi. Bunun \u00fczerine g\u00f6z lazer ameliyat\u0131m 7 A\u011fustos 2012 tarihi i\u00e7in \u0130stanbul\u2019daki Ac\u0131badem Maslak Hastanesi\u2019nde planland\u0131. Seyahatten \u00f6nce Swisslasik\u2019ten, ameliyat \u00f6ncesi ve sonras\u0131 i\u00e7in faydal\u0131 bilgiler i\u00e7eren Swisslasik pasaportunu ald\u0131m. \u0130stanbul\u2019a var\u0131\u015f\u0131m\u0131n bir g\u00fcn \u00f6ncesinde, havaalan\u0131nda beni zaman\u0131nda kar\u015f\u0131layan bir \u015fof\u00f6r taraf\u0131ndan konaklayaca\u011f\u0131m yere g\u00f6t\u00fcr\u00fcld\u00fcm. Ertesi sabah erken saatte tekrar al\u0131nd\u0131m ve ilk muayenelerin ba\u015flayaca\u011f\u0131 Ac\u0131badem Maslak Hastanesi\u2019ne g\u00f6t\u00fcr\u00fcld\u00fcm. Hastanedeki personel \u00e7ok iyi \u0130ngilizce konu\u015fuyordu. T\u00fcm s\u00fcreci daha iyi anlayabilmem i\u00e7in Almanya\u2019da b\u00fcy\u00fcm\u00fc\u015f gen\u00e7 bir han\u0131m da bana e\u015flik etti ve her \u015feyi Almanca olarak terc\u00fcme etti. Hem personel hem de terc\u00fcman son derece g\u00fcler y\u00fczl\u00fcyd\u00fc ve her \u015feyi olabildi\u011fince rahat ve sorunsuz hale getirmeye \u00e7al\u0131\u015ft\u0131lar. G\u00fcn boyunca kendimi ger\u00e7ekten \u00e7ok iyi hissettim ve g\u00fcvende oldu\u011fumu d\u00fc\u015f\u00fcnd\u00fcm. Muayeneler bir ila iki saat s\u00fcrd\u00fc. G\u00f6z bebeklerini b\u00fcy\u00fcten damlalar nedeniyle ameliyatlar genellikle \u00f6\u011fleden sonra yap\u0131l\u0131yor. \u00d6\u011fleden sonra son kontroller tamamland\u0131\u011f\u0131nda, lazer LASIK ameliyat\u0131n\u0131n y\u00fczde 97 ba\u015far\u0131 oran\u0131yla uygulanabilece\u011fi bana bildirildi ve operasyona ge\u00e7ilmeden \u00f6nce son haz\u0131rl\u0131klar yap\u0131ld\u0131. Ameliyathanede her \u015fey \u00e7ok h\u0131zl\u0131 ilerledi. Sedye \u00fczerine uzand\u0131m ve operasyon s\u0131ras\u0131nda hareket etmemem i\u00e7in ba\u015f\u0131m sabitlendi. Lazer, korneay\u0131 a\u00e7\u0131yor ve ard\u0131ndan doktor taraf\u0131ndan bu tabaka a\u015fa\u011f\u0131 do\u011fru kald\u0131r\u0131l\u0131yor. Lazer i\u015fleminin kendisi sadece hissedilen anlamda yakla\u015f\u0131k bir dakika s\u00fcr\u00fcyor. Daha sonra kornea tekrar kapat\u0131l\u0131yor ve ilk g\u00f6z tamamlanm\u0131\u015f oluyor. Ard\u0131ndan ayn\u0131 i\u015flem di\u011fer g\u00f6z i\u00e7in de yap\u0131l\u0131yor ve toplamda yakla\u015f\u0131k on ila on be\u015f dakika sonra operasyon bitmi\u015f oluyor. Hemen sonras\u0131nda, kenarlar\u0131 k\u00f6p\u00fckle kapl\u0131 \u00f6zel bir koruyucu g\u00f6zl\u00fck tak\u0131ld\u0131. Bu g\u00f6zl\u00fck, hem \u0131\u015f\u0131\u011f\u0131n hem de ellerin g\u00f6zlere temas etmesini engellemek i\u00e7indi. A\u00e7\u0131k\u00e7as\u0131 g\u00f6zlerim \u00e7ok \u015fiddetli bir \u015fekilde yan\u0131yor ve sulan\u0131yordu, adeta ate\u015f gibiydi. \u0130\u00e7g\u00fcd\u00fcsel olarak bu yanmay\u0131 s\u00f6nd\u00fcrmek ister gibi hissettim ama kesinlikle g\u00f6zlerimi ovu\u015fturmamam gerekti\u011fi i\u00e7in kendimi \u00e7ok zor tuttum. Buna ra\u011fmen sevinmek i\u00e7in b\u00fcy\u00fck bir sebebim vard\u0131, \u00e7\u00fcnk\u00fc hemen o anda bile her \u015feyi tekrar net bir \u015fekilde g\u00f6rebildi\u011fimi fark ettim. Ancak g\u00f6zlerimdeki yanma \u00e7ok yo\u011fun oldu\u011fu i\u00e7in bu mutlulu\u011fun tad\u0131n\u0131 uzun s\u00fcre \u00e7\u0131karamad\u0131m. G\u00f6zlerimi sadece k\u0131sa s\u00fcreli\u011fine a\u00e7abiliyor, yanma nedeniyle \u00e7o\u011fu zaman kapal\u0131 tutmak zorunda kal\u0131yordum. Operasyondan hemen sonra doktor k\u0131sa bir kontrol yapt\u0131 ve sonucun \u00e7ok ba\u015far\u0131l\u0131 oldu\u011funu s\u00f6yledi. Ard\u0131ndan Ac\u0131badem Hastanesi\u2019nin transferiyle tekrar kald\u0131\u011f\u0131m yere g\u00f6t\u00fcr\u00fcld\u00fcm. \u0130lk d\u00f6rt saat ger\u00e7ekten olduk\u00e7a rahats\u0131z ediciydi ve g\u00f6zlerimdeki yanma bir t\u00fcrl\u00fc ge\u00e7meyecek gibi hissettiriyordu. Sab\u0131rl\u0131 olmam gereken uzun saatlerdi. Ancak yakla\u015f\u0131k d\u00f6rt saat sonra o keskin yanma ve yo\u011fun sulanma ger\u00e7ekten ge\u00e7ti. Yava\u015f yava\u015f rahatlamaya ba\u015flad\u0131m ve koruyucu g\u00f6zl\u00fc\u011f\u00fcm\u00fcn arkas\u0131ndan g\u00f6rd\u00fc\u011f\u00fcm bu harika sonuca i\u00e7ten i\u00e7e sevinmeye ba\u015flad\u0131m. Ertesi sabah g\u00f6zl\u00fc\u011f\u00fcm\u00fc \u00e7\u0131kar\u0131p y\u0131llar sonra ilk kez manzaray\u0131 renkli ve tamamen net bir \u015fekilde g\u00f6rebildi\u011fimde, yeniden kazand\u0131\u011f\u0131m bu g\u00f6rme yetisi kar\u015f\u0131s\u0131nda tarifsiz bir mutluluk ya\u015fad\u0131m. Bu, hayat\u0131mda verdi\u011fim en iyi kararlardan biriydi. G\u00f6z lazer ameliyat\u0131n\u0131 hi\u00e7 d\u00fc\u015f\u00fcnmeden tekrar yapt\u0131r\u0131rd\u0131m ve g\u00f6zl\u00fck ya da lens olmadan \u00f6zg\u00fcrce ya\u015famak isteyen herkese g\u00f6n\u00fcl rahatl\u0131\u011f\u0131yla tavsiye ederim. Birka\u00e7 g\u00fcn sonra Ac\u0131badem Hastanesi\u2019nde bir kontrol muayenesi daha yap\u0131ld\u0131 ve her \u015fey yolunda oldu\u011fu i\u00e7in mutlu bir \u015fekilde, net bir g\u00f6r\u00fc\u015fle evime d\u00f6nebildim. Bu s\u00fcre\u00e7te eme\u011fi ge\u00e7en herkese, samimi destekleri i\u00e7in i\u00e7tenlikle te\u015fekk\u00fcr ederim. Corinne Stoll \u00d6nceki Rapor Sonraki Rapor<\/p>\n","protected":false},"author":4,"featured_media":0,"parent":4505,"menu_order":0,"comment_status":"closed","ping_status":"closed","template":"","meta":{"_joinchat":[],"footnotes":""},"class_list":["post-4549","page","type-page","status-publish","hentry"],"acf":[],"_links":{"self":[{"href":"https:\/\/medicaltravel.at\/tr\/wp-json\/wp\/v2\/pages\/4549","targetHints":{"allow":["GET"]}}],"collection":[{"href":"https:\/\/medicaltravel.at\/tr\/wp-json\/wp\/v2\/pages"}],"about":[{"href":"https:\/\/medicaltravel.at\/tr\/wp-json\/wp\/v2\/types\/page"}],"author":[{"embeddable":true,"href":"https:\/\/medicaltravel.at\/tr\/wp-json\/wp\/v2\/users\/4"}],"replies":[{"embeddable":true,"href":"https:\/\/medicaltravel.at\/tr\/wp-json\/wp\/v2\/comments?post=4549"}],"version-history":[{"count":2,"href":"https:\/\/medicaltravel.at\/tr\/wp-json\/wp\/v2\/pages\/4549\/revisions"}],"predecessor-version":[{"id":5784,"href":"https:\/\/medicaltravel.at\/tr\/wp-json\/wp\/v2\/pages\/4549\/revisions\/5784"}],"up":[{"embeddable":true,"href":"https:\/\/medicaltravel.at\/tr\/wp-json\/wp\/v2\/pages\/4505"}],"wp:attachment":[{"href":"https:\/\/medicaltravel.at\/tr\/wp-json\/wp\/v2\/media?parent=4549"}],"curies":[{"name":"wp","href":"https:\/\/api.w.org\/{rel}","templated":true}]}}