{"id":4547,"date":"2025-09-28T09:32:49","date_gmt":"2025-09-28T08:32:49","guid":{"rendered":"https:\/\/medicaltravel.at\/hasta-hikayeleri\/goerues-raporlari-2012\/yurtdisinda-lasik-deneyim-raporu-tuerkiye-21-eyluel-2012-cuma-tarihli-rapor\/"},"modified":"2026-01-13T15:05:13","modified_gmt":"2026-01-13T14:05:13","slug":"yurtdisinda-lasik-deneyim-raporu-tuerkiye-21-eyluel-2012-cuma-tarihli-rapor","status":"publish","type":"page","link":"https:\/\/medicaltravel.at\/tr\/hasta-hikayeleri\/goerues-raporlari-2012\/yurtdisinda-lasik-deneyim-raporu-tuerkiye-21-eyluel-2012-cuma-tarihli-rapor\/","title":{"rendered":"Yurtd\u0131\u015f\u0131nda Lasik Deneyim Raporu \u2013 T\u00fcrkiye \u2013 21 Eyl\u00fcl 2012 Cuma Tarihli Rapor"},"content":{"rendered":"\n<p><strong>Yurtd\u0131\u015f\u0131nda Lasik Deneyim Raporu \u2013 T\u00fcrkiye<\/strong> \u2013 21 Eyl\u00fcl 2012 Cuma Tarihli Rapor<\/p>\n\n<p>Sonja Seiler, 1 A\u011fustos 2012 \u2013 \u0130stanbul<br\/><br\/>Yakla\u015f\u0131k 5 y\u0131l \u00f6nce g\u00f6zlerimi lazerle tedavi ettirmeyi d\u00fc\u015f\u00fcnm\u00fc\u015ft\u00fcm, ancak \u00e7ok korktu\u011fum i\u00e7in bu d\u00fc\u015f\u00fcnceden vazge\u00e7mi\u015ftim. Zamanla kontakt lenslerle sorunlar ya\u015famaya ba\u015flad\u0131m ve art\u0131k onlar\u0131 da kullanamaz oldum. G\u00f6zl\u00fck ise benim i\u00e7in hi\u00e7 bir se\u00e7enek de\u011fildi. \u0130nternette uzun s\u00fcre ara\u015ft\u0131rma yapt\u0131m ve bu s\u0131rada Swisslasik ile kar\u015f\u0131la\u015ft\u0131m.<br\/>Ba\u015flang\u0131\u00e7ta T\u00fcrkiye benim i\u00e7in bir se\u00e7enek de\u011fildi; mutlaka \u0130svi\u00e7re\u2019de yapt\u0131rmak istiyordum. Ara\u015ft\u0131rmaya devam ettim ve Z\u00fcrih\u2019te ba\u015fka bir g\u00f6z lazer merkezinde \u00f6n g\u00f6r\u00fc\u015fme randevusu ald\u0131m, ancak bu beni pek ikna etmedi. Daha sonra tekrar Swisslasik\u2019e d\u00f6nd\u00fcm, Z\u00fcrih\u2019te d\u00fczenlenen bir bilgilendirme sunumuna kat\u0131ld\u0131m ve \u00e7ok etkilendim. Fiyat ve u\u00e7ak, otel gibi hizmetleri kapsayan paket \u00e7ok daha cazipti. Bu y\u00fczden \u0130stanbul\u2019a gitmeye karar verdim. E\u015fim de bana e\u015flik etti.<br\/><br\/>A\u011fustos ba\u015f\u0131nda Swiss ile \u0130stanbul\u2019a u\u00e7tuk. Her \u015fey sorunsuz ge\u00e7ti ve havaalan\u0131nda Ac\u0131badem Hastanesi\u2019nden bir \u015fof\u00f6r taraf\u0131ndan kar\u015f\u0131land\u0131k. Yo\u011fun trafik nedeniyle yolculuk biraz uzun s\u00fcrd\u00fc. Otele vard\u0131\u011f\u0131m\u0131zda g\u00fcler y\u00fczle kar\u015f\u0131land\u0131k. Otel odam\u0131z (Levent Hotel) temizdi. Var\u0131\u015f g\u00fcn\u00fcnde \u015fehre gidip al\u0131\u015fveri\u015f yapt\u0131k ve g\u00fczel bir ak\u015fam yeme\u011fi yedik.<br\/><br\/>\u0130kinci g\u00fcn tam zaman\u0131nda al\u0131nd\u0131k ve Ac\u0131badem\u2019e g\u00f6t\u00fcr\u00fcld\u00fck. \u00d6nce \u00e7e\u015fitli testler yap\u0131ld\u0131 ve standart LASIK i\u00e7in uygun oldu\u011fum s\u00f6ylendi. Ne yaz\u0131k ki bundan sonra tam olarak ne olaca\u011f\u0131 konusunda yeterince bilgilendirilmedik ve olduk\u00e7a fazla beklemek zorunda kald\u0131k. Terc\u00fcman her zaman yan\u0131m\u0131zda de\u011fildi. Ameliyat\u0131m \u00f6\u011fleden sonra oldu\u011fu i\u00e7in hastanede beklemek istemedik ve yak\u0131ndaki bir al\u0131\u015fveri\u015f merkezine gittik.<br\/><br\/>\u00d6\u011fleden sonra operasyon ba\u015flad\u0131. \u00c7ok gergindim. Ameliyat masas\u0131nda her \u015fey \u00e7ok h\u0131zl\u0131 ger\u00e7ekle\u015fti. Hi\u00e7 a\u011fr\u0131 hissetmedim ve d\u00fc\u015f\u00fcnd\u00fc\u011f\u00fcm kadar da zor de\u011fildi. Sadece g\u00f6z kapaklar\u0131n\u0131 a\u00e7\u0131k tutan aparat bir tarafta biraz ac\u0131 verdi ama bu da dayan\u0131lmayacak bir \u015fey de\u011fildi. Yakla\u015f\u0131k 20 dakika sonra her \u015fey bitmi\u015fti.<br\/><br\/>Daha sonra a\u011fr\u0131 yava\u015f yava\u015f ba\u015flad\u0131. Her iki g\u00f6z\u00fcmde de g\u00fc\u00e7l\u00fc bir yanma vard\u0131 ve g\u00f6zlerimi a\u00e7am\u0131yordum. Do\u011frudan otele d\u00f6nd\u00fck ve yata\u011fa uzan\u0131p uyuyabildi\u011fim i\u00e7in \u00e7ok mutluydum. Yakla\u015f\u0131k 4 saat sonra durum yava\u015f yava\u015f d\u00fczeldi ve nispeten iyi g\u00f6rmeye ba\u015flad\u0131m. Ertesi g\u00fcn g\u00f6r\u00fc\u015f\u00fcm daha da iyiydi. Sol g\u00f6z\u00fcm neredeyse m\u00fckemmeldi, ancak sa\u011f g\u00f6z\u00fcm di\u011ferine g\u00f6re h\u00e2l\u00e2 bulan\u0131kt\u0131 ve bu beni olduk\u00e7a rahats\u0131z etti. Sol g\u00f6z \u00e7ok iyiydi, sa\u011f g\u00f6z ise bulan\u0131kt\u0131. Buna ra\u011fmen genel olarak mutluydum, \u00e7\u00fcnk\u00fc art\u0131k g\u00f6zl\u00fc\u011fe ihtiyac\u0131m yoktu.<br\/><br\/>Sonras\u0131nda kontrol muayenem yap\u0131ld\u0131 ve doktor her \u015feyin \u00e7ok iyi ge\u00e7ti\u011fini s\u00f6yledi. B\u00f6ylece g\u00fcn\u00fc rahat\u00e7a gezerek ge\u00e7irebildik. Ertesi g\u00fcn Z\u00fcrih\u2019e geri u\u00e7tuk. Sonraki iki-\u00fc\u00e7 hafta i\u00e7inde sa\u011f g\u00f6z\u00fcm biraz daha d\u00fczeldi; \u015fu anda sa\u011f g\u00f6z\u00fcm 0.5 diyoptri, sol g\u00f6z\u00fcm ise 0.0. Sol g\u00f6z\u00fcm \u00e7ok h\u0131zl\u0131 bir \u015fekilde m\u00fckemmel hale geldi ve hi\u00e7 de\u011fi\u015fmedi. Sa\u011f g\u00f6z\u00fcm ise biraz dalgalanma g\u00f6steriyor. Karanl\u0131kta g\u00fcnd\u00fcze g\u00f6re daha k\u00f6t\u00fc g\u00f6r\u00fcyorum. Ama genel olarak \u00e7ok memnunum ve her zaman tekrar yapt\u0131r\u0131r\u0131m. \u0130svi\u00e7re\u2019deki son kontrol de sorunsuz ge\u00e7ti ve oradaki doktordan da \u00e7ok memnun kald\u0131m.<\/p>\n\n<div class=\"wp-block-group is-layout-grid wp-container-core-group-is-layout-baef362d wp-block-group-is-layout-grid\">\n<p><a href=\"https:\/\/medicaltravel.at\/home\/agb\/\" data-type=\"page\" data-id=\"2191\"><\/a><a href=\"https:\/\/medicaltravel.at\/tr\/hasta-hikayeleri\/goerues-raporlari-2012\/yurtdisinda-goez-lazeri-istanbul-26-eyluel-2012-carsamba-tarihli-rapor\/\" data-type=\"link\" data-id=\"https:\/\/medicaltravel.at\/berichte-von-patienten\/erfahrungsberichte-2012\/augenlasern-im-ausland-istanbul-bericht-vom-mittwoch-26-september-2012\/\">\u00d6nceki Rapor<\/a><\/p>\n\n\n\n<p class=\"has-text-align-right wp-container-content-5e2576f9\"><a href=\"https:\/\/medicaltravel.at\/home\/impressum\/\" data-type=\"page\" data-id=\"2193\"><\/a><a href=\"https:\/\/medicaltravel.at\/home\/berichte-von-patienten\/erfahrungsberichte\/erfahrungsbericht-zahnbehandlung-in-istanbul\/\" data-type=\"page\" data-id=\"981\"><\/a><a href=\"https:\/\/medicaltravel.at\/tr\/hasta-hikayeleri\/goerues-raporlari-2012\/21-temmuz-2012de-istanbulda-goez-lazer-lasik-deneyimi-7-eyluel-2012-cuma-tarihli-rapor\/\" data-type=\"link\" data-id=\"https:\/\/medicaltravel.at\/berichte-von-patienten\/erfahrungsberichte-2012\/erfahrungsbericht-augenlasik-in-istanbul-vom-21-juli-2012-bericht-vom-freitag-07-september-2012\/\">Sonraki Rapor<\/a><\/p>\n<\/div>\n","protected":false},"excerpt":{"rendered":"<p>Yurtd\u0131\u015f\u0131nda Lasik Deneyim Raporu \u2013 T\u00fcrkiye \u2013 21 Eyl\u00fcl 2012 Cuma Tarihli Rapor Sonja Seiler, 1 A\u011fustos 2012 \u2013 \u0130stanbul Yakla\u015f\u0131k 5 y\u0131l \u00f6nce g\u00f6zlerimi lazerle tedavi ettirmeyi d\u00fc\u015f\u00fcnm\u00fc\u015ft\u00fcm, ancak \u00e7ok korktu\u011fum i\u00e7in bu d\u00fc\u015f\u00fcnceden vazge\u00e7mi\u015ftim. Zamanla kontakt lenslerle sorunlar ya\u015famaya ba\u015flad\u0131m ve art\u0131k onlar\u0131 da kullanamaz oldum. G\u00f6zl\u00fck ise benim i\u00e7in hi\u00e7 bir se\u00e7enek de\u011fildi. \u0130nternette uzun s\u00fcre ara\u015ft\u0131rma yapt\u0131m ve bu s\u0131rada Swisslasik ile kar\u015f\u0131la\u015ft\u0131m.Ba\u015flang\u0131\u00e7ta T\u00fcrkiye benim i\u00e7in bir se\u00e7enek de\u011fildi; mutlaka \u0130svi\u00e7re\u2019de yapt\u0131rmak istiyordum. Ara\u015ft\u0131rmaya devam ettim ve Z\u00fcrih\u2019te ba\u015fka bir g\u00f6z lazer merkezinde \u00f6n g\u00f6r\u00fc\u015fme randevusu ald\u0131m, ancak bu beni pek ikna etmedi. Daha sonra tekrar Swisslasik\u2019e d\u00f6nd\u00fcm, Z\u00fcrih\u2019te d\u00fczenlenen bir bilgilendirme sunumuna kat\u0131ld\u0131m ve \u00e7ok etkilendim. Fiyat ve u\u00e7ak, otel gibi hizmetleri kapsayan paket \u00e7ok daha cazipti. Bu y\u00fczden \u0130stanbul\u2019a gitmeye karar verdim. E\u015fim de bana e\u015flik etti. A\u011fustos ba\u015f\u0131nda Swiss ile \u0130stanbul\u2019a u\u00e7tuk. Her \u015fey sorunsuz ge\u00e7ti ve havaalan\u0131nda Ac\u0131badem Hastanesi\u2019nden bir \u015fof\u00f6r taraf\u0131ndan kar\u015f\u0131land\u0131k. Yo\u011fun trafik nedeniyle yolculuk biraz uzun s\u00fcrd\u00fc. Otele vard\u0131\u011f\u0131m\u0131zda g\u00fcler y\u00fczle kar\u015f\u0131land\u0131k. Otel odam\u0131z (Levent Hotel) temizdi. Var\u0131\u015f g\u00fcn\u00fcnde \u015fehre gidip al\u0131\u015fveri\u015f yapt\u0131k ve g\u00fczel bir ak\u015fam yeme\u011fi yedik. \u0130kinci g\u00fcn tam zaman\u0131nda al\u0131nd\u0131k ve Ac\u0131badem\u2019e g\u00f6t\u00fcr\u00fcld\u00fck. \u00d6nce \u00e7e\u015fitli testler yap\u0131ld\u0131 ve standart LASIK i\u00e7in uygun oldu\u011fum s\u00f6ylendi. Ne yaz\u0131k ki bundan sonra tam olarak ne olaca\u011f\u0131 konusunda yeterince bilgilendirilmedik ve olduk\u00e7a fazla beklemek zorunda kald\u0131k. Terc\u00fcman her zaman yan\u0131m\u0131zda de\u011fildi. Ameliyat\u0131m \u00f6\u011fleden sonra oldu\u011fu i\u00e7in hastanede beklemek istemedik ve yak\u0131ndaki bir al\u0131\u015fveri\u015f merkezine gittik. \u00d6\u011fleden sonra operasyon ba\u015flad\u0131. \u00c7ok gergindim. Ameliyat masas\u0131nda her \u015fey \u00e7ok h\u0131zl\u0131 ger\u00e7ekle\u015fti. Hi\u00e7 a\u011fr\u0131 hissetmedim ve d\u00fc\u015f\u00fcnd\u00fc\u011f\u00fcm kadar da zor de\u011fildi. Sadece g\u00f6z kapaklar\u0131n\u0131 a\u00e7\u0131k tutan aparat bir tarafta biraz ac\u0131 verdi ama bu da dayan\u0131lmayacak bir \u015fey de\u011fildi. Yakla\u015f\u0131k 20 dakika sonra her \u015fey bitmi\u015fti. Daha sonra a\u011fr\u0131 yava\u015f yava\u015f ba\u015flad\u0131. Her iki g\u00f6z\u00fcmde de g\u00fc\u00e7l\u00fc bir yanma vard\u0131 ve g\u00f6zlerimi a\u00e7am\u0131yordum. Do\u011frudan otele d\u00f6nd\u00fck ve yata\u011fa uzan\u0131p uyuyabildi\u011fim i\u00e7in \u00e7ok mutluydum. Yakla\u015f\u0131k 4 saat sonra durum yava\u015f yava\u015f d\u00fczeldi ve nispeten iyi g\u00f6rmeye ba\u015flad\u0131m. Ertesi g\u00fcn g\u00f6r\u00fc\u015f\u00fcm daha da iyiydi. Sol g\u00f6z\u00fcm neredeyse m\u00fckemmeldi, ancak sa\u011f g\u00f6z\u00fcm di\u011ferine g\u00f6re h\u00e2l\u00e2 bulan\u0131kt\u0131 ve bu beni olduk\u00e7a rahats\u0131z etti. Sol g\u00f6z \u00e7ok iyiydi, sa\u011f g\u00f6z ise bulan\u0131kt\u0131. Buna ra\u011fmen genel olarak mutluydum, \u00e7\u00fcnk\u00fc art\u0131k g\u00f6zl\u00fc\u011fe ihtiyac\u0131m yoktu. Sonras\u0131nda kontrol muayenem yap\u0131ld\u0131 ve doktor her \u015feyin \u00e7ok iyi ge\u00e7ti\u011fini s\u00f6yledi. B\u00f6ylece g\u00fcn\u00fc rahat\u00e7a gezerek ge\u00e7irebildik. Ertesi g\u00fcn Z\u00fcrih\u2019e geri u\u00e7tuk. Sonraki iki-\u00fc\u00e7 hafta i\u00e7inde sa\u011f g\u00f6z\u00fcm biraz daha d\u00fczeldi; \u015fu anda sa\u011f g\u00f6z\u00fcm 0.5 diyoptri, sol g\u00f6z\u00fcm ise 0.0. Sol g\u00f6z\u00fcm \u00e7ok h\u0131zl\u0131 bir \u015fekilde m\u00fckemmel hale geldi ve hi\u00e7 de\u011fi\u015fmedi. Sa\u011f g\u00f6z\u00fcm ise biraz dalgalanma g\u00f6steriyor. Karanl\u0131kta g\u00fcnd\u00fcze g\u00f6re daha k\u00f6t\u00fc g\u00f6r\u00fcyorum. Ama genel olarak \u00e7ok memnunum ve her zaman tekrar yapt\u0131r\u0131r\u0131m. \u0130svi\u00e7re\u2019deki son kontrol de sorunsuz ge\u00e7ti ve oradaki doktordan da \u00e7ok memnun kald\u0131m. \u00d6nceki Rapor Sonraki Rapor<\/p>\n","protected":false},"author":4,"featured_media":0,"parent":4505,"menu_order":0,"comment_status":"closed","ping_status":"closed","template":"","meta":{"_joinchat":[],"footnotes":""},"class_list":["post-4547","page","type-page","status-publish","hentry"],"acf":[],"_links":{"self":[{"href":"https:\/\/medicaltravel.at\/tr\/wp-json\/wp\/v2\/pages\/4547","targetHints":{"allow":["GET"]}}],"collection":[{"href":"https:\/\/medicaltravel.at\/tr\/wp-json\/wp\/v2\/pages"}],"about":[{"href":"https:\/\/medicaltravel.at\/tr\/wp-json\/wp\/v2\/types\/page"}],"author":[{"embeddable":true,"href":"https:\/\/medicaltravel.at\/tr\/wp-json\/wp\/v2\/users\/4"}],"replies":[{"embeddable":true,"href":"https:\/\/medicaltravel.at\/tr\/wp-json\/wp\/v2\/comments?post=4547"}],"version-history":[{"count":1,"href":"https:\/\/medicaltravel.at\/tr\/wp-json\/wp\/v2\/pages\/4547\/revisions"}],"predecessor-version":[{"id":4548,"href":"https:\/\/medicaltravel.at\/tr\/wp-json\/wp\/v2\/pages\/4547\/revisions\/4548"}],"up":[{"embeddable":true,"href":"https:\/\/medicaltravel.at\/tr\/wp-json\/wp\/v2\/pages\/4505"}],"wp:attachment":[{"href":"https:\/\/medicaltravel.at\/tr\/wp-json\/wp\/v2\/media?parent=4547"}],"curies":[{"name":"wp","href":"https:\/\/api.w.org\/{rel}","templated":true}]}}