{"id":4545,"date":"2025-09-28T09:23:12","date_gmt":"2025-09-28T08:23:12","guid":{"rendered":"https:\/\/medicaltravel.at\/hasta-hikayeleri\/goerues-raporlari-2012\/istanbulda-swisslasik-ile-goez-ameliyati-deneyim-raporu-18-haziran-2013-sali-tarihli-rapor\/"},"modified":"2026-01-13T14:56:26","modified_gmt":"2026-01-13T13:56:26","slug":"istanbulda-swisslasik-ile-goez-ameliyati-deneyim-raporu-18-haziran-2013-sali-tarihli-rapor","status":"publish","type":"page","link":"https:\/\/medicaltravel.at\/tr\/hasta-hikayeleri\/goerues-raporlari-2012\/istanbulda-swisslasik-ile-goez-ameliyati-deneyim-raporu-18-haziran-2013-sali-tarihli-rapor\/","title":{"rendered":"\u0130stanbul\u2019da Swisslasik ile G\u00f6z Ameliyat\u0131 Deneyim Raporu \u2013 18 Haziran 2013 Sal\u0131 Tarihli Rapor"},"content":{"rendered":"\n<p><strong>\u0130stanbul\u2019da Swisslasik ile G\u00f6z Ameliyat\u0131 Deneyim Raporu<\/strong> \u2013 18 Haziran 2013 Sal\u0131 Tarihli Rapor<\/p>\n\n\n\n<p>11 ya\u015f\u0131mdan beri s\u00fcrekli bir g\u00f6zl\u00fck ta\u015f\u0131mak zorundayd\u0131m. Kontakt lensleri ise \u00e7ok sinir bozucu ve a\u00e7\u0131k\u00e7as\u0131 fazla pahal\u0131 buluyordum. \u00c7ok spor yapan ve aktif bir ya\u015fam s\u00fcren biri oldu\u011fum i\u00e7in g\u00f6z lazeri ameliyat\u0131 benim i\u00e7in giderek daha mant\u0131kl\u0131 bir se\u00e7enek h\u00e2line geldi.<br><br>20 ya\u015f\u0131ndayken futbol oynarken y\u00fcz\u00fcme sert bir top geldi, g\u00f6zl\u00fc\u011f\u00fcm parampar\u00e7a oldu ve hastaneye kald\u0131r\u0131ld\u0131m. G\u00f6z\u00fcmden \u00e7e\u015fitli cam par\u00e7alar\u0131n\u0131n \u00e7\u0131kar\u0131lmas\u0131 gerekti. O anda g\u00f6zlerimi mutlaka lazerle d\u00fczelttirmek istedi\u011fime kesin olarak karar verdim. Ger\u00e7ekten bu ameliyat i\u00e7in uygun olup olmad\u0131\u011f\u0131m\u0131 netle\u015ftirmek ad\u0131na bir \u00f6n muayene yapt\u0131rd\u0131m. Muayene h\u0131zl\u0131 ve sorunsuz ge\u00e7ti ve olumlu sonu\u00e7 ald\u0131ktan sonra Bay Karaagacli arac\u0131l\u0131\u011f\u0131yla \u0130stanbul\u2019da ameliyat i\u00e7in kayd\u0131m\u0131 yapt\u0131rd\u0131m.<br><br>Be\u015f hafta sonra Bo\u011faz\u2019a do\u011fru giden u\u00e7akta oturuyordum. Babam\u0131 refakat\u00e7i olarak yan\u0131ma ald\u0131m; hem uzun zamand\u0131r \u0130stanbul\u2019a gitmek istiyordu hem de sunulan paket (u\u00e7ak ve otel) ona da uygun gelmi\u015fti. T\u00fcrkiye\u2019ye vard\u0131\u011f\u0131m\u0131zda \u015fof\u00f6r\u00fcm\u00fcz trafik nedeniyle biraz gecikti ama \u00f6nceden gecikme olabilece\u011fi s\u00f6ylendi\u011fi i\u00e7in gayet rahatt\u0131k. G\u00fcvenli bir \u015fekilde otele ula\u015ft\u0131ktan sonra ameliyat g\u00fcn\u00fc i\u00e7in haz\u0131rl\u0131klar\u0131m\u0131z\u0131 yapt\u0131k ve k\u0131sa bir y\u00fcr\u00fcy\u00fc\u015fe \u00e7\u0131kt\u0131k.<br>Levent Otel beklentilerimizin \u00e7ok \u00fczerindeydi. Her yer \u00e7ok temizdi, personel her zaman g\u00fcler y\u00fczl\u00fc ve yard\u0131mseverdi. Ameliyat g\u00fcn\u00fc biraz heyecanl\u0131yd\u0131k; tam zaman\u0131nda otelden al\u0131nd\u0131k ve hastaneye g\u00f6t\u00fcr\u00fcld\u00fck. Orada Almanca konu\u015fan bir g\u00f6revli bizi kar\u015f\u0131lad\u0131 ve s\u00fcreci detayl\u0131 \u015fekilde anlatt\u0131.<br><br>\u00d6\u011fleden sonra ameliyat zaman\u0131 geldi. Ba\u015fka bir g\u00f6z lazeri hastas\u0131yla birlikte bekleme odas\u0131na al\u0131nd\u0131k. G\u00f6revli bize g\u00f6z damlalar\u0131n\u0131n nas\u0131l kullan\u0131laca\u011f\u0131n\u0131 detayl\u0131ca a\u00e7\u0131klad\u0131. Ard\u0131ndan ba\u015f ve ayaklar i\u00e7in koruyucu \u00f6rt\u00fcler ve ameliyat k\u0131yafetleri giydik. Asistan doktor g\u00f6zlerimize damlalar damlatt\u0131, ne i\u015fe yarad\u0131\u011f\u0131n\u0131 tam bilmiyorum. Kap\u0131n\u0131n \u00f6n\u00fcnde beklerken benden \u00f6nceki hastan\u0131n ameliyat edildi\u011fini duydum, bu beni olduk\u00e7a heyecanland\u0131rd\u0131. Terc\u00fcman\u0131n verdi\u011fi talimatlar\u0131 duyuyordum: L\u00fctfen a\u015fa\u011f\u0131 bak\u0131n, ba\u015f\u0131n\u0131z\u0131 tamamen sabit tutun ve k\u0131rm\u0131z\u0131 \u0131\u015f\u0131\u011fa bak\u0131n.<br><br>Birka\u00e7 dakika sonra Her \u015fey m\u00fckemmel ge\u00e7ti, aya\u011fa kalkabilirsiniz dedi\u011fini duydum. Sonra s\u0131ra bana geldi. T\u00fcm cesaretimi toplay\u0131p yata\u011fa uzand\u0131m ve cihaz\u0131n i\u00e7ine do\u011fru al\u0131nd\u0131m. Doktor ve yard\u0131mc\u0131lar\u0131 arkamdayd\u0131. Benim tek yapmam gereken k\u0131rm\u0131z\u0131 bir \u0131\u015f\u0131\u011fa bakmakt\u0131. 10\u201315 dakika sonra her \u015fey a\u011fr\u0131s\u0131z \u015fekilde bitmi\u015fti. Benim i\u00e7in de her \u015feyin \u00e7ok iyi ge\u00e7ti\u011fi s\u00f6ylendi. \u0130\u00e7imden b\u00fcy\u00fck bir y\u00fck kalkt\u0131.<br><br>Otele d\u00f6n\u00fc\u015f yolunda g\u00f6zlerim \u00e7ok suland\u0131. Ortam \u00e7ok ayd\u0131nl\u0131k oldu\u011fu i\u00e7in g\u00f6zlerimi neredeyse hi\u00e7 a\u00e7am\u0131yordum. Otelde yakla\u015f\u0131k 3 saat uzand\u0131m, g\u00f6z damlalar\u0131m\u0131 kulland\u0131m ve g\u00f6zlerimi dinlendirdim. Bu ger\u00e7ekten \u00e7ok faydal\u0131 oldu.<br>Ve ak\u015fam mucize ger\u00e7ekle\u015fti. Tam g\u00f6rme g\u00fcc\u00fc!                                G\u00f6zlerimdeki sulanma azald\u0131 ve g\u00f6zlerimi art\u0131k birka\u00e7 dakika boyunca a\u00e7\u0131k tutabiliyordum. Ertesi sabah ise hi\u00e7bir \u015fey kalmam\u0131\u015ft\u0131. S\u0131rf al\u0131\u015fkanl\u0131ktan, uyand\u0131\u011f\u0131mda g\u00f6zl\u00fc\u011f\u00fcm\u00fc arad\u0131m\u2026 Ayn\u0131 g\u00fcn \u015fehri uzun uzun gezmeye vaktimiz oldu ve bunu tamamen g\u00f6zl\u00fcks\u00fcz yapt\u0131k! Harika bir histi. Tekne turuna \u00e7\u0131kt\u0131k, Sultanahmet Camii\u2019ni, Kapal\u0131\u00e7ar\u015f\u0131\u2019y\u0131 ve \u0130stiklal Caddesi\u2019ni gezdik. G\u00fczel an\u0131 foto\u011fraflar\u0131yla dolu, her y\u00f6n\u00fcyle \u00e7ok ba\u015far\u0131l\u0131 bir yolculuk oldu.<br><br>Bu vesileyle Swisslasik\u2019e ve \u00f6zellikle Bay Karaagacli\u2019ye sunduklar\u0131 m\u00fckemmel hizmet i\u00e7in bir kez daha i\u00e7ten te\u015fekk\u00fcr etmek istiyorum.<br><br>Isenschmid Oliver<br>18.06.2013       <\/p>\n\n\n\n<div class=\"wp-block-group is-layout-grid wp-container-core-group-is-layout-baef362d wp-block-group-is-layout-grid\">\n<p><a href=\"https:\/\/medicaltravel.at\/home\/agb\/\" data-type=\"page\" data-id=\"2191\"><\/a><a href=\"https:\/\/medicaltravel.at\/tr\/hasta-hikayeleri\/goerues-raporlari-2012\/goegues-kuecueltme-ve-liposuction-ameliyatim-istanbulda-8-temmuz-2013-pazartesi-tarihli-rapor\/\" data-type=\"link\" data-id=\"https:\/\/medicaltravel.at\/tr\/hasta-hikayeleri\/goerues-raporlari-2012\/goegues-kuecueltme-ve-liposuction-ameliyatim-istanbulda-8-temmuz-2013-pazartesi-tarihli-rapor\/\">\u00d6nceki Rapor<\/a><\/p>\n\n\n\n<p class=\"has-text-align-right wp-container-content-5e2576f9\"><a href=\"https:\/\/medicaltravel.at\/home\/impressum\/\" data-type=\"page\" data-id=\"2193\"><\/a><a href=\"https:\/\/medicaltravel.at\/home\/berichte-von-patienten\/erfahrungsberichte\/erfahrungsbericht-zahnbehandlung-in-istanbul\/\" data-type=\"page\" data-id=\"981\"><\/a><a href=\"https:\/\/medicaltravel.at\/tr\/hasta-hikayeleri\/goerues-raporlari-2012\/istanbul-tuerkiyede-femto-lasik-deneyimim-27-mayis-2013-pazartesi-tarihli-rapor\/\" data-type=\"link\" data-id=\"https:\/\/medicaltravel.at\/tr\/hasta-hikayeleri\/goerues-raporlari-2012\/istanbul-tuerkiyede-femto-lasik-deneyimim-27-mayis-2013-pazartesi-tarihli-rapor\/\">Sonraki Rapor<\/a><\/p>\n<\/div>\n","protected":false},"excerpt":{"rendered":"<p>\u0130stanbul\u2019da Swisslasik ile G\u00f6z Ameliyat\u0131 Deneyim Raporu \u2013 18 Haziran 2013 Sal\u0131 Tarihli Rapor 11 ya\u015f\u0131mdan beri s\u00fcrekli bir g\u00f6zl\u00fck ta\u015f\u0131mak zorundayd\u0131m. Kontakt lensleri ise \u00e7ok sinir bozucu ve a\u00e7\u0131k\u00e7as\u0131 fazla pahal\u0131 buluyordum. \u00c7ok spor yapan ve aktif bir ya\u015fam s\u00fcren biri oldu\u011fum i\u00e7in g\u00f6z lazeri ameliyat\u0131 benim i\u00e7in giderek daha mant\u0131kl\u0131 bir se\u00e7enek h\u00e2line geldi. 20 ya\u015f\u0131ndayken futbol oynarken y\u00fcz\u00fcme sert bir top geldi, g\u00f6zl\u00fc\u011f\u00fcm parampar\u00e7a oldu ve hastaneye kald\u0131r\u0131ld\u0131m. G\u00f6z\u00fcmden \u00e7e\u015fitli cam par\u00e7alar\u0131n\u0131n \u00e7\u0131kar\u0131lmas\u0131 gerekti. O anda g\u00f6zlerimi mutlaka lazerle d\u00fczelttirmek istedi\u011fime kesin olarak karar verdim. Ger\u00e7ekten bu ameliyat i\u00e7in uygun olup olmad\u0131\u011f\u0131m\u0131 netle\u015ftirmek ad\u0131na bir \u00f6n muayene yapt\u0131rd\u0131m. Muayene h\u0131zl\u0131 ve sorunsuz ge\u00e7ti ve olumlu sonu\u00e7 ald\u0131ktan sonra Bay Karaagacli arac\u0131l\u0131\u011f\u0131yla \u0130stanbul\u2019da ameliyat i\u00e7in kayd\u0131m\u0131 yapt\u0131rd\u0131m. Be\u015f hafta sonra Bo\u011faz\u2019a do\u011fru giden u\u00e7akta oturuyordum. Babam\u0131 refakat\u00e7i olarak yan\u0131ma ald\u0131m; hem uzun zamand\u0131r \u0130stanbul\u2019a gitmek istiyordu hem de sunulan paket (u\u00e7ak ve otel) ona da uygun gelmi\u015fti. T\u00fcrkiye\u2019ye vard\u0131\u011f\u0131m\u0131zda \u015fof\u00f6r\u00fcm\u00fcz trafik nedeniyle biraz gecikti ama \u00f6nceden gecikme olabilece\u011fi s\u00f6ylendi\u011fi i\u00e7in gayet rahatt\u0131k. G\u00fcvenli bir \u015fekilde otele ula\u015ft\u0131ktan sonra ameliyat g\u00fcn\u00fc i\u00e7in haz\u0131rl\u0131klar\u0131m\u0131z\u0131 yapt\u0131k ve k\u0131sa bir y\u00fcr\u00fcy\u00fc\u015fe \u00e7\u0131kt\u0131k.Levent Otel beklentilerimizin \u00e7ok \u00fczerindeydi. Her yer \u00e7ok temizdi, personel her zaman g\u00fcler y\u00fczl\u00fc ve yard\u0131mseverdi. Ameliyat g\u00fcn\u00fc biraz heyecanl\u0131yd\u0131k; tam zaman\u0131nda otelden al\u0131nd\u0131k ve hastaneye g\u00f6t\u00fcr\u00fcld\u00fck. Orada Almanca konu\u015fan bir g\u00f6revli bizi kar\u015f\u0131lad\u0131 ve s\u00fcreci detayl\u0131 \u015fekilde anlatt\u0131. \u00d6\u011fleden sonra ameliyat zaman\u0131 geldi. Ba\u015fka bir g\u00f6z lazeri hastas\u0131yla birlikte bekleme odas\u0131na al\u0131nd\u0131k. G\u00f6revli bize g\u00f6z damlalar\u0131n\u0131n nas\u0131l kullan\u0131laca\u011f\u0131n\u0131 detayl\u0131ca a\u00e7\u0131klad\u0131. Ard\u0131ndan ba\u015f ve ayaklar i\u00e7in koruyucu \u00f6rt\u00fcler ve ameliyat k\u0131yafetleri giydik. Asistan doktor g\u00f6zlerimize damlalar damlatt\u0131, ne i\u015fe yarad\u0131\u011f\u0131n\u0131 tam bilmiyorum. Kap\u0131n\u0131n \u00f6n\u00fcnde beklerken benden \u00f6nceki hastan\u0131n ameliyat edildi\u011fini duydum, bu beni olduk\u00e7a heyecanland\u0131rd\u0131. Terc\u00fcman\u0131n verdi\u011fi talimatlar\u0131 duyuyordum: L\u00fctfen a\u015fa\u011f\u0131 bak\u0131n, ba\u015f\u0131n\u0131z\u0131 tamamen sabit tutun ve k\u0131rm\u0131z\u0131 \u0131\u015f\u0131\u011fa bak\u0131n. Birka\u00e7 dakika sonra Her \u015fey m\u00fckemmel ge\u00e7ti, aya\u011fa kalkabilirsiniz dedi\u011fini duydum. Sonra s\u0131ra bana geldi. T\u00fcm cesaretimi toplay\u0131p yata\u011fa uzand\u0131m ve cihaz\u0131n i\u00e7ine do\u011fru al\u0131nd\u0131m. Doktor ve yard\u0131mc\u0131lar\u0131 arkamdayd\u0131. Benim tek yapmam gereken k\u0131rm\u0131z\u0131 bir \u0131\u015f\u0131\u011fa bakmakt\u0131. 10\u201315 dakika sonra her \u015fey a\u011fr\u0131s\u0131z \u015fekilde bitmi\u015fti. Benim i\u00e7in de her \u015feyin \u00e7ok iyi ge\u00e7ti\u011fi s\u00f6ylendi. \u0130\u00e7imden b\u00fcy\u00fck bir y\u00fck kalkt\u0131. Otele d\u00f6n\u00fc\u015f yolunda g\u00f6zlerim \u00e7ok suland\u0131. Ortam \u00e7ok ayd\u0131nl\u0131k oldu\u011fu i\u00e7in g\u00f6zlerimi neredeyse hi\u00e7 a\u00e7am\u0131yordum. Otelde yakla\u015f\u0131k 3 saat uzand\u0131m, g\u00f6z damlalar\u0131m\u0131 kulland\u0131m ve g\u00f6zlerimi dinlendirdim. Bu ger\u00e7ekten \u00e7ok faydal\u0131 oldu.Ve ak\u015fam mucize ger\u00e7ekle\u015fti. Tam g\u00f6rme g\u00fcc\u00fc! G\u00f6zlerimdeki sulanma azald\u0131 ve g\u00f6zlerimi art\u0131k birka\u00e7 dakika boyunca a\u00e7\u0131k tutabiliyordum. Ertesi sabah ise hi\u00e7bir \u015fey kalmam\u0131\u015ft\u0131. S\u0131rf al\u0131\u015fkanl\u0131ktan, uyand\u0131\u011f\u0131mda g\u00f6zl\u00fc\u011f\u00fcm\u00fc arad\u0131m\u2026 Ayn\u0131 g\u00fcn \u015fehri uzun uzun gezmeye vaktimiz oldu ve bunu tamamen g\u00f6zl\u00fcks\u00fcz yapt\u0131k! Harika bir histi. Tekne turuna \u00e7\u0131kt\u0131k, Sultanahmet Camii\u2019ni, Kapal\u0131\u00e7ar\u015f\u0131\u2019y\u0131 ve \u0130stiklal Caddesi\u2019ni gezdik. G\u00fczel an\u0131 foto\u011fraflar\u0131yla dolu, her y\u00f6n\u00fcyle \u00e7ok ba\u015far\u0131l\u0131 bir yolculuk oldu. Bu vesileyle Swisslasik\u2019e ve \u00f6zellikle Bay Karaagacli\u2019ye sunduklar\u0131 m\u00fckemmel hizmet i\u00e7in bir kez daha i\u00e7ten te\u015fekk\u00fcr etmek istiyorum. Isenschmid Oliver18.06.2013 \u00d6nceki Rapor Sonraki Rapor<\/p>\n","protected":false},"author":4,"featured_media":0,"parent":4505,"menu_order":0,"comment_status":"closed","ping_status":"closed","template":"","meta":{"_joinchat":[],"footnotes":""},"class_list":["post-4545","page","type-page","status-publish","hentry"],"acf":[],"_links":{"self":[{"href":"https:\/\/medicaltravel.at\/tr\/wp-json\/wp\/v2\/pages\/4545","targetHints":{"allow":["GET"]}}],"collection":[{"href":"https:\/\/medicaltravel.at\/tr\/wp-json\/wp\/v2\/pages"}],"about":[{"href":"https:\/\/medicaltravel.at\/tr\/wp-json\/wp\/v2\/types\/page"}],"author":[{"embeddable":true,"href":"https:\/\/medicaltravel.at\/tr\/wp-json\/wp\/v2\/users\/4"}],"replies":[{"embeddable":true,"href":"https:\/\/medicaltravel.at\/tr\/wp-json\/wp\/v2\/comments?post=4545"}],"version-history":[{"count":2,"href":"https:\/\/medicaltravel.at\/tr\/wp-json\/wp\/v2\/pages\/4545\/revisions"}],"predecessor-version":[{"id":5777,"href":"https:\/\/medicaltravel.at\/tr\/wp-json\/wp\/v2\/pages\/4545\/revisions\/5777"}],"up":[{"embeddable":true,"href":"https:\/\/medicaltravel.at\/tr\/wp-json\/wp\/v2\/pages\/4505"}],"wp:attachment":[{"href":"https:\/\/medicaltravel.at\/tr\/wp-json\/wp\/v2\/media?parent=4545"}],"curies":[{"name":"wp","href":"https:\/\/api.w.org\/{rel}","templated":true}]}}