{"id":4543,"date":"2025-09-28T09:36:25","date_gmt":"2025-09-28T08:36:25","guid":{"rendered":"https:\/\/medicaltravel.at\/hasta-hikayeleri\/goerues-raporlari-2012\/21-temmuz-2012de-istanbulda-goez-lazer-lasik-deneyimi-7-eyluel-2012-cuma-tarihli-rapor\/"},"modified":"2026-01-13T15:05:48","modified_gmt":"2026-01-13T14:05:48","slug":"21-temmuz-2012de-istanbulda-goez-lazer-lasik-deneyimi-7-eyluel-2012-cuma-tarihli-rapor","status":"publish","type":"page","link":"https:\/\/medicaltravel.at\/tr\/hasta-hikayeleri\/goerues-raporlari-2012\/21-temmuz-2012de-istanbulda-goez-lazer-lasik-deneyimi-7-eyluel-2012-cuma-tarihli-rapor\/","title":{"rendered":"21 Temmuz 2012\u2019de \u0130stanbul\u2019da G\u00f6z Lazer (Lasik) Deneyimi \u2013 7 Eyl\u00fcl 2012 Cuma Tarihli Rapor"},"content":{"rendered":"\n<p><strong>21 Temmuz 2012\u2019de \u0130stanbul\u2019da G\u00f6z Lazer (Lasik) Deneyimi <\/strong>\u2013 7 Eyl\u00fcl 2012 Cuma Tarihli Rapor<\/p>\n\n\n\n<figure class=\"wp-block-image size-full\"><img decoding=\"async\" width=\"120\" height=\"90\" src=\"https:\/\/medicaltravel.at\/wp-content\/uploads\/2025\/09\/1-5.jpg\" alt=\"\" class=\"wp-image-1145\"\/><\/figure>\n\n\n\n<p>Ge\u00e7en k\u0131\u015f g\u00f6zlerimi lazerle yapt\u0131rmay\u0131 d\u00fc\u015f\u00fcnmeye ba\u015flad\u0131m. \u0130ki k\u00fc\u00e7\u00fck \u00e7ocu\u011fumla s\u0131k s\u0131k oyun oynuyorum, y\u00fczmeye gidiyorum ve olduk\u00e7a aktifim. Yakla\u015f\u0131k on y\u0131ld\u0131r kulland\u0131\u011f\u0131m kontakt lenslerim (her iki g\u00f6z \u20131.25) bu s\u0131rada s\u0131k s\u0131k g\u00f6z\u00fcmden \u00e7\u0131k\u0131yordu ya da beni rahats\u0131z ediyordu. \u00d6zellikle yaz\u0131n, g\u00fcne\u015f kremi s\u00fcrd\u00fckten sonra g\u00f6zlerimi ovu\u015fturdu\u011fumda bu daha da sorun oluyordu. Art\u0131k g\u00f6zl\u00fckten ve lensten tamamen kurtulmak istiyordum.<br><br>Bu y\u00fczden internette ara\u015ft\u0131rma yapt\u0131m ve Swisslasik\u2019in sitesine ula\u015ft\u0131m. Bay Karaagacli ile yapt\u0131\u011f\u0131m ilk telefon g\u00f6r\u00fc\u015fmesi ve sitenin \u015feffaf, anla\u015f\u0131l\u0131r \u015fekilde haz\u0131rlanm\u0131\u015f olmas\u0131 bana g\u00fcven verdi ve s\u00fcreci ba\u015flatt\u0131m. Yine de Bern\u2019de bir g\u00f6z lazer klini\u011finde \u00f6n muayene yapt\u0131rd\u0131m. Bir yandan g\u00f6zlerimin lazer i\u00e7in uygun olup olmad\u0131\u011f\u0131n\u0131 g\u00f6rmek, di\u011fer yandan da monovizyon yap\u0131l\u0131p yap\u0131lamayaca\u011f\u0131n\u0131 \u00f6\u011frenmek istedim. Monovizyon demek, bir g\u00f6z\u00fcn uza\u011fa net g\u00f6recek \u015fekilde lazerlenmesi, di\u011fer g\u00f6z\u00fcn ise hafif b\u0131rak\u0131lmas\u0131 ve b\u00f6ylece m\u00fcmk\u00fcn oldu\u011funca uzun s\u00fcre okuma g\u00f6zl\u00fc\u011f\u00fcne ihtiya\u00e7 duyulmamas\u0131 demek. Bunu \u00fc\u00e7 hafta boyunca lenslerle denedim ama hi\u00e7 memnun kalmad\u0131m. Bu y\u00fczden iki g\u00f6z\u00fcm\u00fc de lazerle yapt\u0131rmak istedim ki bu \u0130svi\u00e7re\u2019de yakla\u015f\u0131k 8000 frank tutacakt\u0131.<br><br>20.07.2012\u2019de \u0130stanbul yolculu\u011fu ba\u015flad\u0131. Swisslasik taraf\u0131ndan yap\u0131lan t\u00fcm haz\u0131rl\u0131klar ve verilen bilgiler kusursuzdu ve T\u00fcrkiye\u2019de de her \u015fey ayn\u0131 \u015fekilde sorunsuz devam etti. Gece ge\u00e7 saatte Ac\u0131badem Klini\u011fi\u2019nin servis arac\u0131yla \u015fof\u00f6r taraf\u0131ndan havaliman\u0131ndan al\u0131nd\u0131m ve Levent Otel\u2019e g\u00f6t\u00fcr\u00fcld\u00fcm. Otel temiz ve rahatt\u0131, personel \u00e7ok g\u00fcler y\u00fczl\u00fcyd\u00fc; herkes \u0130ngilizce konu\u015fmasa da sorun olmad\u0131. Yaln\u0131z seyahat etti\u011fim i\u00e7in, sabah otelde benimle ayn\u0131 ama\u00e7la gelen iki \u0130svi\u00e7reliyle tan\u0131\u015fmam beni \u00e7ok mutlu etti. Hemen kayna\u015ft\u0131k ve t\u00fcm hafta sonunu uyumlu, e\u011flenceli bir grup olarak ge\u00e7irdik.<br><br>Otelden klini\u011fe tam zaman\u0131nda al\u0131nd\u0131k ve s\u00fcre\u00e7 ba\u015flad\u0131. Klinikte bizi Erkan kar\u015f\u0131lad\u0131; Almanya\u2019da b\u00fcy\u00fcm\u00fc\u015f, \u015fu an \u0130stanbul\u2019da ya\u015fayan bir T\u00fcrk. Terc\u00fcman olarak \u00e7al\u0131\u015f\u0131yordu ve o andan itibaren tekrar otele d\u00f6nene kadar bize e\u015flik etti. \u00d6nce cihazlarla \u00f6n muayeneler yap\u0131ld\u0131, ard\u0131ndan cerrah ile birebir g\u00f6r\u00fc\u015fme ger\u00e7ekle\u015fti. Doktor \u00e7ok iyi \u0130ngilizce konu\u015fuyordu ve olduk\u00e7a yetkin bir izlenim b\u0131rakt\u0131. Yine de her \u015feyi tam anlayabilmek i\u00e7in Almanca konu\u015fan terc\u00fcman\u0131n yan\u0131m\u0131zda olmas\u0131 beni rahatlatt\u0131.<br><br>Dr. Cosar, lazer sonras\u0131 ileride okuma g\u00f6zl\u00fc\u011f\u00fcne ihtiya\u00e7 duyabilece\u011fimi s\u00f6yledi. Bu beni biraz endi\u015felendirdi, \u00e7\u00fcnk\u00fc o zamana kadar hi\u00e7 okuma g\u00f6zl\u00fc\u011f\u00fc kullanmam\u0131\u015ft\u0131m. \u00dcstelik \u0130svi\u00e7re\u2019de yapt\u0131rd\u0131\u011f\u0131m pahal\u0131 \u00f6n muayenede bana bu hi\u00e7 s\u00f6ylenmemi\u015fti. Bekleme odas\u0131nda bunu sakin sakin tekrar d\u00fc\u015f\u00fcnd\u00fcm ve 43 ya\u015f\u0131nda oldu\u011fum i\u00e7in zaten yak\u0131n zamanda okuma g\u00f6zl\u00fc\u011f\u00fcne ihtiya\u00e7 duyaca\u011f\u0131m\u0131 bilerek lazer yapt\u0131rmaya karar verdim.<br><br>Klinik restoran\u0131nda, \u015fehir manzaras\u0131 e\u015fli\u011finde verdi\u011fimiz \u00f6\u011fle molas\u0131ndan sonra i\u015flem ba\u015flad\u0131. \u00d6nce g\u00f6z damlalar\u0131 damlat\u0131ld\u0131, ard\u0131ndan ameliyat k\u0131yafetleri giyildi ve sonra s\u0131rayla ameliyatlara ge\u00e7ildi.                           Benim ameliyat\u0131m sadece yakla\u015f\u0131k 10 dakika s\u00fcrd\u00fc, \u00e7\u00fcnk\u00fc d\u00fczeltme oran\u0131m k\u00fc\u00e7\u00fckt\u00fc. \u0130yi ki Erkan vard\u0131; ameliyat s\u0131ras\u0131nda elimizi bile tuttu, bu ger\u00e7ekten \u00e7ok sakinle\u015ftiriciydi. \u0130\u015flem s\u0131ras\u0131nda a\u011fr\u0131 hissetmemem beni olumlu y\u00f6nde \u00e7ok \u015fa\u015f\u0131rtt\u0131, \u00e7\u00fcnk\u00fc daha zor olaca\u011f\u0131n\u0131 d\u00fc\u015f\u00fcn\u00fcyordum.<br><br>Ameliyattan sonra ve k\u0131sa bir kontrolden ard\u0131ndan otele geri g\u00f6t\u00fcr\u00fcld\u00fck. Orada yanmaya ve sulanmaya ba\u015flayan g\u00f6zlerimizi kapal\u0131 tutabildik. T\u00fcm bu s\u00fcre\u00e7 sabah 07.00 ile \u00f6\u011fleden sonra 14.00 aras\u0131nda ger\u00e7ekle\u015fti. Saat 17.30 civar\u0131nda, 500 mg Dafalgan ile olduk\u00e7a iyi kontrol edebildi\u011fim rahats\u0131zl\u0131k b\u00fcy\u00fck \u00f6l\u00e7\u00fcde azalm\u0131\u015ft\u0131. Ayn\u0131 zamanda daha iyi g\u00f6rmeye ba\u015flad\u0131\u011f\u0131m\u0131 fark ettim ve \u201cyeni\u201d g\u00f6zlerimi denemek i\u00e7in k\u0131sa bir y\u00fcr\u00fcy\u00fc\u015fe \u00e7\u0131kt\u0131m. G\u00f6rd\u00fcklerim \u00e7ok ho\u015fuma gitti ve beni ger\u00e7ekten mutlu etti.<br><br>Bundan sonra \u00fc\u00e7\u00fcm\u00fcz \u0130stanbul\u2019da hafta sonunun tad\u0131n\u0131 \u00e7\u0131karabildik. Ramazan oldu\u011fu i\u00e7in \u0131\u015f\u0131kland\u0131r\u0131lm\u0131\u015f k\u00f6pr\u00fcler e\u015fli\u011finde Bo\u011faz\u2019da g\u00fczel bir ak\u015fam yeme\u011fi yedik. Ertesi g\u00fcn, klinikteki kontrol\u00fcn ard\u0131ndan Bo\u011faz turuna \u00e7\u0131kt\u0131k. Her \u015fey yolunda gitti, sadece saat konusunda bir yanl\u0131\u015f anla\u015f\u0131lma oldu\u011fu i\u00e7in bir saat gecikme ya\u015fand\u0131. Bunun d\u0131\u015f\u0131nda g\u00fcn\u00fc herhangi bir \u015fik\u00e2yet olmadan keyifle ge\u00e7irdik. Taksim Meydan\u0131, Saphir Center (bu arada Levent Otel\u2019e \u00e7ok yak\u0131n, y\u00fcr\u00fcyerek 5 dakika).<br><br>Tek ele\u015ftirim, per\u015fembeye kadar kullanmam gereken kortizon ve antibiyotikli g\u00f6z damlalar\u0131n\u0131n ne yaz\u0131k ki sadece pazartesiye kadar yetmi\u015f olmas\u0131. Daha fazlas\u0131n\u0131 istememe ra\u011fmen cerrah bana ek damla vermedi. Neyse ki yine de her \u015fey yolunda gitti ve Swisslasik bu durumu klini\u011fe, iyile\u015ftirme amac\u0131yla iletti.<br><br>Bu i\u015flemi tekrar yapt\u0131racak olsam yine T\u00fcrkiye\u2019de yapt\u0131r\u0131rd\u0131m. Bug\u00fcn, 6 hafta sonra ve \u0130svi\u00e7re\u2019de yap\u0131lan kontrol\u00fcn ard\u0131ndan sonu\u00e7tan \u00e7ok memnunum. Art\u0131k ne lens ne de g\u00f6zl\u00fck kullan\u0131yorum ve h\u00e2l\u00e2 okuma g\u00f6zl\u00fc\u011f\u00fcne de ihtiya\u00e7 duymuyorum. G\u00f6zlerim i\u015flem \u00f6ncesine g\u00f6re daha kuru hissetmiyor ve \u0131\u015f\u0131\u011fa hassasiyetim de ayn\u0131 kald\u0131. Bunun, d\u00fczeltmenin k\u00fc\u00e7\u00fck olmas\u0131na da ba\u011fl\u0131 oldu\u011funu d\u00fc\u015f\u00fcn\u00fcyorum.<br><br>Farkl\u0131 ne yapard\u0131m? Harika \u015fehir \u0130stanbul\u2019da daha fazla zaman ge\u00e7irirdim!<br>Ursula Gerber                      <\/p>\n\n\n\n<figure class=\"wp-block-image size-full\"><img fetchpriority=\"high\" decoding=\"async\" width=\"300\" height=\"225\" src=\"https:\/\/medicaltravel.at\/wp-content\/uploads\/2025\/09\/2-4-300x225-1.jpg\" alt=\"\" class=\"wp-image-1146\"\/><\/figure>\n\n\n\n<figure class=\"wp-block-image size-full\"><img decoding=\"async\" width=\"300\" height=\"225\" src=\"https:\/\/medicaltravel.at\/wp-content\/uploads\/2025\/09\/3-3-300x225-1.jpg\" alt=\"\" class=\"wp-image-1147\"\/><\/figure>\n\n\n\n<figure class=\"wp-block-image\"><img decoding=\"async\" src=\"https:\/\/www.medicaltravel.ch\/wp-content\/uploads\/sites\/20\/2019\/05\/4-2-300x225.jpg\" alt=\"\" class=\"wp-image-6222\"\/><\/figure>\n\n\n\n<figure class=\"wp-block-image size-full\"><img loading=\"lazy\" decoding=\"async\" width=\"300\" height=\"225\" src=\"https:\/\/medicaltravel.at\/wp-content\/uploads\/2025\/09\/5-1-300x225-1.jpg\" alt=\"\" class=\"wp-image-1148\"\/><\/figure>\n\n\n\n<figure class=\"wp-block-image size-full\"><img loading=\"lazy\" decoding=\"async\" width=\"225\" height=\"300\" src=\"https:\/\/medicaltravel.at\/wp-content\/uploads\/2025\/09\/6-1-225x300-1.jpg\" alt=\"\" class=\"wp-image-1149\"\/><\/figure>\n\n\n\n<figure class=\"wp-block-image size-full\"><img loading=\"lazy\" decoding=\"async\" width=\"300\" height=\"225\" src=\"https:\/\/medicaltravel.at\/wp-content\/uploads\/2025\/09\/7-1-300x225-1.jpg\" alt=\"\" class=\"wp-image-1150\"\/><\/figure>\n\n\n\n<figure class=\"wp-block-image size-full\"><img loading=\"lazy\" decoding=\"async\" width=\"300\" height=\"225\" src=\"https:\/\/medicaltravel.at\/wp-content\/uploads\/2025\/09\/8-1-300x225-1.jpg\" alt=\"\" class=\"wp-image-1151\"\/><\/figure>\n\n\n\n<figure class=\"wp-block-image size-full\"><img loading=\"lazy\" decoding=\"async\" width=\"225\" height=\"300\" src=\"https:\/\/medicaltravel.at\/wp-content\/uploads\/2025\/09\/9-1-225x300-1.jpg\" alt=\"\" class=\"wp-image-1152\"\/><\/figure>\n\n\n\n<figure class=\"wp-block-image size-full\"><img loading=\"lazy\" decoding=\"async\" width=\"300\" height=\"135\" src=\"https:\/\/medicaltravel.at\/wp-content\/uploads\/2025\/09\/10-1-300x135-1.jpg\" alt=\"\" class=\"wp-image-1153\"\/><\/figure>\n\n\n\n<figure class=\"wp-block-image size-full\"><img loading=\"lazy\" decoding=\"async\" width=\"225\" height=\"300\" src=\"https:\/\/medicaltravel.at\/wp-content\/uploads\/2025\/09\/11-225x300-1.jpeg\" alt=\"\" class=\"wp-image-1154\"\/><\/figure>\n\n\n\n<figure class=\"wp-block-image size-full\"><img loading=\"lazy\" decoding=\"async\" width=\"300\" height=\"225\" src=\"https:\/\/medicaltravel.at\/wp-content\/uploads\/2025\/09\/12-300x225-1.jpeg\" alt=\"\" class=\"wp-image-1155\"\/><\/figure>\n\n\n\n<figure class=\"wp-block-image size-full\"><img loading=\"lazy\" decoding=\"async\" width=\"300\" height=\"225\" src=\"https:\/\/medicaltravel.at\/wp-content\/uploads\/2025\/09\/13-300x225-1.jpeg\" alt=\"\" class=\"wp-image-1156\"\/><\/figure>\n\n\n\n<figure class=\"wp-block-image size-full\"><img loading=\"lazy\" decoding=\"async\" width=\"225\" height=\"300\" src=\"https:\/\/medicaltravel.at\/wp-content\/uploads\/2025\/09\/14-225x300-1.jpeg\" alt=\"\" class=\"wp-image-1157\"\/><\/figure>\n\n\n\n<div class=\"wp-block-group is-layout-grid wp-container-core-group-is-layout-baef362d wp-block-group-is-layout-grid\">\n<p><a href=\"https:\/\/medicaltravel.at\/home\/agb\/\" data-type=\"page\" data-id=\"2191\"><\/a><a href=\"https:\/\/medicaltravel.at\/tr\/hasta-hikayeleri\/goerues-raporlari-2012\/yurtdisinda-lasik-deneyim-raporu-tuerkiye-21-eyluel-2012-cuma-tarihli-rapor\/\" data-type=\"link\" data-id=\"https:\/\/medicaltravel.at\/tr\/hasta-hikayeleri\/goerues-raporlari-2012\/yurtdisinda-lasik-deneyim-raporu-tuerkiye-21-eyluel-2012-cuma-tarihli-rapor\/\">\u00d6nceki Rapor<\/a><\/p>\n\n\n\n<p class=\"has-text-align-right wp-container-content-5e2576f9\"><a href=\"https:\/\/medicaltravel.at\/home\/impressum\/\" data-type=\"page\" data-id=\"2193\"><\/a><a href=\"https:\/\/medicaltravel.at\/home\/berichte-von-patienten\/erfahrungsberichte\/erfahrungsbericht-zahnbehandlung-in-istanbul\/\" data-type=\"page\" data-id=\"981\"><\/a><a href=\"https:\/\/medicaltravel.at\/tr\/hasta-hikayeleri\/goerues-raporlari-2012\/yurtdisinda-goez-lazer-istanbul-9-12-agustos-2012-9-agustos-2012-persembe-tarihli-rapor\/\" data-type=\"link\" data-id=\"https:\/\/medicaltravel.at\/berichte-von-patienten\/erfahrungsberichte-2012\/augenlaser-im-ausland-istanbul-9-bis-12-august-2012-bericht-vom-donnerstag-09-august-2012\/\">Sonraki Rapor<\/a><\/p>\n<\/div>\n","protected":false},"excerpt":{"rendered":"<p>21 Temmuz 2012\u2019de \u0130stanbul\u2019da G\u00f6z Lazer (Lasik) Deneyimi \u2013 7 Eyl\u00fcl 2012 Cuma Tarihli Rapor Ge\u00e7en k\u0131\u015f g\u00f6zlerimi lazerle yapt\u0131rmay\u0131 d\u00fc\u015f\u00fcnmeye ba\u015flad\u0131m. \u0130ki k\u00fc\u00e7\u00fck \u00e7ocu\u011fumla s\u0131k s\u0131k oyun oynuyorum, y\u00fczmeye gidiyorum ve olduk\u00e7a aktifim. Yakla\u015f\u0131k on y\u0131ld\u0131r kulland\u0131\u011f\u0131m kontakt lenslerim (her iki g\u00f6z \u20131.25) bu s\u0131rada s\u0131k s\u0131k g\u00f6z\u00fcmden \u00e7\u0131k\u0131yordu ya da beni rahats\u0131z ediyordu. \u00d6zellikle yaz\u0131n, g\u00fcne\u015f kremi s\u00fcrd\u00fckten sonra g\u00f6zlerimi ovu\u015fturdu\u011fumda bu daha da sorun oluyordu. Art\u0131k g\u00f6zl\u00fckten ve lensten tamamen kurtulmak istiyordum. Bu y\u00fczden internette ara\u015ft\u0131rma yapt\u0131m ve Swisslasik\u2019in sitesine ula\u015ft\u0131m. Bay Karaagacli ile yapt\u0131\u011f\u0131m ilk telefon g\u00f6r\u00fc\u015fmesi ve sitenin \u015feffaf, anla\u015f\u0131l\u0131r \u015fekilde haz\u0131rlanm\u0131\u015f olmas\u0131 bana g\u00fcven verdi ve s\u00fcreci ba\u015flatt\u0131m. Yine de Bern\u2019de bir g\u00f6z lazer klini\u011finde \u00f6n muayene yapt\u0131rd\u0131m. Bir yandan g\u00f6zlerimin lazer i\u00e7in uygun olup olmad\u0131\u011f\u0131n\u0131 g\u00f6rmek, di\u011fer yandan da monovizyon yap\u0131l\u0131p yap\u0131lamayaca\u011f\u0131n\u0131 \u00f6\u011frenmek istedim. Monovizyon demek, bir g\u00f6z\u00fcn uza\u011fa net g\u00f6recek \u015fekilde lazerlenmesi, di\u011fer g\u00f6z\u00fcn ise hafif b\u0131rak\u0131lmas\u0131 ve b\u00f6ylece m\u00fcmk\u00fcn oldu\u011funca uzun s\u00fcre okuma g\u00f6zl\u00fc\u011f\u00fcne ihtiya\u00e7 duyulmamas\u0131 demek. Bunu \u00fc\u00e7 hafta boyunca lenslerle denedim ama hi\u00e7 memnun kalmad\u0131m. Bu y\u00fczden iki g\u00f6z\u00fcm\u00fc de lazerle yapt\u0131rmak istedim ki bu \u0130svi\u00e7re\u2019de yakla\u015f\u0131k 8000 frank tutacakt\u0131. 20.07.2012\u2019de \u0130stanbul yolculu\u011fu ba\u015flad\u0131. Swisslasik taraf\u0131ndan yap\u0131lan t\u00fcm haz\u0131rl\u0131klar ve verilen bilgiler kusursuzdu ve T\u00fcrkiye\u2019de de her \u015fey ayn\u0131 \u015fekilde sorunsuz devam etti. Gece ge\u00e7 saatte Ac\u0131badem Klini\u011fi\u2019nin servis arac\u0131yla \u015fof\u00f6r taraf\u0131ndan havaliman\u0131ndan al\u0131nd\u0131m ve Levent Otel\u2019e g\u00f6t\u00fcr\u00fcld\u00fcm. Otel temiz ve rahatt\u0131, personel \u00e7ok g\u00fcler y\u00fczl\u00fcyd\u00fc; herkes \u0130ngilizce konu\u015fmasa da sorun olmad\u0131. Yaln\u0131z seyahat etti\u011fim i\u00e7in, sabah otelde benimle ayn\u0131 ama\u00e7la gelen iki \u0130svi\u00e7reliyle tan\u0131\u015fmam beni \u00e7ok mutlu etti. Hemen kayna\u015ft\u0131k ve t\u00fcm hafta sonunu uyumlu, e\u011flenceli bir grup olarak ge\u00e7irdik. Otelden klini\u011fe tam zaman\u0131nda al\u0131nd\u0131k ve s\u00fcre\u00e7 ba\u015flad\u0131. Klinikte bizi Erkan kar\u015f\u0131lad\u0131; Almanya\u2019da b\u00fcy\u00fcm\u00fc\u015f, \u015fu an \u0130stanbul\u2019da ya\u015fayan bir T\u00fcrk. Terc\u00fcman olarak \u00e7al\u0131\u015f\u0131yordu ve o andan itibaren tekrar otele d\u00f6nene kadar bize e\u015flik etti. \u00d6nce cihazlarla \u00f6n muayeneler yap\u0131ld\u0131, ard\u0131ndan cerrah ile birebir g\u00f6r\u00fc\u015fme ger\u00e7ekle\u015fti. Doktor \u00e7ok iyi \u0130ngilizce konu\u015fuyordu ve olduk\u00e7a yetkin bir izlenim b\u0131rakt\u0131. Yine de her \u015feyi tam anlayabilmek i\u00e7in Almanca konu\u015fan terc\u00fcman\u0131n yan\u0131m\u0131zda olmas\u0131 beni rahatlatt\u0131. Dr. Cosar, lazer sonras\u0131 ileride okuma g\u00f6zl\u00fc\u011f\u00fcne ihtiya\u00e7 duyabilece\u011fimi s\u00f6yledi. Bu beni biraz endi\u015felendirdi, \u00e7\u00fcnk\u00fc o zamana kadar hi\u00e7 okuma g\u00f6zl\u00fc\u011f\u00fc kullanmam\u0131\u015ft\u0131m. \u00dcstelik \u0130svi\u00e7re\u2019de yapt\u0131rd\u0131\u011f\u0131m pahal\u0131 \u00f6n muayenede bana bu hi\u00e7 s\u00f6ylenmemi\u015fti. Bekleme odas\u0131nda bunu sakin sakin tekrar d\u00fc\u015f\u00fcnd\u00fcm ve 43 ya\u015f\u0131nda oldu\u011fum i\u00e7in zaten yak\u0131n zamanda okuma g\u00f6zl\u00fc\u011f\u00fcne ihtiya\u00e7 duyaca\u011f\u0131m\u0131 bilerek lazer yapt\u0131rmaya karar verdim. Klinik restoran\u0131nda, \u015fehir manzaras\u0131 e\u015fli\u011finde verdi\u011fimiz \u00f6\u011fle molas\u0131ndan sonra i\u015flem ba\u015flad\u0131. \u00d6nce g\u00f6z damlalar\u0131 damlat\u0131ld\u0131, ard\u0131ndan ameliyat k\u0131yafetleri giyildi ve sonra s\u0131rayla ameliyatlara ge\u00e7ildi. Benim ameliyat\u0131m sadece yakla\u015f\u0131k 10 dakika s\u00fcrd\u00fc, \u00e7\u00fcnk\u00fc d\u00fczeltme oran\u0131m k\u00fc\u00e7\u00fckt\u00fc. \u0130yi ki Erkan vard\u0131; ameliyat s\u0131ras\u0131nda elimizi bile tuttu, bu ger\u00e7ekten \u00e7ok sakinle\u015ftiriciydi. \u0130\u015flem s\u0131ras\u0131nda a\u011fr\u0131 hissetmemem beni olumlu y\u00f6nde \u00e7ok \u015fa\u015f\u0131rtt\u0131, \u00e7\u00fcnk\u00fc daha zor olaca\u011f\u0131n\u0131 d\u00fc\u015f\u00fcn\u00fcyordum. Ameliyattan sonra ve k\u0131sa bir kontrolden ard\u0131ndan otele geri g\u00f6t\u00fcr\u00fcld\u00fck. Orada yanmaya ve sulanmaya ba\u015flayan g\u00f6zlerimizi kapal\u0131 tutabildik. T\u00fcm bu s\u00fcre\u00e7 sabah 07.00 ile \u00f6\u011fleden sonra 14.00 aras\u0131nda ger\u00e7ekle\u015fti. Saat 17.30 civar\u0131nda, 500 mg Dafalgan ile olduk\u00e7a iyi kontrol edebildi\u011fim rahats\u0131zl\u0131k b\u00fcy\u00fck \u00f6l\u00e7\u00fcde azalm\u0131\u015ft\u0131. Ayn\u0131 zamanda daha iyi g\u00f6rmeye ba\u015flad\u0131\u011f\u0131m\u0131 fark ettim ve \u201cyeni\u201d g\u00f6zlerimi denemek i\u00e7in k\u0131sa bir y\u00fcr\u00fcy\u00fc\u015fe \u00e7\u0131kt\u0131m. G\u00f6rd\u00fcklerim \u00e7ok ho\u015fuma gitti ve beni ger\u00e7ekten mutlu etti. Bundan sonra \u00fc\u00e7\u00fcm\u00fcz \u0130stanbul\u2019da hafta sonunun tad\u0131n\u0131 \u00e7\u0131karabildik. Ramazan oldu\u011fu i\u00e7in \u0131\u015f\u0131kland\u0131r\u0131lm\u0131\u015f k\u00f6pr\u00fcler e\u015fli\u011finde Bo\u011faz\u2019da g\u00fczel bir ak\u015fam yeme\u011fi yedik. Ertesi g\u00fcn, klinikteki kontrol\u00fcn ard\u0131ndan Bo\u011faz turuna \u00e7\u0131kt\u0131k. Her \u015fey yolunda gitti, sadece saat konusunda bir yanl\u0131\u015f anla\u015f\u0131lma oldu\u011fu i\u00e7in bir saat gecikme ya\u015fand\u0131. Bunun d\u0131\u015f\u0131nda g\u00fcn\u00fc herhangi bir \u015fik\u00e2yet olmadan keyifle ge\u00e7irdik. Taksim Meydan\u0131, Saphir Center (bu arada Levent Otel\u2019e \u00e7ok yak\u0131n, y\u00fcr\u00fcyerek 5 dakika). Tek ele\u015ftirim, per\u015fembeye kadar kullanmam gereken kortizon ve antibiyotikli g\u00f6z damlalar\u0131n\u0131n ne yaz\u0131k ki sadece pazartesiye kadar yetmi\u015f olmas\u0131. Daha fazlas\u0131n\u0131 istememe ra\u011fmen cerrah bana ek damla vermedi. Neyse ki yine de her \u015fey yolunda gitti ve Swisslasik bu durumu klini\u011fe, iyile\u015ftirme amac\u0131yla iletti. Bu i\u015flemi tekrar yapt\u0131racak olsam yine T\u00fcrkiye\u2019de yapt\u0131r\u0131rd\u0131m. Bug\u00fcn, 6 hafta sonra ve \u0130svi\u00e7re\u2019de yap\u0131lan kontrol\u00fcn ard\u0131ndan sonu\u00e7tan \u00e7ok memnunum. Art\u0131k ne lens ne de g\u00f6zl\u00fck kullan\u0131yorum ve h\u00e2l\u00e2 okuma g\u00f6zl\u00fc\u011f\u00fcne de ihtiya\u00e7 duymuyorum. G\u00f6zlerim i\u015flem \u00f6ncesine g\u00f6re daha kuru hissetmiyor ve \u0131\u015f\u0131\u011fa hassasiyetim de ayn\u0131 kald\u0131. Bunun, d\u00fczeltmenin k\u00fc\u00e7\u00fck olmas\u0131na da ba\u011fl\u0131 oldu\u011funu d\u00fc\u015f\u00fcn\u00fcyorum. Farkl\u0131 ne yapard\u0131m? Harika \u015fehir \u0130stanbul\u2019da daha fazla zaman ge\u00e7irirdim!Ursula Gerber \u00d6nceki Rapor Sonraki Rapor<\/p>\n","protected":false},"author":4,"featured_media":0,"parent":4505,"menu_order":0,"comment_status":"closed","ping_status":"closed","template":"","meta":{"_joinchat":[],"footnotes":""},"class_list":["post-4543","page","type-page","status-publish","hentry"],"acf":[],"_links":{"self":[{"href":"https:\/\/medicaltravel.at\/tr\/wp-json\/wp\/v2\/pages\/4543","targetHints":{"allow":["GET"]}}],"collection":[{"href":"https:\/\/medicaltravel.at\/tr\/wp-json\/wp\/v2\/pages"}],"about":[{"href":"https:\/\/medicaltravel.at\/tr\/wp-json\/wp\/v2\/types\/page"}],"author":[{"embeddable":true,"href":"https:\/\/medicaltravel.at\/tr\/wp-json\/wp\/v2\/users\/4"}],"replies":[{"embeddable":true,"href":"https:\/\/medicaltravel.at\/tr\/wp-json\/wp\/v2\/comments?post=4543"}],"version-history":[{"count":2,"href":"https:\/\/medicaltravel.at\/tr\/wp-json\/wp\/v2\/pages\/4543\/revisions"}],"predecessor-version":[{"id":5788,"href":"https:\/\/medicaltravel.at\/tr\/wp-json\/wp\/v2\/pages\/4543\/revisions\/5788"}],"up":[{"embeddable":true,"href":"https:\/\/medicaltravel.at\/tr\/wp-json\/wp\/v2\/pages\/4505"}],"wp:attachment":[{"href":"https:\/\/medicaltravel.at\/tr\/wp-json\/wp\/v2\/media?parent=4543"}],"curies":[{"name":"wp","href":"https:\/\/api.w.org\/{rel}","templated":true}]}}