{"id":4528,"date":"2025-09-28T09:40:06","date_gmt":"2025-09-28T08:40:06","guid":{"rendered":"https:\/\/medicaltravel.at\/hasta-hikayeleri\/goerues-raporlari-2012\/nihayet-goezlueksuez-istanbul-acibademde-goez-lazer-tedavisi-26-30-nisan-2012-9-haziran-2012-cumartesi-tarihli-rapor\/"},"modified":"2026-01-13T15:09:38","modified_gmt":"2026-01-13T14:09:38","slug":"nihayet-goezlueksuez-istanbul-acibademde-goez-lazer-tedavisi-26-30-nisan-2012-9-haziran-2012-cumartesi-tarihli-rapor","status":"publish","type":"page","link":"https:\/\/medicaltravel.at\/tr\/hasta-hikayeleri\/goerues-raporlari-2012\/nihayet-goezlueksuez-istanbul-acibademde-goez-lazer-tedavisi-26-30-nisan-2012-9-haziran-2012-cumartesi-tarihli-rapor\/","title":{"rendered":"Nihayet G\u00f6zl\u00fcks\u00fcz \u2013 \u0130stanbul Ac\u0131badem\u2019de G\u00f6z Lazer Tedavisi (26-30 Nisan 2012) \u2013 9 Haziran 2012 Cumartesi Tarihli Rapor"},"content":{"rendered":"\n<p><strong>Nihayet G\u00f6zl\u00fcks\u00fcz \u2013 \u0130stanbul Ac\u0131badem\u2019de G\u00f6z Lazer Tedavisi (26-30 Nisan 2012)<\/strong> \u2013 9 Haziran 2012 Cumartesi Tarihli Rapor<\/p>\n\n\n\n<p>Motivasyonum \/ Karar\u0131m<br><br>Meslek e\u011fitimimden beri g\u00f6zl\u00fck kullan\u0131yordum ve ne yaz\u0131k ki kontakt lensleri uzun s\u00fcre veya s\u0131k kullanam\u0131yordum. Spor yaparken \u00e7o\u011funlukla ya g\u00f6zl\u00fckle ya da g\u00f6zl\u00fcks\u00fcz \u00e7al\u0131\u015fmak zorundayd\u0131m. Ba\u015fta sorun de\u011fildi ama zamanla g\u00f6rme bozuklu\u011fum da artt\u0131. Yakla\u015f\u0131k 4 y\u0131l \u00f6nce bir i\u015f arkada\u015f\u0131m g\u00f6z lazerini bana \u00f6nerdi. Kendisi bunu \u0130svi\u00e7re\u2019de yapt\u0131rm\u0131\u015ft\u0131, ama benim i\u00e7in \u00e7ok pahal\u0131yd\u0131. Bu y\u00fczden uzun s\u00fcre g\u00f6zlerimi lazerle yapt\u0131rmak bir hayal olarak kald\u0131.<br><br>Sonra bir arkada\u015f \u00e7ifti Almanya\u2019daki bir klinikten bahsetti. Yakla\u015f\u0131k bir y\u0131l \u00f6nce orada \u00f6n muayene yapt\u0131rd\u0131m ve ard\u0131ndan g\u00f6zlerimi lazerle yapt\u0131rmaya kesin olarak karar verdim. Bir y\u0131l biriktirdikten sonra nihayet s\u0131ra geldi, ama kader i\u015fte, Swisslasik\u2019ten haberdar oldum. \u00c7e\u015fitli ara\u015ft\u0131rmalar ve Bay Karaagacli ile g\u00f6r\u00fc\u015fmeler sonras\u0131 g\u00f6zlerimi \u0130stanbul\u2019daki Swisslasik\u2019te lazerle yapt\u0131rmaya karar verdim. Ba\u015f\u0131ndan beri iyi hissettim ve \u00e7ok memnunum.<br><br>Seyahat ve Otel<br><br>Swisslasik her \u015feyi benim i\u00e7in organize etti. Ben sadece zarf\u0131 a\u00e7\u0131p, check-in yap\u0131p u\u00e7a\u011fa binmek zorundayd\u0131m. Havaliman\u0131nda kar\u015f\u0131land\u0131m ve otele g\u00f6t\u00fcr\u00fcld\u00fcm. Levent Otel \u00e7ok temizdi ve odam harikayd\u0131. Sakin bir yer isteyen ve merkezin tam i\u00e7inde olmak istemeyenlere bu oteli tavsiye ederim. Y\u00fcr\u00fcyerek 10 dakikadan k\u0131sa s\u00fcrede iki b\u00fcy\u00fck al\u0131\u015fveri\u015f merkezine ula\u015fabilirsiniz. Otelin \u00e7evresinde yiyecek\/i\u00e7ecek alabilece\u011finiz k\u00fc\u00e7\u00fck d\u00fckkanlar var. Ayr\u0131ca \u00e7e\u015fitli restoranlar ve tipik T\u00fcrk yemekleri sunan fast-food yerleri de mevcut. Metro ile aktarmas\u0131z 10 dakikada \u0130stanbul\u2019un al\u0131\u015fveri\u015f caddesi Taksim\u2019e ula\u015fabilirsiniz.<br><br>Operasyon<br><br>Operasyon g\u00fcn\u00fcnde \u015fof\u00f6r tam zaman\u0131nda geldi ve beni ald\u0131. Klinik\u2019e vard\u0131\u011f\u0131mda Almanca konu\u015fan bir yetkili kar\u015f\u0131lad\u0131. \u00d6nce t\u00fcm s\u00fcre\u00e7 anlat\u0131ld\u0131 ve ard\u0131ndan ikinci \u00f6n muayene ba\u015flad\u0131. \u00d6nceki \u00f6n muayenemde yap\u0131lmayan baz\u0131 testler de burada uyguland\u0131. Her sorumda yetkili yan\u0131mdayd\u0131 ve t\u00fcm muayenelerde bana e\u015flik etti. \u00d6n muayene s\u0131ras\u0131nda operasyonu yapacak doktor g\u00f6zlerimi tekrar kontrol etti. T\u00fcm s\u00fcre\u00e7 biraz uzun s\u00fcrd\u00fc ve s\u00fcrekli beklemek gerekiyordu. Sab\u0131rs\u0131zland\u0131m ve bir an \u00f6nce i\u015flemin ba\u015flamas\u0131n\u0131 istedim.<br><br>G\u00f6zlerimin Lasek i\u00e7in uygun oldu\u011fu ve her \u015feyin yolunda oldu\u011fu kesinle\u015fti\u011finde, klinikte kesin olarak FEMTO-LASIK yapt\u0131rmaya karar verdim. Asl\u0131nda Almanya\u2019daki ilk \u00f6n muayenemde bu y\u00f6ntemi se\u00e7mi\u015ftim, sadece T\u00fcrkiye\u2019deki doktorun g\u00f6r\u00fc\u015f\u00fcn\u00fc beklemek istedim. Birka\u00e7 saat sonra restorandan al\u0131nd\u0131m ve g\u00f6zlerim lazerle d\u00fczeltildi. Operasyon k\u0131sa ve a\u011fr\u0131s\u0131zd\u0131.                                 Bekleme odas\u0131nda k\u0131sa bir s\u00fcre kald\u0131ktan sonra otele g\u00f6t\u00fcr\u00fcld\u00fcm. Otelde yakla\u015f\u0131k bir saat ge\u00e7tikten sonra g\u00f6zlerimde yanma ve sulanma ba\u015flad\u0131. Bu a\u015famada biraz daha sab\u0131rl\u0131 olmak gerekiyordu, \u00e7\u00fcnk\u00fc olduk\u00e7a rahats\u0131z ediciydi ama a\u011fr\u0131l\u0131 de\u011fildi. Partnerimin yan\u0131mda olmas\u0131 ve bana destek vermesi beni \u00e7ok rahatlatt\u0131. Yakla\u015f\u0131k tam 4 saat sonra her \u015fey ge\u00e7ti ve rahat\u00e7a uyuyabildim.<br><br>Ertesi sabah g\u00fcvenlik lensleri nedeniyle bulan\u0131k g\u00f6r\u00fcyordum. Klini\u011fe vard\u0131\u011f\u0131m\u0131zda g\u00f6z doktoru bu lensleri hemen \u00e7\u0131kard\u0131 ve g\u00fczel sonucu net bir \u015fekilde g\u00f6rebildim. Bu inan\u0131lmaz bir histi ve art\u0131k g\u00f6zl\u00fck takmak zorunda olmad\u0131\u011f\u0131m i\u00e7in \u00e7ok b\u00fcy\u00fck bir mutluluk ya\u015fad\u0131m.<br><br>G\u00f6z doktoru ameliyattan \u00f6nce bana defalarca mucize beklememem ve sab\u0131rl\u0131 olmam gerekti\u011fini s\u00f6ylemi\u015fti. Bu s\u00f6z akl\u0131mda kald\u0131, \u00e7\u00fcnk\u00fc her \u015feyin iyile\u015fmesi zaman al\u0131yor ve sonu\u00e7ta s\u00f6z konusu olan g\u00f6zlerimiz.<br><br>Partnerimle birlikte \u0130stanbul\u2019da iki g\u00fcn daha kald\u0131k ve kalan zaman\u0131 keyifle ge\u00e7irdik, \u015fehri gezme f\u0131rsat\u0131 bulduk. G\u00f6zlerini lazerle d\u00fczelttirmek isteyen herkese Swisslasik\u2019i ve \u0130stanbul\u2019daki g\u00f6z ameliyat\u0131n\u0131 g\u00f6n\u00fcl rahatl\u0131\u011f\u0131yla tavsiye ederim. Sunulan t\u00fcm paket (hizmet, dan\u0131\u015fmanl\u0131k, \u0130svi\u00e7re\u2019deki kontroller vb.) ba\u015fka hi\u00e7bir yerde bu \u015fekilde kar\u015f\u0131ma \u00e7\u0131kmad\u0131 ve \u015fahsen her zaman tekrar tercih ederdim.<br><br>\u00c7ok te\u015fekk\u00fcrler Swisslasik!<br>L. Rohrbach              <\/p>\n\n\n\n<div class=\"wp-block-group is-layout-grid wp-container-core-group-is-layout-baef362d wp-block-group-is-layout-grid\">\n<p><a href=\"https:\/\/medicaltravel.at\/home\/agb\/\" data-type=\"page\" data-id=\"2191\"><\/a><a href=\"https:\/\/medicaltravel.at\/tr\/hasta-hikayeleri\/goerues-raporlari-2012\/nihayet-goezlueksuez-istanbulda-goez-lazer-tedavim-hakkinda-hasta-raporum-28-haziran-2012-persembe-tarihli-rapor\/\" data-type=\"link\" data-id=\"https:\/\/medicaltravel.at\/berichte-von-patienten\/erfahrungsberichte-2012\/endlich-brillenlos-mein-patientenbericht-fuer-augenlaser-in-istanbul-bericht-vom-donnerstag-28-juni-2012\/\">\u00d6nceki Rapor<\/a><\/p>\n\n\n\n<p class=\"has-text-align-right wp-container-content-5e2576f9\"><a href=\"https:\/\/medicaltravel.at\/home\/impressum\/\" data-type=\"page\" data-id=\"2193\"><\/a><a href=\"https:\/\/medicaltravel.at\/home\/berichte-von-patienten\/erfahrungsberichte\/erfahrungsbericht-zahnbehandlung-in-istanbul\/\" data-type=\"page\" data-id=\"981\"><\/a><a href=\"https:\/\/medicaltravel.at\/tr\/hasta-hikayeleri\/goerues-raporlari-2012\/istanbul-acibadem-tuerkiyede-goez-lazer-tedavim-hakkinda-deneyim-raporu-30-mayis-2012-carsamba-tarihli-rapor\/\" data-type=\"link\" data-id=\"https:\/\/medicaltravel.at\/tr\/hasta-hikayeleri\/goerues-raporlari-2012\/istanbul-acibadem-tuerkiyede-goez-lazer-tedavim-hakkinda-deneyim-raporu-30-mayis-2012-carsamba-tarihli-rapor\/\">Sonraki Rapor<\/a><\/p>\n<\/div>\n","protected":false},"excerpt":{"rendered":"<p>Nihayet G\u00f6zl\u00fcks\u00fcz \u2013 \u0130stanbul Ac\u0131badem\u2019de G\u00f6z Lazer Tedavisi (26-30 Nisan 2012) \u2013 9 Haziran 2012 Cumartesi Tarihli Rapor Motivasyonum \/ Karar\u0131m Meslek e\u011fitimimden beri g\u00f6zl\u00fck kullan\u0131yordum ve ne yaz\u0131k ki kontakt lensleri uzun s\u00fcre veya s\u0131k kullanam\u0131yordum. Spor yaparken \u00e7o\u011funlukla ya g\u00f6zl\u00fckle ya da g\u00f6zl\u00fcks\u00fcz \u00e7al\u0131\u015fmak zorundayd\u0131m. Ba\u015fta sorun de\u011fildi ama zamanla g\u00f6rme bozuklu\u011fum da artt\u0131. Yakla\u015f\u0131k 4 y\u0131l \u00f6nce bir i\u015f arkada\u015f\u0131m g\u00f6z lazerini bana \u00f6nerdi. Kendisi bunu \u0130svi\u00e7re\u2019de yapt\u0131rm\u0131\u015ft\u0131, ama benim i\u00e7in \u00e7ok pahal\u0131yd\u0131. Bu y\u00fczden uzun s\u00fcre g\u00f6zlerimi lazerle yapt\u0131rmak bir hayal olarak kald\u0131. Sonra bir arkada\u015f \u00e7ifti Almanya\u2019daki bir klinikten bahsetti. Yakla\u015f\u0131k bir y\u0131l \u00f6nce orada \u00f6n muayene yapt\u0131rd\u0131m ve ard\u0131ndan g\u00f6zlerimi lazerle yapt\u0131rmaya kesin olarak karar verdim. Bir y\u0131l biriktirdikten sonra nihayet s\u0131ra geldi, ama kader i\u015fte, Swisslasik\u2019ten haberdar oldum. \u00c7e\u015fitli ara\u015ft\u0131rmalar ve Bay Karaagacli ile g\u00f6r\u00fc\u015fmeler sonras\u0131 g\u00f6zlerimi \u0130stanbul\u2019daki Swisslasik\u2019te lazerle yapt\u0131rmaya karar verdim. Ba\u015f\u0131ndan beri iyi hissettim ve \u00e7ok memnunum. Seyahat ve Otel Swisslasik her \u015feyi benim i\u00e7in organize etti. Ben sadece zarf\u0131 a\u00e7\u0131p, check-in yap\u0131p u\u00e7a\u011fa binmek zorundayd\u0131m. Havaliman\u0131nda kar\u015f\u0131land\u0131m ve otele g\u00f6t\u00fcr\u00fcld\u00fcm. Levent Otel \u00e7ok temizdi ve odam harikayd\u0131. Sakin bir yer isteyen ve merkezin tam i\u00e7inde olmak istemeyenlere bu oteli tavsiye ederim. Y\u00fcr\u00fcyerek 10 dakikadan k\u0131sa s\u00fcrede iki b\u00fcy\u00fck al\u0131\u015fveri\u015f merkezine ula\u015fabilirsiniz. Otelin \u00e7evresinde yiyecek\/i\u00e7ecek alabilece\u011finiz k\u00fc\u00e7\u00fck d\u00fckkanlar var. Ayr\u0131ca \u00e7e\u015fitli restoranlar ve tipik T\u00fcrk yemekleri sunan fast-food yerleri de mevcut. Metro ile aktarmas\u0131z 10 dakikada \u0130stanbul\u2019un al\u0131\u015fveri\u015f caddesi Taksim\u2019e ula\u015fabilirsiniz. Operasyon Operasyon g\u00fcn\u00fcnde \u015fof\u00f6r tam zaman\u0131nda geldi ve beni ald\u0131. Klinik\u2019e vard\u0131\u011f\u0131mda Almanca konu\u015fan bir yetkili kar\u015f\u0131lad\u0131. \u00d6nce t\u00fcm s\u00fcre\u00e7 anlat\u0131ld\u0131 ve ard\u0131ndan ikinci \u00f6n muayene ba\u015flad\u0131. \u00d6nceki \u00f6n muayenemde yap\u0131lmayan baz\u0131 testler de burada uyguland\u0131. Her sorumda yetkili yan\u0131mdayd\u0131 ve t\u00fcm muayenelerde bana e\u015flik etti. \u00d6n muayene s\u0131ras\u0131nda operasyonu yapacak doktor g\u00f6zlerimi tekrar kontrol etti. T\u00fcm s\u00fcre\u00e7 biraz uzun s\u00fcrd\u00fc ve s\u00fcrekli beklemek gerekiyordu. Sab\u0131rs\u0131zland\u0131m ve bir an \u00f6nce i\u015flemin ba\u015flamas\u0131n\u0131 istedim. G\u00f6zlerimin Lasek i\u00e7in uygun oldu\u011fu ve her \u015feyin yolunda oldu\u011fu kesinle\u015fti\u011finde, klinikte kesin olarak FEMTO-LASIK yapt\u0131rmaya karar verdim. Asl\u0131nda Almanya\u2019daki ilk \u00f6n muayenemde bu y\u00f6ntemi se\u00e7mi\u015ftim, sadece T\u00fcrkiye\u2019deki doktorun g\u00f6r\u00fc\u015f\u00fcn\u00fc beklemek istedim. Birka\u00e7 saat sonra restorandan al\u0131nd\u0131m ve g\u00f6zlerim lazerle d\u00fczeltildi. Operasyon k\u0131sa ve a\u011fr\u0131s\u0131zd\u0131. Bekleme odas\u0131nda k\u0131sa bir s\u00fcre kald\u0131ktan sonra otele g\u00f6t\u00fcr\u00fcld\u00fcm. Otelde yakla\u015f\u0131k bir saat ge\u00e7tikten sonra g\u00f6zlerimde yanma ve sulanma ba\u015flad\u0131. Bu a\u015famada biraz daha sab\u0131rl\u0131 olmak gerekiyordu, \u00e7\u00fcnk\u00fc olduk\u00e7a rahats\u0131z ediciydi ama a\u011fr\u0131l\u0131 de\u011fildi. Partnerimin yan\u0131mda olmas\u0131 ve bana destek vermesi beni \u00e7ok rahatlatt\u0131. Yakla\u015f\u0131k tam 4 saat sonra her \u015fey ge\u00e7ti ve rahat\u00e7a uyuyabildim. Ertesi sabah g\u00fcvenlik lensleri nedeniyle bulan\u0131k g\u00f6r\u00fcyordum. Klini\u011fe vard\u0131\u011f\u0131m\u0131zda g\u00f6z doktoru bu lensleri hemen \u00e7\u0131kard\u0131 ve g\u00fczel sonucu net bir \u015fekilde g\u00f6rebildim. Bu inan\u0131lmaz bir histi ve art\u0131k g\u00f6zl\u00fck takmak zorunda olmad\u0131\u011f\u0131m i\u00e7in \u00e7ok b\u00fcy\u00fck bir mutluluk ya\u015fad\u0131m. G\u00f6z doktoru ameliyattan \u00f6nce bana defalarca mucize beklememem ve sab\u0131rl\u0131 olmam gerekti\u011fini s\u00f6ylemi\u015fti. Bu s\u00f6z akl\u0131mda kald\u0131, \u00e7\u00fcnk\u00fc her \u015feyin iyile\u015fmesi zaman al\u0131yor ve sonu\u00e7ta s\u00f6z konusu olan g\u00f6zlerimiz. Partnerimle birlikte \u0130stanbul\u2019da iki g\u00fcn daha kald\u0131k ve kalan zaman\u0131 keyifle ge\u00e7irdik, \u015fehri gezme f\u0131rsat\u0131 bulduk. G\u00f6zlerini lazerle d\u00fczelttirmek isteyen herkese Swisslasik\u2019i ve \u0130stanbul\u2019daki g\u00f6z ameliyat\u0131n\u0131 g\u00f6n\u00fcl rahatl\u0131\u011f\u0131yla tavsiye ederim. Sunulan t\u00fcm paket (hizmet, dan\u0131\u015fmanl\u0131k, \u0130svi\u00e7re\u2019deki kontroller vb.) ba\u015fka hi\u00e7bir yerde bu \u015fekilde kar\u015f\u0131ma \u00e7\u0131kmad\u0131 ve \u015fahsen her zaman tekrar tercih ederdim. \u00c7ok te\u015fekk\u00fcrler Swisslasik!L. Rohrbach \u00d6nceki Rapor Sonraki Rapor<\/p>\n","protected":false},"author":4,"featured_media":0,"parent":4505,"menu_order":0,"comment_status":"closed","ping_status":"closed","template":"","meta":{"_joinchat":[],"footnotes":""},"class_list":["post-4528","page","type-page","status-publish","hentry"],"acf":[],"_links":{"self":[{"href":"https:\/\/medicaltravel.at\/tr\/wp-json\/wp\/v2\/pages\/4528","targetHints":{"allow":["GET"]}}],"collection":[{"href":"https:\/\/medicaltravel.at\/tr\/wp-json\/wp\/v2\/pages"}],"about":[{"href":"https:\/\/medicaltravel.at\/tr\/wp-json\/wp\/v2\/types\/page"}],"author":[{"embeddable":true,"href":"https:\/\/medicaltravel.at\/tr\/wp-json\/wp\/v2\/users\/4"}],"replies":[{"embeddable":true,"href":"https:\/\/medicaltravel.at\/tr\/wp-json\/wp\/v2\/comments?post=4528"}],"version-history":[{"count":2,"href":"https:\/\/medicaltravel.at\/tr\/wp-json\/wp\/v2\/pages\/4528\/revisions"}],"predecessor-version":[{"id":5793,"href":"https:\/\/medicaltravel.at\/tr\/wp-json\/wp\/v2\/pages\/4528\/revisions\/5793"}],"up":[{"embeddable":true,"href":"https:\/\/medicaltravel.at\/tr\/wp-json\/wp\/v2\/pages\/4505"}],"wp:attachment":[{"href":"https:\/\/medicaltravel.at\/tr\/wp-json\/wp\/v2\/media?parent=4528"}],"curies":[{"name":"wp","href":"https:\/\/api.w.org\/{rel}","templated":true}]}}