{"id":4526,"date":"2025-09-28T09:39:37","date_gmt":"2025-09-28T08:39:37","guid":{"rendered":"https:\/\/medicaltravel.at\/hasta-hikayeleri\/goerues-raporlari-2012\/nihayet-goezlueksuez-istanbulda-goez-lazer-tedavim-hakkinda-hasta-raporum-28-haziran-2012-persembe-tarihli-rapor\/"},"modified":"2026-01-13T15:09:04","modified_gmt":"2026-01-13T14:09:04","slug":"nihayet-goezlueksuez-istanbulda-goez-lazer-tedavim-hakkinda-hasta-raporum-28-haziran-2012-persembe-tarihli-rapor","status":"publish","type":"page","link":"https:\/\/medicaltravel.at\/tr\/hasta-hikayeleri\/goerues-raporlari-2012\/nihayet-goezlueksuez-istanbulda-goez-lazer-tedavim-hakkinda-hasta-raporum-28-haziran-2012-persembe-tarihli-rapor\/","title":{"rendered":"Nihayet G\u00f6zl\u00fcks\u00fcz! \u0130stanbul\u2019da G\u00f6z Lazer Tedavim Hakk\u0131nda Hasta Raporum \u2013 28 Haziran 2012 Per\u015fembe Tarihli Rapor"},"content":{"rendered":"\n<p><strong>Nihayet G\u00f6zl\u00fcks\u00fcz! \u0130stanbul\u2019da G\u00f6z Lazer Tedavim Hakk\u0131nda Hasta Raporum<\/strong> \u2013 28 Haziran 2012 Per\u015fembe Tarihli Rapor<\/p>\n\n\n\n<p>\u0130stanbul, 28.04.2012 \u2013 05.05.2012<br><br>Uzun s\u00fcredir g\u00f6zlerimi lazerle d\u00fczelttirmeyi d\u00fc\u015f\u00fcn\u00fcyordum. \u0130lkokuldan beri g\u00f6zl\u00fck kullan\u0131yordum. Ne yaz\u0131k ki kontakt lensleri giderek daha az tolere ediyordum ve spor yapmay\u0131 \u00e7ok sevdi\u011fim i\u00e7in g\u00f6zl\u00fck giderek daha rahats\u0131z edici oluyordu. Bir tan\u0131d\u0131\u011f\u0131m be\u015f y\u0131l \u00f6nce g\u00f6zlerini lazerle yapt\u0131rm\u0131\u015f ve bana Swisslasik\u2019i \u00f6nermi\u015fti. Bu y\u00fczden 2012 ba\u015f\u0131nda sonunda bunu yapmaya karar verdim.<br><br>Swisslasik\u2019in web sitesini detayl\u0131 bir \u015fekilde inceledikten sonra Bay Karaagacli\u2019ya bir teklif i\u00e7in yazd\u0131m. Ocak ortas\u0131nda Z\u00fcrih\u2019te \u00f6n muayenemi yapt\u0131rd\u0131m ve kesinle\u015fti: lazer m\u00fcmk\u00fcn! Bu olumlu haberden hemen sonra \u201cher \u015fey dahil\u201d paketini rezerve ettim. \u0130stanbul\u2019a daha \u00f6nce birka\u00e7 kez gitmi\u015ftim ve \u015fehri \u00e7ok sevdi\u011fim i\u00e7in lazer tedavisini bir haftal\u0131k tatille birle\u015ftirdim; annem ve teyzemle birlikte.<br><br>28 Nisan 2012\u2019de macera ba\u015flad\u0131. \u00d6nce birka\u00e7 g\u00fcn \u015fehri gezdik ve 3 May\u0131s geldi\u011finde, b\u00fcy\u00fck g\u00fcn ba\u015flad\u0131. Ancak her \u015fey biraz talihsiz bir \u015fekilde ba\u015flad\u0131. Swisslasik pasaportuna g\u00f6re servis saat 8.00\u2019di. Ama sabah 7.00\u2019de telefonla sert bir \u015fekilde uyand\u0131r\u0131ld\u0131k. \u015eof\u00f6r \u00e7oktan gelmi\u015fti, aman Tanr\u0131m! \u015eof\u00f6r, Ac\u0131badem Hastanesi\u2019nden birini arad\u0131 ve \u00e7al\u0131\u015fan \u00f6z\u00fcr diledi; san\u0131r\u0131m bir yanl\u0131\u015f anla\u015f\u0131lma olmu\u015f. Bizden biraz haz\u0131rlan\u0131p klini\u011fe gelmemiz istendi, orada kahvalt\u0131 yapabilece\u011fimiz s\u00f6ylendi.<br><br>Annemi ve teyzemi refakat\u00e7i olarak yan\u0131mda ald\u0131m, bu da Ac\u0131badem \u00e7al\u0131\u015fan\u0131na g\u00f6re sorun de\u011fildi. Hemen haz\u0131rl\u0131k yapt\u0131k ve hastaneye gittik. Oraya vard\u0131\u011f\u0131m\u0131zda terc\u00fcman bizi bekliyordu. Kahvalt\u0131 konusundan art\u0131k s\u00f6z edilmedi ve bana, \u00f6nceki g\u00fcn beni aray\u0131p refakat\u00e7i getirmemem gerekti\u011fini bildirmeye \u00e7al\u0131\u015ft\u0131\u011f\u0131n\u0131 s\u00f6yledi. Bu durum beni biraz \u015fa\u015f\u0131rtt\u0131 ama sonunda sorun olmad\u0131\u011f\u0131n\u0131 s\u00f6yledi.<br><br>Sonra \u00f6n muayeneler ba\u015flad\u0131, birka\u00e7 saat s\u00fcrd\u00fc ve ara s\u0131ra uzun s\u00fcre beklemek zorunda kald\u0131m. Yan\u0131mda iki ki\u015fi oldu\u011fu i\u00e7in biraz sohbet edebilmek iyi geldi. Doktor bana standart Lasik-Lasek y\u00f6nteminin uygulanabilece\u011fini s\u00f6yledi. \u00d6n muayene ile tedavi aras\u0131ndaki zaman\u0131 de\u011ferlendirmek i\u00e7in taksiyle yak\u0131nlardaki bir al\u0131\u015fveri\u015f merkezine gittik.<br><br>Operasyonum 17.30\u2019da ba\u015flad\u0131. Ayn\u0131 tedavi i\u00e7in \u00fc\u00e7 hasta daha vard\u0131. Ben son s\u0131radayd\u0131m. \u0130\u015flem \u00e7ok k\u0131sa s\u00fcrd\u00fc, ilk g\u00f6z birka\u00e7 dakika i\u00e7inde bitti ve ikinci g\u00f6z de hemen tamamland\u0131. Terc\u00fcman i\u015flem s\u0131ras\u0131nda yan\u0131mdayd\u0131 ve bana s\u00fcrekli ne yapmam gerekti\u011fini s\u00f6yl\u00fcyor ve motive ediyordu.<br><br>Sonras\u0131nda \u00f6zel bir koruyucu g\u00f6zl\u00fck tak\u0131ld\u0131 ve yakla\u015f\u0131k 30 dakika karanl\u0131k bir bekleme odas\u0131nda bekledim. Doktor g\u00f6zlerimi tekrar kontrol etti ve g\u00f6z damlalar\u0131n\u0131 nas\u0131l kullanmam gerekti\u011fini anlatt\u0131.                                 Benim g\u00f6zlerimde ne yanma ne de sulanma oldu. Ak\u015fam saat 21.00 civar\u0131nda g\u00f6zl\u00fcks\u00fcz ne kadar net g\u00f6rd\u00fc\u011f\u00fcm\u00fc fark ettim. Ertesi g\u00fcn ise g\u00f6zl\u00fcks\u00fcz g\u00f6rebildi\u011fime inanamad\u0131m! Ertesi sabah otelden al\u0131narak hastaneye kontrole g\u00f6t\u00fcr\u00fcld\u00fcm. Bu sefer terc\u00fcman hastanede bize kahvalt\u0131 ayarlad\u0131. Doktor her \u015feyin yolunda oldu\u011funu s\u00f6yledi, \u00e7ok rahatlad\u0131m. B\u00f6ylece geri kalan g\u00fcn\u00fc \u0130stanbul\u2019da g\u00f6zl\u00fcks\u00fcz (tabii g\u00fcne\u015f g\u00f6zl\u00fc\u011f\u00fcyle) keyifle ge\u00e7irebildim.<br><br>Taksim City Park Hotel\u2019de konaklad\u0131k. Otel \u00e7ok temiz ve harika bir konumda. Taksim Meydan\u0131\u2019na y\u00fcr\u00fcyerek sadece birka\u00e7 dakikada ula\u015fabiliyorsunuz ve her \u015feyin i\u00e7inde oluyorsunuz.<br><br>\u0130\u015flemden bir hafta sonra Z\u00fcrih\u2019te ilk kontrol\u00fc yapt\u0131rd\u0131m. Bir g\u00f6z\u00fcmde hen\u00fcz tam net g\u00f6rmedi\u011fimi fark ettim. G\u00f6z doktoru bunun erken oldu\u011funu, bu durumun kal\u0131c\u0131 olup olmayaca\u011f\u0131n\u0131 veya ilerleyen zamanda daha da iyile\u015fip iyile\u015fmeyece\u011fini s\u00f6yleyemeyece\u011fini a\u00e7\u0131klad\u0131. Fark \u00e7ok b\u00fcy\u00fck olmasa da \u00f6zellikle bilgisayar ba\u015f\u0131nda baz\u0131 i\u015flerde fark ediliyor. Ama beklemek ve sab\u0131rl\u0131 olmak gerekiyor, ben iyimserim.<br><br>Swisslasik\u2019i kesinlikle tavsiye edebilirim. Yerinde verilen destek \u00e7ok iyiydi ve kendimi her zaman \u00e7ok iyi bir \u015fekilde g\u00fcvende hissettim.<br><br>Jasmin Probst                 <\/p>\n\n\n\n<div class=\"wp-block-group is-layout-grid wp-container-core-group-is-layout-baef362d wp-block-group-is-layout-grid\">\n<p><a href=\"https:\/\/medicaltravel.at\/home\/agb\/\" data-type=\"page\" data-id=\"2191\"><\/a><a href=\"https:\/\/medicaltravel.at\/tr\/hasta-hikayeleri\/goerues-raporlari-2012\/antalya-tuerkiyede-goez-lazer-tedavim-hakkinda-deneyim-raporum-13-temmuz-2012-cuma-tarihli-rapor\/\" data-type=\"link\" data-id=\"https:\/\/medicaltravel.at\/berichte-von-patienten\/erfahrungsberichte-2012\/mein-erfahrungsbericht-ueber-meine-augenlaserbehandlung-in-antalya-tuerkei-bericht-vom-freitag-13-juli-2012\/\">\u00d6nceki R<\/a><a href=\"https:\/\/medicaltravel.at\/tr\/hasta-hikayeleri\/goerues-raporlari-2012\/antalya-tuerkiyede-goez-lazer-tedavim-hakkinda-deneyim-raporum-13-temmuz-2012-cuma-tarihli-rapor\/\" data-type=\"link\" data-id=\"https:\/\/medicaltravel.at\/tr\/hasta-hikayeleri\/goerues-raporlari-2012\/antalya-tuerkiyede-goez-lazer-tedavim-hakkinda-deneyim-raporum-13-temmuz-2012-cuma-tarihli-rapor\/\">a<\/a><a href=\"https:\/\/medicaltravel.at\/tr\/hasta-hikayeleri\/goerues-raporlari-2012\/antalya-tuerkiyede-goez-lazer-tedavim-hakkinda-deneyim-raporum-13-temmuz-2012-cuma-tarihli-rapor\/\" data-type=\"link\" data-id=\"https:\/\/medicaltravel.at\/berichte-von-patienten\/erfahrungsberichte-2012\/mein-erfahrungsbericht-ueber-meine-augenlaserbehandlung-in-antalya-tuerkei-bericht-vom-freitag-13-juli-2012\/\">por<\/a><\/p>\n\n\n\n<p class=\"has-text-align-right wp-container-content-5e2576f9\"><a href=\"https:\/\/medicaltravel.at\/home\/impressum\/\" data-type=\"page\" data-id=\"2193\"><\/a><a href=\"https:\/\/medicaltravel.at\/home\/berichte-von-patienten\/erfahrungsberichte\/erfahrungsbericht-zahnbehandlung-in-istanbul\/\" data-type=\"page\" data-id=\"981\"><\/a><a href=\"https:\/\/medicaltravel.at\/tr\/hasta-hikayeleri\/goerues-raporlari-2012\/nihayet-goezlueksuez-istanbul-acibademde-goez-lazer-tedavisi-26-30-nisan-2012-9-haziran-2012-cumartesi-tarihli-rapor\/\" data-type=\"link\" data-id=\"https:\/\/medicaltravel.at\/tr\/hasta-hikayeleri\/goerues-raporlari-2012\/nihayet-goezlueksuez-istanbul-acibademde-goez-lazer-tedavisi-26-30-nisan-2012-9-haziran-2012-cumartesi-tarihli-rapor\/\">Sonraki <\/a><a href=\"https:\/\/medicaltravel.at\/tr\/hasta-hikayeleri\/goerues-raporlari-2012\/nihayet-goezlueksuez-istanbul-acibademde-goez-lazer-tedavisi-26-30-nisan-2012-9-haziran-2012-cumartesi-tarihli-rapor\/\" data-type=\"link\" data-id=\"https:\/\/medicaltravel.at\/berichte-von-patienten\/erfahrungsberichte-2012\/endlich-ohne-brille-augenlaserbehandlung-im-acibadem-in-istanbul-26-30-04-2012-bericht-vom-samstag-09-juni-2012\/\">Rapor<\/a><\/p>\n<\/div>\n","protected":false},"excerpt":{"rendered":"<p>Nihayet G\u00f6zl\u00fcks\u00fcz! \u0130stanbul\u2019da G\u00f6z Lazer Tedavim Hakk\u0131nda Hasta Raporum \u2013 28 Haziran 2012 Per\u015fembe Tarihli Rapor \u0130stanbul, 28.04.2012 \u2013 05.05.2012 Uzun s\u00fcredir g\u00f6zlerimi lazerle d\u00fczelttirmeyi d\u00fc\u015f\u00fcn\u00fcyordum. \u0130lkokuldan beri g\u00f6zl\u00fck kullan\u0131yordum. Ne yaz\u0131k ki kontakt lensleri giderek daha az tolere ediyordum ve spor yapmay\u0131 \u00e7ok sevdi\u011fim i\u00e7in g\u00f6zl\u00fck giderek daha rahats\u0131z edici oluyordu. Bir tan\u0131d\u0131\u011f\u0131m be\u015f y\u0131l \u00f6nce g\u00f6zlerini lazerle yapt\u0131rm\u0131\u015f ve bana Swisslasik\u2019i \u00f6nermi\u015fti. Bu y\u00fczden 2012 ba\u015f\u0131nda sonunda bunu yapmaya karar verdim. Swisslasik\u2019in web sitesini detayl\u0131 bir \u015fekilde inceledikten sonra Bay Karaagacli\u2019ya bir teklif i\u00e7in yazd\u0131m. Ocak ortas\u0131nda Z\u00fcrih\u2019te \u00f6n muayenemi yapt\u0131rd\u0131m ve kesinle\u015fti: lazer m\u00fcmk\u00fcn! Bu olumlu haberden hemen sonra \u201cher \u015fey dahil\u201d paketini rezerve ettim. \u0130stanbul\u2019a daha \u00f6nce birka\u00e7 kez gitmi\u015ftim ve \u015fehri \u00e7ok sevdi\u011fim i\u00e7in lazer tedavisini bir haftal\u0131k tatille birle\u015ftirdim; annem ve teyzemle birlikte. 28 Nisan 2012\u2019de macera ba\u015flad\u0131. \u00d6nce birka\u00e7 g\u00fcn \u015fehri gezdik ve 3 May\u0131s geldi\u011finde, b\u00fcy\u00fck g\u00fcn ba\u015flad\u0131. Ancak her \u015fey biraz talihsiz bir \u015fekilde ba\u015flad\u0131. Swisslasik pasaportuna g\u00f6re servis saat 8.00\u2019di. Ama sabah 7.00\u2019de telefonla sert bir \u015fekilde uyand\u0131r\u0131ld\u0131k. \u015eof\u00f6r \u00e7oktan gelmi\u015fti, aman Tanr\u0131m! \u015eof\u00f6r, Ac\u0131badem Hastanesi\u2019nden birini arad\u0131 ve \u00e7al\u0131\u015fan \u00f6z\u00fcr diledi; san\u0131r\u0131m bir yanl\u0131\u015f anla\u015f\u0131lma olmu\u015f. Bizden biraz haz\u0131rlan\u0131p klini\u011fe gelmemiz istendi, orada kahvalt\u0131 yapabilece\u011fimiz s\u00f6ylendi. Annemi ve teyzemi refakat\u00e7i olarak yan\u0131mda ald\u0131m, bu da Ac\u0131badem \u00e7al\u0131\u015fan\u0131na g\u00f6re sorun de\u011fildi. Hemen haz\u0131rl\u0131k yapt\u0131k ve hastaneye gittik. Oraya vard\u0131\u011f\u0131m\u0131zda terc\u00fcman bizi bekliyordu. Kahvalt\u0131 konusundan art\u0131k s\u00f6z edilmedi ve bana, \u00f6nceki g\u00fcn beni aray\u0131p refakat\u00e7i getirmemem gerekti\u011fini bildirmeye \u00e7al\u0131\u015ft\u0131\u011f\u0131n\u0131 s\u00f6yledi. Bu durum beni biraz \u015fa\u015f\u0131rtt\u0131 ama sonunda sorun olmad\u0131\u011f\u0131n\u0131 s\u00f6yledi. Sonra \u00f6n muayeneler ba\u015flad\u0131, birka\u00e7 saat s\u00fcrd\u00fc ve ara s\u0131ra uzun s\u00fcre beklemek zorunda kald\u0131m. Yan\u0131mda iki ki\u015fi oldu\u011fu i\u00e7in biraz sohbet edebilmek iyi geldi. Doktor bana standart Lasik-Lasek y\u00f6nteminin uygulanabilece\u011fini s\u00f6yledi. \u00d6n muayene ile tedavi aras\u0131ndaki zaman\u0131 de\u011ferlendirmek i\u00e7in taksiyle yak\u0131nlardaki bir al\u0131\u015fveri\u015f merkezine gittik. Operasyonum 17.30\u2019da ba\u015flad\u0131. Ayn\u0131 tedavi i\u00e7in \u00fc\u00e7 hasta daha vard\u0131. Ben son s\u0131radayd\u0131m. \u0130\u015flem \u00e7ok k\u0131sa s\u00fcrd\u00fc, ilk g\u00f6z birka\u00e7 dakika i\u00e7inde bitti ve ikinci g\u00f6z de hemen tamamland\u0131. Terc\u00fcman i\u015flem s\u0131ras\u0131nda yan\u0131mdayd\u0131 ve bana s\u00fcrekli ne yapmam gerekti\u011fini s\u00f6yl\u00fcyor ve motive ediyordu. Sonras\u0131nda \u00f6zel bir koruyucu g\u00f6zl\u00fck tak\u0131ld\u0131 ve yakla\u015f\u0131k 30 dakika karanl\u0131k bir bekleme odas\u0131nda bekledim. Doktor g\u00f6zlerimi tekrar kontrol etti ve g\u00f6z damlalar\u0131n\u0131 nas\u0131l kullanmam gerekti\u011fini anlatt\u0131. Benim g\u00f6zlerimde ne yanma ne de sulanma oldu. Ak\u015fam saat 21.00 civar\u0131nda g\u00f6zl\u00fcks\u00fcz ne kadar net g\u00f6rd\u00fc\u011f\u00fcm\u00fc fark ettim. Ertesi g\u00fcn ise g\u00f6zl\u00fcks\u00fcz g\u00f6rebildi\u011fime inanamad\u0131m! Ertesi sabah otelden al\u0131narak hastaneye kontrole g\u00f6t\u00fcr\u00fcld\u00fcm. Bu sefer terc\u00fcman hastanede bize kahvalt\u0131 ayarlad\u0131. Doktor her \u015feyin yolunda oldu\u011funu s\u00f6yledi, \u00e7ok rahatlad\u0131m. B\u00f6ylece geri kalan g\u00fcn\u00fc \u0130stanbul\u2019da g\u00f6zl\u00fcks\u00fcz (tabii g\u00fcne\u015f g\u00f6zl\u00fc\u011f\u00fcyle) keyifle ge\u00e7irebildim. Taksim City Park Hotel\u2019de konaklad\u0131k. Otel \u00e7ok temiz ve harika bir konumda. Taksim Meydan\u0131\u2019na y\u00fcr\u00fcyerek sadece birka\u00e7 dakikada ula\u015fabiliyorsunuz ve her \u015feyin i\u00e7inde oluyorsunuz. \u0130\u015flemden bir hafta sonra Z\u00fcrih\u2019te ilk kontrol\u00fc yapt\u0131rd\u0131m. Bir g\u00f6z\u00fcmde hen\u00fcz tam net g\u00f6rmedi\u011fimi fark ettim. G\u00f6z doktoru bunun erken oldu\u011funu, bu durumun kal\u0131c\u0131 olup olmayaca\u011f\u0131n\u0131 veya ilerleyen zamanda daha da iyile\u015fip iyile\u015fmeyece\u011fini s\u00f6yleyemeyece\u011fini a\u00e7\u0131klad\u0131. Fark \u00e7ok b\u00fcy\u00fck olmasa da \u00f6zellikle bilgisayar ba\u015f\u0131nda baz\u0131 i\u015flerde fark ediliyor. Ama beklemek ve sab\u0131rl\u0131 olmak gerekiyor, ben iyimserim. Swisslasik\u2019i kesinlikle tavsiye edebilirim. Yerinde verilen destek \u00e7ok iyiydi ve kendimi her zaman \u00e7ok iyi bir \u015fekilde g\u00fcvende hissettim. Jasmin Probst \u00d6nceki Rapor Sonraki Rapor<\/p>\n","protected":false},"author":4,"featured_media":0,"parent":4505,"menu_order":0,"comment_status":"closed","ping_status":"closed","template":"","meta":{"_joinchat":[],"footnotes":""},"class_list":["post-4526","page","type-page","status-publish","hentry"],"acf":[],"_links":{"self":[{"href":"https:\/\/medicaltravel.at\/tr\/wp-json\/wp\/v2\/pages\/4526","targetHints":{"allow":["GET"]}}],"collection":[{"href":"https:\/\/medicaltravel.at\/tr\/wp-json\/wp\/v2\/pages"}],"about":[{"href":"https:\/\/medicaltravel.at\/tr\/wp-json\/wp\/v2\/types\/page"}],"author":[{"embeddable":true,"href":"https:\/\/medicaltravel.at\/tr\/wp-json\/wp\/v2\/users\/4"}],"replies":[{"embeddable":true,"href":"https:\/\/medicaltravel.at\/tr\/wp-json\/wp\/v2\/comments?post=4526"}],"version-history":[{"count":3,"href":"https:\/\/medicaltravel.at\/tr\/wp-json\/wp\/v2\/pages\/4526\/revisions"}],"predecessor-version":[{"id":5792,"href":"https:\/\/medicaltravel.at\/tr\/wp-json\/wp\/v2\/pages\/4526\/revisions\/5792"}],"up":[{"embeddable":true,"href":"https:\/\/medicaltravel.at\/tr\/wp-json\/wp\/v2\/pages\/4505"}],"wp:attachment":[{"href":"https:\/\/medicaltravel.at\/tr\/wp-json\/wp\/v2\/media?parent=4526"}],"curies":[{"name":"wp","href":"https:\/\/api.w.org\/{rel}","templated":true}]}}