{"id":4524,"date":"2025-09-28T09:30:03","date_gmt":"2025-09-28T08:30:03","guid":{"rendered":"https:\/\/medicaltravel.at\/hasta-hikayeleri\/goerues-raporlari-2012\/agustos-2012de-istanbulda-goezlerimi-lazerle-tedavi-ettirdigim-harika-bir-deneyim-01-ekim-2012-pazartesi-tarihli-rapor\/"},"modified":"2026-01-13T15:03:28","modified_gmt":"2026-01-13T14:03:28","slug":"agustos-2012de-istanbulda-goezlerimi-lazerle-tedavi-ettirdigim-harika-bir-deneyim-01-ekim-2012-pazartesi-tarihli-rapor","status":"publish","type":"page","link":"https:\/\/medicaltravel.at\/tr\/hasta-hikayeleri\/goerues-raporlari-2012\/agustos-2012de-istanbulda-goezlerimi-lazerle-tedavi-ettirdigim-harika-bir-deneyim-01-ekim-2012-pazartesi-tarihli-rapor\/","title":{"rendered":"A\u011fustos 2012\u2019de \u0130stanbul\u2019da g\u00f6zlerimi lazerle tedavi ettirdi\u011fim harika bir deneyim \u2013 01 Ekim 2012 Pazartesi Tarihli Rapor"},"content":{"rendered":"\n<p><strong>A\u011fustos 2012\u2019de \u0130stanbul\u2019da g\u00f6zlerimi lazerle tedavi ettirdi\u011fim harika bir deneyim<\/strong> \u2013 01 Ekim 2012 Pazartesi Tarihli Rapor<\/p>\n\n\n\n<p>G\u00f6rmeyi daha iyi istemem \u00e7ok b\u00fcy\u00fckt\u00fc. Hen\u00fcz g\u00f6zl\u00fck kullanm\u0131yordum ama s\u00fcrekli okuma g\u00f6zl\u00fc\u011f\u00fc kullanmak \u2013 SMS, fiyat etiketleri, gazete okumak ve daha fazlas\u0131 i\u00e7in \u2013 ya\u015fam kalitemi olduk\u00e7a k\u0131s\u0131tl\u0131yordu. \u0130stanbul\u2019da lazer yapt\u0131rmaya karar verdim. \u0130stanbul\u2019da ya\u015fayan ve beni cesaretlendiren arkada\u015f\u0131m bana \u00e7ok destek oldu. Onun k\u0131z\u0131, annesi ve hatta k\u00fc\u00e7\u00fck ye\u011feni ayn\u0131 klinikte b\u00fcy\u00fck bir ba\u015far\u0131yla lazer yapt\u0131rm\u0131\u015ft\u0131. B\u00f6ylece T\u00fcrkiye\u2019de yapt\u0131rmaya karar verdim.<br><br>Swisslasik ile tan\u0131\u015ft\u0131m. Bu organizasyonu kesinlikle tavsiye ederim. Bay Karaagacli bana \u00e7ok iyi bilgi verdi ve randevumu organize etti. Hastaneye \u00e7ok zaman\u0131nda vard\u0131k. Klinik g\u00fczel bir yerde, bir camiye bak\u0131yor. Ac\u0131badem Hastanesi \u00e7ok temiz ve \u00e7ok profesyonel bir \u015fekilde y\u00f6netiliyordu.<br><br>\u00d6n muayeneler sabah ba\u015flad\u0131 ve operasyon \u00f6\u011fleden sonra planland\u0131. Arada terc\u00fcman\u0131m\u0131z bize modern bir al\u0131\u015fveri\u015f merkezini ke\u015ffetmemizi \u00f6nerdi, bu harikayd\u0131! Operasyon zaman\u0131 geldi\u011finde masada uzanmak biraz \u00fcrk\u00fct\u00fcc\u00fcyd\u00fc ama derinlerde, Tanr\u0131\u2019n\u0131n korumas\u0131 alt\u0131nda oldu\u011fumu hissediyordum. Tabii \u00f6nceden steril giysiler giydim, hijyen sa\u011fland\u0131.<br><br>Ameliyat s\u0131ras\u0131nda k\u0131rm\u0131z\u0131 merkeze bakmam ve g\u00f6zlerimi sabit tutmam istendi. Ba\u015flang\u0131\u00e7ta zordu \u00e7\u00fcnk\u00fc enerjik bir kad\u0131n\u0131m. Sa\u011f g\u00f6zle ba\u015flad\u0131lar ve aniden her \u015fey karard\u0131, \u00e7ok korktum ama k\u0131sa s\u00fcre sonra tekrar \u0131\u015f\u0131klar\u0131 g\u00f6rebildim ve rahatlad\u0131m. Kornea i\u015flemi, babam\u0131n marangoz at\u00f6lyesinde yapt\u0131\u011f\u0131 gibi, z\u0131mpara sesi gibi ve k\u00fc\u00e7\u00fck k\u0131v\u0131lc\u0131mlar \u00e7\u0131kard\u0131. Ve i\u015fte sa\u011f g\u00f6z bitti. Sol g\u00f6z de ayn\u0131 \u015fekilde lazerlendi.<br><br>Ameliyat ba\u015flad\u0131ktan 20 dakika sonra, k\u0131z\u0131m benim ameliyathaneden \u00e7\u0131kt\u0131\u011f\u0131m\u0131 g\u00f6r\u00fcnce \u00e7ok \u015fa\u015f\u0131rd\u0131. Dolmu\u015f terc\u00fcman\u0131m bana g\u00f6zlerimi g\u00f6rebiliyor musun diye sordu, evet dedim, \u00e7ok memnun oldu. G\u00f6zlerim tekrar kontrol edildi ve her \u015fey m\u00fckemmeldi. Koruma i\u00e7in g\u00fcne\u015f g\u00f6zl\u00fc\u011f\u00fc verildi ve k\u0131sa s\u00fcre sonra otelimize transfer edildik. Otele var\u0131nca tek iste\u011fim dinlenmek ve uyumakt\u0131. K\u0131z\u0131m da damla saatlerini unutmamam\u0131z i\u00e7in alarm kurdu.<br><br>Ertesi sabah tavandaki lambay\u0131 net bir \u015fekilde g\u00f6rmeye ba\u015flay\u0131nca g\u00f6zlerime inanamad\u0131m. G\u00f6zl\u00fcks\u00fcz, tamamen net. Bu h\u00e2l h\u00e2l\u00e2 her g\u00fcn benim i\u00e7in bir mucize. Tekrar klinikte kontrol yapt\u0131rd\u0131k. O g\u00fcn de y\u00fcksek \u0131\u015f\u0131\u011fa kar\u015f\u0131 hassasiyet nedeniyle sadece g\u00fcne\u015f g\u00f6zl\u00fc\u011f\u00fc takmak yeterliydi. Terc\u00fcman\u0131m\u0131z t\u00fcm s\u00fcre\u00e7 boyunca bize e\u015flik etti.<br><br>Her g\u00fcn g\u00f6zl\u00fcks\u00fcz ya\u015faman\u0131n tad\u0131n\u0131 \u00e7\u0131kar\u0131yorum ve herkese tavsiye ederim: G\u00f6zlerinizi muayene ettirin, lazer i\u00e7in uygun olup olmad\u0131klar\u0131n\u0131 g\u00f6r\u00fcn. M\u00fcmk\u00fcnse b\u00fcy\u00fck anne veya b\u00fcy\u00fck baba olmadan \u00f6nce bunu yapt\u0131r\u0131n. \u0130stanbul\u2019u da kesinlikle tavsiye ederim; birka\u00e7 g\u00fcn \u015fehir turu yaparak tatilin tad\u0131n\u0131 \u00e7\u0131karabilirsiniz.<br><br>Ameliyat i\u00e7in cesaret, ba\u015far\u0131 ve harika bir g\u00f6r\u00fc\u015f diliyorum.<br><br>Sayg\u0131lar\u0131mla,<br>E. Keller-Schellenberg<\/p>\n\n\n\n<div class=\"wp-block-group is-layout-grid wp-container-core-group-is-layout-baef362d wp-block-group-is-layout-grid\">\n<p><a href=\"https:\/\/medicaltravel.at\/home\/agb\/\" data-type=\"page\" data-id=\"2191\"><\/a><a href=\"https:\/\/medicaltravel.at\/tr\/hasta-hikayeleri\/goerues-raporlari-2012\/acibadem-hastanesi-istanbuldaki-goez-lazeri-ameliyati-deneyimim-corinne-stoll-tarafindan-14-09-2012-tarihinde-yazildi-10-ekim-2012-carsamba-tarihli-rapor\/\" data-type=\"link\" data-id=\"https:\/\/medicaltravel.at\/tr\/hasta-hikayeleri\/goerues-raporlari-2012\/acibadem-hastanesi-istanbuldaki-goez-lazeri-ameliyati-deneyimim-corinne-stoll-tarafindan-14-09-2012-tarihinde-yazildi-10-ekim-2012-carsamba-tarihli-rapor\/\">\u00d6nceki Rapor<\/a><\/p>\n\n\n\n<p class=\"has-text-align-right wp-container-content-5e2576f9\"><a href=\"https:\/\/medicaltravel.at\/home\/impressum\/\" data-type=\"page\" data-id=\"2193\"><\/a><a href=\"https:\/\/medicaltravel.at\/home\/berichte-von-patienten\/erfahrungsberichte\/erfahrungsbericht-zahnbehandlung-in-istanbul\/\" data-type=\"page\" data-id=\"981\"><\/a><a href=\"https:\/\/medicaltravel.at\/tr\/hasta-hikayeleri\/goerues-raporlari-2012\/istanbuldaki-acibadem-kliniginde-yaptirdigim-operasyon-26-eyluel-2012-carsamba-tarihli-rapor\/\" data-type=\"link\" data-id=\"https:\/\/medicaltravel.at\/tr\/hasta-hikayeleri\/goerues-raporlari-2012\/istanbuldaki-acibadem-kliniginde-yaptirdigim-operasyon-26-eyluel-2012-carsamba-tarihli-rapor\/\">Sonraki Rapor<\/a><\/p>\n<\/div>\n","protected":false},"excerpt":{"rendered":"<p>A\u011fustos 2012\u2019de \u0130stanbul\u2019da g\u00f6zlerimi lazerle tedavi ettirdi\u011fim harika bir deneyim \u2013 01 Ekim 2012 Pazartesi Tarihli Rapor G\u00f6rmeyi daha iyi istemem \u00e7ok b\u00fcy\u00fckt\u00fc. Hen\u00fcz g\u00f6zl\u00fck kullanm\u0131yordum ama s\u00fcrekli okuma g\u00f6zl\u00fc\u011f\u00fc kullanmak \u2013 SMS, fiyat etiketleri, gazete okumak ve daha fazlas\u0131 i\u00e7in \u2013 ya\u015fam kalitemi olduk\u00e7a k\u0131s\u0131tl\u0131yordu. \u0130stanbul\u2019da lazer yapt\u0131rmaya karar verdim. \u0130stanbul\u2019da ya\u015fayan ve beni cesaretlendiren arkada\u015f\u0131m bana \u00e7ok destek oldu. Onun k\u0131z\u0131, annesi ve hatta k\u00fc\u00e7\u00fck ye\u011feni ayn\u0131 klinikte b\u00fcy\u00fck bir ba\u015far\u0131yla lazer yapt\u0131rm\u0131\u015ft\u0131. B\u00f6ylece T\u00fcrkiye\u2019de yapt\u0131rmaya karar verdim. Swisslasik ile tan\u0131\u015ft\u0131m. Bu organizasyonu kesinlikle tavsiye ederim. Bay Karaagacli bana \u00e7ok iyi bilgi verdi ve randevumu organize etti. Hastaneye \u00e7ok zaman\u0131nda vard\u0131k. Klinik g\u00fczel bir yerde, bir camiye bak\u0131yor. Ac\u0131badem Hastanesi \u00e7ok temiz ve \u00e7ok profesyonel bir \u015fekilde y\u00f6netiliyordu. \u00d6n muayeneler sabah ba\u015flad\u0131 ve operasyon \u00f6\u011fleden sonra planland\u0131. Arada terc\u00fcman\u0131m\u0131z bize modern bir al\u0131\u015fveri\u015f merkezini ke\u015ffetmemizi \u00f6nerdi, bu harikayd\u0131! Operasyon zaman\u0131 geldi\u011finde masada uzanmak biraz \u00fcrk\u00fct\u00fcc\u00fcyd\u00fc ama derinlerde, Tanr\u0131\u2019n\u0131n korumas\u0131 alt\u0131nda oldu\u011fumu hissediyordum. Tabii \u00f6nceden steril giysiler giydim, hijyen sa\u011fland\u0131. Ameliyat s\u0131ras\u0131nda k\u0131rm\u0131z\u0131 merkeze bakmam ve g\u00f6zlerimi sabit tutmam istendi. Ba\u015flang\u0131\u00e7ta zordu \u00e7\u00fcnk\u00fc enerjik bir kad\u0131n\u0131m. Sa\u011f g\u00f6zle ba\u015flad\u0131lar ve aniden her \u015fey karard\u0131, \u00e7ok korktum ama k\u0131sa s\u00fcre sonra tekrar \u0131\u015f\u0131klar\u0131 g\u00f6rebildim ve rahatlad\u0131m. Kornea i\u015flemi, babam\u0131n marangoz at\u00f6lyesinde yapt\u0131\u011f\u0131 gibi, z\u0131mpara sesi gibi ve k\u00fc\u00e7\u00fck k\u0131v\u0131lc\u0131mlar \u00e7\u0131kard\u0131. Ve i\u015fte sa\u011f g\u00f6z bitti. Sol g\u00f6z de ayn\u0131 \u015fekilde lazerlendi. Ameliyat ba\u015flad\u0131ktan 20 dakika sonra, k\u0131z\u0131m benim ameliyathaneden \u00e7\u0131kt\u0131\u011f\u0131m\u0131 g\u00f6r\u00fcnce \u00e7ok \u015fa\u015f\u0131rd\u0131. Dolmu\u015f terc\u00fcman\u0131m bana g\u00f6zlerimi g\u00f6rebiliyor musun diye sordu, evet dedim, \u00e7ok memnun oldu. G\u00f6zlerim tekrar kontrol edildi ve her \u015fey m\u00fckemmeldi. Koruma i\u00e7in g\u00fcne\u015f g\u00f6zl\u00fc\u011f\u00fc verildi ve k\u0131sa s\u00fcre sonra otelimize transfer edildik. Otele var\u0131nca tek iste\u011fim dinlenmek ve uyumakt\u0131. K\u0131z\u0131m da damla saatlerini unutmamam\u0131z i\u00e7in alarm kurdu. Ertesi sabah tavandaki lambay\u0131 net bir \u015fekilde g\u00f6rmeye ba\u015flay\u0131nca g\u00f6zlerime inanamad\u0131m. G\u00f6zl\u00fcks\u00fcz, tamamen net. Bu h\u00e2l h\u00e2l\u00e2 her g\u00fcn benim i\u00e7in bir mucize. Tekrar klinikte kontrol yapt\u0131rd\u0131k. O g\u00fcn de y\u00fcksek \u0131\u015f\u0131\u011fa kar\u015f\u0131 hassasiyet nedeniyle sadece g\u00fcne\u015f g\u00f6zl\u00fc\u011f\u00fc takmak yeterliydi. Terc\u00fcman\u0131m\u0131z t\u00fcm s\u00fcre\u00e7 boyunca bize e\u015flik etti. Her g\u00fcn g\u00f6zl\u00fcks\u00fcz ya\u015faman\u0131n tad\u0131n\u0131 \u00e7\u0131kar\u0131yorum ve herkese tavsiye ederim: G\u00f6zlerinizi muayene ettirin, lazer i\u00e7in uygun olup olmad\u0131klar\u0131n\u0131 g\u00f6r\u00fcn. M\u00fcmk\u00fcnse b\u00fcy\u00fck anne veya b\u00fcy\u00fck baba olmadan \u00f6nce bunu yapt\u0131r\u0131n. \u0130stanbul\u2019u da kesinlikle tavsiye ederim; birka\u00e7 g\u00fcn \u015fehir turu yaparak tatilin tad\u0131n\u0131 \u00e7\u0131karabilirsiniz. Ameliyat i\u00e7in cesaret, ba\u015far\u0131 ve harika bir g\u00f6r\u00fc\u015f diliyorum. Sayg\u0131lar\u0131mla,E. Keller-Schellenberg \u00d6nceki Rapor Sonraki Rapor<\/p>\n","protected":false},"author":4,"featured_media":0,"parent":4505,"menu_order":0,"comment_status":"closed","ping_status":"closed","template":"","meta":{"_joinchat":[],"footnotes":""},"class_list":["post-4524","page","type-page","status-publish","hentry"],"acf":[],"_links":{"self":[{"href":"https:\/\/medicaltravel.at\/tr\/wp-json\/wp\/v2\/pages\/4524","targetHints":{"allow":["GET"]}}],"collection":[{"href":"https:\/\/medicaltravel.at\/tr\/wp-json\/wp\/v2\/pages"}],"about":[{"href":"https:\/\/medicaltravel.at\/tr\/wp-json\/wp\/v2\/types\/page"}],"author":[{"embeddable":true,"href":"https:\/\/medicaltravel.at\/tr\/wp-json\/wp\/v2\/users\/4"}],"replies":[{"embeddable":true,"href":"https:\/\/medicaltravel.at\/tr\/wp-json\/wp\/v2\/comments?post=4524"}],"version-history":[{"count":2,"href":"https:\/\/medicaltravel.at\/tr\/wp-json\/wp\/v2\/pages\/4524\/revisions"}],"predecessor-version":[{"id":5785,"href":"https:\/\/medicaltravel.at\/tr\/wp-json\/wp\/v2\/pages\/4524\/revisions\/5785"}],"up":[{"embeddable":true,"href":"https:\/\/medicaltravel.at\/tr\/wp-json\/wp\/v2\/pages\/4505"}],"wp:attachment":[{"href":"https:\/\/medicaltravel.at\/tr\/wp-json\/wp\/v2\/media?parent=4524"}],"curies":[{"name":"wp","href":"https:\/\/api.w.org\/{rel}","templated":true}]}}