{"id":4522,"date":"2025-09-28T09:46:58","date_gmt":"2025-09-28T08:46:58","guid":{"rendered":"https:\/\/medicaltravel.at\/hasta-hikayeleri\/goerues-raporlari-2012\/20lik-bir-banknottan-10luk-bir-banknotu-ayirt-etmek-25-nisan-2012-carsamba-tarihli-rapor\/"},"modified":"2026-01-13T15:20:22","modified_gmt":"2026-01-13T14:20:22","slug":"20lik-bir-banknottan-10luk-bir-banknotu-ayirt-etmek-25-nisan-2012-carsamba-tarihli-rapor","status":"publish","type":"page","link":"https:\/\/medicaltravel.at\/tr\/hasta-hikayeleri\/goerues-raporlari-2012\/20lik-bir-banknottan-10luk-bir-banknotu-ayirt-etmek-25-nisan-2012-carsamba-tarihli-rapor\/","title":{"rendered":"20\u2019lik bir banknottan 10\u2019luk bir banknotu ay\u0131rt etmek \u2013 25 Nisan 2012 \u00c7ar\u015famba Tarihli Rapor"},"content":{"rendered":"\n<p><strong>20\u2019lik bir banknottan 10\u2019luk bir banknotu ay\u0131rt etmek<\/strong> \u2013 25 Nisan 2012 \u00c7ar\u015famba Tarihli Rapor<\/p>\n\n\n\n<p>Daha iyi g\u00f6rmek istemem o kadar b\u00fcy\u00fckt\u00fc ki. Hen\u00fcz g\u00f6zl\u00fck kullanm\u0131yordum ama SMS, fiyat etiketleri, gazete okuma ve daha pek \u00e7ok \u015fey i\u00e7in s\u00fcrekli okuma g\u00f6zl\u00fc\u011f\u00fc kullanmak ya\u015fam kalitemi \u00e7ok k\u0131s\u0131tl\u0131yordu. \u0130stanbul\u2019da lazer yapt\u0131rmaya karar verdim. \u0130stanbul\u2019da ya\u015fayan ve beni cesaretlendiren arkada\u015f\u0131m bana \u00e7ok destek oldu. Onun k\u0131z\u0131, annesi ve hatta k\u00fc\u00e7\u00fck ye\u011feni (o zamanlar 2 ayl\u0131kt\u0131) ayn\u0131 klinikte b\u00fcy\u00fck ba\u015far\u0131yla lazer yapt\u0131rm\u0131\u015ft\u0131. B\u00f6ylece T\u00fcrkiye\u2019de yapt\u0131rmaya karar verdim.<br><br>Sonra Swisslasik ile kar\u015f\u0131la\u015ft\u0131m. Bu organizasyonu kesinlikle tavsiye edebilirim. Bay Karaagacli bana \u00e7ok iyi bilgi verdi ve randevumu organize etti. Hastaneye \u00e7ok zaman\u0131nda vard\u0131k. Klinik g\u00fczel bir yerde, bir camiye bak\u0131yor. Hastane bana \u00e7ok iyi bir izlenim b\u0131rakt\u0131. \u00c7ok temiz ve \u00e7ok profesyonel bir \u015fekilde y\u00f6netilen Ac\u0131badem Hastanesi.<br><br>\u00d6n muayeneler k\u0131sa s\u00fcrede ba\u015flad\u0131. Ancak \u00e7ok zaman al\u0131yor, bunu mutlaka hesaba katmak gerekiyor. Biz sabah 8\u2019de klinikteydik ve ak\u015fam 18:00\u2019e kadar oradan ayr\u0131ld\u0131k. Ama bu zaman gerekli. Sab\u0131rs\u0131zlanmamak ve tedirgin olmamak \u00e7ok \u00f6nemli. Buna de\u011fer.<br><br>\u015eimdi kendimi ilk kez okuma \u00f6\u011frenen bir ilkokul \u00f6\u011frencisi gibi hissediyorum. 10 kuru\u015f ile 20 kuru\u015fu ay\u0131rt etmek, en k\u00fc\u00e7\u00fck yaz\u0131lar\u0131 okumak ger\u00e7ekten \u00e7ok keyifli. Tekrar %100 g\u00f6rebildi\u011fim i\u00e7in inan\u0131lmaz minnettar\u0131m. Hatta en k\u00fc\u00e7\u00fck toz tanesini bile g\u00f6rebiliyorum. Ameliyat \u00e7ok ba\u015far\u0131l\u0131 ge\u00e7ti.<br><br>Ameliyat s\u0131ras\u0131nda biraz rahats\u0131z hissettim. Merkezi g\u00f6remedim ya da ne demek istediklerini anlamad\u0131m. Ama di\u011ferleri de ayn\u0131 durumu ya\u015fad\u0131. E\u011fer sizin de b\u00f6yle bir durumunuz olursa, ye\u015fil noktaya dikkat edin.<br><br>Ameliyattan sonra g\u00f6zlerimi yakla\u015f\u0131k bir saat a\u00e7amad\u0131m. Yo\u011fun bir g\u00f6zya\u015f\u0131 ak\u0131\u015f\u0131 ya\u015fad\u0131m. Ama a\u011fr\u0131 veya yanma hissetmedim. G\u00f6zlerimi a\u00e7abildi\u011fimde kendimi harika hissettim. Te\u015fekk\u00fcr ederim, te\u015fekk\u00fcr ederim, te\u015fekk\u00fcr ederim.<br><br>Bunu kesinlikle tavsiye ederim. Bay Karaagacli, bunu bizim i\u00e7in organize etti\u011finiz i\u00e7in te\u015fekk\u00fcrler. Ger\u00e7ekten inan\u0131lmaz bir i\u015f yap\u0131yorsunuz. En iyi dileklerimle, gelece\u011finiz i\u00e7in sevgiler.<br><br>Monika Scarpellini, B\u00e4retswil<\/p>\n\n\n\n<div class=\"wp-block-group is-layout-grid wp-container-core-group-is-layout-baef362d wp-block-group-is-layout-grid\">\n<p><a href=\"https:\/\/medicaltravel.at\/home\/agb\/\" data-type=\"page\" data-id=\"2191\"><\/a><a href=\"https:\/\/medicaltravel.at\/tr\/hasta-hikayeleri\/goerues-raporlari-2012\/istanbulda-swisslasik-ile-dis-tedavim-3-mayis-2012-persembe-tarihli-rapor\/\" data-type=\"link\" data-id=\"https:\/\/medicaltravel.at\/tr\/hasta-hikayeleri\/goerues-raporlari-2012\/istanbulda-swisslasik-ile-dis-tedavim-3-mayis-2012-persembe-tarihli-rapor\/\">\u00d6nceki Rapor<\/a><\/p>\n\n\n\n<p class=\"has-text-align-right wp-container-content-5e2576f9\"><a href=\"https:\/\/medicaltravel.at\/home\/impressum\/\" data-type=\"page\" data-id=\"2193\"><\/a><a href=\"https:\/\/medicaltravel.at\/home\/berichte-von-patienten\/erfahrungsberichte\/erfahrungsbericht-zahnbehandlung-in-istanbul\/\" data-type=\"page\" data-id=\"981\"><\/a><a href=\"https:\/\/medicaltravel.at\/tr\/hasta-hikayeleri\/goerues-raporlari-2012\/istanbuldaki-goez-lazer-tedavim-sueresince-konaklamam-25-nisan-2012-carsamba-tarihli-rapor\/\" data-type=\"link\" data-id=\"https:\/\/medicaltravel.at\/tr\/hasta-hikayeleri\/goerues-raporlari-2012\/istanbuldaki-goez-lazer-tedavim-sueresince-konaklamam-25-nisan-2012-carsamba-tarihli-rapor\/\">Sonraki Rapor<\/a><\/p>\n<\/div>\n","protected":false},"excerpt":{"rendered":"<p>20\u2019lik bir banknottan 10\u2019luk bir banknotu ay\u0131rt etmek \u2013 25 Nisan 2012 \u00c7ar\u015famba Tarihli Rapor Daha iyi g\u00f6rmek istemem o kadar b\u00fcy\u00fckt\u00fc ki. Hen\u00fcz g\u00f6zl\u00fck kullanm\u0131yordum ama SMS, fiyat etiketleri, gazete okuma ve daha pek \u00e7ok \u015fey i\u00e7in s\u00fcrekli okuma g\u00f6zl\u00fc\u011f\u00fc kullanmak ya\u015fam kalitemi \u00e7ok k\u0131s\u0131tl\u0131yordu. \u0130stanbul\u2019da lazer yapt\u0131rmaya karar verdim. \u0130stanbul\u2019da ya\u015fayan ve beni cesaretlendiren arkada\u015f\u0131m bana \u00e7ok destek oldu. Onun k\u0131z\u0131, annesi ve hatta k\u00fc\u00e7\u00fck ye\u011feni (o zamanlar 2 ayl\u0131kt\u0131) ayn\u0131 klinikte b\u00fcy\u00fck ba\u015far\u0131yla lazer yapt\u0131rm\u0131\u015ft\u0131. B\u00f6ylece T\u00fcrkiye\u2019de yapt\u0131rmaya karar verdim. Sonra Swisslasik ile kar\u015f\u0131la\u015ft\u0131m. Bu organizasyonu kesinlikle tavsiye edebilirim. Bay Karaagacli bana \u00e7ok iyi bilgi verdi ve randevumu organize etti. Hastaneye \u00e7ok zaman\u0131nda vard\u0131k. Klinik g\u00fczel bir yerde, bir camiye bak\u0131yor. Hastane bana \u00e7ok iyi bir izlenim b\u0131rakt\u0131. \u00c7ok temiz ve \u00e7ok profesyonel bir \u015fekilde y\u00f6netilen Ac\u0131badem Hastanesi. \u00d6n muayeneler k\u0131sa s\u00fcrede ba\u015flad\u0131. Ancak \u00e7ok zaman al\u0131yor, bunu mutlaka hesaba katmak gerekiyor. Biz sabah 8\u2019de klinikteydik ve ak\u015fam 18:00\u2019e kadar oradan ayr\u0131ld\u0131k. Ama bu zaman gerekli. Sab\u0131rs\u0131zlanmamak ve tedirgin olmamak \u00e7ok \u00f6nemli. Buna de\u011fer. \u015eimdi kendimi ilk kez okuma \u00f6\u011frenen bir ilkokul \u00f6\u011frencisi gibi hissediyorum. 10 kuru\u015f ile 20 kuru\u015fu ay\u0131rt etmek, en k\u00fc\u00e7\u00fck yaz\u0131lar\u0131 okumak ger\u00e7ekten \u00e7ok keyifli. Tekrar %100 g\u00f6rebildi\u011fim i\u00e7in inan\u0131lmaz minnettar\u0131m. Hatta en k\u00fc\u00e7\u00fck toz tanesini bile g\u00f6rebiliyorum. Ameliyat \u00e7ok ba\u015far\u0131l\u0131 ge\u00e7ti. Ameliyat s\u0131ras\u0131nda biraz rahats\u0131z hissettim. Merkezi g\u00f6remedim ya da ne demek istediklerini anlamad\u0131m. Ama di\u011ferleri de ayn\u0131 durumu ya\u015fad\u0131. E\u011fer sizin de b\u00f6yle bir durumunuz olursa, ye\u015fil noktaya dikkat edin. Ameliyattan sonra g\u00f6zlerimi yakla\u015f\u0131k bir saat a\u00e7amad\u0131m. Yo\u011fun bir g\u00f6zya\u015f\u0131 ak\u0131\u015f\u0131 ya\u015fad\u0131m. Ama a\u011fr\u0131 veya yanma hissetmedim. G\u00f6zlerimi a\u00e7abildi\u011fimde kendimi harika hissettim. Te\u015fekk\u00fcr ederim, te\u015fekk\u00fcr ederim, te\u015fekk\u00fcr ederim. Bunu kesinlikle tavsiye ederim. Bay Karaagacli, bunu bizim i\u00e7in organize etti\u011finiz i\u00e7in te\u015fekk\u00fcrler. Ger\u00e7ekten inan\u0131lmaz bir i\u015f yap\u0131yorsunuz. En iyi dileklerimle, gelece\u011finiz i\u00e7in sevgiler. Monika Scarpellini, B\u00e4retswil \u00d6nceki Rapor Sonraki Rapor<\/p>\n","protected":false},"author":4,"featured_media":0,"parent":4505,"menu_order":0,"comment_status":"closed","ping_status":"closed","template":"","meta":{"_joinchat":[],"footnotes":""},"class_list":["post-4522","page","type-page","status-publish","hentry"],"acf":[],"_links":{"self":[{"href":"https:\/\/medicaltravel.at\/tr\/wp-json\/wp\/v2\/pages\/4522","targetHints":{"allow":["GET"]}}],"collection":[{"href":"https:\/\/medicaltravel.at\/tr\/wp-json\/wp\/v2\/pages"}],"about":[{"href":"https:\/\/medicaltravel.at\/tr\/wp-json\/wp\/v2\/types\/page"}],"author":[{"embeddable":true,"href":"https:\/\/medicaltravel.at\/tr\/wp-json\/wp\/v2\/users\/4"}],"replies":[{"embeddable":true,"href":"https:\/\/medicaltravel.at\/tr\/wp-json\/wp\/v2\/comments?post=4522"}],"version-history":[{"count":2,"href":"https:\/\/medicaltravel.at\/tr\/wp-json\/wp\/v2\/pages\/4522\/revisions"}],"predecessor-version":[{"id":5797,"href":"https:\/\/medicaltravel.at\/tr\/wp-json\/wp\/v2\/pages\/4522\/revisions\/5797"}],"up":[{"embeddable":true,"href":"https:\/\/medicaltravel.at\/tr\/wp-json\/wp\/v2\/pages\/4505"}],"wp:attachment":[{"href":"https:\/\/medicaltravel.at\/tr\/wp-json\/wp\/v2\/media?parent=4522"}],"curies":[{"name":"wp","href":"https:\/\/api.w.org\/{rel}","templated":true}]}}