{"id":4520,"date":"2025-09-28T09:43:57","date_gmt":"2025-09-28T08:43:57","guid":{"rendered":"https:\/\/medicaltravel.at\/hasta-hikayeleri\/goerues-raporlari-2012\/goezlueksuez-goerme-hayali-istanbulda-gerceklesti-18-mayis-2012-cuma-tarihli-rapor\/"},"modified":"2026-01-13T15:14:27","modified_gmt":"2026-01-13T14:14:27","slug":"goezlueksuez-goerme-hayali-istanbulda-gerceklesti-18-mayis-2012-cuma-tarihli-rapor","status":"publish","type":"page","link":"https:\/\/medicaltravel.at\/tr\/hasta-hikayeleri\/goerues-raporlari-2012\/goezlueksuez-goerme-hayali-istanbulda-gerceklesti-18-mayis-2012-cuma-tarihli-rapor\/","title":{"rendered":"G\u00f6zl\u00fcks\u00fcz G\u00f6rme Hayali \u2013 \u0130stanbul\u2019da Ger\u00e7ekle\u015fti\u2026\u2026 \u2013 18 May\u0131s 2012 Cuma Tarihli Rapor"},"content":{"rendered":"\n<p><strong>G\u00f6zl\u00fcks\u00fcz G\u00f6rme Hayali \u2013 \u0130stanbul\u2019da Ger\u00e7ekle\u015fti\u2026\u2026 <\/strong>\u2013 18 May\u0131s 2012 Cuma Tarihli Rapor<\/p>\n\n\n\n<p>Asl\u0131nda bu bir y\u0131lba\u015f\u0131 fikriydi. Arkada\u015f\u0131m\u0131n k\u0131z karde\u015finin ya\u015fad\u0131\u011f\u0131 bir ba\u015far\u0131 hikayesine dayan\u0131yordu. Bahsedilen k\u0131z karde\u015f, ciddi miyop oldu\u011fu i\u00e7in g\u00f6zlerini lazerle tedavi ettirmi\u015fti \u2013 \u0130stanbul\u2019da! \u0130stanbul\u2019da m\u0131? Evet, kesinlikle \u00e7ok ba\u015far\u0131l\u0131 ve profesyonelce yap\u0131lm\u0131\u015f. Acaba ger\u00e7ekten m\u00fcmk\u00fcn m\u00fcyd\u00fc? Kay\u0131nbiraderim \u00e7ok hevesliydi, asl\u0131nda benden bile daha \u00e7ok. Okuma g\u00f6zl\u00fc\u011f\u00fc y\u00fcz\u00fcnden rahats\u0131z oluyordu.<br><br>Ben de internette ara\u015ft\u0131rma yapt\u0131m ve Swisslasik Thun hemen ilgimi \u00e7ekti. \u0130leti\u015fim ki\u015fisi Bay Karagaacli, telefonda \u00e7ok dostane ve ikna edici bir \u015fekilde beni bilgilendirdi. Diyoptri de\u011ferlerim lazer i\u00e7in uygun g\u00f6r\u00fcn\u00fcyordu. \u0130ki gece d\u00fc\u015f\u00fcnd\u00fckten ve e\u015fimle g\u00f6r\u00fc\u015ft\u00fckten sonra bu maceray\u0131 ya\u015famaya karar verdim. Kay\u0131nbiraderim Gaby bana e\u015flik etmek ve Ac\u0131badem Klinik\u2019te bir g\u00f6z testi yapt\u0131rmak istedi. Ya\u015fla birlikte gelen uzak g\u00f6rme problemi olmas\u0131na ra\u011fmen belki bir ihtimal olur diye d\u00fc\u015f\u00fcnd\u00fck. Lazer umudu en son \u00f6l\u00fcr. Ne yaz\u0131k ki umudu ger\u00e7ekle\u015fmedi; lazer i\u00e7in uygun de\u011fildi.<br><br>E\u015fim ve k\u0131z\u0131m da bu deneyimi ya\u015famak istedi, b\u00f6ylece k\u0131sa bir aile gezisi i\u00e7in \u0130stanbul\u2019a gitmeyi planlad\u0131k. Her \u015fey (u\u00e7ak, otel, \u00f6n muayene, ameliyat ve kontrol) Bay Karagaacli taraf\u0131ndan organize edildi. Ne zaman teredd\u00fct etsem, telefon veya e-posta ile kendisine ula\u015ft\u0131m ve birka\u00e7 sakinle\u015ftirici s\u00f6zle t\u00fcm endi\u015felerimi giderdi.<br><br>Yola \u00e7\u0131kmadan birka\u00e7 g\u00fcn \u00f6nce bir LASER PASAPORTU ald\u0131m. Bu k\u00fc\u00e7\u00fck kitap\u00e7\u0131kta gerekli t\u00fcm bilgiler ve \u00f6nemli detaylar yer al\u0131yordu. Havaliman\u0131nda ACIBADEM Klinik\u2019in tabelas\u0131yla kar\u015f\u0131lanacakt\u0131k. Heyecanl\u0131 ve merakl\u0131 bir \u015fekilde, rahat bir SWISS u\u00e7u\u015funun ard\u0131ndan \u0130stanbul\u2019a indik ve y\u00fczlerce afi\u015fin aras\u0131ndan \u015fof\u00f6r\u00fcm\u00fcz\u00fc arad\u0131k. Ne yaz\u0131k ki bulamad\u0131k. Ancak klinik ile bir telefon g\u00f6r\u00fc\u015fmesi yeterli oldu, taksiye binmemiz s\u00f6ylendi; \u00fccretler elbette geri \u00f6denecekti.<br><br>Bir mesaj ve hafif bir \u201cBu iyi ba\u015flamad\u0131\u201d hissiyle T\u00fcrk mele\u011fimi \u0130svi\u00e7re\u2019de bilgilendirdim. Hemen geri arad\u0131 ve \u00f6z\u00fcr diledi. Neden b\u00f6yle oldu\u011funu a\u00e7\u0131klayamad\u0131. Evet, art\u0131k T\u00fcrkiye\u2019day\u0131z\u2026<br><br>Sonras\u0131nda her \u015fey sorunsuz ilerledi. Otelden klini\u011fe ve geri ta\u015f\u0131yan \u015fof\u00f6rler, otelin \u00f6n\u00fcnde 30 dakika \u00f6nce haz\u0131r bekliyorlard\u0131.<br><br>Geli\u015f \u00f6\u011fleden sonras\u0131 ve \u00e7ar\u015famba g\u00fcn\u00fc \u0130stanbul\u2019un k\u00fclt\u00fcrel ve gastronomik g\u00fczelliklerinin tad\u0131n\u0131 \u00e7\u0131kard\u0131k. Harikayd\u0131. Kaotik, g\u00fcr\u00fclt\u00fcl\u00fc, renkli ama sempatik. Per\u015fembe sabah\u0131 erken al\u0131nd\u0131k (saat 7, aman Tanr\u0131m). Kongre merkezi gibi g\u00f6r\u00fcnen klinikte Bay Tolga, beni takip edecek ki\u015fi, bizi kar\u015f\u0131lad\u0131. \u00d6n muayeneler sorunsuz ge\u00e7ti ama zaman ald\u0131. Uyar\u0131lm\u0131\u015ft\u0131m, ama i\u015flem i\u00e7in saatler ge\u00e7ti. Zaman\u0131 ge\u00e7irmek i\u00e7in kitap veya dergi tavsiye ederim.<br><br>Bu arada ho\u015f bir arkada\u015fl\u0131k kurduk: \u0130svi\u00e7reli bir kad\u0131n ve T\u00fcrk arkada\u015f\u0131. Onlar\u0131n bilgisi sayesinde birka\u00e7 saatli\u011fine klinikten \u201cka\u00e7\u0131p\u201d yak\u0131nlardaki bir al\u0131\u015fveri\u015f merkezini ziyaret ettik. \u00c7ok e\u011flenceliydi ve yard\u0131mc\u0131 oldu.<br><br>Maalesef benim \u00f6zel durumum nedeniyle Femto lazer tekni\u011fi kullan\u0131lmak zorundayd\u0131. Bu olduk\u00e7a hassas bir i\u015flem oldu\u011fu i\u00e7in ek 500 Euro maliyet \u00e7\u0131kt\u0131. Kornea \u00e7ok ince ve elastikti, \u00f6zel olarak lazerlenmesi gerekiyordu (her 10 hastadan 3\u2019\u00fcnde b\u00f6yle olur). Cesurca kabul ettim.<br><br>Koruyucu ba\u015fl\u0131k, ayakkab\u0131 ve giysi ile ameliyat alan\u0131na g\u00f6t\u00fcr\u00fcld\u00fcm ve g\u00f6zlerime damlalar uyguland\u0131. \u00d6n lazer s\u0131ras\u0131nda, i\u015flem kolay gibi g\u00f6r\u00fcnse de, Femto tekni\u011finin ayn\u0131 g\u00fcn uygulanamayaca\u011f\u0131 ortaya \u00e7\u0131kt\u0131. Sa\u011fl\u0131k nedenleriyle ertelenmesi gerekiyordu. Bu biraz stres yapt\u0131 ama yapacak bir \u015fey yoktu.<br><br>T\u00fcm zaman boyunca (ameliyat hari\u00e7) Gaby g\u00f6z\u00fcmden ay\u0131rmad\u0131, bana \u00e7ok destek ve cesaret verdi. Bu tam olarak gerekliydi. Yar\u0131 lazerlenmi\u015f ve tamamen yorgun bir \u015fekilde \u015fof\u00f6rle otele d\u00f6nd\u00fck. Tek istedi\u011fim uyumakt\u0131. Bu arada, sevdi\u011fim ki\u015filerle g\u00fczel bir T\u00fcrk ak\u015fam yeme\u011fini ka\u00e7\u0131rd\u0131m.<br><br>Cuma sabah\u0131 tekrar klinikteydim; 2,5 saat daha bekledikten sonra Bay Tolga beni ameliyat odas\u0131na ald\u0131. Kar\u015f\u0131ma \u00e7\u0131kan durum pek ho\u015f de\u011fildi. \u00d6zel kornea durumum komplikasyonlara yol a\u00e7t\u0131; sa\u011f g\u00f6zde her \u015fey g\u00f6rece iyi giderken sol g\u00f6zde sorun \u00e7\u0131kt\u0131. Kornea s\u00fcrekli kay\u0131yordu. Bay Tolga beni sakinle\u015ftirmekte zorland\u0131. \u00d6nceden sakinle\u015ftirici almad\u0131\u011f\u0131m i\u00e7in zor anlar ya\u015fad\u0131m. \u201cL\u00fctfen merkezime bak\u0131n, i\u015fimizi \u00e7ok zorla\u015ft\u0131r\u0131yorsunuz!\u201d dediler. Ama ben sadece \u0131\u015f\u0131klar ve her hareketi hissediyordum, t\u00fcm v\u00fccudum titriyordu ve \u00e7ok korkuyordum. Sol g\u00f6zde bu i\u015flem iki kez tekrarlamak zorunda kald\u0131m.<br><br>Sonunda \u2013 yakla\u015f\u0131k on saat sonra \u2013 her \u015fey yoluna girdi. \u201c\u0130yi i\u015f, her \u015fey tamam!\u201d dedi doktor. Doktorun so\u011fuk ama sakin elleri y\u00fcz\u00fcmdeydi, bana \u00e7ok yard\u0131mc\u0131 oldu. E\u015fim 1 saat sonra beni kar\u015f\u0131lad\u0131, \u00f6nceden s\u00f6ylenen 10 dakika yerine. Sakinle\u015ftirici ve a\u011fr\u0131 kesici istedi. \u00c7ok yorgundum ve yan\u0131nda oldu\u011fu i\u00e7in \u00e7ok mutluydum.<br><br>Otele d\u00f6nmek i\u00e7in kendi iste\u011fimizle metro kulland\u0131k. Klinikten direkt binebildik ve Taksim Meydan\u0131\u2019na taksiden \u00e7ok daha h\u0131zl\u0131 ula\u015ft\u0131k. Bir \u00f6nceki g\u00fcnk\u00fc taksi yolculu\u011fu beni \u00e7ok rahats\u0131z etmi\u015fti, bunu \u00f6nlemek istedim.<br><br>Kocaman siyah koruyucu g\u00f6zl\u00fckle biraz canavar gibi g\u00f6r\u00fcn\u00fcyordum ama kimse umursamad\u0131. Otelde bir uyku hap\u0131 ald\u0131m, e\u015fimi planlanan Bo\u011faz turuna k\u0131z\u0131m ve kay\u0131nbiraderimle g\u00f6nderdim ve hemen uyudum.<br><br>D\u00f6rt saat sonra: Saat 17.00 \u2013 g\u00f6zler a\u00e7\u0131ld\u0131 \u2013 net g\u00f6r\u00fc\u015f \u2013 wow! Art\u0131k lazer hastalar\u0131n\u0131n raporlar\u0131nda anlatt\u0131\u011f\u0131 mutlulu\u011fu ya\u015f\u0131yordum. G\u00f6zl\u00fcks\u00fcz g\u00f6rebiliyordum. Otel penceresinin kar\u015f\u0131s\u0131ndaki k\u00f6t\u00fc durumda olan bina bile bana g\u00fczel g\u00f6r\u00fcn\u00fcyordu. Yeniden do\u011fmu\u015f gibi hissettim ve tek istedi\u011fim d\u0131\u015far\u0131 \u00e7\u0131kmak, siyah g\u00fcne\u015f g\u00f6zl\u00fc\u011f\u00fc ile gizlenmekti. Tarif edilemez, net g\u00f6rebiliyordum. Hatta g\u00f6zl\u00fcks\u00fcz SMS bile atabiliyordum! B\u00fcy\u00fc i\u015fe yaram\u0131\u015ft\u0131. \u00d6nceden lazer sonras\u0131 mutlaka okuma g\u00f6zl\u00fc\u011f\u00fc kullanmam gerekece\u011fi s\u00f6ylenmi\u015fti ama ben bunu ya\u015famad\u0131m.<\/p>\n\n\n\n<p>G\u00f6zlerim bu yorucu ve a\u011fr\u0131l\u0131 s\u00fcre\u00e7ten sonra k\u0131zarm\u0131\u015ft\u0131. Sol g\u00f6z\u00fcm adeta bir zombi gibi bak\u0131yordu, alt k\u0131sm\u0131 kan k\u0131rm\u0131z\u0131s\u0131 olmu\u015ftu, \u00e7ok k\u00f6t\u00fc g\u00f6r\u00fcn\u00fcyordu. Ama ge\u00e7ece\u011fi s\u00f6ylenmi\u015fti. En \u00f6nemli nokta, g\u00f6z damlalar\u0131yla d\u00fczenli ve talimatlara uygun tedaviyi uygulamakt\u0131.<br><br>U\u00e7u\u015ftan \u00f6nce doktor, eve d\u00f6nmeden \u00f6nce son bir kontrol yapmak istedi. Bu beni \u00e7ok rahatlatt\u0131. Yine her \u015fey kusursuz bir \u015fekilde organize edilmi\u015fti. Otelden al\u0131nd\u0131k, bagajlar\u0131m\u0131zla birlikte, klinikte k\u0131sa bir duraklama ve ard\u0131ndan havaliman\u0131na transfer. Doktor memnundu ve bir sonraki kontrol\u00fcn d\u00f6rt hafta sonra Z\u00fcrih\u2019te yap\u0131lmas\u0131n\u0131 tavsiye etti.<br><br>Cumartesi ak\u015fam\u0131 bu lazer maceras\u0131ndan mutlu ve memnun \u015fekilde evimize d\u00f6nd\u00fck. Zombi bak\u0131\u015f\u0131m\u0131 takip eden hafta hafif renkli bir g\u00fcne\u015f g\u00f6zl\u00fc\u011f\u00fc ile gizledim, i\u015fte bile takt\u0131m, b\u00f6ylece kimseyi korkutmad\u0131m \ud83d\ude42 Bir hafta sonra bak\u0131\u015f\u0131m normalle\u015fmeye, beyaz ve daha dostane bir h\u00e2l almaya ba\u015flad\u0131.<br><br>D\u00f6rt hafta sonra Z\u00fcrih\u2019te yap\u0131lan kontrol (yine en \u00fcst seviyede) sol g\u00f6z\u00fcmde h\u00e2l\u00e2 bir tabaka oldu\u011funu g\u00f6sterdi, bu nedenle sol g\u00f6z\u00fcm sa\u011f kadar net g\u00f6rm\u00fcyordu. Doktor sol g\u00f6z i\u00e7in %75, sa\u011f g\u00f6z i\u00e7in %98 g\u00f6rme g\u00fcc\u00fc \u00f6l\u00e7t\u00fc. Ancak g\u00f6z tamamen iyile\u015fti\u011finde sol g\u00f6z\u00fcn g\u00f6rme g\u00fcc\u00fc de artacak. H\u00e2l\u00e2 hafif bir astigmatizma mevcut; bu da g\u00f6zl\u00fcks\u00fcz okumay\u0131 nispeten kolayla\u015ft\u0131r\u0131yor. Haziran ortas\u0131nda yap\u0131lacak bir ba\u015fka kontrol nihai g\u00f6rme sonucunu g\u00f6sterecek.<br><br>Her hal\u00fckarda: Bunu tekrar yapard\u0131m; \u00e7\u00fcnk\u00fc hayat\u0131m g\u00f6zle ilgili olarak ger\u00e7ekten \u00e7ok olumlu de\u011fi\u015fti. Yine \u0130stanbul\u2019da lazer yapt\u0131rmay\u0131 tercih ederdim. \u00c7\u00fcnk\u00fc oradaki ekip, al\u0131\u015f\u0131lmad\u0131k bir durumu \u00e7ok profesyonel ve e\u011fitimli bir \u015fekilde y\u00f6netti. T\u00fcm ekibe tebrikler! Bu klini\u011fi kesinlikle tavsiye ederim. Ger\u00e7ekten cesur olmak buna de\u011fer. Asl\u0131nda cesur olmaya gerek bile yok, \u00e7\u00fcnk\u00fc eminim bu hastane \u0130svi\u00e7re\u2019deki herhangi bir hastaneyle rahat\u00e7a yar\u0131\u015f\u0131r. Swiss-Lasik ba\u015ftan sona m\u00fckemmel bir i\u015f \u00e7\u0131kar\u0131yor. \u00c7ok \u00e7ok \u00e7ok te\u015fekk\u00fcrler! Tam bir k\u00fclt\u00fcr deneyimi.                           <\/p>\n\n\n\n<p><br>Otelimiz\u2026<\/p>\n\n\n\n<figure class=\"wp-block-image size-full\"><img fetchpriority=\"high\" decoding=\"async\" width=\"300\" height=\"225\" src=\"https:\/\/medicaltravel.at\/wp-content\/uploads\/2025\/09\/1-7-300x225-1.jpg\" alt=\"\" class=\"wp-image-1174\"\/><\/figure>\n\n\n\n<p><br>Hay\u0131r, hay\u0131r, daha \u00e7ok \u015fu olan\u0131 \ud83d\ude00<\/p>\n\n\n\n<figure class=\"wp-block-image size-full\"><img decoding=\"async\" width=\"300\" height=\"282\" src=\"https:\/\/medicaltravel.at\/wp-content\/uploads\/2025\/09\/2-5-300x282-1.jpg\" alt=\"\" class=\"wp-image-1175\"\/><\/figure>\n\n\n\n<p>Harika merkezi bir konumda. Taksim Meydan\u0131 ve Taksim al\u0131\u015fveri\u015f caddesi, bir\u00e7ok g\u00fczel kafe ve restoran ile y\u00fcr\u00fcme mesafesinde, sadece 5 dakika. \u0130yi yemek yemek sorun de\u011fil ve ayr\u0131ca \u00e7ok, \u00e7ok uygun fiyatl\u0131.  <\/p>\n\n\n\n<figure class=\"wp-block-image size-full\"><img decoding=\"async\" width=\"300\" height=\"232\" src=\"https:\/\/medicaltravel.at\/wp-content\/uploads\/2025\/09\/3-4-300x232-1.jpg\" alt=\"\" class=\"wp-image-1176\"\/><\/figure>\n\n\n\n<p>Regina Renggli<\/p>\n\n\n\n<figure class=\"wp-block-image size-full is-resized\"><img loading=\"lazy\" decoding=\"async\" width=\"300\" height=\"250\" src=\"https:\/\/medicaltravel.at\/wp-content\/uploads\/2025\/09\/4-3-300x250-1.jpg\" alt=\"\" class=\"wp-image-1177\" style=\"aspect-ratio:1;width:20px;height:auto\"\/><\/figure>\n\n\n\n<div class=\"wp-block-group is-layout-grid wp-container-core-group-is-layout-baef362d wp-block-group-is-layout-grid\">\n<p><a href=\"https:\/\/medicaltravel.at\/home\/agb\/\" data-type=\"page\" data-id=\"2191\"><\/a><a href=\"https:\/\/medicaltravel.at\/tr\/hasta-hikayeleri\/goerues-raporlari-2012\/istanbul-acibadem-tuerkiyede-goez-lazer-tedavim-hakkinda-deneyim-raporu-30-mayis-2012-carsamba-tarihli-rapor\/\" data-type=\"link\" data-id=\"https:\/\/medicaltravel.at\/tr\/hasta-hikayeleri\/goerues-raporlari-2012\/istanbul-acibadem-tuerkiyede-goez-lazer-tedavim-hakkinda-deneyim-raporu-30-mayis-2012-carsamba-tarihli-rapor\/\">\u00d6nceki Rapor<\/a><\/p>\n\n\n\n<p class=\"has-text-align-right wp-container-content-5e2576f9\"><a href=\"https:\/\/medicaltravel.at\/home\/impressum\/\" data-type=\"page\" data-id=\"2193\"><\/a><a href=\"https:\/\/medicaltravel.at\/home\/berichte-von-patienten\/erfahrungsberichte\/erfahrungsbericht-zahnbehandlung-in-istanbul\/\" data-type=\"page\" data-id=\"981\"><\/a><a href=\"https:\/\/medicaltravel.at\/tr\/hasta-hikayeleri\/goerues-raporlari-2012\/istanbul-gezisi-28-31-mart-2012-ameliyat-29-mart-16-mayis-2012-carsamba-tarihli-rapor\/\" data-type=\"link\" data-id=\"https:\/\/medicaltravel.at\/tr\/hasta-hikayeleri\/goerues-raporlari-2012\/istanbul-gezisi-28-31-mart-2012-ameliyat-29-mart-16-mayis-2012-carsamba-tarihli-rapor\/\">Sonraki Rapor<\/a><\/p>\n<\/div>\n","protected":false},"excerpt":{"rendered":"<p>G\u00f6zl\u00fcks\u00fcz G\u00f6rme Hayali \u2013 \u0130stanbul\u2019da Ger\u00e7ekle\u015fti\u2026\u2026 \u2013 18 May\u0131s 2012 Cuma Tarihli Rapor Asl\u0131nda bu bir y\u0131lba\u015f\u0131 fikriydi. Arkada\u015f\u0131m\u0131n k\u0131z karde\u015finin ya\u015fad\u0131\u011f\u0131 bir ba\u015far\u0131 hikayesine dayan\u0131yordu. Bahsedilen k\u0131z karde\u015f, ciddi miyop oldu\u011fu i\u00e7in g\u00f6zlerini lazerle tedavi ettirmi\u015fti \u2013 \u0130stanbul\u2019da! \u0130stanbul\u2019da m\u0131? Evet, kesinlikle \u00e7ok ba\u015far\u0131l\u0131 ve profesyonelce yap\u0131lm\u0131\u015f. Acaba ger\u00e7ekten m\u00fcmk\u00fcn m\u00fcyd\u00fc? Kay\u0131nbiraderim \u00e7ok hevesliydi, asl\u0131nda benden bile daha \u00e7ok. Okuma g\u00f6zl\u00fc\u011f\u00fc y\u00fcz\u00fcnden rahats\u0131z oluyordu. Ben de internette ara\u015ft\u0131rma yapt\u0131m ve Swisslasik Thun hemen ilgimi \u00e7ekti. \u0130leti\u015fim ki\u015fisi Bay Karagaacli, telefonda \u00e7ok dostane ve ikna edici bir \u015fekilde beni bilgilendirdi. Diyoptri de\u011ferlerim lazer i\u00e7in uygun g\u00f6r\u00fcn\u00fcyordu. \u0130ki gece d\u00fc\u015f\u00fcnd\u00fckten ve e\u015fimle g\u00f6r\u00fc\u015ft\u00fckten sonra bu maceray\u0131 ya\u015famaya karar verdim. Kay\u0131nbiraderim Gaby bana e\u015flik etmek ve Ac\u0131badem Klinik\u2019te bir g\u00f6z testi yapt\u0131rmak istedi. Ya\u015fla birlikte gelen uzak g\u00f6rme problemi olmas\u0131na ra\u011fmen belki bir ihtimal olur diye d\u00fc\u015f\u00fcnd\u00fck. Lazer umudu en son \u00f6l\u00fcr. Ne yaz\u0131k ki umudu ger\u00e7ekle\u015fmedi; lazer i\u00e7in uygun de\u011fildi. E\u015fim ve k\u0131z\u0131m da bu deneyimi ya\u015famak istedi, b\u00f6ylece k\u0131sa bir aile gezisi i\u00e7in \u0130stanbul\u2019a gitmeyi planlad\u0131k. Her \u015fey (u\u00e7ak, otel, \u00f6n muayene, ameliyat ve kontrol) Bay Karagaacli taraf\u0131ndan organize edildi. Ne zaman teredd\u00fct etsem, telefon veya e-posta ile kendisine ula\u015ft\u0131m ve birka\u00e7 sakinle\u015ftirici s\u00f6zle t\u00fcm endi\u015felerimi giderdi. Yola \u00e7\u0131kmadan birka\u00e7 g\u00fcn \u00f6nce bir LASER PASAPORTU ald\u0131m. Bu k\u00fc\u00e7\u00fck kitap\u00e7\u0131kta gerekli t\u00fcm bilgiler ve \u00f6nemli detaylar yer al\u0131yordu. Havaliman\u0131nda ACIBADEM Klinik\u2019in tabelas\u0131yla kar\u015f\u0131lanacakt\u0131k. Heyecanl\u0131 ve merakl\u0131 bir \u015fekilde, rahat bir SWISS u\u00e7u\u015funun ard\u0131ndan \u0130stanbul\u2019a indik ve y\u00fczlerce afi\u015fin aras\u0131ndan \u015fof\u00f6r\u00fcm\u00fcz\u00fc arad\u0131k. Ne yaz\u0131k ki bulamad\u0131k. Ancak klinik ile bir telefon g\u00f6r\u00fc\u015fmesi yeterli oldu, taksiye binmemiz s\u00f6ylendi; \u00fccretler elbette geri \u00f6denecekti. Bir mesaj ve hafif bir \u201cBu iyi ba\u015flamad\u0131\u201d hissiyle T\u00fcrk mele\u011fimi \u0130svi\u00e7re\u2019de bilgilendirdim. Hemen geri arad\u0131 ve \u00f6z\u00fcr diledi. Neden b\u00f6yle oldu\u011funu a\u00e7\u0131klayamad\u0131. Evet, art\u0131k T\u00fcrkiye\u2019day\u0131z\u2026 Sonras\u0131nda her \u015fey sorunsuz ilerledi. Otelden klini\u011fe ve geri ta\u015f\u0131yan \u015fof\u00f6rler, otelin \u00f6n\u00fcnde 30 dakika \u00f6nce haz\u0131r bekliyorlard\u0131. Geli\u015f \u00f6\u011fleden sonras\u0131 ve \u00e7ar\u015famba g\u00fcn\u00fc \u0130stanbul\u2019un k\u00fclt\u00fcrel ve gastronomik g\u00fczelliklerinin tad\u0131n\u0131 \u00e7\u0131kard\u0131k. Harikayd\u0131. Kaotik, g\u00fcr\u00fclt\u00fcl\u00fc, renkli ama sempatik. Per\u015fembe sabah\u0131 erken al\u0131nd\u0131k (saat 7, aman Tanr\u0131m). Kongre merkezi gibi g\u00f6r\u00fcnen klinikte Bay Tolga, beni takip edecek ki\u015fi, bizi kar\u015f\u0131lad\u0131. \u00d6n muayeneler sorunsuz ge\u00e7ti ama zaman ald\u0131. Uyar\u0131lm\u0131\u015ft\u0131m, ama i\u015flem i\u00e7in saatler ge\u00e7ti. Zaman\u0131 ge\u00e7irmek i\u00e7in kitap veya dergi tavsiye ederim. Bu arada ho\u015f bir arkada\u015fl\u0131k kurduk: \u0130svi\u00e7reli bir kad\u0131n ve T\u00fcrk arkada\u015f\u0131. Onlar\u0131n bilgisi sayesinde birka\u00e7 saatli\u011fine klinikten \u201cka\u00e7\u0131p\u201d yak\u0131nlardaki bir al\u0131\u015fveri\u015f merkezini ziyaret ettik. \u00c7ok e\u011flenceliydi ve yard\u0131mc\u0131 oldu. Maalesef benim \u00f6zel durumum nedeniyle Femto lazer tekni\u011fi kullan\u0131lmak zorundayd\u0131. Bu olduk\u00e7a hassas bir i\u015flem oldu\u011fu i\u00e7in ek 500 Euro maliyet \u00e7\u0131kt\u0131. Kornea \u00e7ok ince ve elastikti, \u00f6zel olarak lazerlenmesi gerekiyordu (her 10 hastadan 3\u2019\u00fcnde b\u00f6yle olur). Cesurca kabul ettim. Koruyucu ba\u015fl\u0131k, ayakkab\u0131 ve giysi ile ameliyat alan\u0131na g\u00f6t\u00fcr\u00fcld\u00fcm ve g\u00f6zlerime damlalar uyguland\u0131. \u00d6n lazer s\u0131ras\u0131nda, i\u015flem kolay gibi g\u00f6r\u00fcnse de, Femto tekni\u011finin ayn\u0131 g\u00fcn uygulanamayaca\u011f\u0131 ortaya \u00e7\u0131kt\u0131. Sa\u011fl\u0131k nedenleriyle ertelenmesi gerekiyordu. Bu biraz stres yapt\u0131 ama yapacak bir \u015fey yoktu. T\u00fcm zaman boyunca (ameliyat hari\u00e7) Gaby g\u00f6z\u00fcmden ay\u0131rmad\u0131, bana \u00e7ok destek ve cesaret verdi. Bu tam olarak gerekliydi. Yar\u0131 lazerlenmi\u015f ve tamamen yorgun bir \u015fekilde \u015fof\u00f6rle otele d\u00f6nd\u00fck. Tek istedi\u011fim uyumakt\u0131. Bu arada, sevdi\u011fim ki\u015filerle g\u00fczel bir T\u00fcrk ak\u015fam yeme\u011fini ka\u00e7\u0131rd\u0131m. Cuma sabah\u0131 tekrar klinikteydim; 2,5 saat daha bekledikten sonra Bay Tolga beni ameliyat odas\u0131na ald\u0131. Kar\u015f\u0131ma \u00e7\u0131kan durum pek ho\u015f de\u011fildi. \u00d6zel kornea durumum komplikasyonlara yol a\u00e7t\u0131; sa\u011f g\u00f6zde her \u015fey g\u00f6rece iyi giderken sol g\u00f6zde sorun \u00e7\u0131kt\u0131. Kornea s\u00fcrekli kay\u0131yordu. Bay Tolga beni sakinle\u015ftirmekte zorland\u0131. \u00d6nceden sakinle\u015ftirici almad\u0131\u011f\u0131m i\u00e7in zor anlar ya\u015fad\u0131m. \u201cL\u00fctfen merkezime bak\u0131n, i\u015fimizi \u00e7ok zorla\u015ft\u0131r\u0131yorsunuz!\u201d dediler. Ama ben sadece \u0131\u015f\u0131klar ve her hareketi hissediyordum, t\u00fcm v\u00fccudum titriyordu ve \u00e7ok korkuyordum. Sol g\u00f6zde bu i\u015flem iki kez tekrarlamak zorunda kald\u0131m. Sonunda \u2013 yakla\u015f\u0131k on saat sonra \u2013 her \u015fey yoluna girdi. \u201c\u0130yi i\u015f, her \u015fey tamam!\u201d dedi doktor. Doktorun so\u011fuk ama sakin elleri y\u00fcz\u00fcmdeydi, bana \u00e7ok yard\u0131mc\u0131 oldu. E\u015fim 1 saat sonra beni kar\u015f\u0131lad\u0131, \u00f6nceden s\u00f6ylenen 10 dakika yerine. Sakinle\u015ftirici ve a\u011fr\u0131 kesici istedi. \u00c7ok yorgundum ve yan\u0131nda oldu\u011fu i\u00e7in \u00e7ok mutluydum. Otele d\u00f6nmek i\u00e7in kendi iste\u011fimizle metro kulland\u0131k. Klinikten direkt binebildik ve Taksim Meydan\u0131\u2019na taksiden \u00e7ok daha h\u0131zl\u0131 ula\u015ft\u0131k. Bir \u00f6nceki g\u00fcnk\u00fc taksi yolculu\u011fu beni \u00e7ok rahats\u0131z etmi\u015fti, bunu \u00f6nlemek istedim. Kocaman siyah koruyucu g\u00f6zl\u00fckle biraz canavar gibi g\u00f6r\u00fcn\u00fcyordum ama kimse umursamad\u0131. Otelde bir uyku hap\u0131 ald\u0131m, e\u015fimi planlanan Bo\u011faz turuna k\u0131z\u0131m ve kay\u0131nbiraderimle g\u00f6nderdim ve hemen uyudum. D\u00f6rt saat sonra: Saat 17.00 \u2013 g\u00f6zler a\u00e7\u0131ld\u0131 \u2013 net g\u00f6r\u00fc\u015f \u2013 wow! Art\u0131k lazer hastalar\u0131n\u0131n raporlar\u0131nda anlatt\u0131\u011f\u0131 mutlulu\u011fu ya\u015f\u0131yordum. G\u00f6zl\u00fcks\u00fcz g\u00f6rebiliyordum. Otel penceresinin kar\u015f\u0131s\u0131ndaki k\u00f6t\u00fc durumda olan bina bile bana g\u00fczel g\u00f6r\u00fcn\u00fcyordu. Yeniden do\u011fmu\u015f gibi hissettim ve tek istedi\u011fim d\u0131\u015far\u0131 \u00e7\u0131kmak, siyah g\u00fcne\u015f g\u00f6zl\u00fc\u011f\u00fc ile gizlenmekti. Tarif edilemez, net g\u00f6rebiliyordum. Hatta g\u00f6zl\u00fcks\u00fcz SMS bile atabiliyordum! B\u00fcy\u00fc i\u015fe yaram\u0131\u015ft\u0131. \u00d6nceden lazer sonras\u0131 mutlaka okuma g\u00f6zl\u00fc\u011f\u00fc kullanmam gerekece\u011fi s\u00f6ylenmi\u015fti ama ben bunu ya\u015famad\u0131m. G\u00f6zlerim bu yorucu ve a\u011fr\u0131l\u0131 s\u00fcre\u00e7ten sonra k\u0131zarm\u0131\u015ft\u0131. Sol g\u00f6z\u00fcm adeta bir zombi gibi bak\u0131yordu, alt k\u0131sm\u0131 kan k\u0131rm\u0131z\u0131s\u0131 olmu\u015ftu, \u00e7ok k\u00f6t\u00fc g\u00f6r\u00fcn\u00fcyordu. Ama ge\u00e7ece\u011fi s\u00f6ylenmi\u015fti. En \u00f6nemli nokta, g\u00f6z damlalar\u0131yla d\u00fczenli ve talimatlara uygun tedaviyi uygulamakt\u0131. U\u00e7u\u015ftan \u00f6nce doktor, eve d\u00f6nmeden \u00f6nce son bir kontrol yapmak istedi. Bu beni \u00e7ok rahatlatt\u0131. Yine her \u015fey kusursuz bir \u015fekilde organize edilmi\u015fti. Otelden al\u0131nd\u0131k, bagajlar\u0131m\u0131zla birlikte, klinikte k\u0131sa bir duraklama ve ard\u0131ndan havaliman\u0131na transfer. Doktor memnundu ve bir sonraki kontrol\u00fcn d\u00f6rt hafta sonra Z\u00fcrih\u2019te yap\u0131lmas\u0131n\u0131 tavsiye etti. Cumartesi ak\u015fam\u0131 bu lazer maceras\u0131ndan mutlu ve memnun \u015fekilde evimize d\u00f6nd\u00fck. Zombi bak\u0131\u015f\u0131m\u0131 takip eden hafta hafif renkli bir g\u00fcne\u015f g\u00f6zl\u00fc\u011f\u00fc ile gizledim, i\u015fte bile takt\u0131m, b\u00f6ylece kimseyi korkutmad\u0131m \ud83d\ude42 Bir hafta sonra bak\u0131\u015f\u0131m normalle\u015fmeye, beyaz ve daha dostane bir h\u00e2l almaya ba\u015flad\u0131. D\u00f6rt hafta sonra Z\u00fcrih\u2019te yap\u0131lan kontrol (yine en \u00fcst seviyede) sol g\u00f6z\u00fcmde h\u00e2l\u00e2 bir tabaka oldu\u011funu g\u00f6sterdi, bu nedenle sol g\u00f6z\u00fcm sa\u011f kadar net g\u00f6rm\u00fcyordu. Doktor sol g\u00f6z i\u00e7in %75, sa\u011f g\u00f6z i\u00e7in %98 g\u00f6rme g\u00fcc\u00fc \u00f6l\u00e7t\u00fc. Ancak g\u00f6z tamamen iyile\u015fti\u011finde sol g\u00f6z\u00fcn g\u00f6rme g\u00fcc\u00fc de artacak. H\u00e2l\u00e2 hafif bir astigmatizma mevcut; bu da g\u00f6zl\u00fcks\u00fcz okumay\u0131 nispeten kolayla\u015ft\u0131r\u0131yor. Haziran ortas\u0131nda yap\u0131lacak bir ba\u015fka kontrol nihai g\u00f6rme sonucunu g\u00f6sterecek. Her hal\u00fckarda: Bunu tekrar yapard\u0131m; \u00e7\u00fcnk\u00fc hayat\u0131m g\u00f6zle ilgili olarak ger\u00e7ekten \u00e7ok olumlu de\u011fi\u015fti. Yine \u0130stanbul\u2019da lazer yapt\u0131rmay\u0131 tercih ederdim. \u00c7\u00fcnk\u00fc oradaki ekip,<\/p>\n","protected":false},"author":4,"featured_media":0,"parent":4505,"menu_order":0,"comment_status":"closed","ping_status":"closed","template":"","meta":{"_joinchat":[],"footnotes":""},"class_list":["post-4520","page","type-page","status-publish","hentry"],"acf":[],"_links":{"self":[{"href":"https:\/\/medicaltravel.at\/tr\/wp-json\/wp\/v2\/pages\/4520","targetHints":{"allow":["GET"]}}],"collection":[{"href":"https:\/\/medicaltravel.at\/tr\/wp-json\/wp\/v2\/pages"}],"about":[{"href":"https:\/\/medicaltravel.at\/tr\/wp-json\/wp\/v2\/types\/page"}],"author":[{"embeddable":true,"href":"https:\/\/medicaltravel.at\/tr\/wp-json\/wp\/v2\/users\/4"}],"replies":[{"embeddable":true,"href":"https:\/\/medicaltravel.at\/tr\/wp-json\/wp\/v2\/comments?post=4520"}],"version-history":[{"count":2,"href":"https:\/\/medicaltravel.at\/tr\/wp-json\/wp\/v2\/pages\/4520\/revisions"}],"predecessor-version":[{"id":5794,"href":"https:\/\/medicaltravel.at\/tr\/wp-json\/wp\/v2\/pages\/4520\/revisions\/5794"}],"up":[{"embeddable":true,"href":"https:\/\/medicaltravel.at\/tr\/wp-json\/wp\/v2\/pages\/4505"}],"wp:attachment":[{"href":"https:\/\/medicaltravel.at\/tr\/wp-json\/wp\/v2\/media?parent=4520"}],"curies":[{"name":"wp","href":"https:\/\/api.w.org\/{rel}","templated":true}]}}