{"id":4514,"date":"2025-09-28T09:45:57","date_gmt":"2025-09-28T08:45:57","guid":{"rendered":"https:\/\/medicaltravel.at\/hasta-hikayeleri\/goerues-raporlari-2012\/goezleri-oezguer-yasamanin-verdigi-yeni-hayat-hissi-paha-bicilemez-6-mayis-2012-pazar-tarihli-rapor\/"},"modified":"2026-01-13T15:15:55","modified_gmt":"2026-01-13T14:15:55","slug":"goezleri-oezguer-yasamanin-verdigi-yeni-hayat-hissi-paha-bicilemez-6-mayis-2012-pazar-tarihli-rapor","status":"publish","type":"page","link":"https:\/\/medicaltravel.at\/tr\/hasta-hikayeleri\/goerues-raporlari-2012\/goezleri-oezguer-yasamanin-verdigi-yeni-hayat-hissi-paha-bicilemez-6-mayis-2012-pazar-tarihli-rapor\/","title":{"rendered":"G\u00f6zleri \u201c\u00f6zg\u00fcr\u201d ya\u015faman\u0131n verdi\u011fi yeni hayat hissi paha bi\u00e7ilemez! \u2013 6 May\u0131s 2012 Pazar Tarihli Rapor"},"content":{"rendered":"\n<p><strong>G\u00f6zleri \u201c\u00f6zg\u00fcr\u201d ya\u015faman\u0131n verdi\u011fi yeni hayat hissi paha bi\u00e7ilemez!<\/strong> \u2013 6 May\u0131s 2012 Pazar Tarihli Rapor<\/p>\n\n\n\n<p>Y\u0131llarca g\u00f6zlerimi lazerle tedavi ettirmeyi d\u00fc\u015f\u00fcn\u00fcp durduktan sonra, tan\u0131d\u0131klar\u0131mdan olumlu geri bildirimler ald\u0131ktan sonra bu y\u0131l ameliyat\u0131 yapt\u0131rmaya karar verdim. \u0130nternette uzun ara\u015ft\u0131rmalar yapt\u0131ktan sonra Swisslasik ile kar\u015f\u0131la\u015ft\u0131m. Ayr\u0131ca bu firman\u0131n St. Gallen Tatil Fuar\u0131\u2019nda temsil edildi\u011fini \u00f6\u011frendim. Bu y\u00fczden, \u0130stanbula yapaca\u011f\u0131m\u0131z yolculukta benimle birlikte gelen arkada\u015f\u0131m ile fuara gittik. Orada Bay Karaagacli ile bizzat tan\u0131\u015ft\u0131k, ameliyat ve klinik hakk\u0131nda ilk detayl\u0131 bilgileri kendisinden ald\u0131k ve ileti\u015fim bilgilerimizi payla\u015ft\u0131k. Bu etkinlik, verilen bilgiler ve Bay Karaagacli\u2019nin dostane yakla\u015f\u0131m\u0131 g\u00f6z ameliyat\u0131 yapt\u0131rma karar\u0131m\u0131 g\u00fc\u00e7lendirdi.<br><br>K\u0131sa bir s\u00fcre sonra, Bay Karaagacli\u2019den e-posta ile ameliyat yolculu\u011fu hakk\u0131nda detayl\u0131 bilgiler ald\u0131m ve istedi\u011fim tarihleri iletebildim (toplamda d\u00f6rt ki\u015fiydik \u2013 2 hasta ve 2 refakat\u00e7i). Taleplerimiz al\u0131nd\u0131, yolculuk h\u0131zl\u0131ca organize edildi ve onay e-posta ile g\u00f6nderildi. Her \u015fey sorunsuz ve \u00e7ok h\u0131zl\u0131 ilerledi. \u0130svi\u00e7re\u2019de \u00f6n muayene yapt\u0131rmad\u0131m, \u00e7\u00fcnk\u00fc bildi\u011fim kadar\u0131yla ciddi bir g\u00f6z problemi yoktu (astigmatizma veya benzeri bir durum yoktu).<br><br>Ameliyat yolculuk \u00fccretini \u00f6dedikten sonra, kalk\u0131\u015ftan 10 g\u00fcn \u00f6nce biletlerimizi ve i\u00e7inde ameliyat \u00f6ncesi ve sonras\u0131 dikkat edilmesi gerekenler, \u0130stanbul\u2019da gezilecek yerler ve restoran \u00f6nerileri gibi \u00e7ok faydal\u0131 bilgiler i\u00e7eren bir Swisslasik Pasaportunu ald\u0131k.<br><br>23 Nisan 2012\u2019de Z\u00fcrih Havaliman\u0131\u2019ndan \u0130stanbul\u2019a do\u011fru yola \u00e7\u0131kt\u0131k. G\u00f6z ameliyat\u0131 nedeniyle biraz tedirgin olsam da, \u0130stanbul\u2019a ilk defa gidecek olman\u0131n heyecan\u0131 bask\u0131nd\u0131. \u0130stanbul Havaliman\u0131\u2019nda klinik Ac\u0131badem\u2019in kar\u015f\u0131lama servisi bizi \u00e7ok dostane bir \u015fekilde kar\u015f\u0131lad\u0131 ve otele g\u00f6t\u00fcrd\u00fc. Otelde de g\u00fcler y\u00fczle kar\u015f\u0131land\u0131k, odam\u0131za e\u015flik edildi; odalar temiz ve \u00e7ok rahat donan\u0131ml\u0131yd\u0131.<br><br>Ertesi sabah saat 8\u2019de otelden tam zaman\u0131nda al\u0131nd\u0131k. Refakat\u00e7ilerimiz ise taksiyle klini\u011fe kendi ba\u015flar\u0131na gitmek zorunda kald\u0131lar, \u00e7\u00fcnk\u00fc servis taksisi doluydu. Klinikte, Almanca konu\u015fan personel hemen bizi kar\u015f\u0131lad\u0131 ve gerekli muayeneler i\u00e7in ilgili odalara y\u00f6nlendirdi. Klinik beni ki\u015fisel olarak \u00e7ok olumlu etkiledi. Temizlik ve modernlik beni cesaretlendirdi, tedirginli\u011fim biraz azald\u0131.<br><br>Muayeneler \u00e7ok profesyonel ve titiz \u015fekilde yap\u0131ld\u0131. Yakla\u015f\u0131k 2 saat sonra, doktorun bulundu\u011fu g\u00f6r\u00fc\u015fme odas\u0131na \u00e7a\u011fr\u0131ld\u0131k ve g\u00f6zlerimizin standart LASIK y\u00f6ntemleri i\u00e7in uygun oldu\u011fu kesinle\u015fti. Ameliyat\u0131n saat 14.00 civar\u0131nda yap\u0131laca\u011f\u0131 ve o zamana kadar \u00fcst kattaki kantinde zaman ge\u00e7irebilece\u011fimiz s\u00f6ylendi.<br><br>Saat 14.00\u2019te personel bizi tam zaman\u0131nda al\u0131p bekleme odas\u0131na y\u00f6nlendirdi. Tedirginlik do\u011fal olarak artt\u0131. Bekleme odas\u0131nda ameliyat sonras\u0131 damla tedavisi hakk\u0131nda bilgi bro\u015f\u00fcrleri da\u011f\u0131t\u0131ld\u0131 ve ameliyat i\u00e7in onay formunu imzalamam\u0131z istendi.                          Sonras\u0131nda i\u015flem ba\u015flad\u0131. Ameliyat alan\u0131na \u00e7a\u011fr\u0131ld\u0131k, koruyucu giysi giydirildi (ba\u015fl\u0131k, \u00f6nl\u00fck ve ayakkab\u0131) ve g\u00f6zlerimize damlalar damlat\u0131ld\u0131. Yakla\u015f\u0131k 10 dakika sonra kay\u0131nbiraderim ameliyat odas\u0131na \u00e7a\u011fr\u0131ld\u0131 ve yakla\u015f\u0131k 15 dakika sonra g\u00fcl\u00fcmseyerek ameliyat olmu\u015f g\u00f6zleriyle \u00e7\u0131kt\u0131. Ard\u0131ndan s\u0131ra bana geldi. Ameliyat odas\u0131 \u00e7ok temiz ve iyi donan\u0131ml\u0131yd\u0131. Benim ameliyat\u0131m da \u00e7ok h\u0131zl\u0131 ge\u00e7ti, yakla\u015f\u0131k 15 dakika s\u00fcrd\u00fc ve bitti. Sonras\u0131nda hemen bekleme odas\u0131na g\u00f6t\u00fcr\u00fcld\u00fcm ve koruyucu g\u00f6zl\u00fck tak\u0131ld\u0131. K\u0131sa bir s\u00fcre bekledikten sonra servisle tekrar otel odam\u0131za g\u00f6t\u00fcr\u00fcld\u00fck.<br><br>Yakla\u015f\u0131k 4 saat sonra g\u00f6zlerimi biraz a\u00e7abildim ve ayn\u0131 ak\u015fam koruyucu g\u00f6zl\u00fckle \u0130stanbul\u2019da y\u00fcr\u00fcy\u00fc\u015f yapabildim. En g\u00fczeli ise ertesi sabah oldu. Uyand\u0131ktan sonra kendimi d\u00fcrtmek zorunda kald\u0131m, r\u00fcya g\u00f6rmedi\u011fimi anlamak i\u00e7in: Kesinlikle hi\u00e7 a\u011fr\u0131 yoktu, g\u00f6zlerimi tamamen a\u00e7abiliyordum ve en \u00f6nemlisi: ARTIK G\u00d6ZL\u00dcKS\u00dcZ NET G\u00d6REB\u0130L\u0130YORDUM.<br><br>Ameliyattan sonraki sabah klinikte doktor taraf\u0131ndan k\u0131sa bir kontrol yap\u0131ld\u0131 ve ameliyat\u0131n tamamen ba\u015far\u0131l\u0131 oldu\u011fu, g\u00f6z g\u00fcc\u00fcm\u00fcn tekrar %100 oldu\u011fu kesinle\u015fti. Art\u0131k k\u0131sa tatilimiz ve \u0130stanbul turumuz i\u00e7in hi\u00e7bir engel kalmam\u0131\u015ft\u0131 ve bu g\u00fczel \u015fehri yeni g\u00f6zlerimle ve yeni bir ya\u015fam hissiyle ke\u015ffedebildim.<br><br>Swisslasik\u2019i herkese tavsiye ederim. Ameliyat yolculu\u011funun organizasyonu ve deste\u011fi m\u00fckemmel, \u201c\u00f6zg\u00fcr\u201d g\u00f6zlerle kazan\u0131lan yeni ya\u015fam hissi ise paha bi\u00e7ilemez!<br>Lilli Deis               <\/p>\n\n\n\n<div class=\"wp-block-group is-layout-grid wp-container-core-group-is-layout-baef362d wp-block-group-is-layout-grid\">\n<p><a href=\"https:\/\/medicaltravel.at\/home\/agb\/\" data-type=\"page\" data-id=\"2191\"><\/a><a href=\"https:\/\/medicaltravel.at\/tr\/hasta-hikayeleri\/goerues-raporlari-2012\/istanbul-gezisi-28-31-mart-2012-ameliyat-29-mart-16-mayis-2012-carsamba-tarihli-rapor\/\" data-type=\"link\" data-id=\"https:\/\/medicaltravel.at\/tr\/hasta-hikayeleri\/goerues-raporlari-2012\/istanbul-gezisi-28-31-mart-2012-ameliyat-29-mart-16-mayis-2012-carsamba-tarihli-rapor\/\">\u00d6nceki Rapor<\/a><\/p>\n\n\n\n<p class=\"has-text-align-right wp-container-content-5e2576f9\"><a href=\"https:\/\/medicaltravel.at\/home\/impressum\/\" data-type=\"page\" data-id=\"2193\"><\/a><a href=\"https:\/\/medicaltravel.at\/home\/berichte-von-patienten\/erfahrungsberichte\/erfahrungsbericht-zahnbehandlung-in-istanbul\/\" data-type=\"page\" data-id=\"981\"><\/a><a href=\"https:\/\/medicaltravel.at\/tr\/hasta-hikayeleri\/goerues-raporlari-2012\/istanbulda-swisslasik-ile-dis-tedavim-3-mayis-2012-persembe-tarihli-rapor\/\" data-type=\"link\" data-id=\"https:\/\/medicaltravel.at\/tr\/hasta-hikayeleri\/goerues-raporlari-2012\/istanbulda-swisslasik-ile-dis-tedavim-3-mayis-2012-persembe-tarihli-rapor\/\">Sonraki Rapor<\/a><\/p>\n<\/div>\n","protected":false},"excerpt":{"rendered":"<p>G\u00f6zleri \u201c\u00f6zg\u00fcr\u201d ya\u015faman\u0131n verdi\u011fi yeni hayat hissi paha bi\u00e7ilemez! \u2013 6 May\u0131s 2012 Pazar Tarihli Rapor Y\u0131llarca g\u00f6zlerimi lazerle tedavi ettirmeyi d\u00fc\u015f\u00fcn\u00fcp durduktan sonra, tan\u0131d\u0131klar\u0131mdan olumlu geri bildirimler ald\u0131ktan sonra bu y\u0131l ameliyat\u0131 yapt\u0131rmaya karar verdim. \u0130nternette uzun ara\u015ft\u0131rmalar yapt\u0131ktan sonra Swisslasik ile kar\u015f\u0131la\u015ft\u0131m. Ayr\u0131ca bu firman\u0131n St. Gallen Tatil Fuar\u0131\u2019nda temsil edildi\u011fini \u00f6\u011frendim. Bu y\u00fczden, \u0130stanbula yapaca\u011f\u0131m\u0131z yolculukta benimle birlikte gelen arkada\u015f\u0131m ile fuara gittik. Orada Bay Karaagacli ile bizzat tan\u0131\u015ft\u0131k, ameliyat ve klinik hakk\u0131nda ilk detayl\u0131 bilgileri kendisinden ald\u0131k ve ileti\u015fim bilgilerimizi payla\u015ft\u0131k. Bu etkinlik, verilen bilgiler ve Bay Karaagacli\u2019nin dostane yakla\u015f\u0131m\u0131 g\u00f6z ameliyat\u0131 yapt\u0131rma karar\u0131m\u0131 g\u00fc\u00e7lendirdi. K\u0131sa bir s\u00fcre sonra, Bay Karaagacli\u2019den e-posta ile ameliyat yolculu\u011fu hakk\u0131nda detayl\u0131 bilgiler ald\u0131m ve istedi\u011fim tarihleri iletebildim (toplamda d\u00f6rt ki\u015fiydik \u2013 2 hasta ve 2 refakat\u00e7i). Taleplerimiz al\u0131nd\u0131, yolculuk h\u0131zl\u0131ca organize edildi ve onay e-posta ile g\u00f6nderildi. Her \u015fey sorunsuz ve \u00e7ok h\u0131zl\u0131 ilerledi. \u0130svi\u00e7re\u2019de \u00f6n muayene yapt\u0131rmad\u0131m, \u00e7\u00fcnk\u00fc bildi\u011fim kadar\u0131yla ciddi bir g\u00f6z problemi yoktu (astigmatizma veya benzeri bir durum yoktu). Ameliyat yolculuk \u00fccretini \u00f6dedikten sonra, kalk\u0131\u015ftan 10 g\u00fcn \u00f6nce biletlerimizi ve i\u00e7inde ameliyat \u00f6ncesi ve sonras\u0131 dikkat edilmesi gerekenler, \u0130stanbul\u2019da gezilecek yerler ve restoran \u00f6nerileri gibi \u00e7ok faydal\u0131 bilgiler i\u00e7eren bir Swisslasik Pasaportunu ald\u0131k. 23 Nisan 2012\u2019de Z\u00fcrih Havaliman\u0131\u2019ndan \u0130stanbul\u2019a do\u011fru yola \u00e7\u0131kt\u0131k. G\u00f6z ameliyat\u0131 nedeniyle biraz tedirgin olsam da, \u0130stanbul\u2019a ilk defa gidecek olman\u0131n heyecan\u0131 bask\u0131nd\u0131. \u0130stanbul Havaliman\u0131\u2019nda klinik Ac\u0131badem\u2019in kar\u015f\u0131lama servisi bizi \u00e7ok dostane bir \u015fekilde kar\u015f\u0131lad\u0131 ve otele g\u00f6t\u00fcrd\u00fc. Otelde de g\u00fcler y\u00fczle kar\u015f\u0131land\u0131k, odam\u0131za e\u015flik edildi; odalar temiz ve \u00e7ok rahat donan\u0131ml\u0131yd\u0131. Ertesi sabah saat 8\u2019de otelden tam zaman\u0131nda al\u0131nd\u0131k. Refakat\u00e7ilerimiz ise taksiyle klini\u011fe kendi ba\u015flar\u0131na gitmek zorunda kald\u0131lar, \u00e7\u00fcnk\u00fc servis taksisi doluydu. Klinikte, Almanca konu\u015fan personel hemen bizi kar\u015f\u0131lad\u0131 ve gerekli muayeneler i\u00e7in ilgili odalara y\u00f6nlendirdi. Klinik beni ki\u015fisel olarak \u00e7ok olumlu etkiledi. Temizlik ve modernlik beni cesaretlendirdi, tedirginli\u011fim biraz azald\u0131. Muayeneler \u00e7ok profesyonel ve titiz \u015fekilde yap\u0131ld\u0131. Yakla\u015f\u0131k 2 saat sonra, doktorun bulundu\u011fu g\u00f6r\u00fc\u015fme odas\u0131na \u00e7a\u011fr\u0131ld\u0131k ve g\u00f6zlerimizin standart LASIK y\u00f6ntemleri i\u00e7in uygun oldu\u011fu kesinle\u015fti. Ameliyat\u0131n saat 14.00 civar\u0131nda yap\u0131laca\u011f\u0131 ve o zamana kadar \u00fcst kattaki kantinde zaman ge\u00e7irebilece\u011fimiz s\u00f6ylendi. Saat 14.00\u2019te personel bizi tam zaman\u0131nda al\u0131p bekleme odas\u0131na y\u00f6nlendirdi. Tedirginlik do\u011fal olarak artt\u0131. Bekleme odas\u0131nda ameliyat sonras\u0131 damla tedavisi hakk\u0131nda bilgi bro\u015f\u00fcrleri da\u011f\u0131t\u0131ld\u0131 ve ameliyat i\u00e7in onay formunu imzalamam\u0131z istendi. Sonras\u0131nda i\u015flem ba\u015flad\u0131. Ameliyat alan\u0131na \u00e7a\u011fr\u0131ld\u0131k, koruyucu giysi giydirildi (ba\u015fl\u0131k, \u00f6nl\u00fck ve ayakkab\u0131) ve g\u00f6zlerimize damlalar damlat\u0131ld\u0131. Yakla\u015f\u0131k 10 dakika sonra kay\u0131nbiraderim ameliyat odas\u0131na \u00e7a\u011fr\u0131ld\u0131 ve yakla\u015f\u0131k 15 dakika sonra g\u00fcl\u00fcmseyerek ameliyat olmu\u015f g\u00f6zleriyle \u00e7\u0131kt\u0131. Ard\u0131ndan s\u0131ra bana geldi. Ameliyat odas\u0131 \u00e7ok temiz ve iyi donan\u0131ml\u0131yd\u0131. Benim ameliyat\u0131m da \u00e7ok h\u0131zl\u0131 ge\u00e7ti, yakla\u015f\u0131k 15 dakika s\u00fcrd\u00fc ve bitti. Sonras\u0131nda hemen bekleme odas\u0131na g\u00f6t\u00fcr\u00fcld\u00fcm ve koruyucu g\u00f6zl\u00fck tak\u0131ld\u0131. K\u0131sa bir s\u00fcre bekledikten sonra servisle tekrar otel odam\u0131za g\u00f6t\u00fcr\u00fcld\u00fck. Yakla\u015f\u0131k 4 saat sonra g\u00f6zlerimi biraz a\u00e7abildim ve ayn\u0131 ak\u015fam koruyucu g\u00f6zl\u00fckle \u0130stanbul\u2019da y\u00fcr\u00fcy\u00fc\u015f yapabildim. En g\u00fczeli ise ertesi sabah oldu. Uyand\u0131ktan sonra kendimi d\u00fcrtmek zorunda kald\u0131m, r\u00fcya g\u00f6rmedi\u011fimi anlamak i\u00e7in: Kesinlikle hi\u00e7 a\u011fr\u0131 yoktu, g\u00f6zlerimi tamamen a\u00e7abiliyordum ve en \u00f6nemlisi: ARTIK G\u00d6ZL\u00dcKS\u00dcZ NET G\u00d6REB\u0130L\u0130YORDUM. Ameliyattan sonraki sabah klinikte doktor taraf\u0131ndan k\u0131sa bir kontrol yap\u0131ld\u0131 ve ameliyat\u0131n tamamen ba\u015far\u0131l\u0131 oldu\u011fu, g\u00f6z g\u00fcc\u00fcm\u00fcn tekrar %100 oldu\u011fu kesinle\u015fti. Art\u0131k k\u0131sa tatilimiz ve \u0130stanbul turumuz i\u00e7in hi\u00e7bir engel kalmam\u0131\u015ft\u0131 ve bu g\u00fczel \u015fehri yeni g\u00f6zlerimle ve yeni bir ya\u015fam hissiyle ke\u015ffedebildim. Swisslasik\u2019i herkese tavsiye ederim. Ameliyat yolculu\u011funun organizasyonu ve deste\u011fi m\u00fckemmel, \u201c\u00f6zg\u00fcr\u201d g\u00f6zlerle kazan\u0131lan yeni ya\u015fam hissi ise paha bi\u00e7ilemez!Lilli Deis \u00d6nceki Rapor Sonraki Rapor<\/p>\n","protected":false},"author":4,"featured_media":0,"parent":4505,"menu_order":0,"comment_status":"closed","ping_status":"closed","template":"","meta":{"_joinchat":[],"footnotes":""},"class_list":["post-4514","page","type-page","status-publish","hentry"],"acf":[],"_links":{"self":[{"href":"https:\/\/medicaltravel.at\/tr\/wp-json\/wp\/v2\/pages\/4514","targetHints":{"allow":["GET"]}}],"collection":[{"href":"https:\/\/medicaltravel.at\/tr\/wp-json\/wp\/v2\/pages"}],"about":[{"href":"https:\/\/medicaltravel.at\/tr\/wp-json\/wp\/v2\/types\/page"}],"author":[{"embeddable":true,"href":"https:\/\/medicaltravel.at\/tr\/wp-json\/wp\/v2\/users\/4"}],"replies":[{"embeddable":true,"href":"https:\/\/medicaltravel.at\/tr\/wp-json\/wp\/v2\/comments?post=4514"}],"version-history":[{"count":2,"href":"https:\/\/medicaltravel.at\/tr\/wp-json\/wp\/v2\/pages\/4514\/revisions"}],"predecessor-version":[{"id":5796,"href":"https:\/\/medicaltravel.at\/tr\/wp-json\/wp\/v2\/pages\/4514\/revisions\/5796"}],"up":[{"embeddable":true,"href":"https:\/\/medicaltravel.at\/tr\/wp-json\/wp\/v2\/pages\/4505"}],"wp:attachment":[{"href":"https:\/\/medicaltravel.at\/tr\/wp-json\/wp\/v2\/media?parent=4514"}],"curies":[{"name":"wp","href":"https:\/\/api.w.org\/{rel}","templated":true}]}}