{"id":4512,"date":"2025-09-28T09:27:46","date_gmt":"2025-09-28T08:27:46","guid":{"rendered":"https:\/\/medicaltravel.at\/hasta-hikayeleri\/goerues-raporlari-2012\/bakim-organizasyon-harika-hastane-ve-tabii-ki-fiyat-06-kasim-2012-sali-tarihli-rapor\/"},"modified":"2026-01-13T15:01:09","modified_gmt":"2026-01-13T14:01:09","slug":"bakim-organizasyon-harika-hastane-ve-tabii-ki-fiyat-06-kasim-2012-sali-tarihli-rapor","status":"publish","type":"page","link":"https:\/\/medicaltravel.at\/tr\/hasta-hikayeleri\/goerues-raporlari-2012\/bakim-organizasyon-harika-hastane-ve-tabii-ki-fiyat-06-kasim-2012-sali-tarihli-rapor\/","title":{"rendered":"Bak\u0131m, organizasyon, harika hastane ve tabii ki fiyat!!! \u2013 06 Kas\u0131m 2012 Sal\u0131 Tarihli Rapor"},"content":{"rendered":"\n<p><strong>Bak\u0131m, organizasyon, harika hastane ve tabii ki fiyat!!!<\/strong> \u2013 06 Kas\u0131m 2012 Sal\u0131 Tarihli Rapor<\/p>\n\n\n\n<p>Bir y\u0131l \u00f6nce bir e\u011fitim s\u0131ras\u0131nda Swisslasik ile \u0130stanbul\u2019da lazer yapt\u0131rm\u0131\u015f birisiyle tan\u0131\u015ft\u0131m. Bana \u00e7ok \u015fey anlatt\u0131 ve k\u0131sa bir s\u00fcre sonra s\u0131n\u0131f\u0131m\u0131zdan bir ba\u015fkas\u0131 arkada\u015flar\u0131yla \u0130stanbul\u2019a gitti; herkes \u00e7ok memnun kald\u0131 ve \u00f6vg\u00fcyle bahsetti. Ben zaten 46 ya\u015f\u0131ndayd\u0131m ve bana bir Varilux g\u00f6zl\u00fck yapt\u0131rmam gerekecekti, bu da yakla\u015f\u0131k 1000 \u0130svi\u00e7re Frang\u0131 tutuyordu. Bildi\u011finiz gibi, her 4-5 y\u0131lda bir yeni g\u00f6zl\u00fck gerekiyor, bu y\u00fczden benim karar\u0131m netti: g\u00f6zlerimi lazerle d\u00fczelttirecektim.<br><br>Swisslasik hakk\u0131nda yaln\u0131zca olumlu \u015feyler duymu\u015ftum, bu y\u00fczden nereye gidece\u011fim de belliydi. Z\u00fcrih\u2019e gittik ve bilgilendirme ak\u015fam\u0131nda gerekli bilgileri ald\u0131k. \u00c7ok iyi dan\u0131\u015fmanl\u0131k verdiler, sorular\u0131m\u0131z\u0131 yetkin bir \u015fekilde yan\u0131tlad\u0131lar ve evimize iyi bir hisle d\u00f6nd\u00fck. Bir hafta sonra Herr Karaagacli ile ileti\u015fime ge\u00e7tim ve bize teklifleri g\u00f6nderdi. K\u0131sa s\u00fcre sonra \u00fc\u00e7 ki\u015fi i\u00e7in rezervasyon yapt\u0131m: k\u0131z\u0131m, o\u011flum ve ben.<br><br>13 Ekim geldi\u011finde, ger\u00e7ekten heyecanl\u0131yd\u0131k. U\u00e7u\u015f sorunsuz ge\u00e7ti ve \u0130stanbul\u2019da havaalan\u0131nda bizi g\u00fclery\u00fczl\u00fc bir ki\u015fi kar\u015f\u0131lad\u0131. \u015eehir merkezinde, temiz, sakin ve rahat bir otelde kald\u0131k. \u00dc\u00e7 g\u00fcn boyunca \u015fehri gezdik ve Sal\u0131 g\u00fcn\u00fc \u201cciddi an\u201d geldi.<br><br>Sabah otelden hastane taksisi ile al\u0131nd\u0131k ve klini\u011fe g\u00f6t\u00fcr\u00fcld\u00fck. Orada Almanca konu\u015fan bir g\u00f6revli kar\u015f\u0131lad\u0131 ve t\u00fcm g\u00fcn yan\u0131m\u0131zda kald\u0131. Sorular\u0131m\u0131z\u0131 sorabildik ve ne olaca\u011f\u0131 konusunda heyecanl\u0131 olmam\u0131za ra\u011fmen kendimizi g\u00fcvende hissettik. Tabii ki heyecan vard\u0131 ama sorun olmad\u0131. \u00c7e\u015fitli muayeneler ve testlerin ard\u0131ndan cerrah ile son g\u00f6r\u00fc\u015fmeye geldik. \u00c7ok sakin sesi ve sevecen tav\u0131rlar\u0131yla kendimi \u00e7ok rahat hissettim.<br><br>Ameliyat yakla\u015f\u0131k 8 dakika s\u00fcrd\u00fc. Heyecan, gerginlik ve g\u00f6zlerde renk c\u00fcmb\u00fc\u015f\u00fc derken, bir anda operasyon bitti. \u00d6nceden bize s\u00f6ylenmi\u015fti: ameliyattan sonra yakla\u015f\u0131k 4 saat g\u00f6zler sulanacak, \u0131\u015f\u0131k \u00e7ok rahats\u0131z edecek, g\u00f6zlerde hafif bir batma olacak ve ard\u0131ndan g\u00f6r\u00fc\u015f ameliyattan \u00f6nceye g\u00f6re \u00e7ok daha iyi olacak. Ve tam da \u00f6yle oldu. Ameliyat hi\u00e7 ac\u0131tmad\u0131; sonraki 4 saat \u00e7ok keyifli olmasa da dayan\u0131labilirdi. Otelimize geri g\u00f6t\u00fcr\u00fcld\u00fck, biraz uzand\u0131k ve 2 saat uyuduk.<br><br>Sonras\u0131nda d\u00fcnya tamamen farkl\u0131 g\u00f6r\u00fcn\u00fcyordu! Ertesi g\u00fcn harika hissettik. Al\u0131\u015fveri\u015fe \u00e7\u0131kt\u0131k, tabii ki g\u00fcne\u015f g\u00f6zl\u00fc\u011f\u00fcyle. Bu inan\u0131lmaz bir deneyimdi. \u00c7ocuklar\u0131m g\u00f6zl\u00fcks\u00fcz g\u00f6rmenin nas\u0131l oldu\u011funu neredeyse unutmam\u0131\u015ft\u0131; ama \u015fimdi!!! Ameliyattan bir g\u00fcn sonra g\u00f6zl\u00fcks\u00fcz g\u00f6rmek neredeyse inan\u0131lmazd\u0131, ama ger\u00e7ekti.<br><br>Herkese Swisslasik\u2019i g\u00f6n\u00fcl rahatl\u0131\u011f\u0131yla tavsiye edebilirim. Her \u015fey m\u00fckemmel: ilgi, organizasyon, harika hastane ve tabii ki fiyat da!<br><br>Martina W\u00e4lle<\/p>\n\n\n\n<div class=\"wp-block-group is-layout-grid wp-container-core-group-is-layout-baef362d wp-block-group-is-layout-grid\">\n<p><a href=\"https:\/\/medicaltravel.at\/home\/agb\/\" data-type=\"page\" data-id=\"2191\"><\/a><a href=\"https:\/\/medicaltravel.at\/tr\/hasta-hikayeleri\/goerues-raporlari-2012\/istanbulda-femto-lasik-tedavisi-benim-deneyimim-14-kasim-2012-carsamba-tarihli-rapor\/\" data-type=\"link\" data-id=\"https:\/\/medicaltravel.at\/tr\/hasta-hikayeleri\/goerues-raporlari-2012\/istanbulda-femto-lasik-tedavisi-benim-deneyimim-14-kasim-2012-carsamba-tarihli-rapor\/\">\u00d6nceki Rapor<\/a><\/p>\n\n\n\n<p class=\"has-text-align-right wp-container-content-5e2576f9\"><a href=\"https:\/\/medicaltravel.at\/home\/impressum\/\" data-type=\"page\" data-id=\"2193\"><\/a><a href=\"https:\/\/medicaltravel.at\/home\/berichte-von-patienten\/erfahrungsberichte\/erfahrungsbericht-zahnbehandlung-in-istanbul\/\" data-type=\"page\" data-id=\"981\"><\/a><a href=\"https:\/\/medicaltravel.at\/tr\/hasta-hikayeleri\/goerues-raporlari-2012\/dita-cecchinin-deneyim-raporu-goez-ameliyati-istanbul-11-09-12-26-ekim-2012-cuma-tarihli-rapor\/\" data-type=\"link\" data-id=\"https:\/\/medicaltravel.at\/tr\/hasta-hikayeleri\/goerues-raporlari-2012\/dita-cecchinin-deneyim-raporu-goez-ameliyati-istanbul-11-09-12-26-ekim-2012-cuma-tarihli-rapor\/\">Sonraki Rapor<\/a><\/p>\n<\/div>\n","protected":false},"excerpt":{"rendered":"<p>Bak\u0131m, organizasyon, harika hastane ve tabii ki fiyat!!! \u2013 06 Kas\u0131m 2012 Sal\u0131 Tarihli Rapor Bir y\u0131l \u00f6nce bir e\u011fitim s\u0131ras\u0131nda Swisslasik ile \u0130stanbul\u2019da lazer yapt\u0131rm\u0131\u015f birisiyle tan\u0131\u015ft\u0131m. Bana \u00e7ok \u015fey anlatt\u0131 ve k\u0131sa bir s\u00fcre sonra s\u0131n\u0131f\u0131m\u0131zdan bir ba\u015fkas\u0131 arkada\u015flar\u0131yla \u0130stanbul\u2019a gitti; herkes \u00e7ok memnun kald\u0131 ve \u00f6vg\u00fcyle bahsetti. Ben zaten 46 ya\u015f\u0131ndayd\u0131m ve bana bir Varilux g\u00f6zl\u00fck yapt\u0131rmam gerekecekti, bu da yakla\u015f\u0131k 1000 \u0130svi\u00e7re Frang\u0131 tutuyordu. Bildi\u011finiz gibi, her 4-5 y\u0131lda bir yeni g\u00f6zl\u00fck gerekiyor, bu y\u00fczden benim karar\u0131m netti: g\u00f6zlerimi lazerle d\u00fczelttirecektim. Swisslasik hakk\u0131nda yaln\u0131zca olumlu \u015feyler duymu\u015ftum, bu y\u00fczden nereye gidece\u011fim de belliydi. Z\u00fcrih\u2019e gittik ve bilgilendirme ak\u015fam\u0131nda gerekli bilgileri ald\u0131k. \u00c7ok iyi dan\u0131\u015fmanl\u0131k verdiler, sorular\u0131m\u0131z\u0131 yetkin bir \u015fekilde yan\u0131tlad\u0131lar ve evimize iyi bir hisle d\u00f6nd\u00fck. Bir hafta sonra Herr Karaagacli ile ileti\u015fime ge\u00e7tim ve bize teklifleri g\u00f6nderdi. K\u0131sa s\u00fcre sonra \u00fc\u00e7 ki\u015fi i\u00e7in rezervasyon yapt\u0131m: k\u0131z\u0131m, o\u011flum ve ben. 13 Ekim geldi\u011finde, ger\u00e7ekten heyecanl\u0131yd\u0131k. U\u00e7u\u015f sorunsuz ge\u00e7ti ve \u0130stanbul\u2019da havaalan\u0131nda bizi g\u00fclery\u00fczl\u00fc bir ki\u015fi kar\u015f\u0131lad\u0131. \u015eehir merkezinde, temiz, sakin ve rahat bir otelde kald\u0131k. \u00dc\u00e7 g\u00fcn boyunca \u015fehri gezdik ve Sal\u0131 g\u00fcn\u00fc \u201cciddi an\u201d geldi. Sabah otelden hastane taksisi ile al\u0131nd\u0131k ve klini\u011fe g\u00f6t\u00fcr\u00fcld\u00fck. Orada Almanca konu\u015fan bir g\u00f6revli kar\u015f\u0131lad\u0131 ve t\u00fcm g\u00fcn yan\u0131m\u0131zda kald\u0131. Sorular\u0131m\u0131z\u0131 sorabildik ve ne olaca\u011f\u0131 konusunda heyecanl\u0131 olmam\u0131za ra\u011fmen kendimizi g\u00fcvende hissettik. Tabii ki heyecan vard\u0131 ama sorun olmad\u0131. \u00c7e\u015fitli muayeneler ve testlerin ard\u0131ndan cerrah ile son g\u00f6r\u00fc\u015fmeye geldik. \u00c7ok sakin sesi ve sevecen tav\u0131rlar\u0131yla kendimi \u00e7ok rahat hissettim. Ameliyat yakla\u015f\u0131k 8 dakika s\u00fcrd\u00fc. Heyecan, gerginlik ve g\u00f6zlerde renk c\u00fcmb\u00fc\u015f\u00fc derken, bir anda operasyon bitti. \u00d6nceden bize s\u00f6ylenmi\u015fti: ameliyattan sonra yakla\u015f\u0131k 4 saat g\u00f6zler sulanacak, \u0131\u015f\u0131k \u00e7ok rahats\u0131z edecek, g\u00f6zlerde hafif bir batma olacak ve ard\u0131ndan g\u00f6r\u00fc\u015f ameliyattan \u00f6nceye g\u00f6re \u00e7ok daha iyi olacak. Ve tam da \u00f6yle oldu. Ameliyat hi\u00e7 ac\u0131tmad\u0131; sonraki 4 saat \u00e7ok keyifli olmasa da dayan\u0131labilirdi. Otelimize geri g\u00f6t\u00fcr\u00fcld\u00fck, biraz uzand\u0131k ve 2 saat uyuduk. Sonras\u0131nda d\u00fcnya tamamen farkl\u0131 g\u00f6r\u00fcn\u00fcyordu! Ertesi g\u00fcn harika hissettik. Al\u0131\u015fveri\u015fe \u00e7\u0131kt\u0131k, tabii ki g\u00fcne\u015f g\u00f6zl\u00fc\u011f\u00fcyle. Bu inan\u0131lmaz bir deneyimdi. \u00c7ocuklar\u0131m g\u00f6zl\u00fcks\u00fcz g\u00f6rmenin nas\u0131l oldu\u011funu neredeyse unutmam\u0131\u015ft\u0131; ama \u015fimdi!!! Ameliyattan bir g\u00fcn sonra g\u00f6zl\u00fcks\u00fcz g\u00f6rmek neredeyse inan\u0131lmazd\u0131, ama ger\u00e7ekti. Herkese Swisslasik\u2019i g\u00f6n\u00fcl rahatl\u0131\u011f\u0131yla tavsiye edebilirim. Her \u015fey m\u00fckemmel: ilgi, organizasyon, harika hastane ve tabii ki fiyat da! Martina W\u00e4lle \u00d6nceki Rapor Sonraki Rapor<\/p>\n","protected":false},"author":4,"featured_media":0,"parent":4505,"menu_order":0,"comment_status":"closed","ping_status":"closed","template":"","meta":{"_joinchat":[],"footnotes":""},"class_list":["post-4512","page","type-page","status-publish","hentry"],"acf":[],"_links":{"self":[{"href":"https:\/\/medicaltravel.at\/tr\/wp-json\/wp\/v2\/pages\/4512","targetHints":{"allow":["GET"]}}],"collection":[{"href":"https:\/\/medicaltravel.at\/tr\/wp-json\/wp\/v2\/pages"}],"about":[{"href":"https:\/\/medicaltravel.at\/tr\/wp-json\/wp\/v2\/types\/page"}],"author":[{"embeddable":true,"href":"https:\/\/medicaltravel.at\/tr\/wp-json\/wp\/v2\/users\/4"}],"replies":[{"embeddable":true,"href":"https:\/\/medicaltravel.at\/tr\/wp-json\/wp\/v2\/comments?post=4512"}],"version-history":[{"count":2,"href":"https:\/\/medicaltravel.at\/tr\/wp-json\/wp\/v2\/pages\/4512\/revisions"}],"predecessor-version":[{"id":5782,"href":"https:\/\/medicaltravel.at\/tr\/wp-json\/wp\/v2\/pages\/4512\/revisions\/5782"}],"up":[{"embeddable":true,"href":"https:\/\/medicaltravel.at\/tr\/wp-json\/wp\/v2\/pages\/4505"}],"wp:attachment":[{"href":"https:\/\/medicaltravel.at\/tr\/wp-json\/wp\/v2\/media?parent=4512"}],"curies":[{"name":"wp","href":"https:\/\/api.w.org\/{rel}","templated":true}]}}