{"id":4510,"date":"2025-09-28T09:32:19","date_gmt":"2025-09-28T08:32:19","guid":{"rendered":"https:\/\/medicaltravel.at\/hasta-hikayeleri\/goerues-raporlari-2012\/yurtdisinda-goez-lazeri-istanbul-26-eyluel-2012-carsamba-tarihli-rapor\/"},"modified":"2026-01-13T15:04:31","modified_gmt":"2026-01-13T14:04:31","slug":"yurtdisinda-goez-lazeri-istanbul-26-eyluel-2012-carsamba-tarihli-rapor","status":"publish","type":"page","link":"https:\/\/medicaltravel.at\/tr\/hasta-hikayeleri\/goerues-raporlari-2012\/yurtdisinda-goez-lazeri-istanbul-26-eyluel-2012-carsamba-tarihli-rapor\/","title":{"rendered":"Yurtd\u0131\u015f\u0131nda G\u00f6z Lazeri \u2013 \u0130stanbul \u2013 26 Eyl\u00fcl 2012 \u00c7ar\u015famba Tarihli Rapor"},"content":{"rendered":"\n<p><strong>Yurtd\u0131\u015f\u0131nda G\u00f6z Lazeri \u2013 \u0130stanbul<\/strong> \u2013 26 Eyl\u00fcl 2012 \u00c7ar\u015famba Tarihli Rapor<\/p>\n\n\n\n<p>Raporu pdf format\u0131nda burada bulabilirsiniz.<\/p>\n\n\n\n<div class=\"wp-block-group is-layout-grid wp-container-core-group-is-layout-baef362d wp-block-group-is-layout-grid\">\n<p><a href=\"https:\/\/medicaltravel.at\/home\/agb\/\" data-type=\"page\" data-id=\"2191\"><\/a><a href=\"https:\/\/medicaltravel.at\/tr\/hasta-hikayeleri\/goerues-raporlari-2012\/istanbuldaki-acibadem-kliniginde-yaptirdigim-operasyon-26-eyluel-2012-carsamba-tarihli-rapor\/\" data-type=\"link\" data-id=\"https:\/\/medicaltravel.at\/berichte-von-patienten\/erfahrungsberichte-2012\/meine-operation-in-der-acibadem-klinik-in-istanbul-bericht-vom-mittwoch-26-september-2012\/\">\u00d6nceki Ra<\/a><a href=\"https:\/\/medicaltravel.at\/tr\/hasta-hikayeleri\/goerues-raporlari-2012\/istanbuldaki-acibadem-kliniginde-yaptirdigim-operasyon-26-eyluel-2012-carsamba-tarihli-rapor\/\" data-type=\"link\" data-id=\"https:\/\/medicaltravel.at\/tr\/hasta-hikayeleri\/goerues-raporlari-2012\/istanbuldaki-acibadem-kliniginde-yaptirdigim-operasyon-26-eyluel-2012-carsamba-tarihli-rapor\/\">p<\/a><a href=\"https:\/\/medicaltravel.at\/tr\/hasta-hikayeleri\/goerues-raporlari-2012\/istanbuldaki-acibadem-kliniginde-yaptirdigim-operasyon-26-eyluel-2012-carsamba-tarihli-rapor\/\" data-type=\"link\" data-id=\"https:\/\/medicaltravel.at\/berichte-von-patienten\/erfahrungsberichte-2012\/meine-operation-in-der-acibadem-klinik-in-istanbul-bericht-vom-mittwoch-26-september-2012\/\">or<\/a><\/p>\n\n\n\n<p class=\"has-text-align-right wp-container-content-5e2576f9\"><a href=\"https:\/\/medicaltravel.at\/home\/impressum\/\" data-type=\"page\" data-id=\"2193\"><\/a><a href=\"https:\/\/medicaltravel.at\/home\/berichte-von-patienten\/erfahrungsberichte\/erfahrungsbericht-zahnbehandlung-in-istanbul\/\" data-type=\"page\" data-id=\"981\"><\/a><a href=\"https:\/\/medicaltravel.at\/tr\/hasta-hikayeleri\/goerues-raporlari-2012\/yurtdisinda-lasik-deneyim-raporu-tuerkiye-21-eyluel-2012-cuma-tarihli-rapor\/\" data-type=\"link\" data-id=\"https:\/\/medicaltravel.at\/tr\/hasta-hikayeleri\/goerues-raporlari-2012\/yurtdisinda-lasik-deneyim-raporu-tuerkiye-21-eyluel-2012-cuma-tarihli-rapor\/\">Sonraki Rapor<\/a><\/p>\n<\/div>\n","protected":false},"excerpt":{"rendered":"<p>Yurtd\u0131\u015f\u0131nda G\u00f6z Lazeri \u2013 \u0130stanbul \u2013 26 Eyl\u00fcl 2012 \u00c7ar\u015famba Tarihli Rapor Raporu pdf format\u0131nda burada bulabilirsiniz. \u00d6nceki Rapor Sonraki Rapor<\/p>\n","protected":false},"author":4,"featured_media":0,"parent":4505,"menu_order":0,"comment_status":"closed","ping_status":"closed","template":"","meta":{"_joinchat":[],"footnotes":""},"class_list":["post-4510","page","type-page","status-publish","hentry"],"acf":[],"_links":{"self":[{"href":"https:\/\/medicaltravel.at\/tr\/wp-json\/wp\/v2\/pages\/4510","targetHints":{"allow":["GET"]}}],"collection":[{"href":"https:\/\/medicaltravel.at\/tr\/wp-json\/wp\/v2\/pages"}],"about":[{"href":"https:\/\/medicaltravel.at\/tr\/wp-json\/wp\/v2\/types\/page"}],"author":[{"embeddable":true,"href":"https:\/\/medicaltravel.at\/tr\/wp-json\/wp\/v2\/users\/4"}],"replies":[{"embeddable":true,"href":"https:\/\/medicaltravel.at\/tr\/wp-json\/wp\/v2\/comments?post=4510"}],"version-history":[{"count":3,"href":"https:\/\/medicaltravel.at\/tr\/wp-json\/wp\/v2\/pages\/4510\/revisions"}],"predecessor-version":[{"id":5787,"href":"https:\/\/medicaltravel.at\/tr\/wp-json\/wp\/v2\/pages\/4510\/revisions\/5787"}],"up":[{"embeddable":true,"href":"https:\/\/medicaltravel.at\/tr\/wp-json\/wp\/v2\/pages\/4505"}],"wp:attachment":[{"href":"https:\/\/medicaltravel.at\/tr\/wp-json\/wp\/v2\/media?parent=4510"}],"curies":[{"name":"wp","href":"https:\/\/api.w.org\/{rel}","templated":true}]}}