{"id":4508,"date":"2025-09-28T09:37:31","date_gmt":"2025-09-28T08:37:31","guid":{"rendered":"https:\/\/medicaltravel.at\/hasta-hikayeleri\/goerues-raporlari-2012\/yurtdisinda-goez-lazer-istanbul-9-12-agustos-2012-9-agustos-2012-persembe-tarihli-rapor\/"},"modified":"2026-01-13T15:06:26","modified_gmt":"2026-01-13T14:06:26","slug":"yurtdisinda-goez-lazer-istanbul-9-12-agustos-2012-9-agustos-2012-persembe-tarihli-rapor","status":"publish","type":"page","link":"https:\/\/medicaltravel.at\/tr\/hasta-hikayeleri\/goerues-raporlari-2012\/yurtdisinda-goez-lazer-istanbul-9-12-agustos-2012-9-agustos-2012-persembe-tarihli-rapor\/","title":{"rendered":"Yurtd\u0131\u015f\u0131nda G\u00f6z Lazer \u2013 \u0130stanbul \/ 9-12 A\u011fustos 2012 \u2013 9 A\u011fustos 2012 Per\u015fembe Tarihli Rapor"},"content":{"rendered":"\n<p><strong>Yurtd\u0131\u015f\u0131nda G\u00f6z Lazer \u2013 \u0130stanbul \/ 9-12 A\u011fustos 2012<\/strong> \u2013 9 A\u011fustos 2012 Per\u015fembe Tarihli Rapor<\/p>\n\n\n\n<p>Son on y\u0131ld\u0131r g\u00f6rme yard\u0131m\u0131 olmadan g\u00f6remiyordum. Ya g\u00f6zl\u00fck ya da lens takmak zorundayd\u0131m ki \u00e7evremi rahat\u00e7a g\u00f6rebileyim. Lens kullanmak ise gittik\u00e7e sorunlu h\u00e2le geliyordu; g\u00f6zlerim k\u0131zar\u0131yor ve a\u011fr\u0131yordu. Y\u0131lda birka\u00e7 kez optik\u00e7iye gitmek gerekiyordu. Ayl\u0131k lenslerden iki haftal\u0131k lenslere ge\u00e7mek, bak\u0131m sol\u00fcsyonunu de\u011fi\u015ftirmek ve kontrole daha s\u0131k gitmek zorundayd\u0131m. G\u00f6zl\u00fc\u011fe bir t\u00fcrl\u00fc tam al\u0131\u015fam\u0131yordum ve spor yaparken lenslerle olmak \u00e7ok daha rahatt\u0131.<br><br>Bunun \u00fczerine iki i\u015f arkada\u015f\u0131m g\u00f6zlerini \u0130stanbul\u2019da lazer yapt\u0131rd\u0131klar\u0131n\u0131 anlatt\u0131lar. Sonu\u00e7tan \u00e7ok memnun olduklar\u0131n\u0131 s\u00f6ylediler, hatta \u00f6vg\u00fcyle bahsettiler ve bana www.swisslasik.ch adresini verdiler. Bu olay bir y\u0131ldan uzun s\u00fcre \u00f6nceydi. S\u00fcrekli bunu d\u00fc\u015f\u00fcnd\u00fcm ve denemeye de\u011fer mi diye karar vermeye \u00e7al\u0131\u015ft\u0131m. D\u0131\u015far\u0131dan \u00e7o\u011funlukla olumsuz tepkiler ald\u0131m; pek \u00e7ok ki\u015fi yurtd\u0131\u015f\u0131nda, \u00f6zellikle T\u00fcrkiye\u2019de lazer yapt\u0131rman\u0131n tehlikeli oldu\u011funu s\u00f6yl\u00fcyordu.<br>Sonunda \u00f6n muayeneyi Z\u00fcrih\u2019te yapt\u0131rmaya karar verdim. \u00dcstelik bir i\u015f arkada\u015f\u0131m da ilgileniyordu ve g\u00f6zlerini o da lazer yapt\u0131rmak istiyordu. Daha \u00f6nce g\u00f6zlerimin lazer i\u00e7in uygun olup olmad\u0131\u011f\u0131n\u0131 bile bilmiyordum. \u00d6n muayene \u00e7ok iyi ge\u00e7ti; her \u015fey d\u00fczenli, temiz ve profesyonelce yap\u0131ld\u0131. \u0130\u015fte o anda kesin karar\u0131m\u0131 verip T\u00fcrkiye\u2019ye gitmeye karar verdim.<br><br>Swisslasik arac\u0131l\u0131\u011f\u0131yla her \u015feyi organize ettirebildik: u\u00e7ak, otel, randevular vs. Bu b\u00fcy\u00fck bir rahatlama sa\u011flad\u0131. B\u00f6ylece Per\u015fembe sabah\u0131 Z\u00fcrih\u2019ten u\u00e7a\u011fa binebildim ve ba\u015fka hi\u00e7bir \u015feyle u\u011fra\u015fmak zorunda kalmad\u0131m. Havaliman\u0131nda bizi kar\u015f\u0131lad\u0131lar ve otele g\u00f6t\u00fcrd\u00fcler. \u00d6\u011fleden sonra serbest zaman\u0131m\u0131z vard\u0131 ve \u0130stanbul\u2019u ilk kez gezme f\u0131rsat\u0131 bulduk.<br><br>Cuma sabah\u0131 otelden bir s\u00fcr\u00fcc\u00fc bizi ald\u0131 ve Ac\u0131badem Hastanesi\u2019ne g\u00f6t\u00fcrd\u00fc. Orada g\u00f6zlerimiz tekrar detayl\u0131 \u015fekilde muayene edildi ve operasyon hakk\u0131nda bilgilendirildik. Muayeneler uzun s\u00fcrmedi ve \u00f6\u011fle civar\u0131 tekrar \u015fehirde k\u0131sa bir gezintiye \u00e7\u0131kabildik. Operasyon ise \u00f6\u011fleden sonra ger\u00e7ekle\u015fti.<br><br>Hastaneye vard\u0131\u011f\u0131m\u0131zda ameliyathane k\u0131yafetlerini giydik ve y\u00fcz\u00fcm\u00fcz dezenfekte edildi. Operasyon s\u0131ras\u0131nda bir g\u00f6z\u00fcm\u00fczle \u0131\u015f\u0131k noktas\u0131na odaklanmak gerekiyor; operasyon s\u0131ras\u0131nda hi\u00e7bir \u015fey hissetmiyorsunuz, h\u0131zl\u0131 ve sorunsuz ge\u00e7iyor. Operasyondan yakla\u015f\u0131k 30 dakika sonra ilk kontrol yap\u0131ld\u0131 ve ard\u0131ndan otele geri g\u00f6t\u00fcr\u00fcld\u00fck.<br><br>\u0130lk d\u00f6rt saat g\u00f6zlerim a\u011fr\u0131yordu, sulan\u0131yor ve biraz ac\u0131yordu. Bu s\u00fcre boyunca karanl\u0131k bir otel odas\u0131nda uzand\u0131k, m\u00fczik dinledik ve kestik. D\u00f6rt saatin sonunda g\u00f6zlerimi ilk kez biraz a\u00e7abildim ve g\u00f6r\u00fc\u015f\u00fcm \u00e7ok iyi h\u00e2le gelmi\u015fti. G\u00f6z damlalar\u0131n\u0131 da sorunsuzca kullanabildik.<br><br>Ertesi sabah uyand\u0131\u011f\u0131mda inan\u0131lmaz bir his vard\u0131; d\u00fcnyay\u0131 hemen net ve keskin \u015fekilde g\u00f6rebiliyordum.                                 Geli\u015ftirilebilecek tek nokta \u015fudur: Servis i\u00e7in belirlenen saatlere daha iyi uyulmal\u0131. Bir keresinde \u015fof\u00f6r\u00fc 1 saat bekledik. Manuela B\u00e4nziger  <\/p>\n\n\n\n<div class=\"wp-block-group is-layout-grid wp-container-core-group-is-layout-baef362d wp-block-group-is-layout-grid\">\n<p><a href=\"https:\/\/medicaltravel.at\/home\/agb\/\" data-type=\"page\" data-id=\"2191\"><\/a><a href=\"https:\/\/medicaltravel.at\/tr\/hasta-hikayeleri\/goerues-raporlari-2012\/21-temmuz-2012de-istanbulda-goez-lazer-lasik-deneyimi-7-eyluel-2012-cuma-tarihli-rapor\/\" data-type=\"link\" data-id=\"https:\/\/medicaltravel.at\/tr\/hasta-hikayeleri\/goerues-raporlari-2012\/21-temmuz-2012de-istanbulda-goez-lazer-lasik-deneyimi-7-eyluel-2012-cuma-tarihli-rapor\/\">\u00d6nceki Rapor<\/a><\/p>\n\n\n\n<p class=\"has-text-align-right wp-container-content-5e2576f9\"><a href=\"https:\/\/medicaltravel.at\/home\/impressum\/\" data-type=\"page\" data-id=\"2193\"><\/a><a href=\"https:\/\/medicaltravel.at\/home\/berichte-von-patienten\/erfahrungsberichte\/erfahrungsbericht-zahnbehandlung-in-istanbul\/\" data-type=\"page\" data-id=\"981\"><\/a><a href=\"https:\/\/medicaltravel.at\/tr\/hasta-hikayeleri\/goerues-raporlari-2012\/antalya-tuerkiyede-medicaltravel-ile-goez-lazer-lasik-tedavim-2-agustos-2012-persembe-tarihli-rapor\/\" data-type=\"link\" data-id=\"https:\/\/medicaltravel.at\/tr\/hasta-hikayeleri\/goerues-raporlari-2012\/antalya-tuerkiyede-medicaltravel-ile-goez-lazer-lasik-tedavim-2-agustos-2012-persembe-tarihli-rapor\/\">Sonraki Rapor<\/a><\/p>\n<\/div>\n","protected":false},"excerpt":{"rendered":"<p>Yurtd\u0131\u015f\u0131nda G\u00f6z Lazer \u2013 \u0130stanbul \/ 9-12 A\u011fustos 2012 \u2013 9 A\u011fustos 2012 Per\u015fembe Tarihli Rapor Son on y\u0131ld\u0131r g\u00f6rme yard\u0131m\u0131 olmadan g\u00f6remiyordum. Ya g\u00f6zl\u00fck ya da lens takmak zorundayd\u0131m ki \u00e7evremi rahat\u00e7a g\u00f6rebileyim. Lens kullanmak ise gittik\u00e7e sorunlu h\u00e2le geliyordu; g\u00f6zlerim k\u0131zar\u0131yor ve a\u011fr\u0131yordu. Y\u0131lda birka\u00e7 kez optik\u00e7iye gitmek gerekiyordu. Ayl\u0131k lenslerden iki haftal\u0131k lenslere ge\u00e7mek, bak\u0131m sol\u00fcsyonunu de\u011fi\u015ftirmek ve kontrole daha s\u0131k gitmek zorundayd\u0131m. G\u00f6zl\u00fc\u011fe bir t\u00fcrl\u00fc tam al\u0131\u015fam\u0131yordum ve spor yaparken lenslerle olmak \u00e7ok daha rahatt\u0131. Bunun \u00fczerine iki i\u015f arkada\u015f\u0131m g\u00f6zlerini \u0130stanbul\u2019da lazer yapt\u0131rd\u0131klar\u0131n\u0131 anlatt\u0131lar. Sonu\u00e7tan \u00e7ok memnun olduklar\u0131n\u0131 s\u00f6ylediler, hatta \u00f6vg\u00fcyle bahsettiler ve bana www.swisslasik.ch adresini verdiler. Bu olay bir y\u0131ldan uzun s\u00fcre \u00f6nceydi. S\u00fcrekli bunu d\u00fc\u015f\u00fcnd\u00fcm ve denemeye de\u011fer mi diye karar vermeye \u00e7al\u0131\u015ft\u0131m. D\u0131\u015far\u0131dan \u00e7o\u011funlukla olumsuz tepkiler ald\u0131m; pek \u00e7ok ki\u015fi yurtd\u0131\u015f\u0131nda, \u00f6zellikle T\u00fcrkiye\u2019de lazer yapt\u0131rman\u0131n tehlikeli oldu\u011funu s\u00f6yl\u00fcyordu.Sonunda \u00f6n muayeneyi Z\u00fcrih\u2019te yapt\u0131rmaya karar verdim. \u00dcstelik bir i\u015f arkada\u015f\u0131m da ilgileniyordu ve g\u00f6zlerini o da lazer yapt\u0131rmak istiyordu. Daha \u00f6nce g\u00f6zlerimin lazer i\u00e7in uygun olup olmad\u0131\u011f\u0131n\u0131 bile bilmiyordum. \u00d6n muayene \u00e7ok iyi ge\u00e7ti; her \u015fey d\u00fczenli, temiz ve profesyonelce yap\u0131ld\u0131. \u0130\u015fte o anda kesin karar\u0131m\u0131 verip T\u00fcrkiye\u2019ye gitmeye karar verdim. Swisslasik arac\u0131l\u0131\u011f\u0131yla her \u015feyi organize ettirebildik: u\u00e7ak, otel, randevular vs. Bu b\u00fcy\u00fck bir rahatlama sa\u011flad\u0131. B\u00f6ylece Per\u015fembe sabah\u0131 Z\u00fcrih\u2019ten u\u00e7a\u011fa binebildim ve ba\u015fka hi\u00e7bir \u015feyle u\u011fra\u015fmak zorunda kalmad\u0131m. Havaliman\u0131nda bizi kar\u015f\u0131lad\u0131lar ve otele g\u00f6t\u00fcrd\u00fcler. \u00d6\u011fleden sonra serbest zaman\u0131m\u0131z vard\u0131 ve \u0130stanbul\u2019u ilk kez gezme f\u0131rsat\u0131 bulduk. Cuma sabah\u0131 otelden bir s\u00fcr\u00fcc\u00fc bizi ald\u0131 ve Ac\u0131badem Hastanesi\u2019ne g\u00f6t\u00fcrd\u00fc. Orada g\u00f6zlerimiz tekrar detayl\u0131 \u015fekilde muayene edildi ve operasyon hakk\u0131nda bilgilendirildik. Muayeneler uzun s\u00fcrmedi ve \u00f6\u011fle civar\u0131 tekrar \u015fehirde k\u0131sa bir gezintiye \u00e7\u0131kabildik. Operasyon ise \u00f6\u011fleden sonra ger\u00e7ekle\u015fti. Hastaneye vard\u0131\u011f\u0131m\u0131zda ameliyathane k\u0131yafetlerini giydik ve y\u00fcz\u00fcm\u00fcz dezenfekte edildi. Operasyon s\u0131ras\u0131nda bir g\u00f6z\u00fcm\u00fczle \u0131\u015f\u0131k noktas\u0131na odaklanmak gerekiyor; operasyon s\u0131ras\u0131nda hi\u00e7bir \u015fey hissetmiyorsunuz, h\u0131zl\u0131 ve sorunsuz ge\u00e7iyor. Operasyondan yakla\u015f\u0131k 30 dakika sonra ilk kontrol yap\u0131ld\u0131 ve ard\u0131ndan otele geri g\u00f6t\u00fcr\u00fcld\u00fck. \u0130lk d\u00f6rt saat g\u00f6zlerim a\u011fr\u0131yordu, sulan\u0131yor ve biraz ac\u0131yordu. Bu s\u00fcre boyunca karanl\u0131k bir otel odas\u0131nda uzand\u0131k, m\u00fczik dinledik ve kestik. D\u00f6rt saatin sonunda g\u00f6zlerimi ilk kez biraz a\u00e7abildim ve g\u00f6r\u00fc\u015f\u00fcm \u00e7ok iyi h\u00e2le gelmi\u015fti. G\u00f6z damlalar\u0131n\u0131 da sorunsuzca kullanabildik. Ertesi sabah uyand\u0131\u011f\u0131mda inan\u0131lmaz bir his vard\u0131; d\u00fcnyay\u0131 hemen net ve keskin \u015fekilde g\u00f6rebiliyordum. Geli\u015ftirilebilecek tek nokta \u015fudur: Servis i\u00e7in belirlenen saatlere daha iyi uyulmal\u0131. Bir keresinde \u015fof\u00f6r\u00fc 1 saat bekledik. Manuela B\u00e4nziger \u00d6nceki Rapor Sonraki Rapor<\/p>\n","protected":false},"author":4,"featured_media":0,"parent":4505,"menu_order":0,"comment_status":"closed","ping_status":"closed","template":"","meta":{"_joinchat":[],"footnotes":""},"class_list":["post-4508","page","type-page","status-publish","hentry"],"acf":[],"_links":{"self":[{"href":"https:\/\/medicaltravel.at\/tr\/wp-json\/wp\/v2\/pages\/4508","targetHints":{"allow":["GET"]}}],"collection":[{"href":"https:\/\/medicaltravel.at\/tr\/wp-json\/wp\/v2\/pages"}],"about":[{"href":"https:\/\/medicaltravel.at\/tr\/wp-json\/wp\/v2\/types\/page"}],"author":[{"embeddable":true,"href":"https:\/\/medicaltravel.at\/tr\/wp-json\/wp\/v2\/users\/4"}],"replies":[{"embeddable":true,"href":"https:\/\/medicaltravel.at\/tr\/wp-json\/wp\/v2\/comments?post=4508"}],"version-history":[{"count":2,"href":"https:\/\/medicaltravel.at\/tr\/wp-json\/wp\/v2\/pages\/4508\/revisions"}],"predecessor-version":[{"id":5789,"href":"https:\/\/medicaltravel.at\/tr\/wp-json\/wp\/v2\/pages\/4508\/revisions\/5789"}],"up":[{"embeddable":true,"href":"https:\/\/medicaltravel.at\/tr\/wp-json\/wp\/v2\/pages\/4505"}],"wp:attachment":[{"href":"https:\/\/medicaltravel.at\/tr\/wp-json\/wp\/v2\/media?parent=4508"}],"curies":[{"name":"wp","href":"https:\/\/api.w.org\/{rel}","templated":true}]}}