{"id":4505,"date":"2025-09-27T20:46:20","date_gmt":"2025-09-27T19:46:20","guid":{"rendered":"https:\/\/medicaltravel.at\/hasta-hikayeleri\/goerues-raporlari-2012\/"},"modified":"2026-01-13T15:31:59","modified_gmt":"2026-01-13T14:31:59","slug":"goerues-raporlari-2012","status":"publish","type":"page","link":"https:\/\/medicaltravel.at\/tr\/hasta-hikayeleri\/goerues-raporlari-2012\/","title":{"rendered":"G\u00f6r\u00fc\u015f Raporlar\u0131 2012"},"content":{"rendered":"\t\t<div data-elementor-type=\"wp-page\" data-elementor-id=\"4505\" class=\"elementor elementor-4505 elementor-966\" data-elementor-post-type=\"page\">\n\t\t\t\t<div class=\"elementor-element elementor-element-313e53d6 e-flex e-con-boxed wpr-particle-no wpr-jarallax-no wpr-parallax-no wpr-sticky-section-no e-con e-parent\" data-id=\"313e53d6\" data-element_type=\"container\" data-e-type=\"container\">\n\t\t\t\t\t<div class=\"e-con-inner\">\n\t\t<div class=\"elementor-element elementor-element-ad0effd e-con-full e-flex wpr-particle-no wpr-jarallax-no wpr-parallax-no wpr-sticky-section-no e-con e-child\" data-id=\"ad0effd\" data-element_type=\"container\" data-e-type=\"container\">\n\t\t\t\t<div class=\"elementor-element elementor-element-840159d elementor-widget elementor-widget-button\" data-id=\"840159d\" data-element_type=\"widget\" data-e-type=\"widget\" data-widget_type=\"button.default\">\n\t\t\t\t\t\t\t\t\t\t<a class=\"elementor-button elementor-button-link elementor-size-sm\" href=\"https:\/\/medicaltravel.at\/berichte-von-patienten\/erfahrungsberichte\/\">\n\t\t\t\t\t\t<span class=\"elementor-button-content-wrapper\">\n\t\t\t\t\t\t\t\t\t<span class=\"elementor-button-text\">G\u00f6r\u00fc\u015f Raporlar\u0131<\/span>\n\t\t\t\t\t<\/span>\n\t\t\t\t\t<\/a>\n\t\t\t\t\t\t\t\t<\/div>\n\t\t\t\t<div class=\"elementor-element elementor-element-d16595f elementor-widget elementor-widget-button\" data-id=\"d16595f\" data-element_type=\"widget\" data-e-type=\"widget\" data-widget_type=\"button.default\">\n\t\t\t\t\t\t\t\t\t\t<a class=\"elementor-button elementor-button-link elementor-size-sm\" href=\"https:\/\/medicaltravel.at\/tr\/hasta-hikayeleri\/goerues-raporlari-2012\/\">\n\t\t\t\t\t\t<span class=\"elementor-button-content-wrapper\">\n\t\t\t\t\t\t\t\t\t<span class=\"elementor-button-text\">G\u00f6r\u00fc\u015f Raporlar\u0131 2012<\/span>\n\t\t\t\t\t<\/span>\n\t\t\t\t\t<\/a>\n\t\t\t\t\t\t\t\t<\/div>\n\t\t\t\t<div class=\"elementor-element elementor-element-1446bc8 elementor-widget elementor-widget-button\" data-id=\"1446bc8\" data-element_type=\"widget\" data-e-type=\"widget\" data-widget_type=\"button.default\">\n\t\t\t\t\t\t\t\t\t\t<a class=\"elementor-button elementor-button-link elementor-size-sm\" href=\"https:\/\/medicaltravel.at\/berichte-von-patienten\/patientenberichte-2011\/\">\n\t\t\t\t\t\t<span class=\"elementor-button-content-wrapper\">\n\t\t\t\t\t\t\t\t\t<span class=\"elementor-button-text\">2011 Y\u0131l\u0131 Hasta Raporlar\u0131<\/span>\n\t\t\t\t\t<\/span>\n\t\t\t\t\t<\/a>\n\t\t\t\t\t\t\t\t<\/div>\n\t\t\t\t<div class=\"elementor-element elementor-element-8115988 elementor-widget elementor-widget-button\" data-id=\"8115988\" data-element_type=\"widget\" data-e-type=\"widget\" data-widget_type=\"button.default\">\n\t\t\t\t\t\t\t\t\t\t<a class=\"elementor-button elementor-button-link elementor-size-sm\" href=\"https:\/\/medicaltravel.at\/tr\/hasta-hikayeleri\/2009-2010-deneyim-raporlari\/\">\n\t\t\t\t\t\t<span class=\"elementor-button-content-wrapper\">\n\t\t\t\t\t\t\t\t\t<span class=\"elementor-button-text\">2009-2010 Y\u0131llar\u0131 Aras\u0131 Hasta Raporlar\u0131<\/span>\n\t\t\t\t\t<\/span>\n\t\t\t\t\t<\/a>\n\t\t\t\t\t\t\t\t<\/div>\n\t\t\t\t<div class=\"elementor-element elementor-element-83d1f42 elementor-widget elementor-widget-button\" data-id=\"83d1f42\" data-element_type=\"widget\" data-e-type=\"widget\" data-widget_type=\"button.default\">\n\t\t\t\t\t\t\t\t\t\t<a class=\"elementor-button elementor-button-link elementor-size-sm\" href=\"https:\/\/medicaltravel.at\/berichte-von-patienten\/patientenberichte-2007\/\">\n\t\t\t\t\t\t<span class=\"elementor-button-content-wrapper\">\n\t\t\t\t\t\t\t\t\t<span class=\"elementor-button-text\">2007 Y\u0131l\u0131 Hasta Raporlar\u0131<\/span>\n\t\t\t\t\t<\/span>\n\t\t\t\t\t<\/a>\n\t\t\t\t\t\t\t\t<\/div>\n\t\t\t\t<div class=\"elementor-element elementor-element-a6c9234 elementor-widget elementor-widget-button\" data-id=\"a6c9234\" data-element_type=\"widget\" data-e-type=\"widget\" data-widget_type=\"button.default\">\n\t\t\t\t\t\t\t\t\t\t<a class=\"elementor-button elementor-button-link elementor-size-sm\" href=\"https:\/\/medicaltravel.at\/tr\/hasta-hikayeleri\/eski-hasta-raporlari\/\">\n\t\t\t\t\t\t<span class=\"elementor-button-content-wrapper\">\n\t\t\t\t\t\t\t\t\t<span class=\"elementor-button-text\">Eski Hasta Raporlar\u0131<\/span>\n\t\t\t\t\t<\/span>\n\t\t\t\t\t<\/a>\n\t\t\t\t\t\t\t\t<\/div>\n\t\t\t\t<\/div>\n\t\t\t\t<div class=\"elementor-element elementor-element-a102d70 elementor-widget elementor-widget-text-editor\" data-id=\"a102d70\" data-element_type=\"widget\" data-e-type=\"widget\" data-widget_type=\"text-editor.default\">\n\t\t\t\t\t\t\t\t\t<h2 class=\"wp-block-heading\">2012 HASTA RAPORLARI<\/h2><ul class=\"wp-block-list\"><li><a href=\"https:\/\/medicaltravel.at\/tr\/hasta-hikayeleri\/goerues-raporlari-2012\/cifte-lazer-ameliyati-17-eyluel-2013-sali-tarihli-rapor\/\" data-type=\"page\" data-id=\"1093\">\u00c7ifte Lazer Ameliyat\u0131 \u2013 17 Eyl\u00fcl 2013 Sal\u0131 Tarihli Rapor<\/a><\/li><li><a href=\"https:\/\/medicaltravel.at\/tr\/hasta-hikayeleri\/goerues-raporlari-2012\/samuel-muellerin-goez-lazer-tedavisi-icin-istanbul-acibadem-maslak-klinigine-seyahat-raporu-18-temmuz-2013-persembe-tarihli-rapor\/\" data-type=\"page\" data-id=\"1097\">Samuel M\u00fcller\u2019in G\u00f6z Lazer Tedavisi i\u00e7in \u0130stanbul Ac\u0131badem Maslak Klini\u011fi\u2019ne Seyahat Raporu \u2013 18 Temmuz 2013 Per\u015fembe Tarihli Rapor <\/a><\/li><li><a href=\"https:\/\/medicaltravel.at\/tr\/hasta-hikayeleri\/goerues-raporlari-2012\/istanbulda-goez-ameliyati-hasta-raporu-8-temmuz-2013-pazartesi-tarihli-rapor\/\" data-type=\"page\" data-id=\"1102\">\u0130stanbul\u2019da G\u00f6z Ameliyat\u0131 Hasta Raporu \u2013 8 Temmuz 2013 Pazartesi Tarihli Rapor<\/a><\/li><li><a href=\"https:\/\/medicaltravel.at\/tr\/hasta-hikayeleri\/goerues-raporlari-2012\/goegues-kuecueltme-ve-liposuction-ameliyatim-istanbulda-8-temmuz-2013-pazartesi-tarihli-rapor\/\" data-type=\"page\" data-id=\"1104\">G\u00f6\u011f\u00fcs K\u00fc\u00e7\u00fcltme ve Liposuction Ameliyat\u0131m \u0130stanbul\u2019da \u2013 8 Temmuz 2013 Pazartesi Tarihli Rapor<\/a><\/li><li><a href=\"https:\/\/medicaltravel.at\/tr\/hasta-hikayeleri\/goerues-raporlari-2012\/istanbulda-swisslasik-ile-goez-ameliyati-deneyim-raporu-18-haziran-2013-sali-tarihli-rapor\/\" data-type=\"page\" data-id=\"1106\">\u0130stanbul\u2019da Swisslasik ile G\u00f6z Ameliyat\u0131 Deneyim Raporu \u2013 18 Haziran 2013 Sal\u0131 Tarihli Rapor<\/a><\/li><li><a href=\"https:\/\/medicaltravel.at\/tr\/hasta-hikayeleri\/goerues-raporlari-2012\/istanbul-tuerkiyede-femto-lasik-deneyimim-27-mayis-2013-pazartesi-tarihli-rapor\/\" data-type=\"page\" data-id=\"1108\">\u0130stanbul-T\u00fcrkiye\u2019de Femto LASIK Deneyimim \u2013 27 May\u0131s 2013 Pazartesi Tarihli Rapor<\/a><\/li><li><a href=\"https:\/\/medicaltravel.at\/tr\/hasta-hikayeleri\/goerues-raporlari-2012\/swisslasik-olmasaydi-bes-katini-bile-oederdim-12-mart-2013-sali-tarihli-rapor\/\" data-type=\"page\" data-id=\"1110\">Swisslasik olmasayd\u0131, be\u015f kat\u0131n\u0131 bile \u00f6derd\u0131m! \u2013 12 Mart 2013 Sal\u0131 Tarihli Rapor <\/a><\/li><li><a href=\"https:\/\/medicaltravel.at\/tr\/hasta-hikayeleri\/goerues-raporlari-2012\/istanbul-da-gecirdigim-macerali-goez-lazeri-tedavisi-06-mart-2013-carsamba-tarihli-rapor\/\" data-type=\"page\" data-id=\"1112\">\u0130stanbul&#8217; da Ge\u00e7irdi\u011fim Maceral\u0131 G\u00f6z Lazeri Tedavisi \u2013 06 Mart 2013 \u00c7ar\u015famba Tarihli Rapor<\/a><\/li><li><a href=\"https:\/\/medicaltravel.at\/tr\/hasta-hikayeleri\/goerues-raporlari-2012\/swisslasik-deneyim-raporu-05-subat-2013-sali-tarihli-rapor\/\" data-type=\"page\" data-id=\"1114\">Swisslasik Deneyim Raporu \u2013 05 \u015eubat 2013 Sal\u0131 Tarihli Rapor<\/a><\/li><li><a href=\"https:\/\/medicaltravel.at\/tr\/hasta-hikayeleri\/goerues-raporlari-2012\/noeli-biraz-farkli-yasamak-21-ocak-2013-pazartesi-tarihli-rapor\/\" data-type=\"page\" data-id=\"1116\">Noel\u2019i biraz farkl\u0131 ya\u015famak \u2013 21 Ocak 2013 Pazartesi Tarihli Rapor<\/a><\/li><li><a href=\"https:\/\/medicaltravel.at\/tr\/hasta-hikayeleri\/goerues-raporlari-2012\/en-yueksek-kalite-ve-hizmet-standardi-15-ocak-2013-sali-tarihli-rapor\/\" data-type=\"page\" data-id=\"1118\">En y\u00fcksek kalite ve hizmet standard\u0131 \u2013 15 Ocak 2013 Sal\u0131 Tarihli Rapor<\/a><\/li><li><a href=\"https:\/\/medicaltravel.at\/tr\/hasta-hikayeleri\/goerues-raporlari-2012\/istanbulda-supracor-ile-yaptirdigim-lazer-tedavisi-deneyim-raporu-19-aralik-2012-carsamba-tarihli-rapor\/\" data-type=\"page\" data-id=\"1120\">\u0130stanbul\u2019da Supracor ile yapt\u0131rd\u0131\u011f\u0131m lazer tedavisi deneyim raporu \u2013 19 Aral\u0131k 2012 \u00c7ar\u015famba Tarihli Rapor<\/a><\/li><li><a href=\"https:\/\/medicaltravel.at\/tr\/hasta-hikayeleri\/goerues-raporlari-2012\/istanbulda-femto-lasik-tedavisi-benim-deneyimim-14-kasim-2012-carsamba-tarihli-rapor\/\" data-type=\"page\" data-id=\"1122\">\u0130stanbul\u2019da Femto LASIK tedavisi \u2013 Benim deneyimim \u2013 14 Kas\u0131m 2012 \u00c7ar\u015famba Tarihli Rapor<\/a><\/li><li><a href=\"https:\/\/medicaltravel.at\/tr\/hasta-hikayeleri\/goerues-raporlari-2012\/bakim-organizasyon-harika-hastane-ve-tabii-ki-fiyat-06-kasim-2012-sali-tarihli-rapor\/\" data-type=\"page\" data-id=\"1124\">Bak\u0131m, organizasyon, harika hastane ve tabii ki fiyat!!! \u2013 06 Kas\u0131m 2012 Sal\u0131 Tarihli Rapor<\/a><\/li><li><a href=\"https:\/\/medicaltravel.at\/tr\/hasta-hikayeleri\/goerues-raporlari-2012\/dita-cecchinin-deneyim-raporu-goez-ameliyati-istanbul-11-09-12-26-ekim-2012-cuma-tarihli-rapor\/\" data-type=\"page\" data-id=\"1126\">Dita Cecchin\u2019in deneyim raporu (G\u00f6z ameliyat\u0131, \u0130stanbul, 11.09.12) \u2013 26 Ekim 2012 Cuma Tarihli Rapor<\/a><\/li><li><a href=\"https:\/\/medicaltravel.at\/tr\/hasta-hikayeleri\/goerues-raporlari-2012\/istanbulda-tatil-ve-250-ml-silikon-implantli-goegues-ameliyati-15-ekim-2012-pazartesi-tarihli-rapor\/\" data-type=\"page\" data-id=\"1128\">\u0130stanbul\u2019da tatil ve 250 ml silikon implantl\u0131 g\u00f6\u011f\u00fcs ameliyat\u0131 \u2013 15 Ekim 2012 Pazartesi Tarihli Rapor<\/a><\/li><li><a href=\"https:\/\/medicaltravel.at\/tr\/hasta-hikayeleri\/goerues-raporlari-2012\/acibadem-hastanesi-istanbuldaki-goez-lazeri-ameliyati-deneyimim-corinne-stoll-tarafindan-14-09-2012-tarihinde-yazildi-10-ekim-2012-carsamba-tarihli-rapor\/\" data-type=\"page\" data-id=\"1130\">Ac\u0131badem Hastanesi, \u0130stanbul\u2019daki g\u00f6z lazeri ameliyat\u0131 deneyimim \u2013 Corinne Stoll taraf\u0131ndan 14.09.2012 tarihinde yaz\u0131ld\u0131; 10 Ekim 2012 \u00c7ar\u015famba Tarihli Rapor<\/a><\/li><li><a href=\"https:\/\/medicaltravel.at\/tr\/hasta-hikayeleri\/goerues-raporlari-2012\/agustos-2012de-istanbulda-goezlerimi-lazerle-tedavi-ettirdigim-harika-bir-deneyim-01-ekim-2012-pazartesi-tarihli-rapor\/\" data-type=\"page\" data-id=\"1132\">A\u011fustos 2012\u2019de \u0130stanbul\u2019da g\u00f6zlerimi lazerle tedavi ettirdi\u011fim harika bir deneyim \u2013 01 Ekim 2012 Pazartesi Tarihli Rapor<\/a><\/li><li><a href=\"https:\/\/medicaltravel.at\/tr\/hasta-hikayeleri\/goerues-raporlari-2012\/istanbuldaki-acibadem-kliniginde-yaptirdigim-operasyon-26-eyluel-2012-carsamba-tarihli-rapor\/\" data-type=\"page\" data-id=\"1134\">\u0130stanbul\u2019daki Ac\u0131badem Klini\u011fi\u2019nde yapt\u0131rd\u0131\u011f\u0131m operasyon \u2013 26 Eyl\u00fcl 2012 \u00c7ar\u015famba Tarihli Rapor<\/a><\/li><li><a href=\"https:\/\/medicaltravel.at\/tr\/hasta-hikayeleri\/goerues-raporlari-2012\/yurtdisinda-goez-lazeri-istanbul-26-eyluel-2012-carsamba-tarihli-rapor\/\" data-type=\"page\" data-id=\"1140\">Yurtd\u0131\u015f\u0131nda g\u00f6z lazeri \u2013 \u0130stanbul \u2013 26 Eyl\u00fcl 2012 \u00c7ar\u015famba Tarihli Rapor<\/a><\/li><li><a href=\"https:\/\/medicaltravel.at\/tr\/hasta-hikayeleri\/goerues-raporlari-2012\/yurtdisinda-lasik-deneyim-raporu-tuerkiye-21-eyluel-2012-cuma-tarihli-rapor\/\" data-type=\"page\" data-id=\"1142\">Yurtd\u0131\u015f\u0131nda Lasik Deneyim Raporu \u2013 T\u00fcrkiye \u2013 21 Eyl\u00fcl 2012 Cuma Tarihli Rapor<\/a><\/li><li><a href=\"https:\/\/medicaltravel.at\/tr\/hasta-hikayeleri\/goerues-raporlari-2012\/21-temmuz-2012de-istanbulda-goez-lazer-lasik-deneyimi-7-eyluel-2012-cuma-tarihli-rapor\/\" data-type=\"page\" data-id=\"1144\">21 Temmuz 2012\u2019de \u0130stanbul\u2019da G\u00f6z Lazer (Lasik) Deneyimi \u2013 7 Eyl\u00fcl 2012 Cuma Tarihli Rapor<\/a><\/li><li><a href=\"https:\/\/medicaltravel.at\/tr\/hasta-hikayeleri\/goerues-raporlari-2012\/yurtdisinda-goez-lazer-istanbul-9-12-agustos-2012-9-agustos-2012-persembe-tarihli-rapor\/\" data-type=\"page\" data-id=\"1159\">Yurtd\u0131\u015f\u0131nda G\u00f6z Lazer \u2013 \u0130stanbul \/ 9-12 A\u011fustos 2012 \u2013 9 A\u011fustos 2012 Per\u015fembe Tarihli Rapor<\/a><\/li><li><a href=\"https:\/\/medicaltravel.at\/tr\/hasta-hikayeleri\/goerues-raporlari-2012\/antalya-tuerkiyede-medicaltravel-ile-goez-lazer-lasik-tedavim-2-agustos-2012-persembe-tarihli-rapor\/\" data-type=\"page\" data-id=\"1161\">Antalya-T\u00fcrkiye\u2019de MedicalTravel ile G\u00f6z Lazer (Lasik) Tedavim \u2013 2 A\u011fustos 2012 Per\u015fembe Tarihli Rapor<\/a><\/li><li><a href=\"https:\/\/medicaltravel.at\/tr\/hasta-hikayeleri\/goerues-raporlari-2012\/istanbul-tuerkiyede-goez-lazer-tedavim-deneyim-raporu-29-temmuz-2012-pazar-tarihli-rapor\/\" data-type=\"page\" data-id=\"1163\">\u0130stanbul-T\u00fcrkiye\u2019de G\u00f6z Lazer Tedavim Deneyim Raporu \u2013 29 Temmuz 2012 Pazar Tarihli Rapor<\/a><\/li><li><a href=\"https:\/\/medicaltravel.at\/tr\/hasta-hikayeleri\/goerues-raporlari-2012\/antalya-tuerkiyede-goez-lazer-tedavim-hakkinda-deneyim-raporum-13-temmuz-2012-cuma-tarihli-rapor\/\" data-type=\"page\" data-id=\"1165\">Antalya, T\u00fcrkiye\u2019de G\u00f6z Lazer Tedavim Hakk\u0131nda Deneyim Raporum \u2013 13 Temmuz 2012 Cuma Tarihli Rapor<\/a><\/li><li><a href=\"https:\/\/medicaltravel.at\/tr\/hasta-hikayeleri\/goerues-raporlari-2012\/nihayet-goezlueksuez-istanbulda-goez-lazer-tedavim-hakkinda-hasta-raporum-28-haziran-2012-persembe-tarihli-rapor\/\" data-type=\"page\" data-id=\"1167\">Nihayet G\u00f6zl\u00fcks\u00fcz! \u0130stanbul\u2019da G\u00f6z Lazer Tedavim Hakk\u0131nda Hasta Raporum \u2013 28 Haziran 2012 Per\u015fembe Tarihli Rapor <\/a><\/li><li><a href=\"https:\/\/medicaltravel.at\/tr\/hasta-hikayeleri\/goerues-raporlari-2012\/nihayet-goezlueksuez-istanbul-acibademde-goez-lazer-tedavisi-26-30-nisan-2012-9-haziran-2012-cumartesi-tarihli-rapor\/\" data-type=\"page\" data-id=\"1169\">Nihayet G\u00f6zl\u00fcks\u00fcz \u2013 \u0130stanbul Ac\u0131badem\u2019de G\u00f6z Lazer Tedavisi (26-30 Nisan 2012) \u2013 9 Haziran 2012 Cumartesi Tarihli Rapor<\/a><\/li><li><a href=\"https:\/\/medicaltravel.at\/tr\/hasta-hikayeleri\/goerues-raporlari-2012\/istanbul-acibadem-tuerkiyede-goez-lazer-tedavim-hakkinda-deneyim-raporu-30-mayis-2012-carsamba-tarihli-rapor\/\" data-type=\"page\" data-id=\"1171\">\u0130stanbul Ac\u0131badem, T\u00fcrkiye\u2019de G\u00f6z Lazer Tedavim Hakk\u0131nda Deneyim Raporu \u2013 30 May\u0131s 2012 \u00c7ar\u015famba Tarihli Rapor<\/a><\/li><li><a href=\"https:\/\/medicaltravel.at\/tr\/hasta-hikayeleri\/goerues-raporlari-2012\/goezlueksuez-goerme-hayali-istanbulda-gerceklesti-18-mayis-2012-cuma-tarihli-rapor\/\" data-type=\"page\" data-id=\"1173\">G\u00f6zl\u00fcks\u00fcz G\u00f6rme Hayali \u2013 \u0130stanbul\u2019da Ger\u00e7ekle\u015fti\u2026\u2026 \u2013 18 May\u0131s 2012 Cuma Tarihli Rapor<\/a><\/li><li><a href=\"https:\/\/medicaltravel.at\/tr\/hasta-hikayeleri\/goerues-raporlari-2012\/istanbul-gezisi-28-31-mart-2012-ameliyat-29-mart-16-mayis-2012-carsamba-tarihli-rapor\/\" data-type=\"page\" data-id=\"1179\">\u0130stanbul Gezisi 28-31 Mart 2012, Ameliyat 29 Mart \u2013 16 May\u0131s 2012 \u00c7ar\u015famba Tarihli Rapor<\/a><\/li><li><a href=\"https:\/\/medicaltravel.at\/tr\/hasta-hikayeleri\/goerues-raporlari-2012\/goezleri-oezguer-yasamanin-verdigi-yeni-hayat-hissi-paha-bicilemez-6-mayis-2012-pazar-tarihli-rapor\/\" data-type=\"page\" data-id=\"1181\">G\u00f6zleri \u201c\u00f6zg\u00fcr\u201d ya\u015faman\u0131n verdi\u011fi yeni hayat hissi paha bi\u00e7ilemez! \u2013 6 May\u0131s 2012 Pazar Tarihli Rapor <\/a><\/li><li><a href=\"https:\/\/medicaltravel.at\/tr\/hasta-hikayeleri\/goerues-raporlari-2012\/istanbulda-swisslasik-ile-dis-tedavim-3-mayis-2012-persembe-tarihli-rapor\/\" data-type=\"page\" data-id=\"1183\">\u0130stanbul\u2019da Swisslasik ile Di\u015f Tedavim \u2013 3 May\u0131s 2012 Per\u015fembe Tarihli Rapor<\/a><\/li><li><a href=\"https:\/\/medicaltravel.at\/tr\/hasta-hikayeleri\/goerues-raporlari-2012\/20lik-bir-banknottan-10luk-bir-banknotu-ayirt-etmek-25-nisan-2012-carsamba-tarihli-rapor\/\" data-type=\"page\" data-id=\"1185\">20\u2019lik bir banknottan 10\u2019luk bir banknotu ay\u0131rt etmek \u2013 25 Nisan 2012 \u00c7ar\u015famba Tarihli Rapor<\/a><\/li><li><a href=\"https:\/\/medicaltravel.at\/tr\/hasta-hikayeleri\/goerues-raporlari-2012\/istanbuldaki-goez-lazer-tedavim-sueresince-konaklamam-25-nisan-2012-carsamba-tarihli-rapor\/\" data-type=\"page\" data-id=\"1187\">\u0130stanbul\u2019daki G\u00f6z Lazer Tedavim S\u00fcresince Konaklamam \u2013 25 Nisan 2012 \u00c7ar\u015famba Tarihli Rapor<\/a><\/li><\/ul>\t\t\t\t\t\t\t\t<\/div>\n\t\t\t\t\t<\/div>\n\t\t\t\t<\/div>\n\t\t\t\t<\/div>\n\t\t","protected":false},"excerpt":{"rendered":"<p>G\u00f6r\u00fc\u015f Raporlar\u0131 G\u00f6r\u00fc\u015f Raporlar\u0131 2012 2011 Y\u0131l\u0131 Hasta Raporlar\u0131 2009-2010 Y\u0131llar\u0131 Aras\u0131 Hasta Raporlar\u0131 2007 Y\u0131l\u0131 Hasta Raporlar\u0131 Eski Hasta Raporlar\u0131 2012 HASTA RAPORLARI \u00c7ifte Lazer Ameliyat\u0131 \u2013 17 Eyl\u00fcl 2013 Sal\u0131 Tarihli Rapor Samuel M\u00fcller\u2019in G\u00f6z Lazer Tedavisi i\u00e7in \u0130stanbul Ac\u0131badem Maslak Klini\u011fi\u2019ne Seyahat Raporu \u2013 18 Temmuz 2013 Per\u015fembe Tarihli Rapor \u0130stanbul\u2019da G\u00f6z Ameliyat\u0131 Hasta Raporu \u2013 8 Temmuz 2013 Pazartesi Tarihli Rapor G\u00f6\u011f\u00fcs K\u00fc\u00e7\u00fcltme ve Liposuction Ameliyat\u0131m \u0130stanbul\u2019da \u2013 8 Temmuz 2013 Pazartesi Tarihli Rapor \u0130stanbul\u2019da Swisslasik ile G\u00f6z Ameliyat\u0131 Deneyim Raporu \u2013 18 Haziran 2013 Sal\u0131 Tarihli Rapor \u0130stanbul-T\u00fcrkiye\u2019de Femto LASIK Deneyimim \u2013 27 May\u0131s 2013 Pazartesi Tarihli Rapor Swisslasik olmasayd\u0131, be\u015f kat\u0131n\u0131 bile \u00f6derd\u0131m! \u2013 12 Mart 2013 Sal\u0131 Tarihli Rapor \u0130stanbul&#8217; da Ge\u00e7irdi\u011fim Maceral\u0131 G\u00f6z Lazeri Tedavisi \u2013 06 Mart 2013 \u00c7ar\u015famba Tarihli Rapor Swisslasik Deneyim Raporu \u2013 05 \u015eubat 2013 Sal\u0131 Tarihli Rapor Noel\u2019i biraz farkl\u0131 ya\u015famak \u2013 21 Ocak 2013 Pazartesi Tarihli Rapor En y\u00fcksek kalite ve hizmet standard\u0131 \u2013 15 Ocak 2013 Sal\u0131 Tarihli Rapor \u0130stanbul\u2019da Supracor ile yapt\u0131rd\u0131\u011f\u0131m lazer tedavisi deneyim raporu \u2013 19 Aral\u0131k 2012 \u00c7ar\u015famba Tarihli Rapor \u0130stanbul\u2019da Femto LASIK tedavisi \u2013 Benim deneyimim \u2013 14 Kas\u0131m 2012 \u00c7ar\u015famba Tarihli Rapor Bak\u0131m, organizasyon, harika hastane ve tabii ki fiyat!!! \u2013 06 Kas\u0131m 2012 Sal\u0131 Tarihli Rapor Dita Cecchin\u2019in deneyim raporu (G\u00f6z ameliyat\u0131, \u0130stanbul, 11.09.12) \u2013 26 Ekim 2012 Cuma Tarihli Rapor \u0130stanbul\u2019da tatil ve 250 ml silikon implantl\u0131 g\u00f6\u011f\u00fcs ameliyat\u0131 \u2013 15 Ekim 2012 Pazartesi Tarihli Rapor Ac\u0131badem Hastanesi, \u0130stanbul\u2019daki g\u00f6z lazeri ameliyat\u0131 deneyimim \u2013 Corinne Stoll taraf\u0131ndan 14.09.2012 tarihinde yaz\u0131ld\u0131; 10 Ekim 2012 \u00c7ar\u015famba Tarihli Rapor A\u011fustos 2012\u2019de \u0130stanbul\u2019da g\u00f6zlerimi lazerle tedavi ettirdi\u011fim harika bir deneyim \u2013 01 Ekim 2012 Pazartesi Tarihli Rapor \u0130stanbul\u2019daki Ac\u0131badem Klini\u011fi\u2019nde yapt\u0131rd\u0131\u011f\u0131m operasyon \u2013 26 Eyl\u00fcl 2012 \u00c7ar\u015famba Tarihli Rapor Yurtd\u0131\u015f\u0131nda g\u00f6z lazeri \u2013 \u0130stanbul \u2013 26 Eyl\u00fcl 2012 \u00c7ar\u015famba Tarihli Rapor Yurtd\u0131\u015f\u0131nda Lasik Deneyim Raporu \u2013 T\u00fcrkiye \u2013 21 Eyl\u00fcl 2012 Cuma Tarihli Rapor 21 Temmuz 2012\u2019de \u0130stanbul\u2019da G\u00f6z Lazer (Lasik) Deneyimi \u2013 7 Eyl\u00fcl 2012 Cuma Tarihli Rapor Yurtd\u0131\u015f\u0131nda G\u00f6z Lazer \u2013 \u0130stanbul \/ 9-12 A\u011fustos 2012 \u2013 9 A\u011fustos 2012 Per\u015fembe Tarihli Rapor Antalya-T\u00fcrkiye\u2019de MedicalTravel ile G\u00f6z Lazer (Lasik) Tedavim \u2013 2 A\u011fustos 2012 Per\u015fembe Tarihli Rapor \u0130stanbul-T\u00fcrkiye\u2019de G\u00f6z Lazer Tedavim Deneyim Raporu \u2013 29 Temmuz 2012 Pazar Tarihli Rapor Antalya, T\u00fcrkiye\u2019de G\u00f6z Lazer Tedavim Hakk\u0131nda Deneyim Raporum \u2013 13 Temmuz 2012 Cuma Tarihli Rapor Nihayet G\u00f6zl\u00fcks\u00fcz! \u0130stanbul\u2019da G\u00f6z Lazer Tedavim Hakk\u0131nda Hasta Raporum \u2013 28 Haziran 2012 Per\u015fembe Tarihli Rapor Nihayet G\u00f6zl\u00fcks\u00fcz \u2013 \u0130stanbul Ac\u0131badem\u2019de G\u00f6z Lazer Tedavisi (26-30 Nisan 2012) \u2013 9 Haziran 2012 Cumartesi Tarihli Rapor \u0130stanbul Ac\u0131badem, T\u00fcrkiye\u2019de G\u00f6z Lazer Tedavim Hakk\u0131nda Deneyim Raporu \u2013 30 May\u0131s 2012 \u00c7ar\u015famba Tarihli Rapor G\u00f6zl\u00fcks\u00fcz G\u00f6rme Hayali \u2013 \u0130stanbul\u2019da Ger\u00e7ekle\u015fti\u2026\u2026 \u2013 18 May\u0131s 2012 Cuma Tarihli Rapor \u0130stanbul Gezisi 28-31 Mart 2012, Ameliyat 29 Mart \u2013 16 May\u0131s 2012 \u00c7ar\u015famba Tarihli Rapor G\u00f6zleri \u201c\u00f6zg\u00fcr\u201d ya\u015faman\u0131n verdi\u011fi yeni hayat hissi paha bi\u00e7ilemez! \u2013 6 May\u0131s 2012 Pazar Tarihli Rapor \u0130stanbul\u2019da Swisslasik ile Di\u015f Tedavim \u2013 3 May\u0131s 2012 Per\u015fembe Tarihli Rapor 20\u2019lik bir banknottan 10\u2019luk bir banknotu ay\u0131rt etmek \u2013 25 Nisan 2012 \u00c7ar\u015famba Tarihli Rapor \u0130stanbul\u2019daki G\u00f6z Lazer Tedavim S\u00fcresince Konaklamam \u2013 25 Nisan 2012 \u00c7ar\u015famba Tarihli Rapor<\/p>\n","protected":false},"author":4,"featured_media":0,"parent":4237,"menu_order":0,"comment_status":"closed","ping_status":"closed","template":"","meta":{"_joinchat":[],"footnotes":""},"class_list":["post-4505","page","type-page","status-publish","hentry"],"acf":[],"_links":{"self":[{"href":"https:\/\/medicaltravel.at\/tr\/wp-json\/wp\/v2\/pages\/4505","targetHints":{"allow":["GET"]}}],"collection":[{"href":"https:\/\/medicaltravel.at\/tr\/wp-json\/wp\/v2\/pages"}],"about":[{"href":"https:\/\/medicaltravel.at\/tr\/wp-json\/wp\/v2\/types\/page"}],"author":[{"embeddable":true,"href":"https:\/\/medicaltravel.at\/tr\/wp-json\/wp\/v2\/users\/4"}],"replies":[{"embeddable":true,"href":"https:\/\/medicaltravel.at\/tr\/wp-json\/wp\/v2\/comments?post=4505"}],"version-history":[{"count":4,"href":"https:\/\/medicaltravel.at\/tr\/wp-json\/wp\/v2\/pages\/4505\/revisions"}],"predecessor-version":[{"id":5800,"href":"https:\/\/medicaltravel.at\/tr\/wp-json\/wp\/v2\/pages\/4505\/revisions\/5800"}],"up":[{"embeddable":true,"href":"https:\/\/medicaltravel.at\/tr\/wp-json\/wp\/v2\/pages\/4237"}],"wp:attachment":[{"href":"https:\/\/medicaltravel.at\/tr\/wp-json\/wp\/v2\/media?parent=4505"}],"curies":[{"name":"wp","href":"https:\/\/api.w.org\/{rel}","templated":true}]}}