{"id":4503,"date":"2025-09-28T10:47:15","date_gmt":"2025-09-28T09:47:15","guid":{"rendered":"https:\/\/medicaltravel.at\/hasta-hikayeleri\/2009-2010-deneyim-raporlari\/koestebekten-kartala-2-kasim-2009-pazartesi-tarihli-rapor\/"},"modified":"2026-01-13T16:30:17","modified_gmt":"2026-01-13T15:30:17","slug":"koestebekten-kartala-2-kasim-2009-pazartesi-tarihli-rapor","status":"publish","type":"page","link":"https:\/\/medicaltravel.at\/tr\/hasta-hikayeleri\/2009-2010-deneyim-raporlari\/koestebekten-kartala-2-kasim-2009-pazartesi-tarihli-rapor\/","title":{"rendered":"K\u00f6stebekten Kartala \u2013 2 Kas\u0131m 2009 Pazartesi tarihli rapor"},"content":{"rendered":"\n<h3 class=\"wp-block-heading\">K\u00f6stebekten Kartala \u2013 2 Kas\u0131m 2009 Pazartesi tarihli rapor<\/h3>\n\n<p>4,50 ve 7,25 numara miyop oldu\u011fum i\u00e7in g\u00f6zl\u00fcks\u00fcz adeta k\u00f6r biriydim. G\u00f6zl\u00fck \u00f6zellikle spor yaparken beni \u00e7ok k\u0131s\u0131tl\u0131yordu ve \u00fc\u00e7 acil g\u00f6z doktoru kontrol\u00fcnden sonra lens takmay\u0131 art\u0131k b\u0131rakm\u0131\u015ft\u0131m. Asl\u0131nda yeni bir g\u00f6zl\u00fck aray\u0131\u015f\u0131ndayd\u0131m ama hi\u00e7biri ho\u015fuma gitmedi\u011fi i\u00e7in almak bir s\u00fcre daha gecikti. Bir arkada\u015f\u0131m sayesinde, onun tan\u0131d\u0131\u011f\u0131 birinin Z\u00fcrih\u2019te lazer \u00f6n muayenesi yapt\u0131rd\u0131\u011f\u0131n\u0131 ama hen\u00fcz kesin olarak operasyona karar vermedi\u011fini \u00f6\u011frendim. Hemen Z\u00fcrih\u2019te Bay Karaagacli arac\u0131l\u0131\u011f\u0131yla bir randevu ald\u0131m ve doktor operasyon i\u00e7in onay verdi. G\u00f6z doktoru hem yetkin hem de \u00e7ok dostaneydi. Bana \u0130stanbul\u2019da operasyon yapt\u0131rma konusundaki teredd\u00fctlerimi giderdi; \u00e7\u00fcnk\u00fc bildi\u011fi kadar\u0131yla \u0130stanbul\u2019da en modern cihazlar kullan\u0131l\u0131yor, baz\u0131 \u0130svi\u00e7re kliniklerinde ise daha eski lazer cihazlar\u0131 vard\u0131. \u0130\u015f yerinden verilen izinlerime g\u00f6re 4 g\u00fcn sonra, 10 g\u00fcn i\u00e7inde operasyon i\u00e7in fiyat teklifi istedim. Hemen bir tarih ald\u0131m ve Premium paketi se\u00e7tim. Operasyon tarihini, ayn\u0131 zamanda ba\u015fka Swisslasik hastalar\u0131n\u0131n da operasyona al\u0131naca\u011f\u0131n\u0131 bildi\u011fim bir g\u00fcn se\u00e7tim. \u0130stanbul\u2019a vard\u0131\u011f\u0131mda Swisslasik personeli beni kar\u015f\u0131lad\u0131; u\u00e7u\u015f ve otel konaklamas\u0131 da gayet d\u00fczenliydi. Seyahat belgelerimi biraz s\u0131k\u0131\u015f\u0131k ald\u0131m ama bu k\u0131sa s\u00fcrede al\u0131nacak bir kararda normaldi. Var\u0131\u015ftan sonraki g\u00fcn, ben ve \u0130svi\u00e7re\u2019den gelen arkada\u015f\u0131m otelden al\u0131n\u0131p klini\u011fe g\u00f6t\u00fcr\u00fcld\u00fck. Klinik \u00e7ok hijyenik bir izlenim b\u0131rakt\u0131 ve personel, rahat\u0131m\u0131zla ilgilenip t\u00fcm sorular\u0131m\u0131z\u0131 nazik\u00e7e yan\u0131tlad\u0131. Olas\u0131 komplikasyonlar\u0131 \u00f6\u011frendikten sonra operasyon i\u00e7in onay\u0131m\u0131 verdim. Biraz mide bulanmas\u0131 hissetmeme ra\u011fmen doktora ve onun uzun y\u0131llara dayanan tecr\u00fcbesine g\u00fcvendim. Operasyon \u00f6ncesi biraz al\u0131\u015fveri\u015f yapacak vakit buldum ve \u00e7o\u011fu hastan\u0131n operasyonu d\u00fc\u015f\u00fcnd\u00fcklerinden daha kolay atlatt\u0131\u011f\u0131n\u0131 bilerek olduk\u00e7a rahatlad\u0131m. Ayr\u0131ca kendimi a\u011fr\u0131ya dayan\u0131kl\u0131 biri olarak g\u00f6r\u00fcyordum. Ama operasyona yakla\u015f\u0131rken yine de biraz gergin ve heyecanl\u0131yd\u0131m. G\u00f6z\u00fcme vakum uyguland\u0131, bunu rahats\u0131z edici buldum. G\u00fc\u00e7l\u00fc miyopum nedeniyle 20 saniye boyunca ye\u015fil noktaya odaklanmam gerekiyordu, ama heyecan\u0131mdan bunu tam yapamad\u0131m ve lazer her seferinde yeniden \u00e7al\u0131\u015ft\u0131r\u0131ld\u0131. Bu durum biraz utand\u0131r\u0131c\u0131yd\u0131 ve operasyon sonucunun olumsuz etkilenece\u011fi korkusu b\u00fcy\u00fckt\u00fc. Ama sonunda her \u015fey yolunda gitti. Operasyon sonras\u0131 g\u00f6zlerimin \u00f6n\u00fcnde karard\u0131 ve g\u00f6zlerimi tam a\u00e7amad\u0131m. Beni otele g\u00f6t\u00fcrd\u00fcler, hemen derin bir uykuya dald\u0131m ve \u00fc\u00e7 saat sonra uyand\u0131m. Art\u0131k her \u015fey neredeyse m\u00fckemmeldi; g\u00f6zlerimi a\u011fr\u0131s\u0131z a\u00e7abiliyor ve otel odas\u0131ndan Bo\u011faz\u2019a bakabiliyordum \u2013 g\u00f6zl\u00fcks\u00fcz! Tarifsiz bir duygu!                           G\u00f6z\u00fcmdeki hafif ka\u015f\u0131nt\u0131 ve kum tanesi hissi \u00e7ok rahats\u0131z edici de\u011fildi. \u0130lk iki g\u00fcn sabahlar\u0131 \u00f6nce pencerenin \u00f6n\u00fcne gidip uzaklara bakman\u0131n keyfini \u00e7\u0131kard\u0131m! Ak\u015famlar\u0131 ise lensleri \u00e7\u0131karmak isteme iste\u011fimi h\u00e2l\u00e2 bast\u0131rmak zorundayd\u0131m. Z\u00fcrih\u2019teki kontrol muayenesi, korneamda h\u00e2l\u00e2 hafif bir iz oldu\u011funu g\u00f6sterdi; bu da ara s\u0131ra g\u00f6zde hafif bir ka\u015f\u0131nt\u0131 olarak kendini hissettirdi. Ancak bu ka\u015f\u0131nt\u0131n\u0131n iki ay sonraki son kontrolde tamamen ge\u00e7mesi bekleniyordu. Bu karar\u0131 verdi\u011fim i\u00e7in \u00e7ok mutluyum ve operasyonu tekrar g\u00f6ze al\u0131rd\u0131m. Swisslasik\u2019i en iyi \u015fekilde tavsiye edebilirim.<br\/><br\/>Aurelia Derksen       <\/p>\n\n<div class=\"wp-block-group is-layout-grid wp-container-core-group-is-layout-baef362d wp-block-group-is-layout-grid\">\n<p><a href=\"https:\/\/medicaltravel.at\/home\/agb\/\" data-type=\"page\" data-id=\"2191\"><\/a><a href=\"https:\/\/medicaltravel.at\/tr\/hasta-hikayeleri\/2009-2010-deneyim-raporlari\/istanbuldaki-goez-ameliyatim-saat-847yi-goesteriyordu-her-zamankinden-daha-net-2-kasim-2009-pazartesi-tarihli-rapor\/\" data-type=\"link\" data-id=\"https:\/\/medicaltravel.at\/berichte-von-patienten\/erfahrungsberichte-2009-2010\/meine-augen-op-in-istanbul-auf-dem-wecker-stand-847-scharf-wie-nie-zuvor-bericht-vom-montag-02-november-2009\/\">\u00d6nceki Rapor<\/a><\/p>\n\n\n\n<p class=\"has-text-align-right wp-container-content-5e2576f9\"><a href=\"https:\/\/medicaltravel.at\/home\/impressum\/\" data-type=\"page\" data-id=\"2193\"><\/a><a href=\"https:\/\/medicaltravel.at\/home\/berichte-von-patienten\/erfahrungsberichte\/erfahrungsbericht-zahnbehandlung-in-istanbul\/\" data-type=\"page\" data-id=\"981\"><\/a><a href=\"https:\/\/medicaltravel.at\/tr\/hasta-hikayeleri\/2009-2010-deneyim-raporlari\/istanbuldaki-lasik-ameliyatimdan-5-ay-sonra-sonuclarim-21-ekim-2009-carsamba-tarihli-rapor\/\" data-type=\"link\" data-id=\"https:\/\/medicaltravel.at\/berichte-von-patienten\/erfahrungsberichte-2009-2010\/meine-resultate-nach-5-monaten-meiner-lasik-operation-in-istanbul-bericht-vom-mittwoch-21-oktober-2009\/\">Sonraki Rapor<\/a><\/p>\n<\/div>\n","protected":false},"excerpt":{"rendered":"<p>K\u00f6stebekten Kartala \u2013 2 Kas\u0131m 2009 Pazartesi tarihli rapor 4,50 ve 7,25 numara miyop oldu\u011fum i\u00e7in g\u00f6zl\u00fcks\u00fcz adeta k\u00f6r biriydim. G\u00f6zl\u00fck \u00f6zellikle spor yaparken beni \u00e7ok k\u0131s\u0131tl\u0131yordu ve \u00fc\u00e7 acil g\u00f6z doktoru kontrol\u00fcnden sonra lens takmay\u0131 art\u0131k b\u0131rakm\u0131\u015ft\u0131m. Asl\u0131nda yeni bir g\u00f6zl\u00fck aray\u0131\u015f\u0131ndayd\u0131m ama hi\u00e7biri ho\u015fuma gitmedi\u011fi i\u00e7in almak bir s\u00fcre daha gecikti. Bir arkada\u015f\u0131m sayesinde, onun tan\u0131d\u0131\u011f\u0131 birinin Z\u00fcrih\u2019te lazer \u00f6n muayenesi yapt\u0131rd\u0131\u011f\u0131n\u0131 ama hen\u00fcz kesin olarak operasyona karar vermedi\u011fini \u00f6\u011frendim. Hemen Z\u00fcrih\u2019te Bay Karaagacli arac\u0131l\u0131\u011f\u0131yla bir randevu ald\u0131m ve doktor operasyon i\u00e7in onay verdi. G\u00f6z doktoru hem yetkin hem de \u00e7ok dostaneydi. Bana \u0130stanbul\u2019da operasyon yapt\u0131rma konusundaki teredd\u00fctlerimi giderdi; \u00e7\u00fcnk\u00fc bildi\u011fi kadar\u0131yla \u0130stanbul\u2019da en modern cihazlar kullan\u0131l\u0131yor, baz\u0131 \u0130svi\u00e7re kliniklerinde ise daha eski lazer cihazlar\u0131 vard\u0131. \u0130\u015f yerinden verilen izinlerime g\u00f6re 4 g\u00fcn sonra, 10 g\u00fcn i\u00e7inde operasyon i\u00e7in fiyat teklifi istedim. Hemen bir tarih ald\u0131m ve Premium paketi se\u00e7tim. Operasyon tarihini, ayn\u0131 zamanda ba\u015fka Swisslasik hastalar\u0131n\u0131n da operasyona al\u0131naca\u011f\u0131n\u0131 bildi\u011fim bir g\u00fcn se\u00e7tim. \u0130stanbul\u2019a vard\u0131\u011f\u0131mda Swisslasik personeli beni kar\u015f\u0131lad\u0131; u\u00e7u\u015f ve otel konaklamas\u0131 da gayet d\u00fczenliydi. Seyahat belgelerimi biraz s\u0131k\u0131\u015f\u0131k ald\u0131m ama bu k\u0131sa s\u00fcrede al\u0131nacak bir kararda normaldi. Var\u0131\u015ftan sonraki g\u00fcn, ben ve \u0130svi\u00e7re\u2019den gelen arkada\u015f\u0131m otelden al\u0131n\u0131p klini\u011fe g\u00f6t\u00fcr\u00fcld\u00fck. Klinik \u00e7ok hijyenik bir izlenim b\u0131rakt\u0131 ve personel, rahat\u0131m\u0131zla ilgilenip t\u00fcm sorular\u0131m\u0131z\u0131 nazik\u00e7e yan\u0131tlad\u0131. Olas\u0131 komplikasyonlar\u0131 \u00f6\u011frendikten sonra operasyon i\u00e7in onay\u0131m\u0131 verdim. Biraz mide bulanmas\u0131 hissetmeme ra\u011fmen doktora ve onun uzun y\u0131llara dayanan tecr\u00fcbesine g\u00fcvendim. Operasyon \u00f6ncesi biraz al\u0131\u015fveri\u015f yapacak vakit buldum ve \u00e7o\u011fu hastan\u0131n operasyonu d\u00fc\u015f\u00fcnd\u00fcklerinden daha kolay atlatt\u0131\u011f\u0131n\u0131 bilerek olduk\u00e7a rahatlad\u0131m. Ayr\u0131ca kendimi a\u011fr\u0131ya dayan\u0131kl\u0131 biri olarak g\u00f6r\u00fcyordum. Ama operasyona yakla\u015f\u0131rken yine de biraz gergin ve heyecanl\u0131yd\u0131m. G\u00f6z\u00fcme vakum uyguland\u0131, bunu rahats\u0131z edici buldum. G\u00fc\u00e7l\u00fc miyopum nedeniyle 20 saniye boyunca ye\u015fil noktaya odaklanmam gerekiyordu, ama heyecan\u0131mdan bunu tam yapamad\u0131m ve lazer her seferinde yeniden \u00e7al\u0131\u015ft\u0131r\u0131ld\u0131. Bu durum biraz utand\u0131r\u0131c\u0131yd\u0131 ve operasyon sonucunun olumsuz etkilenece\u011fi korkusu b\u00fcy\u00fckt\u00fc. Ama sonunda her \u015fey yolunda gitti. Operasyon sonras\u0131 g\u00f6zlerimin \u00f6n\u00fcnde karard\u0131 ve g\u00f6zlerimi tam a\u00e7amad\u0131m. Beni otele g\u00f6t\u00fcrd\u00fcler, hemen derin bir uykuya dald\u0131m ve \u00fc\u00e7 saat sonra uyand\u0131m. Art\u0131k her \u015fey neredeyse m\u00fckemmeldi; g\u00f6zlerimi a\u011fr\u0131s\u0131z a\u00e7abiliyor ve otel odas\u0131ndan Bo\u011faz\u2019a bakabiliyordum \u2013 g\u00f6zl\u00fcks\u00fcz! Tarifsiz bir duygu! G\u00f6z\u00fcmdeki hafif ka\u015f\u0131nt\u0131 ve kum tanesi hissi \u00e7ok rahats\u0131z edici de\u011fildi. \u0130lk iki g\u00fcn sabahlar\u0131 \u00f6nce pencerenin \u00f6n\u00fcne gidip uzaklara bakman\u0131n keyfini \u00e7\u0131kard\u0131m! Ak\u015famlar\u0131 ise lensleri \u00e7\u0131karmak isteme iste\u011fimi h\u00e2l\u00e2 bast\u0131rmak zorundayd\u0131m. Z\u00fcrih\u2019teki kontrol muayenesi, korneamda h\u00e2l\u00e2 hafif bir iz oldu\u011funu g\u00f6sterdi; bu da ara s\u0131ra g\u00f6zde hafif bir ka\u015f\u0131nt\u0131 olarak kendini hissettirdi. Ancak bu ka\u015f\u0131nt\u0131n\u0131n iki ay sonraki son kontrolde tamamen ge\u00e7mesi bekleniyordu. Bu karar\u0131 verdi\u011fim i\u00e7in \u00e7ok mutluyum ve operasyonu tekrar g\u00f6ze al\u0131rd\u0131m. Swisslasik\u2019i en iyi \u015fekilde tavsiye edebilirim. Aurelia Derksen \u00d6nceki Rapor Sonraki Rapor<\/p>\n","protected":false},"author":4,"featured_media":0,"parent":4430,"menu_order":0,"comment_status":"closed","ping_status":"closed","template":"","meta":{"_joinchat":[],"footnotes":""},"class_list":["post-4503","page","type-page","status-publish","hentry"],"acf":[],"_links":{"self":[{"href":"https:\/\/medicaltravel.at\/tr\/wp-json\/wp\/v2\/pages\/4503","targetHints":{"allow":["GET"]}}],"collection":[{"href":"https:\/\/medicaltravel.at\/tr\/wp-json\/wp\/v2\/pages"}],"about":[{"href":"https:\/\/medicaltravel.at\/tr\/wp-json\/wp\/v2\/types\/page"}],"author":[{"embeddable":true,"href":"https:\/\/medicaltravel.at\/tr\/wp-json\/wp\/v2\/users\/4"}],"replies":[{"embeddable":true,"href":"https:\/\/medicaltravel.at\/tr\/wp-json\/wp\/v2\/comments?post=4503"}],"version-history":[{"count":1,"href":"https:\/\/medicaltravel.at\/tr\/wp-json\/wp\/v2\/pages\/4503\/revisions"}],"predecessor-version":[{"id":4504,"href":"https:\/\/medicaltravel.at\/tr\/wp-json\/wp\/v2\/pages\/4503\/revisions\/4504"}],"up":[{"embeddable":true,"href":"https:\/\/medicaltravel.at\/tr\/wp-json\/wp\/v2\/pages\/4430"}],"wp:attachment":[{"href":"https:\/\/medicaltravel.at\/tr\/wp-json\/wp\/v2\/media?parent=4503"}],"curies":[{"name":"wp","href":"https:\/\/api.w.org\/{rel}","templated":true}]}}