{"id":4501,"date":"2025-09-28T10:36:55","date_gmt":"2025-09-28T09:36:55","guid":{"rendered":"https:\/\/medicaltravel.at\/hasta-hikayeleri\/2009-2010-deneyim-raporlari\/hasta-raporu-myrta-toengi-29-ekim-2010-tarihinde-ameliyat-edildi-8-aralik-2010-carsamba-tarihli-rapor\/"},"modified":"2026-01-13T16:19:29","modified_gmt":"2026-01-13T15:19:29","slug":"hasta-raporu-myrta-toengi-29-ekim-2010-tarihinde-ameliyat-edildi-8-aralik-2010-carsamba-tarihli-rapor","status":"publish","type":"page","link":"https:\/\/medicaltravel.at\/tr\/hasta-hikayeleri\/2009-2010-deneyim-raporlari\/hasta-raporu-myrta-toengi-29-ekim-2010-tarihinde-ameliyat-edildi-8-aralik-2010-carsamba-tarihli-rapor\/","title":{"rendered":"Hasta Raporu: Myrta T\u00f6ngi, 29 Ekim 2010 Tarihinde Ameliyat Edildi \u2013 8 Aral\u0131k 2010 \u00c7ar\u015famba tarihli rapor"},"content":{"rendered":"\n<h3 class=\"wp-block-heading\">Hasta Raporu: Myrta T\u00f6ngi, 29 Ekim 2010 Tarihinde Ameliyat Edildi \u2013 8 Aral\u0131k 2010 \u00c7ar\u015famba tarihli rapor<\/h3>\n\n<p>Uzun s\u00fcredir g\u00f6zlerimi lazerle tedavi ettirmeyi d\u00fc\u015f\u00fcn\u00fcyordum \u00e7\u00fcnk\u00fc g\u00f6zl\u00fck takmayan biri olarak lenslerin y\u0131llar i\u00e7inde sorun yaratabilece\u011fini biliyordum. Optikerim \u015f\u00fcpheciydi ve duruma g\u00f6re kuru g\u00f6zler ya\u015fanabilece\u011fini s\u00f6yledi. Bir g\u00fcn, art\u0131k lens kullanamayan ve g\u00f6zl\u00fck kullanmak zorunda kalan arkada\u015f\u0131m lazer konusunu g\u00fcndeme getirdi. \u0130nternette ara\u015ft\u0131rma yapt\u0131k ve \u0130svi\u00e7re\u2019nin aksine \u0130stanbul\u2019da her g\u00fcn operasyon yap\u0131ld\u0131\u011f\u0131 ve fiyat fark\u0131n\u0131n b\u00fcy\u00fck oldu\u011fu i\u00e7in oray\u0131 tercih ettik.<br\/><br\/>Kay\u0131t yapt\u0131rmadan \u00f6nce, operasyon \u00f6ncesi muayene yapt\u0131rd\u0131k, b\u00f6ylece operasyon olmadan geri g\u00f6nderilmeyece\u011fimizden emin olduk. \u0130svi\u00e7re\u2019de bir ortak ve ikamet yerimize yak\u0131n bir kontrol sa\u011flanmas\u0131 i\u00e7in Swisslasik\u2019i se\u00e7tik ve seyahatimizi onlar organize etti. Operasyondan iki hafta \u00f6nce lenslerimi b\u0131rak\u0131p g\u00f6zl\u00fc\u011fe ge\u00e7mem gerekiyordu, bu benim i\u00e7in \u00e7ok zordu \u00e7\u00fcnk\u00fc g\u00f6zlerim g\u00f6zl\u00fc\u011fe uyum sa\u011flamad\u0131.<br\/><br\/>Havaliman\u0131nda, Almanca konu\u015fabilen g\u00f6revli bizi kar\u015f\u0131lad\u0131 ve otele g\u00f6t\u00fcrd\u00fc. Ertesi sabah, \u00f6n muayene i\u00e7in y\u00fcr\u00fcyerek klini\u011fe g\u00f6t\u00fcrd\u00fc. Tedavi eden doktor, gece g\u00f6rme bozuklu\u011fumun d\u00fczeltilemeyece\u011fini ve ya\u015fa ba\u011fl\u0131 presbiyopinin operasyon sonras\u0131 h\u0131zla ortaya \u00e7\u0131kabilece\u011fini s\u00f6yledi. Ancak miyopim %100 d\u00fczeltilebiliyordu ve operasyon sonucundan memnun olaca\u011f\u0131m\u0131 garanti etti. Ona g\u00fcvenim tamd\u0131 \u00e7\u00fcnk\u00fc sakin bir tav\u0131r sergiliyor ve nelerin m\u00fcmk\u00fcn oldu\u011funu a\u00e7\u0131k\u00e7a anlat\u0131yordu.<br\/><br\/>Operasyon g\u00fcn\u00fc \u00f6\u011fleden sonra, ulusal bayram nedeniyle cihaz\u0131n elektrik yetersizli\u011fi nedeniyle biraz \u015fehir d\u0131\u015f\u0131nda modern bir klini\u011fe g\u00f6t\u00fcr\u00fcld\u00fck. Orada sakinle\u015ftirici bir ila\u00e7 verildi. Kendimi sakin hissettim ve operasyon \u00f6ncesi korkum yoktu. Son ki\u015fi olarak s\u0131raya girdim. Operasyon s\u0131ras\u0131nda g\u00f6revli yan\u0131mdayd\u0131 ve talimatlar\u0131 verdi. Lazer cihaz\u0131 \u0130svi\u00e7re\u2019deki cihazlarla tamamen ayn\u0131yd\u0131. Operasyon sorunsuz ge\u00e7ti; sabit kalmam ve lazerdeki ye\u015fil noktay\u0131 odaklamam gerekti\u011fi i\u00e7in g\u00f6zdeki s\u0131v\u0131 d\u0131\u015f\u0131nda pek bir \u015fey hissetmedim. \u0130kinci g\u00f6z hemen i\u015fleme al\u0131nd\u0131.<br\/><br\/>On dakikadan k\u0131sa bir s\u00fcrede i\u015flem tamamland\u0131. Aya\u011fa kalkt\u0131\u011f\u0131mda v\u00fccudum beklenmedik \u015fekilde tepki verdi; ben solukland\u0131m ve grubun tek \u00fcyesi olarak denge konusunda b\u00fcy\u00fck zorluk ya\u015fad\u0131m. G\u00f6zlerim a\u011fr\u0131yordu, g\u00fcne\u015f g\u00f6zl\u00fc\u011f\u00fcne ra\u011fmen g\u00f6zlerimi kama\u015ft\u0131r\u0131yordu ve tek istedi\u011fim yata\u011fa gitmekti. Otele vard\u0131\u011f\u0131m\u0131zda, arkada\u015f\u0131m oda servisiyle yemek ve bir \u015fi\u015fe \u015farap sipari\u015f etti, ben ise sadece yatmak zorundayd\u0131m. D\u00f6rt saat sonra a\u011fr\u0131 azald\u0131 ve durumum h\u0131zla iyile\u015fmeye ba\u015flad\u0131.                        Ertesi sabah, her \u015feyi \u00e7ok net g\u00f6rebiliyordum. G\u00fcne\u015f g\u00f6zl\u00fc\u011f\u00fc takarak kahvalt\u0131 masas\u0131na oturdum ve uza\u011f\u0131 net bir \u015fekilde g\u00f6rebildi\u011fim i\u00e7in \u00e7ok mutluydum. Ba\u015flang\u0131\u00e7ta \u00e7ok hassas olan \u0131\u015f\u0131k duyarl\u0131l\u0131\u011f\u0131m ise sadece iki g\u00fcn i\u00e7inde belirgin \u015fekilde azald\u0131. Kontrol muayenesinde doktorum, g\u00f6zlerimin tam kapasiteyle g\u00f6rd\u00fc\u011f\u00fcn\u00fc onaylad\u0131. Di\u011fer be\u015f hastan\u0131n sonu\u00e7lar\u0131ndan da memnundu.<br\/><br\/>Aradan d\u00f6rt hafta ge\u00e7ti ve kazand\u0131\u011f\u0131m yeni ya\u015fam kalitesinin fark\u0131na vard\u0131m. \u0130lk g\u00fcnlerde geceleri yatakta uyan\u0131yor ve al\u0131\u015fkanl\u0131ktan dolay\u0131 lenslerimi \u00e7\u0131karmay\u0131 unuttu\u011fumu sanarak irkilip uyan\u0131yordum, t\u0131pk\u0131 eskiden oldu\u011fu gibi. Ne g\u00f6zlerim k\u0131rm\u0131z\u0131 ne de kuru; tek yapamad\u0131\u011f\u0131m g\u00f6zleri ovu\u015fturmak. Bu y\u00fczden birka\u00e7 g\u00fcn sonra yap\u0131lacak son kontrol\u00fcm\u00fc g\u00fcvenle bekliyorum.<br\/><br\/>Herkesi g\u00f6zlerini lazerle tedavi ettirmeye te\u015fvik edebilirim. Buna de\u011fer. A\u011fr\u0131 konusunda endi\u015felenmeyin; herkes farkl\u0131 tepki verir ve birka\u00e7 saat i\u00e7inde her \u015fey ge\u00e7er. Tek dile\u011fim, g\u00f6zlerimin bana biraz daha zaman tan\u0131mas\u0131, b\u00f6ylece gazete okumak i\u00e7in g\u00f6zl\u00fck takmak zorunda kalmayaca\u011f\u0131m.            <\/p>\n\n<div class=\"wp-block-group is-layout-grid wp-container-core-group-is-layout-baef362d wp-block-group-is-layout-grid\">\n<p><a href=\"https:\/\/medicaltravel.at\/home\/agb\/\" data-type=\"page\" data-id=\"2191\"><\/a><a href=\"https:\/\/medicaltravel.at\/tr\/hasta-hikayeleri\/2009-2010-deneyim-raporlari\/istanbuldaki-lasik-ameliyatimin-deneyim-raporu-3-11-2010-27-aralik-2010-pazartesi-tarihli-rapor\/\" data-type=\"link\" data-id=\"https:\/\/medicaltravel.at\/berichte-von-patienten\/erfahrungsberichte-2009-2010\/erfahrungsbericht-meiner-lasik-operation-in-istanbul-3-11-2010-bericht-vom-montag-27-dezember-2010\/\">\u00d6nceki Rapor<\/a><\/p>\n\n\n\n<p class=\"has-text-align-right wp-container-content-5e2576f9\"><a href=\"https:\/\/medicaltravel.at\/home\/impressum\/\" data-type=\"page\" data-id=\"2193\"><\/a><a href=\"https:\/\/medicaltravel.at\/home\/berichte-von-patienten\/erfahrungsberichte\/erfahrungsbericht-zahnbehandlung-in-istanbul\/\" data-type=\"page\" data-id=\"981\"><\/a><a href=\"https:\/\/medicaltravel.at\/tr\/hasta-hikayeleri\/2009-2010-deneyim-raporlari\/benim-istanbula-bueyuek-goez-lazer-yolculugum-5-aralik-2010-pazar-tarihli-rapor\/\" data-type=\"link\" data-id=\"https:\/\/medicaltravel.at\/berichte-von-patienten\/erfahrungsberichte-2009-2010\/meine-grosse-augenlaserreise-nach-istanbul-bericht-vom-sonntag-05-dezember-2010\/\">Sonraki Rapor<\/a><\/p>\n<\/div>\n","protected":false},"excerpt":{"rendered":"<p>Hasta Raporu: Myrta T\u00f6ngi, 29 Ekim 2010 Tarihinde Ameliyat Edildi \u2013 8 Aral\u0131k 2010 \u00c7ar\u015famba tarihli rapor Uzun s\u00fcredir g\u00f6zlerimi lazerle tedavi ettirmeyi d\u00fc\u015f\u00fcn\u00fcyordum \u00e7\u00fcnk\u00fc g\u00f6zl\u00fck takmayan biri olarak lenslerin y\u0131llar i\u00e7inde sorun yaratabilece\u011fini biliyordum. Optikerim \u015f\u00fcpheciydi ve duruma g\u00f6re kuru g\u00f6zler ya\u015fanabilece\u011fini s\u00f6yledi. Bir g\u00fcn, art\u0131k lens kullanamayan ve g\u00f6zl\u00fck kullanmak zorunda kalan arkada\u015f\u0131m lazer konusunu g\u00fcndeme getirdi. \u0130nternette ara\u015ft\u0131rma yapt\u0131k ve \u0130svi\u00e7re\u2019nin aksine \u0130stanbul\u2019da her g\u00fcn operasyon yap\u0131ld\u0131\u011f\u0131 ve fiyat fark\u0131n\u0131n b\u00fcy\u00fck oldu\u011fu i\u00e7in oray\u0131 tercih ettik. Kay\u0131t yapt\u0131rmadan \u00f6nce, operasyon \u00f6ncesi muayene yapt\u0131rd\u0131k, b\u00f6ylece operasyon olmadan geri g\u00f6nderilmeyece\u011fimizden emin olduk. \u0130svi\u00e7re\u2019de bir ortak ve ikamet yerimize yak\u0131n bir kontrol sa\u011flanmas\u0131 i\u00e7in Swisslasik\u2019i se\u00e7tik ve seyahatimizi onlar organize etti. Operasyondan iki hafta \u00f6nce lenslerimi b\u0131rak\u0131p g\u00f6zl\u00fc\u011fe ge\u00e7mem gerekiyordu, bu benim i\u00e7in \u00e7ok zordu \u00e7\u00fcnk\u00fc g\u00f6zlerim g\u00f6zl\u00fc\u011fe uyum sa\u011flamad\u0131. Havaliman\u0131nda, Almanca konu\u015fabilen g\u00f6revli bizi kar\u015f\u0131lad\u0131 ve otele g\u00f6t\u00fcrd\u00fc. Ertesi sabah, \u00f6n muayene i\u00e7in y\u00fcr\u00fcyerek klini\u011fe g\u00f6t\u00fcrd\u00fc. Tedavi eden doktor, gece g\u00f6rme bozuklu\u011fumun d\u00fczeltilemeyece\u011fini ve ya\u015fa ba\u011fl\u0131 presbiyopinin operasyon sonras\u0131 h\u0131zla ortaya \u00e7\u0131kabilece\u011fini s\u00f6yledi. Ancak miyopim %100 d\u00fczeltilebiliyordu ve operasyon sonucundan memnun olaca\u011f\u0131m\u0131 garanti etti. Ona g\u00fcvenim tamd\u0131 \u00e7\u00fcnk\u00fc sakin bir tav\u0131r sergiliyor ve nelerin m\u00fcmk\u00fcn oldu\u011funu a\u00e7\u0131k\u00e7a anlat\u0131yordu. Operasyon g\u00fcn\u00fc \u00f6\u011fleden sonra, ulusal bayram nedeniyle cihaz\u0131n elektrik yetersizli\u011fi nedeniyle biraz \u015fehir d\u0131\u015f\u0131nda modern bir klini\u011fe g\u00f6t\u00fcr\u00fcld\u00fck. Orada sakinle\u015ftirici bir ila\u00e7 verildi. Kendimi sakin hissettim ve operasyon \u00f6ncesi korkum yoktu. Son ki\u015fi olarak s\u0131raya girdim. Operasyon s\u0131ras\u0131nda g\u00f6revli yan\u0131mdayd\u0131 ve talimatlar\u0131 verdi. Lazer cihaz\u0131 \u0130svi\u00e7re\u2019deki cihazlarla tamamen ayn\u0131yd\u0131. Operasyon sorunsuz ge\u00e7ti; sabit kalmam ve lazerdeki ye\u015fil noktay\u0131 odaklamam gerekti\u011fi i\u00e7in g\u00f6zdeki s\u0131v\u0131 d\u0131\u015f\u0131nda pek bir \u015fey hissetmedim. \u0130kinci g\u00f6z hemen i\u015fleme al\u0131nd\u0131. On dakikadan k\u0131sa bir s\u00fcrede i\u015flem tamamland\u0131. Aya\u011fa kalkt\u0131\u011f\u0131mda v\u00fccudum beklenmedik \u015fekilde tepki verdi; ben solukland\u0131m ve grubun tek \u00fcyesi olarak denge konusunda b\u00fcy\u00fck zorluk ya\u015fad\u0131m. G\u00f6zlerim a\u011fr\u0131yordu, g\u00fcne\u015f g\u00f6zl\u00fc\u011f\u00fcne ra\u011fmen g\u00f6zlerimi kama\u015ft\u0131r\u0131yordu ve tek istedi\u011fim yata\u011fa gitmekti. Otele vard\u0131\u011f\u0131m\u0131zda, arkada\u015f\u0131m oda servisiyle yemek ve bir \u015fi\u015fe \u015farap sipari\u015f etti, ben ise sadece yatmak zorundayd\u0131m. D\u00f6rt saat sonra a\u011fr\u0131 azald\u0131 ve durumum h\u0131zla iyile\u015fmeye ba\u015flad\u0131. Ertesi sabah, her \u015feyi \u00e7ok net g\u00f6rebiliyordum. G\u00fcne\u015f g\u00f6zl\u00fc\u011f\u00fc takarak kahvalt\u0131 masas\u0131na oturdum ve uza\u011f\u0131 net bir \u015fekilde g\u00f6rebildi\u011fim i\u00e7in \u00e7ok mutluydum. Ba\u015flang\u0131\u00e7ta \u00e7ok hassas olan \u0131\u015f\u0131k duyarl\u0131l\u0131\u011f\u0131m ise sadece iki g\u00fcn i\u00e7inde belirgin \u015fekilde azald\u0131. Kontrol muayenesinde doktorum, g\u00f6zlerimin tam kapasiteyle g\u00f6rd\u00fc\u011f\u00fcn\u00fc onaylad\u0131. Di\u011fer be\u015f hastan\u0131n sonu\u00e7lar\u0131ndan da memnundu. Aradan d\u00f6rt hafta ge\u00e7ti ve kazand\u0131\u011f\u0131m yeni ya\u015fam kalitesinin fark\u0131na vard\u0131m. \u0130lk g\u00fcnlerde geceleri yatakta uyan\u0131yor ve al\u0131\u015fkanl\u0131ktan dolay\u0131 lenslerimi \u00e7\u0131karmay\u0131 unuttu\u011fumu sanarak irkilip uyan\u0131yordum, t\u0131pk\u0131 eskiden oldu\u011fu gibi. Ne g\u00f6zlerim k\u0131rm\u0131z\u0131 ne de kuru; tek yapamad\u0131\u011f\u0131m g\u00f6zleri ovu\u015fturmak. Bu y\u00fczden birka\u00e7 g\u00fcn sonra yap\u0131lacak son kontrol\u00fcm\u00fc g\u00fcvenle bekliyorum. Herkesi g\u00f6zlerini lazerle tedavi ettirmeye te\u015fvik edebilirim. Buna de\u011fer. A\u011fr\u0131 konusunda endi\u015felenmeyin; herkes farkl\u0131 tepki verir ve birka\u00e7 saat i\u00e7inde her \u015fey ge\u00e7er. Tek dile\u011fim, g\u00f6zlerimin bana biraz daha zaman tan\u0131mas\u0131, b\u00f6ylece gazete okumak i\u00e7in g\u00f6zl\u00fck takmak zorunda kalmayaca\u011f\u0131m. \u00d6nceki Rapor Sonraki Rapor<\/p>\n","protected":false},"author":4,"featured_media":0,"parent":4430,"menu_order":0,"comment_status":"closed","ping_status":"closed","template":"","meta":{"_joinchat":[],"footnotes":""},"class_list":["post-4501","page","type-page","status-publish","hentry"],"acf":[],"_links":{"self":[{"href":"https:\/\/medicaltravel.at\/tr\/wp-json\/wp\/v2\/pages\/4501","targetHints":{"allow":["GET"]}}],"collection":[{"href":"https:\/\/medicaltravel.at\/tr\/wp-json\/wp\/v2\/pages"}],"about":[{"href":"https:\/\/medicaltravel.at\/tr\/wp-json\/wp\/v2\/types\/page"}],"author":[{"embeddable":true,"href":"https:\/\/medicaltravel.at\/tr\/wp-json\/wp\/v2\/users\/4"}],"replies":[{"embeddable":true,"href":"https:\/\/medicaltravel.at\/tr\/wp-json\/wp\/v2\/comments?post=4501"}],"version-history":[{"count":1,"href":"https:\/\/medicaltravel.at\/tr\/wp-json\/wp\/v2\/pages\/4501\/revisions"}],"predecessor-version":[{"id":4502,"href":"https:\/\/medicaltravel.at\/tr\/wp-json\/wp\/v2\/pages\/4501\/revisions\/4502"}],"up":[{"embeddable":true,"href":"https:\/\/medicaltravel.at\/tr\/wp-json\/wp\/v2\/pages\/4430"}],"wp:attachment":[{"href":"https:\/\/medicaltravel.at\/tr\/wp-json\/wp\/v2\/media?parent=4501"}],"curies":[{"name":"wp","href":"https:\/\/api.w.org\/{rel}","templated":true}]}}