{"id":4499,"date":"2025-09-28T10:53:52","date_gmt":"2025-09-28T09:53:52","guid":{"rendered":"https:\/\/medicaltravel.at\/hasta-hikayeleri\/2009-2010-deneyim-raporlari\/ameliyat-raporu-mart-2009-17-nisan-2009-cuma-tarihli-rapor\/"},"modified":"2026-01-13T16:38:01","modified_gmt":"2026-01-13T15:38:01","slug":"ameliyat-raporu-mart-2009-17-nisan-2009-cuma-tarihli-rapor","status":"publish","type":"page","link":"https:\/\/medicaltravel.at\/tr\/hasta-hikayeleri\/2009-2010-deneyim-raporlari\/ameliyat-raporu-mart-2009-17-nisan-2009-cuma-tarihli-rapor\/","title":{"rendered":"Ameliyat Raporu, Mart 2009 \u2013 17 Nisan 2009 Cuma tarihli rapor"},"content":{"rendered":"\n<p>\u0130sim: Renfer Patrick, 1977 \/ Ameliyat: Mart 2009<\/p>\n\n<p>Refraksiyon:<br\/>Sa\u011f g\u00f6z: -6,25 = -2,50 \/ 21\u00b0 G\u00f6rme keskinli\u011fi 1,00<br\/>Sol g\u00f6z: -5,50 = -2,50 \/ 172\u00b0 G\u00f6rme keskinli\u011fi 1,00<\/p>\n\n<p>Uzun zamand\u0131r hayalim, g\u00f6zl\u00fck veya kontakt lens olmadan g\u00f6rebilmeyi ba\u015farmakt\u0131.<\/p>\n\n<p>Bu nedenle \u015eubat 2007\u2019de Bern\u2019deki G\u00f6z Lazer Enstit\u00fcs\u00fc\u2019nde bir \u00f6n muayene yapt\u0131rmaya karar verdim. Sonu\u00e7 olarak, sadece bir lens implant\u0131n\u0131n benim i\u00e7in uygun olaca\u011f\u0131 ve bunun maliyetinin 12.000 CHF oldu\u011fu s\u00f6ylendi. Bunu kar\u015f\u0131layamayaca\u011f\u0131m i\u00e7in internetten ba\u015fka sa\u011flay\u0131c\u0131lar\/m\u00fcmk\u00fcnl\u00fckler ara\u015ft\u0131rmaya ba\u015flad\u0131m, bazen saatlerce bakt\u0131m. Bratislava, Almanya, Luzern\u2019deki lazer ameliyatlar\u0131n\u0131 g\u00f6rd\u00fcm ama t\u00fcm bunlar aras\u0131nda EYE-Star Klini\u011fi \u0130stanbul\u2019da bana a\u00e7\u0131k ara en iyi izlenimi verdi. Bu nedenle g\u00f6z lazer enstit\u00fcs\u00fcnden ald\u0131\u011f\u0131m \u00f6n muayene sonu\u00e7lar\u0131n\u0131 Bay Karaagacli-Leoni\u2019ye g\u00f6nderdim. <\/p>\n\n<p>Sadece bir g\u00fcn sonra, \u00f6n muayene sonu\u00e7lar\u0131m\u0131n incelenmesinin ard\u0131ndan lazer ameliyat\u0131n\u0131n benim i\u00e7in uygun olabilece\u011fi sevin\u00e7li sonucunu ald\u0131m. Bu durum beni \u00e7ok mutlu etti ama biraz da tedirgin etti. Bir muayeneden neden iki farkl\u0131 sonu\u00e7 \u00e7\u0131k\u0131yor? Bu nedenle, Z\u00fcrih\u2019teki sevk doktorunda bir \u00f6n muayene daha yapt\u0131rmaya karar verdim. Oradan da lazer ameliyat\u0131 i\u00e7in onay al\u0131nca ve Bay Karaagacli-Leoni\u2019nin \u00e7ok iyi ilgisi sayesinde, \u0130stanbul\u2019da lazer ameliyat\u0131 olmaya karar verdim.  <\/p>\n\n<p>Pazartesi, 23 Mart 2009 g\u00fcn\u00fc, e\u015fimle birlikte Swiss Havayollar\u0131 ile \u0130stanbul\u2019a u\u00e7tum; orada Birol taraf\u0131ndan kar\u015f\u0131lan\u0131p Midtown Hotel\u2019e (kesinlikle tavsiye edilir) g\u00f6t\u00fcr\u00fcld\u00fck. O ak\u015fam, \u0130stanbul\u2019da ya\u015fayan bir tan\u0131d\u0131\u011f\u0131m\u0131zla birlikte Taksim b\u00f6lgesinde vakit ge\u00e7irdik. <\/p>\n\n<p>Sal\u0131, 24 Mart 2009, saat 11:00\u2019de Birol bizi almaya geldi; asl\u0131nda buna gerek yoktu \u00e7\u00fcnk\u00fc otelimiz klini\u011fe sadece 3 dakika uzakl\u0131ktayd\u0131. Klinik d\u0131\u015far\u0131dan eski ve k\u00f6t\u00fc g\u00f6r\u00fcn\u00fcyordu; bunun nedeni binan\u0131n tarihi koruma alt\u0131nda olmas\u0131yd\u0131. Ancak i\u00e7erisi son derece modern ve \u00e7ok hijyenikti. <\/p>\n\n<p>Ard\u0131ndan yerinde \u00f6n muayene ve operasyon hakk\u0131nda bilgiler verildi (her \u015fey m\u00fckemmel Almanca ya da hatta \u0130svi\u00e7re Almancas\u0131yla, Fred arac\u0131l\u0131\u011f\u0131yla). \u00d6n muayenenin ard\u0131ndan bize 4 saatlik bir serbest zaman verildi; \u00e7\u00fcnk\u00fc g\u00f6r\u00fc\u015f\u00fcm biraz k\u0131s\u0131tl\u0131yd\u0131, k\u0131sa bir y\u00fcr\u00fcy\u00fc\u015f ve lezzetli bir \u00f6\u011fle yeme\u011fi yemeye karar verdik. Saat 17:00\u2019de operasyon ger\u00e7ekle\u015fti, ben \u00fc\u00e7\u00fcnc\u00fc s\u0131radayd\u0131m. Operasyon \u00e7ok h\u0131zl\u0131 ge\u00e7ti (yakla\u015f\u0131k 20 dakika s\u00fcrd\u00fc) ve tamamen a\u011fr\u0131s\u0131zd\u0131 (her \u015feyi ekrandan izleyip kaydedebilen e\u015fim i\u00e7in daha a\u011fr\u0131l\u0131yd\u0131\u2026). Operasyon sonras\u0131 yakla\u015f\u0131k 30 dakika daha klinikte kald\u0131k ve k\u00fc\u00e7\u00fck bir kontrol yap\u0131ld\u0131. Ard\u0131ndan otele gittik, ben hemen uyuyabildim.    <\/p>\n\n<p>\u00c7ar\u015famba, 25 Mart 2009, yine saat 11:00\u2019de klini\u011fe gittik; bahsedilen a\u011fr\u0131lardan eser yoktu. Kontrol muayenesi yap\u0131ld\u0131, doktor her \u015feyin iyi oldu\u011funu s\u00f6yledi, ben sol g\u00f6z\u00fcmle sa\u011f g\u00f6z\u00fcm kadar iyi g\u00f6rmedi\u011fimi hissettim\u2026 \u00c7ar\u015famba \u00f6\u011fleden sonray\u0131 \u0130stanbul\u2019u gezmek i\u00e7in kulland\u0131k; ger\u00e7ekten harika bir \u015fehir, \u00e7ok kalabal\u0131k (\u015fu anda yakla\u015f\u0131k 20 milyon n\u00fcfus). Kapal\u0131\u00e7ar\u015f\u0131\u2019ya gittik, Asya yakas\u0131na ge\u00e7tik, al\u0131\u015fveri\u015f merkezlerini dola\u015ft\u0131k ve sonunda kebap yedik. <\/p>\n\n<p>Per\u015fembe, 26 Mart 2009, Birol bizi saat 15:00\u2019te ald\u0131 ve havaalan\u0131na g\u00f6t\u00fcrd\u00fc. U\u00e7akta her yar\u0131m saatte bir g\u00f6z damlas\u0131 damlatmam gerekiyordu, ama bu hi\u00e7 sorun olmad\u0131. Saat 20:00\u2019de Z\u00fcrih-Kloten\u2019e vard\u0131k, arabam\u0131n direksiyonuna ge\u00e7tim ve sorunsuz bir \u015fekilde eve gittim. <\/p>\n\n<p>27.03.2009 \u2013 Bug\u00fcn: Laser ameliyat\u0131ndan bu yana hi\u00e7 sorun ya\u015famad\u0131m. H\u00e2l\u00e2 sa\u011f g\u00f6z\u00fcmle soldan biraz daha iyi g\u00f6rd\u00fc\u011f\u00fcm\u00fc hissediyorum, ama bu durum, kontrol muayenesinden (ameliyattan yakla\u015f\u0131k 1 ay sonra) sonra netle\u015fecek. <\/p>\n\n<p>Yeni hayat\u0131m\u0131n, g\u00f6zl\u00fck veya kontakt lens olmadan harika bir g\u00f6r\u00fc\u015fle tad\u0131n\u0131 \u00e7\u0131kar\u0131yorum ve neredeyse her hafta ameliyat\u0131m\u0131n videolar\u0131n\u0131, \u0130stanbul izlenimleriyle birlikte izliyorum. <\/p>\n\n<p>Sonu\u00e7: Ameliyat m\u00fckemmel ge\u00e7ti ve Eye-Star Klinik ekibi ile Bay Karaagacli-Leoni son derece nazik ve yard\u0131mc\u0131yd\u0131. Ameliyat\u0131n yan\u0131 s\u0131ra \u0130stanbul\u2019u da \u00e7ok etkileyici bir \u015fehir olarak tan\u0131ma f\u0131rsat\u0131m oldu. Benim a\u00e7\u0131mdan ameliyat\u0131 her zaman tekrar yapard\u0131m ve herkesin Eye-Star Klinik\u2019te lazer ameliyat\u0131 olmay\u0131 d\u00fc\u015f\u00fcnmesini kesinlikle tavsiye ederim.  <\/p>\n\n<p>T\u00fcm ilgililere y\u00fcrekten te\u015fekk\u00fcrler!<\/p>\n\n<figure class=\"wp-block-image size-full\"><img decoding=\"async\" width=\"69\" height=\"90\" src=\"https:\/\/medicaltravel.at\/wp-content\/uploads\/2025\/09\/csm_portrait_renfer_6a30a155c6.jpg\" alt=\"\" class=\"wp-image-1293\"\/><\/figure>\n\n<div class=\"wp-block-group is-layout-grid wp-container-core-group-is-layout-baef362d wp-block-group-is-layout-grid\">\n<p><a href=\"https:\/\/medicaltravel.at\/home\/agb\/\" data-type=\"page\" data-id=\"2191\"><\/a><a href=\"https:\/\/medicaltravel.at\/tr\/hasta-hikayeleri\/2009-2010-deneyim-raporlari\/istanbulda-lasik-deneyim-raporum-13-mayis-2009-carsamba-tarihli-rapor\/\" data-type=\"link\" data-id=\"https:\/\/medicaltravel.at\/berichte-von-patienten\/erfahrungsberichte-2009-2010\/lasik-in-istanbul-mein-erfahrungsbericht-bericht-vom-mittwoch-13-mai-2009\/\">\u00d6nceki Rapor<\/a><\/p>\n\n\n\n<p class=\"has-text-align-right wp-container-content-5e2576f9\"><a href=\"https:\/\/medicaltravel.at\/home\/impressum\/\" data-type=\"page\" data-id=\"2193\"><\/a><a href=\"https:\/\/medicaltravel.at\/home\/berichte-von-patienten\/erfahrungsberichte\/erfahrungsbericht-zahnbehandlung-in-istanbul\/\" data-type=\"page\" data-id=\"981\"><\/a><a href=\"https:\/\/medicaltravel.at\/tr\/hasta-hikayeleri\/2009-2010-deneyim-raporlari\/aralik-ayindaki-lasik-ameliyatim-29-ocak-2009-persembe-tarihli-rapor\/\" data-type=\"link\" data-id=\"https:\/\/medicaltravel.at\/berichte-von-patienten\/erfahrungsberichte-2009-2010\/meine-lasik-op-im-dezember-bericht-vom-donnerstag-29-januar-2009\/\">Sonraki Rapor<\/a><\/p>\n<\/div>\n","protected":false},"excerpt":{"rendered":"<p>\u0130sim: Renfer Patrick, 1977 \/ Ameliyat: Mart 2009 Refraksiyon:Sa\u011f g\u00f6z: -6,25 = -2,50 \/ 21\u00b0 G\u00f6rme keskinli\u011fi 1,00Sol g\u00f6z: -5,50 = -2,50 \/ 172\u00b0 G\u00f6rme keskinli\u011fi 1,00 Uzun zamand\u0131r hayalim, g\u00f6zl\u00fck veya kontakt lens olmadan g\u00f6rebilmeyi ba\u015farmakt\u0131. Bu nedenle \u015eubat 2007\u2019de Bern\u2019deki G\u00f6z Lazer Enstit\u00fcs\u00fc\u2019nde bir \u00f6n muayene yapt\u0131rmaya karar verdim. Sonu\u00e7 olarak, sadece bir lens implant\u0131n\u0131n benim i\u00e7in uygun olaca\u011f\u0131 ve bunun maliyetinin 12.000 CHF oldu\u011fu s\u00f6ylendi. Bunu kar\u015f\u0131layamayaca\u011f\u0131m i\u00e7in internetten ba\u015fka sa\u011flay\u0131c\u0131lar\/m\u00fcmk\u00fcnl\u00fckler ara\u015ft\u0131rmaya ba\u015flad\u0131m, bazen saatlerce bakt\u0131m. Bratislava, Almanya, Luzern\u2019deki lazer ameliyatlar\u0131n\u0131 g\u00f6rd\u00fcm ama t\u00fcm bunlar aras\u0131nda EYE-Star Klini\u011fi \u0130stanbul\u2019da bana a\u00e7\u0131k ara en iyi izlenimi verdi. Bu nedenle g\u00f6z lazer enstit\u00fcs\u00fcnden ald\u0131\u011f\u0131m \u00f6n muayene sonu\u00e7lar\u0131n\u0131 Bay Karaagacli-Leoni\u2019ye g\u00f6nderdim. Sadece bir g\u00fcn sonra, \u00f6n muayene sonu\u00e7lar\u0131m\u0131n incelenmesinin ard\u0131ndan lazer ameliyat\u0131n\u0131n benim i\u00e7in uygun olabilece\u011fi sevin\u00e7li sonucunu ald\u0131m. Bu durum beni \u00e7ok mutlu etti ama biraz da tedirgin etti. Bir muayeneden neden iki farkl\u0131 sonu\u00e7 \u00e7\u0131k\u0131yor? Bu nedenle, Z\u00fcrih\u2019teki sevk doktorunda bir \u00f6n muayene daha yapt\u0131rmaya karar verdim. Oradan da lazer ameliyat\u0131 i\u00e7in onay al\u0131nca ve Bay Karaagacli-Leoni\u2019nin \u00e7ok iyi ilgisi sayesinde, \u0130stanbul\u2019da lazer ameliyat\u0131 olmaya karar verdim. Pazartesi, 23 Mart 2009 g\u00fcn\u00fc, e\u015fimle birlikte Swiss Havayollar\u0131 ile \u0130stanbul\u2019a u\u00e7tum; orada Birol taraf\u0131ndan kar\u015f\u0131lan\u0131p Midtown Hotel\u2019e (kesinlikle tavsiye edilir) g\u00f6t\u00fcr\u00fcld\u00fck. O ak\u015fam, \u0130stanbul\u2019da ya\u015fayan bir tan\u0131d\u0131\u011f\u0131m\u0131zla birlikte Taksim b\u00f6lgesinde vakit ge\u00e7irdik. Sal\u0131, 24 Mart 2009, saat 11:00\u2019de Birol bizi almaya geldi; asl\u0131nda buna gerek yoktu \u00e7\u00fcnk\u00fc otelimiz klini\u011fe sadece 3 dakika uzakl\u0131ktayd\u0131. Klinik d\u0131\u015far\u0131dan eski ve k\u00f6t\u00fc g\u00f6r\u00fcn\u00fcyordu; bunun nedeni binan\u0131n tarihi koruma alt\u0131nda olmas\u0131yd\u0131. Ancak i\u00e7erisi son derece modern ve \u00e7ok hijyenikti. Ard\u0131ndan yerinde \u00f6n muayene ve operasyon hakk\u0131nda bilgiler verildi (her \u015fey m\u00fckemmel Almanca ya da hatta \u0130svi\u00e7re Almancas\u0131yla, Fred arac\u0131l\u0131\u011f\u0131yla). \u00d6n muayenenin ard\u0131ndan bize 4 saatlik bir serbest zaman verildi; \u00e7\u00fcnk\u00fc g\u00f6r\u00fc\u015f\u00fcm biraz k\u0131s\u0131tl\u0131yd\u0131, k\u0131sa bir y\u00fcr\u00fcy\u00fc\u015f ve lezzetli bir \u00f6\u011fle yeme\u011fi yemeye karar verdik. Saat 17:00\u2019de operasyon ger\u00e7ekle\u015fti, ben \u00fc\u00e7\u00fcnc\u00fc s\u0131radayd\u0131m. Operasyon \u00e7ok h\u0131zl\u0131 ge\u00e7ti (yakla\u015f\u0131k 20 dakika s\u00fcrd\u00fc) ve tamamen a\u011fr\u0131s\u0131zd\u0131 (her \u015feyi ekrandan izleyip kaydedebilen e\u015fim i\u00e7in daha a\u011fr\u0131l\u0131yd\u0131\u2026). Operasyon sonras\u0131 yakla\u015f\u0131k 30 dakika daha klinikte kald\u0131k ve k\u00fc\u00e7\u00fck bir kontrol yap\u0131ld\u0131. Ard\u0131ndan otele gittik, ben hemen uyuyabildim. \u00c7ar\u015famba, 25 Mart 2009, yine saat 11:00\u2019de klini\u011fe gittik; bahsedilen a\u011fr\u0131lardan eser yoktu. Kontrol muayenesi yap\u0131ld\u0131, doktor her \u015feyin iyi oldu\u011funu s\u00f6yledi, ben sol g\u00f6z\u00fcmle sa\u011f g\u00f6z\u00fcm kadar iyi g\u00f6rmedi\u011fimi hissettim\u2026 \u00c7ar\u015famba \u00f6\u011fleden sonray\u0131 \u0130stanbul\u2019u gezmek i\u00e7in kulland\u0131k; ger\u00e7ekten harika bir \u015fehir, \u00e7ok kalabal\u0131k (\u015fu anda yakla\u015f\u0131k 20 milyon n\u00fcfus). Kapal\u0131\u00e7ar\u015f\u0131\u2019ya gittik, Asya yakas\u0131na ge\u00e7tik, al\u0131\u015fveri\u015f merkezlerini dola\u015ft\u0131k ve sonunda kebap yedik. Per\u015fembe, 26 Mart 2009, Birol bizi saat 15:00\u2019te ald\u0131 ve havaalan\u0131na g\u00f6t\u00fcrd\u00fc. U\u00e7akta her yar\u0131m saatte bir g\u00f6z damlas\u0131 damlatmam gerekiyordu, ama bu hi\u00e7 sorun olmad\u0131. Saat 20:00\u2019de Z\u00fcrih-Kloten\u2019e vard\u0131k, arabam\u0131n direksiyonuna ge\u00e7tim ve sorunsuz bir \u015fekilde eve gittim. 27.03.2009 \u2013 Bug\u00fcn: Laser ameliyat\u0131ndan bu yana hi\u00e7 sorun ya\u015famad\u0131m. H\u00e2l\u00e2 sa\u011f g\u00f6z\u00fcmle soldan biraz daha iyi g\u00f6rd\u00fc\u011f\u00fcm\u00fc hissediyorum, ama bu durum, kontrol muayenesinden (ameliyattan yakla\u015f\u0131k 1 ay sonra) sonra netle\u015fecek. Yeni hayat\u0131m\u0131n, g\u00f6zl\u00fck veya kontakt lens olmadan harika bir g\u00f6r\u00fc\u015fle tad\u0131n\u0131 \u00e7\u0131kar\u0131yorum ve neredeyse her hafta ameliyat\u0131m\u0131n videolar\u0131n\u0131, \u0130stanbul izlenimleriyle birlikte izliyorum. Sonu\u00e7: Ameliyat m\u00fckemmel ge\u00e7ti ve Eye-Star Klinik ekibi ile Bay Karaagacli-Leoni son derece nazik ve yard\u0131mc\u0131yd\u0131. Ameliyat\u0131n yan\u0131 s\u0131ra \u0130stanbul\u2019u da \u00e7ok etkileyici bir \u015fehir olarak tan\u0131ma f\u0131rsat\u0131m oldu. Benim a\u00e7\u0131mdan ameliyat\u0131 her zaman tekrar yapard\u0131m ve herkesin Eye-Star Klinik\u2019te lazer ameliyat\u0131 olmay\u0131 d\u00fc\u015f\u00fcnmesini kesinlikle tavsiye ederim. T\u00fcm ilgililere y\u00fcrekten te\u015fekk\u00fcrler! \u00d6nceki Rapor Sonraki Rapor<\/p>\n","protected":false},"author":4,"featured_media":0,"parent":4430,"menu_order":0,"comment_status":"closed","ping_status":"closed","template":"","meta":{"_joinchat":[],"footnotes":""},"class_list":["post-4499","page","type-page","status-publish","hentry"],"acf":[],"_links":{"self":[{"href":"https:\/\/medicaltravel.at\/tr\/wp-json\/wp\/v2\/pages\/4499","targetHints":{"allow":["GET"]}}],"collection":[{"href":"https:\/\/medicaltravel.at\/tr\/wp-json\/wp\/v2\/pages"}],"about":[{"href":"https:\/\/medicaltravel.at\/tr\/wp-json\/wp\/v2\/types\/page"}],"author":[{"embeddable":true,"href":"https:\/\/medicaltravel.at\/tr\/wp-json\/wp\/v2\/users\/4"}],"replies":[{"embeddable":true,"href":"https:\/\/medicaltravel.at\/tr\/wp-json\/wp\/v2\/comments?post=4499"}],"version-history":[{"count":1,"href":"https:\/\/medicaltravel.at\/tr\/wp-json\/wp\/v2\/pages\/4499\/revisions"}],"predecessor-version":[{"id":4500,"href":"https:\/\/medicaltravel.at\/tr\/wp-json\/wp\/v2\/pages\/4499\/revisions\/4500"}],"up":[{"embeddable":true,"href":"https:\/\/medicaltravel.at\/tr\/wp-json\/wp\/v2\/pages\/4430"}],"wp:attachment":[{"href":"https:\/\/medicaltravel.at\/tr\/wp-json\/wp\/v2\/media?parent=4499"}],"curies":[{"name":"wp","href":"https:\/\/api.w.org\/{rel}","templated":true}]}}