{"id":4496,"date":"2025-09-28T10:47:51","date_gmt":"2025-09-28T09:47:51","guid":{"rendered":"https:\/\/medicaltravel.at\/hasta-hikayeleri\/2009-2010-deneyim-raporlari\/istanbuldaki-lasik-ameliyatimdan-5-ay-sonra-sonuclarim-21-ekim-2009-carsamba-tarihli-rapor\/"},"modified":"2026-01-13T16:33:53","modified_gmt":"2026-01-13T15:33:53","slug":"istanbuldaki-lasik-ameliyatimdan-5-ay-sonra-sonuclarim-21-ekim-2009-carsamba-tarihli-rapor","status":"publish","type":"page","link":"https:\/\/medicaltravel.at\/tr\/hasta-hikayeleri\/2009-2010-deneyim-raporlari\/istanbuldaki-lasik-ameliyatimdan-5-ay-sonra-sonuclarim-21-ekim-2009-carsamba-tarihli-rapor\/","title":{"rendered":"\u0130stanbul\u2019daki LASIK Ameliyat\u0131mdan 5 Ay Sonra Sonu\u00e7lar\u0131m \u2013 21 Ekim 2009 \u00c7ar\u015famba tarihli rapor"},"content":{"rendered":"\n<h3 class=\"wp-block-heading\">\u0130stanbul\u2019daki LASIK Ameliyat\u0131mdan 5 Ay Sonra Sonu\u00e7lar\u0131m \u2013 21 Ekim 2009 \u00c7ar\u015famba tarihli rapor<\/h3>\n\n\n\n<p>Merhaba,<br><br>Burada size son raporumu yaz\u0131yorum. Bildi\u011finiz gibi, May\u0131s ay\u0131nda \u0130stanbul\u2019da g\u00f6z lazeri ameliyat\u0131 oldum. Bug\u00fcn ise Bern\u2019deki sevk doktoruna \u00fc\u00e7\u00fcnc\u00fc ve son kontrol i\u00e7in gittim. Bu muayenehanede ve doktor taraf\u0131ndan \u00e7ok iyi ve nazik bir \u015fekilde kar\u015f\u0131land\u0131m \u2013 t\u0131pk\u0131 \u0130stanbul\u2019da oldu\u011fu gibi.<br><br>Ameliyat sonucundan h\u00e2l\u00e2 \u00e7ok memnunum. Sevk doktoru da bunun \u00e7ok iyi bir sonu\u00e7 oldu\u011funu s\u00f6yledi \u2013 kendisi de memnundu ve bug\u00fcn tedavimi sonland\u0131rd\u0131. Ameliyat \u00f6ncesi g\u00f6zlerimin bu kadar iyi g\u00f6rebilece\u011fini tahmin bile edemezdim \u2013 diyelim ki b\u00f6yle bir netlikte g\u00f6rebilece\u011fimi hi\u00e7 bilmiyordum. G\u00f6zl\u00fckle asla bu kadar iyi g\u00f6remiyordum ve \u00e7ocukken hi\u00e7 bu kadar iyi g\u00f6rd\u00fc\u011f\u00fcm\u00fc hat\u0131rlam\u0131yorum \u2013 belki de sadece unutmu\u015fumdur.<br><br>Art\u0131k \u00e7ok net g\u00f6r\u00fcyorum, mek\u00e2nsal olarak iyi, her \u015fey \u00e7ok daha renkli ve gece bile hi\u00e7bir problemim yok. Ameliyattan sonra ilk ba\u015flarda sokak lambalar\u0131na veya araba farlar\u0131na bak\u0131nca biraz rahats\u0131zl\u0131k oluyordu ama bu da ge\u00e7ti.<br><br>\u0130lgin\u00e7 olan bir \u015fey, art\u0131k ameliyat \u00f6ncesine g\u00f6re \u00e7ok daha az utanga\u00e7 ve korkak olmam (bu sadece benim g\u00f6r\u00fc\u015f\u00fcm de\u011fil). Art\u0131k bir durumu daha iyi kontrol edebiliyorum \u00e7\u00fcnk\u00fc daha iyi g\u00f6r\u00fcyorum. \u00d6rne\u011fin, daha \u00f6nce hep teredd\u00fctle hareket ederdim; \u015fimdi tam olarak neyin nerede oldu\u011funu g\u00f6rebiliyorum (daha \u00e7ok 3D g\u00f6r\u00fcyormu\u015fum gibi \u2013 biraz garip gelebilir, \u00e7\u00fcnk\u00fc b\u00fcy\u00fck bir d\u00fczeltme yap\u0131lmad\u0131 ama benim i\u00e7in her \u015fey \u00e7ok farkl\u0131).<br><br>Beden e\u011fitimi derslerinde alet jimnasti\u011fi veya yer jimnasti\u011fi yapmay\u0131 genellikle reddederdim; \u00e7ok korkuyordum \u2013 \u015fimdi nedenini anl\u0131yorum, \u00e7\u00fcnk\u00fc \u00f6nceden iyi g\u00f6remiyordum ve mesafeleri do\u011fru tahmin edemiyordum, bu y\u00fczden \u00e7ok g\u00fcvensizdim ve \u00e7o\u011fu zaman zaten g\u00f6zl\u00fcks\u00fcz yapmak zorundayd\u0131m.<br><br>Her \u015fey bir arada: H\u0131zl\u0131 ve iyi dan\u0131\u015fmanl\u0131k, seyahat, ameliyat, sonras\u0131 bak\u0131m\u2026 Her \u015fey i\u00e7in tekrar \u00e7ok te\u015fekk\u00fcr ederim ve Swisslasik\u2019i h\u00e2l\u00e2 herkese tavsiye edece\u011fim.<br><br>Sayg\u0131lar\u0131mla,<br>Petra Lutz             <\/p>\n\n\n\n<div class=\"wp-block-group is-layout-grid wp-container-core-group-is-layout-baef362d wp-block-group-is-layout-grid\">\n<p><a href=\"https:\/\/medicaltravel.at\/home\/agb\/\" data-type=\"page\" data-id=\"2191\"><\/a><a href=\"https:\/\/medicaltravel.at\/tr\/hasta-hikayeleri\/2009-2010-deneyim-raporlari\/bir-hayal-gercek-oluyor-istanbuldaki-goez-ameliyati-15-6-2009-13-temmuz-2009-pazartesi-tarihli-rapor\/\" data-type=\"link\" data-id=\"https:\/\/medicaltravel.at\/tr\/hasta-hikayeleri\/2009-2010-deneyim-raporlari\/bir-hayal-gercek-oluyor-istanbuldaki-goez-ameliyati-15-6-2009-13-temmuz-2009-pazartesi-tarihli-rapor\/\">\u00d6nceki Rapor<\/a><\/p>\n\n\n\n<p class=\"has-text-align-right wp-container-content-5e2576f9\"><a href=\"https:\/\/medicaltravel.at\/home\/impressum\/\" data-type=\"page\" data-id=\"2193\"><\/a><a href=\"https:\/\/medicaltravel.at\/home\/berichte-von-patienten\/erfahrungsberichte\/erfahrungsbericht-zahnbehandlung-in-istanbul\/\" data-type=\"page\" data-id=\"981\"><\/a><a href=\"https:\/\/medicaltravel.at\/tr\/hasta-hikayeleri\/2009-2010-deneyim-raporlari\/goezlueksuez-yeni-bir-yasam-hissi-10-temmuz-2009-cuma-tarihli-rapor\/\" data-type=\"link\" data-id=\"https:\/\/medicaltravel.at\/tr\/hasta-hikayeleri\/2009-2010-deneyim-raporlari\/goezlueksuez-yeni-bir-yasam-hissi-10-temmuz-2009-cuma-tarihli-rapor\/\">Sonraki Rapor<\/a><\/p>\n<\/div>\n","protected":false},"excerpt":{"rendered":"<p>\u0130stanbul\u2019daki LASIK Ameliyat\u0131mdan 5 Ay Sonra Sonu\u00e7lar\u0131m \u2013 21 Ekim 2009 \u00c7ar\u015famba tarihli rapor Merhaba, Burada size son raporumu yaz\u0131yorum. Bildi\u011finiz gibi, May\u0131s ay\u0131nda \u0130stanbul\u2019da g\u00f6z lazeri ameliyat\u0131 oldum. Bug\u00fcn ise Bern\u2019deki sevk doktoruna \u00fc\u00e7\u00fcnc\u00fc ve son kontrol i\u00e7in gittim. Bu muayenehanede ve doktor taraf\u0131ndan \u00e7ok iyi ve nazik bir \u015fekilde kar\u015f\u0131land\u0131m \u2013 t\u0131pk\u0131 \u0130stanbul\u2019da oldu\u011fu gibi. Ameliyat sonucundan h\u00e2l\u00e2 \u00e7ok memnunum. Sevk doktoru da bunun \u00e7ok iyi bir sonu\u00e7 oldu\u011funu s\u00f6yledi \u2013 kendisi de memnundu ve bug\u00fcn tedavimi sonland\u0131rd\u0131. Ameliyat \u00f6ncesi g\u00f6zlerimin bu kadar iyi g\u00f6rebilece\u011fini tahmin bile edemezdim \u2013 diyelim ki b\u00f6yle bir netlikte g\u00f6rebilece\u011fimi hi\u00e7 bilmiyordum. G\u00f6zl\u00fckle asla bu kadar iyi g\u00f6remiyordum ve \u00e7ocukken hi\u00e7 bu kadar iyi g\u00f6rd\u00fc\u011f\u00fcm\u00fc hat\u0131rlam\u0131yorum \u2013 belki de sadece unutmu\u015fumdur. Art\u0131k \u00e7ok net g\u00f6r\u00fcyorum, mek\u00e2nsal olarak iyi, her \u015fey \u00e7ok daha renkli ve gece bile hi\u00e7bir problemim yok. Ameliyattan sonra ilk ba\u015flarda sokak lambalar\u0131na veya araba farlar\u0131na bak\u0131nca biraz rahats\u0131zl\u0131k oluyordu ama bu da ge\u00e7ti. \u0130lgin\u00e7 olan bir \u015fey, art\u0131k ameliyat \u00f6ncesine g\u00f6re \u00e7ok daha az utanga\u00e7 ve korkak olmam (bu sadece benim g\u00f6r\u00fc\u015f\u00fcm de\u011fil). Art\u0131k bir durumu daha iyi kontrol edebiliyorum \u00e7\u00fcnk\u00fc daha iyi g\u00f6r\u00fcyorum. \u00d6rne\u011fin, daha \u00f6nce hep teredd\u00fctle hareket ederdim; \u015fimdi tam olarak neyin nerede oldu\u011funu g\u00f6rebiliyorum (daha \u00e7ok 3D g\u00f6r\u00fcyormu\u015fum gibi \u2013 biraz garip gelebilir, \u00e7\u00fcnk\u00fc b\u00fcy\u00fck bir d\u00fczeltme yap\u0131lmad\u0131 ama benim i\u00e7in her \u015fey \u00e7ok farkl\u0131). Beden e\u011fitimi derslerinde alet jimnasti\u011fi veya yer jimnasti\u011fi yapmay\u0131 genellikle reddederdim; \u00e7ok korkuyordum \u2013 \u015fimdi nedenini anl\u0131yorum, \u00e7\u00fcnk\u00fc \u00f6nceden iyi g\u00f6remiyordum ve mesafeleri do\u011fru tahmin edemiyordum, bu y\u00fczden \u00e7ok g\u00fcvensizdim ve \u00e7o\u011fu zaman zaten g\u00f6zl\u00fcks\u00fcz yapmak zorundayd\u0131m. Her \u015fey bir arada: H\u0131zl\u0131 ve iyi dan\u0131\u015fmanl\u0131k, seyahat, ameliyat, sonras\u0131 bak\u0131m\u2026 Her \u015fey i\u00e7in tekrar \u00e7ok te\u015fekk\u00fcr ederim ve Swisslasik\u2019i h\u00e2l\u00e2 herkese tavsiye edece\u011fim. Sayg\u0131lar\u0131mla,Petra Lutz \u00d6nceki Rapor Sonraki Rapor<\/p>\n","protected":false},"author":4,"featured_media":0,"parent":4430,"menu_order":0,"comment_status":"closed","ping_status":"closed","template":"","meta":{"_joinchat":[],"footnotes":""},"class_list":["post-4496","page","type-page","status-publish","hentry"],"acf":[],"_links":{"self":[{"href":"https:\/\/medicaltravel.at\/tr\/wp-json\/wp\/v2\/pages\/4496","targetHints":{"allow":["GET"]}}],"collection":[{"href":"https:\/\/medicaltravel.at\/tr\/wp-json\/wp\/v2\/pages"}],"about":[{"href":"https:\/\/medicaltravel.at\/tr\/wp-json\/wp\/v2\/types\/page"}],"author":[{"embeddable":true,"href":"https:\/\/medicaltravel.at\/tr\/wp-json\/wp\/v2\/users\/4"}],"replies":[{"embeddable":true,"href":"https:\/\/medicaltravel.at\/tr\/wp-json\/wp\/v2\/comments?post=4496"}],"version-history":[{"count":3,"href":"https:\/\/medicaltravel.at\/tr\/wp-json\/wp\/v2\/pages\/4496\/revisions"}],"predecessor-version":[{"id":5832,"href":"https:\/\/medicaltravel.at\/tr\/wp-json\/wp\/v2\/pages\/4496\/revisions\/5832"}],"up":[{"embeddable":true,"href":"https:\/\/medicaltravel.at\/tr\/wp-json\/wp\/v2\/pages\/4430"}],"wp:attachment":[{"href":"https:\/\/medicaltravel.at\/tr\/wp-json\/wp\/v2\/media?parent=4496"}],"curies":[{"name":"wp","href":"https:\/\/api.w.org\/{rel}","templated":true}]}}