{"id":4494,"date":"2025-09-28T10:54:36","date_gmt":"2025-09-28T09:54:36","guid":{"rendered":"https:\/\/medicaltravel.at\/hasta-hikayeleri\/2009-2010-deneyim-raporlari\/aralik-ayindaki-lasik-ameliyatim-29-ocak-2009-persembe-tarihli-rapor\/"},"modified":"2026-01-13T16:38:43","modified_gmt":"2026-01-13T15:38:43","slug":"aralik-ayindaki-lasik-ameliyatim-29-ocak-2009-persembe-tarihli-rapor","status":"publish","type":"page","link":"https:\/\/medicaltravel.at\/tr\/hasta-hikayeleri\/2009-2010-deneyim-raporlari\/aralik-ayindaki-lasik-ameliyatim-29-ocak-2009-persembe-tarihli-rapor\/","title":{"rendered":"Aral\u0131k Ay\u0131ndaki LASIK Ameliyat\u0131m \u2013 29 Ocak 2009 Per\u015fembe tarihli rapor"},"content":{"rendered":"\n<h3 class=\"wp-block-heading\">Aral\u0131k Ay\u0131ndaki LASIK Ameliyat\u0131m \u2013 29 Ocak 2009 Per\u015fembe tarihli rapor<\/h3>\n\n\n\n<p>D\u00fcn ak\u015fam, Lasik operasyonumdan 4 hafta sonra Z\u00fcrih\u2019te kontrol muayenesine gittim. Operasyon s\u00fcreci ve t\u00fcm kapsaml\u0131 destek hakk\u0131nda bilgi verdikten sonra, doktorun sonucunu merakla bekledim. Operasyonun ba\u015far\u0131l\u0131 olaca\u011f\u0131 hissim do\u011fruland\u0131 ve doktor: \u201c\u00c7ok g\u00fczel, \u00e7ok g\u00fczel!\u201d dedi. \u00c7ok memnun kald\u0131m; sol g\u00f6z\u00fcmde g\u00f6rme keskinli\u011fim %125, sa\u011f g\u00f6z\u00fcmde %100. \u0130ki g\u00f6zle birlikte ise %160 g\u00f6r\u00fcyorum.    <\/p>\n\n\n\n<p>Cumartesi g\u00fcn\u00fc k\u0131z\u0131mla birlikte \u0130stanbul\u2019a seyahat ettim. Check-in s\u0131ras\u0131nda yakla\u015f\u0131k 1,5 saat kuyrukta beklemek zorunda kald\u0131k \u2013 Noel \u00f6ncesi \u00fc\u00e7 gi\u015fede inan\u0131lmaz bir kaos vard\u0131 \u2013 u\u00e7u\u015f yakla\u015f\u0131k yar\u0131m saat gecikti. Sonras\u0131nda her \u015fey sorunsuz ilerledi!  <\/p>\n\n\n\n<p>G\u00fcmr\u00fck i\u015flemleri olduk\u00e7a h\u0131zl\u0131 ilerledi ve d\u0131\u015far\u0131da Fred bizi bekliyordu. Bizi arabaya g\u00f6t\u00fcrd\u00fc ve otele g\u00f6t\u00fcrd\u00fc. Hatta lobide bizimle birlikte giderek iyi bir oda al\u0131p almad\u0131\u011f\u0131m\u0131zdan emin oldu.  <\/p>\n\n\n\n<p>Pazar g\u00fcn\u00fc \u0130stanbul\u2019un bir k\u0131sm\u0131n\u0131 gezdik ve \u00e7ok metro kulland\u0131k. Fred bize nas\u0131l yapmam\u0131z gerekti\u011fini anlatt\u0131. Pazartesi sabah\u0131 ise \u00e7ar\u015f\u0131y\u0131 ziyaret ettik, ancak bir saatten sonra ihtiya\u00e7lar\u0131m\u0131z kar\u015f\u0131lanm\u0131\u015ft\u0131. Sat\u0131c\u0131lar olduk\u00e7a \u0131srarc\u0131yd\u0131.   <\/p>\n\n\n\n<p>\u00d6\u011fleden sonra Fred bizi otelden ald\u0131 ve klini\u011fe g\u00f6t\u00fcrd\u00fc. Toplamda 4 hastayd\u0131k, bunlar\u0131n 3\u2019\u00fc \u0130svi\u00e7reliydi! Yak\u0131nda sohbetlere dalm\u0131\u015ft\u0131k, tabii, \u00e7\u00fcnk\u00fc hepimizin konusu ayn\u0131yd\u0131!  <\/p>\n\n\n\n<p>Muayeneler tamamlan\u0131p formaliteler halledildikten sonra k\u00fc\u00e7\u00fck bir \u015feyler yiyebildik. Alkolden ve kafeinden uzak durmam\u0131z gerekiyordu. Peki ben ne sipari\u015f ettim? Bir kola! Di\u011ferlerinin bana su\u00e7lay\u0131c\u0131 bak\u0131\u015flar\u0131 kar\u015f\u0131s\u0131nda anlad\u0131m ki, sadece yar\u0131s\u0131n\u0131 i\u00e7meliydim. LOL     <\/p>\n\n\n\n<p>Klinikte tekrar bulundu\u011fumuzda, bize ameliyat\u0131n t\u00fcm s\u00fcreci ve haz\u0131rl\u0131klar\u0131 hakk\u0131nda bilgi verildi. Yumu\u015fak koltuklarda oturup beklerken televizyon izleyerek zaman ge\u00e7irdim. Ne yaz\u0131k ki, en son s\u0131radayd\u0131m. \u0130lk \u00e7\u0131kan ki\u015finin tekrar geldi\u011fini, g\u00f6zlerini s\u0131k\u0131ca kapatm\u0131\u015f bir \u015fekilde dinlendi\u011fini g\u00f6r\u00fcnce k\u0131skand\u0131m. Nas\u0131l ge\u00e7ti\u011fini sormaya cesaret edemedim. Nihayet \u00fcnl\u00fc masaj koltu\u011funa oturma \u015fans\u0131 buldum! Ameliyat \u00f6nl\u00fc\u011f\u00fcn\u00fc, ba\u015fl\u0131\u011f\u0131 ve ikinci bir \u00e7ift ayakkab\u0131 koruyucusunu giydikten sonra g\u00f6zlerim dezenfekte edildi. Orada \u00f6ylece uzand\u0131m, sab\u0131rs\u0131zl\u0131kla bekliyordum ama ayn\u0131 zamanda tamamen rahatt\u0131m.       <\/p>\n\n\n\n<p>Ameliyathaneye g\u00f6t\u00fcr\u00fcld\u00fcm ve lazerin alt\u0131ndaki sedyeye uzand\u0131m. G\u00f6zlerim zaten uyu\u015fturulmu\u015ftu ve sa\u011f g\u00f6z kapat\u0131ld\u0131. G\u00f6z a\u00e7\u0131c\u0131 tak\u0131ld\u0131 ve g\u00f6z y\u0131kand\u0131. \u015eimdi flap kesildi ve geri yerle\u015ftirildi. Her \u015fey bulan\u0131k g\u00f6r\u00fcnd\u00fc. Derin bir nefes almam ve ye\u015fil noktaya odaklanmam s\u00f6ylendi. S\u00f6ylenildi\u011fi gibi yapt\u0131m. K\u0131rm\u0131z\u0131 \u0131\u015f\u0131k \u00e7akmalar\u0131 g\u00f6rd\u00fcm ve lazerin sesini duydum, ve i\u015fte bitti! G\u00f6z tekrar y\u0131kand\u0131 ve flap ba\u015flang\u0131\u00e7 konumuna \u201cd\u00fczeltildi\u201d. Benim i\u00e7in b\u00f6yle hissettirdi.         <\/p>\n\n\n\n<p>Off, \u015fimdi sol g\u00f6z s\u0131rada. Konsantrasyon biraz zor oldu. K\u0131sa bir kesinti fark ettim, doktor sakin bir sesle noktaya odaklanmam\u0131 s\u00f6yledi ve hemen devam ettik. G\u00f6z\u00fcm\u00fc hafif\u00e7e hareket ettirmi\u015ftim, bu y\u00fczden lazer durdu.   <\/p>\n\n\n\n<p>Doktor iyi i\u015f birli\u011fim i\u00e7in te\u015fekk\u00fcr etti ve Fred beni k\u0131sa s\u00fcre dinlenebilece\u011fim karanl\u0131k bir yan odaya g\u00f6t\u00fcrd\u00fc. Ard\u0131ndan beni, \u015fimdiden \u015fakala\u015fmaya ba\u015flam\u0131\u015f di\u011fer hastalar\u0131ma g\u00f6t\u00fcrd\u00fc. Ancak ben g\u00f6zlerimi zar zor a\u00e7abiliyordum ve \u201cmucize damlalar\u0131\u201d bekliyordum; bu damlalar ac\u0131y\u0131 hafifletiyordu. \u00d6nce k\u0131sa bir kontrol muayenesi yap\u0131ld\u0131 ve ard\u0131ndan s\u00f6z konusu damlalar\u0131 ald\u0131m. G\u00fcne\u015f g\u00f6zl\u00fcklerimizi takt\u0131k ve klini\u011fi terk ederken fark ettim ki o seksi ye\u015fil ayakkab\u0131 k\u0131l\u0131flar\u0131n\u0131 \u00e7\u0131karmam\u0131\u015f\u0131m!     <\/p>\n\n\n\n<p>Otele vard\u0131\u011f\u0131mda yata\u011fa yatt\u0131m. Ama bir t\u00fcrl\u00fc huzur bulamad\u0131m ve ac\u0131 geri geldi. Bunun \u00fczerine bize verilen a\u011fr\u0131 kesiciyi ald\u0131m ve uyumaya \u00e7al\u0131\u015ft\u0131m. Biraz kestirdim. Ameliyattan \u00fc\u00e7 saat sonra k\u0131z\u0131mla bir kafeye gittik ve tatl\u0131 bir \u015feyler yedik! G\u00f6zl\u00fck takmadan g\u00f6rebiliyordum, inan\u0131lmazd\u0131!     <\/p>\n\n\n\n<p>Ertesi g\u00fcn kontrole gittik ve doktor \u00fc\u00e7\u00fcm\u00fczden de \u00e7ok memnun kald\u0131. Zaten yeni hastalar \u00f6n muayene i\u00e7in gelmi\u015fti ve meraklar\u0131 olduk\u00e7a b\u00fcy\u00fckt\u00fc. Ard\u0131ndan bizi havaalan\u0131na g\u00f6t\u00fcrd\u00fcler ve damlalar\u0131m\u0131z\u0131 unutmamam\u0131z konusunda uyard\u0131lar! Mutlu bir \u015fekilde eve u\u00e7tuk.   <\/p>\n\n\n\n<p>Bu vesileyle, iki birlikte ameliyat oldu\u011fum hastaya selamlar\u0131m\u0131 iletiyor ve umar\u0131m onlar\u0131n durumu da benim kadar iyi olur! Ayr\u0131ca Eye Star ekibine her \u015fey i\u00e7in i\u00e7ten te\u015fekk\u00fcrlerimi sunmak istiyorum. <\/p>\n\n\n\n<p>Denise Zeller<\/p>\n\n\n\n<div class=\"wp-block-group is-layout-grid wp-container-core-group-is-layout-baef362d wp-block-group-is-layout-grid\">\n<p><a href=\"https:\/\/medicaltravel.at\/home\/agb\/\" data-type=\"page\" data-id=\"2191\"><\/a><a href=\"https:\/\/medicaltravel.at\/tr\/hasta-hikayeleri\/2009-2010-deneyim-raporlari\/ameliyat-raporu-mart-2009-17-nisan-2009-cuma-tarihli-rapor\/\" data-type=\"link\" data-id=\"https:\/\/medicaltravel.at\/tr\/hasta-hikayeleri\/2009-2010-deneyim-raporlari\/ameliyat-raporu-mart-2009-17-nisan-2009-cuma-tarihli-rapor\/\">\u00d6nceki Rapor<\/a><\/p>\n\n\n\n<p class=\"has-text-align-right wp-container-content-5e2576f9\"><a href=\"https:\/\/medicaltravel.at\/home\/impressum\/\" data-type=\"page\" data-id=\"2193\"><\/a><a href=\"https:\/\/medicaltravel.at\/home\/berichte-von-patienten\/erfahrungsberichte\/erfahrungsbericht-zahnbehandlung-in-istanbul\/\" data-type=\"page\" data-id=\"981\"><\/a><a href=\"https:\/\/medicaltravel.at\/tr\/hasta-hikayeleri\/2009-2010-deneyim-raporlari\/goez-lazeri-istanbul-deneyim-raporu-7-ocak-2009-carsamba-tarihli-rapor\/\" data-type=\"link\" data-id=\"https:\/\/medicaltravel.at\/berichte-von-patienten\/erfahrungsberichte-2009-2010\/augen-laser-istanbul-erfahrungsbericht-bericht-vom-mittwoch-07-januar-2009\/\">Sonraki Rapor<\/a><\/p>\n<\/div>\n","protected":false},"excerpt":{"rendered":"<p>Aral\u0131k Ay\u0131ndaki LASIK Ameliyat\u0131m \u2013 29 Ocak 2009 Per\u015fembe tarihli rapor D\u00fcn ak\u015fam, Lasik operasyonumdan 4 hafta sonra Z\u00fcrih\u2019te kontrol muayenesine gittim. Operasyon s\u00fcreci ve t\u00fcm kapsaml\u0131 destek hakk\u0131nda bilgi verdikten sonra, doktorun sonucunu merakla bekledim. Operasyonun ba\u015far\u0131l\u0131 olaca\u011f\u0131 hissim do\u011fruland\u0131 ve doktor: \u201c\u00c7ok g\u00fczel, \u00e7ok g\u00fczel!\u201d dedi. \u00c7ok memnun kald\u0131m; sol g\u00f6z\u00fcmde g\u00f6rme keskinli\u011fim %125, sa\u011f g\u00f6z\u00fcmde %100. \u0130ki g\u00f6zle birlikte ise %160 g\u00f6r\u00fcyorum. Cumartesi g\u00fcn\u00fc k\u0131z\u0131mla birlikte \u0130stanbul\u2019a seyahat ettim. Check-in s\u0131ras\u0131nda yakla\u015f\u0131k 1,5 saat kuyrukta beklemek zorunda kald\u0131k \u2013 Noel \u00f6ncesi \u00fc\u00e7 gi\u015fede inan\u0131lmaz bir kaos vard\u0131 \u2013 u\u00e7u\u015f yakla\u015f\u0131k yar\u0131m saat gecikti. Sonras\u0131nda her \u015fey sorunsuz ilerledi! G\u00fcmr\u00fck i\u015flemleri olduk\u00e7a h\u0131zl\u0131 ilerledi ve d\u0131\u015far\u0131da Fred bizi bekliyordu. Bizi arabaya g\u00f6t\u00fcrd\u00fc ve otele g\u00f6t\u00fcrd\u00fc. Hatta lobide bizimle birlikte giderek iyi bir oda al\u0131p almad\u0131\u011f\u0131m\u0131zdan emin oldu. Pazar g\u00fcn\u00fc \u0130stanbul\u2019un bir k\u0131sm\u0131n\u0131 gezdik ve \u00e7ok metro kulland\u0131k. Fred bize nas\u0131l yapmam\u0131z gerekti\u011fini anlatt\u0131. Pazartesi sabah\u0131 ise \u00e7ar\u015f\u0131y\u0131 ziyaret ettik, ancak bir saatten sonra ihtiya\u00e7lar\u0131m\u0131z kar\u015f\u0131lanm\u0131\u015ft\u0131. Sat\u0131c\u0131lar olduk\u00e7a \u0131srarc\u0131yd\u0131. \u00d6\u011fleden sonra Fred bizi otelden ald\u0131 ve klini\u011fe g\u00f6t\u00fcrd\u00fc. Toplamda 4 hastayd\u0131k, bunlar\u0131n 3\u2019\u00fc \u0130svi\u00e7reliydi! Yak\u0131nda sohbetlere dalm\u0131\u015ft\u0131k, tabii, \u00e7\u00fcnk\u00fc hepimizin konusu ayn\u0131yd\u0131! Muayeneler tamamlan\u0131p formaliteler halledildikten sonra k\u00fc\u00e7\u00fck bir \u015feyler yiyebildik. Alkolden ve kafeinden uzak durmam\u0131z gerekiyordu. Peki ben ne sipari\u015f ettim? Bir kola! Di\u011ferlerinin bana su\u00e7lay\u0131c\u0131 bak\u0131\u015flar\u0131 kar\u015f\u0131s\u0131nda anlad\u0131m ki, sadece yar\u0131s\u0131n\u0131 i\u00e7meliydim. LOL Klinikte tekrar bulundu\u011fumuzda, bize ameliyat\u0131n t\u00fcm s\u00fcreci ve haz\u0131rl\u0131klar\u0131 hakk\u0131nda bilgi verildi. Yumu\u015fak koltuklarda oturup beklerken televizyon izleyerek zaman ge\u00e7irdim. Ne yaz\u0131k ki, en son s\u0131radayd\u0131m. \u0130lk \u00e7\u0131kan ki\u015finin tekrar geldi\u011fini, g\u00f6zlerini s\u0131k\u0131ca kapatm\u0131\u015f bir \u015fekilde dinlendi\u011fini g\u00f6r\u00fcnce k\u0131skand\u0131m. Nas\u0131l ge\u00e7ti\u011fini sormaya cesaret edemedim. Nihayet \u00fcnl\u00fc masaj koltu\u011funa oturma \u015fans\u0131 buldum! Ameliyat \u00f6nl\u00fc\u011f\u00fcn\u00fc, ba\u015fl\u0131\u011f\u0131 ve ikinci bir \u00e7ift ayakkab\u0131 koruyucusunu giydikten sonra g\u00f6zlerim dezenfekte edildi. Orada \u00f6ylece uzand\u0131m, sab\u0131rs\u0131zl\u0131kla bekliyordum ama ayn\u0131 zamanda tamamen rahatt\u0131m. Ameliyathaneye g\u00f6t\u00fcr\u00fcld\u00fcm ve lazerin alt\u0131ndaki sedyeye uzand\u0131m. G\u00f6zlerim zaten uyu\u015fturulmu\u015ftu ve sa\u011f g\u00f6z kapat\u0131ld\u0131. G\u00f6z a\u00e7\u0131c\u0131 tak\u0131ld\u0131 ve g\u00f6z y\u0131kand\u0131. \u015eimdi flap kesildi ve geri yerle\u015ftirildi. Her \u015fey bulan\u0131k g\u00f6r\u00fcnd\u00fc. Derin bir nefes almam ve ye\u015fil noktaya odaklanmam s\u00f6ylendi. S\u00f6ylenildi\u011fi gibi yapt\u0131m. K\u0131rm\u0131z\u0131 \u0131\u015f\u0131k \u00e7akmalar\u0131 g\u00f6rd\u00fcm ve lazerin sesini duydum, ve i\u015fte bitti! G\u00f6z tekrar y\u0131kand\u0131 ve flap ba\u015flang\u0131\u00e7 konumuna \u201cd\u00fczeltildi\u201d. Benim i\u00e7in b\u00f6yle hissettirdi. Off, \u015fimdi sol g\u00f6z s\u0131rada. Konsantrasyon biraz zor oldu. K\u0131sa bir kesinti fark ettim, doktor sakin bir sesle noktaya odaklanmam\u0131 s\u00f6yledi ve hemen devam ettik. G\u00f6z\u00fcm\u00fc hafif\u00e7e hareket ettirmi\u015ftim, bu y\u00fczden lazer durdu. Doktor iyi i\u015f birli\u011fim i\u00e7in te\u015fekk\u00fcr etti ve Fred beni k\u0131sa s\u00fcre dinlenebilece\u011fim karanl\u0131k bir yan odaya g\u00f6t\u00fcrd\u00fc. Ard\u0131ndan beni, \u015fimdiden \u015fakala\u015fmaya ba\u015flam\u0131\u015f di\u011fer hastalar\u0131ma g\u00f6t\u00fcrd\u00fc. Ancak ben g\u00f6zlerimi zar zor a\u00e7abiliyordum ve \u201cmucize damlalar\u0131\u201d bekliyordum; bu damlalar ac\u0131y\u0131 hafifletiyordu. \u00d6nce k\u0131sa bir kontrol muayenesi yap\u0131ld\u0131 ve ard\u0131ndan s\u00f6z konusu damlalar\u0131 ald\u0131m. G\u00fcne\u015f g\u00f6zl\u00fcklerimizi takt\u0131k ve klini\u011fi terk ederken fark ettim ki o seksi ye\u015fil ayakkab\u0131 k\u0131l\u0131flar\u0131n\u0131 \u00e7\u0131karmam\u0131\u015f\u0131m! Otele vard\u0131\u011f\u0131mda yata\u011fa yatt\u0131m. Ama bir t\u00fcrl\u00fc huzur bulamad\u0131m ve ac\u0131 geri geldi. Bunun \u00fczerine bize verilen a\u011fr\u0131 kesiciyi ald\u0131m ve uyumaya \u00e7al\u0131\u015ft\u0131m. Biraz kestirdim. Ameliyattan \u00fc\u00e7 saat sonra k\u0131z\u0131mla bir kafeye gittik ve tatl\u0131 bir \u015feyler yedik! G\u00f6zl\u00fck takmadan g\u00f6rebiliyordum, inan\u0131lmazd\u0131! Ertesi g\u00fcn kontrole gittik ve doktor \u00fc\u00e7\u00fcm\u00fczden de \u00e7ok memnun kald\u0131. Zaten yeni hastalar \u00f6n muayene i\u00e7in gelmi\u015fti ve meraklar\u0131 olduk\u00e7a b\u00fcy\u00fckt\u00fc. Ard\u0131ndan bizi havaalan\u0131na g\u00f6t\u00fcrd\u00fcler ve damlalar\u0131m\u0131z\u0131 unutmamam\u0131z konusunda uyard\u0131lar! Mutlu bir \u015fekilde eve u\u00e7tuk. Bu vesileyle, iki birlikte ameliyat oldu\u011fum hastaya selamlar\u0131m\u0131 iletiyor ve umar\u0131m onlar\u0131n durumu da benim kadar iyi olur! Ayr\u0131ca Eye Star ekibine her \u015fey i\u00e7in i\u00e7ten te\u015fekk\u00fcrlerimi sunmak istiyorum. Denise Zeller \u00d6nceki Rapor Sonraki Rapor<\/p>\n","protected":false},"author":4,"featured_media":0,"parent":4430,"menu_order":0,"comment_status":"closed","ping_status":"closed","template":"","meta":{"_joinchat":[],"footnotes":""},"class_list":["post-4494","page","type-page","status-publish","hentry"],"acf":[],"_links":{"self":[{"href":"https:\/\/medicaltravel.at\/tr\/wp-json\/wp\/v2\/pages\/4494","targetHints":{"allow":["GET"]}}],"collection":[{"href":"https:\/\/medicaltravel.at\/tr\/wp-json\/wp\/v2\/pages"}],"about":[{"href":"https:\/\/medicaltravel.at\/tr\/wp-json\/wp\/v2\/types\/page"}],"author":[{"embeddable":true,"href":"https:\/\/medicaltravel.at\/tr\/wp-json\/wp\/v2\/users\/4"}],"replies":[{"embeddable":true,"href":"https:\/\/medicaltravel.at\/tr\/wp-json\/wp\/v2\/comments?post=4494"}],"version-history":[{"count":2,"href":"https:\/\/medicaltravel.at\/tr\/wp-json\/wp\/v2\/pages\/4494\/revisions"}],"predecessor-version":[{"id":5839,"href":"https:\/\/medicaltravel.at\/tr\/wp-json\/wp\/v2\/pages\/4494\/revisions\/5839"}],"up":[{"embeddable":true,"href":"https:\/\/medicaltravel.at\/tr\/wp-json\/wp\/v2\/pages\/4430"}],"wp:attachment":[{"href":"https:\/\/medicaltravel.at\/tr\/wp-json\/wp\/v2\/media?parent=4494"}],"curies":[{"name":"wp","href":"https:\/\/api.w.org\/{rel}","templated":true}]}}