{"id":4492,"date":"2025-09-28T10:40:16","date_gmt":"2025-09-28T09:40:16","guid":{"rendered":"https:\/\/medicaltravel.at\/hasta-hikayeleri\/2009-2010-deneyim-raporlari\/istanbuldaki-lazer-ameliyatim-24-agustos-2010-sali-tarihli-rapor\/"},"modified":"2026-01-13T16:22:25","modified_gmt":"2026-01-13T15:22:25","slug":"istanbuldaki-lazer-ameliyatim-24-agustos-2010-sali-tarihli-rapor","status":"publish","type":"page","link":"https:\/\/medicaltravel.at\/tr\/hasta-hikayeleri\/2009-2010-deneyim-raporlari\/istanbuldaki-lazer-ameliyatim-24-agustos-2010-sali-tarihli-rapor\/","title":{"rendered":"\u0130stanbul\u2019daki Lazer Ameliyat\u0131m \u2013 24 A\u011fustos 2010 Sal\u0131 tarihli rapor"},"content":{"rendered":"\n<h3 class=\"wp-block-heading\">\u0130stanbul\u2019daki Lazer Ameliyat\u0131m \u2013 24 A\u011fustos 2010 Sal\u0131 tarihli rapor<\/h3>\n\n<p>Meslekta\u015f\u0131mdan \u0130stanbul\u2019da bir operasyonun de\u011ferli olaca\u011f\u0131n\u0131 \u00f6\u011frendim. Ba\u015flang\u0131\u00e7ta bir \u015fekilde korkuyordum. Yine de sonunda cesaretimi toplad\u0131m ve Swisslasik\u2019ten \u00f6n muayene i\u00e7in kay\u0131t yapt\u0131rd\u0131m. Herr Karaagacli k\u0131sa s\u00fcre sonra benimle ileti\u015fime ge\u00e7ti ve uygun bir randevu ayarlad\u0131. Z\u00fcrih\u2019teki g\u00f6z doktoru operasyonu yapabilece\u011fimi do\u011frulad\u0131. \u00c7ok h\u0131zl\u0131 bir \u015fekilde operasyon randevusu alabildim. Swisslasik her \u015feyi (u\u00e7ak, otel ve transfer) sorunsuz ve m\u00fckemmel bir \u015fekilde organize etti.<br\/><br\/>Art\u0131k g\u00fcn geldi. U\u00e7u\u015f g\u00fcn\u00fcm yakla\u015ft\u0131 ve heyecan art\u0131yordu. \u0130stanbul\u2019a vard\u0131\u011f\u0131mda Eyestar ekibi havaalan\u0131nda beni kar\u015f\u0131lad\u0131 ve \u00e7ok nazik ve samimi bir \u015fekilde kar\u015f\u0131land\u0131m. Direkt olarak otele g\u00f6t\u00fcr\u00fcld\u00fcm. Otel m\u00fckemmeldi ve konumu birinci s\u0131n\u0131ft\u0131. Her \u015fey yak\u0131ndayd\u0131 ve t\u00fcm g\u00fcn\u00fcm \u201cbo\u015f\u201d oldu\u011fu i\u00e7in \u0130stanbul\u2019da al\u0131\u015fveri\u015f yap\u0131p \u015fehri gezebildim.<br\/><br\/>Cuma g\u00fcn\u00fc operasyon g\u00fcn\u00fc geldi. \u00d6\u011fleden sonra operasyon \u00f6ncesi son muayenem vard\u0131. Ak\u015fam operasyon ger\u00e7ekle\u015fti. Operasyon \u00f6ncesi gerginlik artt\u0131, ama ameliyathane girdi\u011fimde \u00e7ok daha rahatlad\u0131m. Doktor ve yard\u0131mc\u0131lar \u00e7ok nazikti ve cesaret verdiler. Operasyon ba\u015flad\u0131. Her bir g\u00f6z i\u00e7in i\u015flem 60 saniye s\u00fcrd\u00fc. \u015eip\u015fak ve tekrar d\u0131\u015far\u0131dayd\u0131m. Operasyondan hemen sonra g\u00f6rebiliyordum ama g\u00f6zlerim sulan\u0131yordu. Operasyon sonras\u0131 a\u011fr\u0131 hissetmedim. Ge\u00e7 saatlerde operasyon oldu\u011fum i\u00e7in do\u011frudan otele gidip uyudum. Gece biraz a\u011fr\u0131 vard\u0131, ama dayan\u0131lmayacak kadar de\u011fildi. G\u00f6zlerimi tekrar damlalarla tedavi ettim ve yeniden uyudum.<br\/><br\/>Ertesi g\u00fcn her \u015feyi g\u00f6zl\u00fck veya lens olmadan g\u00f6rebiliyordum. G\u00f6r\u00fc\u015f h\u00e2l\u00e2 biraz bulan\u0131kt\u0131 ama genel olarak iyi g\u00f6r\u00fcyordum. G\u00fc\u00e7l\u00fc bir d\u00fczeltme yapt\u0131rd\u0131\u011f\u0131m i\u00e7in, -8 diyoptri ve 10 mm pupil \u00e7ap\u0131, iyile\u015fme s\u00fcrecim ilk g\u00fcnlerde biraz yava\u015ft\u0131. \u015eimdi bir aydan fazla ge\u00e7ti ve \u00e7ok iyi g\u00f6r\u00fcyorum. \u0130lk kontrol\u00fcmde sa\u011f g\u00f6z\u00fcm %100 d\u00fczeltilmi\u015f, sol g\u00f6z\u00fcm ise tamamen %100 de\u011fil. Ama iyile\u015fme yakla\u015f\u0131k 3 ay s\u00fcrecek ve bu s\u00fcre zarf\u0131nda sol g\u00f6z\u00fcm de biraz daha iyile\u015febilir.<br\/><br\/>Bu \u0130stanbul seyahatini herkese tavsiye ederim. Sadece operasyon de\u011fil, t\u00fcm organizasyon ve EyeStar ekibi ger\u00e7ekten m\u00fckemmeldi. Bu operasyonu yapt\u0131rd\u0131\u011f\u0131m i\u00e7in \u00e7ok minnettar\u0131m. \u0130svi\u00e7re\u2019de bunun \u00fc\u00e7 kat\u0131n\u0131 \u00f6demem gerekirdi. \u0130stanbul t\u0131pta \u00e7ok ileri seviyede; neden bu kadar \u00e7ok \u00f6deyeyim? Sadece korkmay\u0131n ve operasyonu \u0130stanbul\u2019da yapt\u0131r\u0131n. Swisslasik ve EyeStar ekibine, harika organizasyon ve operasyon i\u00e7in \u00f6zel te\u015fekk\u00fcrlerimi sunuyorum.                                        Sevgilerimle,<br\/>Laura Di Iorio<\/p>\n\n<div class=\"wp-block-group is-layout-grid wp-container-core-group-is-layout-baef362d wp-block-group-is-layout-grid\">\n<p><a href=\"https:\/\/medicaltravel.at\/home\/agb\/\" data-type=\"page\" data-id=\"2191\"><\/a><a href=\"https:\/\/medicaltravel.at\/tr\/hasta-hikayeleri\/2009-2010-deneyim-raporlari\/goezlerimi-lazerle-tedavi-ettirdim-26-kasim-2010-cuma-tarihli-rapor\/\" data-type=\"link\" data-id=\"https:\/\/medicaltravel.at\/berichte-von-patienten\/erfahrungsberichte-2009-2010\/ich-habe-meine-augen-lasern-lassen-bericht-vom-freitag-26-november-2010\/\">\u00d6nceki Rapor<\/a><\/p>\n\n\n\n<p class=\"has-text-align-right wp-container-content-5e2576f9\"><a href=\"https:\/\/medicaltravel.at\/home\/impressum\/\" data-type=\"page\" data-id=\"2193\"><\/a><a href=\"https:\/\/medicaltravel.at\/home\/berichte-von-patienten\/erfahrungsberichte\/erfahrungsbericht-zahnbehandlung-in-istanbul\/\" data-type=\"page\" data-id=\"981\"><\/a><a href=\"https:\/\/medicaltravel.at\/tr\/hasta-hikayeleri\/2009-2010-deneyim-raporlari\/istanbulda-lasik-deneyim-raporu-11-agustos-2010-carsamba-tarihli-rapor\/\" data-type=\"link\" data-id=\"https:\/\/medicaltravel.at\/berichte-von-patienten\/erfahrungsberichte-2009-2010\/erfahrungsbericht-lasik-in-istanbul-bericht-vom-mittwoch-11-august-2010\/\">Sonraki Rapor<\/a><\/p>\n<\/div>\n","protected":false},"excerpt":{"rendered":"<p>\u0130stanbul\u2019daki Lazer Ameliyat\u0131m \u2013 24 A\u011fustos 2010 Sal\u0131 tarihli rapor Meslekta\u015f\u0131mdan \u0130stanbul\u2019da bir operasyonun de\u011ferli olaca\u011f\u0131n\u0131 \u00f6\u011frendim. Ba\u015flang\u0131\u00e7ta bir \u015fekilde korkuyordum. Yine de sonunda cesaretimi toplad\u0131m ve Swisslasik\u2019ten \u00f6n muayene i\u00e7in kay\u0131t yapt\u0131rd\u0131m. Herr Karaagacli k\u0131sa s\u00fcre sonra benimle ileti\u015fime ge\u00e7ti ve uygun bir randevu ayarlad\u0131. Z\u00fcrih\u2019teki g\u00f6z doktoru operasyonu yapabilece\u011fimi do\u011frulad\u0131. \u00c7ok h\u0131zl\u0131 bir \u015fekilde operasyon randevusu alabildim. Swisslasik her \u015feyi (u\u00e7ak, otel ve transfer) sorunsuz ve m\u00fckemmel bir \u015fekilde organize etti. Art\u0131k g\u00fcn geldi. U\u00e7u\u015f g\u00fcn\u00fcm yakla\u015ft\u0131 ve heyecan art\u0131yordu. \u0130stanbul\u2019a vard\u0131\u011f\u0131mda Eyestar ekibi havaalan\u0131nda beni kar\u015f\u0131lad\u0131 ve \u00e7ok nazik ve samimi bir \u015fekilde kar\u015f\u0131land\u0131m. Direkt olarak otele g\u00f6t\u00fcr\u00fcld\u00fcm. Otel m\u00fckemmeldi ve konumu birinci s\u0131n\u0131ft\u0131. Her \u015fey yak\u0131ndayd\u0131 ve t\u00fcm g\u00fcn\u00fcm \u201cbo\u015f\u201d oldu\u011fu i\u00e7in \u0130stanbul\u2019da al\u0131\u015fveri\u015f yap\u0131p \u015fehri gezebildim. Cuma g\u00fcn\u00fc operasyon g\u00fcn\u00fc geldi. \u00d6\u011fleden sonra operasyon \u00f6ncesi son muayenem vard\u0131. Ak\u015fam operasyon ger\u00e7ekle\u015fti. Operasyon \u00f6ncesi gerginlik artt\u0131, ama ameliyathane girdi\u011fimde \u00e7ok daha rahatlad\u0131m. Doktor ve yard\u0131mc\u0131lar \u00e7ok nazikti ve cesaret verdiler. Operasyon ba\u015flad\u0131. Her bir g\u00f6z i\u00e7in i\u015flem 60 saniye s\u00fcrd\u00fc. \u015eip\u015fak ve tekrar d\u0131\u015far\u0131dayd\u0131m. Operasyondan hemen sonra g\u00f6rebiliyordum ama g\u00f6zlerim sulan\u0131yordu. Operasyon sonras\u0131 a\u011fr\u0131 hissetmedim. Ge\u00e7 saatlerde operasyon oldu\u011fum i\u00e7in do\u011frudan otele gidip uyudum. Gece biraz a\u011fr\u0131 vard\u0131, ama dayan\u0131lmayacak kadar de\u011fildi. G\u00f6zlerimi tekrar damlalarla tedavi ettim ve yeniden uyudum. Ertesi g\u00fcn her \u015feyi g\u00f6zl\u00fck veya lens olmadan g\u00f6rebiliyordum. G\u00f6r\u00fc\u015f h\u00e2l\u00e2 biraz bulan\u0131kt\u0131 ama genel olarak iyi g\u00f6r\u00fcyordum. G\u00fc\u00e7l\u00fc bir d\u00fczeltme yapt\u0131rd\u0131\u011f\u0131m i\u00e7in, -8 diyoptri ve 10 mm pupil \u00e7ap\u0131, iyile\u015fme s\u00fcrecim ilk g\u00fcnlerde biraz yava\u015ft\u0131. \u015eimdi bir aydan fazla ge\u00e7ti ve \u00e7ok iyi g\u00f6r\u00fcyorum. \u0130lk kontrol\u00fcmde sa\u011f g\u00f6z\u00fcm %100 d\u00fczeltilmi\u015f, sol g\u00f6z\u00fcm ise tamamen %100 de\u011fil. Ama iyile\u015fme yakla\u015f\u0131k 3 ay s\u00fcrecek ve bu s\u00fcre zarf\u0131nda sol g\u00f6z\u00fcm de biraz daha iyile\u015febilir. Bu \u0130stanbul seyahatini herkese tavsiye ederim. Sadece operasyon de\u011fil, t\u00fcm organizasyon ve EyeStar ekibi ger\u00e7ekten m\u00fckemmeldi. Bu operasyonu yapt\u0131rd\u0131\u011f\u0131m i\u00e7in \u00e7ok minnettar\u0131m. \u0130svi\u00e7re\u2019de bunun \u00fc\u00e7 kat\u0131n\u0131 \u00f6demem gerekirdi. \u0130stanbul t\u0131pta \u00e7ok ileri seviyede; neden bu kadar \u00e7ok \u00f6deyeyim? Sadece korkmay\u0131n ve operasyonu \u0130stanbul\u2019da yapt\u0131r\u0131n. Swisslasik ve EyeStar ekibine, harika organizasyon ve operasyon i\u00e7in \u00f6zel te\u015fekk\u00fcrlerimi sunuyorum. Sevgilerimle,Laura Di Iorio \u00d6nceki Rapor Sonraki Rapor<\/p>\n","protected":false},"author":4,"featured_media":0,"parent":4430,"menu_order":0,"comment_status":"closed","ping_status":"closed","template":"","meta":{"_joinchat":[],"footnotes":""},"class_list":["post-4492","page","type-page","status-publish","hentry"],"acf":[],"_links":{"self":[{"href":"https:\/\/medicaltravel.at\/tr\/wp-json\/wp\/v2\/pages\/4492","targetHints":{"allow":["GET"]}}],"collection":[{"href":"https:\/\/medicaltravel.at\/tr\/wp-json\/wp\/v2\/pages"}],"about":[{"href":"https:\/\/medicaltravel.at\/tr\/wp-json\/wp\/v2\/types\/page"}],"author":[{"embeddable":true,"href":"https:\/\/medicaltravel.at\/tr\/wp-json\/wp\/v2\/users\/4"}],"replies":[{"embeddable":true,"href":"https:\/\/medicaltravel.at\/tr\/wp-json\/wp\/v2\/comments?post=4492"}],"version-history":[{"count":1,"href":"https:\/\/medicaltravel.at\/tr\/wp-json\/wp\/v2\/pages\/4492\/revisions"}],"predecessor-version":[{"id":4493,"href":"https:\/\/medicaltravel.at\/tr\/wp-json\/wp\/v2\/pages\/4492\/revisions\/4493"}],"up":[{"embeddable":true,"href":"https:\/\/medicaltravel.at\/tr\/wp-json\/wp\/v2\/pages\/4430"}],"wp:attachment":[{"href":"https:\/\/medicaltravel.at\/tr\/wp-json\/wp\/v2\/media?parent=4492"}],"curies":[{"name":"wp","href":"https:\/\/api.w.org\/{rel}","templated":true}]}}