{"id":4490,"date":"2025-09-28T10:38:16","date_gmt":"2025-09-28T09:38:16","guid":{"rendered":"https:\/\/medicaltravel.at\/hasta-hikayeleri\/2009-2010-deneyim-raporlari\/kasim-2010da-istanbuldaki-lazer-tedavim-5-aralik-2010-pazar-tarihli-rapor\/"},"modified":"2026-01-13T16:20:27","modified_gmt":"2026-01-13T15:20:27","slug":"kasim-2010da-istanbuldaki-lazer-tedavim-5-aralik-2010-pazar-tarihli-rapor","status":"publish","type":"page","link":"https:\/\/medicaltravel.at\/tr\/hasta-hikayeleri\/2009-2010-deneyim-raporlari\/kasim-2010da-istanbuldaki-lazer-tedavim-5-aralik-2010-pazar-tarihli-rapor\/","title":{"rendered":"Kas\u0131m 2010\u2019da \u0130stanbul\u2019daki Lazer Tedavim \u2013 5 Aral\u0131k 2010 Pazar tarihli rapor"},"content":{"rendered":"\n<h3 class=\"wp-block-heading\">Kas\u0131m 2010\u2019da \u0130stanbul\u2019daki Lazer Tedavim \u2013 5 Aral\u0131k 2010 Pazar tarihli rapor<\/h3>\n\n<p>Uzun s\u00fcredir g\u00f6zlerimi lazerle d\u00fczeltmeyi d\u00fc\u015f\u00fcn\u00fcyordum. Ancak \u0130svi\u00e7re\u2019deki y\u00fcksek fiyatlar beni bundan al\u0131koyuyordu. Bir g\u00fcn Swisslasik\u2019in sitesine rastlad\u0131m ve g\u00fcvenilir ve ilgin\u00e7 geldi. Birka\u00e7 d\u00fc\u015f\u00fcnmeden sonra, Bay Karaagacli\u2019ye yazmaya karar verdim. Sorular\u0131ma her zaman cevap ald\u0131m ve bu beni \u00e7ok rahatlatt\u0131 ve mutlu etti. B\u00f6ylece Swisslasik\u2019i kesin olarak tercih ettim.<br\/><br\/>Yola \u00e7\u0131kmadan \u00f6nce, Bay Karaagacli bana Swisslasik-Pass\u2019\u0131 g\u00f6nderdi; i\u00e7inde lazer tedavisi s\u00fcreci ve bir\u00e7ok bilgi yer al\u0131yordu. Ayr\u0131ca genel olarak faydal\u0131 bilgiler de mevcuttu. Bu k\u00fc\u00e7\u00fck kitap\u00e7\u0131k \u0130stanbul\u2019da benim sad\u0131k rehberim oldu.<br\/>\u0130stanbul\u2019a vard\u0131\u011f\u0131m\u0131zda, ben ve meslekta\u015f\u0131m Almanca konu\u015fan bir rehber taraf\u0131ndan havaalan\u0131nda kar\u015f\u0131land\u0131k ve otelimize g\u00f6t\u00fcr\u00fcld\u00fck. Bu hizmeti \u00e7ok be\u011fendim. Otelde beni al\u0131p klini\u011fe g\u00f6t\u00fcrece\u011fi zaman\u0131 kararla\u015ft\u0131rd\u0131k. Ayr\u0131ca doktorun sa\u011fl\u0131k sorunlar\u0131 nedeniyle randevumun bir g\u00fcn ertelenece\u011fini s\u00f6yledi. Bu benim i\u00e7in sorun olmad\u0131 \u00e7\u00fcnk\u00fc \u0130stanbul\u2019da bir hafta kalacakt\u0131m.<br\/><br\/>\u00d6n muayene g\u00fcn\u00fc, kararla\u015ft\u0131r\u0131ld\u0131\u011f\u0131 gibi otelden rehber beni ald\u0131. Y\u00fcr\u00fcyerek, yakla\u015f\u0131k 5 dakika uzakl\u0131ktaki klini\u011fe gittik. Oraya vard\u0131\u011f\u0131m\u0131zda hijyen nedeniyle ayakkab\u0131 k\u0131l\u0131f\u0131 giymemiz istendi. Klinik i\u00e7inde ba\u015fka bir Almanca konu\u015fan rehber bana e\u015flik etti. \u00d6n kontroller s\u0131ras\u0131nda, g\u00f6zlerimde nelerin incelenece\u011fini ve g\u00f6zlerimle neler yapmam gerekti\u011fini a\u00e7\u0131klad\u0131. Her \u015fey olduk\u00e7a h\u0131zl\u0131 ge\u00e7ti. Yakla\u015f\u0131k 20\u201330 dakika sonra bana lazer tedavisinin m\u00fcmk\u00fcn oldu\u011fu s\u00f6ylendi ve bu beni \u00e7ok sevindirdi.<br\/><br\/>Tedavi ayn\u0131 g\u00fcn yap\u0131lacakt\u0131. Yakla\u015f\u0131k 1 saatlik bir \u00f6\u011fle molas\u0131ndan sonra meslekta\u015f\u0131mla birlikte tekrar klini\u011fe gittim. O g\u00fcn ben ve \u0130svi\u00e7re\u2019den gelen 2 hasta daha tedavi edildi. Lazer operasyonunun, klinikte a\u015f\u0131r\u0131 d\u00fc\u015f\u00fck elektrik veya teknik nedenlerle ayr\u0131 bir klinikte yap\u0131lmas\u0131 gerekti\u011fi a\u00e7\u0131kland\u0131. Yakla\u015f\u0131k 30 dakika uzakl\u0131ktaki ba\u015fka bir klini\u011fe g\u00f6t\u00fcr\u00fcld\u00fck. Yeni klinik de temiz ve \u00f6zellikle l\u00fcks bir izlenim b\u0131rak\u0131yordu. Bekleme s\u00fcresini ameliyathane \u00f6n\u00fcnde ge\u00e7irdik. Rahatlamam\u0131z i\u00e7in bir sakinle\u015ftirici tablet verildi. Bu s\u0131rada, bekleme s\u00fcresi neredeyse dayan\u0131lmaz hale geldi\u011fi i\u00e7in sadece operasyonu bir an \u00f6nce bitirmek istiyordum. Daha sonra tablet sayesinde heyecan\u0131m b\u00fcy\u00fck \u00f6l\u00e7\u00fcde azald\u0131 ve olduk\u00e7a rahatlad\u0131m.<br\/><br\/>Ameliyat s\u0131ras\u0131nda Almanca rehber doktorun talimatlar\u0131n\u0131 bana \u00e7evirdi. \u0130\u015flem k\u0131sa s\u00fcrd\u00fc ve tek yapmam gereken bak\u0131\u015f\u0131m\u0131 ye\u015fil noktadan ay\u0131rmamakt\u0131. Operasyon tamamen a\u011fr\u0131s\u0131zd\u0131; sadece g\u00f6z\u00fcn sabitlendi\u011fi bir i\u015flem biraz ac\u0131l\u0131yd\u0131.                                   Operasyondan sonra doktor g\u00f6zlerimi tekrar kontrol etti ve her \u015feyin yolunda oldu\u011funu do\u011frulad\u0131. Otele vard\u0131\u011f\u0131mda biraz uzand\u0131m ve birka\u00e7 saat uyudum. Neyse ki a\u011fr\u0131m yoktu. Uyand\u0131\u011f\u0131mda g\u00f6r\u00fc\u015f\u00fcm\u00fcn ciddi \u015fekilde iyile\u015fti\u011fini fark ettim ve art\u0131k dijital saati rahat\u00e7a okuyabiliyordum.<br\/><br\/>Ertesi g\u00fcn kontrol i\u00e7in tekrar klini\u011fe gittim. Doktor g\u00f6zlerimi tekrar inceledi ve her \u015feyin yolunda oldu\u011funu s\u00f6yledi. Art\u0131k serbesttim ve \u015fehri normal \u015fekilde gezebildim. Bu ad\u0131m\u0131 tekrar atacak olsam ayn\u0131s\u0131n\u0131 yapard\u0131m ve herkese tavsiye edebilirim.<br\/><br\/>Sevgiler,<br\/>Dzevi Sopi       <\/p>\n\n<div class=\"wp-block-group is-layout-grid wp-container-core-group-is-layout-baef362d wp-block-group-is-layout-grid\">\n<p><a href=\"https:\/\/medicaltravel.at\/home\/agb\/\" data-type=\"page\" data-id=\"2191\"><\/a><a href=\"https:\/\/medicaltravel.at\/tr\/hasta-hikayeleri\/2009-2010-deneyim-raporlari\/benim-istanbula-bueyuek-goez-lazer-yolculugum-5-aralik-2010-pazar-tarihli-rapor\/\" data-type=\"link\" data-id=\"https:\/\/medicaltravel.at\/berichte-von-patienten\/erfahrungsberichte-2009-2010\/meine-grosse-augenlaserreise-nach-istanbul-bericht-vom-sonntag-05-dezember-2010\/\">\u00d6nceki Rapor<\/a><\/p>\n\n\n\n<p class=\"has-text-align-right wp-container-content-5e2576f9\"><a href=\"https:\/\/medicaltravel.at\/home\/impressum\/\" data-type=\"page\" data-id=\"2193\"><\/a><a href=\"https:\/\/medicaltravel.at\/home\/berichte-von-patienten\/erfahrungsberichte\/erfahrungsbericht-zahnbehandlung-in-istanbul\/\" data-type=\"page\" data-id=\"981\"><\/a><a href=\"https:\/\/medicaltravel.at\/tr\/hasta-hikayeleri\/2009-2010-deneyim-raporlari\/bakim-konusunda-isvicre-hala-kendine-oernek-alabilir-30-kasim-2010-sali-tarihli-rapor\/\" data-type=\"link\" data-id=\"https:\/\/medicaltravel.at\/berichte-von-patienten\/erfahrungsberichte-2009-2010\/in-punkto-betreuung-kann-sich-die-schweiz-noch-eine-scheibe-abschneiden-bericht-vom-dienstag-30-november-2010\/\">Sonraki Rapor<\/a><\/p>\n<\/div>\n","protected":false},"excerpt":{"rendered":"<p>Kas\u0131m 2010\u2019da \u0130stanbul\u2019daki Lazer Tedavim \u2013 5 Aral\u0131k 2010 Pazar tarihli rapor Uzun s\u00fcredir g\u00f6zlerimi lazerle d\u00fczeltmeyi d\u00fc\u015f\u00fcn\u00fcyordum. Ancak \u0130svi\u00e7re\u2019deki y\u00fcksek fiyatlar beni bundan al\u0131koyuyordu. Bir g\u00fcn Swisslasik\u2019in sitesine rastlad\u0131m ve g\u00fcvenilir ve ilgin\u00e7 geldi. Birka\u00e7 d\u00fc\u015f\u00fcnmeden sonra, Bay Karaagacli\u2019ye yazmaya karar verdim. Sorular\u0131ma her zaman cevap ald\u0131m ve bu beni \u00e7ok rahatlatt\u0131 ve mutlu etti. B\u00f6ylece Swisslasik\u2019i kesin olarak tercih ettim. Yola \u00e7\u0131kmadan \u00f6nce, Bay Karaagacli bana Swisslasik-Pass\u2019\u0131 g\u00f6nderdi; i\u00e7inde lazer tedavisi s\u00fcreci ve bir\u00e7ok bilgi yer al\u0131yordu. Ayr\u0131ca genel olarak faydal\u0131 bilgiler de mevcuttu. Bu k\u00fc\u00e7\u00fck kitap\u00e7\u0131k \u0130stanbul\u2019da benim sad\u0131k rehberim oldu.\u0130stanbul\u2019a vard\u0131\u011f\u0131m\u0131zda, ben ve meslekta\u015f\u0131m Almanca konu\u015fan bir rehber taraf\u0131ndan havaalan\u0131nda kar\u015f\u0131land\u0131k ve otelimize g\u00f6t\u00fcr\u00fcld\u00fck. Bu hizmeti \u00e7ok be\u011fendim. Otelde beni al\u0131p klini\u011fe g\u00f6t\u00fcrece\u011fi zaman\u0131 kararla\u015ft\u0131rd\u0131k. Ayr\u0131ca doktorun sa\u011fl\u0131k sorunlar\u0131 nedeniyle randevumun bir g\u00fcn ertelenece\u011fini s\u00f6yledi. Bu benim i\u00e7in sorun olmad\u0131 \u00e7\u00fcnk\u00fc \u0130stanbul\u2019da bir hafta kalacakt\u0131m. \u00d6n muayene g\u00fcn\u00fc, kararla\u015ft\u0131r\u0131ld\u0131\u011f\u0131 gibi otelden rehber beni ald\u0131. Y\u00fcr\u00fcyerek, yakla\u015f\u0131k 5 dakika uzakl\u0131ktaki klini\u011fe gittik. Oraya vard\u0131\u011f\u0131m\u0131zda hijyen nedeniyle ayakkab\u0131 k\u0131l\u0131f\u0131 giymemiz istendi. Klinik i\u00e7inde ba\u015fka bir Almanca konu\u015fan rehber bana e\u015flik etti. \u00d6n kontroller s\u0131ras\u0131nda, g\u00f6zlerimde nelerin incelenece\u011fini ve g\u00f6zlerimle neler yapmam gerekti\u011fini a\u00e7\u0131klad\u0131. Her \u015fey olduk\u00e7a h\u0131zl\u0131 ge\u00e7ti. Yakla\u015f\u0131k 20\u201330 dakika sonra bana lazer tedavisinin m\u00fcmk\u00fcn oldu\u011fu s\u00f6ylendi ve bu beni \u00e7ok sevindirdi. Tedavi ayn\u0131 g\u00fcn yap\u0131lacakt\u0131. Yakla\u015f\u0131k 1 saatlik bir \u00f6\u011fle molas\u0131ndan sonra meslekta\u015f\u0131mla birlikte tekrar klini\u011fe gittim. O g\u00fcn ben ve \u0130svi\u00e7re\u2019den gelen 2 hasta daha tedavi edildi. Lazer operasyonunun, klinikte a\u015f\u0131r\u0131 d\u00fc\u015f\u00fck elektrik veya teknik nedenlerle ayr\u0131 bir klinikte yap\u0131lmas\u0131 gerekti\u011fi a\u00e7\u0131kland\u0131. Yakla\u015f\u0131k 30 dakika uzakl\u0131ktaki ba\u015fka bir klini\u011fe g\u00f6t\u00fcr\u00fcld\u00fck. Yeni klinik de temiz ve \u00f6zellikle l\u00fcks bir izlenim b\u0131rak\u0131yordu. Bekleme s\u00fcresini ameliyathane \u00f6n\u00fcnde ge\u00e7irdik. Rahatlamam\u0131z i\u00e7in bir sakinle\u015ftirici tablet verildi. Bu s\u0131rada, bekleme s\u00fcresi neredeyse dayan\u0131lmaz hale geldi\u011fi i\u00e7in sadece operasyonu bir an \u00f6nce bitirmek istiyordum. Daha sonra tablet sayesinde heyecan\u0131m b\u00fcy\u00fck \u00f6l\u00e7\u00fcde azald\u0131 ve olduk\u00e7a rahatlad\u0131m. Ameliyat s\u0131ras\u0131nda Almanca rehber doktorun talimatlar\u0131n\u0131 bana \u00e7evirdi. \u0130\u015flem k\u0131sa s\u00fcrd\u00fc ve tek yapmam gereken bak\u0131\u015f\u0131m\u0131 ye\u015fil noktadan ay\u0131rmamakt\u0131. Operasyon tamamen a\u011fr\u0131s\u0131zd\u0131; sadece g\u00f6z\u00fcn sabitlendi\u011fi bir i\u015flem biraz ac\u0131l\u0131yd\u0131. Operasyondan sonra doktor g\u00f6zlerimi tekrar kontrol etti ve her \u015feyin yolunda oldu\u011funu do\u011frulad\u0131. Otele vard\u0131\u011f\u0131mda biraz uzand\u0131m ve birka\u00e7 saat uyudum. Neyse ki a\u011fr\u0131m yoktu. Uyand\u0131\u011f\u0131mda g\u00f6r\u00fc\u015f\u00fcm\u00fcn ciddi \u015fekilde iyile\u015fti\u011fini fark ettim ve art\u0131k dijital saati rahat\u00e7a okuyabiliyordum. Ertesi g\u00fcn kontrol i\u00e7in tekrar klini\u011fe gittim. Doktor g\u00f6zlerimi tekrar inceledi ve her \u015feyin yolunda oldu\u011funu s\u00f6yledi. Art\u0131k serbesttim ve \u015fehri normal \u015fekilde gezebildim. Bu ad\u0131m\u0131 tekrar atacak olsam ayn\u0131s\u0131n\u0131 yapard\u0131m ve herkese tavsiye edebilirim. Sevgiler,Dzevi Sopi \u00d6nceki Rapor Sonraki Rapor<\/p>\n","protected":false},"author":4,"featured_media":0,"parent":4430,"menu_order":0,"comment_status":"closed","ping_status":"closed","template":"","meta":{"_joinchat":[],"footnotes":""},"class_list":["post-4490","page","type-page","status-publish","hentry"],"acf":[],"_links":{"self":[{"href":"https:\/\/medicaltravel.at\/tr\/wp-json\/wp\/v2\/pages\/4490","targetHints":{"allow":["GET"]}}],"collection":[{"href":"https:\/\/medicaltravel.at\/tr\/wp-json\/wp\/v2\/pages"}],"about":[{"href":"https:\/\/medicaltravel.at\/tr\/wp-json\/wp\/v2\/types\/page"}],"author":[{"embeddable":true,"href":"https:\/\/medicaltravel.at\/tr\/wp-json\/wp\/v2\/users\/4"}],"replies":[{"embeddable":true,"href":"https:\/\/medicaltravel.at\/tr\/wp-json\/wp\/v2\/comments?post=4490"}],"version-history":[{"count":1,"href":"https:\/\/medicaltravel.at\/tr\/wp-json\/wp\/v2\/pages\/4490\/revisions"}],"predecessor-version":[{"id":4491,"href":"https:\/\/medicaltravel.at\/tr\/wp-json\/wp\/v2\/pages\/4490\/revisions\/4491"}],"up":[{"embeddable":true,"href":"https:\/\/medicaltravel.at\/tr\/wp-json\/wp\/v2\/pages\/4430"}],"wp:attachment":[{"href":"https:\/\/medicaltravel.at\/tr\/wp-json\/wp\/v2\/media?parent=4490"}],"curies":[{"name":"wp","href":"https:\/\/api.w.org\/{rel}","templated":true}]}}