{"id":4488,"date":"2025-09-28T10:37:37","date_gmt":"2025-09-28T09:37:37","guid":{"rendered":"https:\/\/medicaltravel.at\/hasta-hikayeleri\/2009-2010-deneyim-raporlari\/benim-istanbula-bueyuek-goez-lazer-yolculugum-5-aralik-2010-pazar-tarihli-rapor\/"},"modified":"2026-01-13T16:20:00","modified_gmt":"2026-01-13T15:20:00","slug":"benim-istanbula-bueyuek-goez-lazer-yolculugum-5-aralik-2010-pazar-tarihli-rapor","status":"publish","type":"page","link":"https:\/\/medicaltravel.at\/tr\/hasta-hikayeleri\/2009-2010-deneyim-raporlari\/benim-istanbula-bueyuek-goez-lazer-yolculugum-5-aralik-2010-pazar-tarihli-rapor\/","title":{"rendered":"Benim \u0130stanbul&#8217;a B\u00fcy\u00fck G\u00f6z Lazer Yolculu\u011fum \u2013 5 Aral\u0131k 2010 Pazar tarihli rapor"},"content":{"rendered":"\n<h3 class=\"wp-block-heading\">Benim \u0130stanbul&#8217;a B\u00fcy\u00fck G\u00f6z Lazer Yolculu\u011fum \u2013 5 Aral\u0131k 2010 Pazar tarihli rapor<\/h3>\n\n\n\n<p>Alt\u0131 ya\u015f\u0131mdan beri g\u00f6rme yard\u0131m\u0131na, yani g\u00f6zl\u00fc\u011fe, ba\u011f\u0131ml\u0131y\u0131m. Ama her g\u00fcn, ke\u015fke b\u00f6yle olmasa diye i\u00e7 ge\u00e7irdi\u011fim anlar oldu. A\u00e7\u0131k\u00e7as\u0131 itiraf etmeliyim ki, \u00f6ncelikle estetik a\u00e7\u0131dan rahats\u0131zl\u0131k veriyordu ve ard\u0131ndan pek \u00e7ok aktivitede (\u00f6rne\u011fin y\u00fczme) g\u00f6zl\u00fc\u011f\u00fcn bir eziyet olmas\u0131 durumu vard\u0131. G\u00f6z enfeksiyonu ge\u00e7irdikten sonra art\u0131k kontakt lens kullanamad\u0131\u011f\u0131m i\u00e7in, 16 ya\u015f\u0131nda b\u00fcy\u00fck g\u00fcn\u00fcm\u00fcn gelece\u011fine ve g\u00f6zlerimi lazerle d\u00fczeltece\u011fime karar verdim.<br><br>Maalesef bu ana kadar tam dokuz y\u0131l beklemek zorunda kald\u0131m. Bu dokuz y\u0131l boyunca ise lazer konusu \u00fczerine yeterince d\u00fc\u015f\u00fcnme ve ara\u015ft\u0131rma f\u0131rsat\u0131m oldu. Ba\u015f\u0131ndan beri benim i\u00e7in a\u00e7\u0131kt\u0131 ki, operasyonu kesinlikle \u0130svi\u00e7re\u2019de yapt\u0131rmayaca\u011f\u0131m. Buradaki maliyetler tamamen u\u00e7uk ve benim i\u00e7in makul de\u011fildi.<br><br>Tan\u0131d\u0131klar\u0131mdan birka\u00e7 ki\u015fi, ayn\u0131 operasyonu T\u00fcrkiye\u2019de yapt\u0131rd\u0131klar\u0131n\u0131 ve sonu\u00e7tan \u00e7ok memnun kald\u0131klar\u0131n\u0131 s\u00f6yledi. Bu da benim \u0130stanbul\u2019da operasyon yapt\u0131rma karar\u0131m\u0131 g\u00fc\u00e7lendirdi. 25 ya\u015f\u0131na geldi\u011fimde ve g\u00f6zlerim son \u00fc\u00e7 y\u0131ld\u0131r sabit kald\u0131\u011f\u0131nda, T\u00fcrkiye\u2019de iyi bir g\u00f6z klini\u011fi bulmak i\u00e7in internet ara\u015ft\u0131rmas\u0131na ba\u015flad\u0131m. Hemen Swisslasik ile kar\u015f\u0131la\u015ft\u0131m.<br><br>Web sitesi bana \u00e7ok ciddi ve profesyonel bir izlenim verdi, bu y\u00fczden \u0130svi\u00e7re\u2019deki irtibat ki\u015fisi Say\u0131n Karaagacli ile ileti\u015fime ge\u00e7meye karar verdim. Sadece birka\u00e7 saat sonra, t\u00fcm sorular\u0131ma kapsaml\u0131 ve profesyonel yan\u0131tlar ald\u0131m ve \u0130stanbul\u2019da Eyestar\u2019da g\u00f6z operasyonu yapt\u0131rmak istedi\u011fim kesinle\u015fti.<br><br>G\u00fcvence i\u00e7in, operasyon \u00f6ncesi Z\u00fcrih\u2019te Say\u0131n Dr. Mario\u2019da bir \u00f6n muayene de yapt\u0131rd\u0131m. Muayene sorunsuz ge\u00e7ti ve olumlu bir rapor ald\u0131ktan sonra operasyon i\u00e7in kayd\u0131m\u0131 yapt\u0131rd\u0131m.<br><br>Say\u0131n Karaagacli, t\u00fcm organizasyonu \u00fcstlendi ve b\u00fcy\u00fck \u0130stanbul yolculu\u011fum 22 Kas\u0131m 2010\u2019da ba\u015flad\u0131. \u0130stanbul\u2019a var\u0131r varmaz, bir Eyestar \u00e7al\u0131\u015fan\u0131 bizi s\u0131cak bir \u015fekilde kar\u015f\u0131lad\u0131 ve do\u011frudan otele g\u00f6t\u00fcrd\u00fc; otelde giri\u015fimiz hemen yap\u0131ld\u0131. Otel personeli \u00e7ok dost canl\u0131s\u0131yd\u0131, oda temizdi ve hemen rahat hissettim.<br><br>Ertesi g\u00fcn, \u00f6n muayeneler \u0130stanbul\u2019da, otelden sadece be\u015f dakikal\u0131k y\u00fcr\u00fcme mesafesindeki Eyestar Klini\u011fi\u2019nde yap\u0131ld\u0131. Klinik personeli m\u00fckemmeldi; \u00f6zellikle terc\u00fcman\u0131m\u0131z Fred\u2019e, iyi ruhlu biri olarak, \u00e7ok g\u00fcvendim. Her zaman yan\u0131m\u0131zdayd\u0131, her \u015feyi \u00e7eviriyor ve sorular\u0131m\u0131za profesyonelce yard\u0131mc\u0131 oluyordu.<br><br>Operasyon yakla\u015f\u0131rken, Fred\u2019in birka\u00e7 sakinle\u015ftirici s\u00f6z\u00fcyle bize destek olmas\u0131 \u00e7ok de\u011ferliydi. Ayr\u0131ca, ayn\u0131 anda orada ba\u015fka be\u015f ki\u015finin daha bulunmas\u0131 ve operasyonlar\u0131n s\u0131rayla yap\u0131lmas\u0131 da bana \u00e7ok iyi hissettirdi.                       B\u00f6ylece \u00f6n muayene s\u0131ras\u0131nda, di\u011fer ki\u015filerle ileti\u015fim kurma ve yaln\u0131z olmad\u0131\u011f\u0131n\u0131z\u0131 bilme f\u0131rsat\u0131 bulmu\u015f oldunuz; bu, korkunun b\u00fcy\u00fck bir k\u0131sm\u0131n\u0131 al\u0131yor ve g\u00fcvenli bir his veriyordu. Operasyon ak\u015fam saatlerinde yap\u0131ld\u0131. Elbette korku b\u00fcy\u00fckt\u00fc, ancak sakinle\u015ftirici tablet, yetkin personel ve hastanedeki ho\u015f ortam, her \u015feyi nispeten sakin bir \u015fekilde kar\u015f\u0131lamama b\u00fcy\u00fck katk\u0131 sa\u011flad\u0131.<br><br>Orada alt\u0131 ki\u015fi oturuyorduk ve hayat\u0131m\u0131zdaki bu b\u00fcy\u00fck an\u0131 sab\u0131rs\u0131zl\u0131kla bekliyorduk. Daha \u00f6nce de belirtildi\u011fi gibi, operasyon s\u0131ras\u0131yla birer birer \u00e7a\u011fr\u0131ld\u0131 ve haz\u0131rl\u0131k yap\u0131ld\u0131. Ben d\u00f6rd\u00fcnc\u00fc s\u0131radayd\u0131m; bu, bana \u00f6nceki operasyondaki ki\u015fiyle k\u0131sa bir konu\u015fma yapma f\u0131rsat\u0131 verdi; \u00e7\u00fcnk\u00fc o ki\u015fi 15-20 dakika i\u00e7inde \u00e7\u0131km\u0131\u015ft\u0131.<br><br>S\u0131ra bana geldi\u011finde, pembe bir \u00f6nl\u00fck giydim, ba\u015f\u0131ma bir \u015fapka tak\u0131ld\u0131 ve ayakkab\u0131lar\u0131m i\u00e7in plastik bir kaplama verildi. Ard\u0131ndan g\u00f6zler uyu\u015fturuldu ve tamamen steril hale getirildi. Operasyon o kadar h\u0131zl\u0131 ge\u00e7ti ki, sonras\u0131nda her \u015fey biraz ger\u00e7ek\u00fcst\u00fc g\u00f6r\u00fcnd\u00fc. Hi\u00e7 ac\u0131mad\u0131, yaln\u0131zca biraz rahats\u0131z ediciydi; bu b\u00fcy\u00fck \u00f6l\u00e7\u00fcde, g\u00f6zle her g\u00fcn oynanmad\u0131\u011f\u0131 i\u00e7in olabilir.<br><br>Operasyon s\u0131ras\u0131nda g\u00f6z bir kelep\u00e7e ile sabitlendi ve tek yapmam gereken Fred\u2019in talimatlar\u0131na ve ye\u015fil \u0131\u015f\u0131\u011fa odaklanmakt\u0131. G\u00f6r\u00fcn\u00fc\u015fe g\u00f6re bunu olduk\u00e7a iyi yapt\u0131m; lazer hi\u00e7 kesilmedi ve her g\u00f6z i\u00e7in 20 saniye i\u00e7inde i\u015flem tamamland\u0131. Sakinle\u015ftirici tabletin etkisi ve her \u015feyin beklenenden \u00e7ok daha sorunsuz ge\u00e7mesiyle Fred beni tekrar bekleme odas\u0131na g\u00f6t\u00fcrd\u00fc.<br><br>Son olarak, g\u00f6z damlalar\u0131n\u0131n nas\u0131l kullan\u0131laca\u011f\u0131 a\u00e7\u0131kland\u0131 ve tekrar otele g\u00f6t\u00fcr\u00fcl\u00fcp dinlenmem sa\u011fland\u0131. Ertesi sabah muhte\u015femdi. Harika uyudum, gece hi\u00e7 a\u011fr\u0131 hissetmedim ve sabah g\u00f6z band\u0131n\u0131 \u00e7\u0131kard\u0131\u011f\u0131mda, hayat\u0131mda ilk kez g\u00f6zl\u00fcks\u00fcz olarak olduk\u00e7a iyi g\u00f6rebiliyordum. G\u00f6r\u00fc\u015f h\u00e2l\u00e2 biraz bulan\u0131kt\u0131, ama her \u015feyi net bir \u015fekilde g\u00f6rmek m\u00fcmk\u00fcnd\u00fc.<br><br>Ayn\u0131 g\u00fcn Eyestar Klini\u011fi\u2019ne tekrar gittim, kontrol yap\u0131ld\u0131. Doktor sonu\u00e7tan \u00e7ok memnun kald\u0131 ve her \u015feyin \u00e7ok iyi oldu\u011funu, art\u0131k %100 g\u00f6rebilece\u011fimi s\u00f6yledi. Bu olumlu onaydan sonra hemen bir \u015fehir turu ve al\u0131\u015fveri\u015fe \u00e7\u0131kt\u0131m. T\u00fcrkiye\u2019de operasyon yapt\u0131rman\u0131n bir di\u011fer avantaj\u0131, \u0130stanbul\u2019un \u00e7ok g\u00fczel bir \u015fehir olmas\u0131; bir\u00e7ok ilgin\u00e7 gezi noktas\u0131 ve harika al\u0131\u015fveri\u015f imk\u00e2n\u0131 sunmas\u0131.<br><br>Uzun bir al\u0131\u015fveri\u015f turu ve Ayasofya, Galata K\u00f6pr\u00fcs\u00fc, Galata Kulesi ve daha bir\u00e7ok yeri gezdikten sonra otelime d\u00f6nd\u00fcm. Ertesi g\u00fcn, yani 25 Kas\u0131m 2010\u2019de saat 12 civar\u0131nda otelden al\u0131nd\u0131m ve havaalan\u0131na g\u00f6t\u00fcr\u00fclerek evime d\u00f6n\u00fc\u015f yolculu\u011fuma ba\u015flad\u0131m.                       Art\u0131k 06.12.2010 ve bu ad\u0131m\u0131 att\u0131\u011f\u0131m i\u00e7in son derece mutluyum; \u00e7\u00fcnk\u00fc g\u00f6zl\u00fcks\u00fcz dola\u015fman\u0131n verdi\u011fi his, g\u00f6rme problemi ya\u015fayan biri i\u00e7in ger\u00e7ekten e\u015fsiz. H\u00e2l\u00e2 g\u00f6zl\u00fcks\u00fcz oldu\u011fuma inanmakta zorland\u0131\u011f\u0131m bir \u00f6rnek: Yatmadan \u00f6nce \u00fc\u00e7 kez kendimi y\u00fcz\u00fcme dokunurken buldum, g\u00f6zl\u00fc\u011f\u00fcm\u00fc \u00e7\u0131karaca\u011f\u0131m san\u0131yordum ve her seferinde g\u00fcl\u00fcmseyerek uyudum; \u00e7\u00fcnk\u00fc g\u00f6zl\u00fcks\u00fcz bu kadar iyi g\u00f6rmek tarif edilemez bir his ve art\u0131k g\u00f6zl\u00fc\u011fe ihtiya\u00e7 duymad\u0131\u011f\u0131m h\u00e2l\u00e2 inan\u0131lmaz geliyor.<br><br>Buradan Swisslasik\/Eyestar ekibine m\u00fckemmel hizmetleri i\u00e7in bir kez daha te\u015fekk\u00fcr etmek istiyorum ve bu ad\u0131m\u0131 herkese g\u00f6n\u00fcl rahatl\u0131\u011f\u0131yla tavsiye edebilirim. Ben ki\u015fisel olarak \u00e7ok, \u00e7ok memnun kald\u0131m ve ayn\u0131 yolu bir kez daha atacak olsam, yine tam olarak ayn\u0131 \u015fekilde yapard\u0131m.  <\/p>\n\n\n\n<div class=\"wp-block-group is-layout-grid wp-container-core-group-is-layout-baef362d wp-block-group-is-layout-grid\">\n<p><a href=\"https:\/\/medicaltravel.at\/home\/agb\/\" data-type=\"page\" data-id=\"2191\"><\/a><a href=\"https:\/\/medicaltravel.at\/tr\/hasta-hikayeleri\/2009-2010-deneyim-raporlari\/hasta-raporu-myrta-toengi-29-ekim-2010-tarihinde-ameliyat-edildi-8-aralik-2010-carsamba-tarihli-rapor\/\" data-type=\"link\" data-id=\"https:\/\/medicaltravel.at\/tr\/hasta-hikayeleri\/2009-2010-deneyim-raporlari\/hasta-raporu-myrta-toengi-29-ekim-2010-tarihinde-ameliyat-edildi-8-aralik-2010-carsamba-tarihli-rapor\/\">\u00d6nceki Rapor<\/a><\/p>\n\n\n\n<p class=\"has-text-align-right wp-container-content-5e2576f9\"><a href=\"https:\/\/medicaltravel.at\/home\/impressum\/\" data-type=\"page\" data-id=\"2193\"><\/a><a href=\"https:\/\/medicaltravel.at\/home\/berichte-von-patienten\/erfahrungsberichte\/erfahrungsbericht-zahnbehandlung-in-istanbul\/\" data-type=\"page\" data-id=\"981\"><\/a><a href=\"https:\/\/medicaltravel.at\/tr\/hasta-hikayeleri\/2009-2010-deneyim-raporlari\/kasim-2010da-istanbuldaki-lazer-tedavim-5-aralik-2010-pazar-tarihli-rapor\/\" data-type=\"link\" data-id=\"https:\/\/medicaltravel.at\/tr\/hasta-hikayeleri\/2009-2010-deneyim-raporlari\/kasim-2010da-istanbuldaki-lazer-tedavim-5-aralik-2010-pazar-tarihli-rapor\/\">Sonraki Rapor<\/a><\/p>\n<\/div>\n","protected":false},"excerpt":{"rendered":"<p>Benim \u0130stanbul&#8217;a B\u00fcy\u00fck G\u00f6z Lazer Yolculu\u011fum \u2013 5 Aral\u0131k 2010 Pazar tarihli rapor Alt\u0131 ya\u015f\u0131mdan beri g\u00f6rme yard\u0131m\u0131na, yani g\u00f6zl\u00fc\u011fe, ba\u011f\u0131ml\u0131y\u0131m. Ama her g\u00fcn, ke\u015fke b\u00f6yle olmasa diye i\u00e7 ge\u00e7irdi\u011fim anlar oldu. A\u00e7\u0131k\u00e7as\u0131 itiraf etmeliyim ki, \u00f6ncelikle estetik a\u00e7\u0131dan rahats\u0131zl\u0131k veriyordu ve ard\u0131ndan pek \u00e7ok aktivitede (\u00f6rne\u011fin y\u00fczme) g\u00f6zl\u00fc\u011f\u00fcn bir eziyet olmas\u0131 durumu vard\u0131. G\u00f6z enfeksiyonu ge\u00e7irdikten sonra art\u0131k kontakt lens kullanamad\u0131\u011f\u0131m i\u00e7in, 16 ya\u015f\u0131nda b\u00fcy\u00fck g\u00fcn\u00fcm\u00fcn gelece\u011fine ve g\u00f6zlerimi lazerle d\u00fczeltece\u011fime karar verdim. Maalesef bu ana kadar tam dokuz y\u0131l beklemek zorunda kald\u0131m. Bu dokuz y\u0131l boyunca ise lazer konusu \u00fczerine yeterince d\u00fc\u015f\u00fcnme ve ara\u015ft\u0131rma f\u0131rsat\u0131m oldu. Ba\u015f\u0131ndan beri benim i\u00e7in a\u00e7\u0131kt\u0131 ki, operasyonu kesinlikle \u0130svi\u00e7re\u2019de yapt\u0131rmayaca\u011f\u0131m. Buradaki maliyetler tamamen u\u00e7uk ve benim i\u00e7in makul de\u011fildi. Tan\u0131d\u0131klar\u0131mdan birka\u00e7 ki\u015fi, ayn\u0131 operasyonu T\u00fcrkiye\u2019de yapt\u0131rd\u0131klar\u0131n\u0131 ve sonu\u00e7tan \u00e7ok memnun kald\u0131klar\u0131n\u0131 s\u00f6yledi. Bu da benim \u0130stanbul\u2019da operasyon yapt\u0131rma karar\u0131m\u0131 g\u00fc\u00e7lendirdi. 25 ya\u015f\u0131na geldi\u011fimde ve g\u00f6zlerim son \u00fc\u00e7 y\u0131ld\u0131r sabit kald\u0131\u011f\u0131nda, T\u00fcrkiye\u2019de iyi bir g\u00f6z klini\u011fi bulmak i\u00e7in internet ara\u015ft\u0131rmas\u0131na ba\u015flad\u0131m. Hemen Swisslasik ile kar\u015f\u0131la\u015ft\u0131m. Web sitesi bana \u00e7ok ciddi ve profesyonel bir izlenim verdi, bu y\u00fczden \u0130svi\u00e7re\u2019deki irtibat ki\u015fisi Say\u0131n Karaagacli ile ileti\u015fime ge\u00e7meye karar verdim. Sadece birka\u00e7 saat sonra, t\u00fcm sorular\u0131ma kapsaml\u0131 ve profesyonel yan\u0131tlar ald\u0131m ve \u0130stanbul\u2019da Eyestar\u2019da g\u00f6z operasyonu yapt\u0131rmak istedi\u011fim kesinle\u015fti. G\u00fcvence i\u00e7in, operasyon \u00f6ncesi Z\u00fcrih\u2019te Say\u0131n Dr. Mario\u2019da bir \u00f6n muayene de yapt\u0131rd\u0131m. Muayene sorunsuz ge\u00e7ti ve olumlu bir rapor ald\u0131ktan sonra operasyon i\u00e7in kayd\u0131m\u0131 yapt\u0131rd\u0131m. Say\u0131n Karaagacli, t\u00fcm organizasyonu \u00fcstlendi ve b\u00fcy\u00fck \u0130stanbul yolculu\u011fum 22 Kas\u0131m 2010\u2019da ba\u015flad\u0131. \u0130stanbul\u2019a var\u0131r varmaz, bir Eyestar \u00e7al\u0131\u015fan\u0131 bizi s\u0131cak bir \u015fekilde kar\u015f\u0131lad\u0131 ve do\u011frudan otele g\u00f6t\u00fcrd\u00fc; otelde giri\u015fimiz hemen yap\u0131ld\u0131. Otel personeli \u00e7ok dost canl\u0131s\u0131yd\u0131, oda temizdi ve hemen rahat hissettim. Ertesi g\u00fcn, \u00f6n muayeneler \u0130stanbul\u2019da, otelden sadece be\u015f dakikal\u0131k y\u00fcr\u00fcme mesafesindeki Eyestar Klini\u011fi\u2019nde yap\u0131ld\u0131. Klinik personeli m\u00fckemmeldi; \u00f6zellikle terc\u00fcman\u0131m\u0131z Fred\u2019e, iyi ruhlu biri olarak, \u00e7ok g\u00fcvendim. Her zaman yan\u0131m\u0131zdayd\u0131, her \u015feyi \u00e7eviriyor ve sorular\u0131m\u0131za profesyonelce yard\u0131mc\u0131 oluyordu. Operasyon yakla\u015f\u0131rken, Fred\u2019in birka\u00e7 sakinle\u015ftirici s\u00f6z\u00fcyle bize destek olmas\u0131 \u00e7ok de\u011ferliydi. Ayr\u0131ca, ayn\u0131 anda orada ba\u015fka be\u015f ki\u015finin daha bulunmas\u0131 ve operasyonlar\u0131n s\u0131rayla yap\u0131lmas\u0131 da bana \u00e7ok iyi hissettirdi. B\u00f6ylece \u00f6n muayene s\u0131ras\u0131nda, di\u011fer ki\u015filerle ileti\u015fim kurma ve yaln\u0131z olmad\u0131\u011f\u0131n\u0131z\u0131 bilme f\u0131rsat\u0131 bulmu\u015f oldunuz; bu, korkunun b\u00fcy\u00fck bir k\u0131sm\u0131n\u0131 al\u0131yor ve g\u00fcvenli bir his veriyordu. Operasyon ak\u015fam saatlerinde yap\u0131ld\u0131. Elbette korku b\u00fcy\u00fckt\u00fc, ancak sakinle\u015ftirici tablet, yetkin personel ve hastanedeki ho\u015f ortam, her \u015feyi nispeten sakin bir \u015fekilde kar\u015f\u0131lamama b\u00fcy\u00fck katk\u0131 sa\u011flad\u0131. Orada alt\u0131 ki\u015fi oturuyorduk ve hayat\u0131m\u0131zdaki bu b\u00fcy\u00fck an\u0131 sab\u0131rs\u0131zl\u0131kla bekliyorduk. Daha \u00f6nce de belirtildi\u011fi gibi, operasyon s\u0131ras\u0131yla birer birer \u00e7a\u011fr\u0131ld\u0131 ve haz\u0131rl\u0131k yap\u0131ld\u0131. Ben d\u00f6rd\u00fcnc\u00fc s\u0131radayd\u0131m; bu, bana \u00f6nceki operasyondaki ki\u015fiyle k\u0131sa bir konu\u015fma yapma f\u0131rsat\u0131 verdi; \u00e7\u00fcnk\u00fc o ki\u015fi 15-20 dakika i\u00e7inde \u00e7\u0131km\u0131\u015ft\u0131. S\u0131ra bana geldi\u011finde, pembe bir \u00f6nl\u00fck giydim, ba\u015f\u0131ma bir \u015fapka tak\u0131ld\u0131 ve ayakkab\u0131lar\u0131m i\u00e7in plastik bir kaplama verildi. Ard\u0131ndan g\u00f6zler uyu\u015fturuldu ve tamamen steril hale getirildi. Operasyon o kadar h\u0131zl\u0131 ge\u00e7ti ki, sonras\u0131nda her \u015fey biraz ger\u00e7ek\u00fcst\u00fc g\u00f6r\u00fcnd\u00fc. Hi\u00e7 ac\u0131mad\u0131, yaln\u0131zca biraz rahats\u0131z ediciydi; bu b\u00fcy\u00fck \u00f6l\u00e7\u00fcde, g\u00f6zle her g\u00fcn oynanmad\u0131\u011f\u0131 i\u00e7in olabilir. Operasyon s\u0131ras\u0131nda g\u00f6z bir kelep\u00e7e ile sabitlendi ve tek yapmam gereken Fred\u2019in talimatlar\u0131na ve ye\u015fil \u0131\u015f\u0131\u011fa odaklanmakt\u0131. G\u00f6r\u00fcn\u00fc\u015fe g\u00f6re bunu olduk\u00e7a iyi yapt\u0131m; lazer hi\u00e7 kesilmedi ve her g\u00f6z i\u00e7in 20 saniye i\u00e7inde i\u015flem tamamland\u0131. Sakinle\u015ftirici tabletin etkisi ve her \u015feyin beklenenden \u00e7ok daha sorunsuz ge\u00e7mesiyle Fred beni tekrar bekleme odas\u0131na g\u00f6t\u00fcrd\u00fc. Son olarak, g\u00f6z damlalar\u0131n\u0131n nas\u0131l kullan\u0131laca\u011f\u0131 a\u00e7\u0131kland\u0131 ve tekrar otele g\u00f6t\u00fcr\u00fcl\u00fcp dinlenmem sa\u011fland\u0131. Ertesi sabah muhte\u015femdi. Harika uyudum, gece hi\u00e7 a\u011fr\u0131 hissetmedim ve sabah g\u00f6z band\u0131n\u0131 \u00e7\u0131kard\u0131\u011f\u0131mda, hayat\u0131mda ilk kez g\u00f6zl\u00fcks\u00fcz olarak olduk\u00e7a iyi g\u00f6rebiliyordum. G\u00f6r\u00fc\u015f h\u00e2l\u00e2 biraz bulan\u0131kt\u0131, ama her \u015feyi net bir \u015fekilde g\u00f6rmek m\u00fcmk\u00fcnd\u00fc. Ayn\u0131 g\u00fcn Eyestar Klini\u011fi\u2019ne tekrar gittim, kontrol yap\u0131ld\u0131. Doktor sonu\u00e7tan \u00e7ok memnun kald\u0131 ve her \u015feyin \u00e7ok iyi oldu\u011funu, art\u0131k %100 g\u00f6rebilece\u011fimi s\u00f6yledi. Bu olumlu onaydan sonra hemen bir \u015fehir turu ve al\u0131\u015fveri\u015fe \u00e7\u0131kt\u0131m. T\u00fcrkiye\u2019de operasyon yapt\u0131rman\u0131n bir di\u011fer avantaj\u0131, \u0130stanbul\u2019un \u00e7ok g\u00fczel bir \u015fehir olmas\u0131; bir\u00e7ok ilgin\u00e7 gezi noktas\u0131 ve harika al\u0131\u015fveri\u015f imk\u00e2n\u0131 sunmas\u0131. Uzun bir al\u0131\u015fveri\u015f turu ve Ayasofya, Galata K\u00f6pr\u00fcs\u00fc, Galata Kulesi ve daha bir\u00e7ok yeri gezdikten sonra otelime d\u00f6nd\u00fcm. Ertesi g\u00fcn, yani 25 Kas\u0131m 2010\u2019de saat 12 civar\u0131nda otelden al\u0131nd\u0131m ve havaalan\u0131na g\u00f6t\u00fcr\u00fclerek evime d\u00f6n\u00fc\u015f yolculu\u011fuma ba\u015flad\u0131m. Art\u0131k 06.12.2010 ve bu ad\u0131m\u0131 att\u0131\u011f\u0131m i\u00e7in son derece mutluyum; \u00e7\u00fcnk\u00fc g\u00f6zl\u00fcks\u00fcz dola\u015fman\u0131n verdi\u011fi his, g\u00f6rme problemi ya\u015fayan biri i\u00e7in ger\u00e7ekten e\u015fsiz. H\u00e2l\u00e2 g\u00f6zl\u00fcks\u00fcz oldu\u011fuma inanmakta zorland\u0131\u011f\u0131m bir \u00f6rnek: Yatmadan \u00f6nce \u00fc\u00e7 kez kendimi y\u00fcz\u00fcme dokunurken buldum, g\u00f6zl\u00fc\u011f\u00fcm\u00fc \u00e7\u0131karaca\u011f\u0131m san\u0131yordum ve her seferinde g\u00fcl\u00fcmseyerek uyudum; \u00e7\u00fcnk\u00fc g\u00f6zl\u00fcks\u00fcz bu kadar iyi g\u00f6rmek tarif edilemez bir his ve art\u0131k g\u00f6zl\u00fc\u011fe ihtiya\u00e7 duymad\u0131\u011f\u0131m h\u00e2l\u00e2 inan\u0131lmaz geliyor. Buradan Swisslasik\/Eyestar ekibine m\u00fckemmel hizmetleri i\u00e7in bir kez daha te\u015fekk\u00fcr etmek istiyorum ve bu ad\u0131m\u0131 herkese g\u00f6n\u00fcl rahatl\u0131\u011f\u0131yla tavsiye edebilirim. Ben ki\u015fisel olarak \u00e7ok, \u00e7ok memnun kald\u0131m ve ayn\u0131 yolu bir kez daha atacak olsam, yine tam olarak ayn\u0131 \u015fekilde yapard\u0131m. \u00d6nceki Rapor Sonraki Rapor<\/p>\n","protected":false},"author":4,"featured_media":0,"parent":4430,"menu_order":0,"comment_status":"closed","ping_status":"closed","template":"","meta":{"_joinchat":[],"footnotes":""},"class_list":["post-4488","page","type-page","status-publish","hentry"],"acf":[],"_links":{"self":[{"href":"https:\/\/medicaltravel.at\/tr\/wp-json\/wp\/v2\/pages\/4488","targetHints":{"allow":["GET"]}}],"collection":[{"href":"https:\/\/medicaltravel.at\/tr\/wp-json\/wp\/v2\/pages"}],"about":[{"href":"https:\/\/medicaltravel.at\/tr\/wp-json\/wp\/v2\/types\/page"}],"author":[{"embeddable":true,"href":"https:\/\/medicaltravel.at\/tr\/wp-json\/wp\/v2\/users\/4"}],"replies":[{"embeddable":true,"href":"https:\/\/medicaltravel.at\/tr\/wp-json\/wp\/v2\/comments?post=4488"}],"version-history":[{"count":2,"href":"https:\/\/medicaltravel.at\/tr\/wp-json\/wp\/v2\/pages\/4488\/revisions"}],"predecessor-version":[{"id":5818,"href":"https:\/\/medicaltravel.at\/tr\/wp-json\/wp\/v2\/pages\/4488\/revisions\/5818"}],"up":[{"embeddable":true,"href":"https:\/\/medicaltravel.at\/tr\/wp-json\/wp\/v2\/pages\/4430"}],"wp:attachment":[{"href":"https:\/\/medicaltravel.at\/tr\/wp-json\/wp\/v2\/media?parent=4488"}],"curies":[{"name":"wp","href":"https:\/\/api.w.org\/{rel}","templated":true}]}}