{"id":4486,"date":"2025-09-28T10:44:26","date_gmt":"2025-09-28T09:44:26","guid":{"rendered":"https:\/\/medicaltravel.at\/hasta-hikayeleri\/2009-2010-deneyim-raporlari\/istanbuldaki-klinikte-swisslasik-araciligiyla-edindigim-deneyimlerim-5-subat-2010-cuma-tarihli-rapor\/"},"modified":"2026-01-13T16:28:15","modified_gmt":"2026-01-13T15:28:15","slug":"istanbuldaki-klinikte-swisslasik-araciligiyla-edindigim-deneyimlerim-5-subat-2010-cuma-tarihli-rapor","status":"publish","type":"page","link":"https:\/\/medicaltravel.at\/tr\/hasta-hikayeleri\/2009-2010-deneyim-raporlari\/istanbuldaki-klinikte-swisslasik-araciligiyla-edindigim-deneyimlerim-5-subat-2010-cuma-tarihli-rapor\/","title":{"rendered":"\u0130stanbul\u2019daki Klinikte Swisslasik Arac\u0131l\u0131\u011f\u0131yla Edindi\u011fim Deneyimlerim \u2013 5 \u015eubat 2010 Cuma tarihli rapor"},"content":{"rendered":"\n<h3 class=\"wp-block-heading\">\u0130stanbul\u2019daki Klinikte Swisslasik Arac\u0131l\u0131\u011f\u0131yla Edindi\u011fim Deneyimlerim \u2013 5 \u015eubat 2010 Cuma tarihli rapor<\/h3>\n\n<p>Uzun y\u0131llar miyopimle ba\u015f\u0131m dertteydi. Yak\u0131n\u0131 \u00e7ok iyi g\u00f6rebiliyordum, ama uza\u011f\u0131 k\u00f6t\u00fc. Bu \u00f6zellikle karanl\u0131kta, araba kullan\u0131rken, televizyonda vb. durumlarda beni etkiliyordu. Tabii ofiste bilgisayar i\u00e7in g\u00f6zl\u00fck tak\u0131yordum. Oyunlar\u0131m\u0131 oynarken (buz hokeyi ve futbol) ise kontakt lenslerimi kullan\u0131yordum. Ama bir \u015fekilde, \u201cB\u00f6yle devam edemez, bunu lazer operasyonlar\u0131yla d\u00fczeltebilirim\u201d diye d\u00fc\u015f\u00fcnd\u00fcm.<br\/><br\/>Bir arkada\u015f\u0131m sayesinde, \u0130stanbul\u2019da bu i\u015flemin hem profesyonel hem de olduk\u00e7a uygun fiyatl\u0131 \u015fekilde yap\u0131labilece\u011fini \u00f6\u011frendim. Bu y\u00fczden Kas\u0131m 2009\u2019da Thun\u2019da Swisslasik\u2019te bir g\u00f6r\u00fc\u015fme yapt\u0131m ve k\u0131sa s\u00fcre sonra 22 Ocak 2010\u2019daki operasyon i\u00e7in kayd\u0131m\u0131 yapt\u0131rd\u0131m.<br\/><br\/>21 Ocak 2010\u2019da Swisslasik ile \u0130stanbul\u2019a u\u00e7tum ve havaalan\u0131nda daha \u00f6nce hi\u00e7 tan\u0131mad\u0131\u011f\u0131m bir ki\u015fi beni kar\u015f\u0131lad\u0131. Bu \u015fof\u00f6r beni g\u00f6z klini\u011fine \u00e7ok yak\u0131n bir otelime g\u00f6t\u00fcrd\u00fc ve ertesi g\u00fcn saat 11:00\u2019de beni klini\u011fin giri\u015finde alaca\u011f\u0131n\u0131 s\u00f6yledi. S\u00f6z verildi\u011fi gibi yap\u0131ld\u0131.<br\/><br\/>22 Ocak\u2019ta \u00f6n muayene yap\u0131ld\u0131 ve doktorlar bana operasyonun hi\u00e7bir sorun olmayaca\u011f\u0131n\u0131 hemen bildirdi. \u00d6\u011fleden sonra saat 15:30\u2019da tekrar klini\u011fe gittim. Biraz heyecanl\u0131yd\u0131m, ama asl\u0131nda hi\u00e7bir sorun olmayaca\u011f\u0131n\u0131 biliyordum. Lazer operasyonu beklentilerime uygun \u015fekilde, herhangi bir sorun ya\u015famadan ge\u00e7ti ve bana yakla\u015f\u0131k 10 g\u00fcn boyunca her iki g\u00f6z\u00fcme damlatmam gereken \u00fc\u00e7 farkl\u0131 damla verildi.<br\/><br\/>Memnun bir \u015fekilde otelime d\u00f6nd\u00fcm; operasyon sonras\u0131 birka\u00e7 saat \u0131\u015f\u0131k ve g\u00fcne\u015ften uzak durmak gerekiyordu. Ertesi g\u00fcn, 23 Ocak Cumartesi, eski gibi tekrar g\u00f6rmeye ba\u015flad\u0131\u011f\u0131m\u0131 fark ettim; her \u015fey biraz farkl\u0131yd\u0131 (d\u00fcn ile bug\u00fcn aras\u0131nda). Tekrar uzak mesafeleri g\u00f6rebiliyordum ve bu tamamen pozitif bir deneyimdi. \u00d6\u011fleden sonra biraz \u0130stanbul\u2019u gezdim ve ak\u015fam \u00fcnl\u00fc Taksim al\u0131\u015fveri\u015f caddesine gittim. Ayn\u0131 zamanda her \u015feyin yolunda gitmi\u015f olmas\u0131ndan dolay\u0131 mutluydum ve Pazar g\u00fcn\u00fc \u0130svi\u00e7re\u2019ye geri d\u00f6necek olmaktan memnundum.<br\/><br\/>O g\u00fcnlerde \u0130stanbul\u2019da ola\u011fan\u00fcst\u00fc so\u011fuk bir k\u0131\u015f havas\u0131 vard\u0131, kendilerine g\u00f6re son iki y\u0131lda g\u00f6r\u00fclmemi\u015f bir so\u011fuk. Ama \u0130stanbul\u2019daki klinik ger\u00e7ekten tavsiye edilesi. Benim i\u00e7in en \u00f6nemli neden, T\u00fcrkiye\/\u0130svi\u00e7re maliyet fark\u0131n\u0131n g\u00f6rece uygun olmas\u0131yd\u0131. Profesyonellik ve dostane yakla\u015f\u0131m beni \u00e7ok etkiledi.<br\/><br\/>J\u00fcrg Hermann, Flums                        <\/p>\n\n<div class=\"wp-block-group is-layout-grid wp-container-core-group-is-layout-baef362d wp-block-group-is-layout-grid\">\n<p><a href=\"https:\/\/medicaltravel.at\/home\/agb\/\" data-type=\"page\" data-id=\"2191\"><\/a><a href=\"https:\/\/medicaltravel.at\/tr\/hasta-hikayeleri\/2009-2010-deneyim-raporlari\/istanbuldaki-goez-lazer-ameliyatim-6-subat-2010-cumartesi-tarihli-rapor\/\" data-type=\"link\" data-id=\"https:\/\/medicaltravel.at\/berichte-von-patienten\/erfahrungsberichte-2009-2010\/meine-augelaseroperation-in-istanbul-bericht-vom-samstag-06-februar-2010\/\">\u00d6nceki Rapor<\/a><\/p>\n\n\n\n<p class=\"has-text-align-right wp-container-content-5e2576f9\"><a href=\"https:\/\/medicaltravel.at\/home\/impressum\/\" data-type=\"page\" data-id=\"2193\"><\/a><a href=\"https:\/\/medicaltravel.at\/home\/berichte-von-patienten\/erfahrungsberichte\/erfahrungsbericht-zahnbehandlung-in-istanbul\/\" data-type=\"page\" data-id=\"981\"><\/a><a href=\"https:\/\/medicaltravel.at\/tr\/hasta-hikayeleri\/2009-2010-deneyim-raporlari\/goez-lazer-ve-dis-tedavim-hakkinda-hasta-raporum-istanbul-21-aralik-2009-pazartesi-tarihli-rapor\/\" data-type=\"link\" data-id=\"https:\/\/medicaltravel.at\/berichte-von-patienten\/erfahrungsberichte-2009-2010\/mein-patientenbericht-uber-meine-augenlaser-und-zahnbehandung-in-istanbul-bericht-vom-montag-21-dezember-2009\/\">Sonraki Rapor<\/a><\/p>\n<\/div>\n","protected":false},"excerpt":{"rendered":"<p>\u0130stanbul\u2019daki Klinikte Swisslasik Arac\u0131l\u0131\u011f\u0131yla Edindi\u011fim Deneyimlerim \u2013 5 \u015eubat 2010 Cuma tarihli rapor Uzun y\u0131llar miyopimle ba\u015f\u0131m dertteydi. Yak\u0131n\u0131 \u00e7ok iyi g\u00f6rebiliyordum, ama uza\u011f\u0131 k\u00f6t\u00fc. Bu \u00f6zellikle karanl\u0131kta, araba kullan\u0131rken, televizyonda vb. durumlarda beni etkiliyordu. Tabii ofiste bilgisayar i\u00e7in g\u00f6zl\u00fck tak\u0131yordum. Oyunlar\u0131m\u0131 oynarken (buz hokeyi ve futbol) ise kontakt lenslerimi kullan\u0131yordum. Ama bir \u015fekilde, \u201cB\u00f6yle devam edemez, bunu lazer operasyonlar\u0131yla d\u00fczeltebilirim\u201d diye d\u00fc\u015f\u00fcnd\u00fcm. Bir arkada\u015f\u0131m sayesinde, \u0130stanbul\u2019da bu i\u015flemin hem profesyonel hem de olduk\u00e7a uygun fiyatl\u0131 \u015fekilde yap\u0131labilece\u011fini \u00f6\u011frendim. Bu y\u00fczden Kas\u0131m 2009\u2019da Thun\u2019da Swisslasik\u2019te bir g\u00f6r\u00fc\u015fme yapt\u0131m ve k\u0131sa s\u00fcre sonra 22 Ocak 2010\u2019daki operasyon i\u00e7in kayd\u0131m\u0131 yapt\u0131rd\u0131m. 21 Ocak 2010\u2019da Swisslasik ile \u0130stanbul\u2019a u\u00e7tum ve havaalan\u0131nda daha \u00f6nce hi\u00e7 tan\u0131mad\u0131\u011f\u0131m bir ki\u015fi beni kar\u015f\u0131lad\u0131. Bu \u015fof\u00f6r beni g\u00f6z klini\u011fine \u00e7ok yak\u0131n bir otelime g\u00f6t\u00fcrd\u00fc ve ertesi g\u00fcn saat 11:00\u2019de beni klini\u011fin giri\u015finde alaca\u011f\u0131n\u0131 s\u00f6yledi. S\u00f6z verildi\u011fi gibi yap\u0131ld\u0131. 22 Ocak\u2019ta \u00f6n muayene yap\u0131ld\u0131 ve doktorlar bana operasyonun hi\u00e7bir sorun olmayaca\u011f\u0131n\u0131 hemen bildirdi. \u00d6\u011fleden sonra saat 15:30\u2019da tekrar klini\u011fe gittim. Biraz heyecanl\u0131yd\u0131m, ama asl\u0131nda hi\u00e7bir sorun olmayaca\u011f\u0131n\u0131 biliyordum. Lazer operasyonu beklentilerime uygun \u015fekilde, herhangi bir sorun ya\u015famadan ge\u00e7ti ve bana yakla\u015f\u0131k 10 g\u00fcn boyunca her iki g\u00f6z\u00fcme damlatmam gereken \u00fc\u00e7 farkl\u0131 damla verildi. Memnun bir \u015fekilde otelime d\u00f6nd\u00fcm; operasyon sonras\u0131 birka\u00e7 saat \u0131\u015f\u0131k ve g\u00fcne\u015ften uzak durmak gerekiyordu. Ertesi g\u00fcn, 23 Ocak Cumartesi, eski gibi tekrar g\u00f6rmeye ba\u015flad\u0131\u011f\u0131m\u0131 fark ettim; her \u015fey biraz farkl\u0131yd\u0131 (d\u00fcn ile bug\u00fcn aras\u0131nda). Tekrar uzak mesafeleri g\u00f6rebiliyordum ve bu tamamen pozitif bir deneyimdi. \u00d6\u011fleden sonra biraz \u0130stanbul\u2019u gezdim ve ak\u015fam \u00fcnl\u00fc Taksim al\u0131\u015fveri\u015f caddesine gittim. Ayn\u0131 zamanda her \u015feyin yolunda gitmi\u015f olmas\u0131ndan dolay\u0131 mutluydum ve Pazar g\u00fcn\u00fc \u0130svi\u00e7re\u2019ye geri d\u00f6necek olmaktan memnundum. O g\u00fcnlerde \u0130stanbul\u2019da ola\u011fan\u00fcst\u00fc so\u011fuk bir k\u0131\u015f havas\u0131 vard\u0131, kendilerine g\u00f6re son iki y\u0131lda g\u00f6r\u00fclmemi\u015f bir so\u011fuk. Ama \u0130stanbul\u2019daki klinik ger\u00e7ekten tavsiye edilesi. Benim i\u00e7in en \u00f6nemli neden, T\u00fcrkiye\/\u0130svi\u00e7re maliyet fark\u0131n\u0131n g\u00f6rece uygun olmas\u0131yd\u0131. Profesyonellik ve dostane yakla\u015f\u0131m beni \u00e7ok etkiledi. J\u00fcrg Hermann, Flums \u00d6nceki Rapor Sonraki Rapor<\/p>\n","protected":false},"author":4,"featured_media":0,"parent":4430,"menu_order":0,"comment_status":"closed","ping_status":"closed","template":"","meta":{"_joinchat":[],"footnotes":""},"class_list":["post-4486","page","type-page","status-publish","hentry"],"acf":[],"_links":{"self":[{"href":"https:\/\/medicaltravel.at\/tr\/wp-json\/wp\/v2\/pages\/4486","targetHints":{"allow":["GET"]}}],"collection":[{"href":"https:\/\/medicaltravel.at\/tr\/wp-json\/wp\/v2\/pages"}],"about":[{"href":"https:\/\/medicaltravel.at\/tr\/wp-json\/wp\/v2\/types\/page"}],"author":[{"embeddable":true,"href":"https:\/\/medicaltravel.at\/tr\/wp-json\/wp\/v2\/users\/4"}],"replies":[{"embeddable":true,"href":"https:\/\/medicaltravel.at\/tr\/wp-json\/wp\/v2\/comments?post=4486"}],"version-history":[{"count":1,"href":"https:\/\/medicaltravel.at\/tr\/wp-json\/wp\/v2\/pages\/4486\/revisions"}],"predecessor-version":[{"id":4487,"href":"https:\/\/medicaltravel.at\/tr\/wp-json\/wp\/v2\/pages\/4486\/revisions\/4487"}],"up":[{"embeddable":true,"href":"https:\/\/medicaltravel.at\/tr\/wp-json\/wp\/v2\/pages\/4430"}],"wp:attachment":[{"href":"https:\/\/medicaltravel.at\/tr\/wp-json\/wp\/v2\/media?parent=4486"}],"curies":[{"name":"wp","href":"https:\/\/api.w.org\/{rel}","templated":true}]}}