{"id":4484,"date":"2025-09-28T10:49:34","date_gmt":"2025-09-28T09:49:34","guid":{"rendered":"https:\/\/medicaltravel.at\/hasta-hikayeleri\/2009-2010-deneyim-raporlari\/istanbulda-lasek-ile-goez-lazer-ameliyatim-5-haziran-2009-cuma-tarihli-rapor\/"},"modified":"2026-01-13T16:34:44","modified_gmt":"2026-01-13T15:34:44","slug":"istanbulda-lasek-ile-goez-lazer-ameliyatim-5-haziran-2009-cuma-tarihli-rapor","status":"publish","type":"page","link":"https:\/\/medicaltravel.at\/tr\/hasta-hikayeleri\/2009-2010-deneyim-raporlari\/istanbulda-lasek-ile-goez-lazer-ameliyatim-5-haziran-2009-cuma-tarihli-rapor\/","title":{"rendered":"\u0130stanbul\u2019da LASEK ile G\u00f6z Lazer Ameliyat\u0131m \u2013 5 Haziran 2009 Cuma tarihli rapor"},"content":{"rendered":"\n<h3 class=\"wp-block-heading\">\u0130stanbul\u2019da LASEK ile G\u00f6z Lazer Ameliyat\u0131m \u2013 5 Haziran 2009 Cuma tarihli rapor<\/h3>\n\n<p>Deneyim Raporu Nadja T., 5 Haziran 2009<br\/><br\/>Spor yapmay\u0131 \u00e7ok sevdi\u011fim ve Afrika ile Asya\u2019da \u00e7ok seyahat etti\u011fim, ayr\u0131ca \u00e7\u00f6l b\u00f6lgelerini de gezmeyi \u00e7ok istedi\u011fim i\u00e7in, g\u00f6zl\u00fck ve kontakt lens kullan\u0131m\u0131 giderek rahats\u0131z edici hale gelmi\u015fti. Buna ek olarak, uzun y\u0131llard\u0131r kontakt lens kullan\u0131m\u0131 nedeniyle giderek daha fazla sorun ya\u015famaya ba\u015flam\u0131\u015ft\u0131m. Bu y\u00fczden \u0130svi\u00e7re\u2019de bir g\u00f6z doktorunda \u00f6n muayene yapt\u0131rmaya karar verdim. Maalesef burada, korneam\u0131n Lasik i\u00e7in \u00e7ok ince oldu\u011fu ve yaln\u0131zca Lasek uygulanabilece\u011fi ortaya \u00e7\u0131kt\u0131. Daha uzun iyile\u015fme s\u00fcreci nedeniyle uzun s\u00fcre d\u00fc\u015f\u00fcnd\u00fckten sonra Lasek yapt\u0131rmaya karar verdim ve swisslasik \u00fczerinden rezervasyon yapt\u0131m.<br\/><br\/>Tan\u0131d\u0131klar\u0131mdan sadece olumlu geri bildirimler duydu\u011fum i\u00e7in, fiyat-performans a\u00e7\u0131s\u0131ndan rakipsiz oldu\u011fu i\u00e7in \u0130stanbul\u2019da lazer operasyonu yapt\u0131rmaya karar verdim. Y\u00fcksek beklentilerim swisslasik sayesinde a\u015f\u0131ld\u0131; klinikte son derece profesyonel ve m\u00fckemmel bir hizmet vard\u0131, otelden klini\u011fe zaman\u0131nda transferler sa\u011fland\u0131 ve herkes \u00e7ok nazikti. Lazer operasyonu tamamen a\u011fr\u0131s\u0131z ve hi\u00e7 rahats\u0131z edici de\u011fildi.<br\/><br\/>G\u00f6r\u00fc\u015f\u00fcn Lasek sonras\u0131 yakla\u015f\u0131k 7 g\u00fcn i\u00e7inde optimum h\u00e2le gelmesine ra\u011fmen, 3 g\u00fcn boyunca \u0130stanbul\u2019u gezebildim. \u015eehir tamamen b\u00fcy\u00fcleyici ve \u00e7ok temizdi; ilgin\u00e7 pazarlar, muhte\u015fem k\u00fclt\u00fcrel hazineler, nazik insanlar ve lezzetli yemekler vard\u0131. Lazer operasyonu ya\u015fam kalitemi b\u00fcy\u00fck \u00f6l\u00e7\u00fcde art\u0131rd\u0131 ve sabah uyan\u0131p sadece g\u00f6rebilmek h\u00e2l\u00e2 bir mucize gibi!          <\/p>\n\n<div class=\"wp-block-group is-layout-grid wp-container-core-group-is-layout-baef362d wp-block-group-is-layout-grid\">\n<p><a href=\"https:\/\/medicaltravel.at\/home\/agb\/\" data-type=\"page\" data-id=\"2191\"><\/a><a href=\"https:\/\/medicaltravel.at\/tr\/hasta-hikayeleri\/2009-2010-deneyim-raporlari\/goezlueksuez-yeni-bir-yasam-hissi-10-temmuz-2009-cuma-tarihli-rapor\/\" data-type=\"link\" data-id=\"https:\/\/medicaltravel.at\/berichte-von-patienten\/erfahrungsberichte-2009-2010\/ein-neues-lebensgefuhl-ohne-brille-bericht-vom-freitag-10-juli-2009\/\">\u00d6nceki Rapor<\/a><\/p>\n\n\n\n<p class=\"has-text-align-right wp-container-content-5e2576f9\"><a href=\"https:\/\/medicaltravel.at\/home\/impressum\/\" data-type=\"page\" data-id=\"2193\"><\/a><a href=\"https:\/\/medicaltravel.at\/home\/berichte-von-patienten\/erfahrungsberichte\/erfahrungsbericht-zahnbehandlung-in-istanbul\/\" data-type=\"page\" data-id=\"981\"><\/a><a href=\"https:\/\/medicaltravel.at\/tr\/hasta-hikayeleri\/2009-2010-deneyim-raporlari\/lasik-deneyim-raporu-mayis-2009-istanbul-28-mayis-2009-persembe-tarihli-rapor\/\" data-type=\"link\" data-id=\"https:\/\/medicaltravel.at\/berichte-von-patienten\/erfahrungsberichte-2009-2010\/lasik-erlebnisbericht-mai-2009-istanbul-bericht-vom-donnerstag-28-mai-2009\/\">Sonraki Rapor<\/a><\/p>\n<\/div>\n","protected":false},"excerpt":{"rendered":"<p>\u0130stanbul\u2019da LASEK ile G\u00f6z Lazer Ameliyat\u0131m \u2013 5 Haziran 2009 Cuma tarihli rapor Deneyim Raporu Nadja T., 5 Haziran 2009 Spor yapmay\u0131 \u00e7ok sevdi\u011fim ve Afrika ile Asya\u2019da \u00e7ok seyahat etti\u011fim, ayr\u0131ca \u00e7\u00f6l b\u00f6lgelerini de gezmeyi \u00e7ok istedi\u011fim i\u00e7in, g\u00f6zl\u00fck ve kontakt lens kullan\u0131m\u0131 giderek rahats\u0131z edici hale gelmi\u015fti. Buna ek olarak, uzun y\u0131llard\u0131r kontakt lens kullan\u0131m\u0131 nedeniyle giderek daha fazla sorun ya\u015famaya ba\u015flam\u0131\u015ft\u0131m. Bu y\u00fczden \u0130svi\u00e7re\u2019de bir g\u00f6z doktorunda \u00f6n muayene yapt\u0131rmaya karar verdim. Maalesef burada, korneam\u0131n Lasik i\u00e7in \u00e7ok ince oldu\u011fu ve yaln\u0131zca Lasek uygulanabilece\u011fi ortaya \u00e7\u0131kt\u0131. Daha uzun iyile\u015fme s\u00fcreci nedeniyle uzun s\u00fcre d\u00fc\u015f\u00fcnd\u00fckten sonra Lasek yapt\u0131rmaya karar verdim ve swisslasik \u00fczerinden rezervasyon yapt\u0131m. Tan\u0131d\u0131klar\u0131mdan sadece olumlu geri bildirimler duydu\u011fum i\u00e7in, fiyat-performans a\u00e7\u0131s\u0131ndan rakipsiz oldu\u011fu i\u00e7in \u0130stanbul\u2019da lazer operasyonu yapt\u0131rmaya karar verdim. Y\u00fcksek beklentilerim swisslasik sayesinde a\u015f\u0131ld\u0131; klinikte son derece profesyonel ve m\u00fckemmel bir hizmet vard\u0131, otelden klini\u011fe zaman\u0131nda transferler sa\u011fland\u0131 ve herkes \u00e7ok nazikti. Lazer operasyonu tamamen a\u011fr\u0131s\u0131z ve hi\u00e7 rahats\u0131z edici de\u011fildi. G\u00f6r\u00fc\u015f\u00fcn Lasek sonras\u0131 yakla\u015f\u0131k 7 g\u00fcn i\u00e7inde optimum h\u00e2le gelmesine ra\u011fmen, 3 g\u00fcn boyunca \u0130stanbul\u2019u gezebildim. \u015eehir tamamen b\u00fcy\u00fcleyici ve \u00e7ok temizdi; ilgin\u00e7 pazarlar, muhte\u015fem k\u00fclt\u00fcrel hazineler, nazik insanlar ve lezzetli yemekler vard\u0131. Lazer operasyonu ya\u015fam kalitemi b\u00fcy\u00fck \u00f6l\u00e7\u00fcde art\u0131rd\u0131 ve sabah uyan\u0131p sadece g\u00f6rebilmek h\u00e2l\u00e2 bir mucize gibi! \u00d6nceki Rapor Sonraki Rapor<\/p>\n","protected":false},"author":4,"featured_media":0,"parent":4430,"menu_order":0,"comment_status":"closed","ping_status":"closed","template":"","meta":{"_joinchat":[],"footnotes":""},"class_list":["post-4484","page","type-page","status-publish","hentry"],"acf":[],"_links":{"self":[{"href":"https:\/\/medicaltravel.at\/tr\/wp-json\/wp\/v2\/pages\/4484","targetHints":{"allow":["GET"]}}],"collection":[{"href":"https:\/\/medicaltravel.at\/tr\/wp-json\/wp\/v2\/pages"}],"about":[{"href":"https:\/\/medicaltravel.at\/tr\/wp-json\/wp\/v2\/types\/page"}],"author":[{"embeddable":true,"href":"https:\/\/medicaltravel.at\/tr\/wp-json\/wp\/v2\/users\/4"}],"replies":[{"embeddable":true,"href":"https:\/\/medicaltravel.at\/tr\/wp-json\/wp\/v2\/comments?post=4484"}],"version-history":[{"count":1,"href":"https:\/\/medicaltravel.at\/tr\/wp-json\/wp\/v2\/pages\/4484\/revisions"}],"predecessor-version":[{"id":4485,"href":"https:\/\/medicaltravel.at\/tr\/wp-json\/wp\/v2\/pages\/4484\/revisions\/4485"}],"up":[{"embeddable":true,"href":"https:\/\/medicaltravel.at\/tr\/wp-json\/wp\/v2\/pages\/4430"}],"wp:attachment":[{"href":"https:\/\/medicaltravel.at\/tr\/wp-json\/wp\/v2\/media?parent=4484"}],"curies":[{"name":"wp","href":"https:\/\/api.w.org\/{rel}","templated":true}]}}