{"id":4482,"date":"2025-09-28T10:46:39","date_gmt":"2025-09-28T09:46:39","guid":{"rendered":"https:\/\/medicaltravel.at\/hasta-hikayeleri\/2009-2010-deneyim-raporlari\/istanbuldaki-goez-ameliyatim-saat-847yi-goesteriyordu-her-zamankinden-daha-net-2-kasim-2009-pazartesi-tarihli-rapor\/"},"modified":"2026-01-13T16:29:36","modified_gmt":"2026-01-13T15:29:36","slug":"istanbuldaki-goez-ameliyatim-saat-847yi-goesteriyordu-her-zamankinden-daha-net-2-kasim-2009-pazartesi-tarihli-rapor","status":"publish","type":"page","link":"https:\/\/medicaltravel.at\/tr\/hasta-hikayeleri\/2009-2010-deneyim-raporlari\/istanbuldaki-goez-ameliyatim-saat-847yi-goesteriyordu-her-zamankinden-daha-net-2-kasim-2009-pazartesi-tarihli-rapor\/","title":{"rendered":"\u0130stanbul\u2019daki G\u00f6z Ameliyat\u0131m: Saat 8:47\u2019yi g\u00f6steriyordu, her zamankinden daha net! \u2013 2 Kas\u0131m 2009 Pazartesi tarihli rapor"},"content":{"rendered":"\n<h3 class=\"wp-block-heading\">\u0130stanbul\u2019daki G\u00f6z Ameliyat\u0131m: Saat 8:47\u2019yi g\u00f6steriyordu, her zamankinden daha net! \u2013 2 Kas\u0131m 2009 Pazartesi tarihli rapor <\/h3>\n\n\n\n<p>Yakla\u015f\u0131k 10 y\u0131l \u00f6nce, miyopimi tamamen d\u00fczeltebilecek bir operasyon hakk\u0131nda ilk kez duydum. O zaman 15 ya\u015f\u0131ndayd\u0131m ve b\u00f6yle bir operasyonu yaln\u0131zca hayal edebiliyordum. \u201cG\u00f6zl\u00fck ve lensle de gayet iyi ya\u015fan\u0131r,\u201d diye d\u00fc\u015f\u00fcn\u00fcyordum.<br><br>Ancak 23 ya\u015f\u0131na geldi\u011fimde lenslerle giderek daha fazla problem ya\u015famaya ba\u015flad\u0131m ve s\u00fcrekli g\u00f6zl\u00fc\u011f\u00fcm\u00fc takmak zorunda kal\u0131yordum. \u0130\u015fte o zaman, bir operasyon olma fikri tekrar akl\u0131ma geldi.<br><br>Benim i\u00e7in en \u00f6nemli \u015fey, g\u00f6zlerimin do\u011fru ve profesyonel \u015fekilde tedavi edilmesiydi, maliyeti ne olursa olsun. Ayr\u0131ca, operasyon sonras\u0131 kontrollerin \u0130svi\u00e7re\u2019de bir uzman taraf\u0131ndan yap\u0131lmas\u0131 benim i\u00e7in \u00e7ok \u00f6nemliydi.<br><br>B\u00f6ylece internette ara\u015ft\u0131rmaya ba\u015flad\u0131m. Google\u2019da \u201cSwisslasik.ch\u201d ile kar\u015f\u0131la\u015ft\u0131m, ayn\u0131 zamanda \u0130svi\u00e7re\u2019deki di\u011fer kliniklerin web sitelerini de inceledim. \u201cSwisslasik.ch\u201d sitesinde ho\u015fuma giden \u015fey, ucuz fiyatlarla de\u011fil, kaliteli hizmetle \u00f6ne \u00e7\u0131kmalar\u0131yd\u0131. Ayr\u0131ca operasyon, riskleri ve sonu\u00e7lar\u0131 hakk\u0131nda kaliteli bilgiler bulunuyordu.<br><br>\u201cHer \u015fey dahil\u201d rezervasyon yapabilme se\u00e7ene\u011fi de \u00e7ok ho\u015fuma gitti. Bu, stresimi azaltt\u0131; ayr\u0131ca otel, u\u00e7ak ve transfer gibi ayr\u0131nt\u0131larla u\u011fra\u015fmam gerekmiyordu.<br><br>Kar\u015f\u0131la\u015ft\u0131rma yapabilmek i\u00e7in, yine de kendi \u015fehrimdeki bir klinikte \u00f6n muayene oldum. Ancak orada neredeyse bir numara gibi muamele g\u00f6rd\u00fcm ve operasyon i\u00e7in adeta zorland\u0131m. Bunun \u00fczerine Swisslasik\u2019i tercih ettim.<br><br>E-posta ile dan\u0131\u015fmanl\u0131k her zaman h\u0131zl\u0131 ve profesyoneldi. Herr Karaaga\u00e7li her zaman hemen ve ayr\u0131nt\u0131l\u0131 \u015fekilde cevap verdi. Telefon g\u00f6r\u00fc\u015fmelerinde de \u00e7ok nazikti ve istedi\u011fim bilgiyi her zaman sa\u011flayabiliyordu. Baz\u0131 hastalar belki ki\u015fisel bir randevu almay\u0131 tercih edebilir; ne yaz\u0131k ki Swisslasik b\u00f6yle bir se\u00e7enek sunmuyor.<br><br>Swisslasik benim i\u00e7in her \u015feyi organize etti: u\u00e7ak biletinden, otele ve transferlere kadar. Hi\u00e7bir \u015feyi kendim d\u00fc\u015f\u00fcnmek zorunda kalmad\u0131m. Seyahatten bir hafta \u00f6nce, hastaya bir Swisslasik Pasaportu g\u00f6nderiliyor. Bu pasaportta ki\u015fisel olarak hitap ediliyor, t\u00fcm seyahat bilgileri, \u0130stanbul\u2019daki hava durumu tahminleri, ileti\u015fim ki\u015fileri, operasyon \u00f6ncesi haz\u0131rl\u0131k ve iyile\u015fme s\u00fcreci hakk\u0131nda bilgiler yer al\u0131yor. Bu pasaportu \u00e7ok faydal\u0131 buldum: \u00f6nemli her \u015fey \u00f6zetlenmi\u015f \u015fekilde bir arada sunuluyor.<br><br>Swisslasik ayr\u0131ca \u0130stanbul\u2019un bir \u015fehir haritas\u0131n\u0131 da g\u00f6nderiyor. Ancak \u0130stanbul\u2019daki toplu ta\u015f\u0131ma hakk\u0131nda bilgi bulunmuyor.<br><br>Bizim u\u00e7u\u015fumuz ge\u00e7 sabah saatlerindeydi, bu da var\u0131\u015f g\u00fcn\u00fcnde \u0130stanbul\u2019u biraz gezebilmemize olanak sa\u011flad\u0131. Turkish Airlines keyifli bir havayolu \u015firketiydi (Star Alliance \u00fcyesi) ve u\u00e7aktaki yemekler \u00e7ok iyiydi.<br><br>Havaliman\u0131nda bizi \u015fof\u00f6r\u00fcm\u00fcz kar\u015f\u0131lad\u0131 ve Star otomobil ile otele (Taksim G\u00f6nen) g\u00f6t\u00fcrd\u00fc. 10. kattaki odam\u0131zdan \u0130stanbul\u2019un muhte\u015fem manzaras\u0131 g\u00f6z\u00fck\u00fcyordu. Oda b\u00fcy\u00fck olmasa da \u00e7ok temiz ve rahatt\u0131.<br><br>\u0130stanbul\u2019da rahat bir ak\u015fam ge\u00e7irdikten sonra, ertesi g\u00fcn beni ve e\u015flik eden ki\u015fimi otelden al\u0131p klini\u011fe g\u00f6t\u00fcrd\u00fcler.                                   Orada personel taraf\u0131ndan ki\u015fisel olarak kar\u015f\u0131land\u0131k; \u0130svi\u00e7re Almancas\u0131, T\u00fcrk\u00e7e, Rus\u00e7a gibi hastan\u0131n ana diline g\u00f6re hitap edildi. K\u00fc\u00e7\u00fck jestler, \u00f6rne\u011fin diz\u00fcst\u00fc bilgisayarlar\u0131n kullan\u0131ma sunulmas\u0131, i\u00e7ecek ikram\u0131, hastan\u0131n biraz gergin olan ruh halini hafifletti.<br><br>\u00d6n muayene yakla\u015f\u0131k 90 dakika s\u00fcrd\u00fc. Bu s\u00fcre i\u00e7inde g\u00f6zler farkl\u0131 cihazlarla \u00f6l\u00e7\u00fcld\u00fc ve hasta doktorla g\u00f6r\u00fc\u015ft\u00fc. Ard\u0131ndan biraz yemek yemeye gidip, \u00f6\u011fleden sonra rahat bir \u015fekilde operasyona gelmek gerekiyordu.<br><br>Operasyon \u00e7ok iyi ge\u00e7ti. Steril k\u0131yafetler ve ba\u015fl\u0131k tak\u0131ld\u0131, g\u00f6zler dezenfekte edildi. Sonra operasyona al\u0131nd\u0131m. D\u00f6rt ki\u015fi benimle ilgilendi, aralar\u0131nda doktor da vard\u0131. Operasyon yap\u0131lacak g\u00f6z damlalarla uyu\u015fturuldu ve kapat\u0131ld\u0131. G\u00f6z kapaklar\u0131n\u0131 sabitleme (g\u00f6z spreyi\/kapak sabitleyici) benim i\u00e7in korkutucu bir fikirdi. Ama EyeStar klini\u011finin \u00e7ok deneyimli ekibi bunu, fark etmeden uygulad\u0131!<br><br>Sonra g\u00f6z y\u0131kand\u0131. Ard\u0131ndan mikrokeratomi (mikrokeratom) yerle\u015ftirildi ve kornea kesildi. Hi\u00e7bir ac\u0131 hissetmedim, sadece keratomun k\u00fc\u00e7\u00fck motor sesini duydum. Bu kesim sadece birka\u00e7 saniye s\u00fcrd\u00fc.<br><br>\u0130kinci korkum, g\u00f6z kapa\u011f\u0131n\u0131n kald\u0131r\u0131lmas\u0131yd\u0131. Ama bunu da fark etmeden ge\u00e7irdim. \u015eimdi Excimer lazer devreye giriyor. G\u00f6z\u00fcn sabit tutulmas\u0131 \u00e7ok \u00f6nemli. Ekip beni sakinle\u015ftirdi ve birka\u00e7 saniye boyunca cesaret verici s\u00f6zler s\u00f6yledi.<br><br>Ard\u0131ndan doktor g\u00f6z\u00fc d\u00fczeltti, t\u00fcm kirleri temizledi ve mikroskopla kontrol etti. G\u00f6z kapaklar\u0131 \u00e7\u0131kar\u0131ld\u0131; operasyondan \u00e7\u0131kan g\u00f6z sulan\u0131yor ama yanma yoktu. \u0130kinci g\u00f6ze ge\u00e7ebilmek i\u00e7in g\u00f6z kapat\u0131ld\u0131.<br><br>Operasyonun hemen ard\u0131ndan net g\u00f6rmeye ba\u015flad\u0131m. G\u00f6zlerim, sanki t\u00fcm gece parti yapm\u0131\u015f ve \u00e7ok az uyumu\u015f gibi hissettirdi. Ama ka\u015f\u0131nma, yanma veya sulanma olmad\u0131. Operasyondan sadece birka\u00e7 dakika sonra, EyeStar logosunu kar\u015f\u0131 duvarda g\u00f6rebilmek beni \u00e7ok heyecanland\u0131rd\u0131.<br><br>\u0130ki saatlik uyku, otel odas\u0131nda k\u00fc\u00e7\u00fck bir ak\u015fam yeme\u011fi ve inan\u0131lmaz net g\u00f6r\u00fc\u015fle birlikte mutlulu\u011fumu neredeyse kontrol edemedim. Uzakta en k\u00fc\u00e7\u00fck minareyi bile g\u00f6rebiliyordum!<br><br>Ertesi sabah bir r\u00fcyadan uyanm\u0131\u015f gibi uyand\u0131m\u2026 ama bu bir r\u00fcya de\u011fildi. Saat 8:47\u2019de g\u00f6zlerim her zamankinden daha netti!<br><br>\u0130lk kontrol, operasyonun ertesi g\u00fcn\u00fc yap\u0131ld\u0131. Doktor de\u011ferlerimin m\u00fckemmel oldu\u011funu s\u00f6yledi, t\u00fcm sorular\u0131m\u0131 cevaplad\u0131 ve nazik\u00e7e vedala\u015ft\u0131. EyeStar, \u00f6m\u00fcr boyu takip ve kontrollerimi sa\u011flayacak.<br><br>Ben ve benimle gelen ki\u015fi, \u0130stanbul\u2019da gezmeye devam ettik; \u00f6rne\u011fin Sultanahmet Camii\u2019ni (Mavi Camii) ziyaret ettik.<br>Ertesi g\u00fcn, alma servisi de iki g\u00fcn \u00f6nceki kadar sorunsuz \u00e7al\u0131\u015ft\u0131. U\u00e7ak yolculu\u011fu ise 90 dakika gecikmeye ra\u011fmen yine keyifli ge\u00e7ti.<br><br>\u0130stersen bir sonraki b\u00f6l\u00fcmlerini de \u00e7evirebilirim, b\u00f6ylece t\u00fcm g\u00f6z lazeri deneyiminin tam T\u00fcrk\u00e7e versiyonunu elde etmi\u015f olursun. Bunu yapay\u0131m m\u0131?                                     Operasyonumdan bu yana bir hafta ge\u00e7ti ve art\u0131k d\u00fcnyaya yeni bir bak\u0131\u015fla bak\u0131yorum. Bu harika bir duygu! Bern\u2019de operasyon sonras\u0131 bir ay sonraki kontrol randevusu da zaten ayarland\u0131. Doktor telefonda \u00e7ok nazikti. Kesinlikle Swisslasik\u2019i tavsiye edece\u011fim. Tan\u0131d\u0131k \u00e7evremde de zaten bir\u00e7ok ki\u015fi ilgileniyor! Art\u0131k tek yapabilece\u011fim, t\u00fcm ekibe her \u015feyin bu kadar iyi ve profesyonelce ger\u00e7ekle\u015fti\u011fi i\u00e7in te\u015fekk\u00fcr etmek.<br>En iyi dileklerimle,<br><br>Isabelle Oberson, Fribourg, 28 Ekim 2009       <\/p>\n\n\n\n<div class=\"wp-block-group is-layout-grid wp-container-core-group-is-layout-baef362d wp-block-group-is-layout-grid\">\n<p><a href=\"https:\/\/medicaltravel.at\/home\/agb\/\" data-type=\"page\" data-id=\"2191\"><\/a><a href=\"https:\/\/medicaltravel.at\/tr\/hasta-hikayeleri\/2009-2010-deneyim-raporlari\/goez-lazer-ve-dis-tedavim-hakkinda-hasta-raporum-istanbul-21-aralik-2009-pazartesi-tarihli-rapor\/\" data-type=\"link\" data-id=\"https:\/\/medicaltravel.at\/berichte-von-patienten\/erfahrungsberichte-2009-2010\/mein-patientenbericht-uber-meine-augenlaser-und-zahnbehandung-in-istanbul-bericht-vom-montag-21-dezember-2009\/\">\u00d6nceki Rapor<\/a><\/p>\n\n\n\n<p class=\"has-text-align-right wp-container-content-5e2576f9\"><a href=\"https:\/\/medicaltravel.at\/home\/impressum\/\" data-type=\"page\" data-id=\"2193\"><\/a><a href=\"https:\/\/medicaltravel.at\/home\/berichte-von-patienten\/erfahrungsberichte\/erfahrungsbericht-zahnbehandlung-in-istanbul\/\" data-type=\"page\" data-id=\"981\"><\/a><a href=\"https:\/\/medicaltravel.at\/tr\/hasta-hikayeleri\/2009-2010-deneyim-raporlari\/koestebekten-kartala-2-kasim-2009-pazartesi-tarihli-rapor\/\" data-type=\"link\" data-id=\"https:\/\/medicaltravel.at\/tr\/hasta-hikayeleri\/2009-2010-deneyim-raporlari\/koestebekten-kartala-2-kasim-2009-pazartesi-tarihli-rapor\/\">Sonraki Rapor<\/a><\/p>\n<\/div>\n","protected":false},"excerpt":{"rendered":"<p>\u0130stanbul\u2019daki G\u00f6z Ameliyat\u0131m: Saat 8:47\u2019yi g\u00f6steriyordu, her zamankinden daha net! \u2013 2 Kas\u0131m 2009 Pazartesi tarihli rapor Yakla\u015f\u0131k 10 y\u0131l \u00f6nce, miyopimi tamamen d\u00fczeltebilecek bir operasyon hakk\u0131nda ilk kez duydum. O zaman 15 ya\u015f\u0131ndayd\u0131m ve b\u00f6yle bir operasyonu yaln\u0131zca hayal edebiliyordum. \u201cG\u00f6zl\u00fck ve lensle de gayet iyi ya\u015fan\u0131r,\u201d diye d\u00fc\u015f\u00fcn\u00fcyordum. Ancak 23 ya\u015f\u0131na geldi\u011fimde lenslerle giderek daha fazla problem ya\u015famaya ba\u015flad\u0131m ve s\u00fcrekli g\u00f6zl\u00fc\u011f\u00fcm\u00fc takmak zorunda kal\u0131yordum. \u0130\u015fte o zaman, bir operasyon olma fikri tekrar akl\u0131ma geldi. Benim i\u00e7in en \u00f6nemli \u015fey, g\u00f6zlerimin do\u011fru ve profesyonel \u015fekilde tedavi edilmesiydi, maliyeti ne olursa olsun. Ayr\u0131ca, operasyon sonras\u0131 kontrollerin \u0130svi\u00e7re\u2019de bir uzman taraf\u0131ndan yap\u0131lmas\u0131 benim i\u00e7in \u00e7ok \u00f6nemliydi. B\u00f6ylece internette ara\u015ft\u0131rmaya ba\u015flad\u0131m. Google\u2019da \u201cSwisslasik.ch\u201d ile kar\u015f\u0131la\u015ft\u0131m, ayn\u0131 zamanda \u0130svi\u00e7re\u2019deki di\u011fer kliniklerin web sitelerini de inceledim. \u201cSwisslasik.ch\u201d sitesinde ho\u015fuma giden \u015fey, ucuz fiyatlarla de\u011fil, kaliteli hizmetle \u00f6ne \u00e7\u0131kmalar\u0131yd\u0131. Ayr\u0131ca operasyon, riskleri ve sonu\u00e7lar\u0131 hakk\u0131nda kaliteli bilgiler bulunuyordu. \u201cHer \u015fey dahil\u201d rezervasyon yapabilme se\u00e7ene\u011fi de \u00e7ok ho\u015fuma gitti. Bu, stresimi azaltt\u0131; ayr\u0131ca otel, u\u00e7ak ve transfer gibi ayr\u0131nt\u0131larla u\u011fra\u015fmam gerekmiyordu. Kar\u015f\u0131la\u015ft\u0131rma yapabilmek i\u00e7in, yine de kendi \u015fehrimdeki bir klinikte \u00f6n muayene oldum. Ancak orada neredeyse bir numara gibi muamele g\u00f6rd\u00fcm ve operasyon i\u00e7in adeta zorland\u0131m. Bunun \u00fczerine Swisslasik\u2019i tercih ettim. E-posta ile dan\u0131\u015fmanl\u0131k her zaman h\u0131zl\u0131 ve profesyoneldi. Herr Karaaga\u00e7li her zaman hemen ve ayr\u0131nt\u0131l\u0131 \u015fekilde cevap verdi. Telefon g\u00f6r\u00fc\u015fmelerinde de \u00e7ok nazikti ve istedi\u011fim bilgiyi her zaman sa\u011flayabiliyordu. Baz\u0131 hastalar belki ki\u015fisel bir randevu almay\u0131 tercih edebilir; ne yaz\u0131k ki Swisslasik b\u00f6yle bir se\u00e7enek sunmuyor. Swisslasik benim i\u00e7in her \u015feyi organize etti: u\u00e7ak biletinden, otele ve transferlere kadar. Hi\u00e7bir \u015feyi kendim d\u00fc\u015f\u00fcnmek zorunda kalmad\u0131m. Seyahatten bir hafta \u00f6nce, hastaya bir Swisslasik Pasaportu g\u00f6nderiliyor. Bu pasaportta ki\u015fisel olarak hitap ediliyor, t\u00fcm seyahat bilgileri, \u0130stanbul\u2019daki hava durumu tahminleri, ileti\u015fim ki\u015fileri, operasyon \u00f6ncesi haz\u0131rl\u0131k ve iyile\u015fme s\u00fcreci hakk\u0131nda bilgiler yer al\u0131yor. Bu pasaportu \u00e7ok faydal\u0131 buldum: \u00f6nemli her \u015fey \u00f6zetlenmi\u015f \u015fekilde bir arada sunuluyor. Swisslasik ayr\u0131ca \u0130stanbul\u2019un bir \u015fehir haritas\u0131n\u0131 da g\u00f6nderiyor. Ancak \u0130stanbul\u2019daki toplu ta\u015f\u0131ma hakk\u0131nda bilgi bulunmuyor. Bizim u\u00e7u\u015fumuz ge\u00e7 sabah saatlerindeydi, bu da var\u0131\u015f g\u00fcn\u00fcnde \u0130stanbul\u2019u biraz gezebilmemize olanak sa\u011flad\u0131. Turkish Airlines keyifli bir havayolu \u015firketiydi (Star Alliance \u00fcyesi) ve u\u00e7aktaki yemekler \u00e7ok iyiydi. Havaliman\u0131nda bizi \u015fof\u00f6r\u00fcm\u00fcz kar\u015f\u0131lad\u0131 ve Star otomobil ile otele (Taksim G\u00f6nen) g\u00f6t\u00fcrd\u00fc. 10. kattaki odam\u0131zdan \u0130stanbul\u2019un muhte\u015fem manzaras\u0131 g\u00f6z\u00fck\u00fcyordu. Oda b\u00fcy\u00fck olmasa da \u00e7ok temiz ve rahatt\u0131. \u0130stanbul\u2019da rahat bir ak\u015fam ge\u00e7irdikten sonra, ertesi g\u00fcn beni ve e\u015flik eden ki\u015fimi otelden al\u0131p klini\u011fe g\u00f6t\u00fcrd\u00fcler. Orada personel taraf\u0131ndan ki\u015fisel olarak kar\u015f\u0131land\u0131k; \u0130svi\u00e7re Almancas\u0131, T\u00fcrk\u00e7e, Rus\u00e7a gibi hastan\u0131n ana diline g\u00f6re hitap edildi. K\u00fc\u00e7\u00fck jestler, \u00f6rne\u011fin diz\u00fcst\u00fc bilgisayarlar\u0131n kullan\u0131ma sunulmas\u0131, i\u00e7ecek ikram\u0131, hastan\u0131n biraz gergin olan ruh halini hafifletti. \u00d6n muayene yakla\u015f\u0131k 90 dakika s\u00fcrd\u00fc. Bu s\u00fcre i\u00e7inde g\u00f6zler farkl\u0131 cihazlarla \u00f6l\u00e7\u00fcld\u00fc ve hasta doktorla g\u00f6r\u00fc\u015ft\u00fc. Ard\u0131ndan biraz yemek yemeye gidip, \u00f6\u011fleden sonra rahat bir \u015fekilde operasyona gelmek gerekiyordu. Operasyon \u00e7ok iyi ge\u00e7ti. Steril k\u0131yafetler ve ba\u015fl\u0131k tak\u0131ld\u0131, g\u00f6zler dezenfekte edildi. Sonra operasyona al\u0131nd\u0131m. D\u00f6rt ki\u015fi benimle ilgilendi, aralar\u0131nda doktor da vard\u0131. Operasyon yap\u0131lacak g\u00f6z damlalarla uyu\u015fturuldu ve kapat\u0131ld\u0131. G\u00f6z kapaklar\u0131n\u0131 sabitleme (g\u00f6z spreyi\/kapak sabitleyici) benim i\u00e7in korkutucu bir fikirdi. Ama EyeStar klini\u011finin \u00e7ok deneyimli ekibi bunu, fark etmeden uygulad\u0131! Sonra g\u00f6z y\u0131kand\u0131. Ard\u0131ndan mikrokeratomi (mikrokeratom) yerle\u015ftirildi ve kornea kesildi. Hi\u00e7bir ac\u0131 hissetmedim, sadece keratomun k\u00fc\u00e7\u00fck motor sesini duydum. Bu kesim sadece birka\u00e7 saniye s\u00fcrd\u00fc. \u0130kinci korkum, g\u00f6z kapa\u011f\u0131n\u0131n kald\u0131r\u0131lmas\u0131yd\u0131. Ama bunu da fark etmeden ge\u00e7irdim. \u015eimdi Excimer lazer devreye giriyor. G\u00f6z\u00fcn sabit tutulmas\u0131 \u00e7ok \u00f6nemli. Ekip beni sakinle\u015ftirdi ve birka\u00e7 saniye boyunca cesaret verici s\u00f6zler s\u00f6yledi. Ard\u0131ndan doktor g\u00f6z\u00fc d\u00fczeltti, t\u00fcm kirleri temizledi ve mikroskopla kontrol etti. G\u00f6z kapaklar\u0131 \u00e7\u0131kar\u0131ld\u0131; operasyondan \u00e7\u0131kan g\u00f6z sulan\u0131yor ama yanma yoktu. \u0130kinci g\u00f6ze ge\u00e7ebilmek i\u00e7in g\u00f6z kapat\u0131ld\u0131. Operasyonun hemen ard\u0131ndan net g\u00f6rmeye ba\u015flad\u0131m. G\u00f6zlerim, sanki t\u00fcm gece parti yapm\u0131\u015f ve \u00e7ok az uyumu\u015f gibi hissettirdi. Ama ka\u015f\u0131nma, yanma veya sulanma olmad\u0131. Operasyondan sadece birka\u00e7 dakika sonra, EyeStar logosunu kar\u015f\u0131 duvarda g\u00f6rebilmek beni \u00e7ok heyecanland\u0131rd\u0131. \u0130ki saatlik uyku, otel odas\u0131nda k\u00fc\u00e7\u00fck bir ak\u015fam yeme\u011fi ve inan\u0131lmaz net g\u00f6r\u00fc\u015fle birlikte mutlulu\u011fumu neredeyse kontrol edemedim. Uzakta en k\u00fc\u00e7\u00fck minareyi bile g\u00f6rebiliyordum! Ertesi sabah bir r\u00fcyadan uyanm\u0131\u015f gibi uyand\u0131m\u2026 ama bu bir r\u00fcya de\u011fildi. Saat 8:47\u2019de g\u00f6zlerim her zamankinden daha netti! \u0130lk kontrol, operasyonun ertesi g\u00fcn\u00fc yap\u0131ld\u0131. Doktor de\u011ferlerimin m\u00fckemmel oldu\u011funu s\u00f6yledi, t\u00fcm sorular\u0131m\u0131 cevaplad\u0131 ve nazik\u00e7e vedala\u015ft\u0131. EyeStar, \u00f6m\u00fcr boyu takip ve kontrollerimi sa\u011flayacak. Ben ve benimle gelen ki\u015fi, \u0130stanbul\u2019da gezmeye devam ettik; \u00f6rne\u011fin Sultanahmet Camii\u2019ni (Mavi Camii) ziyaret ettik.Ertesi g\u00fcn, alma servisi de iki g\u00fcn \u00f6nceki kadar sorunsuz \u00e7al\u0131\u015ft\u0131. U\u00e7ak yolculu\u011fu ise 90 dakika gecikmeye ra\u011fmen yine keyifli ge\u00e7ti. \u0130stersen bir sonraki b\u00f6l\u00fcmlerini de \u00e7evirebilirim, b\u00f6ylece t\u00fcm g\u00f6z lazeri deneyiminin tam T\u00fcrk\u00e7e versiyonunu elde etmi\u015f olursun. Bunu yapay\u0131m m\u0131? Operasyonumdan bu yana bir hafta ge\u00e7ti ve art\u0131k d\u00fcnyaya yeni bir bak\u0131\u015fla bak\u0131yorum. Bu harika bir duygu! Bern\u2019de operasyon sonras\u0131 bir ay sonraki kontrol randevusu da zaten ayarland\u0131. Doktor telefonda \u00e7ok nazikti. Kesinlikle Swisslasik\u2019i tavsiye edece\u011fim. Tan\u0131d\u0131k \u00e7evremde de zaten bir\u00e7ok ki\u015fi ilgileniyor! Art\u0131k tek yapabilece\u011fim, t\u00fcm ekibe her \u015feyin bu kadar iyi ve profesyonelce ger\u00e7ekle\u015fti\u011fi i\u00e7in te\u015fekk\u00fcr etmek.En iyi dileklerimle, Isabelle Oberson, Fribourg, 28 Ekim 2009 \u00d6nceki Rapor Sonraki Rapor<\/p>\n","protected":false},"author":4,"featured_media":0,"parent":4430,"menu_order":0,"comment_status":"closed","ping_status":"closed","template":"","meta":{"_joinchat":[],"footnotes":""},"class_list":["post-4482","page","type-page","status-publish","hentry"],"acf":[],"_links":{"self":[{"href":"https:\/\/medicaltravel.at\/tr\/wp-json\/wp\/v2\/pages\/4482","targetHints":{"allow":["GET"]}}],"collection":[{"href":"https:\/\/medicaltravel.at\/tr\/wp-json\/wp\/v2\/pages"}],"about":[{"href":"https:\/\/medicaltravel.at\/tr\/wp-json\/wp\/v2\/types\/page"}],"author":[{"embeddable":true,"href":"https:\/\/medicaltravel.at\/tr\/wp-json\/wp\/v2\/users\/4"}],"replies":[{"embeddable":true,"href":"https:\/\/medicaltravel.at\/tr\/wp-json\/wp\/v2\/comments?post=4482"}],"version-history":[{"count":2,"href":"https:\/\/medicaltravel.at\/tr\/wp-json\/wp\/v2\/pages\/4482\/revisions"}],"predecessor-version":[{"id":5828,"href":"https:\/\/medicaltravel.at\/tr\/wp-json\/wp\/v2\/pages\/4482\/revisions\/5828"}],"up":[{"embeddable":true,"href":"https:\/\/medicaltravel.at\/tr\/wp-json\/wp\/v2\/pages\/4430"}],"wp:attachment":[{"href":"https:\/\/medicaltravel.at\/tr\/wp-json\/wp\/v2\/media?parent=4482"}],"curies":[{"name":"wp","href":"https:\/\/api.w.org\/{rel}","templated":true}]}}