{"id":4480,"date":"2025-09-28T10:43:51","date_gmt":"2025-09-28T09:43:51","guid":{"rendered":"https:\/\/medicaltravel.at\/hasta-hikayeleri\/2009-2010-deneyim-raporlari\/istanbuldaki-goez-lazer-ameliyatim-6-subat-2010-cumartesi-tarihli-rapor\/"},"modified":"2026-01-13T16:27:24","modified_gmt":"2026-01-13T15:27:24","slug":"istanbuldaki-goez-lazer-ameliyatim-6-subat-2010-cumartesi-tarihli-rapor","status":"publish","type":"page","link":"https:\/\/medicaltravel.at\/tr\/hasta-hikayeleri\/2009-2010-deneyim-raporlari\/istanbuldaki-goez-lazer-ameliyatim-6-subat-2010-cumartesi-tarihli-rapor\/","title":{"rendered":"\u0130stanbul\u2019daki G\u00f6z Lazer Ameliyat\u0131m \u2013 6 \u015eubat 2010 Cumartesi tarihli rapor"},"content":{"rendered":"\n<h3 class=\"wp-block-heading\">\u0130stanbul\u2019daki G\u00f6z Lazer Ameliyat\u0131m \u2013 6 \u015eubat 2010 Cumartesi tarihli rapor<\/h3>\n\n\n\n<p>Maria Rodriguez\u2019in Deneyim Raporu \u2013 G\u00f6z LASIK Ameliyat\u0131, \u0130stanbul, 21.01.2010<br><br>Ben, 21 Ocak 2010 tarihinde \u0130stanbul\u2019da g\u00f6z ameliyat\u0131 olmaya karar verdim \u00e7\u00fcnk\u00fc \u0130svi\u00e7re\u2019deki maliyet b\u00fct\u00e7emi a\u015f\u0131yordu. Tan\u0131d\u0131klar\u0131m arac\u0131l\u0131\u011f\u0131yla Swisslasik\u2019in internet sitesine ula\u015ft\u0131m, bilgi ald\u0131m ve toplam hizmetlerinden \u00e7ok memnun kald\u0131m.<br><br>\u00d6n Muayene:<br>\u0130svi\u00e7re\u2019de bir \u00f6n muayene yapt\u0131rd\u0131m. G\u00f6z doktorum, g\u00f6zlerimin ameliyat i\u00e7in uygun oldu\u011funu do\u011frulad\u0131 \u2013 bu benim i\u00e7in \u00e7ok \u00f6nemliydi, yoksa \u0130stanbul\u2019a u\u00e7mak bo\u015funa olacakt\u0131.<br><br>Swisslasik Taraf\u0131ndan Organizasyon:<br>U\u00e7u\u015f, otel ve ameliyat tamamen m\u00fckemmel bir \u015fekilde organize edildi. Ayr\u0131ca t\u00fcm \u00f6nemli bilgilerin (kar\u015f\u0131lama, otel, ameliyat randevusu vb.) yer ald\u0131\u011f\u0131 Swisslasik Pass\u2019imi ald\u0131m.<br><br>\u0130stanbul\u2019a Var\u0131\u015f:<br>Havaliman\u0131nda bizi nazik\u00e7e kar\u015f\u0131lad\u0131lar ve otele g\u00f6t\u00fcrd\u00fcler (k\u00fc\u00e7\u00fck, temiz ve rahat). Ertesi g\u00fcn saat 11:00\u2019de bizi al\u0131p yaya olarak (yakla\u015f\u0131k 5 dakika) klini\u011fe g\u00f6t\u00fcrd\u00fcler. Klinik d\u0131\u015far\u0131dan \u00e7ok sade g\u00f6r\u00fcn\u00fcyordu, ancak her \u015fey \u00e7ok temiz ve hijyenikti.<br><br>Haz\u0131rl\u0131k ve Ameliyat:<br>Hijyen sebebiyle \u00f6zel ayakkab\u0131 \u00f6rt\u00fcleri giydik. G\u00f6zlerim \u00e7e\u015fitli cihazlarla incelendi, ard\u0131ndan ameliyat\u0131 yapacak doktor her \u015feyi tekrar kontrol etti. Doktor \u0130ngilizce konu\u015fuyordu, her \u015fey bana Almanca olarak \u00e7evrildi. T\u00fcm sorular\u0131m titizlikle cevapland\u0131.<br><br>\u00d6\u011fleden sonra saat 15:30\u2019da ameliyat ba\u015flad\u0131. Sakinle\u015ftirici bir tablet ve g\u00f6z damlalar\u0131 verildi. Ameliyat yakla\u015f\u0131k 15 dakika s\u00fcrd\u00fc ve \u00e7ok h\u0131zl\u0131 ge\u00e7ti. Sonras\u0131nda g\u00f6zlerimi a\u00e7mak biraz zor olsa da, a\u011fr\u0131 hissetmedim.<br><br>Ameliyat Sonras\u0131:<br>Hemen otele d\u00f6nd\u00fck ve t\u00fcm gece uyudum. Ertesi sabah her \u015feyi net g\u00f6rebiliyordum, hatta tabelalar\u0131 okuyabiliyordum \u2013 tarif edilemez bir mutluluk, adeta yeniden do\u011fmu\u015f gibi hissettim.<br><br>Kontrol Muayenesi:<br>Saat 11:00\u2019de klinikte kontrole gittim. Ekip \u00e7ok nazikti ve hemen muayene oldum. Sonu\u00e7: Sol g\u00f6zdeki astigmatizma neredeyse tamamen d\u00fczeltildi (sol 0,25 \/ sa\u011f 0,00). Art\u0131k g\u00f6zl\u00fck kullanmama gerek yok!<br><br>Sonu\u00e7:<br>\u0130stanbul\u2019da kar olmas\u0131na ra\u011fmen her \u015feyi sorunsuz g\u00f6rebiliyordum. Benim i\u00e7in harika bir deneyim oldu. Ameliyat\u0131 tekrar yapmay\u0131 d\u00fc\u015f\u00fcn\u00fcr\u00fcm ve Swisslasik\u2019i kesinlikle tavsiye ederim.<br><br>Swisslasik ekibine te\u015fekk\u00fcrler!<br><br>Sayg\u0131lar\u0131mla,<br>Maria Rodriguez<\/p>\n\n\n\n<div class=\"wp-block-group is-layout-grid wp-container-core-group-is-layout-baef362d wp-block-group-is-layout-grid\">\n<p><a href=\"https:\/\/medicaltravel.at\/home\/agb\/\" data-type=\"page\" data-id=\"2191\"><\/a><a href=\"https:\/\/medicaltravel.at\/tr\/hasta-hikayeleri\/2009-2010-deneyim-raporlari\/istanbuldaki-klinikteki-goez-lasik-ameliyati-deneyim-raporum-2-haziran-2010-carsamba-tarihli-rapor\/\" data-type=\"link\" data-id=\"https:\/\/medicaltravel.at\/berichte-von-patienten\/erfahrungsberichte-2009-2010\/mein-erfahrungsbericht-zur-augen-lasik-operation-bei-der-klinik-in-istanbul-bericht-vom-mittwoch-02-juni-2010\/\">\u00d6nceki Rapor<\/a><\/p>\n\n\n\n<p class=\"has-text-align-right wp-container-content-5e2576f9\"><a href=\"https:\/\/medicaltravel.at\/home\/impressum\/\" data-type=\"page\" data-id=\"2193\"><\/a><a href=\"https:\/\/medicaltravel.at\/home\/berichte-von-patienten\/erfahrungsberichte\/erfahrungsbericht-zahnbehandlung-in-istanbul\/\" data-type=\"page\" data-id=\"981\"><\/a><a href=\"https:\/\/medicaltravel.at\/tr\/hasta-hikayeleri\/2009-2010-deneyim-raporlari\/istanbuldaki-klinikte-swisslasik-araciligiyla-edindigim-deneyimlerim-5-subat-2010-cuma-tarihli-rapor\/\" data-type=\"link\" data-id=\"https:\/\/medicaltravel.at\/tr\/hasta-hikayeleri\/2009-2010-deneyim-raporlari\/istanbuldaki-klinikte-swisslasik-araciligiyla-edindigim-deneyimlerim-5-subat-2010-cuma-tarihli-rapor\/\">Sonraki Rapor<\/a><\/p>\n<\/div>\n","protected":false},"excerpt":{"rendered":"<p>\u0130stanbul\u2019daki G\u00f6z Lazer Ameliyat\u0131m \u2013 6 \u015eubat 2010 Cumartesi tarihli rapor Maria Rodriguez\u2019in Deneyim Raporu \u2013 G\u00f6z LASIK Ameliyat\u0131, \u0130stanbul, 21.01.2010 Ben, 21 Ocak 2010 tarihinde \u0130stanbul\u2019da g\u00f6z ameliyat\u0131 olmaya karar verdim \u00e7\u00fcnk\u00fc \u0130svi\u00e7re\u2019deki maliyet b\u00fct\u00e7emi a\u015f\u0131yordu. Tan\u0131d\u0131klar\u0131m arac\u0131l\u0131\u011f\u0131yla Swisslasik\u2019in internet sitesine ula\u015ft\u0131m, bilgi ald\u0131m ve toplam hizmetlerinden \u00e7ok memnun kald\u0131m. \u00d6n Muayene:\u0130svi\u00e7re\u2019de bir \u00f6n muayene yapt\u0131rd\u0131m. G\u00f6z doktorum, g\u00f6zlerimin ameliyat i\u00e7in uygun oldu\u011funu do\u011frulad\u0131 \u2013 bu benim i\u00e7in \u00e7ok \u00f6nemliydi, yoksa \u0130stanbul\u2019a u\u00e7mak bo\u015funa olacakt\u0131. Swisslasik Taraf\u0131ndan Organizasyon:U\u00e7u\u015f, otel ve ameliyat tamamen m\u00fckemmel bir \u015fekilde organize edildi. Ayr\u0131ca t\u00fcm \u00f6nemli bilgilerin (kar\u015f\u0131lama, otel, ameliyat randevusu vb.) yer ald\u0131\u011f\u0131 Swisslasik Pass\u2019imi ald\u0131m. \u0130stanbul\u2019a Var\u0131\u015f:Havaliman\u0131nda bizi nazik\u00e7e kar\u015f\u0131lad\u0131lar ve otele g\u00f6t\u00fcrd\u00fcler (k\u00fc\u00e7\u00fck, temiz ve rahat). Ertesi g\u00fcn saat 11:00\u2019de bizi al\u0131p yaya olarak (yakla\u015f\u0131k 5 dakika) klini\u011fe g\u00f6t\u00fcrd\u00fcler. Klinik d\u0131\u015far\u0131dan \u00e7ok sade g\u00f6r\u00fcn\u00fcyordu, ancak her \u015fey \u00e7ok temiz ve hijyenikti. Haz\u0131rl\u0131k ve Ameliyat:Hijyen sebebiyle \u00f6zel ayakkab\u0131 \u00f6rt\u00fcleri giydik. G\u00f6zlerim \u00e7e\u015fitli cihazlarla incelendi, ard\u0131ndan ameliyat\u0131 yapacak doktor her \u015feyi tekrar kontrol etti. Doktor \u0130ngilizce konu\u015fuyordu, her \u015fey bana Almanca olarak \u00e7evrildi. T\u00fcm sorular\u0131m titizlikle cevapland\u0131. \u00d6\u011fleden sonra saat 15:30\u2019da ameliyat ba\u015flad\u0131. Sakinle\u015ftirici bir tablet ve g\u00f6z damlalar\u0131 verildi. Ameliyat yakla\u015f\u0131k 15 dakika s\u00fcrd\u00fc ve \u00e7ok h\u0131zl\u0131 ge\u00e7ti. Sonras\u0131nda g\u00f6zlerimi a\u00e7mak biraz zor olsa da, a\u011fr\u0131 hissetmedim. Ameliyat Sonras\u0131:Hemen otele d\u00f6nd\u00fck ve t\u00fcm gece uyudum. Ertesi sabah her \u015feyi net g\u00f6rebiliyordum, hatta tabelalar\u0131 okuyabiliyordum \u2013 tarif edilemez bir mutluluk, adeta yeniden do\u011fmu\u015f gibi hissettim. Kontrol Muayenesi:Saat 11:00\u2019de klinikte kontrole gittim. Ekip \u00e7ok nazikti ve hemen muayene oldum. Sonu\u00e7: Sol g\u00f6zdeki astigmatizma neredeyse tamamen d\u00fczeltildi (sol 0,25 \/ sa\u011f 0,00). Art\u0131k g\u00f6zl\u00fck kullanmama gerek yok! Sonu\u00e7:\u0130stanbul\u2019da kar olmas\u0131na ra\u011fmen her \u015feyi sorunsuz g\u00f6rebiliyordum. Benim i\u00e7in harika bir deneyim oldu. Ameliyat\u0131 tekrar yapmay\u0131 d\u00fc\u015f\u00fcn\u00fcr\u00fcm ve Swisslasik\u2019i kesinlikle tavsiye ederim. Swisslasik ekibine te\u015fekk\u00fcrler! Sayg\u0131lar\u0131mla,Maria Rodriguez \u00d6nceki Rapor Sonraki Rapor<\/p>\n","protected":false},"author":4,"featured_media":0,"parent":4430,"menu_order":0,"comment_status":"closed","ping_status":"closed","template":"","meta":{"_joinchat":[],"footnotes":""},"class_list":["post-4480","page","type-page","status-publish","hentry"],"acf":[],"_links":{"self":[{"href":"https:\/\/medicaltravel.at\/tr\/wp-json\/wp\/v2\/pages\/4480","targetHints":{"allow":["GET"]}}],"collection":[{"href":"https:\/\/medicaltravel.at\/tr\/wp-json\/wp\/v2\/pages"}],"about":[{"href":"https:\/\/medicaltravel.at\/tr\/wp-json\/wp\/v2\/types\/page"}],"author":[{"embeddable":true,"href":"https:\/\/medicaltravel.at\/tr\/wp-json\/wp\/v2\/users\/4"}],"replies":[{"embeddable":true,"href":"https:\/\/medicaltravel.at\/tr\/wp-json\/wp\/v2\/comments?post=4480"}],"version-history":[{"count":2,"href":"https:\/\/medicaltravel.at\/tr\/wp-json\/wp\/v2\/pages\/4480\/revisions"}],"predecessor-version":[{"id":5826,"href":"https:\/\/medicaltravel.at\/tr\/wp-json\/wp\/v2\/pages\/4480\/revisions\/5826"}],"up":[{"embeddable":true,"href":"https:\/\/medicaltravel.at\/tr\/wp-json\/wp\/v2\/pages\/4430"}],"wp:attachment":[{"href":"https:\/\/medicaltravel.at\/tr\/wp-json\/wp\/v2\/media?parent=4480"}],"curies":[{"name":"wp","href":"https:\/\/api.w.org\/{rel}","templated":true}]}}