{"id":4478,"date":"2025-09-28T10:45:02","date_gmt":"2025-09-28T09:45:02","guid":{"rendered":"https:\/\/medicaltravel.at\/hasta-hikayeleri\/2009-2010-deneyim-raporlari\/goez-lazer-ve-dis-tedavim-hakkinda-hasta-raporum-istanbul-21-aralik-2009-pazartesi-tarihli-rapor\/"},"modified":"2026-01-13T16:29:09","modified_gmt":"2026-01-13T15:29:09","slug":"goez-lazer-ve-dis-tedavim-hakkinda-hasta-raporum-istanbul-21-aralik-2009-pazartesi-tarihli-rapor","status":"publish","type":"page","link":"https:\/\/medicaltravel.at\/tr\/hasta-hikayeleri\/2009-2010-deneyim-raporlari\/goez-lazer-ve-dis-tedavim-hakkinda-hasta-raporum-istanbul-21-aralik-2009-pazartesi-tarihli-rapor\/","title":{"rendered":"G\u00f6z Lazer ve Di\u015f Tedavim Hakk\u0131nda Hasta Raporum, \u0130stanbul \u2013 21 Aral\u0131k 2009 Pazartesi tarihli rapor"},"content":{"rendered":"\n<h3 class=\"wp-block-heading\">G\u00f6z Lazer ve Di\u015f Tedavim Hakk\u0131nda Hasta Raporum, \u0130stanbul \u2013 21 Aral\u0131k 2009 Pazartesi tarihli rapor<\/h3>\n\n\n\n<p>Uzun s\u00fcredir g\u00f6zlerimi lazerle tedavi ettirmeyi d\u00fc\u015f\u00fcn\u00fcyordum, fakat \u0130svi\u00e7re\u2019de ne kadar maliyetli olaca\u011f\u0131n\u0131 bildi\u011fim i\u00e7in karars\u0131zd\u0131m. \u0130nternette tesad\u00fcfen www.swisslasik.ch sitesine rastlad\u0131m. Uzun d\u00fc\u015f\u00fcnd\u00fckten sonra Herr Serdar Karaagacli ile ileti\u015fime ge\u00e7meye karar verdim. Telefon ve yaz\u0131\u015fma yoluyla \u00e7ok g\u00fczel bir destek ald\u0131m.<br><br>\u0130stanbul\u2019a gitmeye karar verdikten sonra \u00e7evremden iki ki\u015finin daha orada oldu\u011funu ve \u00e7ok memnun d\u00f6nd\u00fcklerini \u00f6\u011frendim. Bu da karar\u0131m\u0131 peki\u015ftirdi. G\u00fcvendi\u011fim bir arkada\u015f\u0131m ile \u0130stanbul\u2019a u\u00e7tum; \u00f6\u011fleden \u00f6nce var\u0131\u015fta havaalan\u0131nda kar\u015f\u0131land\u0131k ve otele g\u00f6t\u00fcr\u00fcld\u00fck. Otele var\u0131nca k\u0131sa bir dinlenme ve ard\u0131ndan al\u0131\u015fveri\u015f caddesine (5 dk uzakl\u0131kta) gittik. Gece 22:00\u2019de al\u0131\u015fveri\u015f yapmak olduk\u00e7a keyifliydi.<br><br>Ertesi g\u00fcn saat 11:00\u2019de al\u0131narak y\u00fcr\u00fcyerek klini\u011fe g\u00f6t\u00fcr\u00fcld\u00fck (5 dk). \u00c7ok nazik bir \u015fekilde kar\u015f\u0131land\u0131k. G\u00f6zlerim farkl\u0131 cihazlarla muayene edildi. G\u00f6z doktoru sonunda operasyon i\u00e7in onay verdi. Muayene s\u0131ras\u0131nda hep Almanca bilen bir ki\u015fi vard\u0131, doktor ise \u0130ngilizce konu\u015fuyordu. Operasyon ayn\u0131 g\u00fcn saat 17:30\u2019da yap\u0131ld\u0131. K\u0131sa bir beklemenin ard\u0131ndan ameliyathane. Operasyonu di\u011fer hasta yorumlar\u0131na k\u0131yasla olduk\u00e7a a\u011fr\u0131l\u0131 buldum ama dayan\u0131labilirdi.<br>Operasyon sonras\u0131 k\u0131sa bir dinlenme ve ard\u0131ndan g\u00f6z damlalar\u0131yla otele geri d\u00f6nme. G\u00f6zlerim suland\u0131 ve \u0131\u015f\u0131\u011fa kar\u015f\u0131 hassast\u0131. A\u011fr\u0131 kesici al\u0131p saat 19:00 civar\u0131 uyudum. Gece yar\u0131s\u0131 uyand\u0131m, televizyonu a\u00e7t\u0131m ve g\u00f6rme yard\u0131m\u0131 olmadan TV izleyebiliyordum, \u0131\u015f\u0131k hafif parlak olsa da sorun yoktu.<br><br>Ertesi g\u00fcn saat 11:00\u2019de kontrol muayenesi yap\u0131ld\u0131, doktor her \u015feyin iyi oldu\u011funu s\u00f6yledi. Sonra Mavi Cami ve Kapal\u0131\u00e7ar\u015f\u0131\u2019ya gittik, g\u00fcne\u015f g\u00f6zl\u00fc\u011f\u00fc takmadan rahat\u00e7a dola\u015fabildik. G\u00f6zlerimde sanki bir \u015fey varm\u0131\u015f hissi oldu ama rahats\u0131z edici de\u011fildi.<br><br>Saat 17:00\u2019de Stomadenta\u2019da di\u015f\u00e7i randevum vard\u0131, Swisslasik taraf\u0131ndan organize edilmi\u015fti. Di\u015f tedavisi iyiydi, klinik \u00e7ok g\u00fczeldi, ba\u015fhekim iyi Almanca konu\u015fuyor. Di\u015f temizli\u011fi ve iki dolgu i\u00e7in yakla\u015f\u0131k 300 CHF \u00f6dedim, iki r\u00f6ntgen dahil. Ger\u00e7ekten tavsiye edilir. Di\u015f klini\u011fine taksi ile gitmek gerekiyor, yakla\u015f\u0131k 45 dakika s\u00fcr\u00fcyor.<br><br>Ertesi g\u00fcn Frans\u0131z Caddesi\u2019nde k\u0131sa bir al\u0131\u015fveri\u015f turu yapt\u0131k ve saat 13:00\u2019te otelden al\u0131n\u0131p havaalan\u0131na g\u00f6t\u00fcr\u00fcld\u00fck. Takip eden g\u00fcnlerde de herhangi bir rahats\u0131zl\u0131k ya\u015famad\u0131m, iki g\u00fcn sonra gece araba ile \u0130talya\u2019ya gittim, g\u00f6zlerim \u0131\u015f\u0131\u011fa kar\u015f\u0131 rahats\u0131z olmad\u0131, kuruluk da ya\u015famad\u0131m; ama bu ki\u015fiden ki\u015fiye de\u011fi\u015febilir.<br><br>Kesinlikle tekrar yapard\u0131m, en iyisi yan\u0131n\u0131za birini almak. Al\u0131\u015fveri\u015f iki ki\u015fiyle daha e\u011flenceli ve benim yapt\u0131\u011f\u0131m hatay\u0131 yapmay\u0131n: sadece 3 gece kald\u0131m, bir sonraki sefer en az 4-5 gece kal\u0131nmal\u0131. \u015eehir harika ve oradaysan\u0131z bunu tatille birle\u015ftirin. Otel olduk\u00e7a iyi, sadece dolap biraz k\u00fc\u00e7\u00fck.<br><br>Sevgiler,<br>Stefan Stolz<\/p>\n\n\n\n<div class=\"wp-block-group is-layout-grid wp-container-core-group-is-layout-baef362d wp-block-group-is-layout-grid\">\n<p><a href=\"https:\/\/medicaltravel.at\/home\/agb\/\" data-type=\"page\" data-id=\"2191\"><\/a><a href=\"https:\/\/medicaltravel.at\/tr\/hasta-hikayeleri\/2009-2010-deneyim-raporlari\/istanbuldaki-klinikte-swisslasik-araciligiyla-edindigim-deneyimlerim-5-subat-2010-cuma-tarihli-rapor\/\" data-type=\"link\" data-id=\"https:\/\/medicaltravel.at\/tr\/hasta-hikayeleri\/2009-2010-deneyim-raporlari\/istanbuldaki-klinikte-swisslasik-araciligiyla-edindigim-deneyimlerim-5-subat-2010-cuma-tarihli-rapor\/\">\u00d6nceki Rapor<\/a><\/p>\n\n\n\n<p class=\"has-text-align-right wp-container-content-5e2576f9\"><a href=\"https:\/\/medicaltravel.at\/home\/impressum\/\" data-type=\"page\" data-id=\"2193\"><\/a><a href=\"https:\/\/medicaltravel.at\/home\/berichte-von-patienten\/erfahrungsberichte\/erfahrungsbericht-zahnbehandlung-in-istanbul\/\" data-type=\"page\" data-id=\"981\"><\/a><a href=\"https:\/\/medicaltravel.at\/tr\/hasta-hikayeleri\/2009-2010-deneyim-raporlari\/istanbuldaki-goez-ameliyatim-saat-847yi-goesteriyordu-her-zamankinden-daha-net-2-kasim-2009-pazartesi-tarihli-rapor\/\" data-type=\"link\" data-id=\"https:\/\/medicaltravel.at\/tr\/hasta-hikayeleri\/2009-2010-deneyim-raporlari\/istanbuldaki-goez-ameliyatim-saat-847yi-goesteriyordu-her-zamankinden-daha-net-2-kasim-2009-pazartesi-tarihli-rapor\/\">Sonraki Rapor<\/a><\/p>\n<\/div>\n","protected":false},"excerpt":{"rendered":"<p>G\u00f6z Lazer ve Di\u015f Tedavim Hakk\u0131nda Hasta Raporum, \u0130stanbul \u2013 21 Aral\u0131k 2009 Pazartesi tarihli rapor Uzun s\u00fcredir g\u00f6zlerimi lazerle tedavi ettirmeyi d\u00fc\u015f\u00fcn\u00fcyordum, fakat \u0130svi\u00e7re\u2019de ne kadar maliyetli olaca\u011f\u0131n\u0131 bildi\u011fim i\u00e7in karars\u0131zd\u0131m. \u0130nternette tesad\u00fcfen www.swisslasik.ch sitesine rastlad\u0131m. Uzun d\u00fc\u015f\u00fcnd\u00fckten sonra Herr Serdar Karaagacli ile ileti\u015fime ge\u00e7meye karar verdim. Telefon ve yaz\u0131\u015fma yoluyla \u00e7ok g\u00fczel bir destek ald\u0131m. \u0130stanbul\u2019a gitmeye karar verdikten sonra \u00e7evremden iki ki\u015finin daha orada oldu\u011funu ve \u00e7ok memnun d\u00f6nd\u00fcklerini \u00f6\u011frendim. Bu da karar\u0131m\u0131 peki\u015ftirdi. G\u00fcvendi\u011fim bir arkada\u015f\u0131m ile \u0130stanbul\u2019a u\u00e7tum; \u00f6\u011fleden \u00f6nce var\u0131\u015fta havaalan\u0131nda kar\u015f\u0131land\u0131k ve otele g\u00f6t\u00fcr\u00fcld\u00fck. Otele var\u0131nca k\u0131sa bir dinlenme ve ard\u0131ndan al\u0131\u015fveri\u015f caddesine (5 dk uzakl\u0131kta) gittik. Gece 22:00\u2019de al\u0131\u015fveri\u015f yapmak olduk\u00e7a keyifliydi. Ertesi g\u00fcn saat 11:00\u2019de al\u0131narak y\u00fcr\u00fcyerek klini\u011fe g\u00f6t\u00fcr\u00fcld\u00fck (5 dk). \u00c7ok nazik bir \u015fekilde kar\u015f\u0131land\u0131k. G\u00f6zlerim farkl\u0131 cihazlarla muayene edildi. G\u00f6z doktoru sonunda operasyon i\u00e7in onay verdi. Muayene s\u0131ras\u0131nda hep Almanca bilen bir ki\u015fi vard\u0131, doktor ise \u0130ngilizce konu\u015fuyordu. Operasyon ayn\u0131 g\u00fcn saat 17:30\u2019da yap\u0131ld\u0131. K\u0131sa bir beklemenin ard\u0131ndan ameliyathane. Operasyonu di\u011fer hasta yorumlar\u0131na k\u0131yasla olduk\u00e7a a\u011fr\u0131l\u0131 buldum ama dayan\u0131labilirdi.Operasyon sonras\u0131 k\u0131sa bir dinlenme ve ard\u0131ndan g\u00f6z damlalar\u0131yla otele geri d\u00f6nme. G\u00f6zlerim suland\u0131 ve \u0131\u015f\u0131\u011fa kar\u015f\u0131 hassast\u0131. A\u011fr\u0131 kesici al\u0131p saat 19:00 civar\u0131 uyudum. Gece yar\u0131s\u0131 uyand\u0131m, televizyonu a\u00e7t\u0131m ve g\u00f6rme yard\u0131m\u0131 olmadan TV izleyebiliyordum, \u0131\u015f\u0131k hafif parlak olsa da sorun yoktu. Ertesi g\u00fcn saat 11:00\u2019de kontrol muayenesi yap\u0131ld\u0131, doktor her \u015feyin iyi oldu\u011funu s\u00f6yledi. Sonra Mavi Cami ve Kapal\u0131\u00e7ar\u015f\u0131\u2019ya gittik, g\u00fcne\u015f g\u00f6zl\u00fc\u011f\u00fc takmadan rahat\u00e7a dola\u015fabildik. G\u00f6zlerimde sanki bir \u015fey varm\u0131\u015f hissi oldu ama rahats\u0131z edici de\u011fildi. Saat 17:00\u2019de Stomadenta\u2019da di\u015f\u00e7i randevum vard\u0131, Swisslasik taraf\u0131ndan organize edilmi\u015fti. Di\u015f tedavisi iyiydi, klinik \u00e7ok g\u00fczeldi, ba\u015fhekim iyi Almanca konu\u015fuyor. Di\u015f temizli\u011fi ve iki dolgu i\u00e7in yakla\u015f\u0131k 300 CHF \u00f6dedim, iki r\u00f6ntgen dahil. Ger\u00e7ekten tavsiye edilir. Di\u015f klini\u011fine taksi ile gitmek gerekiyor, yakla\u015f\u0131k 45 dakika s\u00fcr\u00fcyor. Ertesi g\u00fcn Frans\u0131z Caddesi\u2019nde k\u0131sa bir al\u0131\u015fveri\u015f turu yapt\u0131k ve saat 13:00\u2019te otelden al\u0131n\u0131p havaalan\u0131na g\u00f6t\u00fcr\u00fcld\u00fck. Takip eden g\u00fcnlerde de herhangi bir rahats\u0131zl\u0131k ya\u015famad\u0131m, iki g\u00fcn sonra gece araba ile \u0130talya\u2019ya gittim, g\u00f6zlerim \u0131\u015f\u0131\u011fa kar\u015f\u0131 rahats\u0131z olmad\u0131, kuruluk da ya\u015famad\u0131m; ama bu ki\u015fiden ki\u015fiye de\u011fi\u015febilir. Kesinlikle tekrar yapard\u0131m, en iyisi yan\u0131n\u0131za birini almak. Al\u0131\u015fveri\u015f iki ki\u015fiyle daha e\u011flenceli ve benim yapt\u0131\u011f\u0131m hatay\u0131 yapmay\u0131n: sadece 3 gece kald\u0131m, bir sonraki sefer en az 4-5 gece kal\u0131nmal\u0131. \u015eehir harika ve oradaysan\u0131z bunu tatille birle\u015ftirin. Otel olduk\u00e7a iyi, sadece dolap biraz k\u00fc\u00e7\u00fck. Sevgiler,Stefan Stolz \u00d6nceki Rapor Sonraki Rapor<\/p>\n","protected":false},"author":4,"featured_media":0,"parent":4430,"menu_order":0,"comment_status":"closed","ping_status":"closed","template":"","meta":{"_joinchat":[],"footnotes":""},"class_list":["post-4478","page","type-page","status-publish","hentry"],"acf":[],"_links":{"self":[{"href":"https:\/\/medicaltravel.at\/tr\/wp-json\/wp\/v2\/pages\/4478","targetHints":{"allow":["GET"]}}],"collection":[{"href":"https:\/\/medicaltravel.at\/tr\/wp-json\/wp\/v2\/pages"}],"about":[{"href":"https:\/\/medicaltravel.at\/tr\/wp-json\/wp\/v2\/types\/page"}],"author":[{"embeddable":true,"href":"https:\/\/medicaltravel.at\/tr\/wp-json\/wp\/v2\/users\/4"}],"replies":[{"embeddable":true,"href":"https:\/\/medicaltravel.at\/tr\/wp-json\/wp\/v2\/comments?post=4478"}],"version-history":[{"count":2,"href":"https:\/\/medicaltravel.at\/tr\/wp-json\/wp\/v2\/pages\/4478\/revisions"}],"predecessor-version":[{"id":5827,"href":"https:\/\/medicaltravel.at\/tr\/wp-json\/wp\/v2\/pages\/4478\/revisions\/5827"}],"up":[{"embeddable":true,"href":"https:\/\/medicaltravel.at\/tr\/wp-json\/wp\/v2\/pages\/4430"}],"wp:attachment":[{"href":"https:\/\/medicaltravel.at\/tr\/wp-json\/wp\/v2\/media?parent=4478"}],"curies":[{"name":"wp","href":"https:\/\/api.w.org\/{rel}","templated":true}]}}