{"id":4476,"date":"2025-09-28T10:52:05","date_gmt":"2025-09-28T09:52:05","guid":{"rendered":"https:\/\/medicaltravel.at\/hasta-hikayeleri\/2009-2010-deneyim-raporlari\/istanbuldaki-goez-ameliyatim-hakkindaki-yorumum-15-mayis-2009-cuma-tarihli-rapor\/"},"modified":"2026-01-13T16:36:47","modified_gmt":"2026-01-13T15:36:47","slug":"istanbuldaki-goez-ameliyatim-hakkindaki-yorumum-15-mayis-2009-cuma-tarihli-rapor","status":"publish","type":"page","link":"https:\/\/medicaltravel.at\/tr\/hasta-hikayeleri\/2009-2010-deneyim-raporlari\/istanbuldaki-goez-ameliyatim-hakkindaki-yorumum-15-mayis-2009-cuma-tarihli-rapor\/","title":{"rendered":"\u0130stanbul\u2019daki G\u00f6z Ameliyat\u0131m Hakk\u0131ndaki Yorumum \u2013 15 May\u0131s 2009 Cuma tarihli rapor"},"content":{"rendered":"\n<h3 class=\"wp-block-heading\">\u0130stanbul\u2019daki G\u00f6z Ameliyat\u0131m Hakk\u0131ndaki Yorumum \u2013 15 May\u0131s 2009 Cuma tarihli rapor<\/h3>\n\n<p>Operasyon \u00fczerinden \u015fimdiden 2 hafta ge\u00e7ti\u2026 \u0130\u015fte seyahat\/operasyon\/\u0130stanbul ile ilgili yorumum:<br\/><br\/>Ben internette vakit ge\u00e7irmeyi ve su kenar\u0131nda olmay\u0131 \u00e7ok severim, bu y\u00fczden g\u00f6zl\u00fck hep rahats\u0131z ediyordu. Bu y\u00fczden uzun zamand\u0131r g\u00f6zlerimi lazerle d\u00fczeltmeyi d\u00fc\u015f\u00fcn\u00fcyordum. Ocak ay\u0131nda bir i\u015f arkada\u015f\u0131m \u0130stanbul\u2019da yapt\u0131raca\u011f\u0131 operasyonu anlatt\u0131. Ba\u015fta \u00e7ok \u015fa\u015f\u0131rd\u0131m; operasyonu \u0130stanbul\u2019da yapacak olmas\u0131 beni \u015foke etti. Ama sonu\u00e7tan ve hizmetten \u00e7ok memnun kald\u0131\u011f\u0131n\u0131 s\u00f6yledi. Ben de internetten sizin web sitenizi defalarca inceledim\u2026 ve sonunda ben de gitmeye karar verdim.<br\/><br\/>Z\u00fcrich\u2019de \u00f6n muayene yapt\u0131rmam\u0131\u015ft\u0131m. Benim i\u00e7in \u00f6nemli olan her \u015feyi tek bir g\u00fcn i\u00e7inde halletmekti, \u00e7\u00fcnk\u00fc doktor randevular\u0131n\u0131 ve uzun beklemeleri hi\u00e7 sevmem. \u0130svi\u00e7re\u2019de en az 3 randevu almam gerekirdi. Herr Karaagacli e-maillerime her zaman h\u0131zl\u0131 ve memnuniyet verici yan\u0131tlar verdi. Ona her \u015feyi sorabildim. T\u00fcm kontroller ve \u00f6demeyi yapt\u0131ktan sonra bana Swisslasik pas\u0131n\u0131 da g\u00f6nderdiler. Pas ger\u00e7ekten harika, ihtiyac\u0131m olan t\u00fcm bilgiler tek bak\u0131\u015fta g\u00f6r\u00fclebiliyordu!<br\/><br\/>U\u00e7u\u015f \u00e7ok iyi ge\u00e7ti ve Hakan Dikmen taraf\u0131ndan kar\u015f\u0131land\u0131k. Trafik \u00e7ok yo\u011fundu, bu y\u00fczden biraz ge\u00e7 kalm\u0131\u015f olabiliriz. \u015eof\u00f6r bizi do\u011frudan EyeSTAR Klinik\u2019e g\u00f6t\u00fcrd\u00fc \u2013 valizlerimizle birlikte. \u0130lk ba\u015fta otelde biraz dinlenmeyi tercih ederdim, do\u011frudan klini\u011fe gitmek yerine. Fred hemen yan\u0131m\u0131zdayd\u0131, valizleri ta\u015f\u0131d\u0131, beni \u00f6n muayeneye ve operasyona g\u00f6t\u00fcrd\u00fc ve \u00e7eviri yapt\u0131.<br\/><br\/>Her \u015fey biraz aceleye geldi. G\u00f6z damlalar\u0131ndan sonra sadece bulan\u0131k g\u00f6rebiliyordum. Bize k\u0131sa s\u00fcreli yemek molas\u0131 verdiler. Ak\u015fam yeme\u011finden sonra operasyon ba\u015flad\u0131. Ben grubumuzda ilk ki\u015fi idim. Masaj koltu\u011funa oturdu\u011fumda \u00e7ok gergindim. Bir anda her \u015fey ba\u015flad\u0131! Tek d\u00fc\u015f\u00fcnd\u00fc\u011f\u00fcm: \u201cJeannette, sadece turuncu \u0131\u015f\u0131\u011fa odaklan, ba\u015fka bir \u015fey d\u00fc\u015f\u00fcnme.\u201d Sonra kafam\u0131 bo\u015faltt\u0131m \u2013 fazla bir \u015fey hat\u0131rlam\u0131yorum. Her \u015fey \u00e7ok h\u0131zl\u0131 ge\u00e7ti. Operasyon rahats\u0131z ediciydi ama a\u011fr\u0131s\u0131zd\u0131.<br\/><br\/>Operasyondan sonra yakla\u015f\u0131k yar\u0131m saat titredim\u2026 Hemen seyahat arkada\u015f\u0131m ile otele gidip yatt\u0131m. Ertesi sabah g\u00f6zlerimi a\u00e7maya cesaret edemedim ama her \u015fey sorunsuz ge\u00e7ti! Harika. Sonra 2 g\u00fcn boyunca \u0130stanbul\u2019u gezdik. Ger\u00e7ekten \u00e7ok g\u00fczel, ilgin\u00e7, canl\u0131 ve temiz bir \u015fehir! Olumlu \u015fekilde etkilendim.<br\/><br\/>Otelin ilk gecesi ise berbatt\u0131. Penceresiz bir oda verdiler ve klima bozuktu. Oda \u00e7ok bunalt\u0131c\u0131 ve s\u0131cakt\u0131.                                           Sonunda oda kap\u0131s\u0131n\u0131 biraz temiz hava almak i\u00e7in a\u00e7\u0131k b\u0131rakmak zorunda kald\u0131k. Arkada\u015f\u0131m gece yar\u0131s\u0131 resepsiyona gidip \u00e7ok sinirli bir \u015fekilde yeni bir oda istedi. Sabah ise ta\u015f\u0131nabildik\u2026 Kahvalt\u0131 salonundan manzara muhte\u015femdi!<br\/><br\/>29 May\u0131s\u2019ta ilk kontrol randevum var. \u015eimdi bilgisayar ba\u015f\u0131nda g\u00fcne\u015f g\u00f6zl\u00fc\u011f\u00fc takarak bu raporu yaz\u0131yorum\u2026 <br\/><br\/>Sevgiler,<br\/>J. Gr\u00fcnenfelder     <\/p>\n\n<figure class=\"wp-block-image size-full\"><img decoding=\"async\" width=\"68\" height=\"90\" src=\"https:\/\/medicaltravel.at\/wp-content\/uploads\/2025\/09\/csm_IMG_0043_85fa6b7140.jpg\" alt=\"\" class=\"wp-image-1287\"\/><\/figure>\n\n<div class=\"wp-block-group is-layout-grid wp-container-core-group-is-layout-baef362d wp-block-group-is-layout-grid\">\n<p><a href=\"https:\/\/medicaltravel.at\/home\/agb\/\" data-type=\"page\" data-id=\"2191\"><\/a><a href=\"https:\/\/medicaltravel.at\/tr\/hasta-hikayeleri\/2009-2010-deneyim-raporlari\/goezlueksuez-bir-yasam-her-zaman-hayalimdi-21-mayis-2009-persembe-tarihli-rapor\/\" data-type=\"link\" data-id=\"https:\/\/medicaltravel.at\/berichte-von-patienten\/erfahrungsberichte-2009-2010\/ein-leben-ohne-brille-war-schon-immer-mein-traum-bericht-vom-donnerstag-21-mai-2009\/\">\u00d6nceki Rapor<\/a><\/p>\n\n\n\n<p class=\"has-text-align-right wp-container-content-5e2576f9\"><a href=\"https:\/\/medicaltravel.at\/home\/impressum\/\" data-type=\"page\" data-id=\"2193\"><\/a><a href=\"https:\/\/medicaltravel.at\/home\/berichte-von-patienten\/erfahrungsberichte\/erfahrungsbericht-zahnbehandlung-in-istanbul\/\" data-type=\"page\" data-id=\"981\"><\/a><a href=\"https:\/\/medicaltravel.at\/tr\/hasta-hikayeleri\/2009-2010-deneyim-raporlari\/istanbulda-lasik-deneyim-raporum-13-mayis-2009-carsamba-tarihli-rapor\/\" data-type=\"link\" data-id=\"https:\/\/medicaltravel.at\/berichte-von-patienten\/erfahrungsberichte-2009-2010\/lasik-in-istanbul-mein-erfahrungsbericht-bericht-vom-mittwoch-13-mai-2009\/\">Sonraki Rapor<\/a><\/p>\n<\/div>\n","protected":false},"excerpt":{"rendered":"<p>\u0130stanbul\u2019daki G\u00f6z Ameliyat\u0131m Hakk\u0131ndaki Yorumum \u2013 15 May\u0131s 2009 Cuma tarihli rapor Operasyon \u00fczerinden \u015fimdiden 2 hafta ge\u00e7ti\u2026 \u0130\u015fte seyahat\/operasyon\/\u0130stanbul ile ilgili yorumum: Ben internette vakit ge\u00e7irmeyi ve su kenar\u0131nda olmay\u0131 \u00e7ok severim, bu y\u00fczden g\u00f6zl\u00fck hep rahats\u0131z ediyordu. Bu y\u00fczden uzun zamand\u0131r g\u00f6zlerimi lazerle d\u00fczeltmeyi d\u00fc\u015f\u00fcn\u00fcyordum. Ocak ay\u0131nda bir i\u015f arkada\u015f\u0131m \u0130stanbul\u2019da yapt\u0131raca\u011f\u0131 operasyonu anlatt\u0131. Ba\u015fta \u00e7ok \u015fa\u015f\u0131rd\u0131m; operasyonu \u0130stanbul\u2019da yapacak olmas\u0131 beni \u015foke etti. Ama sonu\u00e7tan ve hizmetten \u00e7ok memnun kald\u0131\u011f\u0131n\u0131 s\u00f6yledi. Ben de internetten sizin web sitenizi defalarca inceledim\u2026 ve sonunda ben de gitmeye karar verdim. Z\u00fcrich\u2019de \u00f6n muayene yapt\u0131rmam\u0131\u015ft\u0131m. Benim i\u00e7in \u00f6nemli olan her \u015feyi tek bir g\u00fcn i\u00e7inde halletmekti, \u00e7\u00fcnk\u00fc doktor randevular\u0131n\u0131 ve uzun beklemeleri hi\u00e7 sevmem. \u0130svi\u00e7re\u2019de en az 3 randevu almam gerekirdi. Herr Karaagacli e-maillerime her zaman h\u0131zl\u0131 ve memnuniyet verici yan\u0131tlar verdi. Ona her \u015feyi sorabildim. T\u00fcm kontroller ve \u00f6demeyi yapt\u0131ktan sonra bana Swisslasik pas\u0131n\u0131 da g\u00f6nderdiler. Pas ger\u00e7ekten harika, ihtiyac\u0131m olan t\u00fcm bilgiler tek bak\u0131\u015fta g\u00f6r\u00fclebiliyordu! U\u00e7u\u015f \u00e7ok iyi ge\u00e7ti ve Hakan Dikmen taraf\u0131ndan kar\u015f\u0131land\u0131k. Trafik \u00e7ok yo\u011fundu, bu y\u00fczden biraz ge\u00e7 kalm\u0131\u015f olabiliriz. \u015eof\u00f6r bizi do\u011frudan EyeSTAR Klinik\u2019e g\u00f6t\u00fcrd\u00fc \u2013 valizlerimizle birlikte. \u0130lk ba\u015fta otelde biraz dinlenmeyi tercih ederdim, do\u011frudan klini\u011fe gitmek yerine. Fred hemen yan\u0131m\u0131zdayd\u0131, valizleri ta\u015f\u0131d\u0131, beni \u00f6n muayeneye ve operasyona g\u00f6t\u00fcrd\u00fc ve \u00e7eviri yapt\u0131. Her \u015fey biraz aceleye geldi. G\u00f6z damlalar\u0131ndan sonra sadece bulan\u0131k g\u00f6rebiliyordum. Bize k\u0131sa s\u00fcreli yemek molas\u0131 verdiler. Ak\u015fam yeme\u011finden sonra operasyon ba\u015flad\u0131. Ben grubumuzda ilk ki\u015fi idim. Masaj koltu\u011funa oturdu\u011fumda \u00e7ok gergindim. Bir anda her \u015fey ba\u015flad\u0131! Tek d\u00fc\u015f\u00fcnd\u00fc\u011f\u00fcm: \u201cJeannette, sadece turuncu \u0131\u015f\u0131\u011fa odaklan, ba\u015fka bir \u015fey d\u00fc\u015f\u00fcnme.\u201d Sonra kafam\u0131 bo\u015faltt\u0131m \u2013 fazla bir \u015fey hat\u0131rlam\u0131yorum. Her \u015fey \u00e7ok h\u0131zl\u0131 ge\u00e7ti. Operasyon rahats\u0131z ediciydi ama a\u011fr\u0131s\u0131zd\u0131. Operasyondan sonra yakla\u015f\u0131k yar\u0131m saat titredim\u2026 Hemen seyahat arkada\u015f\u0131m ile otele gidip yatt\u0131m. Ertesi sabah g\u00f6zlerimi a\u00e7maya cesaret edemedim ama her \u015fey sorunsuz ge\u00e7ti! Harika. Sonra 2 g\u00fcn boyunca \u0130stanbul\u2019u gezdik. Ger\u00e7ekten \u00e7ok g\u00fczel, ilgin\u00e7, canl\u0131 ve temiz bir \u015fehir! Olumlu \u015fekilde etkilendim. Otelin ilk gecesi ise berbatt\u0131. Penceresiz bir oda verdiler ve klima bozuktu. Oda \u00e7ok bunalt\u0131c\u0131 ve s\u0131cakt\u0131. Sonunda oda kap\u0131s\u0131n\u0131 biraz temiz hava almak i\u00e7in a\u00e7\u0131k b\u0131rakmak zorunda kald\u0131k. Arkada\u015f\u0131m gece yar\u0131s\u0131 resepsiyona gidip \u00e7ok sinirli bir \u015fekilde yeni bir oda istedi. Sabah ise ta\u015f\u0131nabildik\u2026 Kahvalt\u0131 salonundan manzara muhte\u015femdi! 29 May\u0131s\u2019ta ilk kontrol randevum var. \u015eimdi bilgisayar ba\u015f\u0131nda g\u00fcne\u015f g\u00f6zl\u00fc\u011f\u00fc takarak bu raporu yaz\u0131yorum\u2026 Sevgiler,J. Gr\u00fcnenfelder \u00d6nceki Rapor Sonraki Rapor<\/p>\n","protected":false},"author":4,"featured_media":0,"parent":4430,"menu_order":0,"comment_status":"closed","ping_status":"closed","template":"","meta":{"_joinchat":[],"footnotes":""},"class_list":["post-4476","page","type-page","status-publish","hentry"],"acf":[],"_links":{"self":[{"href":"https:\/\/medicaltravel.at\/tr\/wp-json\/wp\/v2\/pages\/4476","targetHints":{"allow":["GET"]}}],"collection":[{"href":"https:\/\/medicaltravel.at\/tr\/wp-json\/wp\/v2\/pages"}],"about":[{"href":"https:\/\/medicaltravel.at\/tr\/wp-json\/wp\/v2\/types\/page"}],"author":[{"embeddable":true,"href":"https:\/\/medicaltravel.at\/tr\/wp-json\/wp\/v2\/users\/4"}],"replies":[{"embeddable":true,"href":"https:\/\/medicaltravel.at\/tr\/wp-json\/wp\/v2\/comments?post=4476"}],"version-history":[{"count":1,"href":"https:\/\/medicaltravel.at\/tr\/wp-json\/wp\/v2\/pages\/4476\/revisions"}],"predecessor-version":[{"id":4477,"href":"https:\/\/medicaltravel.at\/tr\/wp-json\/wp\/v2\/pages\/4476\/revisions\/4477"}],"up":[{"embeddable":true,"href":"https:\/\/medicaltravel.at\/tr\/wp-json\/wp\/v2\/pages\/4430"}],"wp:attachment":[{"href":"https:\/\/medicaltravel.at\/tr\/wp-json\/wp\/v2\/media?parent=4476"}],"curies":[{"name":"wp","href":"https:\/\/api.w.org\/{rel}","templated":true}]}}