{"id":4473,"date":"2025-09-28T10:43:24","date_gmt":"2025-09-28T09:43:24","guid":{"rendered":"https:\/\/medicaltravel.at\/hasta-hikayeleri\/2009-2010-deneyim-raporlari\/istanbuldaki-klinikteki-goez-lasik-ameliyati-deneyim-raporum-2-haziran-2010-carsamba-tarihli-rapor\/"},"modified":"2026-01-13T16:25:39","modified_gmt":"2026-01-13T15:25:39","slug":"istanbuldaki-klinikteki-goez-lasik-ameliyati-deneyim-raporum-2-haziran-2010-carsamba-tarihli-rapor","status":"publish","type":"page","link":"https:\/\/medicaltravel.at\/tr\/hasta-hikayeleri\/2009-2010-deneyim-raporlari\/istanbuldaki-klinikteki-goez-lasik-ameliyati-deneyim-raporum-2-haziran-2010-carsamba-tarihli-rapor\/","title":{"rendered":"\u0130stanbul\u2019daki Klinik\u2019teki G\u00f6z LASIK Ameliyat\u0131 Deneyim Raporum \u2013 2 Haziran 2010 \u00c7ar\u015famba tarihli rapor"},"content":{"rendered":"\n<h3 class=\"wp-block-heading\">\u0130stanbul\u2019daki Klinik\u2019teki G\u00f6z LASIK Ameliyat\u0131 Deneyim Raporum \u2013 2 Haziran 2010 \u00c7ar\u015famba tarihli rapor<\/h3>\n\n\n\n<p>Bay Roger Gubler\u2019in \u0130stanbul\u2019daki g\u00f6z LASIK operasyonuyla ilgili deneyim raporunu PDF olarak buradan okuyabilirsiniz. L\u00fctfen \u00fczerine t\u0131klay\u0131n. <\/p>\n\n\n\n<div class=\"wp-block-group is-layout-grid wp-container-core-group-is-layout-baef362d wp-block-group-is-layout-grid\">\n<p><a href=\"https:\/\/medicaltravel.at\/home\/agb\/\" data-type=\"page\" data-id=\"2191\"><\/a><a href=\"https:\/\/medicaltravel.at\/tr\/hasta-hikayeleri\/2009-2010-deneyim-raporlari\/goez-lazer-ameliyatim-hakkinda-rapor-7-temmuz-2010-carsamba-tarihli-rapor\/\" data-type=\"link\" data-id=\"https:\/\/medicaltravel.at\/berichte-von-patienten\/erfahrungsberichte-2009-2010\/mein-bericht-uber-augenlaser-op-bericht-vom-mittwoch-07-juli-2010\/\">\u00d6nceki Rapor<\/a><\/p>\n\n\n\n<p class=\"has-text-align-right wp-container-content-5e2576f9\"><a href=\"https:\/\/medicaltravel.at\/home\/impressum\/\" data-type=\"page\" data-id=\"2193\"><\/a><a href=\"https:\/\/medicaltravel.at\/home\/berichte-von-patienten\/erfahrungsberichte\/erfahrungsbericht-zahnbehandlung-in-istanbul\/\" data-type=\"page\" data-id=\"981\"><\/a><a href=\"https:\/\/medicaltravel.at\/tr\/hasta-hikayeleri\/2009-2010-deneyim-raporlari\/istanbuldaki-goez-lazer-ameliyatim-6-subat-2010-cumartesi-tarihli-rapor\/\" data-type=\"link\" data-id=\"https:\/\/medicaltravel.at\/tr\/hasta-hikayeleri\/2009-2010-deneyim-raporlari\/istanbuldaki-goez-lazer-ameliyatim-6-subat-2010-cumartesi-tarihli-rapor\/\">Sonraki Rapor<\/a><\/p>\n<\/div>\n","protected":false},"excerpt":{"rendered":"<p>\u0130stanbul\u2019daki Klinik\u2019teki G\u00f6z LASIK Ameliyat\u0131 Deneyim Raporum \u2013 2 Haziran 2010 \u00c7ar\u015famba tarihli rapor Bay Roger Gubler\u2019in \u0130stanbul\u2019daki g\u00f6z LASIK operasyonuyla ilgili deneyim raporunu PDF olarak buradan okuyabilirsiniz. L\u00fctfen \u00fczerine t\u0131klay\u0131n. \u00d6nceki Rapor Sonraki Rapor<\/p>\n","protected":false},"author":4,"featured_media":0,"parent":4430,"menu_order":0,"comment_status":"closed","ping_status":"closed","template":"","meta":{"_joinchat":[],"footnotes":""},"class_list":["post-4473","page","type-page","status-publish","hentry"],"acf":[],"_links":{"self":[{"href":"https:\/\/medicaltravel.at\/tr\/wp-json\/wp\/v2\/pages\/4473","targetHints":{"allow":["GET"]}}],"collection":[{"href":"https:\/\/medicaltravel.at\/tr\/wp-json\/wp\/v2\/pages"}],"about":[{"href":"https:\/\/medicaltravel.at\/tr\/wp-json\/wp\/v2\/types\/page"}],"author":[{"embeddable":true,"href":"https:\/\/medicaltravel.at\/tr\/wp-json\/wp\/v2\/users\/4"}],"replies":[{"embeddable":true,"href":"https:\/\/medicaltravel.at\/tr\/wp-json\/wp\/v2\/comments?post=4473"}],"version-history":[{"count":2,"href":"https:\/\/medicaltravel.at\/tr\/wp-json\/wp\/v2\/pages\/4473\/revisions"}],"predecessor-version":[{"id":5825,"href":"https:\/\/medicaltravel.at\/tr\/wp-json\/wp\/v2\/pages\/4473\/revisions\/5825"}],"up":[{"embeddable":true,"href":"https:\/\/medicaltravel.at\/tr\/wp-json\/wp\/v2\/pages\/4430"}],"wp:attachment":[{"href":"https:\/\/medicaltravel.at\/tr\/wp-json\/wp\/v2\/media?parent=4473"}],"curies":[{"name":"wp","href":"https:\/\/api.w.org\/{rel}","templated":true}]}}