{"id":4469,"date":"2025-09-28T10:42:56","date_gmt":"2025-09-28T09:42:56","guid":{"rendered":"https:\/\/medicaltravel.at\/hasta-hikayeleri\/2009-2010-deneyim-raporlari\/goez-lazer-ameliyatim-hakkinda-rapor-7-temmuz-2010-carsamba-tarihli-rapor\/"},"modified":"2026-01-13T16:25:08","modified_gmt":"2026-01-13T15:25:08","slug":"goez-lazer-ameliyatim-hakkinda-rapor-7-temmuz-2010-carsamba-tarihli-rapor","status":"publish","type":"page","link":"https:\/\/medicaltravel.at\/tr\/hasta-hikayeleri\/2009-2010-deneyim-raporlari\/goez-lazer-ameliyatim-hakkinda-rapor-7-temmuz-2010-carsamba-tarihli-rapor\/","title":{"rendered":"G\u00f6z Lazer Ameliyat\u0131m Hakk\u0131nda Rapor \u2013 7 Temmuz 2010 \u00c7ar\u015famba tarihli rapor"},"content":{"rendered":"\n<h3 class=\"wp-block-heading\">G\u00f6z Lazer Ameliyat\u0131m Hakk\u0131nda Rapor \u2013 7 Temmuz 2010 \u00c7ar\u015famba tarihli rapor<\/h3>\n\n\n\n<p>G\u00f6zlerimi lazerle d\u00fczelttirme fikri yakla\u015f\u0131k 7 y\u0131ld\u0131r hayalimdi. \u00d6ncelikle hep param yetmedi, ikincisi de \u00e7ok sayg\u0131 ve korkum vard\u0131. Bir\u00e7ok g\u00f6z doktoruna fikrini sordum ama hepsi ameliyat\u0131 yapmamam\u0131 tavsiye etti. Tabii, ameliyattan sonra benden para kazanamayacaklar\u0131 i\u00e7in. \ud83d\ude0a<br><br>2009 y\u0131l\u0131nda bu konu hakk\u0131nda giderek daha fazla d\u00fc\u015f\u00fcnd\u00fcm. Nisan 2010\u2019da Polonya (Katowice)\u2019da ameliyat olmaya karar verdim. Alt\u0131 ay \u00f6nce \u0130svi\u00e7re\u2019de bir optik\u00e7ide yeni bir g\u00f6zl\u00fck yapt\u0131rd\u0131m, b\u00f6ylece iyi haz\u0131rlanm\u0131\u015f olacakt\u0131m. Ameliyattan iki ay \u00f6nce, klinik telefonla tavsiye etti\u011fi gibi, kontakt lens yerine s\u00fcrekli g\u00f6zl\u00fc\u011f\u00fcm\u00fc takt\u0131m.<br><br>Ve nihayet g\u00fcn geldi. Polonya\u2019daki klini\u011fe gittim, doktorlar g\u00f6zl\u00fc\u011f\u00fcm\u00fcn \u00e7ok g\u00fc\u00e7l\u00fc oldu\u011funu tespit etti ve ameliyat\u0131 yapamayacaklar\u0131n\u0131 s\u00f6ylediler. Fazla d\u00fczeltmeyi azaltmak i\u00e7in 1\u20132 ay boyunca \u00f6zel g\u00f6z damlalar\u0131 kullanmam gerekiyordu. \u00c7ok hayal k\u0131r\u0131kl\u0131\u011f\u0131na u\u011frad\u0131m ve optik\u00e7iye sinirlendim, \u00e7\u00fcnk\u00fc g\u00f6zlerimi yanl\u0131\u015f \u00f6l\u00e7m\u00fc\u015ft\u00fc. \u0130svi\u00e7re\u2019ye geri d\u00f6nd\u00fcm ve derhal ba\u015fka bir g\u00f6z doktoruna muayene olmak istedim, b\u00f6ylece Polonya\u2019daki te\u015fhisi onaylatabilirdim.<br>Berner Oberland\u2019daki 15\u2019ten fazla g\u00f6z doktorunu arad\u0131m. En erken randevu 5\u20136 ay sonra verilebiliyordu, daha erken bulamad\u0131m. Umutsuzdum ve ba\u015fka bir \u00e7\u00f6z\u00fcm aramaya ba\u015flad\u0131m. \u0130nternette ara\u015ft\u0131r\u0131rken Swisslasik ile kar\u015f\u0131la\u015ft\u0131m. T\u00fcm hasta yorumlar\u0131n\u0131 okudum. Swisslasik sitesinde ayr\u0131ca \u0130svi\u00e7re\u2019deki g\u00f6z doktorlar\u0131yla i\u015f birli\u011fi yapt\u0131klar\u0131n\u0131 da g\u00f6rd\u00fcm.<br><br>Bunun \u00fczerine Herr Karaagacli ile telefonla g\u00f6r\u00fc\u015ft\u00fcm. Dan\u0131\u015fmanl\u0131k her zaman \u00e7ok detayl\u0131yd\u0131 ve kendisi \u00e7ok nazikti. Herr Karaagacli bana Z\u00fcrich\u2019te bir g\u00f6z doktorunda \u00f6n muayene randevusu ayarlad\u0131. Z\u00fcrich\u2019teki doktor Polonya\u2019daki te\u015fhisi do\u011frulad\u0131: G\u00f6zl\u00fck \u00e7ok g\u00fc\u00e7l\u00fcyd\u00fc ve g\u00f6zlerimi fazlas\u0131yla yormu\u015ftu. Doktor 1\u20132 ay beklememi ve g\u00fcnde \u00fc\u00e7 kez g\u00f6z damlas\u0131 kullanmam\u0131 \u00f6nerdi, b\u00f6ylece g\u00f6rme de\u011ferlerim normale d\u00f6necekti. \u015eu an i\u00e7in ameliyat \u00f6nermedi. T\u00fcm muayene sonu\u00e7lar\u0131 EyeStar Klinik\u2019e \u0130stanbul\u2019a g\u00f6nderildi.<br><br>Yakla\u015f\u0131k bir hafta sonra Herr Karaagacli\u2019den bir e-posta ald\u0131m: Ameliyat yap\u0131labilece\u011fi, herhangi bir engel olmad\u0131\u011f\u0131 yaz\u0131yordu. Fazla d\u00fczeltme ameliyattan hemen \u00f6nce farkl\u0131 g\u00f6z damlalar\u0131yla ayarlanabilirdi. \u00c7ok karars\u0131zd\u0131m ve ne yapaca\u011f\u0131m\u0131 bilmiyordum. Ama ger\u00e7ek \u015fuydu ki, g\u00f6zl\u00fcks\u00fcz \u00e7ok k\u00f6t\u00fc ya da neredeyse hi\u00e7 g\u00f6remiyordum. \u00c7ok zor ve yorucuydu. Kontakt lens kulland\u0131\u011f\u0131mda da g\u00f6zlerim \u00e7ok yorgun ve s\u0131k s\u0131k \u00e7ok kuru oluyordu.<br><br>G\u00f6z de\u011ferlerimi de yazay\u0131m, baz\u0131 okuyucular i\u00e7in ilgin\u00e7 olabilir:<br>Sa\u011f: -6 \/ -2,25 \/ 170\u00b0<br>Sol: -6 \/ -2,50 \/ 10\u00b0<br><br>\u00d6zellikle beni \u015fa\u015f\u0131rtan \u015fey, Z\u00fcrich\u2019teki doktorun \u015fu anda ameliyat\u0131 \u00f6nermemesi ama \u0130stanbul\u2019daki doktorlar\u0131n herhangi bir engel g\u00f6rmemesiydi.                                   Herr Karaagacli bana klinikteki doktorlar\u0131n \u00e7ok deneyimli oldu\u011funu ve Z\u00fcrich\u2019teki doktordan \u00e7ok daha fazla pratik tecr\u00fcbeye sahip olduklar\u0131n\u0131 s\u00f6yledi. Beni sakinle\u015ftirdi ve tekrar T\u00fcrkiye\u2019deki doktorlara sordu. Tekrar her \u015feyin uygun oldu\u011fu yan\u0131t\u0131n\u0131 ald\u0131m.<br><br>Her \u015fey \u00e7ok h\u0131zl\u0131 ilerledi. 7 May\u0131s 2010\u2019da Z\u00fcrich\u2019te muayene oldum ve 14 Haziran 2010\u2019da \u0130stanbul\u2019a u\u00e7aktayd\u0131m. Herr Karaagacli her \u015feyi organize etti: u\u00e7ak, kar\u015f\u0131lama vb. Hi\u00e7bir \u015feyle ilgilenmem gerekmedi. Bu \u00e7ok yard\u0131mc\u0131 oldu; biraz daha fazla \u00f6demek daha iyiydi \u00e7\u00fcnk\u00fc her \u015fey kusursuz \u015fekilde organize edilmi\u015fti. Arkada\u015f\u0131m e\u015flik eden ki\u015fi olarak, \u00e7ok uygun bir fiyatla geldi.<br><br>Klinikte ayr\u0131ca \u00e7ok b\u00fcy\u00fck g\u00f6z bebeklerim oldu\u011fu tespit edildi ve yaln\u0131zca Femto Lasik ameliyat\u0131 yap\u0131labilece\u011fi s\u00f6ylendi. \u00d6nce ba\u015fka bir klinikte korneam\u0131n astigmatizmas\u0131 d\u00fczeltildi, ard\u0131ndan Eyestar Klinik\u2019e d\u00f6nerek lazer d\u00fczeltmesi yap\u0131ld\u0131.<br><br>\u0130lk i\u015flem \u00e7ok rahats\u0131z ediciydi ve olduk\u00e7a yorucuydu. Sonras\u0131nda neredeyse hi\u00e7 g\u00f6remiyordum. Ard\u0131ndan yakla\u015f\u0131k 200 metre y\u00fcr\u00fcyerek arkada\u015f\u0131m ve bir yetkili e\u015fli\u011finde Eyestar Klinik\u2019e geri d\u00f6nd\u00fck. Lazer ameliyat\u0131 hemen ba\u015flad\u0131: \u00f6nce sa\u011f g\u00f6z, sonra sol g\u00f6z. Femto sonras\u0131 ye\u015fil \u0131\u015f\u0131\u011fa bakmam gerekiyordu; bu olduk\u00e7a yorucu ve olduk\u00e7a a\u011fr\u0131l\u0131yd\u0131. I\u015f\u0131k giderek daha bulan\u0131k hale geldi ve g\u00f6zlerimi sabit tutamad\u0131m.<br><br>Birka\u00e7 dakika sonra (bana sonsuz gibi geldi) doktor sa\u011f g\u00f6z\u00fc lazerledi. Ard\u0131ndan sol g\u00f6z ba\u015flad\u0131. Birka\u00e7 dakika sonra doktorlar beni bir odaya g\u00f6t\u00fcrd\u00fc ve bir yata\u011fa yat\u0131rd\u0131. Lazerin bozuldu\u011funu duydum. \u00c7ok uzun s\u00fcre inan\u0131lmaz a\u011fr\u0131larla yaln\u0131z bekledim. Yakla\u015f\u0131k 1 saat sonra arkada\u015f\u0131m bana getirildi; o ba\u015fka bir odada beklemi\u015fti. Doktorlar ona lazerin bozuldu\u011funu ve bir teknisyenin yolda oldu\u011funu s\u00f6ylediler. A\u011fr\u0131lar neredeyse dayan\u0131lmazd\u0131. Oda karanl\u0131k olmas\u0131na ra\u011fmen do\u011frudan parlak bir \u0131\u015f\u0131\u011fa bak\u0131yormu\u015f gibi hissettim ve g\u00f6zlerimi kapal\u0131 tuttum. Doktorlar lazerin hi\u00e7 bozulmad\u0131\u011f\u0131n\u0131 s\u00f6yledi.<br><br>Yakla\u015f\u0131k 2 saat boyunca sol g\u00f6z\u00fcmd\u00fc a\u00e7\u0131lm\u0131\u015f \u015fekilde bekledim, ta ki teknisyen gelip lazeri tamir edene kadar. Ard\u0131ndan i\u015flem devam etti. Beklerken \u00e7ok \u00e7aresiz hissediyordum ve asla bitmeyecek gibi geliyordu. (Kesintinin nedeni bir yaz\u0131l\u0131m problemiydi; doktorlar bunu gelecekte kendileri h\u0131zl\u0131ca \u00e7\u00f6zebilecekler.)<br><br>B\u00fct\u00fcn ameliyat 14:00\u201319:30 aras\u0131nda s\u00fcrd\u00fc. Arkada\u015f\u0131m beni otele g\u00f6t\u00fcrd\u00fc, g\u00f6zlerimi a\u00e7amad\u0131m. A\u011fr\u0131 kesici ve uyku ilac\u0131 ald\u0131m. Nihayet 2\u20133 saat uyuyabildim ve a\u011fr\u0131lar\u0131 unuttum. Uyand\u0131\u011f\u0131mda ise a\u011fr\u0131lar h\u00e2l\u00e2 \u015fiddetliydi.                                     Arkada\u015f\u0131m g\u00f6zlerime damla damlatt\u0131 ve bana bir a\u011fr\u0131 kesici daha verdi. B\u00f6ylece b\u00fct\u00fcn gece uyudum. Sabah saat 6:00\u2019da uyand\u0131m. D\u0131\u015far\u0131s\u0131 \u00e7ok ayd\u0131nl\u0131kt\u0131 ama olduk\u00e7a iyi g\u00f6rebiliyordum. A\u011fr\u0131lar gitmi\u015fti. \u00c7ok sevindim ve her \u015feyin bitmi\u015f olmas\u0131na rahatlad\u0131m.<br><br>Sabah \u00f6\u011fleden \u00f6nce kontrollere gitmek i\u00e7in klini\u011fe gittim. Doktorlar sonu\u00e7tan memnundu. Her \u015fey \u00e7ok iyi ge\u00e7mi\u015fti. Astigmatizm h\u00e2l\u00e2 olduk\u00e7a y\u00fcksekti, ama doktor g\u00f6zlerde h\u00e2l\u00e2 su oldu\u011funu ve bunun zamanla ge\u00e7ece\u011fini s\u00f6yledi. Ayr\u0131ca bana yakla\u015f\u0131k 0,5 ila -1 diyoptri kalabilece\u011fini \u00f6nceden de bildirmi\u015flerdi.<br><br>\u015eimdi neredeyse bir ay ge\u00e7ti. \u0130lk hafta h\u00e2l\u00e2 a\u011fr\u0131lar\u0131m vard\u0131, \u00f6zellikle sol g\u00f6z\u00fcmde. \u015eu anda g\u00f6rme yetim neredeyse eski g\u00f6zl\u00fckle g\u00f6rd\u00fc\u011f\u00fcm kadar iyi, yani olduk\u00e7a iyi. (Doktora g\u00f6re tam g\u00f6rme yetisi 6 ay sonra sa\u011flan\u0131yor.) Baz\u0131 g\u00fcnler daha iyi, baz\u0131 g\u00fcnler biraz daha k\u00f6t\u00fc g\u00f6rebiliyorum (\u00e7ok az fark), ama bu bu ameliyat sonras\u0131 tamamen normal. \u015eimdiye kadar \u0131\u015f\u0131k kama\u015fmas\u0131 veya g\u00f6z kurulu\u011fu ya\u015famad\u0131m.<br><br>A\u011fustos ay\u0131nda bir g\u00f6z doktoruna gidece\u011fim ve kalan g\u00f6rme kusurunu \u00f6\u011frenece\u011fim. A\u011fr\u0131 ve komplikasyonlara ra\u011fmen bu ameliyat\u0131 kesinlikle tavsiye ediyorum. Femto Lasik ameliyat\u0131 doktorlara g\u00f6re nadiren ve isteksiz yap\u0131l\u0131yor. Normal Lasik ameliyat\u0131 ise a\u011fr\u0131s\u0131z ve \u00e7ok k\u0131sa s\u00fcr\u00fcyor.<br><br>Klinikte benim bir g\u00fcn \u00f6nce Lasik ameliyat\u0131 olmu\u015f iki \u0130svi\u00e7reli kad\u0131nla tan\u0131\u015ft\u0131m. \u00c7ok memnunlard\u0131, ameliyat birka\u00e7 dakika s\u00fcrd\u00fc ve a\u011fr\u0131s\u0131zd\u0131. Birini yan\u0131n\u0131zda g\u00f6t\u00fcrmenizi kesinlikle tavsiye ederim. Tan\u0131d\u0131\u011f\u0131n\u0131z birinin yan\u0131n\u0131zda olmas\u0131 \u00e7ok yard\u0131mc\u0131 oluyor.<br><br>\u2014 Ewa Debosz                           <\/p>\n\n\n\n<div class=\"wp-block-group is-layout-grid wp-container-core-group-is-layout-baef362d wp-block-group-is-layout-grid\">\n<p><a href=\"https:\/\/medicaltravel.at\/home\/agb\/\" data-type=\"page\" data-id=\"2191\"><\/a><a href=\"https:\/\/medicaltravel.at\/tr\/hasta-hikayeleri\/2009-2010-deneyim-raporlari\/nihayet-goerme-engeli-olmadan-yasama-hayalini-gerceklestirdim-ameliyat-17-06-2010-25-temmuz-2010-pazar-tarihli-rapor\/\" data-type=\"link\" data-id=\"https:\/\/medicaltravel.at\/berichte-von-patienten\/erfahrungsberichte-2009-2010\/endlich-den-traum-vom-leben-ohne-sehbehinderung-erfullt-op-17-06-2010-bericht-vom-sonntag-25-juli-2010\/\">\u00d6nceki Rapor<\/a><\/p>\n\n\n\n<p class=\"has-text-align-right wp-container-content-5e2576f9\"><a href=\"https:\/\/medicaltravel.at\/home\/impressum\/\" data-type=\"page\" data-id=\"2193\"><\/a><a href=\"https:\/\/medicaltravel.at\/home\/berichte-von-patienten\/erfahrungsberichte\/erfahrungsbericht-zahnbehandlung-in-istanbul\/\" data-type=\"page\" data-id=\"981\"><\/a><a href=\"https:\/\/medicaltravel.at\/tr\/hasta-hikayeleri\/2009-2010-deneyim-raporlari\/istanbuldaki-klinikteki-goez-lasik-ameliyati-deneyim-raporum-2-haziran-2010-carsamba-tarihli-rapor\/\" data-type=\"link\" data-id=\"https:\/\/medicaltravel.at\/tr\/hasta-hikayeleri\/2009-2010-deneyim-raporlari\/istanbuldaki-klinikteki-goez-lasik-ameliyati-deneyim-raporum-2-haziran-2010-carsamba-tarihli-rapor\/\">Sonraki Rapor<\/a><\/p>\n<\/div>\n","protected":false},"excerpt":{"rendered":"<p>G\u00f6z Lazer Ameliyat\u0131m Hakk\u0131nda Rapor \u2013 7 Temmuz 2010 \u00c7ar\u015famba tarihli rapor G\u00f6zlerimi lazerle d\u00fczelttirme fikri yakla\u015f\u0131k 7 y\u0131ld\u0131r hayalimdi. \u00d6ncelikle hep param yetmedi, ikincisi de \u00e7ok sayg\u0131 ve korkum vard\u0131. Bir\u00e7ok g\u00f6z doktoruna fikrini sordum ama hepsi ameliyat\u0131 yapmamam\u0131 tavsiye etti. Tabii, ameliyattan sonra benden para kazanamayacaklar\u0131 i\u00e7in. \ud83d\ude0a 2009 y\u0131l\u0131nda bu konu hakk\u0131nda giderek daha fazla d\u00fc\u015f\u00fcnd\u00fcm. Nisan 2010\u2019da Polonya (Katowice)\u2019da ameliyat olmaya karar verdim. Alt\u0131 ay \u00f6nce \u0130svi\u00e7re\u2019de bir optik\u00e7ide yeni bir g\u00f6zl\u00fck yapt\u0131rd\u0131m, b\u00f6ylece iyi haz\u0131rlanm\u0131\u015f olacakt\u0131m. Ameliyattan iki ay \u00f6nce, klinik telefonla tavsiye etti\u011fi gibi, kontakt lens yerine s\u00fcrekli g\u00f6zl\u00fc\u011f\u00fcm\u00fc takt\u0131m. Ve nihayet g\u00fcn geldi. Polonya\u2019daki klini\u011fe gittim, doktorlar g\u00f6zl\u00fc\u011f\u00fcm\u00fcn \u00e7ok g\u00fc\u00e7l\u00fc oldu\u011funu tespit etti ve ameliyat\u0131 yapamayacaklar\u0131n\u0131 s\u00f6ylediler. Fazla d\u00fczeltmeyi azaltmak i\u00e7in 1\u20132 ay boyunca \u00f6zel g\u00f6z damlalar\u0131 kullanmam gerekiyordu. \u00c7ok hayal k\u0131r\u0131kl\u0131\u011f\u0131na u\u011frad\u0131m ve optik\u00e7iye sinirlendim, \u00e7\u00fcnk\u00fc g\u00f6zlerimi yanl\u0131\u015f \u00f6l\u00e7m\u00fc\u015ft\u00fc. \u0130svi\u00e7re\u2019ye geri d\u00f6nd\u00fcm ve derhal ba\u015fka bir g\u00f6z doktoruna muayene olmak istedim, b\u00f6ylece Polonya\u2019daki te\u015fhisi onaylatabilirdim.Berner Oberland\u2019daki 15\u2019ten fazla g\u00f6z doktorunu arad\u0131m. En erken randevu 5\u20136 ay sonra verilebiliyordu, daha erken bulamad\u0131m. Umutsuzdum ve ba\u015fka bir \u00e7\u00f6z\u00fcm aramaya ba\u015flad\u0131m. \u0130nternette ara\u015ft\u0131r\u0131rken Swisslasik ile kar\u015f\u0131la\u015ft\u0131m. T\u00fcm hasta yorumlar\u0131n\u0131 okudum. Swisslasik sitesinde ayr\u0131ca \u0130svi\u00e7re\u2019deki g\u00f6z doktorlar\u0131yla i\u015f birli\u011fi yapt\u0131klar\u0131n\u0131 da g\u00f6rd\u00fcm. Bunun \u00fczerine Herr Karaagacli ile telefonla g\u00f6r\u00fc\u015ft\u00fcm. Dan\u0131\u015fmanl\u0131k her zaman \u00e7ok detayl\u0131yd\u0131 ve kendisi \u00e7ok nazikti. Herr Karaagacli bana Z\u00fcrich\u2019te bir g\u00f6z doktorunda \u00f6n muayene randevusu ayarlad\u0131. Z\u00fcrich\u2019teki doktor Polonya\u2019daki te\u015fhisi do\u011frulad\u0131: G\u00f6zl\u00fck \u00e7ok g\u00fc\u00e7l\u00fcyd\u00fc ve g\u00f6zlerimi fazlas\u0131yla yormu\u015ftu. Doktor 1\u20132 ay beklememi ve g\u00fcnde \u00fc\u00e7 kez g\u00f6z damlas\u0131 kullanmam\u0131 \u00f6nerdi, b\u00f6ylece g\u00f6rme de\u011ferlerim normale d\u00f6necekti. \u015eu an i\u00e7in ameliyat \u00f6nermedi. T\u00fcm muayene sonu\u00e7lar\u0131 EyeStar Klinik\u2019e \u0130stanbul\u2019a g\u00f6nderildi. Yakla\u015f\u0131k bir hafta sonra Herr Karaagacli\u2019den bir e-posta ald\u0131m: Ameliyat yap\u0131labilece\u011fi, herhangi bir engel olmad\u0131\u011f\u0131 yaz\u0131yordu. Fazla d\u00fczeltme ameliyattan hemen \u00f6nce farkl\u0131 g\u00f6z damlalar\u0131yla ayarlanabilirdi. \u00c7ok karars\u0131zd\u0131m ve ne yapaca\u011f\u0131m\u0131 bilmiyordum. Ama ger\u00e7ek \u015fuydu ki, g\u00f6zl\u00fcks\u00fcz \u00e7ok k\u00f6t\u00fc ya da neredeyse hi\u00e7 g\u00f6remiyordum. \u00c7ok zor ve yorucuydu. Kontakt lens kulland\u0131\u011f\u0131mda da g\u00f6zlerim \u00e7ok yorgun ve s\u0131k s\u0131k \u00e7ok kuru oluyordu. G\u00f6z de\u011ferlerimi de yazay\u0131m, baz\u0131 okuyucular i\u00e7in ilgin\u00e7 olabilir:Sa\u011f: -6 \/ -2,25 \/ 170\u00b0Sol: -6 \/ -2,50 \/ 10\u00b0 \u00d6zellikle beni \u015fa\u015f\u0131rtan \u015fey, Z\u00fcrich\u2019teki doktorun \u015fu anda ameliyat\u0131 \u00f6nermemesi ama \u0130stanbul\u2019daki doktorlar\u0131n herhangi bir engel g\u00f6rmemesiydi. Herr Karaagacli bana klinikteki doktorlar\u0131n \u00e7ok deneyimli oldu\u011funu ve Z\u00fcrich\u2019teki doktordan \u00e7ok daha fazla pratik tecr\u00fcbeye sahip olduklar\u0131n\u0131 s\u00f6yledi. Beni sakinle\u015ftirdi ve tekrar T\u00fcrkiye\u2019deki doktorlara sordu. Tekrar her \u015feyin uygun oldu\u011fu yan\u0131t\u0131n\u0131 ald\u0131m. Her \u015fey \u00e7ok h\u0131zl\u0131 ilerledi. 7 May\u0131s 2010\u2019da Z\u00fcrich\u2019te muayene oldum ve 14 Haziran 2010\u2019da \u0130stanbul\u2019a u\u00e7aktayd\u0131m. Herr Karaagacli her \u015feyi organize etti: u\u00e7ak, kar\u015f\u0131lama vb. Hi\u00e7bir \u015feyle ilgilenmem gerekmedi. Bu \u00e7ok yard\u0131mc\u0131 oldu; biraz daha fazla \u00f6demek daha iyiydi \u00e7\u00fcnk\u00fc her \u015fey kusursuz \u015fekilde organize edilmi\u015fti. Arkada\u015f\u0131m e\u015flik eden ki\u015fi olarak, \u00e7ok uygun bir fiyatla geldi. Klinikte ayr\u0131ca \u00e7ok b\u00fcy\u00fck g\u00f6z bebeklerim oldu\u011fu tespit edildi ve yaln\u0131zca Femto Lasik ameliyat\u0131 yap\u0131labilece\u011fi s\u00f6ylendi. \u00d6nce ba\u015fka bir klinikte korneam\u0131n astigmatizmas\u0131 d\u00fczeltildi, ard\u0131ndan Eyestar Klinik\u2019e d\u00f6nerek lazer d\u00fczeltmesi yap\u0131ld\u0131. \u0130lk i\u015flem \u00e7ok rahats\u0131z ediciydi ve olduk\u00e7a yorucuydu. Sonras\u0131nda neredeyse hi\u00e7 g\u00f6remiyordum. Ard\u0131ndan yakla\u015f\u0131k 200 metre y\u00fcr\u00fcyerek arkada\u015f\u0131m ve bir yetkili e\u015fli\u011finde Eyestar Klinik\u2019e geri d\u00f6nd\u00fck. Lazer ameliyat\u0131 hemen ba\u015flad\u0131: \u00f6nce sa\u011f g\u00f6z, sonra sol g\u00f6z. Femto sonras\u0131 ye\u015fil \u0131\u015f\u0131\u011fa bakmam gerekiyordu; bu olduk\u00e7a yorucu ve olduk\u00e7a a\u011fr\u0131l\u0131yd\u0131. I\u015f\u0131k giderek daha bulan\u0131k hale geldi ve g\u00f6zlerimi sabit tutamad\u0131m. Birka\u00e7 dakika sonra (bana sonsuz gibi geldi) doktor sa\u011f g\u00f6z\u00fc lazerledi. Ard\u0131ndan sol g\u00f6z ba\u015flad\u0131. Birka\u00e7 dakika sonra doktorlar beni bir odaya g\u00f6t\u00fcrd\u00fc ve bir yata\u011fa yat\u0131rd\u0131. Lazerin bozuldu\u011funu duydum. \u00c7ok uzun s\u00fcre inan\u0131lmaz a\u011fr\u0131larla yaln\u0131z bekledim. Yakla\u015f\u0131k 1 saat sonra arkada\u015f\u0131m bana getirildi; o ba\u015fka bir odada beklemi\u015fti. Doktorlar ona lazerin bozuldu\u011funu ve bir teknisyenin yolda oldu\u011funu s\u00f6ylediler. A\u011fr\u0131lar neredeyse dayan\u0131lmazd\u0131. Oda karanl\u0131k olmas\u0131na ra\u011fmen do\u011frudan parlak bir \u0131\u015f\u0131\u011fa bak\u0131yormu\u015f gibi hissettim ve g\u00f6zlerimi kapal\u0131 tuttum. Doktorlar lazerin hi\u00e7 bozulmad\u0131\u011f\u0131n\u0131 s\u00f6yledi. Yakla\u015f\u0131k 2 saat boyunca sol g\u00f6z\u00fcmd\u00fc a\u00e7\u0131lm\u0131\u015f \u015fekilde bekledim, ta ki teknisyen gelip lazeri tamir edene kadar. Ard\u0131ndan i\u015flem devam etti. Beklerken \u00e7ok \u00e7aresiz hissediyordum ve asla bitmeyecek gibi geliyordu. (Kesintinin nedeni bir yaz\u0131l\u0131m problemiydi; doktorlar bunu gelecekte kendileri h\u0131zl\u0131ca \u00e7\u00f6zebilecekler.) B\u00fct\u00fcn ameliyat 14:00\u201319:30 aras\u0131nda s\u00fcrd\u00fc. Arkada\u015f\u0131m beni otele g\u00f6t\u00fcrd\u00fc, g\u00f6zlerimi a\u00e7amad\u0131m. A\u011fr\u0131 kesici ve uyku ilac\u0131 ald\u0131m. Nihayet 2\u20133 saat uyuyabildim ve a\u011fr\u0131lar\u0131 unuttum. Uyand\u0131\u011f\u0131mda ise a\u011fr\u0131lar h\u00e2l\u00e2 \u015fiddetliydi. Arkada\u015f\u0131m g\u00f6zlerime damla damlatt\u0131 ve bana bir a\u011fr\u0131 kesici daha verdi. B\u00f6ylece b\u00fct\u00fcn gece uyudum. Sabah saat 6:00\u2019da uyand\u0131m. D\u0131\u015far\u0131s\u0131 \u00e7ok ayd\u0131nl\u0131kt\u0131 ama olduk\u00e7a iyi g\u00f6rebiliyordum. A\u011fr\u0131lar gitmi\u015fti. \u00c7ok sevindim ve her \u015feyin bitmi\u015f olmas\u0131na rahatlad\u0131m. Sabah \u00f6\u011fleden \u00f6nce kontrollere gitmek i\u00e7in klini\u011fe gittim. Doktorlar sonu\u00e7tan memnundu. Her \u015fey \u00e7ok iyi ge\u00e7mi\u015fti. Astigmatizm h\u00e2l\u00e2 olduk\u00e7a y\u00fcksekti, ama doktor g\u00f6zlerde h\u00e2l\u00e2 su oldu\u011funu ve bunun zamanla ge\u00e7ece\u011fini s\u00f6yledi. Ayr\u0131ca bana yakla\u015f\u0131k 0,5 ila -1 diyoptri kalabilece\u011fini \u00f6nceden de bildirmi\u015flerdi. \u015eimdi neredeyse bir ay ge\u00e7ti. \u0130lk hafta h\u00e2l\u00e2 a\u011fr\u0131lar\u0131m vard\u0131, \u00f6zellikle sol g\u00f6z\u00fcmde. \u015eu anda g\u00f6rme yetim neredeyse eski g\u00f6zl\u00fckle g\u00f6rd\u00fc\u011f\u00fcm kadar iyi, yani olduk\u00e7a iyi. (Doktora g\u00f6re tam g\u00f6rme yetisi 6 ay sonra sa\u011flan\u0131yor.) Baz\u0131 g\u00fcnler daha iyi, baz\u0131 g\u00fcnler biraz daha k\u00f6t\u00fc g\u00f6rebiliyorum (\u00e7ok az fark), ama bu bu ameliyat sonras\u0131 tamamen normal. \u015eimdiye kadar \u0131\u015f\u0131k kama\u015fmas\u0131 veya g\u00f6z kurulu\u011fu ya\u015famad\u0131m. A\u011fustos ay\u0131nda bir g\u00f6z doktoruna gidece\u011fim ve kalan g\u00f6rme kusurunu \u00f6\u011frenece\u011fim. A\u011fr\u0131 ve komplikasyonlara ra\u011fmen bu ameliyat\u0131 kesinlikle tavsiye ediyorum. Femto Lasik ameliyat\u0131 doktorlara g\u00f6re nadiren ve isteksiz yap\u0131l\u0131yor. Normal Lasik ameliyat\u0131 ise a\u011fr\u0131s\u0131z ve \u00e7ok k\u0131sa s\u00fcr\u00fcyor. Klinikte benim bir g\u00fcn \u00f6nce Lasik ameliyat\u0131 olmu\u015f iki \u0130svi\u00e7reli kad\u0131nla tan\u0131\u015ft\u0131m. \u00c7ok memnunlard\u0131, ameliyat birka\u00e7 dakika s\u00fcrd\u00fc ve a\u011fr\u0131s\u0131zd\u0131. Birini yan\u0131n\u0131zda g\u00f6t\u00fcrmenizi kesinlikle tavsiye ederim. Tan\u0131d\u0131\u011f\u0131n\u0131z birinin yan\u0131n\u0131zda olmas\u0131 \u00e7ok yard\u0131mc\u0131 oluyor. \u2014 Ewa Debosz \u00d6nceki Rapor Sonraki Rapor<\/p>\n","protected":false},"author":4,"featured_media":0,"parent":4430,"menu_order":0,"comment_status":"closed","ping_status":"closed","template":"","meta":{"_joinchat":[],"footnotes":""},"class_list":["post-4469","page","type-page","status-publish","hentry"],"acf":[],"_links":{"self":[{"href":"https:\/\/medicaltravel.at\/tr\/wp-json\/wp\/v2\/pages\/4469","targetHints":{"allow":["GET"]}}],"collection":[{"href":"https:\/\/medicaltravel.at\/tr\/wp-json\/wp\/v2\/pages"}],"about":[{"href":"https:\/\/medicaltravel.at\/tr\/wp-json\/wp\/v2\/types\/page"}],"author":[{"embeddable":true,"href":"https:\/\/medicaltravel.at\/tr\/wp-json\/wp\/v2\/users\/4"}],"replies":[{"embeddable":true,"href":"https:\/\/medicaltravel.at\/tr\/wp-json\/wp\/v2\/comments?post=4469"}],"version-history":[{"count":4,"href":"https:\/\/medicaltravel.at\/tr\/wp-json\/wp\/v2\/pages\/4469\/revisions"}],"predecessor-version":[{"id":5824,"href":"https:\/\/medicaltravel.at\/tr\/wp-json\/wp\/v2\/pages\/4469\/revisions\/5824"}],"up":[{"embeddable":true,"href":"https:\/\/medicaltravel.at\/tr\/wp-json\/wp\/v2\/pages\/4430"}],"wp:attachment":[{"href":"https:\/\/medicaltravel.at\/tr\/wp-json\/wp\/v2\/media?parent=4469"}],"curies":[{"name":"wp","href":"https:\/\/api.w.org\/{rel}","templated":true}]}}