{"id":4467,"date":"2025-09-28T10:52:53","date_gmt":"2025-09-28T09:52:53","guid":{"rendered":"https:\/\/medicaltravel.at\/hasta-hikayeleri\/2009-2010-deneyim-raporlari\/istanbulda-lasik-deneyim-raporum-13-mayis-2009-carsamba-tarihli-rapor\/"},"modified":"2026-01-13T16:37:21","modified_gmt":"2026-01-13T15:37:21","slug":"istanbulda-lasik-deneyim-raporum-13-mayis-2009-carsamba-tarihli-rapor","status":"publish","type":"page","link":"https:\/\/medicaltravel.at\/tr\/hasta-hikayeleri\/2009-2010-deneyim-raporlari\/istanbulda-lasik-deneyim-raporum-13-mayis-2009-carsamba-tarihli-rapor\/","title":{"rendered":"\u0130stanbul\u2019da LASIK \u2013 Deneyim Raporum \u2013 13 May\u0131s 2009 \u00c7ar\u015famba tarihli rapor"},"content":{"rendered":"\n<h3 class=\"wp-block-heading\">\u0130stanbul\u2019da LASIK \u2013 Deneyim Raporum \u2013 13 May\u0131s 2009 \u00c7ar\u015famba tarihli rapor<\/h3>\n\n\n\n<p>Simon\u2019un Operasyon Raporu, 1978 do\u011fumlu \/ Operasyon Nisan 2009<\/p>\n\n\n\n<p>\u201cBahar\u0131n uyan\u0131\u015f\u0131n\u0131 ve sabah k\u0131z\u0131ll\u0131\u011f\u0131n\u0131n ortaya \u00e7\u0131k\u0131\u015f\u0131n\u0131 g\u00f6zlemleyin! G\u00fczellik, bakanlar\u0131n \u00f6n\u00fcnde kendini g\u00f6sterir.\u201d Khalil Gibran<br><br>Ve Swisslasik ile Eyestar sayesinde art\u0131k bunu g\u00f6zl\u00fck olmadan da yapabiliyoruz!<br><br>Her \u015fey nas\u0131l ba\u015flad\u0131:<br>Arkada\u015f\u0131m Prisca ile birlikte, kendisi refakat\u00e7i olarak kat\u0131ld\u0131, 19 Nisan 2009 Pazar g\u00fcn\u00fc Turkish Airlines ile \u0130stanbul\u2019a u\u00e7tuk. Birol bizi \u015f\u0131k bir arabayla kar\u015f\u0131lad\u0131. Biz ve bizimle gelen iki di\u011fer \u201chasta\u201d ak\u015fam\u0131 birlikte ge\u00e7irdik.<br><br>Ertesi sabah saat 11\u2019de Fred bizi ald\u0131. Tavsiye edilen Taksim Goenen Otel\u2019den Eyestar Klinik\u2019e y\u00fcr\u00fcyerek gitmek m\u00fcmk\u00fcnd\u00fc ve olduk\u00e7a k\u0131sayd\u0131. Oraya vard\u0131\u011f\u0131m\u0131zda \u00e7ok nazik bir \u015fekilde kar\u015f\u0131land\u0131k. Bekleme odas\u0131nda oturduk ve hemen bir \u015feyler i\u00e7memiz teklif edildi. Her \u015fey \u00e7ok g\u00fcven verici, temiz ve ciddi g\u00f6r\u00fcn\u00fcyordu; arkada\u015f\u0131m bana f\u0131s\u0131ldad\u0131, acaba onun da g\u00f6zlerini lazerle yapt\u0131rmas\u0131 m\u00fcmk\u00fcn m\u00fc diye. Hemen bir \u00e7al\u0131\u015fan\u0131na soruldu ve doktorla g\u00f6r\u00fc\u015f\u00fcld\u00fckten sonra Prisca da \u00f6n muayeneye kat\u0131labilece\u011fi s\u00f6ylendi. Prisca\u2019ya hemen veri formu verildi.<br><br>Bir s\u00fcre sonra ben muayene odas\u0131na \u00e7a\u011fr\u0131ld\u0131m. Doktor g\u00f6zlerimi \u00e7ok dikkatli inceledi. Yap\u0131lan kontroller, Z\u00fcrich\u2019teki \u00f6n muayeneden \u00e7ok daha kapsaml\u0131yd\u0131. Fred her zaman yan\u0131m\u0131zdayd\u0131 ve her \u015feyi bize \u00e7evirdi, hatta \u0130svi\u00e7re Almancas\u0131na kadar! Prisca\u2019n\u0131n muayenesi de tamamland\u0131ktan sonra, g\u00f6zlerinin de lazer operasyonuna uygun oldu\u011fu belli oldu. \u00dccreti (\u0130svi\u00e7re\u2019deki operasyonun yakla\u015f\u0131k \u00bc\u2019\u00fc kadar) hemen \u00f6dedik.<br><br>Sonras\u0131nda biraz yemek yedik ve saat 16.00 civar\u0131nda tekrar klini\u011fe geldik. Orada biz ve di\u011fer alt\u0131 ki\u015fiye operasyon tekrar detayl\u0131ca anlat\u0131ld\u0131, ard\u0131ndan bir \u00fcst kata \u00e7\u0131kt\u0131k. Orada steril kalmas\u0131 i\u00e7in mavi \u201cayakkab\u0131 k\u0131l\u0131flar\u0131n\u0131n\u201d \u00fczerine bir \u00e7ift daha ge\u00e7irildi. Ben ikinci s\u0131rada operasyona girdim. \u0130lk hasta lazerlenirken, masaj koltu\u011funa oturdum. G\u00f6zlerime uyu\u015fturucu damlalar damlat\u0131ld\u0131 ve her \u015fey dezenfekte edildi. Lazer i\u015flemi, d\u00fc\u015f\u00fcnd\u00fc\u011f\u00fcm kadar k\u00f6t\u00fc de\u011fildi ve \u00e7ok h\u0131zl\u0131 ge\u00e7ti. \u00d6zellikle hi\u00e7 a\u011fr\u0131 hissetmedim.<br><br>Sonras\u0131nda yap\u0131lan kontrollerin ard\u0131ndan otele d\u00f6nd\u00fck, verilen g\u00f6z damlalar\u0131n\u0131 kulland\u0131k ve uyuduk. Ertesi sabah, ikinci kontrol\u00fcn ard\u0131ndan d\u00f6rt ki\u015fi birlikte \u0130stanbul\u2019da gezintiye \u00e7\u0131kt\u0131k. Operasyonun ilk g\u00fcn\u00fcnden itibaren g\u00f6r\u00fc\u015f \u00e7ok tatmin ediciydi. 22 Nisan \u00c7ar\u015famba g\u00fcn\u00fc k\u0131sa bir al\u0131\u015fveri\u015f turunun ard\u0131ndan keyifle eve d\u00f6nd\u00fck. Evde g\u00f6zlerimizi \u00f6nerildi\u011fi gibi dinlendirdik. Yine de, \u00f6zellikle arkada\u015f\u0131mda, g\u00f6rme keskinli\u011finde dalgalanmalar oldu.                               \u015eimdi, iki hafta sonra, ikimiz de memnunuz ve \u00f6n\u00fcm\u00fczdeki haftalarda g\u00f6zlerin iyi iyile\u015fmesini ve g\u00f6rme keskinli\u011finin tamamen geri d\u00f6nmesini umuyoruz.<br><br>\u201cHayat b\u00fcy\u00fcleyicidir, sadece do\u011fru g\u00f6zl\u00fckle g\u00f6rmek gerekir.\u201d Alexandre Dumas (Jr.)<br><br>Ya da do\u011fru ki\u015filerde g\u00f6zlerinizi lazerle d\u00fczelttirin\u2026 \ud83d\ude04 <\/p>\n\n\n\n<figure class=\"wp-block-image size-full\"><img decoding=\"async\" width=\"120\" height=\"63\" src=\"https:\/\/medicaltravel.at\/wp-content\/uploads\/2025\/09\/csm_Istanbul_979b84be42.png\" alt=\"\" class=\"wp-image-1290\"\/><\/figure>\n\n\n\n<div class=\"wp-block-group is-layout-grid wp-container-core-group-is-layout-baef362d wp-block-group-is-layout-grid\">\n<p><a href=\"https:\/\/medicaltravel.at\/home\/agb\/\" data-type=\"page\" data-id=\"2191\"><\/a><a href=\"https:\/\/medicaltravel.at\/tr\/hasta-hikayeleri\/2009-2010-deneyim-raporlari\/istanbuldaki-goez-ameliyatim-hakkindaki-yorumum-15-mayis-2009-cuma-tarihli-rapor\/\" data-type=\"link\" data-id=\"https:\/\/medicaltravel.at\/tr\/hasta-hikayeleri\/2009-2010-deneyim-raporlari\/istanbuldaki-goez-ameliyatim-hakkindaki-yorumum-15-mayis-2009-cuma-tarihli-rapor\/\">\u00d6nceki Rapor<\/a><\/p>\n\n\n\n<p class=\"has-text-align-right wp-container-content-5e2576f9\"><a href=\"https:\/\/medicaltravel.at\/home\/impressum\/\" data-type=\"page\" data-id=\"2193\"><\/a><a href=\"https:\/\/medicaltravel.at\/home\/berichte-von-patienten\/erfahrungsberichte\/erfahrungsbericht-zahnbehandlung-in-istanbul\/\" data-type=\"page\" data-id=\"981\"><\/a><a href=\"https:\/\/medicaltravel.at\/tr\/hasta-hikayeleri\/2009-2010-deneyim-raporlari\/ameliyat-raporu-mart-2009-17-nisan-2009-cuma-tarihli-rapor\/\" data-type=\"link\" data-id=\"https:\/\/medicaltravel.at\/berichte-von-patienten\/erfahrungsberichte-2009-2010\/operations-bericht-vom-marz-2009-bericht-vom-freitag-17-april-2009\/\">Sonraki <\/a><a href=\"https:\/\/medicaltravel.at\/tr\/hasta-hikayeleri\/2009-2010-deneyim-raporlari\/ameliyat-raporu-mart-2009-17-nisan-2009-cuma-tarihli-rapor\/\" data-type=\"link\" data-id=\"https:\/\/medicaltravel.at\/tr\/hasta-hikayeleri\/2009-2010-deneyim-raporlari\/ameliyat-raporu-mart-2009-17-nisan-2009-cuma-tarihli-rapor\/\">Rapor<\/a><\/p>\n<\/div>\n","protected":false},"excerpt":{"rendered":"<p>\u0130stanbul\u2019da LASIK \u2013 Deneyim Raporum \u2013 13 May\u0131s 2009 \u00c7ar\u015famba tarihli rapor Simon\u2019un Operasyon Raporu, 1978 do\u011fumlu \/ Operasyon Nisan 2009 \u201cBahar\u0131n uyan\u0131\u015f\u0131n\u0131 ve sabah k\u0131z\u0131ll\u0131\u011f\u0131n\u0131n ortaya \u00e7\u0131k\u0131\u015f\u0131n\u0131 g\u00f6zlemleyin! G\u00fczellik, bakanlar\u0131n \u00f6n\u00fcnde kendini g\u00f6sterir.\u201d Khalil Gibran Ve Swisslasik ile Eyestar sayesinde art\u0131k bunu g\u00f6zl\u00fck olmadan da yapabiliyoruz! Her \u015fey nas\u0131l ba\u015flad\u0131:Arkada\u015f\u0131m Prisca ile birlikte, kendisi refakat\u00e7i olarak kat\u0131ld\u0131, 19 Nisan 2009 Pazar g\u00fcn\u00fc Turkish Airlines ile \u0130stanbul\u2019a u\u00e7tuk. Birol bizi \u015f\u0131k bir arabayla kar\u015f\u0131lad\u0131. Biz ve bizimle gelen iki di\u011fer \u201chasta\u201d ak\u015fam\u0131 birlikte ge\u00e7irdik. Ertesi sabah saat 11\u2019de Fred bizi ald\u0131. Tavsiye edilen Taksim Goenen Otel\u2019den Eyestar Klinik\u2019e y\u00fcr\u00fcyerek gitmek m\u00fcmk\u00fcnd\u00fc ve olduk\u00e7a k\u0131sayd\u0131. Oraya vard\u0131\u011f\u0131m\u0131zda \u00e7ok nazik bir \u015fekilde kar\u015f\u0131land\u0131k. Bekleme odas\u0131nda oturduk ve hemen bir \u015feyler i\u00e7memiz teklif edildi. Her \u015fey \u00e7ok g\u00fcven verici, temiz ve ciddi g\u00f6r\u00fcn\u00fcyordu; arkada\u015f\u0131m bana f\u0131s\u0131ldad\u0131, acaba onun da g\u00f6zlerini lazerle yapt\u0131rmas\u0131 m\u00fcmk\u00fcn m\u00fc diye. Hemen bir \u00e7al\u0131\u015fan\u0131na soruldu ve doktorla g\u00f6r\u00fc\u015f\u00fcld\u00fckten sonra Prisca da \u00f6n muayeneye kat\u0131labilece\u011fi s\u00f6ylendi. Prisca\u2019ya hemen veri formu verildi. Bir s\u00fcre sonra ben muayene odas\u0131na \u00e7a\u011fr\u0131ld\u0131m. Doktor g\u00f6zlerimi \u00e7ok dikkatli inceledi. Yap\u0131lan kontroller, Z\u00fcrich\u2019teki \u00f6n muayeneden \u00e7ok daha kapsaml\u0131yd\u0131. Fred her zaman yan\u0131m\u0131zdayd\u0131 ve her \u015feyi bize \u00e7evirdi, hatta \u0130svi\u00e7re Almancas\u0131na kadar! Prisca\u2019n\u0131n muayenesi de tamamland\u0131ktan sonra, g\u00f6zlerinin de lazer operasyonuna uygun oldu\u011fu belli oldu. \u00dccreti (\u0130svi\u00e7re\u2019deki operasyonun yakla\u015f\u0131k \u00bc\u2019\u00fc kadar) hemen \u00f6dedik. Sonras\u0131nda biraz yemek yedik ve saat 16.00 civar\u0131nda tekrar klini\u011fe geldik. Orada biz ve di\u011fer alt\u0131 ki\u015fiye operasyon tekrar detayl\u0131ca anlat\u0131ld\u0131, ard\u0131ndan bir \u00fcst kata \u00e7\u0131kt\u0131k. Orada steril kalmas\u0131 i\u00e7in mavi \u201cayakkab\u0131 k\u0131l\u0131flar\u0131n\u0131n\u201d \u00fczerine bir \u00e7ift daha ge\u00e7irildi. Ben ikinci s\u0131rada operasyona girdim. \u0130lk hasta lazerlenirken, masaj koltu\u011funa oturdum. G\u00f6zlerime uyu\u015fturucu damlalar damlat\u0131ld\u0131 ve her \u015fey dezenfekte edildi. Lazer i\u015flemi, d\u00fc\u015f\u00fcnd\u00fc\u011f\u00fcm kadar k\u00f6t\u00fc de\u011fildi ve \u00e7ok h\u0131zl\u0131 ge\u00e7ti. \u00d6zellikle hi\u00e7 a\u011fr\u0131 hissetmedim. Sonras\u0131nda yap\u0131lan kontrollerin ard\u0131ndan otele d\u00f6nd\u00fck, verilen g\u00f6z damlalar\u0131n\u0131 kulland\u0131k ve uyuduk. Ertesi sabah, ikinci kontrol\u00fcn ard\u0131ndan d\u00f6rt ki\u015fi birlikte \u0130stanbul\u2019da gezintiye \u00e7\u0131kt\u0131k. Operasyonun ilk g\u00fcn\u00fcnden itibaren g\u00f6r\u00fc\u015f \u00e7ok tatmin ediciydi. 22 Nisan \u00c7ar\u015famba g\u00fcn\u00fc k\u0131sa bir al\u0131\u015fveri\u015f turunun ard\u0131ndan keyifle eve d\u00f6nd\u00fck. Evde g\u00f6zlerimizi \u00f6nerildi\u011fi gibi dinlendirdik. Yine de, \u00f6zellikle arkada\u015f\u0131mda, g\u00f6rme keskinli\u011finde dalgalanmalar oldu. \u015eimdi, iki hafta sonra, ikimiz de memnunuz ve \u00f6n\u00fcm\u00fczdeki haftalarda g\u00f6zlerin iyi iyile\u015fmesini ve g\u00f6rme keskinli\u011finin tamamen geri d\u00f6nmesini umuyoruz. \u201cHayat b\u00fcy\u00fcleyicidir, sadece do\u011fru g\u00f6zl\u00fckle g\u00f6rmek gerekir.\u201d Alexandre Dumas (Jr.) Ya da do\u011fru ki\u015filerde g\u00f6zlerinizi lazerle d\u00fczelttirin\u2026 \ud83d\ude04 \u00d6nceki Rapor Sonraki Rapor<\/p>\n","protected":false},"author":4,"featured_media":0,"parent":4430,"menu_order":0,"comment_status":"closed","ping_status":"closed","template":"","meta":{"_joinchat":[],"footnotes":""},"class_list":["post-4467","page","type-page","status-publish","hentry"],"acf":[],"_links":{"self":[{"href":"https:\/\/medicaltravel.at\/tr\/wp-json\/wp\/v2\/pages\/4467","targetHints":{"allow":["GET"]}}],"collection":[{"href":"https:\/\/medicaltravel.at\/tr\/wp-json\/wp\/v2\/pages"}],"about":[{"href":"https:\/\/medicaltravel.at\/tr\/wp-json\/wp\/v2\/types\/page"}],"author":[{"embeddable":true,"href":"https:\/\/medicaltravel.at\/tr\/wp-json\/wp\/v2\/users\/4"}],"replies":[{"embeddable":true,"href":"https:\/\/medicaltravel.at\/tr\/wp-json\/wp\/v2\/comments?post=4467"}],"version-history":[{"count":3,"href":"https:\/\/medicaltravel.at\/tr\/wp-json\/wp\/v2\/pages\/4467\/revisions"}],"predecessor-version":[{"id":5838,"href":"https:\/\/medicaltravel.at\/tr\/wp-json\/wp\/v2\/pages\/4467\/revisions\/5838"}],"up":[{"embeddable":true,"href":"https:\/\/medicaltravel.at\/tr\/wp-json\/wp\/v2\/pages\/4430"}],"wp:attachment":[{"href":"https:\/\/medicaltravel.at\/tr\/wp-json\/wp\/v2\/media?parent=4467"}],"curies":[{"name":"wp","href":"https:\/\/api.w.org\/{rel}","templated":true}]}}