{"id":4464,"date":"2025-09-28T10:50:05","date_gmt":"2025-09-28T09:50:05","guid":{"rendered":"https:\/\/medicaltravel.at\/hasta-hikayeleri\/2009-2010-deneyim-raporlari\/lasik-deneyim-raporu-mayis-2009-istanbul-28-mayis-2009-persembe-tarihli-rapor\/"},"modified":"2026-01-13T16:35:35","modified_gmt":"2026-01-13T15:35:35","slug":"lasik-deneyim-raporu-mayis-2009-istanbul-28-mayis-2009-persembe-tarihli-rapor","status":"publish","type":"page","link":"https:\/\/medicaltravel.at\/tr\/hasta-hikayeleri\/2009-2010-deneyim-raporlari\/lasik-deneyim-raporu-mayis-2009-istanbul-28-mayis-2009-persembe-tarihli-rapor\/","title":{"rendered":"LASIK \u2013 Deneyim Raporu, May\u0131s 2009 \u0130stanbul \u2013 28 May\u0131s 2009 Per\u015fembe tarihli rapor"},"content":{"rendered":"\n<h3 class=\"wp-block-heading\">LASIK \u2013 Deneyim Raporu, May\u0131s 2009 \u0130stanbul \u2013 28 May\u0131s 2009 Per\u015fembe tarihli rapor<\/h3>\n\n\n\n<p>22 May\u0131s 2009, \u0130stanbul\u2019da G\u00f6z Lazerleme<br><br>Y\u0131l\u0131n ba\u015f\u0131ndan beri g\u00f6zlerimi lazerle tedavi ettirmeyi d\u00fc\u015f\u00fcn\u00fcyordum. Astigmat\u0131m ve -1,75 ile -2,00 diyoptri vard\u0131. Bu operasyonu bana e\u015fim \u00f6nerdi. Biraz korkuyordum ve internet forumlar\u0131nda deneyim yaz\u0131lar\u0131n\u0131 ara\u015ft\u0131rd\u0131m. Klinik aramaya cesaret etti\u011fimde ise biraz hayal k\u0131r\u0131kl\u0131\u011f\u0131na u\u011frad\u0131m. Evime en yak\u0131n klinik Olten\u2019de her iki g\u00f6z i\u00e7in 6000 CHF\u2019in \u00fczerinde bir \u00fccret istiyordu ki bu benim i\u00e7in \u00e7ok b\u00fcy\u00fck bir mebla\u011fd\u0131. Bir s\u00fcre bu projeyi erteledim ama g\u00f6zl\u00fcks\u00fcz ya\u015famay\u0131 hayal etmekten kendimi alamad\u0131m.<br><br>B\u00f6ylece \u0130svi\u00e7re\u2019deki di\u011fer klinikleri internetten ara\u015ft\u0131rmaya ba\u015flad\u0131m. Tesad\u00fcfen swisslasik.ch sitesine rastlad\u0131m. Siteyi uzun uzun inceledikten sonra, ne zaman bir seyahat m\u00fcmk\u00fcn olaca\u011f\u0131n\u0131 ve maliyetinin ne olaca\u011f\u0131n\u0131 sormak i\u00e7in Herr Karaagacli\u2019ye bir e-posta g\u00f6nderdim. \u015eirket \u00f6zellikle fiyat\u0131 nedeniyle ilgimi \u00e7ekti, \u00e7\u00fcnk\u00fc operasyon, otel ve u\u00e7ak dahil yakla\u015f\u0131k yar\u0131 fiyat \u00f6deyecektim. H\u0131zl\u0131ca yan\u0131t ald\u0131m ve ileti\u015fimden bir ay sonra \u0130stanbul\u2019a seyahat ettim.<br><br>Swisslasik.ch benim i\u00e7in her \u015feyi organize etti; ben sadece ne zaman gitmek istedi\u011fimi s\u00f6yleyip \u00f6demeyi yapt\u0131m. Bana g\u00f6nderilen k\u00fc\u00e7\u00fck bir kitap\u00e7\u0131kta klinik ve otelin adresleri, u\u00e7u\u015f bilgileri ve havaalan\u0131nda beni kar\u015f\u0131layacak ki\u015finin telefon numaras\u0131 gibi t\u00fcm gerekli bilgiler yer al\u0131yordu.<br><br>\u0130stanbul\u2019a vard\u0131\u011f\u0131mda her \u015fey m\u00fckemmel i\u015fledi. Ben ve Almanya\u2019dan gelen ba\u015fka bir ki\u015fi havaalan\u0131nda kar\u015f\u0131land\u0131k ve otele g\u00f6t\u00fcr\u00fcld\u00fck. Ertesi sabah otelden al\u0131nd\u0131k ve k\u00f6\u015feyi d\u00f6n\u00fcnce bulunan klini\u011fe g\u00f6t\u00fcr\u00fcld\u00fck. Burada g\u00f6zlerim muayene edildi. \u0130ki saat sonra serbest b\u0131rak\u0131ld\u0131m ve \u00fc\u00e7 saat sonra geri gelmem s\u00f6ylendi. Verilen g\u00f6z damlalar\u0131ndan dolay\u0131 biraz k\u00f6r ve \u0131\u015f\u0131\u011fa hassas halde Bo\u011fazi\u00e7i\u2019nde Dolmabah\u00e7e Saray\u0131\u2019na gittim, geri d\u00f6nd\u00fcm ve talimatlara uygun olarak bir \u015feyler yedim.<br><br>\u00dc\u00e7 di\u011fer hasta ile birlikte klini\u011fin \u00fcst kat\u0131na g\u00f6t\u00fcr\u00fcld\u00fck. Benden \u00f6nce iki hasta i\u015flem g\u00f6rd\u00fc. \u0130kinci hasta ameliyat olurken, ben \u00fcnl\u00fc masaj koltu\u011funa oturdum. Operasyon \u00e7ok h\u0131zl\u0131 ge\u00e7ti ve \u015f\u00fcphelerime ra\u011fmen g\u00f6zlerimi uyu\u015fturan damlalar ger\u00e7ekten i\u015fe yarad\u0131; a\u011fr\u0131 hissetmedim. Bana s\u00fcrekli g\u00f6sterilen ye\u015fil \u0131\u015f\u0131\u011fa bakmam s\u00f6ylendi, bu da zor de\u011fildi. Lazer biraz ses yapt\u0131 ve yanm\u0131\u015f sa\u00e7 kokusu gibiydi.<br><br>Her iki g\u00f6z de operasyondan \u00e7\u0131kt\u0131ktan sonra karanl\u0131k bir odaya g\u00f6t\u00fcr\u00fcld\u00fcm. Bir s\u00fcre sonra al\u0131nd\u0131m ve klini\u011fin alt kat\u0131na g\u00f6t\u00fcr\u00fcld\u00fcm. Bana ve di\u011fer hastalara g\u00f6z damlalar\u0131 verildi ve otele gitmemize izin verildi. Her \u015feyi biraz bulan\u0131k g\u00f6r\u00fcyordum ve \u00f6nce oteli bulmakta zorland\u0131m. Talimatlara uygun olarak otelde hemen uyudum.                              Ertesi sabah zaten net g\u00f6rebiliyordum. Sabah g\u00f6z doktorunda bir kontrol\u00fcm vard\u0131, ama 45 dakika sonra \u00e7\u0131kmama izin verildi. Yani \u0130stanbul\u2019u gezmek i\u00e7in t\u00fcm g\u00fcn\u00fcm vard\u0131. Ertesi g\u00fcn tekrar otelden al\u0131nd\u0131m ve havaalan\u0131na g\u00f6t\u00fcr\u00fcld\u00fcm.<br><br>\u0130stanbul\u2019dan d\u00f6n\u00fc\u015f\u00fcm\u00fcn \u00fczerinden d\u00f6rt g\u00fcn ge\u00e7ti ve art\u0131k ger\u00e7ekten g\u00f6zl\u00fc\u011fe ihtiyac\u0131m yok. Art\u0131k g\u00f6zl\u00fckle g\u00f6rd\u00fc\u011f\u00fcmden bile daha iyi g\u00f6r\u00fcyorum. Evde, bana tan\u0131d\u0131k \u00e7evreyi ve insanlar\u0131 g\u00f6rmek beni \u00e7ok \u015fa\u015f\u0131rtt\u0131 \u2013 her \u015fey art\u0131k \u00e7ok net ve renkli g\u00f6r\u00fcn\u00fcyordu. Ayr\u0131ca mesafeleri ve derinli\u011fi \u00e7ok daha iyi alg\u0131l\u0131yorum. B\u00f6yle iyi bir sonu\u00e7 beklemiyordum; sadece g\u00f6zl\u00fckten kurtulmak istemi\u015ftim. Operasyondan ve swisslasik.ch\u2019in t\u00fcm organizasyonundan \u00e7ok memnunum ve g\u00f6zlerimin h\u00e2l\u00e2 iyi iyile\u015fmesini umuyorum.<br><br>P. Lutz          <\/p>\n\n\n\n<div class=\"wp-block-group is-layout-grid wp-container-core-group-is-layout-baef362d wp-block-group-is-layout-grid\">\n<p><a href=\"https:\/\/medicaltravel.at\/home\/agb\/\" data-type=\"page\" data-id=\"2191\"><\/a><a href=\"https:\/\/medicaltravel.at\/tr\/hasta-hikayeleri\/2009-2010-deneyim-raporlari\/istanbulda-lasek-ile-goez-lazer-ameliyatim-5-haziran-2009-cuma-tarihli-rapor\/\" data-type=\"link\" data-id=\"https:\/\/medicaltravel.at\/tr\/hasta-hikayeleri\/2009-2010-deneyim-raporlari\/istanbulda-lasek-ile-goez-lazer-ameliyatim-5-haziran-2009-cuma-tarihli-rapor\/\">\u00d6nceki Rapor<\/a><\/p>\n\n\n\n<p class=\"has-text-align-right wp-container-content-5e2576f9\"><a href=\"https:\/\/medicaltravel.at\/home\/impressum\/\" data-type=\"page\" data-id=\"2193\"><\/a><a href=\"https:\/\/medicaltravel.at\/home\/berichte-von-patienten\/erfahrungsberichte\/erfahrungsbericht-zahnbehandlung-in-istanbul\/\" data-type=\"page\" data-id=\"981\"><\/a><a href=\"https:\/\/medicaltravel.at\/tr\/hasta-hikayeleri\/2009-2010-deneyim-raporlari\/goezlueksuez-bir-yasam-her-zaman-hayalimdi-21-mayis-2009-persembe-tarihli-rapor\/\" data-type=\"link\" data-id=\"https:\/\/medicaltravel.at\/berichte-von-patienten\/erfahrungsberichte-2009-2010\/ein-leben-ohne-brille-war-schon-immer-mein-traum-bericht-vom-donnerstag-21-mai-2009\/\">Sonraki Rapor<\/a><\/p>\n<\/div>\n","protected":false},"excerpt":{"rendered":"<p>LASIK \u2013 Deneyim Raporu, May\u0131s 2009 \u0130stanbul \u2013 28 May\u0131s 2009 Per\u015fembe tarihli rapor 22 May\u0131s 2009, \u0130stanbul\u2019da G\u00f6z Lazerleme Y\u0131l\u0131n ba\u015f\u0131ndan beri g\u00f6zlerimi lazerle tedavi ettirmeyi d\u00fc\u015f\u00fcn\u00fcyordum. Astigmat\u0131m ve -1,75 ile -2,00 diyoptri vard\u0131. Bu operasyonu bana e\u015fim \u00f6nerdi. Biraz korkuyordum ve internet forumlar\u0131nda deneyim yaz\u0131lar\u0131n\u0131 ara\u015ft\u0131rd\u0131m. Klinik aramaya cesaret etti\u011fimde ise biraz hayal k\u0131r\u0131kl\u0131\u011f\u0131na u\u011frad\u0131m. Evime en yak\u0131n klinik Olten\u2019de her iki g\u00f6z i\u00e7in 6000 CHF\u2019in \u00fczerinde bir \u00fccret istiyordu ki bu benim i\u00e7in \u00e7ok b\u00fcy\u00fck bir mebla\u011fd\u0131. Bir s\u00fcre bu projeyi erteledim ama g\u00f6zl\u00fcks\u00fcz ya\u015famay\u0131 hayal etmekten kendimi alamad\u0131m. B\u00f6ylece \u0130svi\u00e7re\u2019deki di\u011fer klinikleri internetten ara\u015ft\u0131rmaya ba\u015flad\u0131m. Tesad\u00fcfen swisslasik.ch sitesine rastlad\u0131m. Siteyi uzun uzun inceledikten sonra, ne zaman bir seyahat m\u00fcmk\u00fcn olaca\u011f\u0131n\u0131 ve maliyetinin ne olaca\u011f\u0131n\u0131 sormak i\u00e7in Herr Karaagacli\u2019ye bir e-posta g\u00f6nderdim. \u015eirket \u00f6zellikle fiyat\u0131 nedeniyle ilgimi \u00e7ekti, \u00e7\u00fcnk\u00fc operasyon, otel ve u\u00e7ak dahil yakla\u015f\u0131k yar\u0131 fiyat \u00f6deyecektim. H\u0131zl\u0131ca yan\u0131t ald\u0131m ve ileti\u015fimden bir ay sonra \u0130stanbul\u2019a seyahat ettim. Swisslasik.ch benim i\u00e7in her \u015feyi organize etti; ben sadece ne zaman gitmek istedi\u011fimi s\u00f6yleyip \u00f6demeyi yapt\u0131m. Bana g\u00f6nderilen k\u00fc\u00e7\u00fck bir kitap\u00e7\u0131kta klinik ve otelin adresleri, u\u00e7u\u015f bilgileri ve havaalan\u0131nda beni kar\u015f\u0131layacak ki\u015finin telefon numaras\u0131 gibi t\u00fcm gerekli bilgiler yer al\u0131yordu. \u0130stanbul\u2019a vard\u0131\u011f\u0131mda her \u015fey m\u00fckemmel i\u015fledi. Ben ve Almanya\u2019dan gelen ba\u015fka bir ki\u015fi havaalan\u0131nda kar\u015f\u0131land\u0131k ve otele g\u00f6t\u00fcr\u00fcld\u00fck. Ertesi sabah otelden al\u0131nd\u0131k ve k\u00f6\u015feyi d\u00f6n\u00fcnce bulunan klini\u011fe g\u00f6t\u00fcr\u00fcld\u00fck. Burada g\u00f6zlerim muayene edildi. \u0130ki saat sonra serbest b\u0131rak\u0131ld\u0131m ve \u00fc\u00e7 saat sonra geri gelmem s\u00f6ylendi. Verilen g\u00f6z damlalar\u0131ndan dolay\u0131 biraz k\u00f6r ve \u0131\u015f\u0131\u011fa hassas halde Bo\u011fazi\u00e7i\u2019nde Dolmabah\u00e7e Saray\u0131\u2019na gittim, geri d\u00f6nd\u00fcm ve talimatlara uygun olarak bir \u015feyler yedim. \u00dc\u00e7 di\u011fer hasta ile birlikte klini\u011fin \u00fcst kat\u0131na g\u00f6t\u00fcr\u00fcld\u00fck. Benden \u00f6nce iki hasta i\u015flem g\u00f6rd\u00fc. \u0130kinci hasta ameliyat olurken, ben \u00fcnl\u00fc masaj koltu\u011funa oturdum. Operasyon \u00e7ok h\u0131zl\u0131 ge\u00e7ti ve \u015f\u00fcphelerime ra\u011fmen g\u00f6zlerimi uyu\u015fturan damlalar ger\u00e7ekten i\u015fe yarad\u0131; a\u011fr\u0131 hissetmedim. Bana s\u00fcrekli g\u00f6sterilen ye\u015fil \u0131\u015f\u0131\u011fa bakmam s\u00f6ylendi, bu da zor de\u011fildi. Lazer biraz ses yapt\u0131 ve yanm\u0131\u015f sa\u00e7 kokusu gibiydi. Her iki g\u00f6z de operasyondan \u00e7\u0131kt\u0131ktan sonra karanl\u0131k bir odaya g\u00f6t\u00fcr\u00fcld\u00fcm. Bir s\u00fcre sonra al\u0131nd\u0131m ve klini\u011fin alt kat\u0131na g\u00f6t\u00fcr\u00fcld\u00fcm. Bana ve di\u011fer hastalara g\u00f6z damlalar\u0131 verildi ve otele gitmemize izin verildi. Her \u015feyi biraz bulan\u0131k g\u00f6r\u00fcyordum ve \u00f6nce oteli bulmakta zorland\u0131m. Talimatlara uygun olarak otelde hemen uyudum. Ertesi sabah zaten net g\u00f6rebiliyordum. Sabah g\u00f6z doktorunda bir kontrol\u00fcm vard\u0131, ama 45 dakika sonra \u00e7\u0131kmama izin verildi. Yani \u0130stanbul\u2019u gezmek i\u00e7in t\u00fcm g\u00fcn\u00fcm vard\u0131. Ertesi g\u00fcn tekrar otelden al\u0131nd\u0131m ve havaalan\u0131na g\u00f6t\u00fcr\u00fcld\u00fcm. \u0130stanbul\u2019dan d\u00f6n\u00fc\u015f\u00fcm\u00fcn \u00fczerinden d\u00f6rt g\u00fcn ge\u00e7ti ve art\u0131k ger\u00e7ekten g\u00f6zl\u00fc\u011fe ihtiyac\u0131m yok. Art\u0131k g\u00f6zl\u00fckle g\u00f6rd\u00fc\u011f\u00fcmden bile daha iyi g\u00f6r\u00fcyorum. Evde, bana tan\u0131d\u0131k \u00e7evreyi ve insanlar\u0131 g\u00f6rmek beni \u00e7ok \u015fa\u015f\u0131rtt\u0131 \u2013 her \u015fey art\u0131k \u00e7ok net ve renkli g\u00f6r\u00fcn\u00fcyordu. Ayr\u0131ca mesafeleri ve derinli\u011fi \u00e7ok daha iyi alg\u0131l\u0131yorum. B\u00f6yle iyi bir sonu\u00e7 beklemiyordum; sadece g\u00f6zl\u00fckten kurtulmak istemi\u015ftim. Operasyondan ve swisslasik.ch\u2019in t\u00fcm organizasyonundan \u00e7ok memnunum ve g\u00f6zlerimin h\u00e2l\u00e2 iyi iyile\u015fmesini umuyorum. P. Lutz \u00d6nceki Rapor Sonraki Rapor<\/p>\n","protected":false},"author":4,"featured_media":0,"parent":4430,"menu_order":0,"comment_status":"closed","ping_status":"closed","template":"","meta":{"_joinchat":[],"footnotes":""},"class_list":["post-4464","page","type-page","status-publish","hentry"],"acf":[],"_links":{"self":[{"href":"https:\/\/medicaltravel.at\/tr\/wp-json\/wp\/v2\/pages\/4464","targetHints":{"allow":["GET"]}}],"collection":[{"href":"https:\/\/medicaltravel.at\/tr\/wp-json\/wp\/v2\/pages"}],"about":[{"href":"https:\/\/medicaltravel.at\/tr\/wp-json\/wp\/v2\/types\/page"}],"author":[{"embeddable":true,"href":"https:\/\/medicaltravel.at\/tr\/wp-json\/wp\/v2\/users\/4"}],"replies":[{"embeddable":true,"href":"https:\/\/medicaltravel.at\/tr\/wp-json\/wp\/v2\/comments?post=4464"}],"version-history":[{"count":2,"href":"https:\/\/medicaltravel.at\/tr\/wp-json\/wp\/v2\/pages\/4464\/revisions"}],"predecessor-version":[{"id":5834,"href":"https:\/\/medicaltravel.at\/tr\/wp-json\/wp\/v2\/pages\/4464\/revisions\/5834"}],"up":[{"embeddable":true,"href":"https:\/\/medicaltravel.at\/tr\/wp-json\/wp\/v2\/pages\/4430"}],"wp:attachment":[{"href":"https:\/\/medicaltravel.at\/tr\/wp-json\/wp\/v2\/media?parent=4464"}],"curies":[{"name":"wp","href":"https:\/\/api.w.org\/{rel}","templated":true}]}}