{"id":4462,"date":"2025-09-28T10:38:50","date_gmt":"2025-09-28T09:38:50","guid":{"rendered":"https:\/\/medicaltravel.at\/hasta-hikayeleri\/2009-2010-deneyim-raporlari\/bakim-konusunda-isvicre-hala-kendine-oernek-alabilir-30-kasim-2010-sali-tarihli-rapor\/"},"modified":"2026-01-13T16:21:11","modified_gmt":"2026-01-13T15:21:11","slug":"bakim-konusunda-isvicre-hala-kendine-oernek-alabilir-30-kasim-2010-sali-tarihli-rapor","status":"publish","type":"page","link":"https:\/\/medicaltravel.at\/tr\/hasta-hikayeleri\/2009-2010-deneyim-raporlari\/bakim-konusunda-isvicre-hala-kendine-oernek-alabilir-30-kasim-2010-sali-tarihli-rapor\/","title":{"rendered":"Bak\u0131m Konusunda \u0130svi\u00e7re H\u00e2l\u00e2 Kendine \u00d6rnek Alabilir \u2013 30 Kas\u0131m 2010 Sal\u0131 tarihli rapor"},"content":{"rendered":"\n<h3 class=\"wp-block-heading\">Bak\u0131m Konusunda \u0130svi\u00e7re H\u00e2l\u00e2 Kendine \u00d6rnek Alabilir \u2013 30 Kas\u0131m 2010 Sal\u0131 tarihli rapor<\/h3>\n\n\n\n<p>23 Ekim, nihayet zaman gelmi\u015fti. Yakla\u015f\u0131k 15 y\u0131l boyunca lens ve g\u00f6zl\u00fck kulland\u0131ktan sonra, sonunda g\u00f6zlerimi lazerle tedavi ettirmeye karar verdim. Nas\u0131l karar verdim? \u00c7ok basit: tamamen spontane! Lensleri art\u0131k kullanam\u0131yordum ve g\u00f6zl\u00fcklerimi ger\u00e7ekten nefret ediyordum; bu y\u00fczden karar \u00e7ok h\u0131zl\u0131 al\u0131nd\u0131. Tabii ki, herkesin akl\u0131na T\u00fcrkiye\u2019de yapt\u0131rmak gelmez (en az\u0131ndan tan\u0131d\u0131klar\u0131m i\u00e7in). Ama TV\u2019de birka\u00e7 rapor izledim, internette biraz ara\u015ft\u0131rma yapt\u0131m ve Swisslasik sitesine rastlad\u0131m\u2026 Yaz 2009\u2019du. Bana belgeler g\u00f6nderildi ve telefonla ileti\u015fime ge\u00e7tim. Sonras\u0131nda sadece randevu meselesiydi.<br><br>Dedi\u011fim gibi, 22 Ekim\u2019de ba\u015flad\u0131 her \u015fey. Annemle birlikte u\u00e7a\u011fa binip \u0130stanbul\u2019a gittik. Bizi m\u00fckemmel Almanca konu\u015fan \u00e7ok nazik bir \u00e7al\u0131\u015fan kar\u015f\u0131lad\u0131 ve otele g\u00f6t\u00fcrd\u00fc. Ertesi sabah, Z\u00fcrih\u2019ten ba\u015fka bir hasta ile birlikte al\u0131nd\u0131k ve otele sadece 5 dakikal\u0131k y\u00fcr\u00fcme mesafesindeki klini\u011fe g\u00f6t\u00fcr\u00fcld\u00fck. Herkes \u00e7ok samimiydi ve \u00f6n muayene asl\u0131nda \u00e7ok h\u0131zl\u0131 ge\u00e7ti; 2 saat sonra ameliyat olaca\u011f\u0131m s\u00f6ylendi. Yava\u015f yava\u015f biraz heyecanland\u0131m, ama daha \u00e7ok meraktan!<br>Klinik teknik bir sorun ya\u015fad\u0131\u011f\u0131 i\u00e7in ba\u015fka bir klini\u011fe g\u00f6t\u00fcr\u00fcld\u00fck, d\u0131\u015far\u0131dan bak\u0131ld\u0131\u011f\u0131nda adeta 5 y\u0131ld\u0131zl\u0131 bir otel gibiydi. Lazer i\u015flemi yakla\u015f\u0131k sadece 20 saniye s\u00fcrd\u00fc ve t\u00fcm s\u00fcre\u00e7 boyunca yan\u0131mda olan nazik \u015fof\u00f6r\u00fcm\u00fcz, san\u0131r\u0131m ad\u0131 Fred\u2019di, doktorun s\u00f6ylediklerini terc\u00fcme etti; bu bana \u00e7ok g\u00fcvenli ve rahat bir his verdi!<br><br>Her \u015fey bittikten sonra, d\u00f6rt ki\u015fi (3 hasta ve annem) tekrar otele g\u00f6t\u00fcr\u00fcld\u00fck. \u0130lk ak\u015fam olduk\u00e7a rahats\u0131z ediciydi, ama a\u011fr\u0131dan de\u011fil; g\u00f6zler \u00e7ok hassast\u0131. Bu y\u00fczden hemen yatmak, damlalar\u0131 uygulamak ve g\u00f6z pedleri takmak en iyisiydi, \u00e7\u00fcnk\u00fc ilk 10 g\u00fcn g\u00f6zleri ovu\u015fturmamak gerekiyordu. Ama ertesi g\u00fcn neredeyse %100 g\u00f6rebiliyordum ve kontrol sonucu olumlu \u00e7\u0131kt\u0131.<br><br>B\u00f6ylece annemle birlikte parlak g\u00fcne\u015f ve 23 derecede \u015fehir turuna \u00e7\u0131kt\u0131k, tabii ki g\u00fcne\u015f g\u00f6zl\u00fc\u011f\u00fc takarak! Yard\u0131mc\u0131 cihazlar olmadan her \u015feyi g\u00f6rebilmek harikayd\u0131! Bu klini\u011fi herkese tavsiye edebilirim. Otel, transfer ve ilgi konusunda organizasyon ger\u00e7ekten muazzam! Ve \u0130svi\u00e7re ile kar\u015f\u0131la\u015ft\u0131r\u0131ld\u0131\u011f\u0131nda fiyat inan\u0131lmaz!<br><br>Ameliyattan \u00fc\u00e7 hafta ge\u00e7ti ve \u0130svi\u00e7re\u2019de de kontrol\u00fcm yap\u0131ld\u0131; bu zaten fiyat\u0131n i\u00e7inde. Her \u015fey yolunda ve h\u00e2l\u00e2 g\u00f6zl\u00fck ve lens kullanmadan g\u00f6rebildi\u011fime inanam\u0131yorum; sabah uyand\u0131\u011f\u0131n\u0131zda g\u00f6zl\u00fc\u011f\u00fc aramak zorunda de\u011filsiniz! \u00d6nemli olan verilen damlalar\u0131 d\u00fczenli kullanmak ve nemlendirici damlalar\u0131 uzun s\u00fcre kullanmak.<br><br>Eye-Star ekibine tekrar \u00e7ok te\u015fekk\u00fcr etmek istiyorum; harika bir deneyim ve \u00e7ok daha iyi bir sonu\u00e7! T\u00fcrkiye\u2019de b\u00f6yle bir \u015feyin g\u00fcvenli olmad\u0131\u011f\u0131n\u0131 d\u00fc\u015f\u00fcnenlere, bak\u0131m a\u00e7\u0131s\u0131ndan \u0130svi\u00e7re veya Almanya\u2019n\u0131n bile \u00f6rnek alabilece\u011fini g\u00f6sterebildi\u011fimi umuyorum :-))<br><br>Sevgilerimle, Z\u00fcrih\u2019ten tekrar te\u015fekk\u00fcrler!<br><br>Stephanie Wegner<\/p>\n\n\n\n<figure class=\"wp-block-image size-full\"><img decoding=\"async\" width=\"68\" height=\"90\" src=\"https:\/\/medicaltravel.at\/wp-content\/uploads\/2025\/09\/csm_Istanbul_2010_053_9869162d55.jpg\" alt=\"\" class=\"wp-image-1243\"\/><\/figure>\n\n\n\n<div class=\"wp-block-group is-layout-grid wp-container-core-group-is-layout-baef362d wp-block-group-is-layout-grid\">\n<p><a href=\"https:\/\/medicaltravel.at\/home\/agb\/\" data-type=\"page\" data-id=\"2191\"><\/a><a href=\"https:\/\/medicaltravel.at\/tr\/hasta-hikayeleri\/2009-2010-deneyim-raporlari\/kasim-2010da-istanbuldaki-lazer-tedavim-5-aralik-2010-pazar-tarihli-rapor\/\" data-type=\"link\" data-id=\"https:\/\/medicaltravel.at\/tr\/hasta-hikayeleri\/2009-2010-deneyim-raporlari\/kasim-2010da-istanbuldaki-lazer-tedavim-5-aralik-2010-pazar-tarihli-rapor\/\">\u00d6nceki Rapor<\/a><\/p>\n\n\n\n<p class=\"has-text-align-right wp-container-content-5e2576f9\"><a href=\"https:\/\/medicaltravel.at\/home\/impressum\/\" data-type=\"page\" data-id=\"2193\"><\/a><a href=\"https:\/\/medicaltravel.at\/home\/berichte-von-patienten\/erfahrungsberichte\/erfahrungsbericht-zahnbehandlung-in-istanbul\/\" data-type=\"page\" data-id=\"981\"><\/a><a href=\"https:\/\/medicaltravel.at\/tr\/hasta-hikayeleri\/2009-2010-deneyim-raporlari\/goezlerimi-lazerle-tedavi-ettirdim-26-kasim-2010-cuma-tarihli-rapor\/\" data-type=\"link\" data-id=\"https:\/\/medicaltravel.at\/berichte-von-patienten\/erfahrungsberichte-2009-2010\/ich-habe-meine-augen-lasern-lassen-bericht-vom-freitag-26-november-2010\/\">Sonraki Rapor<\/a><\/p>\n<\/div>\n","protected":false},"excerpt":{"rendered":"<p>Bak\u0131m Konusunda \u0130svi\u00e7re H\u00e2l\u00e2 Kendine \u00d6rnek Alabilir \u2013 30 Kas\u0131m 2010 Sal\u0131 tarihli rapor 23 Ekim, nihayet zaman gelmi\u015fti. Yakla\u015f\u0131k 15 y\u0131l boyunca lens ve g\u00f6zl\u00fck kulland\u0131ktan sonra, sonunda g\u00f6zlerimi lazerle tedavi ettirmeye karar verdim. Nas\u0131l karar verdim? \u00c7ok basit: tamamen spontane! Lensleri art\u0131k kullanam\u0131yordum ve g\u00f6zl\u00fcklerimi ger\u00e7ekten nefret ediyordum; bu y\u00fczden karar \u00e7ok h\u0131zl\u0131 al\u0131nd\u0131. Tabii ki, herkesin akl\u0131na T\u00fcrkiye\u2019de yapt\u0131rmak gelmez (en az\u0131ndan tan\u0131d\u0131klar\u0131m i\u00e7in). Ama TV\u2019de birka\u00e7 rapor izledim, internette biraz ara\u015ft\u0131rma yapt\u0131m ve Swisslasik sitesine rastlad\u0131m\u2026 Yaz 2009\u2019du. Bana belgeler g\u00f6nderildi ve telefonla ileti\u015fime ge\u00e7tim. Sonras\u0131nda sadece randevu meselesiydi. Dedi\u011fim gibi, 22 Ekim\u2019de ba\u015flad\u0131 her \u015fey. Annemle birlikte u\u00e7a\u011fa binip \u0130stanbul\u2019a gittik. Bizi m\u00fckemmel Almanca konu\u015fan \u00e7ok nazik bir \u00e7al\u0131\u015fan kar\u015f\u0131lad\u0131 ve otele g\u00f6t\u00fcrd\u00fc. Ertesi sabah, Z\u00fcrih\u2019ten ba\u015fka bir hasta ile birlikte al\u0131nd\u0131k ve otele sadece 5 dakikal\u0131k y\u00fcr\u00fcme mesafesindeki klini\u011fe g\u00f6t\u00fcr\u00fcld\u00fck. Herkes \u00e7ok samimiydi ve \u00f6n muayene asl\u0131nda \u00e7ok h\u0131zl\u0131 ge\u00e7ti; 2 saat sonra ameliyat olaca\u011f\u0131m s\u00f6ylendi. Yava\u015f yava\u015f biraz heyecanland\u0131m, ama daha \u00e7ok meraktan!Klinik teknik bir sorun ya\u015fad\u0131\u011f\u0131 i\u00e7in ba\u015fka bir klini\u011fe g\u00f6t\u00fcr\u00fcld\u00fck, d\u0131\u015far\u0131dan bak\u0131ld\u0131\u011f\u0131nda adeta 5 y\u0131ld\u0131zl\u0131 bir otel gibiydi. Lazer i\u015flemi yakla\u015f\u0131k sadece 20 saniye s\u00fcrd\u00fc ve t\u00fcm s\u00fcre\u00e7 boyunca yan\u0131mda olan nazik \u015fof\u00f6r\u00fcm\u00fcz, san\u0131r\u0131m ad\u0131 Fred\u2019di, doktorun s\u00f6ylediklerini terc\u00fcme etti; bu bana \u00e7ok g\u00fcvenli ve rahat bir his verdi! Her \u015fey bittikten sonra, d\u00f6rt ki\u015fi (3 hasta ve annem) tekrar otele g\u00f6t\u00fcr\u00fcld\u00fck. \u0130lk ak\u015fam olduk\u00e7a rahats\u0131z ediciydi, ama a\u011fr\u0131dan de\u011fil; g\u00f6zler \u00e7ok hassast\u0131. Bu y\u00fczden hemen yatmak, damlalar\u0131 uygulamak ve g\u00f6z pedleri takmak en iyisiydi, \u00e7\u00fcnk\u00fc ilk 10 g\u00fcn g\u00f6zleri ovu\u015fturmamak gerekiyordu. Ama ertesi g\u00fcn neredeyse %100 g\u00f6rebiliyordum ve kontrol sonucu olumlu \u00e7\u0131kt\u0131. B\u00f6ylece annemle birlikte parlak g\u00fcne\u015f ve 23 derecede \u015fehir turuna \u00e7\u0131kt\u0131k, tabii ki g\u00fcne\u015f g\u00f6zl\u00fc\u011f\u00fc takarak! Yard\u0131mc\u0131 cihazlar olmadan her \u015feyi g\u00f6rebilmek harikayd\u0131! Bu klini\u011fi herkese tavsiye edebilirim. Otel, transfer ve ilgi konusunda organizasyon ger\u00e7ekten muazzam! Ve \u0130svi\u00e7re ile kar\u015f\u0131la\u015ft\u0131r\u0131ld\u0131\u011f\u0131nda fiyat inan\u0131lmaz! Ameliyattan \u00fc\u00e7 hafta ge\u00e7ti ve \u0130svi\u00e7re\u2019de de kontrol\u00fcm yap\u0131ld\u0131; bu zaten fiyat\u0131n i\u00e7inde. Her \u015fey yolunda ve h\u00e2l\u00e2 g\u00f6zl\u00fck ve lens kullanmadan g\u00f6rebildi\u011fime inanam\u0131yorum; sabah uyand\u0131\u011f\u0131n\u0131zda g\u00f6zl\u00fc\u011f\u00fc aramak zorunda de\u011filsiniz! \u00d6nemli olan verilen damlalar\u0131 d\u00fczenli kullanmak ve nemlendirici damlalar\u0131 uzun s\u00fcre kullanmak. Eye-Star ekibine tekrar \u00e7ok te\u015fekk\u00fcr etmek istiyorum; harika bir deneyim ve \u00e7ok daha iyi bir sonu\u00e7! T\u00fcrkiye\u2019de b\u00f6yle bir \u015feyin g\u00fcvenli olmad\u0131\u011f\u0131n\u0131 d\u00fc\u015f\u00fcnenlere, bak\u0131m a\u00e7\u0131s\u0131ndan \u0130svi\u00e7re veya Almanya\u2019n\u0131n bile \u00f6rnek alabilece\u011fini g\u00f6sterebildi\u011fimi umuyorum :-)) Sevgilerimle, Z\u00fcrih\u2019ten tekrar te\u015fekk\u00fcrler! Stephanie Wegner \u00d6nceki Rapor Sonraki Rapor<\/p>\n","protected":false},"author":4,"featured_media":0,"parent":4430,"menu_order":0,"comment_status":"closed","ping_status":"closed","template":"","meta":{"_joinchat":[],"footnotes":""},"class_list":["post-4462","page","type-page","status-publish","hentry"],"acf":[],"_links":{"self":[{"href":"https:\/\/medicaltravel.at\/tr\/wp-json\/wp\/v2\/pages\/4462","targetHints":{"allow":["GET"]}}],"collection":[{"href":"https:\/\/medicaltravel.at\/tr\/wp-json\/wp\/v2\/pages"}],"about":[{"href":"https:\/\/medicaltravel.at\/tr\/wp-json\/wp\/v2\/types\/page"}],"author":[{"embeddable":true,"href":"https:\/\/medicaltravel.at\/tr\/wp-json\/wp\/v2\/users\/4"}],"replies":[{"embeddable":true,"href":"https:\/\/medicaltravel.at\/tr\/wp-json\/wp\/v2\/comments?post=4462"}],"version-history":[{"count":2,"href":"https:\/\/medicaltravel.at\/tr\/wp-json\/wp\/v2\/pages\/4462\/revisions"}],"predecessor-version":[{"id":5819,"href":"https:\/\/medicaltravel.at\/tr\/wp-json\/wp\/v2\/pages\/4462\/revisions\/5819"}],"up":[{"embeddable":true,"href":"https:\/\/medicaltravel.at\/tr\/wp-json\/wp\/v2\/pages\/4430"}],"wp:attachment":[{"href":"https:\/\/medicaltravel.at\/tr\/wp-json\/wp\/v2\/media?parent=4462"}],"curies":[{"name":"wp","href":"https:\/\/api.w.org\/{rel}","templated":true}]}}