{"id":4459,"date":"2025-09-28T10:41:56","date_gmt":"2025-09-28T09:41:56","guid":{"rendered":"https:\/\/medicaltravel.at\/hasta-hikayeleri\/2009-2010-deneyim-raporlari\/artik-kartal-gibi-net-goerueyorum-ve-sadece-mutlu-ve-minnettarim-1-agustos-2010-pazar-tarihli-rapor\/"},"modified":"2026-01-13T16:24:01","modified_gmt":"2026-01-13T15:24:01","slug":"artik-kartal-gibi-net-goerueyorum-ve-sadece-mutlu-ve-minnettarim-1-agustos-2010-pazar-tarihli-rapor","status":"publish","type":"page","link":"https:\/\/medicaltravel.at\/tr\/hasta-hikayeleri\/2009-2010-deneyim-raporlari\/artik-kartal-gibi-net-goerueyorum-ve-sadece-mutlu-ve-minnettarim-1-agustos-2010-pazar-tarihli-rapor\/","title":{"rendered":"Art\u0131k Kartal Gibi Net G\u00f6r\u00fcyorum ve Sadece Mutlu ve Minnettar\u0131m \u2013 1 A\u011fustos 2010 Pazar tarihli rapor"},"content":{"rendered":"\n<h3 class=\"wp-block-heading\">Art\u0131k Kartal Gibi Net G\u00f6r\u00fcyorum ve Sadece Mutlu ve Minnettar\u0131m \u2013 1 A\u011fustos 2010 Pazar tarihli rapor<\/h3>\n\n<p>Haziran 2010\u2019da \u0130stanbul\u2019daki g\u00f6z ameliyat\u0131m hakk\u0131nda raporum<br\/><br\/>Uzun s\u00fcredir lazerle g\u00f6z d\u00fczeltme yapt\u0131rmay\u0131 d\u00fc\u015f\u00fcn\u00fcyordum. Tan\u0131d\u0131klar\u0131m aras\u0131nda T\u00fcrkiye\u2019de ba\u015far\u0131l\u0131 bir \u015fekilde ameliyat olan birka\u00e7 ki\u015fi vard\u0131. Ama tam olarak nerede oldu\u011funu bilmiyordum. Bir k\u0131\u015f ak\u015fam\u0131, bir kadeh \u015farap e\u015fli\u011finde internette dola\u015f\u0131rken SwissLasik G\u00f6z Merkezi\u2019ne rastlad\u0131m. Sayg\u0131l\u0131 bir foto\u011fraf ve bir telefon numaras\u0131, benim ileti\u015fime ge\u00e7mem i\u00e7in cesaret verdi. Telefonda hemen samimi, rahat ama ayn\u0131 zamanda yetkin bir sohbet ba\u015flad\u0131.<br\/><br\/>O andan itibaren ameliyat d\u00fc\u015f\u00fcncesi akl\u0131mdan \u00e7\u0131kmad\u0131. Birka\u00e7 ay boyunca Bay Karagaa\u00e7li ile e-posta ve telefon yoluyla ileti\u015fimde kald\u0131m, t\u00fcm sorular\u0131m\u0131 sordum, ara\u015ft\u0131rmalar yapt\u0131m ve nihayet bu b\u00fcy\u00fck ad\u0131m\u0131 atmaya karar verdim. Bu karar s\u00fcrecinde, hi\u00e7bir zaman bask\u0131 alt\u0131nda hissetmedim. Bu durum, firmaya ve felsefesine olan g\u00fcvenimi art\u0131rd\u0131. Ayr\u0131ca, k\u00e2r amac\u0131 g\u00fctmeyen bir \u0130svi\u00e7re g\u00f6z doktoru taraf\u0131ndan yap\u0131lan ba\u011f\u0131ms\u0131z kontrol ve ameliyat sonras\u0131 d\u00f6rt kez yap\u0131lan kontroller de beni ikna etti.<br\/><br\/>Nihai karar\u0131, daha \u00f6nce ameliyat olmu\u015f m\u00fc\u015fterilerle birka\u00e7 ileti\u015fim sonras\u0131 g\u00fcven ve rahat bir hisle verdim. Bay Karagaa\u00e7li, talebim \u00fczerine bana bir referans listesi de g\u00f6ndermi\u015fti. \u0130stanbul\u2019a arkada\u015f\u0131m e\u015flik etti. Bir haftal\u0131k tatil planlad\u0131k, b\u00f6ylece bu harika \u015fehri gezmek i\u00e7in yeterli zaman\u0131m\u0131z oldu. Samimi bir \u015fekilde kar\u015f\u0131land\u0131k, t\u00fcm gerekli bilgiler verildi ve sessiz bir yaya b\u00f6lgesinde, bak\u0131ml\u0131 k\u00fc\u00e7\u00fck bir otelde kald\u0131k.<br\/><br\/>\u00d6nce iki tatil g\u00fcn\u00fc ay\u0131rd\u0131\u011f\u0131m\u0131z i\u00e7in, Pazartesi g\u00fcn\u00fc \u00f6n muayene i\u00e7in k\u00f6\u015fedeki klini\u011fe giderken \u00e7ok rahatlam\u0131\u015ft\u0131m. Rahat ve sakin ortam, iyi uyumlu bir ekibe i\u015faret ediyordu. Ekip, kendi dilimde yetkin \u015fekilde bilgi verdi ve sorular\u0131ma tatmin edici yan\u0131tlar sa\u011flad\u0131.<br\/><br\/>Ameliyat \u00e7ok h\u0131zl\u0131 ve a\u011fr\u0131s\u0131z ge\u00e7ti \u2013 bir ak\u0131l di\u015fi \u00e7ekimi yan\u0131na yakla\u015famaz, hem \u00e7ok daha a\u011fr\u0131l\u0131d\u0131r! Ertesi g\u00fcn yap\u0131lan kontrol s\u0131ras\u0131nda, \u0130stanbul\u2019da ya\u015fayan ve kocas\u0131yla birlikte burada olan bir Alman kad\u0131n, bir\u00e7ok lazer merkezi ziyaret etti\u011fini ama SwissLasik\u2019ten bu kadar \u00e7abuk etkilenmedi\u011fini anlatt\u0131. K\u00fc\u00e7\u00fck \u00e7apl\u0131 ki\u015fisel ilgi onu etkiledi; di\u011fer merkezlerin sundu\u011fu kalabal\u0131k hizmet \u015fekli ise cayd\u0131r\u0131c\u0131 olmu\u015f. Ben de tamamen ayn\u0131 fikirdeyim!<br\/><br\/>Do\u011fru se\u00e7imi yapt\u0131m ve her zaman tavsiye edebilirim. Her \u015fey i\u00e7in i\u00e7ten te\u015fekk\u00fcrler! R. Senn<br\/><br\/>\u015eimdi g\u00f6zlerim kartal gibi keskin g\u00f6r\u00fcyor ve sadece mutlu ve minnettar hissediyorum!                           <\/p>\n\n<div class=\"wp-block-group is-layout-grid wp-container-core-group-is-layout-baef362d wp-block-group-is-layout-grid\">\n<p><a href=\"https:\/\/medicaltravel.at\/home\/agb\/\" data-type=\"page\" data-id=\"2191\"><\/a><a href=\"https:\/\/medicaltravel.at\/tr\/hasta-hikayeleri\/2009-2010-deneyim-raporlari\/istanbulda-goez-lazer-ameliyati-bir-hayal-gercek-oluyor-11-agustos-2010-carsamba-tarihli-rapor\/\" data-type=\"link\" data-id=\"https:\/\/medicaltravel.at\/berichte-von-patienten\/erfahrungsberichte-2009-2010\/augenlasern-in-istanbul-ein-traum-wird-wahr-bericht-vom-mittwoch-11-august-2010\/\">\u00d6nceki Rapor<\/a><\/p>\n\n\n\n<p class=\"has-text-align-right wp-container-content-5e2576f9\"><a href=\"https:\/\/medicaltravel.at\/home\/impressum\/\" data-type=\"page\" data-id=\"2193\"><\/a><a href=\"https:\/\/medicaltravel.at\/home\/berichte-von-patienten\/erfahrungsberichte\/erfahrungsbericht-zahnbehandlung-in-istanbul\/\" data-type=\"page\" data-id=\"981\"><\/a><a href=\"https:\/\/medicaltravel.at\/tr\/hasta-hikayeleri\/2009-2010-deneyim-raporlari\/nihayet-goerme-engeli-olmadan-yasama-hayalini-gerceklestirdim-ameliyat-17-06-2010-25-temmuz-2010-pazar-tarihli-rapor\/\" data-type=\"link\" data-id=\"https:\/\/medicaltravel.at\/berichte-von-patienten\/erfahrungsberichte-2009-2010\/endlich-den-traum-vom-leben-ohne-sehbehinderung-erfullt-op-17-06-2010-bericht-vom-sonntag-25-juli-2010\/\">Sonraki Rapor<\/a><\/p>\n<\/div>\n","protected":false},"excerpt":{"rendered":"<p>Art\u0131k Kartal Gibi Net G\u00f6r\u00fcyorum ve Sadece Mutlu ve Minnettar\u0131m \u2013 1 A\u011fustos 2010 Pazar tarihli rapor Haziran 2010\u2019da \u0130stanbul\u2019daki g\u00f6z ameliyat\u0131m hakk\u0131nda raporum Uzun s\u00fcredir lazerle g\u00f6z d\u00fczeltme yapt\u0131rmay\u0131 d\u00fc\u015f\u00fcn\u00fcyordum. Tan\u0131d\u0131klar\u0131m aras\u0131nda T\u00fcrkiye\u2019de ba\u015far\u0131l\u0131 bir \u015fekilde ameliyat olan birka\u00e7 ki\u015fi vard\u0131. Ama tam olarak nerede oldu\u011funu bilmiyordum. Bir k\u0131\u015f ak\u015fam\u0131, bir kadeh \u015farap e\u015fli\u011finde internette dola\u015f\u0131rken SwissLasik G\u00f6z Merkezi\u2019ne rastlad\u0131m. Sayg\u0131l\u0131 bir foto\u011fraf ve bir telefon numaras\u0131, benim ileti\u015fime ge\u00e7mem i\u00e7in cesaret verdi. Telefonda hemen samimi, rahat ama ayn\u0131 zamanda yetkin bir sohbet ba\u015flad\u0131. O andan itibaren ameliyat d\u00fc\u015f\u00fcncesi akl\u0131mdan \u00e7\u0131kmad\u0131. Birka\u00e7 ay boyunca Bay Karagaa\u00e7li ile e-posta ve telefon yoluyla ileti\u015fimde kald\u0131m, t\u00fcm sorular\u0131m\u0131 sordum, ara\u015ft\u0131rmalar yapt\u0131m ve nihayet bu b\u00fcy\u00fck ad\u0131m\u0131 atmaya karar verdim. Bu karar s\u00fcrecinde, hi\u00e7bir zaman bask\u0131 alt\u0131nda hissetmedim. Bu durum, firmaya ve felsefesine olan g\u00fcvenimi art\u0131rd\u0131. Ayr\u0131ca, k\u00e2r amac\u0131 g\u00fctmeyen bir \u0130svi\u00e7re g\u00f6z doktoru taraf\u0131ndan yap\u0131lan ba\u011f\u0131ms\u0131z kontrol ve ameliyat sonras\u0131 d\u00f6rt kez yap\u0131lan kontroller de beni ikna etti. Nihai karar\u0131, daha \u00f6nce ameliyat olmu\u015f m\u00fc\u015fterilerle birka\u00e7 ileti\u015fim sonras\u0131 g\u00fcven ve rahat bir hisle verdim. Bay Karagaa\u00e7li, talebim \u00fczerine bana bir referans listesi de g\u00f6ndermi\u015fti. \u0130stanbul\u2019a arkada\u015f\u0131m e\u015flik etti. Bir haftal\u0131k tatil planlad\u0131k, b\u00f6ylece bu harika \u015fehri gezmek i\u00e7in yeterli zaman\u0131m\u0131z oldu. Samimi bir \u015fekilde kar\u015f\u0131land\u0131k, t\u00fcm gerekli bilgiler verildi ve sessiz bir yaya b\u00f6lgesinde, bak\u0131ml\u0131 k\u00fc\u00e7\u00fck bir otelde kald\u0131k. \u00d6nce iki tatil g\u00fcn\u00fc ay\u0131rd\u0131\u011f\u0131m\u0131z i\u00e7in, Pazartesi g\u00fcn\u00fc \u00f6n muayene i\u00e7in k\u00f6\u015fedeki klini\u011fe giderken \u00e7ok rahatlam\u0131\u015ft\u0131m. Rahat ve sakin ortam, iyi uyumlu bir ekibe i\u015faret ediyordu. Ekip, kendi dilimde yetkin \u015fekilde bilgi verdi ve sorular\u0131ma tatmin edici yan\u0131tlar sa\u011flad\u0131. Ameliyat \u00e7ok h\u0131zl\u0131 ve a\u011fr\u0131s\u0131z ge\u00e7ti \u2013 bir ak\u0131l di\u015fi \u00e7ekimi yan\u0131na yakla\u015famaz, hem \u00e7ok daha a\u011fr\u0131l\u0131d\u0131r! Ertesi g\u00fcn yap\u0131lan kontrol s\u0131ras\u0131nda, \u0130stanbul\u2019da ya\u015fayan ve kocas\u0131yla birlikte burada olan bir Alman kad\u0131n, bir\u00e7ok lazer merkezi ziyaret etti\u011fini ama SwissLasik\u2019ten bu kadar \u00e7abuk etkilenmedi\u011fini anlatt\u0131. K\u00fc\u00e7\u00fck \u00e7apl\u0131 ki\u015fisel ilgi onu etkiledi; di\u011fer merkezlerin sundu\u011fu kalabal\u0131k hizmet \u015fekli ise cayd\u0131r\u0131c\u0131 olmu\u015f. Ben de tamamen ayn\u0131 fikirdeyim! Do\u011fru se\u00e7imi yapt\u0131m ve her zaman tavsiye edebilirim. Her \u015fey i\u00e7in i\u00e7ten te\u015fekk\u00fcrler! R. Senn \u015eimdi g\u00f6zlerim kartal gibi keskin g\u00f6r\u00fcyor ve sadece mutlu ve minnettar hissediyorum! \u00d6nceki Rapor Sonraki Rapor<\/p>\n","protected":false},"author":4,"featured_media":0,"parent":4430,"menu_order":0,"comment_status":"closed","ping_status":"closed","template":"","meta":{"_joinchat":[],"footnotes":""},"class_list":["post-4459","page","type-page","status-publish","hentry"],"acf":[],"_links":{"self":[{"href":"https:\/\/medicaltravel.at\/tr\/wp-json\/wp\/v2\/pages\/4459","targetHints":{"allow":["GET"]}}],"collection":[{"href":"https:\/\/medicaltravel.at\/tr\/wp-json\/wp\/v2\/pages"}],"about":[{"href":"https:\/\/medicaltravel.at\/tr\/wp-json\/wp\/v2\/types\/page"}],"author":[{"embeddable":true,"href":"https:\/\/medicaltravel.at\/tr\/wp-json\/wp\/v2\/users\/4"}],"replies":[{"embeddable":true,"href":"https:\/\/medicaltravel.at\/tr\/wp-json\/wp\/v2\/comments?post=4459"}],"version-history":[{"count":1,"href":"https:\/\/medicaltravel.at\/tr\/wp-json\/wp\/v2\/pages\/4459\/revisions"}],"predecessor-version":[{"id":4460,"href":"https:\/\/medicaltravel.at\/tr\/wp-json\/wp\/v2\/pages\/4459\/revisions\/4460"}],"up":[{"embeddable":true,"href":"https:\/\/medicaltravel.at\/tr\/wp-json\/wp\/v2\/pages\/4430"}],"wp:attachment":[{"href":"https:\/\/medicaltravel.at\/tr\/wp-json\/wp\/v2\/media?parent=4459"}],"curies":[{"name":"wp","href":"https:\/\/api.w.org\/{rel}","templated":true}]}}