{"id":4457,"date":"2025-09-28T10:39:42","date_gmt":"2025-09-28T09:39:42","guid":{"rendered":"https:\/\/medicaltravel.at\/hasta-hikayeleri\/2009-2010-deneyim-raporlari\/goezlerimi-lazerle-tedavi-ettirdim-26-kasim-2010-cuma-tarihli-rapor\/"},"modified":"2026-01-13T16:21:52","modified_gmt":"2026-01-13T15:21:52","slug":"goezlerimi-lazerle-tedavi-ettirdim-26-kasim-2010-cuma-tarihli-rapor","status":"publish","type":"page","link":"https:\/\/medicaltravel.at\/tr\/hasta-hikayeleri\/2009-2010-deneyim-raporlari\/goezlerimi-lazerle-tedavi-ettirdim-26-kasim-2010-cuma-tarihli-rapor\/","title":{"rendered":"G\u00f6zlerimi Lazerle Tedavi Ettirdim! \u2013 26 Kas\u0131m 2010 Cuma tarihli rapor"},"content":{"rendered":"\n<h3 class=\"wp-block-heading\">G\u00f6zlerimi Lazerle Tedavi Ettirdim! \u2013 26 Kas\u0131m 2010 Cuma tarihli rapor <\/h3>\n\n\n\n<p>G\u00f6zlerimi lazerle tedavi ettirdim \u00e7\u00fcnk\u00fc g\u00f6zl\u00fck numaram \u00e7ok y\u00fcksek, eksi on bir diyoptri ve ayr\u0131ca g\u00f6rme yetimi giderek kaybediyordum. Swisslasik ile nas\u0131l tan\u0131\u015ft\u0131m? On y\u0131l \u00f6nce ilk kez g\u00f6z ameliyatlar\u0131yla ilgilenmi\u015ftim. Ancak o zamanlar bana, g\u00f6z lazer teknolojisinin deneyiminin yeterince bilinmedi\u011fi ve numaram\u0131n lazer i\u00e7in \u00e7ok y\u00fcksek oldu\u011fu gerek\u00e7esiyle ertelenmi\u015fti. Yakla\u015f\u0131k yar\u0131m y\u0131l \u00f6nce \u0130svi\u00e7re\u2019de konuyu tekrar ele ald\u0131m ve g\u00f6z\u00fcm\u00fcn temel olarak operasyon i\u00e7in uygun oldu\u011fu, ancak bu y\u00fcksek numarayla m\u00fcmk\u00fcn olmayaca\u011f\u0131 onay\u0131n\u0131 ald\u0131m. Ablam\u0131n EyeSTAR\u2019da operasyon yapt\u0131rmas\u0131 sayesinde yurt d\u0131\u015f\u0131nda bir imkan olabilece\u011fini \u00f6\u011frendim. Hemen Bay Karaaga\u00e7li ile ileti\u015fime ge\u00e7tim. \u00c7ok keyifli bir g\u00f6r\u00fc\u015fmenin ard\u0131ndan, numaram\u0131n y\u00fcksek olmas\u0131 nedeniyle lazer mi yoksa lens implant\u0131 operasyonu mu yap\u0131laca\u011f\u0131 h\u00e2l\u00e2 belirsiz oldu\u011fu i\u00e7in operasyon yapt\u0131rmaya karar verdim.<br><br>Yolculuk tarihi yakla\u015ft\u0131\u011f\u0131nda e\u015fim de k\u0131sa s\u00fcrede gelmeye karar verdi. Havaliman\u0131nda s\u0131cak bir \u015fekilde kar\u015f\u0131land\u0131k ve \u0130stanbul\u2019un al\u0131\u015fveri\u015f caddesinin ortas\u0131nda, harika bir konumda bulunan otele g\u00f6t\u00fcr\u00fcld\u00fck. Ertesi g\u00fcn, planland\u0131\u011f\u0131 gibi otel lobisinde al\u0131nd\u0131k ve klini\u011fe g\u00f6t\u00fcr\u00fcld\u00fck. Klinik, otelden be\u015f dakikal\u0131k y\u00fcr\u00fcme mesafesinde. Giri\u015fte ayakkab\u0131lar\u0131n \u00fczerine koruyucu k\u0131l\u0131f ge\u00e7iriliyor. Bekleme alan\u0131 \u00e7ok ayd\u0131nl\u0131k ve rahat. Resepsiyon iyi.<br><br>Sabah saatlerinde t\u00fcm muayeneler tekrar detayl\u0131 \u015fekilde yap\u0131ld\u0131, tabii ki Almanca konu\u015fan bir ekip e\u015fli\u011finde. Sonras\u0131nda doktorla yap\u0131lan g\u00f6r\u00fc\u015fmede lazer operasyonun m\u00fcmk\u00fcn oldu\u011fu s\u00f6ylendi, ancak %1-2\u2019lik bir risk bulundu\u011fu da belirtildi. Bu, olas\u0131 olarak h\u00e2l\u00e2 araba kullan\u0131rken veya okurken g\u00f6zl\u00fck takma gereklili\u011fi anlam\u0131na gelebilir.<br><br>Operasyon ak\u015fam saatlerinde ba\u015fka bir klinikte yap\u0131ld\u0131, \u00e7\u00fcnk\u00fc cihazlar ar\u0131zal\u0131yd\u0131. Ancak EyeSTAR ekibinin deste\u011fi orada da m\u00fckemmeldi. Operasyon h\u0131zl\u0131 ve sorunsuz ge\u00e7ti, numaram y\u00fcksek olmas\u0131na ra\u011fmen lazerleme bir dakikadan fazla s\u00fcrd\u00fc. Otele d\u00f6n\u00fc\u015f biraz zordu \u00e7\u00fcnk\u00fc g\u00f6zlerim \u00e7ok sulan\u0131yor ve araba farlar\u0131 beni rahats\u0131z ediyordu. Otele var\u0131nca k\u0131sa bir s\u00fcre dinlendim, ard\u0131ndan ak\u015fam yeme\u011fine \u00e7\u0131kt\u0131m ve erken yatt\u0131m.<br><br>Ertesi sabah her \u015feyi net g\u00f6rebiliyordum, bu daha \u00f6nce asla m\u00fcmk\u00fcn de\u011fildi. \u0130stanbul ayr\u0131ca \u00e7ok say\u0131da g\u00f6r\u00fclmeye de\u011fer yere sahip bir \u015fehir. Operasyondan sonra iki-\u00fc\u00e7 g\u00fcn boyunca g\u00f6z\u00fcmde k\u00fc\u00e7\u00fck bir kum tanesi hissi vard\u0131 ama her \u015feye de\u011ferdi ve herkese mutlulukla yeni ya\u015fam kalitemi anlatt\u0131m. Otuz y\u0131l g\u00f6zl\u00fck takt\u0131ktan sonra b\u00f6yle bir mucizenin m\u00fcmk\u00fcn olabilece\u011fini hayal etmek neredeyse imkans\u0131zd\u0131. Bunu her zaman tekrar yapar\u0131m ve ke\u015fke daha \u00f6nce yapt\u0131rsayd\u0131m diye neredeyse pi\u015fman oluyorum.                              Bug\u00fcnk\u00fc g\u00f6z doktoru muayenesinden, operasyonun \u00fczerinden bir ay ge\u00e7tikten sonra, fark etti\u011fim bir g\u00f6rme d\u00fc\u015f\u00fc\u015f\u00fcne ra\u011fmen g\u00f6rme d\u00fczeltici olmadan g\u00f6rebiliyorum. Doktor, g\u00f6zlerimin h\u00e2l\u00e2 \u00e7ok kuru oldu\u011fu i\u00e7in g\u00f6z damlalar\u0131n\u0131 kullanmaya devam etmemi \u00f6neriyor. G\u00f6zlerim h\u00e2l\u00e2 yeterince stabil olmad\u0131\u011f\u0131 i\u00e7in kesin bir sonu\u00e7 \u00e7\u0131karmak m\u00fcmk\u00fcn de\u011fil.  <\/p>\n\n\n\n<div class=\"wp-block-group is-layout-grid wp-container-core-group-is-layout-baef362d wp-block-group-is-layout-grid\">\n<p><a href=\"https:\/\/medicaltravel.at\/home\/agb\/\" data-type=\"page\" data-id=\"2191\"><\/a><a href=\"https:\/\/medicaltravel.at\/tr\/hasta-hikayeleri\/2009-2010-deneyim-raporlari\/bakim-konusunda-isvicre-hala-kendine-oernek-alabilir-30-kasim-2010-sali-tarihli-rapor\/\" data-type=\"link\" data-id=\"https:\/\/medicaltravel.at\/tr\/hasta-hikayeleri\/2009-2010-deneyim-raporlari\/bakim-konusunda-isvicre-hala-kendine-oernek-alabilir-30-kasim-2010-sali-tarihli-rapor\/\">\u00d6nceki Rapor<\/a><\/p>\n\n\n\n<p class=\"has-text-align-right wp-container-content-5e2576f9\"><a href=\"https:\/\/medicaltravel.at\/home\/impressum\/\" data-type=\"page\" data-id=\"2193\"><\/a><a href=\"https:\/\/medicaltravel.at\/home\/berichte-von-patienten\/erfahrungsberichte\/erfahrungsbericht-zahnbehandlung-in-istanbul\/\" data-type=\"page\" data-id=\"981\"><\/a><a href=\"https:\/\/medicaltravel.at\/tr\/hasta-hikayeleri\/2009-2010-deneyim-raporlari\/istanbuldaki-lazer-ameliyatim-24-agustos-2010-sali-tarihli-rapor\/\" data-type=\"link\" data-id=\"https:\/\/medicaltravel.at\/tr\/hasta-hikayeleri\/2009-2010-deneyim-raporlari\/istanbuldaki-lazer-ameliyatim-24-agustos-2010-sali-tarihli-rapor\/\">Sonraki Rapor<\/a><\/p>\n<\/div>\n","protected":false},"excerpt":{"rendered":"<p>G\u00f6zlerimi Lazerle Tedavi Ettirdim! \u2013 26 Kas\u0131m 2010 Cuma tarihli rapor G\u00f6zlerimi lazerle tedavi ettirdim \u00e7\u00fcnk\u00fc g\u00f6zl\u00fck numaram \u00e7ok y\u00fcksek, eksi on bir diyoptri ve ayr\u0131ca g\u00f6rme yetimi giderek kaybediyordum. Swisslasik ile nas\u0131l tan\u0131\u015ft\u0131m? On y\u0131l \u00f6nce ilk kez g\u00f6z ameliyatlar\u0131yla ilgilenmi\u015ftim. Ancak o zamanlar bana, g\u00f6z lazer teknolojisinin deneyiminin yeterince bilinmedi\u011fi ve numaram\u0131n lazer i\u00e7in \u00e7ok y\u00fcksek oldu\u011fu gerek\u00e7esiyle ertelenmi\u015fti. Yakla\u015f\u0131k yar\u0131m y\u0131l \u00f6nce \u0130svi\u00e7re\u2019de konuyu tekrar ele ald\u0131m ve g\u00f6z\u00fcm\u00fcn temel olarak operasyon i\u00e7in uygun oldu\u011fu, ancak bu y\u00fcksek numarayla m\u00fcmk\u00fcn olmayaca\u011f\u0131 onay\u0131n\u0131 ald\u0131m. Ablam\u0131n EyeSTAR\u2019da operasyon yapt\u0131rmas\u0131 sayesinde yurt d\u0131\u015f\u0131nda bir imkan olabilece\u011fini \u00f6\u011frendim. Hemen Bay Karaaga\u00e7li ile ileti\u015fime ge\u00e7tim. \u00c7ok keyifli bir g\u00f6r\u00fc\u015fmenin ard\u0131ndan, numaram\u0131n y\u00fcksek olmas\u0131 nedeniyle lazer mi yoksa lens implant\u0131 operasyonu mu yap\u0131laca\u011f\u0131 h\u00e2l\u00e2 belirsiz oldu\u011fu i\u00e7in operasyon yapt\u0131rmaya karar verdim. Yolculuk tarihi yakla\u015ft\u0131\u011f\u0131nda e\u015fim de k\u0131sa s\u00fcrede gelmeye karar verdi. Havaliman\u0131nda s\u0131cak bir \u015fekilde kar\u015f\u0131land\u0131k ve \u0130stanbul\u2019un al\u0131\u015fveri\u015f caddesinin ortas\u0131nda, harika bir konumda bulunan otele g\u00f6t\u00fcr\u00fcld\u00fck. Ertesi g\u00fcn, planland\u0131\u011f\u0131 gibi otel lobisinde al\u0131nd\u0131k ve klini\u011fe g\u00f6t\u00fcr\u00fcld\u00fck. Klinik, otelden be\u015f dakikal\u0131k y\u00fcr\u00fcme mesafesinde. Giri\u015fte ayakkab\u0131lar\u0131n \u00fczerine koruyucu k\u0131l\u0131f ge\u00e7iriliyor. Bekleme alan\u0131 \u00e7ok ayd\u0131nl\u0131k ve rahat. Resepsiyon iyi. Sabah saatlerinde t\u00fcm muayeneler tekrar detayl\u0131 \u015fekilde yap\u0131ld\u0131, tabii ki Almanca konu\u015fan bir ekip e\u015fli\u011finde. Sonras\u0131nda doktorla yap\u0131lan g\u00f6r\u00fc\u015fmede lazer operasyonun m\u00fcmk\u00fcn oldu\u011fu s\u00f6ylendi, ancak %1-2\u2019lik bir risk bulundu\u011fu da belirtildi. Bu, olas\u0131 olarak h\u00e2l\u00e2 araba kullan\u0131rken veya okurken g\u00f6zl\u00fck takma gereklili\u011fi anlam\u0131na gelebilir. Operasyon ak\u015fam saatlerinde ba\u015fka bir klinikte yap\u0131ld\u0131, \u00e7\u00fcnk\u00fc cihazlar ar\u0131zal\u0131yd\u0131. Ancak EyeSTAR ekibinin deste\u011fi orada da m\u00fckemmeldi. Operasyon h\u0131zl\u0131 ve sorunsuz ge\u00e7ti, numaram y\u00fcksek olmas\u0131na ra\u011fmen lazerleme bir dakikadan fazla s\u00fcrd\u00fc. Otele d\u00f6n\u00fc\u015f biraz zordu \u00e7\u00fcnk\u00fc g\u00f6zlerim \u00e7ok sulan\u0131yor ve araba farlar\u0131 beni rahats\u0131z ediyordu. Otele var\u0131nca k\u0131sa bir s\u00fcre dinlendim, ard\u0131ndan ak\u015fam yeme\u011fine \u00e7\u0131kt\u0131m ve erken yatt\u0131m. Ertesi sabah her \u015feyi net g\u00f6rebiliyordum, bu daha \u00f6nce asla m\u00fcmk\u00fcn de\u011fildi. \u0130stanbul ayr\u0131ca \u00e7ok say\u0131da g\u00f6r\u00fclmeye de\u011fer yere sahip bir \u015fehir. Operasyondan sonra iki-\u00fc\u00e7 g\u00fcn boyunca g\u00f6z\u00fcmde k\u00fc\u00e7\u00fck bir kum tanesi hissi vard\u0131 ama her \u015feye de\u011ferdi ve herkese mutlulukla yeni ya\u015fam kalitemi anlatt\u0131m. Otuz y\u0131l g\u00f6zl\u00fck takt\u0131ktan sonra b\u00f6yle bir mucizenin m\u00fcmk\u00fcn olabilece\u011fini hayal etmek neredeyse imkans\u0131zd\u0131. Bunu her zaman tekrar yapar\u0131m ve ke\u015fke daha \u00f6nce yapt\u0131rsayd\u0131m diye neredeyse pi\u015fman oluyorum. Bug\u00fcnk\u00fc g\u00f6z doktoru muayenesinden, operasyonun \u00fczerinden bir ay ge\u00e7tikten sonra, fark etti\u011fim bir g\u00f6rme d\u00fc\u015f\u00fc\u015f\u00fcne ra\u011fmen g\u00f6rme d\u00fczeltici olmadan g\u00f6rebiliyorum. Doktor, g\u00f6zlerimin h\u00e2l\u00e2 \u00e7ok kuru oldu\u011fu i\u00e7in g\u00f6z damlalar\u0131n\u0131 kullanmaya devam etmemi \u00f6neriyor. G\u00f6zlerim h\u00e2l\u00e2 yeterince stabil olmad\u0131\u011f\u0131 i\u00e7in kesin bir sonu\u00e7 \u00e7\u0131karmak m\u00fcmk\u00fcn de\u011fil. \u00d6nceki Rapor Sonraki Rapor<\/p>\n","protected":false},"author":4,"featured_media":0,"parent":4430,"menu_order":0,"comment_status":"closed","ping_status":"closed","template":"","meta":{"_joinchat":[],"footnotes":""},"class_list":["post-4457","page","type-page","status-publish","hentry"],"acf":[],"_links":{"self":[{"href":"https:\/\/medicaltravel.at\/tr\/wp-json\/wp\/v2\/pages\/4457","targetHints":{"allow":["GET"]}}],"collection":[{"href":"https:\/\/medicaltravel.at\/tr\/wp-json\/wp\/v2\/pages"}],"about":[{"href":"https:\/\/medicaltravel.at\/tr\/wp-json\/wp\/v2\/types\/page"}],"author":[{"embeddable":true,"href":"https:\/\/medicaltravel.at\/tr\/wp-json\/wp\/v2\/users\/4"}],"replies":[{"embeddable":true,"href":"https:\/\/medicaltravel.at\/tr\/wp-json\/wp\/v2\/comments?post=4457"}],"version-history":[{"count":2,"href":"https:\/\/medicaltravel.at\/tr\/wp-json\/wp\/v2\/pages\/4457\/revisions"}],"predecessor-version":[{"id":5820,"href":"https:\/\/medicaltravel.at\/tr\/wp-json\/wp\/v2\/pages\/4457\/revisions\/5820"}],"up":[{"embeddable":true,"href":"https:\/\/medicaltravel.at\/tr\/wp-json\/wp\/v2\/pages\/4430"}],"wp:attachment":[{"href":"https:\/\/medicaltravel.at\/tr\/wp-json\/wp\/v2\/media?parent=4457"}],"curies":[{"name":"wp","href":"https:\/\/api.w.org\/{rel}","templated":true}]}}