{"id":4455,"date":"2025-09-28T10:36:25","date_gmt":"2025-09-28T09:36:25","guid":{"rendered":"https:\/\/medicaltravel.at\/hasta-hikayeleri\/2009-2010-deneyim-raporlari\/istanbuldaki-lasik-ameliyatimin-deneyim-raporu-3-11-2010-27-aralik-2010-pazartesi-tarihli-rapor\/"},"modified":"2026-01-13T16:18:49","modified_gmt":"2026-01-13T15:18:49","slug":"istanbuldaki-lasik-ameliyatimin-deneyim-raporu-3-11-2010-27-aralik-2010-pazartesi-tarihli-rapor","status":"publish","type":"page","link":"https:\/\/medicaltravel.at\/tr\/hasta-hikayeleri\/2009-2010-deneyim-raporlari\/istanbuldaki-lasik-ameliyatimin-deneyim-raporu-3-11-2010-27-aralik-2010-pazartesi-tarihli-rapor\/","title":{"rendered":"\u0130stanbul\u2019daki LASIK Ameliyat\u0131m\u0131n Deneyim Raporu, 3.11.2010 \u2013 27 Aral\u0131k 2010 Pazartesi tarihli rapor"},"content":{"rendered":"\n<h3 class=\"wp-block-heading\">\u0130stanbul\u2019daki LASIK Ameliyat\u0131m\u0131n Deneyim Raporu, 3.11.2010 \u2013 27 Aral\u0131k 2010 Pazartesi tarihli rapor<\/h3>\n\n\n\n<p>Asl\u0131nda g\u00f6zl\u00fc\u011f\u00fcm beni pek rahats\u0131z etmiyordu. 35 y\u0131l\u0131 a\u015fk\u0131n s\u00fcredir birbirimize al\u0131\u015fm\u0131\u015ft\u0131k. Sabahlar\u0131 g\u00f6zl\u00fc\u011f\u00fc silmek g\u00fcnl\u00fck rutinin bir par\u00e7as\u0131yd\u0131. Ama baz\u0131 durumlar giderek sinir bozucu hale geliyordu: Banyoda ve saunada burunla tabelalara yap\u0131\u015fmak, sporda \u015f\u0131k g\u00fcne\u015f g\u00f6zl\u00fc\u011f\u00fc takamamak ve dal\u0131\u015f tatillerinde g\u00f6zl\u00fc\u011f\u00fcn suya d\u00fc\u015fme korkusu. Lensler hem pahal\u0131 hem de zahmetliydi. Ben de g\u00f6z cerrahisi cihazlar\u0131 geli\u015ftiren bir i\u015fte \u00e7al\u0131\u015ft\u0131\u011f\u0131m i\u00e7in, sa\u011flay\u0131c\u0131lardan ba\u011f\u0131ms\u0131z olarak bilgi edinebiliyordum.<br><br>Birka\u00e7 g\u00f6r\u00fc\u015fme ve uzun s\u00fcreli ara\u015ft\u0131rmalardan sonra, mikrokeratom ile \u00f6n tedavili Lasik benim favorim oldu. Sa\u011flay\u0131c\u0131n\u0131n tecr\u00fcbeli ve en modern cihazlara sahip olmas\u0131 gerekiyordu. \u00dcstelik \u0130svi\u00e7re\u2019den biraz daha ucuz olabilirdi ama operasyon sonras\u0131 \u0130svi\u00e7re\u2019de de takip imk\u00e2n\u0131 olmal\u0131yd\u0131. T\u00fcm bunlar\u0131 Swisslasik\u2019te eksiksiz buldum.<br><br>Organizasyon tamamen sorunsuzdu. Havaliman\u0131nda al\u0131nd\u0131k ve Almanca konu\u015fan \u015fof\u00f6r taraf\u0131ndan rahat bir \u015fekilde otele g\u00f6t\u00fcr\u00fcld\u00fck. Yolda, baz\u0131 \u201carkada\u015flar\u201d bizi gece kul\u00fcb\u00fcne davet edeceklerini ve sonu\u00e7ta operasyon i\u00e7in ay\u0131rd\u0131\u011f\u0131m\u0131z paray\u0131 ba\u015fka \u015fekilde harcayabilece\u011fimizi s\u00f6ylediler.<br><br>Ertesi sabah, kahvalt\u0131dan hemen sonra otelden al\u0131nd\u0131k ve y\u00fcr\u00fcyerek klini\u011fe gittik. Zaten orada baz\u0131 hastalar vard\u0131; bizi rahat bekleme alan\u0131na ald\u0131lar. Yerinde hizmet \u00e7ok samimiydi ve m\u00fckemmel B\u00e4ren Almancas\u0131 ile yap\u0131ld\u0131. Yine de ortamda bir gerilim vard\u0131; g\u00f6z de\u011ferlerimizin operasyon i\u00e7in uygun olup olmad\u0131\u011f\u0131n\u0131 bilmiyorduk.<br><br>\u00d6n muayene sonras\u0131 doktorun verdi\u011fi rahatlat\u0131c\u0131 \u201ctamam\u201d ile rahatlad\u0131k. O g\u00fcn herkes o kadar \u015fansl\u0131 de\u011fildi; gen\u00e7 bir kad\u0131na g\u00f6z de\u011ferleri nedeniyle operasyon yap\u0131lamayaca\u011f\u0131 s\u00f6ylendi. Bekleme odas\u0131ndan operasyon haz\u0131rl\u0131k odas\u0131na g\u00f6z at\u0131labiliyordu. S\u0131rayla hastalar \u00e7a\u011fr\u0131l\u0131yordu; ben en son girdim ve gerginlik iyice artt\u0131.<br><br>Operasyon k\u0131yafetleri giyildikten ve koltu\u011fa oturduktan sonra g\u00f6zler dezenfekte edildi ve anestezi damlas\u0131 verildi. Operasyon odas\u0131ndan lazerin so\u011futma fan\u0131n\u0131n ve doktor komutlar\u0131n\u0131n y\u00fcksek sesi geliyordu. Bu y\u00fcksek ses benim i\u00e7in biraz \u00fcrk\u00fct\u00fcc\u00fcyd\u00fc; belki de \u00f6nceki i\u015fim gere\u011fi sessiz operasyon ortamlar\u0131na al\u0131\u015ft\u0131\u011f\u0131m i\u00e7in.<br><br>Operasyon yata\u011f\u0131na yatt\u0131\u011f\u0131n\u0131zda ve ba\u015f\u0131n\u0131z\u0131 oyuk k\u0131sm\u0131na yerle\u015ftirdi\u011finizde, g\u00f6zler tekrar dezenfekte edildi. Ard\u0131ndan g\u00f6z kapa\u011f\u0131 a\u00e7aca\u011f\u0131 tak\u0131ld\u0131 ve steril \u00f6rt\u00fc yerle\u015ftirildi. Art\u0131k ciddiyet tamamen hissediliyordu. Ye\u015fil \u0131\u015f\u0131\u011fa s\u00fcrekli bakman\u0131z gerekiyordu, ayn\u0131 zamanda lazerin olu\u015fturdu\u011fu k\u0131rm\u0131z\u0131 \u0131\u015f\u0131k desenleri de g\u00f6z\u00fcn\u00fcze \u00e7arp\u0131yordu. Doktor her ad\u0131m\u0131 a\u00e7\u0131kl\u0131yordu.                                 Mikrokeratomla vakum halkas\u0131n\u0131n tak\u0131lmas\u0131n\u0131 \u00e7ok rahats\u0131z edici buldum. Bunun nedeni a\u011fr\u0131 de\u011fildi \u2013 hi\u00e7 a\u011fr\u0131m yoktu \u2013 ama o anda korneam\u0131n d\u00fczle\u015ftirildi\u011fini ve bir par\u00e7as\u0131n\u0131n kesildi\u011fini bilmek rahats\u0131z ediciydi. Ayn\u0131 anda ye\u015fil \u0131\u015f\u0131k kayboldu ve art\u0131k do\u011fru bak\u0131p bakmad\u0131\u011f\u0131m\u0131 bilemedim. Bu durum biraz tedirginlik yaratt\u0131. Sonra doktorun, \u201c\u015eimdi lazer yapaca\u011f\u0131m, sadece 30 saniye s\u00fcrecek\u201d demesi \u00e7ok rahatlat\u0131c\u0131 oldu. 30 saniye dayan\u0131labilir bir s\u00fcre.<br><br>Lazer i\u015flemi bittikten sonra flap (kesi yap\u0131lan kornea par\u00e7as\u0131) tekrar yerine kondu ve spatula ile hafif\u00e7e bast\u0131r\u0131ld\u0131. Ben k\u0131sa bir mola vermek isteyince ona g\u00f6re verildi ve sonra di\u011fer g\u00f6ze ge\u00e7ildi. \u0130kinci g\u00f6z\u00fcn lazeri daha da k\u0131sa s\u00fcrd\u00fc. Biraz tedirgin ad\u0131mlarla ameliyathaneden ilk ad\u0131mlar\u0131m\u0131 att\u0131m. Hafif puslu g\u00f6rmeme ra\u011fmen, g\u00f6zl\u00fcks\u00fcz \u00f6ncekinden \u00e7ok daha iyi g\u00f6r\u00fcyordum \u2013 ger\u00e7ekten muhte\u015femdi! En \u00e7ok sevindi\u011fim \u015fey ise ameliyat\u0131n bitmi\u015f olmas\u0131yd\u0131.<br><br>Ameliyathane \u00f6n odas\u0131nda asistanlar ila\u00e7lar\u0131 da\u011f\u0131tt\u0131 ve ilk defa g\u00f6z damlalar\u0131n\u0131 uygulad\u0131m. Hangi damlay\u0131 ne zaman ve ka\u00e7 kez kullanaca\u011f\u0131m konusunda net talimatlar verildi. Ak\u015fam olmas\u0131na ra\u011fmen g\u00fcne\u015f g\u00f6zl\u00fc\u011f\u00fcn\u00fc kullanmak i\u015fe yarad\u0131, ama araba fren \u0131\u015f\u0131klar\u0131 \u00f6yle parlakt\u0131 ki, g\u00f6zlerimi otelde a\u00e7may\u0131 tercih ettim. Sa\u011f g\u00f6z\u00fcmde biraz kum tanesi gibi bir ka\u015f\u0131nt\u0131 vard\u0131; sol g\u00f6z\u00fcmde hi\u00e7bir \u015fey hissetmedim. Yani yanma veya ba\u015fka rahats\u0131zl\u0131k hissetmeyen \u015fansl\u0131 ki\u015filerden biriydim.<br><br>Otele gidince hemen yatt\u0131m, tabii ki t\u00fcm g\u00f6z damlalar\u0131n\u0131 uygulad\u0131ktan sonra. Ertesi sabah \u0130stanbul\u2019a g\u00f6zl\u00fcks\u00fcz ilk bak\u0131\u015f\u0131m\u0131 att\u0131m. Sa\u011f g\u00f6zdeki hafif ka\u015f\u0131nt\u0131 hala vard\u0131 ama rahats\u0131z etmiyordu. \u0130ki ay sonra art\u0131k g\u00f6zl\u00fcks\u00fcz hayat normalle\u015fti. \u00d6zellikle \u0131\u015f\u0131k kaynaklar\u0131n\u0131n etraf\u0131ndaki halkalar, \u00f6rne\u011fin araba kullan\u0131rken, \u00e7ok azald\u0131. Genel olarak karanl\u0131kta g\u00f6rme yetene\u011fim geli\u015fti. G\u00fcnd\u00fczleri okuma g\u00f6zl\u00fc\u011f\u00fc kullanmam gerekiyor, ama sonu\u00e7 olarak ameliyat<br>ger\u00e7ekten buna de\u011ferdi. Ayr\u0131ca, \u0130stanbul kesinlikle gezmeye de\u011fer bir \u015fehir.<br><br>\u2014 Marcel Roth                           <\/p>\n\n\n\n<div class=\"wp-block-group is-layout-grid wp-container-core-group-is-layout-baef362d wp-block-group-is-layout-grid\">\n<p><\/p>\n\n\n\n<p class=\"has-text-align-right wp-container-content-5e2576f9\"><a href=\"https:\/\/medicaltravel.at\/home\/impressum\/\" data-type=\"page\" data-id=\"2193\"><\/a><a href=\"https:\/\/medicaltravel.at\/home\/berichte-von-patienten\/erfahrungsberichte\/erfahrungsbericht-zahnbehandlung-in-istanbul\/\" data-type=\"page\" data-id=\"981\"><\/a><a href=\"https:\/\/medicaltravel.at\/tr\/hasta-hikayeleri\/2009-2010-deneyim-raporlari\/hasta-raporu-myrta-toengi-29-ekim-2010-tarihinde-ameliyat-edildi-8-aralik-2010-carsamba-tarihli-rapor\/\" data-type=\"link\" data-id=\"https:\/\/medicaltravel.at\/tr\/hasta-hikayeleri\/2009-2010-deneyim-raporlari\/hasta-raporu-myrta-toengi-29-ekim-2010-tarihinde-ameliyat-edildi-8-aralik-2010-carsamba-tarihli-rapor\/\">Sonraki Rapor<\/a><\/p>\n<\/div>\n","protected":false},"excerpt":{"rendered":"<p>\u0130stanbul\u2019daki LASIK Ameliyat\u0131m\u0131n Deneyim Raporu, 3.11.2010 \u2013 27 Aral\u0131k 2010 Pazartesi tarihli rapor Asl\u0131nda g\u00f6zl\u00fc\u011f\u00fcm beni pek rahats\u0131z etmiyordu. 35 y\u0131l\u0131 a\u015fk\u0131n s\u00fcredir birbirimize al\u0131\u015fm\u0131\u015ft\u0131k. Sabahlar\u0131 g\u00f6zl\u00fc\u011f\u00fc silmek g\u00fcnl\u00fck rutinin bir par\u00e7as\u0131yd\u0131. Ama baz\u0131 durumlar giderek sinir bozucu hale geliyordu: Banyoda ve saunada burunla tabelalara yap\u0131\u015fmak, sporda \u015f\u0131k g\u00fcne\u015f g\u00f6zl\u00fc\u011f\u00fc takamamak ve dal\u0131\u015f tatillerinde g\u00f6zl\u00fc\u011f\u00fcn suya d\u00fc\u015fme korkusu. Lensler hem pahal\u0131 hem de zahmetliydi. Ben de g\u00f6z cerrahisi cihazlar\u0131 geli\u015ftiren bir i\u015fte \u00e7al\u0131\u015ft\u0131\u011f\u0131m i\u00e7in, sa\u011flay\u0131c\u0131lardan ba\u011f\u0131ms\u0131z olarak bilgi edinebiliyordum. Birka\u00e7 g\u00f6r\u00fc\u015fme ve uzun s\u00fcreli ara\u015ft\u0131rmalardan sonra, mikrokeratom ile \u00f6n tedavili Lasik benim favorim oldu. Sa\u011flay\u0131c\u0131n\u0131n tecr\u00fcbeli ve en modern cihazlara sahip olmas\u0131 gerekiyordu. \u00dcstelik \u0130svi\u00e7re\u2019den biraz daha ucuz olabilirdi ama operasyon sonras\u0131 \u0130svi\u00e7re\u2019de de takip imk\u00e2n\u0131 olmal\u0131yd\u0131. T\u00fcm bunlar\u0131 Swisslasik\u2019te eksiksiz buldum. Organizasyon tamamen sorunsuzdu. Havaliman\u0131nda al\u0131nd\u0131k ve Almanca konu\u015fan \u015fof\u00f6r taraf\u0131ndan rahat bir \u015fekilde otele g\u00f6t\u00fcr\u00fcld\u00fck. Yolda, baz\u0131 \u201carkada\u015flar\u201d bizi gece kul\u00fcb\u00fcne davet edeceklerini ve sonu\u00e7ta operasyon i\u00e7in ay\u0131rd\u0131\u011f\u0131m\u0131z paray\u0131 ba\u015fka \u015fekilde harcayabilece\u011fimizi s\u00f6ylediler. Ertesi sabah, kahvalt\u0131dan hemen sonra otelden al\u0131nd\u0131k ve y\u00fcr\u00fcyerek klini\u011fe gittik. Zaten orada baz\u0131 hastalar vard\u0131; bizi rahat bekleme alan\u0131na ald\u0131lar. Yerinde hizmet \u00e7ok samimiydi ve m\u00fckemmel B\u00e4ren Almancas\u0131 ile yap\u0131ld\u0131. Yine de ortamda bir gerilim vard\u0131; g\u00f6z de\u011ferlerimizin operasyon i\u00e7in uygun olup olmad\u0131\u011f\u0131n\u0131 bilmiyorduk. \u00d6n muayene sonras\u0131 doktorun verdi\u011fi rahatlat\u0131c\u0131 \u201ctamam\u201d ile rahatlad\u0131k. O g\u00fcn herkes o kadar \u015fansl\u0131 de\u011fildi; gen\u00e7 bir kad\u0131na g\u00f6z de\u011ferleri nedeniyle operasyon yap\u0131lamayaca\u011f\u0131 s\u00f6ylendi. Bekleme odas\u0131ndan operasyon haz\u0131rl\u0131k odas\u0131na g\u00f6z at\u0131labiliyordu. S\u0131rayla hastalar \u00e7a\u011fr\u0131l\u0131yordu; ben en son girdim ve gerginlik iyice artt\u0131. Operasyon k\u0131yafetleri giyildikten ve koltu\u011fa oturduktan sonra g\u00f6zler dezenfekte edildi ve anestezi damlas\u0131 verildi. Operasyon odas\u0131ndan lazerin so\u011futma fan\u0131n\u0131n ve doktor komutlar\u0131n\u0131n y\u00fcksek sesi geliyordu. Bu y\u00fcksek ses benim i\u00e7in biraz \u00fcrk\u00fct\u00fcc\u00fcyd\u00fc; belki de \u00f6nceki i\u015fim gere\u011fi sessiz operasyon ortamlar\u0131na al\u0131\u015ft\u0131\u011f\u0131m i\u00e7in. Operasyon yata\u011f\u0131na yatt\u0131\u011f\u0131n\u0131zda ve ba\u015f\u0131n\u0131z\u0131 oyuk k\u0131sm\u0131na yerle\u015ftirdi\u011finizde, g\u00f6zler tekrar dezenfekte edildi. Ard\u0131ndan g\u00f6z kapa\u011f\u0131 a\u00e7aca\u011f\u0131 tak\u0131ld\u0131 ve steril \u00f6rt\u00fc yerle\u015ftirildi. Art\u0131k ciddiyet tamamen hissediliyordu. Ye\u015fil \u0131\u015f\u0131\u011fa s\u00fcrekli bakman\u0131z gerekiyordu, ayn\u0131 zamanda lazerin olu\u015fturdu\u011fu k\u0131rm\u0131z\u0131 \u0131\u015f\u0131k desenleri de g\u00f6z\u00fcn\u00fcze \u00e7arp\u0131yordu. Doktor her ad\u0131m\u0131 a\u00e7\u0131kl\u0131yordu. Mikrokeratomla vakum halkas\u0131n\u0131n tak\u0131lmas\u0131n\u0131 \u00e7ok rahats\u0131z edici buldum. Bunun nedeni a\u011fr\u0131 de\u011fildi \u2013 hi\u00e7 a\u011fr\u0131m yoktu \u2013 ama o anda korneam\u0131n d\u00fczle\u015ftirildi\u011fini ve bir par\u00e7as\u0131n\u0131n kesildi\u011fini bilmek rahats\u0131z ediciydi. Ayn\u0131 anda ye\u015fil \u0131\u015f\u0131k kayboldu ve art\u0131k do\u011fru bak\u0131p bakmad\u0131\u011f\u0131m\u0131 bilemedim. Bu durum biraz tedirginlik yaratt\u0131. Sonra doktorun, \u201c\u015eimdi lazer yapaca\u011f\u0131m, sadece 30 saniye s\u00fcrecek\u201d demesi \u00e7ok rahatlat\u0131c\u0131 oldu. 30 saniye dayan\u0131labilir bir s\u00fcre. Lazer i\u015flemi bittikten sonra flap (kesi yap\u0131lan kornea par\u00e7as\u0131) tekrar yerine kondu ve spatula ile hafif\u00e7e bast\u0131r\u0131ld\u0131. Ben k\u0131sa bir mola vermek isteyince ona g\u00f6re verildi ve sonra di\u011fer g\u00f6ze ge\u00e7ildi. \u0130kinci g\u00f6z\u00fcn lazeri daha da k\u0131sa s\u00fcrd\u00fc. Biraz tedirgin ad\u0131mlarla ameliyathaneden ilk ad\u0131mlar\u0131m\u0131 att\u0131m. Hafif puslu g\u00f6rmeme ra\u011fmen, g\u00f6zl\u00fcks\u00fcz \u00f6ncekinden \u00e7ok daha iyi g\u00f6r\u00fcyordum \u2013 ger\u00e7ekten muhte\u015femdi! En \u00e7ok sevindi\u011fim \u015fey ise ameliyat\u0131n bitmi\u015f olmas\u0131yd\u0131. Ameliyathane \u00f6n odas\u0131nda asistanlar ila\u00e7lar\u0131 da\u011f\u0131tt\u0131 ve ilk defa g\u00f6z damlalar\u0131n\u0131 uygulad\u0131m. Hangi damlay\u0131 ne zaman ve ka\u00e7 kez kullanaca\u011f\u0131m konusunda net talimatlar verildi. Ak\u015fam olmas\u0131na ra\u011fmen g\u00fcne\u015f g\u00f6zl\u00fc\u011f\u00fcn\u00fc kullanmak i\u015fe yarad\u0131, ama araba fren \u0131\u015f\u0131klar\u0131 \u00f6yle parlakt\u0131 ki, g\u00f6zlerimi otelde a\u00e7may\u0131 tercih ettim. Sa\u011f g\u00f6z\u00fcmde biraz kum tanesi gibi bir ka\u015f\u0131nt\u0131 vard\u0131; sol g\u00f6z\u00fcmde hi\u00e7bir \u015fey hissetmedim. Yani yanma veya ba\u015fka rahats\u0131zl\u0131k hissetmeyen \u015fansl\u0131 ki\u015filerden biriydim. Otele gidince hemen yatt\u0131m, tabii ki t\u00fcm g\u00f6z damlalar\u0131n\u0131 uygulad\u0131ktan sonra. Ertesi sabah \u0130stanbul\u2019a g\u00f6zl\u00fcks\u00fcz ilk bak\u0131\u015f\u0131m\u0131 att\u0131m. Sa\u011f g\u00f6zdeki hafif ka\u015f\u0131nt\u0131 hala vard\u0131 ama rahats\u0131z etmiyordu. \u0130ki ay sonra art\u0131k g\u00f6zl\u00fcks\u00fcz hayat normalle\u015fti. \u00d6zellikle \u0131\u015f\u0131k kaynaklar\u0131n\u0131n etraf\u0131ndaki halkalar, \u00f6rne\u011fin araba kullan\u0131rken, \u00e7ok azald\u0131. Genel olarak karanl\u0131kta g\u00f6rme yetene\u011fim geli\u015fti. G\u00fcnd\u00fczleri okuma g\u00f6zl\u00fc\u011f\u00fc kullanmam gerekiyor, ama sonu\u00e7 olarak ameliyatger\u00e7ekten buna de\u011ferdi. Ayr\u0131ca, \u0130stanbul kesinlikle gezmeye de\u011fer bir \u015fehir. \u2014 Marcel Roth Sonraki Rapor<\/p>\n","protected":false},"author":4,"featured_media":0,"parent":4430,"menu_order":0,"comment_status":"closed","ping_status":"closed","template":"","meta":{"_joinchat":[],"footnotes":""},"class_list":["post-4455","page","type-page","status-publish","hentry"],"acf":[],"_links":{"self":[{"href":"https:\/\/medicaltravel.at\/tr\/wp-json\/wp\/v2\/pages\/4455","targetHints":{"allow":["GET"]}}],"collection":[{"href":"https:\/\/medicaltravel.at\/tr\/wp-json\/wp\/v2\/pages"}],"about":[{"href":"https:\/\/medicaltravel.at\/tr\/wp-json\/wp\/v2\/types\/page"}],"author":[{"embeddable":true,"href":"https:\/\/medicaltravel.at\/tr\/wp-json\/wp\/v2\/users\/4"}],"replies":[{"embeddable":true,"href":"https:\/\/medicaltravel.at\/tr\/wp-json\/wp\/v2\/comments?post=4455"}],"version-history":[{"count":2,"href":"https:\/\/medicaltravel.at\/tr\/wp-json\/wp\/v2\/pages\/4455\/revisions"}],"predecessor-version":[{"id":5817,"href":"https:\/\/medicaltravel.at\/tr\/wp-json\/wp\/v2\/pages\/4455\/revisions\/5817"}],"up":[{"embeddable":true,"href":"https:\/\/medicaltravel.at\/tr\/wp-json\/wp\/v2\/pages\/4430"}],"wp:attachment":[{"href":"https:\/\/medicaltravel.at\/tr\/wp-json\/wp\/v2\/media?parent=4455"}],"curies":[{"name":"wp","href":"https:\/\/api.w.org\/{rel}","templated":true}]}}