{"id":4451,"date":"2025-09-28T10:42:26","date_gmt":"2025-09-28T09:42:26","guid":{"rendered":"https:\/\/medicaltravel.at\/hasta-hikayeleri\/2009-2010-deneyim-raporlari\/nihayet-goerme-engeli-olmadan-yasama-hayalini-gerceklestirdim-ameliyat-17-06-2010-25-temmuz-2010-pazar-tarihli-rapor\/"},"modified":"2026-01-13T16:24:29","modified_gmt":"2026-01-13T15:24:29","slug":"nihayet-goerme-engeli-olmadan-yasama-hayalini-gerceklestirdim-ameliyat-17-06-2010-25-temmuz-2010-pazar-tarihli-rapor","status":"publish","type":"page","link":"https:\/\/medicaltravel.at\/tr\/hasta-hikayeleri\/2009-2010-deneyim-raporlari\/nihayet-goerme-engeli-olmadan-yasama-hayalini-gerceklestirdim-ameliyat-17-06-2010-25-temmuz-2010-pazar-tarihli-rapor\/","title":{"rendered":"Nihayet g\u00f6rme engeli olmadan ya\u015fama hayalini ger\u00e7ekle\u015ftirdim \u2013 Ameliyat 17.06.2010 \u2013 25 Temmuz 2010 Pazar tarihli rapor"},"content":{"rendered":"\n<h3 class=\"wp-block-heading\">Nihayet g\u00f6rme engeli olmadan ya\u015fama hayalini ger\u00e7ekle\u015ftirdim \u2013 Ameliyat 17.06.2010 \u2013 25 Temmuz 2010 Pazar tarihli rapor<\/h3>\n\n\n\n<p>Motivasyon<br><br>2004 y\u0131l\u0131nda ilk kez Lasik\u2019ten duydum (Telez\u00fcri, Lifestyle). K\u0131sa g\u00f6r\u00fc\u015fl\u00fc biri olarak hemen etkilendim; y\u0131llarca memnun edici olmayan g\u00f6zl\u00fckle g\u00f6r\u00fc\u015f, lensle iyi g\u00f6r\u00fc\u015f ama ak\u015famlar\u0131 tahri\u015f olan g\u00f6zlerden sonra bu \u00e7ok cazip geliyordu. Ancak b\u00fcy\u00fck bir sayg\u0131 ve \u00e7ekince duydum, \u00e7\u00fcnk\u00fc bu ameliyat bana yeniydi ve ba\u015far\u0131yla yapt\u0131ran kimseyi tan\u0131m\u0131yordum. Son alt\u0131 y\u0131l boyunca Lasik hakk\u0131nda her \u015feyi ara\u015ft\u0131rd\u0131m.<br><br>2008\u2019de iyi bir arkada\u015f\u0131m Swisslasik ile \u0130stanbul\u2019a gitti. \u0130lk tepki: \u201cDelirdin mi sen!\u201d Ancak onun m\u00fckemmel organizasyon, Eyestar klini\u011fi ve harika ameliyat sonucu deneyimleri beni tamamen ikna etti. Yine de iki y\u0131l daha beklemek zorunda kald\u0131m; hamilelik ve emzirme nedeniyle.<br><br>Z\u00fcrih\u2019te \u00d6n Muayene<br><br>\u00d6n muayenede onay ald\u0131m. Ancak \u00f6n muayeneden \u00e7ok \u015fey beklememek gerekiyor; ameliyat ve t\u00fcm detaylarla ilgili sorulara cevap verilmedi \u00e7\u00fcnk\u00fc g\u00f6z doktorunun Eyestar ve Lasik ile ilgisi yoktu. Ayr\u0131ca mutlaka toplu ta\u015f\u0131ma ile gitmek gerekiyor; g\u00f6z damlas\u0131 sonras\u0131 pupillerim geni\u015fledi ve saatlerce her \u015fey bulan\u0131kt\u0131 (\u00f6rne\u011fin SMS okumak imkans\u0131zd\u0131) ve \u0131\u015f\u0131\u011fa kar\u015f\u0131 a\u015f\u0131r\u0131 hassast\u0131m. \u0130svi\u00e7re\u2019deki \u00f6n muayeneden biraz rahats\u0131z oldum \u00e7\u00fcnk\u00fc \u0130stanbul\u2019daki Eyestar\u2019da pupiller geni\u015fledikten sonra damlalar verildi ve g\u00f6r\u00fc\u015f\u00fcm hemen normale d\u00f6nd\u00fc! Bu iyi bir i\u015faretti; \u0130stanbul\u2019daki doktor \u0130svi\u00e7re\u2019den \u00e7ok daha ileriydi. Kesinlikle \u0130svi\u00e7re standard\u0131n\u0131n en iyisi oldu\u011fu inanc\u0131mdan vazge\u00e7tim.<br><br>Swisslasik \/ Organizasyon \/ Otel<br><br>Swisslasik\u2019in her \u015feyi benim i\u00e7in organize etmesi \u00e7ok rahatt\u0131. Rezervasyon h\u0131zl\u0131yd\u0131, sorular hemen cevapland\u0131, ileti\u015fim \u00e7ok nazikti. Her \u015fey kusursuz \u00e7al\u0131\u015ft\u0131. Havaliman\u0131nda (Almanca) kar\u015f\u0131land\u0131k ve b\u00fcy\u00fck yeni bir Mercedes ile otele g\u00f6t\u00fcr\u00fcld\u00fck. Taksim Park City oteli tavsiye edilir; odalar k\u00fc\u00e7\u00fck ama temiz, g\u00fczel dekore edilmi\u015f ve iyi klima var. Konum m\u00fckemmel: Klinik k\u00f6\u015fenin hemen yan\u0131nda ve al\u0131\u015fveri\u015f caddesine \u00e7ok yak\u0131n.<br><br>Klinik<br><br>Binan\u0131n d\u0131\u015f g\u00f6r\u00fcn\u00fc\u015f\u00fc (merdivenlerdeki k\u00f6t\u00fc koku \u2013 buna \u00e7\u00f6z\u00fcm bulmal\u0131lar) g\u00f6z\u00fcn\u00fcz\u00fc korkutmamal\u0131. Kodlu kap\u0131dan i\u00e7eri girince modern, temiz, dostane ve \u00e7ok ho\u015f bir atmosferle kar\u015f\u0131la\u015ft\u0131m. Her muayenede \u0130svi\u00e7re Almancas\u0131 konu\u015fuldu. Cihazlar son teknoloji. \u00d6n g\u00f6r\u00fc\u015fme i\u00e7in doktor zaman ay\u0131rd\u0131. G\u00f6zlerimle ilgili bana \u0130svi\u00e7re\u2019de daha \u00f6nce hi\u00e7 a\u00e7\u0131klanmayan bilgiler verildi. Burada uzmanlar\u0131n elinde oldu\u011fum hissi verdiler.<br><br>O g\u00fcn be\u015f ki\u015fiydik (3 \u0130svi\u00e7reli, 1 \u0130sve\u00e7li, 1 dili belirsiz). Her zaman ayn\u0131 anda klini\u011fe gelmemiz gerekiyordu. Ama asla s\u0131k\u0131lmad\u0131k; her zaman yap\u0131lacak bir \u015fey vard\u0131 (muayene, bilgi bro\u015f\u00fcrleri okumak vb.). \u0130\u015flem h\u0131zl\u0131 ilerledi ve nazik\u00e7e i\u00e7ecekler ikram edildi.                               \u00d6\u011fle molas\u0131ndan sonra ameliyat\u0131m\u0131z vard\u0131, klini\u011fin ba\u015fka bir kat\u0131nda. Bekleme odas\u0131 adeta bir dinlenme alan\u0131 gibiydi. Ayr\u0131 bir odada ameliyat k\u0131yafetleri verildi ve y\u00fcz\u00fcm dezenfekte edildi.<br><br>Ameliyat<br>Ameliyat toplamda sadece birka\u00e7 dakika s\u00fcrd\u00fc, ama benim i\u00e7in kolay de\u011fildi. A\u011fr\u0131dan de\u011fil, g\u00f6zle yap\u0131lan m\u00fcdahalelerden kaynakl\u0131yd\u0131. \u00d6nce g\u00f6z kapa\u011f\u0131na beyaz bir plastik yap\u0131\u015ft\u0131r\u0131ld\u0131 (kirpik sabitleme), ard\u0131ndan g\u00f6z a\u00e7\u0131ld\u0131, sabitleme halkas\u0131 tak\u0131ld\u0131 ve k\u0131sa s\u00fcreli\u011fine her \u015fey karard\u0131. \u0130\u015fte o an panikledim. Ama ekip s\u00fcrekli cesaret verdi ve \u00e7ok hareket edersem makine durdu.<br><br>Ameliyattan hemen sonra g\u00f6zlerimi a\u00e7mak imkans\u0131zd\u0131; sanki g\u00f6zlerimde iki b\u0131\u00e7ak varm\u0131\u015f gibi a\u011fr\u0131 vard\u0131. Birka\u00e7 dakika sonra tekrar uyu\u015fturucu damla verildi ve a\u011fr\u0131 an\u0131nda ge\u00e7ti, g\u00f6zlerimi a\u00e7abildim ve hafif bir sisle net g\u00f6rmeye ba\u015flad\u0131\u011f\u0131m\u0131 fark ettim!<br><br>Ameliyat Sonras\u0131<br>Sorunsuz \u015fekilde otele d\u00f6nebildim, \u00e7\u00fcnk\u00fc g\u00f6r\u00fc\u015f\u00fcm olduk\u00e7a iyiydi. G\u00f6z pedleri yap\u0131\u015ft\u0131r\u0131p uyumak gerekiyordu. \u0130ki saat uyuduktan sonra \u201cg\u00f6zde b\u0131\u00e7ak\u201d hissi ve \u015fiddetli ba\u015f a\u011fr\u0131s\u0131 geri geldi. Neyse ki bize a\u011fr\u0131 kesici verilmi\u015fti. G\u00f6zlerim sulanmad\u0131.<br><br>\u0130ki saat daha uyuduktan sonra a\u011fr\u0131 ge\u00e7ti ve g\u00f6r\u00fc\u015f netle\u015fti! Harika bir histi! Ertesi g\u00fcn yap\u0131lan kontrol muayenesinde en k\u00fc\u00e7\u00fck harfleri bile okuyabiliyordum \u2013 sonu\u00e7: %120 g\u00f6r\u00fc\u015f! +0.25\/-0.25<br><br>\u0130stanbul\u2019da Sultanahmet Camii ve Kapal\u0131\u00e7ar\u015f\u0131\u2019y\u0131 gezdik (\u015fehir \u015fa\u015f\u0131rt\u0131c\u0131 \u015fekilde modern, temiz ve insanlar rahats\u0131z edici de\u011fildi). Ancak \u00f6\u011fleden sonra g\u00f6zler yorgunla\u015f\u0131yor, hafif ka\u015f\u0131nt\u0131 oluyor ve g\u00f6r\u00fc\u015f biraz bulan\u0131k oluyordu. Verilen damlalar g\u00f6zleri yak\u0131yor ve g\u00f6r\u00fc\u015f\u00fc etkiliyordu.<br><br>D\u00f6n\u00fc\u015f u\u00e7u\u015funda maksimum 30 dakika okuyabildim, sonra g\u00f6r\u00fc\u015f bulan\u0131kla\u015ft\u0131. En b\u00fcy\u00fck sorunum \u0131\u015f\u0131\u011fa hassasiyetti. Bir hafta boyunca evde bile g\u00fcne\u015f g\u00f6zl\u00fc\u011f\u00fc takt\u0131m; TV, bilgisayar, lambalar g\u00f6z\u00fcm\u00fc yoruyor ve rahats\u0131z ediyordu.<br><br>4 Hafta Sonra<br>Ka\u015f\u0131nt\u0131 ve a\u011fr\u0131 yoktu. Ancak bilgisayarda okumakta h\u00e2l\u00e2 zorlan\u0131yordum (netlik\/yorgunluk\/ba\u015f a\u011fr\u0131s\u0131). Z\u00fcrih\u2019te yap\u0131lan kontrol muayenesinde ise hafif hipermetropi \u00e7\u0131kt\u0131: +0.5\/+0.75 (a\u015f\u0131r\u0131 d\u00fczeltme \u2013 \u0130svi\u00e7re\u2019de ameliyat olmu\u015f bir tan\u0131d\u0131\u011f\u0131mda da ayn\u0131 olmu\u015ftu). Doktor sonu\u00e7tan memnundu, iyile\u015fmenin g\u00fczel oldu\u011funu s\u00f6yledi. Hipermetropi sorun de\u011fil, g\u00f6z\u00fcn yeni g\u00f6rmeye al\u0131\u015fmas\u0131 gerekiyor. \u00c7o\u011fu ki\u015fi i\u00e7in bu 3 ay i\u00e7inde d\u00fczeliyor. Kesin de\u011fer 6 ay sonra belli oluyor.<br><br>\u015eu an biraz zahmetli, ama \u201csadece\u201d ev han\u0131m\u0131 oldu\u011fum i\u00e7in mutluyum, yoksa bu g\u00f6zlerle 9 saat bilgisayar \u00e7al\u0131\u015fmak zor olurdu. Tan\u0131d\u0131klar\u0131mdan duydu\u011fuma g\u00f6re ameliyattan sonra sab\u0131rl\u0131 olmak gerekiyor \u2013 \u0130svi\u00e7re\u2019de veya T\u00fcrkiye\u2019de Lasik fark etmiyor. Lenssiz hayat harika, ameliyat\u0131 hemen tekrar yapt\u0131r\u0131r\u0131m!                                  Tabii ki T\u00fcrkiye\u2019de. Swisslasik ve Eyestar\u2019\u0131 en iyi arkada\u015flar\u0131ma tavsiye ederim.<br>Stephanie Fritschi  <\/p>\n\n\n\n<div class=\"wp-block-group is-layout-grid wp-container-core-group-is-layout-baef362d wp-block-group-is-layout-grid\">\n<p><a href=\"https:\/\/medicaltravel.at\/home\/agb\/\" data-type=\"page\" data-id=\"2191\"><\/a><a href=\"https:\/\/medicaltravel.at\/tr\/hasta-hikayeleri\/2009-2010-deneyim-raporlari\/artik-kartal-gibi-net-goerueyorum-ve-sadece-mutlu-ve-minnettarim-1-agustos-2010-pazar-tarihli-rapor\/\" data-type=\"link\" data-id=\"https:\/\/medicaltravel.at\/tr\/hasta-hikayeleri\/2009-2010-deneyim-raporlari\/artik-kartal-gibi-net-goerueyorum-ve-sadece-mutlu-ve-minnettarim-1-agustos-2010-pazar-tarihli-rapor\/\">\u00d6nceki Rapor<\/a><\/p>\n\n\n\n<p class=\"has-text-align-right wp-container-content-5e2576f9\"><a href=\"https:\/\/medicaltravel.at\/home\/impressum\/\" data-type=\"page\" data-id=\"2193\"><\/a><a href=\"https:\/\/medicaltravel.at\/home\/berichte-von-patienten\/erfahrungsberichte\/erfahrungsbericht-zahnbehandlung-in-istanbul\/\" data-type=\"page\" data-id=\"981\"><\/a><a href=\"https:\/\/medicaltravel.at\/tr\/hasta-hikayeleri\/2009-2010-deneyim-raporlari\/goez-lazer-ameliyatim-hakkinda-rapor-7-temmuz-2010-carsamba-tarihli-rapor\/\" data-type=\"link\" data-id=\"https:\/\/medicaltravel.at\/tr\/hasta-hikayeleri\/2009-2010-deneyim-raporlari\/goez-lazer-ameliyatim-hakkinda-rapor-7-temmuz-2010-carsamba-tarihli-rapor\/\">Sonraki Rapor<\/a><\/p>\n<\/div>\n","protected":false},"excerpt":{"rendered":"<p>Nihayet g\u00f6rme engeli olmadan ya\u015fama hayalini ger\u00e7ekle\u015ftirdim \u2013 Ameliyat 17.06.2010 \u2013 25 Temmuz 2010 Pazar tarihli rapor Motivasyon 2004 y\u0131l\u0131nda ilk kez Lasik\u2019ten duydum (Telez\u00fcri, Lifestyle). K\u0131sa g\u00f6r\u00fc\u015fl\u00fc biri olarak hemen etkilendim; y\u0131llarca memnun edici olmayan g\u00f6zl\u00fckle g\u00f6r\u00fc\u015f, lensle iyi g\u00f6r\u00fc\u015f ama ak\u015famlar\u0131 tahri\u015f olan g\u00f6zlerden sonra bu \u00e7ok cazip geliyordu. Ancak b\u00fcy\u00fck bir sayg\u0131 ve \u00e7ekince duydum, \u00e7\u00fcnk\u00fc bu ameliyat bana yeniydi ve ba\u015far\u0131yla yapt\u0131ran kimseyi tan\u0131m\u0131yordum. Son alt\u0131 y\u0131l boyunca Lasik hakk\u0131nda her \u015feyi ara\u015ft\u0131rd\u0131m. 2008\u2019de iyi bir arkada\u015f\u0131m Swisslasik ile \u0130stanbul\u2019a gitti. \u0130lk tepki: \u201cDelirdin mi sen!\u201d Ancak onun m\u00fckemmel organizasyon, Eyestar klini\u011fi ve harika ameliyat sonucu deneyimleri beni tamamen ikna etti. Yine de iki y\u0131l daha beklemek zorunda kald\u0131m; hamilelik ve emzirme nedeniyle. Z\u00fcrih\u2019te \u00d6n Muayene \u00d6n muayenede onay ald\u0131m. Ancak \u00f6n muayeneden \u00e7ok \u015fey beklememek gerekiyor; ameliyat ve t\u00fcm detaylarla ilgili sorulara cevap verilmedi \u00e7\u00fcnk\u00fc g\u00f6z doktorunun Eyestar ve Lasik ile ilgisi yoktu. Ayr\u0131ca mutlaka toplu ta\u015f\u0131ma ile gitmek gerekiyor; g\u00f6z damlas\u0131 sonras\u0131 pupillerim geni\u015fledi ve saatlerce her \u015fey bulan\u0131kt\u0131 (\u00f6rne\u011fin SMS okumak imkans\u0131zd\u0131) ve \u0131\u015f\u0131\u011fa kar\u015f\u0131 a\u015f\u0131r\u0131 hassast\u0131m. \u0130svi\u00e7re\u2019deki \u00f6n muayeneden biraz rahats\u0131z oldum \u00e7\u00fcnk\u00fc \u0130stanbul\u2019daki Eyestar\u2019da pupiller geni\u015fledikten sonra damlalar verildi ve g\u00f6r\u00fc\u015f\u00fcm hemen normale d\u00f6nd\u00fc! Bu iyi bir i\u015faretti; \u0130stanbul\u2019daki doktor \u0130svi\u00e7re\u2019den \u00e7ok daha ileriydi. Kesinlikle \u0130svi\u00e7re standard\u0131n\u0131n en iyisi oldu\u011fu inanc\u0131mdan vazge\u00e7tim. Swisslasik \/ Organizasyon \/ Otel Swisslasik\u2019in her \u015feyi benim i\u00e7in organize etmesi \u00e7ok rahatt\u0131. Rezervasyon h\u0131zl\u0131yd\u0131, sorular hemen cevapland\u0131, ileti\u015fim \u00e7ok nazikti. Her \u015fey kusursuz \u00e7al\u0131\u015ft\u0131. Havaliman\u0131nda (Almanca) kar\u015f\u0131land\u0131k ve b\u00fcy\u00fck yeni bir Mercedes ile otele g\u00f6t\u00fcr\u00fcld\u00fck. Taksim Park City oteli tavsiye edilir; odalar k\u00fc\u00e7\u00fck ama temiz, g\u00fczel dekore edilmi\u015f ve iyi klima var. Konum m\u00fckemmel: Klinik k\u00f6\u015fenin hemen yan\u0131nda ve al\u0131\u015fveri\u015f caddesine \u00e7ok yak\u0131n. Klinik Binan\u0131n d\u0131\u015f g\u00f6r\u00fcn\u00fc\u015f\u00fc (merdivenlerdeki k\u00f6t\u00fc koku \u2013 buna \u00e7\u00f6z\u00fcm bulmal\u0131lar) g\u00f6z\u00fcn\u00fcz\u00fc korkutmamal\u0131. Kodlu kap\u0131dan i\u00e7eri girince modern, temiz, dostane ve \u00e7ok ho\u015f bir atmosferle kar\u015f\u0131la\u015ft\u0131m. Her muayenede \u0130svi\u00e7re Almancas\u0131 konu\u015fuldu. Cihazlar son teknoloji. \u00d6n g\u00f6r\u00fc\u015fme i\u00e7in doktor zaman ay\u0131rd\u0131. G\u00f6zlerimle ilgili bana \u0130svi\u00e7re\u2019de daha \u00f6nce hi\u00e7 a\u00e7\u0131klanmayan bilgiler verildi. Burada uzmanlar\u0131n elinde oldu\u011fum hissi verdiler. O g\u00fcn be\u015f ki\u015fiydik (3 \u0130svi\u00e7reli, 1 \u0130sve\u00e7li, 1 dili belirsiz). Her zaman ayn\u0131 anda klini\u011fe gelmemiz gerekiyordu. Ama asla s\u0131k\u0131lmad\u0131k; her zaman yap\u0131lacak bir \u015fey vard\u0131 (muayene, bilgi bro\u015f\u00fcrleri okumak vb.). \u0130\u015flem h\u0131zl\u0131 ilerledi ve nazik\u00e7e i\u00e7ecekler ikram edildi. \u00d6\u011fle molas\u0131ndan sonra ameliyat\u0131m\u0131z vard\u0131, klini\u011fin ba\u015fka bir kat\u0131nda. Bekleme odas\u0131 adeta bir dinlenme alan\u0131 gibiydi. Ayr\u0131 bir odada ameliyat k\u0131yafetleri verildi ve y\u00fcz\u00fcm dezenfekte edildi. AmeliyatAmeliyat toplamda sadece birka\u00e7 dakika s\u00fcrd\u00fc, ama benim i\u00e7in kolay de\u011fildi. A\u011fr\u0131dan de\u011fil, g\u00f6zle yap\u0131lan m\u00fcdahalelerden kaynakl\u0131yd\u0131. \u00d6nce g\u00f6z kapa\u011f\u0131na beyaz bir plastik yap\u0131\u015ft\u0131r\u0131ld\u0131 (kirpik sabitleme), ard\u0131ndan g\u00f6z a\u00e7\u0131ld\u0131, sabitleme halkas\u0131 tak\u0131ld\u0131 ve k\u0131sa s\u00fcreli\u011fine her \u015fey karard\u0131. \u0130\u015fte o an panikledim. Ama ekip s\u00fcrekli cesaret verdi ve \u00e7ok hareket edersem makine durdu. Ameliyattan hemen sonra g\u00f6zlerimi a\u00e7mak imkans\u0131zd\u0131; sanki g\u00f6zlerimde iki b\u0131\u00e7ak varm\u0131\u015f gibi a\u011fr\u0131 vard\u0131. Birka\u00e7 dakika sonra tekrar uyu\u015fturucu damla verildi ve a\u011fr\u0131 an\u0131nda ge\u00e7ti, g\u00f6zlerimi a\u00e7abildim ve hafif bir sisle net g\u00f6rmeye ba\u015flad\u0131\u011f\u0131m\u0131 fark ettim! Ameliyat Sonras\u0131Sorunsuz \u015fekilde otele d\u00f6nebildim, \u00e7\u00fcnk\u00fc g\u00f6r\u00fc\u015f\u00fcm olduk\u00e7a iyiydi. G\u00f6z pedleri yap\u0131\u015ft\u0131r\u0131p uyumak gerekiyordu. \u0130ki saat uyuduktan sonra \u201cg\u00f6zde b\u0131\u00e7ak\u201d hissi ve \u015fiddetli ba\u015f a\u011fr\u0131s\u0131 geri geldi. Neyse ki bize a\u011fr\u0131 kesici verilmi\u015fti. G\u00f6zlerim sulanmad\u0131. \u0130ki saat daha uyuduktan sonra a\u011fr\u0131 ge\u00e7ti ve g\u00f6r\u00fc\u015f netle\u015fti! Harika bir histi! Ertesi g\u00fcn yap\u0131lan kontrol muayenesinde en k\u00fc\u00e7\u00fck harfleri bile okuyabiliyordum \u2013 sonu\u00e7: %120 g\u00f6r\u00fc\u015f! +0.25\/-0.25 \u0130stanbul\u2019da Sultanahmet Camii ve Kapal\u0131\u00e7ar\u015f\u0131\u2019y\u0131 gezdik (\u015fehir \u015fa\u015f\u0131rt\u0131c\u0131 \u015fekilde modern, temiz ve insanlar rahats\u0131z edici de\u011fildi). Ancak \u00f6\u011fleden sonra g\u00f6zler yorgunla\u015f\u0131yor, hafif ka\u015f\u0131nt\u0131 oluyor ve g\u00f6r\u00fc\u015f biraz bulan\u0131k oluyordu. Verilen damlalar g\u00f6zleri yak\u0131yor ve g\u00f6r\u00fc\u015f\u00fc etkiliyordu. D\u00f6n\u00fc\u015f u\u00e7u\u015funda maksimum 30 dakika okuyabildim, sonra g\u00f6r\u00fc\u015f bulan\u0131kla\u015ft\u0131. En b\u00fcy\u00fck sorunum \u0131\u015f\u0131\u011fa hassasiyetti. Bir hafta boyunca evde bile g\u00fcne\u015f g\u00f6zl\u00fc\u011f\u00fc takt\u0131m; TV, bilgisayar, lambalar g\u00f6z\u00fcm\u00fc yoruyor ve rahats\u0131z ediyordu. 4 Hafta SonraKa\u015f\u0131nt\u0131 ve a\u011fr\u0131 yoktu. Ancak bilgisayarda okumakta h\u00e2l\u00e2 zorlan\u0131yordum (netlik\/yorgunluk\/ba\u015f a\u011fr\u0131s\u0131). Z\u00fcrih\u2019te yap\u0131lan kontrol muayenesinde ise hafif hipermetropi \u00e7\u0131kt\u0131: +0.5\/+0.75 (a\u015f\u0131r\u0131 d\u00fczeltme \u2013 \u0130svi\u00e7re\u2019de ameliyat olmu\u015f bir tan\u0131d\u0131\u011f\u0131mda da ayn\u0131 olmu\u015ftu). Doktor sonu\u00e7tan memnundu, iyile\u015fmenin g\u00fczel oldu\u011funu s\u00f6yledi. Hipermetropi sorun de\u011fil, g\u00f6z\u00fcn yeni g\u00f6rmeye al\u0131\u015fmas\u0131 gerekiyor. \u00c7o\u011fu ki\u015fi i\u00e7in bu 3 ay i\u00e7inde d\u00fczeliyor. Kesin de\u011fer 6 ay sonra belli oluyor. \u015eu an biraz zahmetli, ama \u201csadece\u201d ev han\u0131m\u0131 oldu\u011fum i\u00e7in mutluyum, yoksa bu g\u00f6zlerle 9 saat bilgisayar \u00e7al\u0131\u015fmak zor olurdu. Tan\u0131d\u0131klar\u0131mdan duydu\u011fuma g\u00f6re ameliyattan sonra sab\u0131rl\u0131 olmak gerekiyor \u2013 \u0130svi\u00e7re\u2019de veya T\u00fcrkiye\u2019de Lasik fark etmiyor. Lenssiz hayat harika, ameliyat\u0131 hemen tekrar yapt\u0131r\u0131r\u0131m! Tabii ki T\u00fcrkiye\u2019de. Swisslasik ve Eyestar\u2019\u0131 en iyi arkada\u015flar\u0131ma tavsiye ederim.Stephanie Fritschi \u00d6nceki Rapor Sonraki Rapor<\/p>\n","protected":false},"author":4,"featured_media":0,"parent":4430,"menu_order":0,"comment_status":"closed","ping_status":"closed","template":"","meta":{"_joinchat":[],"footnotes":""},"class_list":["post-4451","page","type-page","status-publish","hentry"],"acf":[],"_links":{"self":[{"href":"https:\/\/medicaltravel.at\/tr\/wp-json\/wp\/v2\/pages\/4451","targetHints":{"allow":["GET"]}}],"collection":[{"href":"https:\/\/medicaltravel.at\/tr\/wp-json\/wp\/v2\/pages"}],"about":[{"href":"https:\/\/medicaltravel.at\/tr\/wp-json\/wp\/v2\/types\/page"}],"author":[{"embeddable":true,"href":"https:\/\/medicaltravel.at\/tr\/wp-json\/wp\/v2\/users\/4"}],"replies":[{"embeddable":true,"href":"https:\/\/medicaltravel.at\/tr\/wp-json\/wp\/v2\/comments?post=4451"}],"version-history":[{"count":2,"href":"https:\/\/medicaltravel.at\/tr\/wp-json\/wp\/v2\/pages\/4451\/revisions"}],"predecessor-version":[{"id":5823,"href":"https:\/\/medicaltravel.at\/tr\/wp-json\/wp\/v2\/pages\/4451\/revisions\/5823"}],"up":[{"embeddable":true,"href":"https:\/\/medicaltravel.at\/tr\/wp-json\/wp\/v2\/pages\/4430"}],"wp:attachment":[{"href":"https:\/\/medicaltravel.at\/tr\/wp-json\/wp\/v2\/media?parent=4451"}],"curies":[{"name":"wp","href":"https:\/\/api.w.org\/{rel}","templated":true}]}}