{"id":4449,"date":"2025-09-28T10:48:24","date_gmt":"2025-09-28T09:48:24","guid":{"rendered":"https:\/\/medicaltravel.at\/hasta-hikayeleri\/2009-2010-deneyim-raporlari\/bir-hayal-gercek-oluyor-istanbuldaki-goez-ameliyati-15-6-2009-13-temmuz-2009-pazartesi-tarihli-rapor\/"},"modified":"2026-01-13T16:33:11","modified_gmt":"2026-01-13T15:33:11","slug":"bir-hayal-gercek-oluyor-istanbuldaki-goez-ameliyati-15-6-2009-13-temmuz-2009-pazartesi-tarihli-rapor","status":"publish","type":"page","link":"https:\/\/medicaltravel.at\/tr\/hasta-hikayeleri\/2009-2010-deneyim-raporlari\/bir-hayal-gercek-oluyor-istanbuldaki-goez-ameliyati-15-6-2009-13-temmuz-2009-pazartesi-tarihli-rapor\/","title":{"rendered":"Bir Hayal Ger\u00e7ek Oluyor: \u0130stanbul\u2019daki G\u00f6z Ameliyat\u0131, 15.6.2009 \u2013 13 Temmuz 2009 Pazartesi tarihli rapor"},"content":{"rendered":"\n<h3 class=\"wp-block-heading\">Bir Hayal Ger\u00e7ek Oluyor: \u0130stanbul\u2019daki G\u00f6z Ameliyat\u0131, 15.6.2009 \u2013 13 Temmuz 2009 Pazartesi tarihli rapor<\/h3>\n\n\n\n<p>G\u00f6zl\u00fck ve lensler hayat\u0131m boyunca hep yan\u0131mda oldu! \u00c7ocukken g\u00f6zl\u00fc\u011f\u00fcm nedeniyle yap\u0131lan alaylar da hayat\u0131m\u0131n bir par\u00e7as\u0131yd\u0131. Sonras\u0131nda lensler ile bir\u00e7ok \u015fey daha iyi olsa da sorunlar yeterince vard\u0131. Lensleri \u00e7ok uzun s\u00fcre tak\u0131nca g\u00f6zlerim yoruluyordu, en sa\u00e7ma anda lensler d\u00fc\u015f\u00fcyordu, her zaman yedek lens ta\u015f\u0131mak gerekiyordu, lensle asla kestiremiyordum ve daha neler neler\u2026 Bu y\u00fczden erken ya\u015fta lens ve g\u00f6zl\u00fck olmadan ya\u015fayabilme iste\u011fi do\u011fdu bende. Sabah uyan\u0131p d\u0131\u015far\u0131daki havay\u0131 g\u00f6rebilmek, i\u015fte bu benim hayalimdi!<br><br>2008 bahar\u0131nda ilk kez Z\u00fcrih\u2019te bir \u00fccretsiz test yapt\u0131rd\u0131m; ameliyat\u0131n m\u00fcmk\u00fcn olup olmad\u0131\u011f\u0131n\u0131 g\u00f6rmek i\u00e7in. Ameliyat m\u00fcmk\u00fcnd\u00fc ama maalesef benim i\u00e7in \u00e7ok pahal\u0131yd\u0131. Ayr\u0131ca o s\u0131rada hamileydim ve her h\u00e2l\u00fck\u00e2rda ameliyat yapmamam tavsiye ediliyordu. K\u0131z\u0131m do\u011fduktan sonra, g\u00f6rme deste\u011fi olmadan g\u00f6rebilme iste\u011fim \u00e7ok daha yo\u011fun h\u00e2le geldi. Bir g\u00fcn e\u015fim heyecanla yan\u0131ma geldi ve \u0130svi\u00e7re televizyonunda \u0130stanbul\u2019da yap\u0131lan g\u00f6z ameliyatlar\u0131yla ilgili bir programdan bahsetti.<br><br>\u0130lk anda d\u00fc\u015f\u00fcnd\u00fcm ki, muhtemelen \u00e7o\u011fu insan gibi, \u0130stanbul, T\u00fcrkiye\u2026 kimse g\u00f6zlerime dokunamaz! Ama biraz internetten ara\u015ft\u0131rd\u0131ktan sonra fikir ho\u015fuma gitmeye ba\u015flad\u0131. \u00d6nce \u0130stanbul\u2019a ameliyat seyahati organize eden bir Alman \u015firketten, sonra da Swisslasik\u2019ten teklifler ald\u0131m. Swisslasik bana \u00e7ok daha g\u00fcven verici geldi. Bilgiler \u00e7ok kapsaml\u0131yd\u0131 ve teklifi ald\u0131ktan k\u0131sa s\u00fcre sonra sorular\u0131m olup olmad\u0131\u011f\u0131 soruldu. Di\u011fer \u015firket sadece bir e-posta ile teklif g\u00f6ndermi\u015fti. \u00c7ok olumlu buldu\u011fum bir di\u011fer nokta ise \u0130svi\u00e7re\u2019de kontrol muayenesinin garanti edilmi\u015f olmas\u0131yd\u0131.<br><br>B\u00f6ylece e\u015fimle birlikte 13 Haziran 2009 tarihini se\u00e7tik. \u0130htiyac\u0131m\u0131z olan t\u00fcm belgeler g\u00f6nderildi; t\u00fcm \u00f6nemli bilgiler Swisslasik pasaportunda d\u00fczenli ve temiz bir \u015fekilde yer al\u0131yordu. Ve 13 Haziran geldi! En zor olan ise art\u0131k bir ya\u015f\u0131nda olan k\u0131z\u0131m\u0131 geride b\u0131rakmakt\u0131. \u00dcstelik son iki hafta boyunca g\u00f6zl\u00fc\u011f\u00fcm\u00fc k\u0131ran da oydu.<br><br>\u0130stanbul\u2019da, Almanca konu\u015fabilen EyeSTAR Klinik \u00e7al\u0131\u015fan\u0131 bizi havaalan\u0131nda \u00e7ok nazik kar\u015f\u0131lad\u0131 ve otele g\u00f6t\u00fcrd\u00fc. Otel \u00e7ok g\u00fczel ve sessizdi; ameliyata kadar kalan 1,5 g\u00fcn boyunca harika \u015fekilde dinlendik ve g\u00fczel \u0130stanbul\u2019u ke\u015ffettik.<br><br>Pazartesi g\u00fcn\u00fc saat 11:00\u2019de, daha \u00f6nce kararla\u015ft\u0131r\u0131ld\u0131\u011f\u0131 gibi, otelden Almanca konu\u015fan bir EyeSTAR Klinik \u00e7al\u0131\u015fan\u0131 bizi klini\u011fe g\u00f6t\u00fcrd\u00fc ve \u00f6n muayeneler yap\u0131ld\u0131. Klini\u011fi d\u0131\u015far\u0131dan g\u00f6rmek \u015fa\u015f\u0131rt\u0131c\u0131yd\u0131; d\u0131\u015far\u0131s\u0131 s\u0131radan g\u00f6r\u00fcn\u00fcyordu ama i\u00e7erisi en son teknoloji ile donat\u0131lm\u0131\u015f ve \u00e7ok hijyenikti. Kendimi her zaman \u00e7ok g\u00fcvende hissettim; s\u00f6ylenen her \u015fey bana \u00e7evriliyordu. Bekleme s\u00fcresi de \u00e7ok keyifliydi; Almanca dergiler ve i\u00e7ecekler vard\u0131.<br><br>Pozitif \u00f6n muayenenin ard\u0131ndan klini\u011fi tekrar terk ettik ve ameliyat i\u00e7in saat d\u00f6rtte tekrar orada olmam\u0131z s\u00f6ylendi.                             Ameliyattan \u00f6nce, damlalarla yap\u0131lacak sonras\u0131 bak\u0131m ve ameliyattan sonraki haftalarda nelere dikkat etmem gerekti\u011fi ayr\u0131nt\u0131l\u0131 \u015fekilde anlat\u0131ld\u0131. Ameliyat sorunsuz ge\u00e7ti; sadece kornea kesildi\u011finde k\u0131sa bir s\u00fcre biraz rahats\u0131zl\u0131k hissettim. Ama \u00e7al\u0131\u015fanlar\u0131n iyi haz\u0131rl\u0131\u011f\u0131 sayesinde her \u015feye haz\u0131rd\u0131m ve ameliyat\u0131n her ad\u0131m\u0131 bana a\u00e7\u0131k\u00e7a anlat\u0131ld\u0131. Bu sayede her zaman g\u00fcvende hissettim.<br><br>Ameliyattan hemen sonra g\u00f6zlerim \u00e7ok suland\u0131, yanma oldu ve neredeyse a\u00e7amad\u0131m. E\u015fim yan\u0131mdayd\u0131 ve \u00e7al\u0131\u015fanlar da s\u00fcrekli durumu sorup ilgilendi. Ard\u0131ndan mucize damlalar kullan\u0131ld\u0131 ve bir anda g\u00f6zlerimi a\u00e7\u0131p g\u00f6rebildim! Ne muhte\u015fem bir histi. Doktor her \u015feyi tekrar kontrol etti ve otele geri d\u00f6nd\u00fck, dinlendim.<br><br>Sonraki \u00fc\u00e7 saat g\u00f6zlerim yine suland\u0131 ve yanma vard\u0131 ama bundan sonra her \u015fey giderek daha iyi oldu. G\u00fcn\u00fcn \u015ferefine saat sekiz bu\u00e7ukta d\u0131\u015far\u0131da yemek yedik; sadece g\u00fcne\u015f g\u00f6zl\u00fc\u011f\u00fcyle. Gece iyi uyudum ve sabah uyand\u0131\u011f\u0131mda g\u00f6r\u00fc\u015f\u00fcm tamamen netti. Saat 11\u2019de yap\u0131lan kontrol muayenesinde her \u015fey yolundayd\u0131; neredeyse %100 g\u00f6r\u00fc\u015fe sahiptim. Yeni bir hayat ba\u015flayabilirdi!<br><br>\u00d6\u011fleden sonra havaalan\u0131na g\u00f6t\u00fcr\u00fcld\u00fck ve ev yolculu\u011funa ba\u015flad\u0131k. \u015eimdi evimdeyim ve bunu yapt\u0131\u011f\u0131m i\u00e7in \u00e7ok mutluyum! T\u00fcrkiye\u2019de g\u00f6z ameliyat\u0131, makul bir fiyata yeniden g\u00f6zl\u00fcks\u00fcz g\u00f6rebilmek i\u00e7in herkes i\u00e7in b\u00fcy\u00fck bir f\u0131rsat. Bunu herkese \u015fiddetle tavsiye ediyorum! Art\u0131k yataktan d\u0131\u015far\u0131daki havay\u0131 g\u00f6rebiliyorum!!!!!!!!!!!!<br><br>EyeSTAR Klinik ekibine harika ilgileri i\u00e7in ve Swisslasik\u2019e m\u00fckemmel organizasyonlar\u0131 i\u00e7in te\u015fekk\u00fcr ederim.<br><br>Sevgilerle,<br>Karin Herbst<br>17.6.2009                   <\/p>\n\n\n\n<div class=\"wp-block-group is-layout-grid wp-container-core-group-is-layout-baef362d wp-block-group-is-layout-grid\">\n<p><a href=\"https:\/\/medicaltravel.at\/home\/agb\/\" data-type=\"page\" data-id=\"2191\"><\/a><a href=\"https:\/\/medicaltravel.at\/tr\/hasta-hikayeleri\/2009-2010-deneyim-raporlari\/istanbuldaki-lasik-ameliyatimdan-5-ay-sonra-sonuclarim-21-ekim-2009-carsamba-tarihli-rapor\/\" data-type=\"link\" data-id=\"https:\/\/medicaltravel.at\/tr\/hasta-hikayeleri\/2009-2010-deneyim-raporlari\/istanbuldaki-lasik-ameliyatimdan-5-ay-sonra-sonuclarim-21-ekim-2009-carsamba-tarihli-rapor\/\">\u00d6nceki Rapor<\/a><\/p>\n\n\n\n<p class=\"has-text-align-right wp-container-content-5e2576f9\"><a href=\"https:\/\/medicaltravel.at\/home\/impressum\/\" data-type=\"page\" data-id=\"2193\"><\/a><a href=\"https:\/\/medicaltravel.at\/home\/berichte-von-patienten\/erfahrungsberichte\/erfahrungsbericht-zahnbehandlung-in-istanbul\/\" data-type=\"page\" data-id=\"981\"><\/a><a href=\"https:\/\/medicaltravel.at\/tr\/hasta-hikayeleri\/2009-2010-deneyim-raporlari\/istanbuldaki-lasik-ameliyatimdan-5-ay-sonra-sonuclarim-21-ekim-2009-carsamba-tarihli-rapor\/\" data-type=\"link\" data-id=\"https:\/\/medicaltravel.at\/tr\/hasta-hikayeleri\/2009-2010-deneyim-raporlari\/istanbuldaki-lasik-ameliyatimdan-5-ay-sonra-sonuclarim-21-ekim-2009-carsamba-tarihli-rapor\/\">Sonraki Rapor<\/a><\/p>\n<\/div>\n","protected":false},"excerpt":{"rendered":"<p>Bir Hayal Ger\u00e7ek Oluyor: \u0130stanbul\u2019daki G\u00f6z Ameliyat\u0131, 15.6.2009 \u2013 13 Temmuz 2009 Pazartesi tarihli rapor G\u00f6zl\u00fck ve lensler hayat\u0131m boyunca hep yan\u0131mda oldu! \u00c7ocukken g\u00f6zl\u00fc\u011f\u00fcm nedeniyle yap\u0131lan alaylar da hayat\u0131m\u0131n bir par\u00e7as\u0131yd\u0131. Sonras\u0131nda lensler ile bir\u00e7ok \u015fey daha iyi olsa da sorunlar yeterince vard\u0131. Lensleri \u00e7ok uzun s\u00fcre tak\u0131nca g\u00f6zlerim yoruluyordu, en sa\u00e7ma anda lensler d\u00fc\u015f\u00fcyordu, her zaman yedek lens ta\u015f\u0131mak gerekiyordu, lensle asla kestiremiyordum ve daha neler neler\u2026 Bu y\u00fczden erken ya\u015fta lens ve g\u00f6zl\u00fck olmadan ya\u015fayabilme iste\u011fi do\u011fdu bende. Sabah uyan\u0131p d\u0131\u015far\u0131daki havay\u0131 g\u00f6rebilmek, i\u015fte bu benim hayalimdi! 2008 bahar\u0131nda ilk kez Z\u00fcrih\u2019te bir \u00fccretsiz test yapt\u0131rd\u0131m; ameliyat\u0131n m\u00fcmk\u00fcn olup olmad\u0131\u011f\u0131n\u0131 g\u00f6rmek i\u00e7in. Ameliyat m\u00fcmk\u00fcnd\u00fc ama maalesef benim i\u00e7in \u00e7ok pahal\u0131yd\u0131. Ayr\u0131ca o s\u0131rada hamileydim ve her h\u00e2l\u00fck\u00e2rda ameliyat yapmamam tavsiye ediliyordu. K\u0131z\u0131m do\u011fduktan sonra, g\u00f6rme deste\u011fi olmadan g\u00f6rebilme iste\u011fim \u00e7ok daha yo\u011fun h\u00e2le geldi. Bir g\u00fcn e\u015fim heyecanla yan\u0131ma geldi ve \u0130svi\u00e7re televizyonunda \u0130stanbul\u2019da yap\u0131lan g\u00f6z ameliyatlar\u0131yla ilgili bir programdan bahsetti. \u0130lk anda d\u00fc\u015f\u00fcnd\u00fcm ki, muhtemelen \u00e7o\u011fu insan gibi, \u0130stanbul, T\u00fcrkiye\u2026 kimse g\u00f6zlerime dokunamaz! Ama biraz internetten ara\u015ft\u0131rd\u0131ktan sonra fikir ho\u015fuma gitmeye ba\u015flad\u0131. \u00d6nce \u0130stanbul\u2019a ameliyat seyahati organize eden bir Alman \u015firketten, sonra da Swisslasik\u2019ten teklifler ald\u0131m. Swisslasik bana \u00e7ok daha g\u00fcven verici geldi. Bilgiler \u00e7ok kapsaml\u0131yd\u0131 ve teklifi ald\u0131ktan k\u0131sa s\u00fcre sonra sorular\u0131m olup olmad\u0131\u011f\u0131 soruldu. Di\u011fer \u015firket sadece bir e-posta ile teklif g\u00f6ndermi\u015fti. \u00c7ok olumlu buldu\u011fum bir di\u011fer nokta ise \u0130svi\u00e7re\u2019de kontrol muayenesinin garanti edilmi\u015f olmas\u0131yd\u0131. B\u00f6ylece e\u015fimle birlikte 13 Haziran 2009 tarihini se\u00e7tik. \u0130htiyac\u0131m\u0131z olan t\u00fcm belgeler g\u00f6nderildi; t\u00fcm \u00f6nemli bilgiler Swisslasik pasaportunda d\u00fczenli ve temiz bir \u015fekilde yer al\u0131yordu. Ve 13 Haziran geldi! En zor olan ise art\u0131k bir ya\u015f\u0131nda olan k\u0131z\u0131m\u0131 geride b\u0131rakmakt\u0131. \u00dcstelik son iki hafta boyunca g\u00f6zl\u00fc\u011f\u00fcm\u00fc k\u0131ran da oydu. \u0130stanbul\u2019da, Almanca konu\u015fabilen EyeSTAR Klinik \u00e7al\u0131\u015fan\u0131 bizi havaalan\u0131nda \u00e7ok nazik kar\u015f\u0131lad\u0131 ve otele g\u00f6t\u00fcrd\u00fc. Otel \u00e7ok g\u00fczel ve sessizdi; ameliyata kadar kalan 1,5 g\u00fcn boyunca harika \u015fekilde dinlendik ve g\u00fczel \u0130stanbul\u2019u ke\u015ffettik. Pazartesi g\u00fcn\u00fc saat 11:00\u2019de, daha \u00f6nce kararla\u015ft\u0131r\u0131ld\u0131\u011f\u0131 gibi, otelden Almanca konu\u015fan bir EyeSTAR Klinik \u00e7al\u0131\u015fan\u0131 bizi klini\u011fe g\u00f6t\u00fcrd\u00fc ve \u00f6n muayeneler yap\u0131ld\u0131. Klini\u011fi d\u0131\u015far\u0131dan g\u00f6rmek \u015fa\u015f\u0131rt\u0131c\u0131yd\u0131; d\u0131\u015far\u0131s\u0131 s\u0131radan g\u00f6r\u00fcn\u00fcyordu ama i\u00e7erisi en son teknoloji ile donat\u0131lm\u0131\u015f ve \u00e7ok hijyenikti. Kendimi her zaman \u00e7ok g\u00fcvende hissettim; s\u00f6ylenen her \u015fey bana \u00e7evriliyordu. Bekleme s\u00fcresi de \u00e7ok keyifliydi; Almanca dergiler ve i\u00e7ecekler vard\u0131. Pozitif \u00f6n muayenenin ard\u0131ndan klini\u011fi tekrar terk ettik ve ameliyat i\u00e7in saat d\u00f6rtte tekrar orada olmam\u0131z s\u00f6ylendi. Ameliyattan \u00f6nce, damlalarla yap\u0131lacak sonras\u0131 bak\u0131m ve ameliyattan sonraki haftalarda nelere dikkat etmem gerekti\u011fi ayr\u0131nt\u0131l\u0131 \u015fekilde anlat\u0131ld\u0131. Ameliyat sorunsuz ge\u00e7ti; sadece kornea kesildi\u011finde k\u0131sa bir s\u00fcre biraz rahats\u0131zl\u0131k hissettim. Ama \u00e7al\u0131\u015fanlar\u0131n iyi haz\u0131rl\u0131\u011f\u0131 sayesinde her \u015feye haz\u0131rd\u0131m ve ameliyat\u0131n her ad\u0131m\u0131 bana a\u00e7\u0131k\u00e7a anlat\u0131ld\u0131. Bu sayede her zaman g\u00fcvende hissettim. Ameliyattan hemen sonra g\u00f6zlerim \u00e7ok suland\u0131, yanma oldu ve neredeyse a\u00e7amad\u0131m. E\u015fim yan\u0131mdayd\u0131 ve \u00e7al\u0131\u015fanlar da s\u00fcrekli durumu sorup ilgilendi. Ard\u0131ndan mucize damlalar kullan\u0131ld\u0131 ve bir anda g\u00f6zlerimi a\u00e7\u0131p g\u00f6rebildim! Ne muhte\u015fem bir histi. Doktor her \u015feyi tekrar kontrol etti ve otele geri d\u00f6nd\u00fck, dinlendim. Sonraki \u00fc\u00e7 saat g\u00f6zlerim yine suland\u0131 ve yanma vard\u0131 ama bundan sonra her \u015fey giderek daha iyi oldu. G\u00fcn\u00fcn \u015ferefine saat sekiz bu\u00e7ukta d\u0131\u015far\u0131da yemek yedik; sadece g\u00fcne\u015f g\u00f6zl\u00fc\u011f\u00fcyle. Gece iyi uyudum ve sabah uyand\u0131\u011f\u0131mda g\u00f6r\u00fc\u015f\u00fcm tamamen netti. Saat 11\u2019de yap\u0131lan kontrol muayenesinde her \u015fey yolundayd\u0131; neredeyse %100 g\u00f6r\u00fc\u015fe sahiptim. Yeni bir hayat ba\u015flayabilirdi! \u00d6\u011fleden sonra havaalan\u0131na g\u00f6t\u00fcr\u00fcld\u00fck ve ev yolculu\u011funa ba\u015flad\u0131k. \u015eimdi evimdeyim ve bunu yapt\u0131\u011f\u0131m i\u00e7in \u00e7ok mutluyum! T\u00fcrkiye\u2019de g\u00f6z ameliyat\u0131, makul bir fiyata yeniden g\u00f6zl\u00fcks\u00fcz g\u00f6rebilmek i\u00e7in herkes i\u00e7in b\u00fcy\u00fck bir f\u0131rsat. Bunu herkese \u015fiddetle tavsiye ediyorum! Art\u0131k yataktan d\u0131\u015far\u0131daki havay\u0131 g\u00f6rebiliyorum!!!!!!!!!!!! EyeSTAR Klinik ekibine harika ilgileri i\u00e7in ve Swisslasik\u2019e m\u00fckemmel organizasyonlar\u0131 i\u00e7in te\u015fekk\u00fcr ederim. Sevgilerle,Karin Herbst17.6.2009 \u00d6nceki Rapor Sonraki Rapor<\/p>\n","protected":false},"author":4,"featured_media":0,"parent":4430,"menu_order":0,"comment_status":"closed","ping_status":"closed","template":"","meta":{"_joinchat":[],"footnotes":""},"class_list":["post-4449","page","type-page","status-publish","hentry"],"acf":[],"_links":{"self":[{"href":"https:\/\/medicaltravel.at\/tr\/wp-json\/wp\/v2\/pages\/4449","targetHints":{"allow":["GET"]}}],"collection":[{"href":"https:\/\/medicaltravel.at\/tr\/wp-json\/wp\/v2\/pages"}],"about":[{"href":"https:\/\/medicaltravel.at\/tr\/wp-json\/wp\/v2\/types\/page"}],"author":[{"embeddable":true,"href":"https:\/\/medicaltravel.at\/tr\/wp-json\/wp\/v2\/users\/4"}],"replies":[{"embeddable":true,"href":"https:\/\/medicaltravel.at\/tr\/wp-json\/wp\/v2\/comments?post=4449"}],"version-history":[{"count":2,"href":"https:\/\/medicaltravel.at\/tr\/wp-json\/wp\/v2\/pages\/4449\/revisions"}],"predecessor-version":[{"id":5831,"href":"https:\/\/medicaltravel.at\/tr\/wp-json\/wp\/v2\/pages\/4449\/revisions\/5831"}],"up":[{"embeddable":true,"href":"https:\/\/medicaltravel.at\/tr\/wp-json\/wp\/v2\/pages\/4430"}],"wp:attachment":[{"href":"https:\/\/medicaltravel.at\/tr\/wp-json\/wp\/v2\/media?parent=4449"}],"curies":[{"name":"wp","href":"https:\/\/api.w.org\/{rel}","templated":true}]}}