{"id":4447,"date":"2025-09-28T10:49:01","date_gmt":"2025-09-28T09:49:01","guid":{"rendered":"https:\/\/medicaltravel.at\/hasta-hikayeleri\/2009-2010-deneyim-raporlari\/goezlueksuez-yeni-bir-yasam-hissi-10-temmuz-2009-cuma-tarihli-rapor\/"},"modified":"2026-01-13T16:34:19","modified_gmt":"2026-01-13T15:34:19","slug":"goezlueksuez-yeni-bir-yasam-hissi-10-temmuz-2009-cuma-tarihli-rapor","status":"publish","type":"page","link":"https:\/\/medicaltravel.at\/tr\/hasta-hikayeleri\/2009-2010-deneyim-raporlari\/goezlueksuez-yeni-bir-yasam-hissi-10-temmuz-2009-cuma-tarihli-rapor\/","title":{"rendered":"G\u00f6zl\u00fcks\u00fcz Yeni Bir Ya\u015fam Hissi \u2013 10 Temmuz 2009 Cuma tarihli rapor"},"content":{"rendered":"\n<h3 class=\"wp-block-heading\">G\u00f6zl\u00fcks\u00fcz Yeni Bir Ya\u015fam Hissi \u2013 10 Temmuz 2009 Cuma tarihli rapor <\/h3>\n\n\n\n<p>G\u00f6zl\u00fcks\u00fcz yeni bir ya\u015fam hissi. \u0130ki y\u0131l \u00f6nce hamilelikten sonra lenslerimi art\u0131k dayanamaz hale gelmi\u015fti. S\u00fcrekli ka\u015f\u0131nma, yanma ve g\u00f6z\u00fcme yabanc\u0131 bir his\u2026 Spor ve g\u00fcnl\u00fck ya\u015fam i\u00e7in -2,75 diyoptri ile zamanla olduk\u00e7a zorlay\u0131c\u0131 h\u00e2le gelmi\u015fti. O\u011flum her g\u00fcn g\u00f6zl\u00fc\u011f\u00fcmle e\u011fleniyor, optisyenim de g\u00f6zl\u00fc\u011f\u00fc d\u00fczeltmekle u\u011fra\u015f\u0131yordu ;-). Arkada\u015flar\u0131m sayesinde Swisslasik\u2019ten haberdar oldum ve ac\u0131ya son vermeye karar verdim.<br><br>Lazer ameliyat\u0131 hakk\u0131nda detayl\u0131 ara\u015ft\u0131rma yaparken tuhaf bir his vard\u0131. Her yerden \u201cRisk \u00e7ok b\u00fcy\u00fck, yapma!\u201d gibi uyar\u0131lar duydum. Ama t\u00fcm cesaretimi toplad\u0131m ve Z\u00fcrih\u2019te \u00f6n muayene i\u00e7in ba\u015fvurdum. Ayn\u0131 hafta kontrol randevusu ald\u0131m. Yap\u0131lan bir\u00e7ok test, baz\u0131lar\u0131 biraz rahats\u0131z edici olsa da, sorunsuz ge\u00e7ti. Ameliyat i\u00e7in hi\u00e7bir engel olmad\u0131\u011f\u0131 olumlu bir \u015fekilde bildirildi.<br><br>Z\u00fcrih\u2019te bir al\u0131\u015fveri\u015f turunun ard\u0131ndan hemen eve d\u00f6n\u00fcp internet \u00fczerinden Swisslasik\u2019e \u0130stanbul\u2019da ameliyat i\u00e7in kaydoldum. H\u0131zl\u0131 hizmet sayesinde \u00fc\u00e7 hafta i\u00e7inde ameliyat randevusu alabildim. Swisslasik t\u00fcm organizasyonu \u00fcstlendi: u\u00e7u\u015f, kar\u015f\u0131lama, otel ve klinik konaklamas\u0131. Kloten Havaliman\u0131\u2019nda iki erkek \u00e7ocu\u011fuma veda etmek \u00f6zellikle zordu. Ama T\u00fcrk Hava Yollar\u0131 ile u\u00e7u\u015f sakin ge\u00e7ti ve hasreti unutturdu.<br><br>\u0130stanbul havaliman\u0131nda tam zaman\u0131nda al\u0131nd\u0131m ve otele giderken \u015fehir hakk\u0131nda bir\u00e7ok \u015fey \u00f6\u011frendim. Almanca ve \u0130svi\u00e7re Almancas\u0131 destek sayesinde \u0130stanbul yolculu\u011fum m\u00fckemmeldi. Ameliyata iyi bir \u015fekilde haz\u0131rlanm\u0131\u015ft\u0131m, bu y\u00fczden i\u015flem s\u0131ras\u0131nda panik yapmad\u0131m. Ameliyat \u00f6ncesi masaj koltu\u011funa oturup g\u00fczelce masaj yap\u0131ld\u0131m. Hijyenin olduk\u00e7a s\u0131k\u0131 uygulanmas\u0131 beni \u015fa\u015f\u0131rtt\u0131.<br><br>Ameliyat \u00e7ok iyi ge\u00e7ti; tek rahats\u0131z edici olan g\u00f6zlerimde hissetti\u011fim bas\u0131n\u00e7t\u0131. Ameliyat \u00f6ncesi \u0130svi\u00e7re\u2019deki gibi gergin bir ortam yoktu. Her \u015fey tam olarak beklendi\u011fi gibi ger\u00e7ekle\u015fti. Ameliyat ekibinin talimatlar\u0131na uydum, verilen damlalar\u0131 d\u00fczenli kulland\u0131m ve otelde d\u00f6rt saatlik uykumu ald\u0131m. Damla kullanmak ba\u015flang\u0131\u00e7ta kolay de\u011fildi; aynas\u0131z baz\u0131 damlalar ka\u00e7t\u0131. B\u00f6ylece \u0130stanbul\u2019u 1,5 g\u00fcn boyunca farkl\u0131 bir bak\u0131\u015f a\u00e7\u0131s\u0131yla g\u00f6rebildim.<br><br>Ameliyattan sonra, lenssiz g\u00f6rebilmek ger\u00e7ekten harikayd\u0131. Tek uzun s\u00fcreli k\u0131s\u0131tlama bilgisayar ve televizyon kar\u015f\u0131s\u0131ndayd\u0131. \u0130svi\u00e7re\u2019ye d\u00f6n\u00fc\u015f u\u00e7u\u015funda damlalar\u0131 kullanmak beni \u00e7ok rahatlatt\u0131; u\u00e7aktaki bas\u0131n\u00e7 ve klima nedeniyle her yar\u0131m saatte bir damla kullanmam \u00f6nerildi.<br><br>Bu fiyat-performans oran\u0131 i\u00e7in tamamen destekliyorum ve lazer yapt\u0131rmak isteyenlere cesaret vermek istiyorum. Ger\u00e7ekten, bu ad\u0131m\u0131 \u00e7ok daha erken atmal\u0131yd\u0131m; g\u00f6zl\u00fcks\u00fcz bir ya\u015fam daha fazla ya\u015fam kalitesi sunuyor. \u015eimdi Z\u00fcrih\u2019teki ilk kontrol muayenem var. Bu kontrol, EYE STAR Klini\u011fi\u2019nde T\u00fcrk personelin m\u00fckemmel hizmetini bir kez daha onaylamak i\u00e7in olacak. G\u00f6zlerim harika durumda.<br><br>Destek ve m\u00fckemmel organizasyon i\u00e7in t\u00fcm ekibe i\u00e7ten te\u015fekk\u00fcrlerimi sunuyorum.<br><br>Sandra Bl\u00f6chlinger-Cortesi<\/p>\n\n\n\n<div class=\"wp-block-group is-layout-grid wp-container-core-group-is-layout-baef362d wp-block-group-is-layout-grid\">\n<p><a href=\"https:\/\/medicaltravel.at\/home\/agb\/\" data-type=\"page\" data-id=\"2191\"><\/a><a href=\"https:\/\/medicaltravel.at\/tr\/hasta-hikayeleri\/2009-2010-deneyim-raporlari\/istanbuldaki-lasik-ameliyatimdan-5-ay-sonra-sonuclarim-21-ekim-2009-carsamba-tarihli-rapor\/\" data-type=\"link\" data-id=\"https:\/\/medicaltravel.at\/tr\/hasta-hikayeleri\/2009-2010-deneyim-raporlari\/istanbuldaki-lasik-ameliyatimdan-5-ay-sonra-sonuclarim-21-ekim-2009-carsamba-tarihli-rapor\/\">\u00d6nceki Rapor<\/a><\/p>\n\n\n\n<p class=\"has-text-align-right wp-container-content-5e2576f9\"><a href=\"https:\/\/medicaltravel.at\/home\/impressum\/\" data-type=\"page\" data-id=\"2193\"><\/a><a href=\"https:\/\/medicaltravel.at\/home\/berichte-von-patienten\/erfahrungsberichte\/erfahrungsbericht-zahnbehandlung-in-istanbul\/\" data-type=\"page\" data-id=\"981\"><\/a><a href=\"https:\/\/medicaltravel.at\/tr\/hasta-hikayeleri\/2009-2010-deneyim-raporlari\/istanbulda-lasek-ile-goez-lazer-ameliyatim-5-haziran-2009-cuma-tarihli-rapor\/\" data-type=\"link\" data-id=\"https:\/\/medicaltravel.at\/tr\/hasta-hikayeleri\/2009-2010-deneyim-raporlari\/istanbulda-lasek-ile-goez-lazer-ameliyatim-5-haziran-2009-cuma-tarihli-rapor\/\">Sonraki Rapor<\/a><\/p>\n<\/div>\n","protected":false},"excerpt":{"rendered":"<p>G\u00f6zl\u00fcks\u00fcz Yeni Bir Ya\u015fam Hissi \u2013 10 Temmuz 2009 Cuma tarihli rapor G\u00f6zl\u00fcks\u00fcz yeni bir ya\u015fam hissi. \u0130ki y\u0131l \u00f6nce hamilelikten sonra lenslerimi art\u0131k dayanamaz hale gelmi\u015fti. S\u00fcrekli ka\u015f\u0131nma, yanma ve g\u00f6z\u00fcme yabanc\u0131 bir his\u2026 Spor ve g\u00fcnl\u00fck ya\u015fam i\u00e7in -2,75 diyoptri ile zamanla olduk\u00e7a zorlay\u0131c\u0131 h\u00e2le gelmi\u015fti. O\u011flum her g\u00fcn g\u00f6zl\u00fc\u011f\u00fcmle e\u011fleniyor, optisyenim de g\u00f6zl\u00fc\u011f\u00fc d\u00fczeltmekle u\u011fra\u015f\u0131yordu ;-). Arkada\u015flar\u0131m sayesinde Swisslasik\u2019ten haberdar oldum ve ac\u0131ya son vermeye karar verdim. Lazer ameliyat\u0131 hakk\u0131nda detayl\u0131 ara\u015ft\u0131rma yaparken tuhaf bir his vard\u0131. Her yerden \u201cRisk \u00e7ok b\u00fcy\u00fck, yapma!\u201d gibi uyar\u0131lar duydum. Ama t\u00fcm cesaretimi toplad\u0131m ve Z\u00fcrih\u2019te \u00f6n muayene i\u00e7in ba\u015fvurdum. Ayn\u0131 hafta kontrol randevusu ald\u0131m. Yap\u0131lan bir\u00e7ok test, baz\u0131lar\u0131 biraz rahats\u0131z edici olsa da, sorunsuz ge\u00e7ti. Ameliyat i\u00e7in hi\u00e7bir engel olmad\u0131\u011f\u0131 olumlu bir \u015fekilde bildirildi. Z\u00fcrih\u2019te bir al\u0131\u015fveri\u015f turunun ard\u0131ndan hemen eve d\u00f6n\u00fcp internet \u00fczerinden Swisslasik\u2019e \u0130stanbul\u2019da ameliyat i\u00e7in kaydoldum. H\u0131zl\u0131 hizmet sayesinde \u00fc\u00e7 hafta i\u00e7inde ameliyat randevusu alabildim. Swisslasik t\u00fcm organizasyonu \u00fcstlendi: u\u00e7u\u015f, kar\u015f\u0131lama, otel ve klinik konaklamas\u0131. Kloten Havaliman\u0131\u2019nda iki erkek \u00e7ocu\u011fuma veda etmek \u00f6zellikle zordu. Ama T\u00fcrk Hava Yollar\u0131 ile u\u00e7u\u015f sakin ge\u00e7ti ve hasreti unutturdu. \u0130stanbul havaliman\u0131nda tam zaman\u0131nda al\u0131nd\u0131m ve otele giderken \u015fehir hakk\u0131nda bir\u00e7ok \u015fey \u00f6\u011frendim. Almanca ve \u0130svi\u00e7re Almancas\u0131 destek sayesinde \u0130stanbul yolculu\u011fum m\u00fckemmeldi. Ameliyata iyi bir \u015fekilde haz\u0131rlanm\u0131\u015ft\u0131m, bu y\u00fczden i\u015flem s\u0131ras\u0131nda panik yapmad\u0131m. Ameliyat \u00f6ncesi masaj koltu\u011funa oturup g\u00fczelce masaj yap\u0131ld\u0131m. Hijyenin olduk\u00e7a s\u0131k\u0131 uygulanmas\u0131 beni \u015fa\u015f\u0131rtt\u0131. Ameliyat \u00e7ok iyi ge\u00e7ti; tek rahats\u0131z edici olan g\u00f6zlerimde hissetti\u011fim bas\u0131n\u00e7t\u0131. Ameliyat \u00f6ncesi \u0130svi\u00e7re\u2019deki gibi gergin bir ortam yoktu. Her \u015fey tam olarak beklendi\u011fi gibi ger\u00e7ekle\u015fti. Ameliyat ekibinin talimatlar\u0131na uydum, verilen damlalar\u0131 d\u00fczenli kulland\u0131m ve otelde d\u00f6rt saatlik uykumu ald\u0131m. Damla kullanmak ba\u015flang\u0131\u00e7ta kolay de\u011fildi; aynas\u0131z baz\u0131 damlalar ka\u00e7t\u0131. B\u00f6ylece \u0130stanbul\u2019u 1,5 g\u00fcn boyunca farkl\u0131 bir bak\u0131\u015f a\u00e7\u0131s\u0131yla g\u00f6rebildim. Ameliyattan sonra, lenssiz g\u00f6rebilmek ger\u00e7ekten harikayd\u0131. Tek uzun s\u00fcreli k\u0131s\u0131tlama bilgisayar ve televizyon kar\u015f\u0131s\u0131ndayd\u0131. \u0130svi\u00e7re\u2019ye d\u00f6n\u00fc\u015f u\u00e7u\u015funda damlalar\u0131 kullanmak beni \u00e7ok rahatlatt\u0131; u\u00e7aktaki bas\u0131n\u00e7 ve klima nedeniyle her yar\u0131m saatte bir damla kullanmam \u00f6nerildi. Bu fiyat-performans oran\u0131 i\u00e7in tamamen destekliyorum ve lazer yapt\u0131rmak isteyenlere cesaret vermek istiyorum. Ger\u00e7ekten, bu ad\u0131m\u0131 \u00e7ok daha erken atmal\u0131yd\u0131m; g\u00f6zl\u00fcks\u00fcz bir ya\u015fam daha fazla ya\u015fam kalitesi sunuyor. \u015eimdi Z\u00fcrih\u2019teki ilk kontrol muayenem var. Bu kontrol, EYE STAR Klini\u011fi\u2019nde T\u00fcrk personelin m\u00fckemmel hizmetini bir kez daha onaylamak i\u00e7in olacak. G\u00f6zlerim harika durumda. Destek ve m\u00fckemmel organizasyon i\u00e7in t\u00fcm ekibe i\u00e7ten te\u015fekk\u00fcrlerimi sunuyorum. Sandra Bl\u00f6chlinger-Cortesi \u00d6nceki Rapor Sonraki Rapor<\/p>\n","protected":false},"author":4,"featured_media":0,"parent":4430,"menu_order":0,"comment_status":"closed","ping_status":"closed","template":"","meta":{"_joinchat":[],"footnotes":""},"class_list":["post-4447","page","type-page","status-publish","hentry"],"acf":[],"_links":{"self":[{"href":"https:\/\/medicaltravel.at\/tr\/wp-json\/wp\/v2\/pages\/4447","targetHints":{"allow":["GET"]}}],"collection":[{"href":"https:\/\/medicaltravel.at\/tr\/wp-json\/wp\/v2\/pages"}],"about":[{"href":"https:\/\/medicaltravel.at\/tr\/wp-json\/wp\/v2\/types\/page"}],"author":[{"embeddable":true,"href":"https:\/\/medicaltravel.at\/tr\/wp-json\/wp\/v2\/users\/4"}],"replies":[{"embeddable":true,"href":"https:\/\/medicaltravel.at\/tr\/wp-json\/wp\/v2\/comments?post=4447"}],"version-history":[{"count":2,"href":"https:\/\/medicaltravel.at\/tr\/wp-json\/wp\/v2\/pages\/4447\/revisions"}],"predecessor-version":[{"id":5833,"href":"https:\/\/medicaltravel.at\/tr\/wp-json\/wp\/v2\/pages\/4447\/revisions\/5833"}],"up":[{"embeddable":true,"href":"https:\/\/medicaltravel.at\/tr\/wp-json\/wp\/v2\/pages\/4430"}],"wp:attachment":[{"href":"https:\/\/medicaltravel.at\/tr\/wp-json\/wp\/v2\/media?parent=4447"}],"curies":[{"name":"wp","href":"https:\/\/api.w.org\/{rel}","templated":true}]}}