{"id":4444,"date":"2025-09-28T10:51:26","date_gmt":"2025-09-28T09:51:26","guid":{"rendered":"https:\/\/medicaltravel.at\/hasta-hikayeleri\/2009-2010-deneyim-raporlari\/goezlueksuez-bir-yasam-her-zaman-hayalimdi-21-mayis-2009-persembe-tarihli-rapor\/"},"modified":"2026-01-13T16:36:05","modified_gmt":"2026-01-13T15:36:05","slug":"goezlueksuez-bir-yasam-her-zaman-hayalimdi-21-mayis-2009-persembe-tarihli-rapor","status":"publish","type":"page","link":"https:\/\/medicaltravel.at\/tr\/hasta-hikayeleri\/2009-2010-deneyim-raporlari\/goezlueksuez-bir-yasam-her-zaman-hayalimdi-21-mayis-2009-persembe-tarihli-rapor\/","title":{"rendered":"G\u00f6zl\u00fcks\u00fcz Bir Ya\u015fam Her Zaman Hayalimdi! \u2013 21 May\u0131s 2009 Per\u015fembe tarihli rapor"},"content":{"rendered":"\n<h3 class=\"wp-block-heading\">G\u00f6zl\u00fcks\u00fcz Bir Ya\u015fam Her Zaman Hayalimdi! \u2013 21 May\u0131s 2009 Per\u015fembe tarihli rapor <\/h3>\n\n\n\n<p>G\u00f6zl\u00fcks\u00fcz bir hayat her zaman hayalimdi!<\/p>\n\n\n\n<p>Yakla\u015f\u0131k yar\u0131m y\u0131l \u00f6nce akrabalar\u0131m T\u00fcrkiye\u2019de tatildeydi. Orada \u00e7ok say\u0131da optik\u00e7i d\u00fckk\u00e2n\u0131 oldu\u011funu hemen fark etmi\u015fler. Ara\u015ft\u0131rd\u0131klar\u0131nda, T\u00fcrkiye\u2019nin optik alan\u0131nda olduk\u00e7a g\u00fc\u00e7l\u00fc oldu\u011fu s\u00f6ylenmi\u015f. Ba\u015flarda g\u00f6zlerimi yurt d\u0131\u015f\u0131nda ameliyat ettirmek bana pek inand\u0131r\u0131c\u0131 gelmemi\u015fti. Yine de internette lazer ameliyat\u0131 hakk\u0131nda ara\u015ft\u0131rma yapt\u0131m ve k\u0131sa s\u00fcrede SWISSLASIK\u2019e rastlad\u0131m. Bu internet sitesi bende iyi bir izlenim b\u0131rakt\u0131. Forumda ameliyat olmu\u015f bir\u00e7ok hastan\u0131n yaz\u0131lar\u0131n\u0131 okudum ve hepsinin sonu\u00e7tan \u00e7ok memnun oldu\u011funu g\u00f6rd\u00fcm.<br><br>Bunun \u00fczerine Swisslasik \u00fczerinden Z\u00fcrih\u2019te bir \u00f6n muayeneye randevu ald\u0131m. G\u00f6z doktoru, benim i\u00e7in ameliyat\u0131n gayet m\u00fcmk\u00fcn oldu\u011funu s\u00f6yledi. Ben de bu y\u00fczden g\u00f6zlerimi \u0130stanbul\u2019daki EYE-STAR Klini\u011fi\u2019nde lazer yapt\u0131rmaya karar verdim. Say\u0131n Kara\u011fa\u00e7l\u0131 t\u00fcm seyahati kusursuz bir \u015fekilde organize etmi\u015fti. Her \u015fey sorunsuz ilerledi. Ameliyattan tam bir hafta \u00f6nce, t\u00fcm s\u00fcrecin detayl\u0131 \u015fekilde anlat\u0131ld\u0131\u011f\u0131 Swisslasik pasaportu elime ula\u015ft\u0131.<br><br>17 Nisan 2009\u2019da \u0130stanbul yolculu\u011fu ba\u015flad\u0131. Sabah Swiss havayollar\u0131 ile \u0130stanbul\u2019a u\u00e7tum. Havaliman\u0131nda beni EYE-STAR yaz\u0131l\u0131 b\u00fcy\u00fck bir pankartla \u015fof\u00f6r\u00fcm Fred \u00d6zatakan bekliyordu. Kendisi \u00e7ok g\u00fcler y\u00fczl\u00fcyd\u00fc ve hatta \u0130svi\u00e7re Almancas\u0131 bile konu\u015fuyordu. Fred beni \u00f6nce g\u00f6n\u00fcl rahatl\u0131\u011f\u0131yla tavsiye edebilece\u011fim Taksim G\u00f6nen Oteli\u2019ne g\u00f6t\u00fcrd\u00fc ve check-in i\u015flemlerinde yard\u0131mc\u0131 oldu. Daha sonra y\u00fcr\u00fcyerek klini\u011fe gittik; be\u015f dakikada varm\u0131\u015ft\u0131k.<br><br>Klinikte personel taraf\u0131ndan \u00e7ok s\u0131cak bir \u015fekilde kar\u015f\u0131land\u0131m. \u00d6n muayene yakla\u015f\u0131k bir saat s\u00fcrd\u00fc. Sorumlu doktor, Z\u00fcrih\u2019teki doktorla ayn\u0131 \u015feyi s\u00f6yledi: benim i\u00e7in ameliyat\u0131n hi\u00e7bir sak\u0131ncas\u0131 yoktu. Ameliyat \u00f6ncesinde, bir \u015feyler yemek i\u00e7in otelde k\u0131sa bir mola verme \u015fans\u0131m oldu. Ama olduk\u00e7a heyecanl\u0131 oldu\u011fum i\u00e7in pek i\u015ftah\u0131m yoktu.<br><br>Tekrar klini\u011fe d\u00f6nd\u00fc\u011f\u00fcmde, dan\u0131\u015fman\u0131m beni yap\u0131lacak ameliyatla ilgili \u00e7ok iyi haz\u0131rlad\u0131. Bana bir sakinle\u015ftirici hap verdi. Haz\u0131rl\u0131k s\u0131ras\u0131nda masaj koltu\u011funda masaj yap\u0131ld\u0131 ve bu esnada g\u00f6zlerim dezenfekte edildi. Birka\u00e7 dakika sonra ameliyat ba\u015flad\u0131. Ameliyat s\u0131ras\u0131nda yapmam gereken tek \u015fey, y\u00fcz\u00fcm\u00fcn \u00fcst\u00fcndeki ye\u015fil noktaya bakmakt\u0131. Olduk\u00e7a rahats\u0131z ediciydi ama hi\u00e7 a\u011fr\u0131 hissetmedim. Doktor her zaman \u00e7ok nazikti. \u0130\u015flem sadece yedi dakika s\u00fcrd\u00fc.<br><br>Sonras\u0131nda doktor g\u00f6zlerimi kontrol etti ve sonu\u00e7tan \u00e7ok memnun kald\u0131. G\u00f6r\u00fc\u015f\u00fcm biraz bulan\u0131k olmas\u0131na ra\u011fmen, tek ba\u015f\u0131ma otele d\u00f6nebildim. Ho\u015f bir s\u00fcrpriz oldu \u00e7\u00fcnk\u00fc daha \u00f6nce g\u00f6zl\u00fcks\u00fcz okuyamad\u0131\u011f\u0131m bir\u00e7ok \u015feyi o an okuyabiliyordum. Ertesi g\u00fcn doktor g\u00f6zlerimi tekrar kontrol etti ve her \u015fey yolundayd\u0131. \u00d6\u011fleden sonra da \u015fehri gezdim.                                         Her iki saatte bir \u00fc\u00e7 farkl\u0131 g\u00f6z damlas\u0131 kullanmam gerekiyordu. Sonraki hafta ise sadece her d\u00f6rt saatte bir damla kulland\u0131m. 19 Nisan 2009\u2019da \u015fof\u00f6r\u00fcm taraf\u0131ndan tam zaman\u0131nda al\u0131nd\u0131m ve havaalan\u0131na g\u00f6t\u00fcr\u00fcld\u00fcm. Swiss ile d\u00f6n\u00fc\u015f u\u00e7u\u015fu s\u0131ras\u0131nda, u\u00e7aktaki hava olduk\u00e7a kuru oldu\u011fu i\u00e7in her yar\u0131m saatte bir damla damlatmam gerekti.<br>\u0130svi\u00e7re\u2019ye d\u00f6nd\u00fckten sonra Z\u00fcrih\u2019te iki kez kontrol muayenesine gittim. Doktor sonu\u00e7tan \u00e7ok memnun ve ben de elbette \u00f6yleyim. \u0130stanbul\u2019daki bu ameliyat\u0131 herkese tavsiye edebilirim. Pi\u015fman olmayacaks\u0131n\u0131z.<br><br>Say\u0131n Kara\u011fa\u00e7l\u0131, iyi dan\u0131\u015fmanl\u0131k ve organizasyon i\u00e7in size bir kez daha te\u015fekk\u00fcr etmek isterim.<br><br>Roger Bolliger<br>21.05.2009       <\/p>\n\n\n\n<figure class=\"wp-block-image size-full\"><img fetchpriority=\"high\" decoding=\"async\" width=\"446\" height=\"336\" src=\"https:\/\/medicaltravel.at\/wp-content\/uploads\/2025\/09\/Taksimplatz_bolliger.jpg\" alt=\"\" class=\"wp-image-1283\" srcset=\"https:\/\/medicaltravel.at\/wp-content\/uploads\/2025\/09\/Taksimplatz_bolliger.jpg 446w, https:\/\/medicaltravel.at\/wp-content\/uploads\/2025\/09\/Taksimplatz_bolliger-300x226.jpg 300w\" sizes=\"(max-width: 446px) 100vw, 446px\" \/><\/figure>\n\n\n\n<div class=\"wp-block-group is-layout-grid wp-container-core-group-is-layout-baef362d wp-block-group-is-layout-grid\">\n<p><a href=\"https:\/\/medicaltravel.at\/home\/agb\/\" data-type=\"page\" data-id=\"2191\"><\/a><a href=\"https:\/\/medicaltravel.at\/tr\/hasta-hikayeleri\/2009-2010-deneyim-raporlari\/lasik-deneyim-raporu-mayis-2009-istanbul-28-mayis-2009-persembe-tarihli-rapor\/\" data-type=\"link\" data-id=\"https:\/\/medicaltravel.at\/tr\/hasta-hikayeleri\/2009-2010-deneyim-raporlari\/lasik-deneyim-raporu-mayis-2009-istanbul-28-mayis-2009-persembe-tarihli-rapor\/\">\u00d6nceki Rapor<\/a><\/p>\n\n\n\n<p class=\"has-text-align-right wp-container-content-5e2576f9\"><a href=\"https:\/\/medicaltravel.at\/home\/impressum\/\" data-type=\"page\" data-id=\"2193\"><\/a><a href=\"https:\/\/medicaltravel.at\/home\/berichte-von-patienten\/erfahrungsberichte\/erfahrungsbericht-zahnbehandlung-in-istanbul\/\" data-type=\"page\" data-id=\"981\"><\/a><a href=\"https:\/\/medicaltravel.at\/tr\/hasta-hikayeleri\/2009-2010-deneyim-raporlari\/istanbuldaki-goez-ameliyatim-hakkindaki-yorumum-15-mayis-2009-cuma-tarihli-rapor\/\" data-type=\"link\" data-id=\"https:\/\/medicaltravel.at\/berichte-von-patienten\/erfahrungsberichte-2009-2010\/mein-kommentar-zu-meiner-augenoperation-in-istanbul-bericht-vom-freitag-15-mai-2009\/\">Sonraki <\/a><a href=\"https:\/\/medicaltravel.at\/tr\/hasta-hikayeleri\/2009-2010-deneyim-raporlari\/istanbuldaki-goez-ameliyatim-hakkindaki-yorumum-15-mayis-2009-cuma-tarihli-rapor\/\" data-type=\"link\" data-id=\"https:\/\/medicaltravel.at\/tr\/hasta-hikayeleri\/2009-2010-deneyim-raporlari\/istanbuldaki-goez-ameliyatim-hakkindaki-yorumum-15-mayis-2009-cuma-tarihli-rapor\/\">Rapor<\/a><\/p>\n<\/div>\n\n\n\n<p><\/p>\n","protected":false},"excerpt":{"rendered":"<p>G\u00f6zl\u00fcks\u00fcz Bir Ya\u015fam Her Zaman Hayalimdi! \u2013 21 May\u0131s 2009 Per\u015fembe tarihli rapor G\u00f6zl\u00fcks\u00fcz bir hayat her zaman hayalimdi! Yakla\u015f\u0131k yar\u0131m y\u0131l \u00f6nce akrabalar\u0131m T\u00fcrkiye\u2019de tatildeydi. Orada \u00e7ok say\u0131da optik\u00e7i d\u00fckk\u00e2n\u0131 oldu\u011funu hemen fark etmi\u015fler. Ara\u015ft\u0131rd\u0131klar\u0131nda, T\u00fcrkiye\u2019nin optik alan\u0131nda olduk\u00e7a g\u00fc\u00e7l\u00fc oldu\u011fu s\u00f6ylenmi\u015f. Ba\u015flarda g\u00f6zlerimi yurt d\u0131\u015f\u0131nda ameliyat ettirmek bana pek inand\u0131r\u0131c\u0131 gelmemi\u015fti. Yine de internette lazer ameliyat\u0131 hakk\u0131nda ara\u015ft\u0131rma yapt\u0131m ve k\u0131sa s\u00fcrede SWISSLASIK\u2019e rastlad\u0131m. Bu internet sitesi bende iyi bir izlenim b\u0131rakt\u0131. Forumda ameliyat olmu\u015f bir\u00e7ok hastan\u0131n yaz\u0131lar\u0131n\u0131 okudum ve hepsinin sonu\u00e7tan \u00e7ok memnun oldu\u011funu g\u00f6rd\u00fcm. Bunun \u00fczerine Swisslasik \u00fczerinden Z\u00fcrih\u2019te bir \u00f6n muayeneye randevu ald\u0131m. G\u00f6z doktoru, benim i\u00e7in ameliyat\u0131n gayet m\u00fcmk\u00fcn oldu\u011funu s\u00f6yledi. Ben de bu y\u00fczden g\u00f6zlerimi \u0130stanbul\u2019daki EYE-STAR Klini\u011fi\u2019nde lazer yapt\u0131rmaya karar verdim. Say\u0131n Kara\u011fa\u00e7l\u0131 t\u00fcm seyahati kusursuz bir \u015fekilde organize etmi\u015fti. Her \u015fey sorunsuz ilerledi. Ameliyattan tam bir hafta \u00f6nce, t\u00fcm s\u00fcrecin detayl\u0131 \u015fekilde anlat\u0131ld\u0131\u011f\u0131 Swisslasik pasaportu elime ula\u015ft\u0131. 17 Nisan 2009\u2019da \u0130stanbul yolculu\u011fu ba\u015flad\u0131. Sabah Swiss havayollar\u0131 ile \u0130stanbul\u2019a u\u00e7tum. Havaliman\u0131nda beni EYE-STAR yaz\u0131l\u0131 b\u00fcy\u00fck bir pankartla \u015fof\u00f6r\u00fcm Fred \u00d6zatakan bekliyordu. Kendisi \u00e7ok g\u00fcler y\u00fczl\u00fcyd\u00fc ve hatta \u0130svi\u00e7re Almancas\u0131 bile konu\u015fuyordu. Fred beni \u00f6nce g\u00f6n\u00fcl rahatl\u0131\u011f\u0131yla tavsiye edebilece\u011fim Taksim G\u00f6nen Oteli\u2019ne g\u00f6t\u00fcrd\u00fc ve check-in i\u015flemlerinde yard\u0131mc\u0131 oldu. Daha sonra y\u00fcr\u00fcyerek klini\u011fe gittik; be\u015f dakikada varm\u0131\u015ft\u0131k. Klinikte personel taraf\u0131ndan \u00e7ok s\u0131cak bir \u015fekilde kar\u015f\u0131land\u0131m. \u00d6n muayene yakla\u015f\u0131k bir saat s\u00fcrd\u00fc. Sorumlu doktor, Z\u00fcrih\u2019teki doktorla ayn\u0131 \u015feyi s\u00f6yledi: benim i\u00e7in ameliyat\u0131n hi\u00e7bir sak\u0131ncas\u0131 yoktu. Ameliyat \u00f6ncesinde, bir \u015feyler yemek i\u00e7in otelde k\u0131sa bir mola verme \u015fans\u0131m oldu. Ama olduk\u00e7a heyecanl\u0131 oldu\u011fum i\u00e7in pek i\u015ftah\u0131m yoktu. Tekrar klini\u011fe d\u00f6nd\u00fc\u011f\u00fcmde, dan\u0131\u015fman\u0131m beni yap\u0131lacak ameliyatla ilgili \u00e7ok iyi haz\u0131rlad\u0131. Bana bir sakinle\u015ftirici hap verdi. Haz\u0131rl\u0131k s\u0131ras\u0131nda masaj koltu\u011funda masaj yap\u0131ld\u0131 ve bu esnada g\u00f6zlerim dezenfekte edildi. Birka\u00e7 dakika sonra ameliyat ba\u015flad\u0131. Ameliyat s\u0131ras\u0131nda yapmam gereken tek \u015fey, y\u00fcz\u00fcm\u00fcn \u00fcst\u00fcndeki ye\u015fil noktaya bakmakt\u0131. Olduk\u00e7a rahats\u0131z ediciydi ama hi\u00e7 a\u011fr\u0131 hissetmedim. Doktor her zaman \u00e7ok nazikti. \u0130\u015flem sadece yedi dakika s\u00fcrd\u00fc. Sonras\u0131nda doktor g\u00f6zlerimi kontrol etti ve sonu\u00e7tan \u00e7ok memnun kald\u0131. G\u00f6r\u00fc\u015f\u00fcm biraz bulan\u0131k olmas\u0131na ra\u011fmen, tek ba\u015f\u0131ma otele d\u00f6nebildim. Ho\u015f bir s\u00fcrpriz oldu \u00e7\u00fcnk\u00fc daha \u00f6nce g\u00f6zl\u00fcks\u00fcz okuyamad\u0131\u011f\u0131m bir\u00e7ok \u015feyi o an okuyabiliyordum. Ertesi g\u00fcn doktor g\u00f6zlerimi tekrar kontrol etti ve her \u015fey yolundayd\u0131. \u00d6\u011fleden sonra da \u015fehri gezdim. Her iki saatte bir \u00fc\u00e7 farkl\u0131 g\u00f6z damlas\u0131 kullanmam gerekiyordu. Sonraki hafta ise sadece her d\u00f6rt saatte bir damla kulland\u0131m. 19 Nisan 2009\u2019da \u015fof\u00f6r\u00fcm taraf\u0131ndan tam zaman\u0131nda al\u0131nd\u0131m ve havaalan\u0131na g\u00f6t\u00fcr\u00fcld\u00fcm. Swiss ile d\u00f6n\u00fc\u015f u\u00e7u\u015fu s\u0131ras\u0131nda, u\u00e7aktaki hava olduk\u00e7a kuru oldu\u011fu i\u00e7in her yar\u0131m saatte bir damla damlatmam gerekti.\u0130svi\u00e7re\u2019ye d\u00f6nd\u00fckten sonra Z\u00fcrih\u2019te iki kez kontrol muayenesine gittim. Doktor sonu\u00e7tan \u00e7ok memnun ve ben de elbette \u00f6yleyim. \u0130stanbul\u2019daki bu ameliyat\u0131 herkese tavsiye edebilirim. Pi\u015fman olmayacaks\u0131n\u0131z. Say\u0131n Kara\u011fa\u00e7l\u0131, iyi dan\u0131\u015fmanl\u0131k ve organizasyon i\u00e7in size bir kez daha te\u015fekk\u00fcr etmek isterim. Roger Bolliger21.05.2009 \u00d6nceki Rapor Sonraki Rapor<\/p>\n","protected":false},"author":4,"featured_media":0,"parent":4430,"menu_order":0,"comment_status":"closed","ping_status":"closed","template":"","meta":{"_joinchat":[],"footnotes":""},"class_list":["post-4444","page","type-page","status-publish","hentry"],"acf":[],"_links":{"self":[{"href":"https:\/\/medicaltravel.at\/tr\/wp-json\/wp\/v2\/pages\/4444","targetHints":{"allow":["GET"]}}],"collection":[{"href":"https:\/\/medicaltravel.at\/tr\/wp-json\/wp\/v2\/pages"}],"about":[{"href":"https:\/\/medicaltravel.at\/tr\/wp-json\/wp\/v2\/types\/page"}],"author":[{"embeddable":true,"href":"https:\/\/medicaltravel.at\/tr\/wp-json\/wp\/v2\/users\/4"}],"replies":[{"embeddable":true,"href":"https:\/\/medicaltravel.at\/tr\/wp-json\/wp\/v2\/comments?post=4444"}],"version-history":[{"count":3,"href":"https:\/\/medicaltravel.at\/tr\/wp-json\/wp\/v2\/pages\/4444\/revisions"}],"predecessor-version":[{"id":5836,"href":"https:\/\/medicaltravel.at\/tr\/wp-json\/wp\/v2\/pages\/4444\/revisions\/5836"}],"up":[{"embeddable":true,"href":"https:\/\/medicaltravel.at\/tr\/wp-json\/wp\/v2\/pages\/4430"}],"wp:attachment":[{"href":"https:\/\/medicaltravel.at\/tr\/wp-json\/wp\/v2\/media?parent=4444"}],"curies":[{"name":"wp","href":"https:\/\/api.w.org\/{rel}","templated":true}]}}