{"id":4441,"date":"2025-09-28T10:41:21","date_gmt":"2025-09-28T09:41:21","guid":{"rendered":"https:\/\/medicaltravel.at\/hasta-hikayeleri\/2009-2010-deneyim-raporlari\/istanbulda-goez-lazer-ameliyati-bir-hayal-gercek-oluyor-11-agustos-2010-carsamba-tarihli-rapor\/"},"modified":"2026-01-13T16:23:24","modified_gmt":"2026-01-13T15:23:24","slug":"istanbulda-goez-lazer-ameliyati-bir-hayal-gercek-oluyor-11-agustos-2010-carsamba-tarihli-rapor","status":"publish","type":"page","link":"https:\/\/medicaltravel.at\/tr\/hasta-hikayeleri\/2009-2010-deneyim-raporlari\/istanbulda-goez-lazer-ameliyati-bir-hayal-gercek-oluyor-11-agustos-2010-carsamba-tarihli-rapor\/","title":{"rendered":"\u0130stanbul\u2019da G\u00f6z Lazer Ameliyat\u0131 \u2013 Bir Hayal Ger\u00e7ek Oluyor \u2013 11 A\u011fustos 2010 \u00c7ar\u015famba tarihli rapor"},"content":{"rendered":"\n<h3 class=\"wp-block-heading\">\u0130stanbul\u2019da G\u00f6z Lazer Ameliyat\u0131 \u2013 Bir Hayal Ger\u00e7ek Oluyor \u2013 11 A\u011fustos 2010 \u00c7ar\u015famba tarihli rapor<\/h3>\n\n\n\n<p>Uzun zamand\u0131r en b\u00fcy\u00fck hayallerimden biri g\u00f6zl\u00fcks\u00fcz ve lenssiz bir hayat ya\u015famakt\u0131. G\u00f6zl\u00fck neredeyse t\u00fcm hayat\u0131m boyunca benimleydi; iki bu\u00e7uk ya\u015f\u0131nda ilk g\u00f6zl\u00fc\u011f\u00fcm\u00fc ald\u0131m ve \u015fimdi b\u00fcy\u00fck bir mutlulukla s\u00f6yleyebiliyorum ki, yirmi iki ya\u015f\u0131nda son g\u00f6zl\u00fc\u011f\u00fcm\u00fc takt\u0131m. Her taraftan, g\u00f6zlerini lazer yapt\u0131ran arkada\u015flar\u0131m\u0131n ve tan\u0131d\u0131klar\u0131m\u0131n \u00f6vg\u00fclerini duydum. \u0130svi\u00e7re\u2019de g\u00f6z lazeri hakk\u0131nda birka\u00e7 kez bilgi ald\u0131m ve her seferinde hayallere dald\u0131m. Ama fiyatlar hevesimi hep ka\u00e7\u0131rd\u0131.<br><br>Ben bir \u00f6\u011frenciyim, kendi evimde ya\u015f\u0131yorum ve arabam var; elde kalan para \u00e7ok az oluyor, hele ki bir g\u00f6z ameliyat\u0131 i\u00e7in 9.000 frank hi\u00e7 m\u00fcmk\u00fcn de\u011fil. Hayallerimi neredeyse tamamen rafa kald\u0131rm\u0131\u015ft\u0131m ki, bir g\u00fcn yeni bir i\u015f arkada\u015f\u0131mla sohbete dald\u0131k. Tesad\u00fcfen konu g\u00f6z lazerine geldi ve ben g\u00f6zlerimi devirdim; yani bunu asla kar\u015f\u0131layamayaca\u011f\u0131m\u0131 anlatmak istedim. O da bana g\u00f6zlerini T\u00fcrkiye\u2019de lazer yapt\u0131rd\u0131\u011f\u0131n\u0131 s\u00f6yledi ve \u00fcstelik burada \u0130svi\u00e7re\u2019de tek bir g\u00f6z i\u00e7in \u00f6denecek fiyata, u\u00e7ak bileti ve \u0130stanbul\u2019un merkezinde d\u00f6rt y\u0131ld\u0131zl\u0131 bir otelde d\u00f6rt gece konaklama d\u00e2hil oldu\u011funu anlatt\u0131. Bu beni \u00e7ok merakland\u0131rd\u0131.<br><br>\u00d6\u011fle aras\u0131nda internette ara\u015ft\u0131rma yapt\u0131m ve bu \u015fekilde Swisslasik\u2019in internet sitesine ula\u015ft\u0131m. Hemen bilgi dok\u00fcmanlar\u0131n\u0131 istedim. Her \u015feyi \u00f6\u011frenmek i\u00e7in sab\u0131rs\u0131zlan\u0131yordum, \u00e7\u00fcnk\u00fc sadece sitede okuduklar\u0131m bile beni \u00e7ok etkilemi\u015fti. Bilgiler elime ula\u015f\u0131p detayl\u0131ca inceledikten sonra, ameliyat benim i\u00e7in neredeyse kesinle\u015fmi\u015fti. Aileme ve arkada\u015flar\u0131ma bu cazip teklifi anlatt\u0131m ve ayn\u0131 zamanda benimle birlikte \u0130stanbul\u2019da g\u00f6zlerini lazer yapt\u0131rmak isteyen bir arkada\u015f da buldum.<br><br>Ondan sonra her \u015fey \u00e7ok h\u0131zl\u0131 geli\u015fti. Swisslasik\u2019e ilgilendi\u011fime dair bir e-posta att\u0131m, k\u0131sa s\u00fcre sonra g\u00f6n\u00fcll\u00fc \u00f6n muayenemi yapt\u0131rd\u0131m ve LASIK i\u00e7in uygun oldu\u011fum bildirildi. Bir saniye bile teredd\u00fct etmeden paketi sat\u0131n ald\u0131m. Swisslasik A\u2019dan Z\u2019ye her \u015feyi organize etti. Hatta \u00f6n muayene i\u00e7in, ajansla \u00e7al\u0131\u015fan bir g\u00f6z doktoru bile \u00f6nerdiler. Bu doktor daha sonra kontrol muayenelerimi de yapt\u0131.<br><br>U\u00e7u\u015f g\u00fcn\u00fc inan\u0131lmaz derecede heyecanl\u0131yd\u0131m. Bir yandan beni neyin bekledi\u011fini bilmiyordum, di\u011fer yandan ise g\u00f6zl\u00fcks\u00fcz hayat\u0131m i\u00e7in b\u00fcy\u00fck bir sevin\u00e7 ve beklenti vard\u0131. Swisslasik taraf\u0131ndan ayarlanan u\u00e7u\u015f sorunsuz ge\u00e7ti; s\u00f6ylendi\u011fi gibi havaalan\u0131nda zaman\u0131nda kar\u015f\u0131land\u0131k ve otelimize g\u00f6t\u00fcr\u00fcld\u00fck. Her \u015fey organizeydi, Swisslasik sayesinde hi\u00e7bir \u015feyle u\u011fra\u015fmam\u0131za gerek kalmad\u0131.<br><br>\u00d6n muayene ve ameliyat g\u00fcn\u00fc, otelimizden al\u0131nd\u0131k. Klinik y\u00fcr\u00fcyerek be\u015f dakika mesafedeydi, bu da bana \u00e7ok rahat geldi. Oraya vard\u0131\u011f\u0131m\u0131zda \u00e7ok s\u0131cak bir \u015fekilde kar\u015f\u0131land\u0131k ve bekleme salonunda kendimizi hemen rahat hissettik.                            M\u00fczik ve lounge tarz\u0131 d\u00f6\u015feme sayesinde kendimi bir klinikten \u00e7ok bir barda gibi hissettim, bu da beni olduk\u00e7a rahatlatt\u0131 \ud83d\ude42 Ayr\u0131ca her yer \u00e7ok temizdi ve bu klinikte hijyenin ne kadar \u00f6nemli oldu\u011fu hemen g\u00f6ze \u00e7arp\u0131yordu. \u00d6n muayenelerin hepsi sorunsuz ge\u00e7ti ve neredeyse hi\u00e7 beklemedik. Bilgilendirme gayet iyiydi ve ameliyat \u00f6\u011fleden sonraya planland\u0131.<br><br>\u00d6\u011fleden sonra tekrar klini\u011fe girdi\u011fimizde biraz midem bulan\u0131yordu ama bize sakinle\u015ftirici bir hap verdiler ve ondan sonra her \u015fey yoluna girdi. \u201cHer \u015fey yolundayd\u0131\u201d derken \u015funu kastediyorum: En b\u00fcy\u00fck endi\u015femiz, y\u00fcze yap\u0131\u015ft\u0131r\u0131lan g\u00f6z band\u0131n\u0131n ka\u015flar\u0131m\u0131z\u0131 yolmas\u0131yd\u0131 \u2013 yani asl\u0131nda ciddi hi\u00e7bir sorunumuz yoktu. Ameliyat \u00e7ok h\u0131zl\u0131 ve sorunsuz ge\u00e7ti. Daha ameliyat masas\u0131na yatar yatmaz, k\u0131sa s\u00fcre sonra kendinizi dinlenmek i\u00e7in bir uzanma koltu\u011funda buluyorsunuz.<br><br>Ameliyat\u0131 yapan cerrah \u0130ngilizce konu\u015fuyordu; \u00e7o\u011funu anlad\u0131m ama her zaman yan\u0131m\u0131zda, her detay\u0131 Almanca\u2019ya \u00e7eviren bir ki\u015fi vard\u0131. Bu y\u00fczden ileti\u015fimle ilgili hi\u00e7bir problem ya\u015fanmad\u0131. Ameliyattan k\u0131sa bir s\u00fcre sonra, elimizde \u00e7e\u015fitli g\u00f6z damlalar\u0131yla klini\u011fi terk edip tekrar otele d\u00f6nebildik.<br><br>Gece, ya da benim ya\u015fayabildi\u011fim k\u0131sm\u0131, benim i\u00e7in arkada\u015f\u0131m kadar rahat ge\u00e7medi; g\u00f6zlerimde olduk\u00e7a rahats\u0131z edici bir yanma vard\u0131. Ama uyku ve a\u011fr\u0131 kesici ila\u00e7lar sayesinde k\u0131sa s\u00fcrede uyuyabildim ve sabah uyand\u0131\u011f\u0131mda kendimi yeni do\u011fmu\u015f gibi hissettim. Ard\u0131ndan kontrol muayenesine gittik ve cerrah bize g\u00fczel haberler verdi. G\u00f6rme bozuklu\u011fum (ne yak\u0131n\u0131 ne de uza\u011f\u0131 iyi g\u00f6rebiliyordum ve astigmat\u0131m vard\u0131) 0.25 gibi \u00e7ok d\u00fc\u015f\u00fck bir seviyeye indi. \u00c7ok mutlu oldum.<br><br>\u015eimdi neredeyse bir ayd\u0131r geri d\u00f6nd\u00fcm ve g\u00f6zl\u00fcks\u00fcz hayat\u0131n keyfini \u00e7\u0131kar\u0131yorum. Yak\u0131n\u0131 \u00e7ok iyi g\u00f6r\u00fcyorum, uzak g\u00f6r\u00fc\u015f\u00fcm ise h\u00e2l\u00e2 biraz dalgal\u0131 ama kontrol i\u00e7in gitti\u011fim g\u00f6z doktoru bunun zamanla oturaca\u011f\u0131n\u0131 s\u00f6yledi.<br><br>Son olarak \u015funu s\u00f6ylemek isterim: \u00c7evremden \u201cAman Tanr\u0131m, delirdin mi?\u201d, \u201cOrada ger\u00e7ekten yapabiliyorlar m\u0131?\u201d gibi laflar duymama ra\u011fmen, g\u00f6zlerimi T\u00fcrkiye\u2019de lazer yapt\u0131rma konusunda hi\u00e7 teredd\u00fct etmedim. Hay\u0131r, deli de\u011filim ve evet, bunu gayet iyi yapabiliyorlar. \u00c7\u00fcnk\u00fc birincisi, \u00f6nceden \u00e7ok iyi ara\u015ft\u0131rma yapt\u0131m ve \u0130stanbul\u2019un g\u00f6z cerrahisi konusunda \u00f6nemli bir merkez oldu\u011funu \u00f6\u011frendim. \u0130kincisi ise, bunun canl\u0131 bir kan\u0131t\u0131y\u0131m; \u00e7\u00fcnk\u00fc bunu bizzat ya\u015fad\u0131m.<br><br>Sonu\u00e7 olarak: De\u011fdi, her zaman tekrar yapt\u0131r\u0131rd\u0131m ve herkese de tavsiye ederim.<br><br>Kloten, 11 A\u011fustos 2010<br>Danielle Eidenbenz                     <\/p>\n\n\n\n<div class=\"wp-block-group is-layout-grid wp-container-core-group-is-layout-baef362d wp-block-group-is-layout-grid\">\n<p><a href=\"https:\/\/medicaltravel.at\/home\/agb\/\" data-type=\"page\" data-id=\"2191\"><\/a><a href=\"https:\/\/medicaltravel.at\/tr\/hasta-hikayeleri\/2009-2010-deneyim-raporlari\/istanbulda-lasik-deneyim-raporu-11-agustos-2010-carsamba-tarihli-rapor\/\" data-type=\"link\" data-id=\"https:\/\/medicaltravel.at\/tr\/hasta-hikayeleri\/2009-2010-deneyim-raporlari\/istanbulda-lasik-deneyim-raporu-11-agustos-2010-carsamba-tarihli-rapor\/\">\u00d6nceki Rapor<\/a><\/p>\n\n\n\n<p class=\"has-text-align-right wp-container-content-5e2576f9\"><a href=\"https:\/\/medicaltravel.at\/home\/impressum\/\" data-type=\"page\" data-id=\"2193\"><\/a><a href=\"https:\/\/medicaltravel.at\/home\/berichte-von-patienten\/erfahrungsberichte\/erfahrungsbericht-zahnbehandlung-in-istanbul\/\" data-type=\"page\" data-id=\"981\"><\/a><a href=\"https:\/\/medicaltravel.at\/tr\/hasta-hikayeleri\/2009-2010-deneyim-raporlari\/artik-kartal-gibi-net-goerueyorum-ve-sadece-mutlu-ve-minnettarim-1-agustos-2010-pazar-tarihli-rapor\/\" data-type=\"link\" data-id=\"https:\/\/medicaltravel.at\/tr\/hasta-hikayeleri\/2009-2010-deneyim-raporlari\/artik-kartal-gibi-net-goerueyorum-ve-sadece-mutlu-ve-minnettarim-1-agustos-2010-pazar-tarihli-rapor\/\">Sonraki Rapor<\/a><\/p>\n<\/div>\n","protected":false},"excerpt":{"rendered":"<p>\u0130stanbul\u2019da G\u00f6z Lazer Ameliyat\u0131 \u2013 Bir Hayal Ger\u00e7ek Oluyor \u2013 11 A\u011fustos 2010 \u00c7ar\u015famba tarihli rapor Uzun zamand\u0131r en b\u00fcy\u00fck hayallerimden biri g\u00f6zl\u00fcks\u00fcz ve lenssiz bir hayat ya\u015famakt\u0131. G\u00f6zl\u00fck neredeyse t\u00fcm hayat\u0131m boyunca benimleydi; iki bu\u00e7uk ya\u015f\u0131nda ilk g\u00f6zl\u00fc\u011f\u00fcm\u00fc ald\u0131m ve \u015fimdi b\u00fcy\u00fck bir mutlulukla s\u00f6yleyebiliyorum ki, yirmi iki ya\u015f\u0131nda son g\u00f6zl\u00fc\u011f\u00fcm\u00fc takt\u0131m. Her taraftan, g\u00f6zlerini lazer yapt\u0131ran arkada\u015flar\u0131m\u0131n ve tan\u0131d\u0131klar\u0131m\u0131n \u00f6vg\u00fclerini duydum. \u0130svi\u00e7re\u2019de g\u00f6z lazeri hakk\u0131nda birka\u00e7 kez bilgi ald\u0131m ve her seferinde hayallere dald\u0131m. Ama fiyatlar hevesimi hep ka\u00e7\u0131rd\u0131. Ben bir \u00f6\u011frenciyim, kendi evimde ya\u015f\u0131yorum ve arabam var; elde kalan para \u00e7ok az oluyor, hele ki bir g\u00f6z ameliyat\u0131 i\u00e7in 9.000 frank hi\u00e7 m\u00fcmk\u00fcn de\u011fil. Hayallerimi neredeyse tamamen rafa kald\u0131rm\u0131\u015ft\u0131m ki, bir g\u00fcn yeni bir i\u015f arkada\u015f\u0131mla sohbete dald\u0131k. Tesad\u00fcfen konu g\u00f6z lazerine geldi ve ben g\u00f6zlerimi devirdim; yani bunu asla kar\u015f\u0131layamayaca\u011f\u0131m\u0131 anlatmak istedim. O da bana g\u00f6zlerini T\u00fcrkiye\u2019de lazer yapt\u0131rd\u0131\u011f\u0131n\u0131 s\u00f6yledi ve \u00fcstelik burada \u0130svi\u00e7re\u2019de tek bir g\u00f6z i\u00e7in \u00f6denecek fiyata, u\u00e7ak bileti ve \u0130stanbul\u2019un merkezinde d\u00f6rt y\u0131ld\u0131zl\u0131 bir otelde d\u00f6rt gece konaklama d\u00e2hil oldu\u011funu anlatt\u0131. Bu beni \u00e7ok merakland\u0131rd\u0131. \u00d6\u011fle aras\u0131nda internette ara\u015ft\u0131rma yapt\u0131m ve bu \u015fekilde Swisslasik\u2019in internet sitesine ula\u015ft\u0131m. Hemen bilgi dok\u00fcmanlar\u0131n\u0131 istedim. Her \u015feyi \u00f6\u011frenmek i\u00e7in sab\u0131rs\u0131zlan\u0131yordum, \u00e7\u00fcnk\u00fc sadece sitede okuduklar\u0131m bile beni \u00e7ok etkilemi\u015fti. Bilgiler elime ula\u015f\u0131p detayl\u0131ca inceledikten sonra, ameliyat benim i\u00e7in neredeyse kesinle\u015fmi\u015fti. Aileme ve arkada\u015flar\u0131ma bu cazip teklifi anlatt\u0131m ve ayn\u0131 zamanda benimle birlikte \u0130stanbul\u2019da g\u00f6zlerini lazer yapt\u0131rmak isteyen bir arkada\u015f da buldum. Ondan sonra her \u015fey \u00e7ok h\u0131zl\u0131 geli\u015fti. Swisslasik\u2019e ilgilendi\u011fime dair bir e-posta att\u0131m, k\u0131sa s\u00fcre sonra g\u00f6n\u00fcll\u00fc \u00f6n muayenemi yapt\u0131rd\u0131m ve LASIK i\u00e7in uygun oldu\u011fum bildirildi. Bir saniye bile teredd\u00fct etmeden paketi sat\u0131n ald\u0131m. Swisslasik A\u2019dan Z\u2019ye her \u015feyi organize etti. Hatta \u00f6n muayene i\u00e7in, ajansla \u00e7al\u0131\u015fan bir g\u00f6z doktoru bile \u00f6nerdiler. Bu doktor daha sonra kontrol muayenelerimi de yapt\u0131. U\u00e7u\u015f g\u00fcn\u00fc inan\u0131lmaz derecede heyecanl\u0131yd\u0131m. Bir yandan beni neyin bekledi\u011fini bilmiyordum, di\u011fer yandan ise g\u00f6zl\u00fcks\u00fcz hayat\u0131m i\u00e7in b\u00fcy\u00fck bir sevin\u00e7 ve beklenti vard\u0131. Swisslasik taraf\u0131ndan ayarlanan u\u00e7u\u015f sorunsuz ge\u00e7ti; s\u00f6ylendi\u011fi gibi havaalan\u0131nda zaman\u0131nda kar\u015f\u0131land\u0131k ve otelimize g\u00f6t\u00fcr\u00fcld\u00fck. Her \u015fey organizeydi, Swisslasik sayesinde hi\u00e7bir \u015feyle u\u011fra\u015fmam\u0131za gerek kalmad\u0131. \u00d6n muayene ve ameliyat g\u00fcn\u00fc, otelimizden al\u0131nd\u0131k. Klinik y\u00fcr\u00fcyerek be\u015f dakika mesafedeydi, bu da bana \u00e7ok rahat geldi. Oraya vard\u0131\u011f\u0131m\u0131zda \u00e7ok s\u0131cak bir \u015fekilde kar\u015f\u0131land\u0131k ve bekleme salonunda kendimizi hemen rahat hissettik. M\u00fczik ve lounge tarz\u0131 d\u00f6\u015feme sayesinde kendimi bir klinikten \u00e7ok bir barda gibi hissettim, bu da beni olduk\u00e7a rahatlatt\u0131 \ud83d\ude42 Ayr\u0131ca her yer \u00e7ok temizdi ve bu klinikte hijyenin ne kadar \u00f6nemli oldu\u011fu hemen g\u00f6ze \u00e7arp\u0131yordu. \u00d6n muayenelerin hepsi sorunsuz ge\u00e7ti ve neredeyse hi\u00e7 beklemedik. Bilgilendirme gayet iyiydi ve ameliyat \u00f6\u011fleden sonraya planland\u0131. \u00d6\u011fleden sonra tekrar klini\u011fe girdi\u011fimizde biraz midem bulan\u0131yordu ama bize sakinle\u015ftirici bir hap verdiler ve ondan sonra her \u015fey yoluna girdi. \u201cHer \u015fey yolundayd\u0131\u201d derken \u015funu kastediyorum: En b\u00fcy\u00fck endi\u015femiz, y\u00fcze yap\u0131\u015ft\u0131r\u0131lan g\u00f6z band\u0131n\u0131n ka\u015flar\u0131m\u0131z\u0131 yolmas\u0131yd\u0131 \u2013 yani asl\u0131nda ciddi hi\u00e7bir sorunumuz yoktu. Ameliyat \u00e7ok h\u0131zl\u0131 ve sorunsuz ge\u00e7ti. Daha ameliyat masas\u0131na yatar yatmaz, k\u0131sa s\u00fcre sonra kendinizi dinlenmek i\u00e7in bir uzanma koltu\u011funda buluyorsunuz. Ameliyat\u0131 yapan cerrah \u0130ngilizce konu\u015fuyordu; \u00e7o\u011funu anlad\u0131m ama her zaman yan\u0131m\u0131zda, her detay\u0131 Almanca\u2019ya \u00e7eviren bir ki\u015fi vard\u0131. Bu y\u00fczden ileti\u015fimle ilgili hi\u00e7bir problem ya\u015fanmad\u0131. Ameliyattan k\u0131sa bir s\u00fcre sonra, elimizde \u00e7e\u015fitli g\u00f6z damlalar\u0131yla klini\u011fi terk edip tekrar otele d\u00f6nebildik. Gece, ya da benim ya\u015fayabildi\u011fim k\u0131sm\u0131, benim i\u00e7in arkada\u015f\u0131m kadar rahat ge\u00e7medi; g\u00f6zlerimde olduk\u00e7a rahats\u0131z edici bir yanma vard\u0131. Ama uyku ve a\u011fr\u0131 kesici ila\u00e7lar sayesinde k\u0131sa s\u00fcrede uyuyabildim ve sabah uyand\u0131\u011f\u0131mda kendimi yeni do\u011fmu\u015f gibi hissettim. Ard\u0131ndan kontrol muayenesine gittik ve cerrah bize g\u00fczel haberler verdi. G\u00f6rme bozuklu\u011fum (ne yak\u0131n\u0131 ne de uza\u011f\u0131 iyi g\u00f6rebiliyordum ve astigmat\u0131m vard\u0131) 0.25 gibi \u00e7ok d\u00fc\u015f\u00fck bir seviyeye indi. \u00c7ok mutlu oldum. \u015eimdi neredeyse bir ayd\u0131r geri d\u00f6nd\u00fcm ve g\u00f6zl\u00fcks\u00fcz hayat\u0131n keyfini \u00e7\u0131kar\u0131yorum. Yak\u0131n\u0131 \u00e7ok iyi g\u00f6r\u00fcyorum, uzak g\u00f6r\u00fc\u015f\u00fcm ise h\u00e2l\u00e2 biraz dalgal\u0131 ama kontrol i\u00e7in gitti\u011fim g\u00f6z doktoru bunun zamanla oturaca\u011f\u0131n\u0131 s\u00f6yledi. Son olarak \u015funu s\u00f6ylemek isterim: \u00c7evremden \u201cAman Tanr\u0131m, delirdin mi?\u201d, \u201cOrada ger\u00e7ekten yapabiliyorlar m\u0131?\u201d gibi laflar duymama ra\u011fmen, g\u00f6zlerimi T\u00fcrkiye\u2019de lazer yapt\u0131rma konusunda hi\u00e7 teredd\u00fct etmedim. Hay\u0131r, deli de\u011filim ve evet, bunu gayet iyi yapabiliyorlar. \u00c7\u00fcnk\u00fc birincisi, \u00f6nceden \u00e7ok iyi ara\u015ft\u0131rma yapt\u0131m ve \u0130stanbul\u2019un g\u00f6z cerrahisi konusunda \u00f6nemli bir merkez oldu\u011funu \u00f6\u011frendim. \u0130kincisi ise, bunun canl\u0131 bir kan\u0131t\u0131y\u0131m; \u00e7\u00fcnk\u00fc bunu bizzat ya\u015fad\u0131m. Sonu\u00e7 olarak: De\u011fdi, her zaman tekrar yapt\u0131r\u0131rd\u0131m ve herkese de tavsiye ederim. Kloten, 11 A\u011fustos 2010Danielle Eidenbenz \u00d6nceki Rapor Sonraki Rapor<\/p>\n","protected":false},"author":4,"featured_media":0,"parent":4430,"menu_order":0,"comment_status":"closed","ping_status":"closed","template":"","meta":{"_joinchat":[],"footnotes":""},"class_list":["post-4441","page","type-page","status-publish","hentry"],"acf":[],"_links":{"self":[{"href":"https:\/\/medicaltravel.at\/tr\/wp-json\/wp\/v2\/pages\/4441","targetHints":{"allow":["GET"]}}],"collection":[{"href":"https:\/\/medicaltravel.at\/tr\/wp-json\/wp\/v2\/pages"}],"about":[{"href":"https:\/\/medicaltravel.at\/tr\/wp-json\/wp\/v2\/types\/page"}],"author":[{"embeddable":true,"href":"https:\/\/medicaltravel.at\/tr\/wp-json\/wp\/v2\/users\/4"}],"replies":[{"embeddable":true,"href":"https:\/\/medicaltravel.at\/tr\/wp-json\/wp\/v2\/comments?post=4441"}],"version-history":[{"count":2,"href":"https:\/\/medicaltravel.at\/tr\/wp-json\/wp\/v2\/pages\/4441\/revisions"}],"predecessor-version":[{"id":5822,"href":"https:\/\/medicaltravel.at\/tr\/wp-json\/wp\/v2\/pages\/4441\/revisions\/5822"}],"up":[{"embeddable":true,"href":"https:\/\/medicaltravel.at\/tr\/wp-json\/wp\/v2\/pages\/4430"}],"wp:attachment":[{"href":"https:\/\/medicaltravel.at\/tr\/wp-json\/wp\/v2\/media?parent=4441"}],"curies":[{"name":"wp","href":"https:\/\/api.w.org\/{rel}","templated":true}]}}