{"id":4439,"date":"2025-09-28T11:25:11","date_gmt":"2025-09-28T10:25:11","guid":{"rendered":"https:\/\/medicaltravel.at\/hasta-hikayeleri\/eski-hasta-raporlari\/benim-goez-lazeri-deneyimim-tuerkiye-15-haziran-2007-cuma-tarihli-rapor\/"},"modified":"2026-01-13T18:18:35","modified_gmt":"2026-01-13T17:18:35","slug":"benim-goez-lazeri-deneyimim-tuerkiye-15-haziran-2007-cuma-tarihli-rapor","status":"publish","type":"page","link":"https:\/\/medicaltravel.at\/tr\/hasta-hikayeleri\/eski-hasta-raporlari\/benim-goez-lazeri-deneyimim-tuerkiye-15-haziran-2007-cuma-tarihli-rapor\/","title":{"rendered":"Benim G\u00f6z Lazeri Deneyimim T\u00fcrkiye \u2013 15 Haziran 2007 Cuma tarihli rapor"},"content":{"rendered":"\n<h3 class=\"wp-block-heading\">Benim G\u00f6z Lazeri Deneyimim T\u00fcrkiye \u2013 15 Haziran 2007 Cuma tarihli rapor<\/h3>\n\n\n\n<p>Sevgili LASIK g\u00f6z ameliyat\u0131 ile ilgilenenler,<br><br>A\u015fa\u011f\u0131da kendi ki\u015fisel deneyimlerimden baz\u0131lar\u0131n\u0131 payla\u015fmak istiyorum.<br><br>\u015eunu s\u00f6ylemeliyim ki Swisslasik taraf\u0131nda her \u015fey \u00e7ok d\u00fczg\u00fcn i\u015fledi, ilgi ve alaka hem \u00e7ok dost\u00e7ayd\u0131 hem de g\u00fcvenilirdi. Eyestar Klini\u011fi\u2019ndeki doktor ekibi i\u00e7in en y\u00fcksek notu veremem ama ona \u00e7ok yak\u0131n bir not verebilirim. En y\u00fcksek notu vermememin sebebi, birden fazla hasta oldu\u011fu ve randevular zaman a\u00e7\u0131s\u0131ndan iyi koordine edilmedi\u011fi i\u00e7in bekleme s\u00fcrelerinin olduk\u00e7a uzun olmas\u0131yd\u0131. Ayr\u0131ca doktorlar ya da yard\u0131mc\u0131lar\u0131 her \u015feyi kendiliklerinden \u00e7ok fazla anlatm\u0131yorlard\u0131; baz\u0131 konular\u0131 \u00f6zellikle sormak gerekiyordu, ama soruldu\u011funda gayet kibarca cevap verdiler.<br><br>Ameliyattan sonra insan genelde pek iyi hissetmiyor; sizi karanl\u0131k bir odaya, uzanabilece\u011finiz bir sedyeye al\u0131yorlar ve yaln\u0131z b\u0131rak\u0131yorlar. Be\u015f dakika sonra biri gelip g\u00f6zlerdeki yanmay\u0131 azaltan damlalar\u0131 getiriyor. Ben a\u00e7\u0131k\u00e7as\u0131 yaln\u0131z b\u0131rak\u0131lmamay\u0131 ve ameliyat\u0131n nas\u0131l ge\u00e7ti\u011fi hakk\u0131nda hemen bilgilendirilmeyi isterdim.<br><br>\u0130leti\u015fim a\u00e7\u0131s\u0131ndan asl\u0131nda bir sorun yok, \u00e7\u00fcnk\u00fc her zaman iyi Almanca ya da \u0130ngilizce bilen en az bir ki\u015fi bulunuyor. Herkese ameliyat \u00f6ncesi sakinle\u015ftirici hap\u0131 almas\u0131n\u0131 tavsiye ederim. Ameliyat \u00e7ok k\u0131sa s\u00fcr\u00fcyor ama o birka\u00e7 dakika ger\u00e7ekten yo\u011fun ge\u00e7iyor; her \u015feyi hissediyorsunuz ve a\u011fr\u0131ya ra\u011fmen sakin kalman\u0131z gerekiyor.<br><br>\u015ea\u015f\u0131rt\u0131c\u0131 olan \u015fu ki, ertesi g\u00fcn en az\u0131ndan uzaktan bak\u0131nca neredeyse m\u00fckemmel g\u00f6r\u00fcyorsunuz ve gerekli dikkatle \u201cnormal\u201d g\u00fcnl\u00fck aktivitelere devam edebiliyorsunuz. O zamandan beri hi\u00e7bir a\u011fr\u0131 hissetmedim. D\u00fczeltme sonucunda bir g\u00f6z\u00fcm 0, di\u011fer g\u00f6z\u00fcm 0.25 diyoptri oldu. Bu, ameliyattan sonraki g\u00fcn doktorun bana s\u00f6yledi\u011fi sonu\u00e7tu. Sol g\u00f6z\u00fcmle sa\u011f g\u00f6z\u00fcme g\u00f6re biraz daha az iyi g\u00f6rd\u00fc\u011f\u00fcm\u00fc hissediyorum.<br><br>Genel olarak \u015funu s\u00f6yleyebilirim ki, g\u00f6zl\u00fck ya da lens kullanmaktan biraz bile memnun olmayan herkese, \u00f6zellikle de y\u00fcksek diyoptrisi olanlara, bu ameliyat\u0131 g\u00f6n\u00fcl rahatl\u0131\u011f\u0131yla tavsiye ederim. \u0130stanbul\u2019daki bu klini\u011fin, yap\u0131lan t\u0131bbi i\u015flem a\u00e7\u0131s\u0131ndan \u0130svi\u00e7re\u2019deki bir klinikten hi\u00e7bir eksi\u011fi yok. Yakla\u015f\u0131k 15.000 ya da 20.000 hastay\u0131 ameliyat etmi\u015fler ve bug\u00fcne kadar hi\u00e7 ciddi bir sorun ya\u015fanmam\u0131\u015f.<br><br>O y\u00fczden k\u00f6r olma gibi korku hik\u00e2yelerine inanmay\u0131n ve bana adeta bir mucize gibi gelen bu \u015feye cesaret edin. Ki ger\u00e7ekten de bir mucize. \u0130nsan neler yapabiliyor\u2026<br><br>Muayenehanenin sonradan bak\u0131ld\u0131\u011f\u0131nda affedilebilir baz\u0131 k\u00fc\u00e7\u00fck eksiklikleriyle ilgili olarak \u015funu s\u00f6yleyebilirim: E\u011fer bunlar\u0131 kendilerine s\u00f6ylerseniz, d\u00fczelteceklerini d\u00fc\u015f\u00fcn\u00fcyorum. Sonu\u00e7ta hastalar\u0131 m\u00fcmk\u00fcn oldu\u011funca memnun etmeye \u00e7al\u0131\u015f\u0131yorlar.<br><br>Son olarak tekrar s\u00f6yl\u00fcyorum: G\u00f6rme bozuklu\u011fumun d\u00fczeltilmesi i\u00e7in te\u015fekk\u00fcr ederim ve daha pek \u00e7ok hastan\u0131n da bu mutlulu\u011fu uzun s\u00fcre ya\u015famas\u0131n\u0131 dilerim.<br><br>Ameliyat\u0131n kendisinden de korkmay\u0131n; biraz s\u0131k\u0131nt\u0131 \u00e7ekilen s\u00fcre \u00e7ok k\u0131sa ve elde edilen sonu\u00e7la k\u0131yasland\u0131\u011f\u0131nda kesinlikle \u00f6nemsiz kal\u0131yor.<br><br>Sayg\u0131lar\u0131mla<br>Till de Ridder                      <\/p>\n\n\n\n<div class=\"wp-block-group is-layout-grid wp-container-core-group-is-layout-baef362d wp-block-group-is-layout-grid\">\n<p><a href=\"https:\/\/medicaltravel.at\/home\/agb\/\" data-type=\"page\" data-id=\"2191\"><\/a><a href=\"https:\/\/medicaltravel.at\/tr\/hasta-hikayeleri\/eski-hasta-raporlari\/lasik-istanbul-tuerkiye-deneyim-raporu-25-haziran-2007-pazartesi-tarihli-rapor\/\" data-type=\"link\" data-id=\"https:\/\/medicaltravel.at\/berichte-von-patienten\/altere-patientenberichte\/erfahrungsbericht-lasik-istanbul-turkei-bericht-vom-montag-25-juni-2007\/\">\u00d6nceki Rapor<\/a><\/p>\n\n\n\n<p class=\"has-text-align-right wp-container-content-5e2576f9\"><a href=\"https:\/\/medicaltravel.at\/home\/impressum\/\" data-type=\"page\" data-id=\"2193\"><\/a><a href=\"https:\/\/medicaltravel.at\/home\/berichte-von-patienten\/erfahrungsberichte\/erfahrungsbericht-zahnbehandlung-in-istanbul\/\" data-type=\"page\" data-id=\"981\"><\/a><a href=\"https:\/\/medicaltravel.at\/tr\/hasta-hikayeleri\/eski-hasta-raporlari\/goez-lazeri-tuerkiye-anketi-24-mart-2007-cumartesi-tarihli-rapor\/\" data-type=\"link\" data-id=\"https:\/\/medicaltravel.at\/tr\/hasta-hikayeleri\/eski-hasta-raporlari\/goez-lazeri-tuerkiye-anketi-24-mart-2007-cumartesi-tarihli-rapor\/\">Sonraki <\/a><a href=\"https:\/\/medicaltravel.at\/tr\/hasta-hikayeleri\/eski-hasta-raporlari\/lasik-tuerkiye-hasta-raporu-20-mart-2007-sali-tarihli-rapor\/\" data-type=\"link\" data-id=\"https:\/\/medicaltravel.at\/tr\/hasta-hikayeleri\/eski-hasta-raporlari\/lasik-tuerkiye-hasta-raporu-20-mart-2007-sali-tarihli-rapor\/\">Rapor<\/a><\/p>\n<\/div>\n","protected":false},"excerpt":{"rendered":"<p>Benim G\u00f6z Lazeri Deneyimim T\u00fcrkiye \u2013 15 Haziran 2007 Cuma tarihli rapor Sevgili LASIK g\u00f6z ameliyat\u0131 ile ilgilenenler, A\u015fa\u011f\u0131da kendi ki\u015fisel deneyimlerimden baz\u0131lar\u0131n\u0131 payla\u015fmak istiyorum. \u015eunu s\u00f6ylemeliyim ki Swisslasik taraf\u0131nda her \u015fey \u00e7ok d\u00fczg\u00fcn i\u015fledi, ilgi ve alaka hem \u00e7ok dost\u00e7ayd\u0131 hem de g\u00fcvenilirdi. Eyestar Klini\u011fi\u2019ndeki doktor ekibi i\u00e7in en y\u00fcksek notu veremem ama ona \u00e7ok yak\u0131n bir not verebilirim. En y\u00fcksek notu vermememin sebebi, birden fazla hasta oldu\u011fu ve randevular zaman a\u00e7\u0131s\u0131ndan iyi koordine edilmedi\u011fi i\u00e7in bekleme s\u00fcrelerinin olduk\u00e7a uzun olmas\u0131yd\u0131. Ayr\u0131ca doktorlar ya da yard\u0131mc\u0131lar\u0131 her \u015feyi kendiliklerinden \u00e7ok fazla anlatm\u0131yorlard\u0131; baz\u0131 konular\u0131 \u00f6zellikle sormak gerekiyordu, ama soruldu\u011funda gayet kibarca cevap verdiler. Ameliyattan sonra insan genelde pek iyi hissetmiyor; sizi karanl\u0131k bir odaya, uzanabilece\u011finiz bir sedyeye al\u0131yorlar ve yaln\u0131z b\u0131rak\u0131yorlar. Be\u015f dakika sonra biri gelip g\u00f6zlerdeki yanmay\u0131 azaltan damlalar\u0131 getiriyor. Ben a\u00e7\u0131k\u00e7as\u0131 yaln\u0131z b\u0131rak\u0131lmamay\u0131 ve ameliyat\u0131n nas\u0131l ge\u00e7ti\u011fi hakk\u0131nda hemen bilgilendirilmeyi isterdim. \u0130leti\u015fim a\u00e7\u0131s\u0131ndan asl\u0131nda bir sorun yok, \u00e7\u00fcnk\u00fc her zaman iyi Almanca ya da \u0130ngilizce bilen en az bir ki\u015fi bulunuyor. Herkese ameliyat \u00f6ncesi sakinle\u015ftirici hap\u0131 almas\u0131n\u0131 tavsiye ederim. Ameliyat \u00e7ok k\u0131sa s\u00fcr\u00fcyor ama o birka\u00e7 dakika ger\u00e7ekten yo\u011fun ge\u00e7iyor; her \u015feyi hissediyorsunuz ve a\u011fr\u0131ya ra\u011fmen sakin kalman\u0131z gerekiyor. \u015ea\u015f\u0131rt\u0131c\u0131 olan \u015fu ki, ertesi g\u00fcn en az\u0131ndan uzaktan bak\u0131nca neredeyse m\u00fckemmel g\u00f6r\u00fcyorsunuz ve gerekli dikkatle \u201cnormal\u201d g\u00fcnl\u00fck aktivitelere devam edebiliyorsunuz. O zamandan beri hi\u00e7bir a\u011fr\u0131 hissetmedim. D\u00fczeltme sonucunda bir g\u00f6z\u00fcm 0, di\u011fer g\u00f6z\u00fcm 0.25 diyoptri oldu. Bu, ameliyattan sonraki g\u00fcn doktorun bana s\u00f6yledi\u011fi sonu\u00e7tu. Sol g\u00f6z\u00fcmle sa\u011f g\u00f6z\u00fcme g\u00f6re biraz daha az iyi g\u00f6rd\u00fc\u011f\u00fcm\u00fc hissediyorum. Genel olarak \u015funu s\u00f6yleyebilirim ki, g\u00f6zl\u00fck ya da lens kullanmaktan biraz bile memnun olmayan herkese, \u00f6zellikle de y\u00fcksek diyoptrisi olanlara, bu ameliyat\u0131 g\u00f6n\u00fcl rahatl\u0131\u011f\u0131yla tavsiye ederim. \u0130stanbul\u2019daki bu klini\u011fin, yap\u0131lan t\u0131bbi i\u015flem a\u00e7\u0131s\u0131ndan \u0130svi\u00e7re\u2019deki bir klinikten hi\u00e7bir eksi\u011fi yok. Yakla\u015f\u0131k 15.000 ya da 20.000 hastay\u0131 ameliyat etmi\u015fler ve bug\u00fcne kadar hi\u00e7 ciddi bir sorun ya\u015fanmam\u0131\u015f. O y\u00fczden k\u00f6r olma gibi korku hik\u00e2yelerine inanmay\u0131n ve bana adeta bir mucize gibi gelen bu \u015feye cesaret edin. Ki ger\u00e7ekten de bir mucize. \u0130nsan neler yapabiliyor\u2026 Muayenehanenin sonradan bak\u0131ld\u0131\u011f\u0131nda affedilebilir baz\u0131 k\u00fc\u00e7\u00fck eksiklikleriyle ilgili olarak \u015funu s\u00f6yleyebilirim: E\u011fer bunlar\u0131 kendilerine s\u00f6ylerseniz, d\u00fczelteceklerini d\u00fc\u015f\u00fcn\u00fcyorum. Sonu\u00e7ta hastalar\u0131 m\u00fcmk\u00fcn oldu\u011funca memnun etmeye \u00e7al\u0131\u015f\u0131yorlar. Son olarak tekrar s\u00f6yl\u00fcyorum: G\u00f6rme bozuklu\u011fumun d\u00fczeltilmesi i\u00e7in te\u015fekk\u00fcr ederim ve daha pek \u00e7ok hastan\u0131n da bu mutlulu\u011fu uzun s\u00fcre ya\u015famas\u0131n\u0131 dilerim. Ameliyat\u0131n kendisinden de korkmay\u0131n; biraz s\u0131k\u0131nt\u0131 \u00e7ekilen s\u00fcre \u00e7ok k\u0131sa ve elde edilen sonu\u00e7la k\u0131yasland\u0131\u011f\u0131nda kesinlikle \u00f6nemsiz kal\u0131yor. Sayg\u0131lar\u0131mlaTill de Ridder \u00d6nceki Rapor Sonraki Rapor<\/p>\n","protected":false},"author":4,"featured_media":0,"parent":4243,"menu_order":0,"comment_status":"closed","ping_status":"closed","template":"","meta":{"_joinchat":[],"footnotes":""},"class_list":["post-4439","page","type-page","status-publish","hentry"],"acf":[],"_links":{"self":[{"href":"https:\/\/medicaltravel.at\/tr\/wp-json\/wp\/v2\/pages\/4439","targetHints":{"allow":["GET"]}}],"collection":[{"href":"https:\/\/medicaltravel.at\/tr\/wp-json\/wp\/v2\/pages"}],"about":[{"href":"https:\/\/medicaltravel.at\/tr\/wp-json\/wp\/v2\/types\/page"}],"author":[{"embeddable":true,"href":"https:\/\/medicaltravel.at\/tr\/wp-json\/wp\/v2\/users\/4"}],"replies":[{"embeddable":true,"href":"https:\/\/medicaltravel.at\/tr\/wp-json\/wp\/v2\/comments?post=4439"}],"version-history":[{"count":3,"href":"https:\/\/medicaltravel.at\/tr\/wp-json\/wp\/v2\/pages\/4439\/revisions"}],"predecessor-version":[{"id":5864,"href":"https:\/\/medicaltravel.at\/tr\/wp-json\/wp\/v2\/pages\/4439\/revisions\/5864"}],"up":[{"embeddable":true,"href":"https:\/\/medicaltravel.at\/tr\/wp-json\/wp\/v2\/pages\/4243"}],"wp:attachment":[{"href":"https:\/\/medicaltravel.at\/tr\/wp-json\/wp\/v2\/media?parent=4439"}],"curies":[{"name":"wp","href":"https:\/\/api.w.org\/{rel}","templated":true}]}}