{"id":4433,"date":"2025-09-28T10:55:07","date_gmt":"2025-09-28T09:55:07","guid":{"rendered":"https:\/\/medicaltravel.at\/hasta-hikayeleri\/2009-2010-deneyim-raporlari\/goez-lazeri-istanbul-deneyim-raporu-7-ocak-2009-carsamba-tarihli-rapor\/"},"modified":"2026-01-13T16:39:15","modified_gmt":"2026-01-13T15:39:15","slug":"goez-lazeri-istanbul-deneyim-raporu-7-ocak-2009-carsamba-tarihli-rapor","status":"publish","type":"page","link":"https:\/\/medicaltravel.at\/tr\/hasta-hikayeleri\/2009-2010-deneyim-raporlari\/goez-lazeri-istanbul-deneyim-raporu-7-ocak-2009-carsamba-tarihli-rapor\/","title":{"rendered":"G\u00d6Z LAZER\u0130 \u0130STANBUL Deneyim Raporu \u2013 7 Ocak 2009 \u00c7ar\u015famba tarihli rapor"},"content":{"rendered":"\n<h3 class=\"wp-block-heading\">G\u00d6Z LAZER\u0130 \u0130STANBUL Deneyim Raporu \u2013 7 Ocak 2009 \u00c7ar\u015famba tarihli rapor<\/h3>\n\n\n\n<p>Uzun s\u00fcredir g\u00f6zlerimi lazerle tedavi ettirmeyi d\u00fc\u015f\u00fcn\u00fcyordum.<\/p>\n\n\n\n<p>\u00c7ok spor yapt\u0131\u011f\u0131m ve genel olarak da s\u00fcrekli hareket halinde oldu\u011fum i\u00e7in g\u00f6zl\u00fck benim i\u00e7in hep biraz rahats\u0131z ediciydi.<\/p>\n\n\n\n<p>Arkada\u015flar\u0131m arac\u0131l\u0131\u011f\u0131yla Swisslasik\u2019i duydum. Onlar g\u00f6zlerini bir y\u0131l \u00f6nce lazerle tedavi ettirmi\u015flerdi. <\/p>\n\n\n\n<p>Uzun bir s\u00fcre boyunca bu konuyla ilgilendim. Swisslasik\u2019in internet sitesini biraz inceledim ve ard\u0131ndan Binningen\u2019de bir klinikte \u00f6n kontrole gittim. <\/p>\n\n\n\n<p>Ba\u015fta ameliyat\u0131 ger\u00e7ekten yurt d\u0131\u015f\u0131nda yapt\u0131rmak isteyip istemedi\u011fim konusunda biraz karars\u0131zd\u0131m, ama Swisslasik\u2019in hizmeti beni tamamen ikna etti.<\/p>\n\n\n\n<p>Swisslasik ile birka\u00e7 kez e-posta ile ileti\u015fim kurdum ve t\u00fcm sorular\u0131m \u00e7ok h\u0131zl\u0131 ve detayl\u0131 bir \u015fekilde yan\u0131tland\u0131, ger\u00e7ekten her \u015fey m\u00fckemmeldi. Tarihi kendim se\u00e7ebildim ve bana \u00e7ok fazla zaman kalmad\u0131\u011f\u0131 i\u00e7in her \u015fey h\u0131zl\u0131ca halledildi. Swisslasik harika bir hizmet sundu; Swisslasik pasaportu ekspres posta ile zaman\u0131nda posta kutuma ula\u015ft\u0131 ve birka\u00e7 g\u00fcn i\u00e7inde \u0130stanbul\u2019a u\u00e7abildim.  <\/p>\n\n\n\n<p>Her \u015fey m\u00fckemmel bir \u015fekilde organize edilmi\u015fti; havaalan\u0131nda kar\u015f\u0131land\u0131m, otele g\u00f6t\u00fcr\u00fcld\u00fcm ve her \u015fey bana A\u2019dan Z\u2019ye kadar detayl\u0131 bir \u015fekilde, hatta Almanca olarak bile a\u00e7\u0131kland\u0131!<\/p>\n\n\n\n<p>Ertesi g\u00fcn klinik ziyareti ger\u00e7ekle\u015fti. Sabah \u00f6n muayene yap\u0131ld\u0131. T\u00fcm ekip \u00e7ok iyiydi, klinik \u00e7ok temizdi ve s\u00fcreci bana \u00e7ok detayl\u0131 bir \u015fekilde anlatt\u0131lar! Hizmet ger\u00e7ekten harikayd\u0131; i\u00e7ecek verildi, \u00e7ok iyi ilgilenildim ve ekip, sorular\u0131m oldu\u011funda her zaman haz\u0131r bulundu.   <\/p>\n\n\n\n<p>Benim \u00e7ok be\u011fendi\u011fim \u015fey, bir \u00f6nceki g\u00fcn\u00fcn hastalar\u0131yla tan\u0131\u015fabilmemizdi; d\u00fc\u015f\u00fcncelerimizi ve sorular\u0131m\u0131z\u0131 payla\u015fabiliyorduk, bu ger\u00e7ekten harika ve \u00e7ok faydal\u0131yd\u0131!<\/p>\n\n\n\n<p>K\u00fc\u00e7\u00fck bir \u00f6\u011fle yeme\u011finin ard\u0131ndan \u00f6\u011fleden sonra tekrar ameliyat i\u00e7in klini\u011fe gittik. Tabii ki hepimiz \u00e7ok heyecanl\u0131yd\u0131k ve i\u015fin bitmesini d\u00f6rt g\u00f6zle bekliyorduk. <\/p>\n\n\n\n<p>Ama ekip bize iyi s\u00f6zler s\u00f6yleyip harika bir \u015fekilde ilgilenince korku h\u0131zla kayboldu!<\/p>\n\n\n\n<p>Kesinlikle bahsetmem gereken bir \u015fey de ameliyat \u00f6ncesindeki masaj koltu\u011fu. \u201cB\u0131\u00e7a\u011f\u0131n alt\u0131na\u201d girmeden \u00f6nce bir s\u00fcre beklerken masaj koltu\u011funa oturabiliyorsunuz. Bu muhte\u015femdi. <\/p>\n\n\n\n<p>B\u00fct\u00fcn s\u0131rt\u0131m\u0131 masaj yapt\u0131 ve beni tamamen rahatlatt\u0131; birka\u00e7 g\u00fcnd\u00fcr s\u0131rt\u0131m a\u011fr\u0131yordu ve sonras\u0131nda bu a\u011fr\u0131 tamamen ge\u00e7ti. Ameliyata da tamamen rahat bir \u015fekilde girdim. <\/p>\n\n\n\n<p>Ameliyat sadece k\u0131sa s\u00fcrd\u00fc. Sonras\u0131nda uzanmak m\u00fcmk\u00fcnd\u00fc. A\u011fr\u0131 \u015fik\u00e2yetinde bulundu\u011fumda herkes \u00e7ok nazikti; \u00fc\u015f\u00fcmemem i\u00e7in bir battaniye ve bir a\u011fr\u0131 kesici verdiler. Bir s\u00fcre sonra kendimi \u00e7ok daha iyi hissettim. Bir di\u011fer hasta ile birlikte otele geri d\u00f6nd\u00fcm ve uyudum. \u0130la\u00e7lar ve ameliyat nedeniyle \u00e7ok yorgundum, bu y\u00fczden \u00e7ok iyi bir \u015fekilde uyudum.     <\/p>\n\n\n\n<p>Ertesi g\u00fcn a\u011fr\u0131lar tamamen ge\u00e7mi\u015fti ve \u00e7ok net g\u00f6r\u00fcyordum \ud83d\ude42 Ne b\u00fcy\u00fck bir mutluluk!<\/p>\n\n\n\n<p>Ertesi g\u00fcn \u0130svi\u00e7re\u2019ye geri d\u00f6nd\u00fck. Burim sabah\u0131n erken saatlerinde otelden beni ald\u0131 ve havaalan\u0131na g\u00f6t\u00fcrd\u00fc. D\u00f6n\u00fc\u015f u\u00e7u\u015fu \u00e7ok iyi ge\u00e7ti; her saat damlalar\u0131m\u0131 kulland\u0131m ve hi\u00e7 sorun ya\u015famad\u0131m.  <\/p>\n\n\n\n<p>Sonraki g\u00fcnler maalesef pek keyifli ge\u00e7medi; tekrar i\u015fe d\u00f6nmem gerekiyordu ve bilgisayar ba\u015f\u0131nda \u00e7al\u0131\u015fmak g\u00f6zlerim i\u00e7in olduk\u00e7a yorucuydu. Ak\u015famlar\u0131 da s\u00fcrekli a\u011fr\u0131 hissediyordum.<\/p>\n\n\n\n<p>Z\u00fcrih\u2019teki kontrol muayenesi ise \u00e7ok iyi ge\u00e7ti ve ameliyattan bu yana neredeyse 4 hafta ge\u00e7ti; her ge\u00e7en g\u00fcn kendimi daha iyi hissediyorum!<\/p>\n\n\n\n<p>Kesinlikle tekrar T\u00fcrkiye\u2019de bir ameliyat\u0131 tercih ederdim; hizmeti, \u0130svi\u00e7re\u2019deki \u00f6n kontrolde ya\u015fad\u0131klar\u0131mdan \u00e7ok daha iyi buldum. \u0130svi\u00e7re\u2019deki \u00f6n kontrolde her \u015fey adeta bir toplu i\u015flem gibiydi ve sorular\u0131ma yan\u0131t verilmedi. Oysa Swisslasik ve \u0130stanbul\u2019daki ekip, zaman ay\u0131rd\u0131 ve ilgilendi! <\/p>\n\n\n\n<p>Ameliyat\u0131 yapan cerrah da ayr\u0131ca \u00e7ok profesyonel bir izlenim b\u0131rakt\u0131!<\/p>\n\n\n\n<p>Ger\u00e7ekten hi\u00e7bir olumsuzluk g\u00f6remiyorum; hizmet ger\u00e7ekten m\u00fckemmeldi.<\/p>\n\n\n\n<p>T\u00fcrkiye\u2019de ameliyattan h\u00e2l\u00e2 korkan herkes i\u00e7in: Neden bu kadar \u015f\u00fcpheci oluyorsunuz? \u0130stanbul, t\u00fcm \u0130svi\u00e7re\u2019den daha b\u00fcy\u00fck bir \u015fehir; neden yetkin olmas\u0131nlar? <\/p>\n\n\n\n<p>Swisslasik ekibine ve \u0130stanbul\u2019daki ekibe bir kez daha i\u00e7ten te\u015fekk\u00fcr etmek istiyorum; harika bir i\u015f \u00e7\u0131kard\u0131n\u0131z! \ud83d\ude0a <\/p>\n\n\n\n<div class=\"wp-block-group is-layout-grid wp-container-core-group-is-layout-baef362d wp-block-group-is-layout-grid\">\n<p><a href=\"https:\/\/medicaltravel.at\/home\/agb\/\" data-type=\"page\" data-id=\"2191\"><\/a><a href=\"https:\/\/medicaltravel.at\/tr\/hasta-hikayeleri\/2009-2010-deneyim-raporlari\/aralik-ayindaki-lasik-ameliyatim-29-ocak-2009-persembe-tarihli-rapor\/\" data-type=\"link\" data-id=\"https:\/\/medicaltravel.at\/tr\/hasta-hikayeleri\/2009-2010-deneyim-raporlari\/aralik-ayindaki-lasik-ameliyatim-29-ocak-2009-persembe-tarihli-rapor\/\">\u00d6nceki Rapor<\/a><\/p>\n\n\n\n<p class=\"has-text-align-right wp-container-content-5e2576f9\"><\/p>\n<\/div>\n\n\n\n<p><\/p>\n","protected":false},"excerpt":{"rendered":"<p>G\u00d6Z LAZER\u0130 \u0130STANBUL Deneyim Raporu \u2013 7 Ocak 2009 \u00c7ar\u015famba tarihli rapor Uzun s\u00fcredir g\u00f6zlerimi lazerle tedavi ettirmeyi d\u00fc\u015f\u00fcn\u00fcyordum. \u00c7ok spor yapt\u0131\u011f\u0131m ve genel olarak da s\u00fcrekli hareket halinde oldu\u011fum i\u00e7in g\u00f6zl\u00fck benim i\u00e7in hep biraz rahats\u0131z ediciydi. Arkada\u015flar\u0131m arac\u0131l\u0131\u011f\u0131yla Swisslasik\u2019i duydum. Onlar g\u00f6zlerini bir y\u0131l \u00f6nce lazerle tedavi ettirmi\u015flerdi. Uzun bir s\u00fcre boyunca bu konuyla ilgilendim. Swisslasik\u2019in internet sitesini biraz inceledim ve ard\u0131ndan Binningen\u2019de bir klinikte \u00f6n kontrole gittim. Ba\u015fta ameliyat\u0131 ger\u00e7ekten yurt d\u0131\u015f\u0131nda yapt\u0131rmak isteyip istemedi\u011fim konusunda biraz karars\u0131zd\u0131m, ama Swisslasik\u2019in hizmeti beni tamamen ikna etti. Swisslasik ile birka\u00e7 kez e-posta ile ileti\u015fim kurdum ve t\u00fcm sorular\u0131m \u00e7ok h\u0131zl\u0131 ve detayl\u0131 bir \u015fekilde yan\u0131tland\u0131, ger\u00e7ekten her \u015fey m\u00fckemmeldi. Tarihi kendim se\u00e7ebildim ve bana \u00e7ok fazla zaman kalmad\u0131\u011f\u0131 i\u00e7in her \u015fey h\u0131zl\u0131ca halledildi. Swisslasik harika bir hizmet sundu; Swisslasik pasaportu ekspres posta ile zaman\u0131nda posta kutuma ula\u015ft\u0131 ve birka\u00e7 g\u00fcn i\u00e7inde \u0130stanbul\u2019a u\u00e7abildim. Her \u015fey m\u00fckemmel bir \u015fekilde organize edilmi\u015fti; havaalan\u0131nda kar\u015f\u0131land\u0131m, otele g\u00f6t\u00fcr\u00fcld\u00fcm ve her \u015fey bana A\u2019dan Z\u2019ye kadar detayl\u0131 bir \u015fekilde, hatta Almanca olarak bile a\u00e7\u0131kland\u0131! Ertesi g\u00fcn klinik ziyareti ger\u00e7ekle\u015fti. Sabah \u00f6n muayene yap\u0131ld\u0131. T\u00fcm ekip \u00e7ok iyiydi, klinik \u00e7ok temizdi ve s\u00fcreci bana \u00e7ok detayl\u0131 bir \u015fekilde anlatt\u0131lar! Hizmet ger\u00e7ekten harikayd\u0131; i\u00e7ecek verildi, \u00e7ok iyi ilgilenildim ve ekip, sorular\u0131m oldu\u011funda her zaman haz\u0131r bulundu. Benim \u00e7ok be\u011fendi\u011fim \u015fey, bir \u00f6nceki g\u00fcn\u00fcn hastalar\u0131yla tan\u0131\u015fabilmemizdi; d\u00fc\u015f\u00fcncelerimizi ve sorular\u0131m\u0131z\u0131 payla\u015fabiliyorduk, bu ger\u00e7ekten harika ve \u00e7ok faydal\u0131yd\u0131! K\u00fc\u00e7\u00fck bir \u00f6\u011fle yeme\u011finin ard\u0131ndan \u00f6\u011fleden sonra tekrar ameliyat i\u00e7in klini\u011fe gittik. Tabii ki hepimiz \u00e7ok heyecanl\u0131yd\u0131k ve i\u015fin bitmesini d\u00f6rt g\u00f6zle bekliyorduk. Ama ekip bize iyi s\u00f6zler s\u00f6yleyip harika bir \u015fekilde ilgilenince korku h\u0131zla kayboldu! Kesinlikle bahsetmem gereken bir \u015fey de ameliyat \u00f6ncesindeki masaj koltu\u011fu. \u201cB\u0131\u00e7a\u011f\u0131n alt\u0131na\u201d girmeden \u00f6nce bir s\u00fcre beklerken masaj koltu\u011funa oturabiliyorsunuz. Bu muhte\u015femdi. B\u00fct\u00fcn s\u0131rt\u0131m\u0131 masaj yapt\u0131 ve beni tamamen rahatlatt\u0131; birka\u00e7 g\u00fcnd\u00fcr s\u0131rt\u0131m a\u011fr\u0131yordu ve sonras\u0131nda bu a\u011fr\u0131 tamamen ge\u00e7ti. Ameliyata da tamamen rahat bir \u015fekilde girdim. Ameliyat sadece k\u0131sa s\u00fcrd\u00fc. Sonras\u0131nda uzanmak m\u00fcmk\u00fcnd\u00fc. A\u011fr\u0131 \u015fik\u00e2yetinde bulundu\u011fumda herkes \u00e7ok nazikti; \u00fc\u015f\u00fcmemem i\u00e7in bir battaniye ve bir a\u011fr\u0131 kesici verdiler. Bir s\u00fcre sonra kendimi \u00e7ok daha iyi hissettim. Bir di\u011fer hasta ile birlikte otele geri d\u00f6nd\u00fcm ve uyudum. \u0130la\u00e7lar ve ameliyat nedeniyle \u00e7ok yorgundum, bu y\u00fczden \u00e7ok iyi bir \u015fekilde uyudum. Ertesi g\u00fcn a\u011fr\u0131lar tamamen ge\u00e7mi\u015fti ve \u00e7ok net g\u00f6r\u00fcyordum \ud83d\ude42 Ne b\u00fcy\u00fck bir mutluluk! Ertesi g\u00fcn \u0130svi\u00e7re\u2019ye geri d\u00f6nd\u00fck. Burim sabah\u0131n erken saatlerinde otelden beni ald\u0131 ve havaalan\u0131na g\u00f6t\u00fcrd\u00fc. D\u00f6n\u00fc\u015f u\u00e7u\u015fu \u00e7ok iyi ge\u00e7ti; her saat damlalar\u0131m\u0131 kulland\u0131m ve hi\u00e7 sorun ya\u015famad\u0131m. Sonraki g\u00fcnler maalesef pek keyifli ge\u00e7medi; tekrar i\u015fe d\u00f6nmem gerekiyordu ve bilgisayar ba\u015f\u0131nda \u00e7al\u0131\u015fmak g\u00f6zlerim i\u00e7in olduk\u00e7a yorucuydu. Ak\u015famlar\u0131 da s\u00fcrekli a\u011fr\u0131 hissediyordum. Z\u00fcrih\u2019teki kontrol muayenesi ise \u00e7ok iyi ge\u00e7ti ve ameliyattan bu yana neredeyse 4 hafta ge\u00e7ti; her ge\u00e7en g\u00fcn kendimi daha iyi hissediyorum! Kesinlikle tekrar T\u00fcrkiye\u2019de bir ameliyat\u0131 tercih ederdim; hizmeti, \u0130svi\u00e7re\u2019deki \u00f6n kontrolde ya\u015fad\u0131klar\u0131mdan \u00e7ok daha iyi buldum. \u0130svi\u00e7re\u2019deki \u00f6n kontrolde her \u015fey adeta bir toplu i\u015flem gibiydi ve sorular\u0131ma yan\u0131t verilmedi. Oysa Swisslasik ve \u0130stanbul\u2019daki ekip, zaman ay\u0131rd\u0131 ve ilgilendi! Ameliyat\u0131 yapan cerrah da ayr\u0131ca \u00e7ok profesyonel bir izlenim b\u0131rakt\u0131! Ger\u00e7ekten hi\u00e7bir olumsuzluk g\u00f6remiyorum; hizmet ger\u00e7ekten m\u00fckemmeldi. T\u00fcrkiye\u2019de ameliyattan h\u00e2l\u00e2 korkan herkes i\u00e7in: Neden bu kadar \u015f\u00fcpheci oluyorsunuz? \u0130stanbul, t\u00fcm \u0130svi\u00e7re\u2019den daha b\u00fcy\u00fck bir \u015fehir; neden yetkin olmas\u0131nlar? Swisslasik ekibine ve \u0130stanbul\u2019daki ekibe bir kez daha i\u00e7ten te\u015fekk\u00fcr etmek istiyorum; harika bir i\u015f \u00e7\u0131kard\u0131n\u0131z! \ud83d\ude0a \u00d6nceki Rapor<\/p>\n","protected":false},"author":4,"featured_media":0,"parent":4430,"menu_order":0,"comment_status":"closed","ping_status":"closed","template":"","meta":{"_joinchat":[],"footnotes":""},"class_list":["post-4433","page","type-page","status-publish","hentry"],"acf":[],"_links":{"self":[{"href":"https:\/\/medicaltravel.at\/tr\/wp-json\/wp\/v2\/pages\/4433","targetHints":{"allow":["GET"]}}],"collection":[{"href":"https:\/\/medicaltravel.at\/tr\/wp-json\/wp\/v2\/pages"}],"about":[{"href":"https:\/\/medicaltravel.at\/tr\/wp-json\/wp\/v2\/types\/page"}],"author":[{"embeddable":true,"href":"https:\/\/medicaltravel.at\/tr\/wp-json\/wp\/v2\/users\/4"}],"replies":[{"embeddable":true,"href":"https:\/\/medicaltravel.at\/tr\/wp-json\/wp\/v2\/comments?post=4433"}],"version-history":[{"count":2,"href":"https:\/\/medicaltravel.at\/tr\/wp-json\/wp\/v2\/pages\/4433\/revisions"}],"predecessor-version":[{"id":5840,"href":"https:\/\/medicaltravel.at\/tr\/wp-json\/wp\/v2\/pages\/4433\/revisions\/5840"}],"up":[{"embeddable":true,"href":"https:\/\/medicaltravel.at\/tr\/wp-json\/wp\/v2\/pages\/4430"}],"wp:attachment":[{"href":"https:\/\/medicaltravel.at\/tr\/wp-json\/wp\/v2\/media?parent=4433"}],"curies":[{"name":"wp","href":"https:\/\/api.w.org\/{rel}","templated":true}]}}