{"id":4430,"date":"2025-09-27T20:47:52","date_gmt":"2025-09-27T19:47:52","guid":{"rendered":"https:\/\/medicaltravel.at\/hasta-hikayeleri\/2009-2010-deneyim-raporlari\/"},"modified":"2026-01-13T16:48:07","modified_gmt":"2026-01-13T15:48:07","slug":"2009-2010-deneyim-raporlari","status":"publish","type":"page","link":"https:\/\/medicaltravel.at\/tr\/hasta-hikayeleri\/2009-2010-deneyim-raporlari\/","title":{"rendered":"2009\u20132010 Deneyim Raporlar\u0131"},"content":{"rendered":"\t\t<div data-elementor-type=\"wp-page\" data-elementor-id=\"4430\" class=\"elementor elementor-4430 elementor-970\" data-elementor-post-type=\"page\">\n\t\t\t\t<div class=\"elementor-element elementor-element-6a2ccfe7 e-flex e-con-boxed wpr-particle-no wpr-jarallax-no wpr-parallax-no wpr-sticky-section-no e-con e-parent\" data-id=\"6a2ccfe7\" data-element_type=\"container\" data-e-type=\"container\">\n\t\t\t\t\t<div class=\"e-con-inner\">\n\t\t<div class=\"elementor-element elementor-element-dea5c28 e-con-full e-flex wpr-particle-no wpr-jarallax-no wpr-parallax-no wpr-sticky-section-no e-con e-child\" data-id=\"dea5c28\" data-element_type=\"container\" data-e-type=\"container\">\n\t\t\t\t<div class=\"elementor-element elementor-element-49517f1 elementor-widget elementor-widget-button\" data-id=\"49517f1\" data-element_type=\"widget\" data-e-type=\"widget\" data-widget_type=\"button.default\">\n\t\t\t\t\t\t\t\t\t\t<a class=\"elementor-button elementor-button-link elementor-size-sm\" href=\"https:\/\/medicaltravel.at\/berichte-von-patienten\/erfahrungsberichte\/\">\n\t\t\t\t\t\t<span class=\"elementor-button-content-wrapper\">\n\t\t\t\t\t\t\t\t\t<span class=\"elementor-button-text\">G\u00f6r\u00fc\u015f Raporlar\u0131<\/span>\n\t\t\t\t\t<\/span>\n\t\t\t\t\t<\/a>\n\t\t\t\t\t\t\t\t<\/div>\n\t\t\t\t<div class=\"elementor-element elementor-element-ec1d84f elementor-widget elementor-widget-button\" data-id=\"ec1d84f\" data-element_type=\"widget\" data-e-type=\"widget\" data-widget_type=\"button.default\">\n\t\t\t\t\t\t\t\t\t\t<a class=\"elementor-button elementor-button-link elementor-size-sm\" href=\"https:\/\/medicaltravel.at\/berichte-von-patienten\/erfahrungsberichte-2012\/\">\n\t\t\t\t\t\t<span class=\"elementor-button-content-wrapper\">\n\t\t\t\t\t\t\t\t\t<span class=\"elementor-button-text\">G\u00f6r\u00fc\u015f Raporlar\u0131 2012<\/span>\n\t\t\t\t\t<\/span>\n\t\t\t\t\t<\/a>\n\t\t\t\t\t\t\t\t<\/div>\n\t\t\t\t<div class=\"elementor-element elementor-element-ce9450d elementor-widget elementor-widget-button\" data-id=\"ce9450d\" data-element_type=\"widget\" data-e-type=\"widget\" data-widget_type=\"button.default\">\n\t\t\t\t\t\t\t\t\t\t<a class=\"elementor-button elementor-button-link elementor-size-sm\" href=\"https:\/\/medicaltravel.at\/berichte-von-patienten\/patientenberichte-2011\/\">\n\t\t\t\t\t\t<span class=\"elementor-button-content-wrapper\">\n\t\t\t\t\t\t\t\t\t<span class=\"elementor-button-text\">2011 Y\u0131l\u0131 Hasta Raporlar\u0131<\/span>\n\t\t\t\t\t<\/span>\n\t\t\t\t\t<\/a>\n\t\t\t\t\t\t\t\t<\/div>\n\t\t\t\t<div class=\"elementor-element elementor-element-f69111a elementor-widget elementor-widget-button\" data-id=\"f69111a\" data-element_type=\"widget\" data-e-type=\"widget\" data-widget_type=\"button.default\">\n\t\t\t\t\t\t\t\t\t\t<a class=\"elementor-button elementor-button-link elementor-size-sm\" href=\"https:\/\/medicaltravel.at\/tr\/hasta-hikayeleri\/2009-2010-deneyim-raporlari\/\">\n\t\t\t\t\t\t<span class=\"elementor-button-content-wrapper\">\n\t\t\t\t\t\t\t\t\t<span class=\"elementor-button-text\">2009-2010 Y\u0131llar\u0131 Aras\u0131 Hasta Raporlar\u0131<\/span>\n\t\t\t\t\t<\/span>\n\t\t\t\t\t<\/a>\n\t\t\t\t\t\t\t\t<\/div>\n\t\t\t\t<div class=\"elementor-element elementor-element-3cbfc20 elementor-widget elementor-widget-button\" data-id=\"3cbfc20\" data-element_type=\"widget\" data-e-type=\"widget\" data-widget_type=\"button.default\">\n\t\t\t\t\t\t\t\t\t\t<a class=\"elementor-button elementor-button-link elementor-size-sm\" href=\"https:\/\/medicaltravel.at\/berichte-von-patienten\/patientenberichte-2007\/\">\n\t\t\t\t\t\t<span class=\"elementor-button-content-wrapper\">\n\t\t\t\t\t\t\t\t\t<span class=\"elementor-button-text\">2007 Y\u0131l\u0131 Hasta Raporlar\u0131<\/span>\n\t\t\t\t\t<\/span>\n\t\t\t\t\t<\/a>\n\t\t\t\t\t\t\t\t<\/div>\n\t\t\t\t<div class=\"elementor-element elementor-element-4b53eb0 elementor-widget elementor-widget-button\" data-id=\"4b53eb0\" data-element_type=\"widget\" data-e-type=\"widget\" data-widget_type=\"button.default\">\n\t\t\t\t\t\t\t\t\t\t<a class=\"elementor-button elementor-button-link elementor-size-sm\" href=\"https:\/\/medicaltravel.at\/tr\/hasta-hikayeleri\/eski-hasta-raporlari\/\">\n\t\t\t\t\t\t<span class=\"elementor-button-content-wrapper\">\n\t\t\t\t\t\t\t\t\t<span class=\"elementor-button-text\">Eski Hasta Raporlar\u0131<\/span>\n\t\t\t\t\t<\/span>\n\t\t\t\t\t<\/a>\n\t\t\t\t\t\t\t\t<\/div>\n\t\t\t\t<\/div>\n\t\t\t\t<div class=\"elementor-element elementor-element-228d46c9 elementor-widget elementor-widget-text-editor\" data-id=\"228d46c9\" data-element_type=\"widget\" data-e-type=\"widget\" data-widget_type=\"text-editor.default\">\n\t\t\t\t\t\t\t\t\t<h2 class=\"wp-block-heading\">2010 \u2013 2009 HASTA RAPORLARI<\/h2><ul class=\"wp-block-list\"><li><a href=\"https:\/\/medicaltravel.at\/tr\/hasta-hikayeleri\/2009-2010-deneyim-raporlari\/istanbuldaki-lasik-ameliyatimin-deneyim-raporu-3-11-2010-27-aralik-2010-pazartesi-tarihli-rapor\/\" data-type=\"page\" data-id=\"1233\">\u0130stanbul\u2019daki LASIK Ameliyat\u0131m\u0131n Deneyim Raporu, 3.11.2010 \u2013 27 Aral\u0131k 2010 Pazartesi tarihli rapor<\/a><\/li><li><a href=\"https:\/\/medicaltravel.at\/tr\/hasta-hikayeleri\/2009-2010-deneyim-raporlari\/hasta-raporu-myrta-toengi-29-ekim-2010-tarihinde-ameliyat-edildi-8-aralik-2010-carsamba-tarihli-rapor\/\" data-type=\"page\" data-id=\"1235\">Hasta raporu: Myrta T\u00f6ngi, 29 Ekim 2010 tarihinde ameliyat edildi \u2013 8 Aral\u0131k 2010 \u00c7ar\u015famba tarihli rapor<\/a><\/li><li><a href=\"https:\/\/medicaltravel.at\/tr\/hasta-hikayeleri\/2009-2010-deneyim-raporlari\/benim-istanbula-bueyuek-goez-lazer-yolculugum-5-aralik-2010-pazar-tarihli-rapor\/\" data-type=\"page\" data-id=\"1237\">Benim b\u00fcy\u00fck g\u00f6z lazer yolculu\u011fum \u0130stanbul\u2019a \u2013 5 Aral\u0131k 2010 Pazar tarihli rapor<\/a><\/li><li><a href=\"https:\/\/medicaltravel.at\/tr\/hasta-hikayeleri\/2009-2010-deneyim-raporlari\/kasim-2010da-istanbuldaki-lazer-tedavim-5-aralik-2010-pazar-tarihli-rapor\/\" data-type=\"page\" data-id=\"1239\">Kas\u0131m 2010\u2019da \u0130stanbul\u2019daki lazer tedavim \u2013 5 Aral\u0131k 2010 Pazar tarihli rapor<\/a><\/li><li><a href=\"https:\/\/medicaltravel.at\/tr\/hasta-hikayeleri\/2009-2010-deneyim-raporlari\/bakim-konusunda-isvicre-hala-kendine-oernek-alabilir-30-kasim-2010-sali-tarihli-rapor\/\" data-type=\"page\" data-id=\"1241\">Bak\u0131m konusunda \u0130svi\u00e7re h\u00e2l\u00e2 kendine \u00f6rnek alabilir \u2013 30 Kas\u0131m 2010 Sal\u0131 tarihli rapor<\/a><\/li><li><a href=\"https:\/\/medicaltravel.at\/tr\/hasta-hikayeleri\/2009-2010-deneyim-raporlari\/goezlerimi-lazerle-tedavi-ettirdim-26-kasim-2010-cuma-tarihli-rapor\/\" data-type=\"page\" data-id=\"1245\">G\u00f6zlerimi lazerle tedavi ettirdim! \u2013 26 Kas\u0131m 2010 Cuma tarihli rapor <\/a><\/li><li><a href=\"https:\/\/medicaltravel.at\/tr\/hasta-hikayeleri\/2009-2010-deneyim-raporlari\/istanbuldaki-lazer-ameliyatim-24-agustos-2010-sali-tarihli-rapor\/\" data-type=\"page\" data-id=\"1247\">\u0130stanbul\u2019daki lazer ameliyat\u0131m \u2013 24 A\u011fustos 2010 Sal\u0131 tarihli rapor<\/a><\/li><li><a href=\"https:\/\/medicaltravel.at\/tr\/hasta-hikayeleri\/2009-2010-deneyim-raporlari\/istanbulda-lasik-deneyim-raporu-11-agustos-2010-carsamba-tarihli-rapor\/\" data-type=\"page\" data-id=\"1249\">\u0130stanbul\u2019da LASIK Deneyim Raporu \u2013 11 A\u011fustos 2010 \u00c7ar\u015famba tarihli rapor<\/a><\/li><li><a href=\"https:\/\/medicaltravel.at\/tr\/hasta-hikayeleri\/2009-2010-deneyim-raporlari\/istanbulda-goez-lazer-ameliyati-bir-hayal-gercek-oluyor-11-agustos-2010-carsamba-tarihli-rapor\/\" data-type=\"page\" data-id=\"1251\">\u0130stanbul\u2019da G\u00f6z Lazer Ameliyat\u0131 \u2013 Bir Hayal Ger\u00e7ek Oluyor \u2013 11 A\u011fustos 2010 \u00c7ar\u015famba tarihli rapor<\/a><\/li><li><a href=\"https:\/\/medicaltravel.at\/tr\/hasta-hikayeleri\/2009-2010-deneyim-raporlari\/artik-kartal-gibi-net-goerueyorum-ve-sadece-mutlu-ve-minnettarim-1-agustos-2010-pazar-tarihli-rapor\/\" data-type=\"page\" data-id=\"1253\">Art\u0131k kartal gibi net g\u00f6r\u00fcyorum ve sadece mutlu ve minnettar\u0131m \u2013 1 A\u011fustos 2010 Pazar tarihli rapor<\/a><\/li><li><a href=\"https:\/\/medicaltravel.at\/tr\/hasta-hikayeleri\/2009-2010-deneyim-raporlari\/nihayet-goerme-engeli-olmadan-yasama-hayalini-gerceklestirdim-ameliyat-17-06-2010-25-temmuz-2010-pazar-tarihli-rapor\/\" data-type=\"page\" data-id=\"1255\">Nihayet g\u00f6rme engeli olmadan ya\u015fama hayalini ger\u00e7ekle\u015ftirdim \u2013 Ameliyat 17.06.2010 \u2013 25 Temmuz 2010 Pazar tarihli rapor<\/a><\/li><li><a href=\"https:\/\/medicaltravel.at\/tr\/hasta-hikayeleri\/2009-2010-deneyim-raporlari\/goez-lazer-ameliyatim-hakkinda-rapor-7-temmuz-2010-carsamba-tarihli-rapor\/\" data-type=\"page\" data-id=\"1257\">G\u00f6z Lazer Ameliyat\u0131m Hakk\u0131nda Rapor \u2013 7 Temmuz 2010 \u00c7ar\u015famba tarihli rapor<\/a><\/li><li><a href=\"https:\/\/medicaltravel.at\/tr\/hasta-hikayeleri\/2009-2010-deneyim-raporlari\/istanbuldaki-klinikteki-goez-lasik-ameliyati-deneyim-raporum-2-haziran-2010-carsamba-tarihli-rapor\/\" data-type=\"page\" data-id=\"1259\">\u0130stanbul\u2019daki Klinik\u2019teki G\u00f6z LASIK Ameliyat\u0131 Deneyim Raporum \u2013 2 Haziran 2010 \u00c7ar\u015famba tarihli rapor<\/a><\/li><li><a href=\"https:\/\/medicaltravel.at\/tr\/hasta-hikayeleri\/2009-2010-deneyim-raporlari\/istanbuldaki-goez-lazer-ameliyatim-6-subat-2010-cumartesi-tarihli-rapor\/\" data-type=\"page\" data-id=\"1261\">\u0130stanbul\u2019daki G\u00f6z Lazer Ameliyat\u0131m \u2013 6 \u015eubat 2010 Cumartesi tarihli rapor<\/a><\/li><li><a href=\"https:\/\/medicaltravel.at\/tr\/hasta-hikayeleri\/2009-2010-deneyim-raporlari\/istanbuldaki-klinikte-swisslasik-araciligiyla-edindigim-deneyimlerim-5-subat-2010-cuma-tarihli-rapor\/\" data-type=\"page\" data-id=\"1263\">\u0130stanbul\u2019daki Klinikte Swisslasik arac\u0131l\u0131\u011f\u0131yla edindi\u011fim deneyimlerim \u2013 5 \u015eubat 2010 Cuma tarihli rapor<\/a><\/li><li><a href=\"https:\/\/medicaltravel.at\/tr\/hasta-hikayeleri\/2009-2010-deneyim-raporlari\/goez-lazer-ve-dis-tedavim-hakkinda-hasta-raporum-istanbul-21-aralik-2009-pazartesi-tarihli-rapor\/\" data-type=\"page\" data-id=\"1266\">G\u00f6z Lazer ve Di\u015f Tedavim Hakk\u0131nda Hasta Raporum, \u0130stanbul \u2013 21 Aral\u0131k 2009 Pazartesi tarihli rapor<\/a><\/li><li><a href=\"https:\/\/medicaltravel.at\/tr\/hasta-hikayeleri\/2009-2010-deneyim-raporlari\/istanbuldaki-goez-ameliyatim-saat-847yi-goesteriyordu-her-zamankinden-daha-net-2-kasim-2009-pazartesi-tarihli-rapor\/\" data-type=\"page\" data-id=\"1268\">\u0130stanbul\u2019daki G\u00f6z Ameliyat\u0131m: Saat 8:47\u2019yi g\u00f6steriyordu, her zamankinden daha net! \u2013 2 Kas\u0131m 2009 Pazartesi tarihli rapor <\/a><\/li><li><a href=\"https:\/\/medicaltravel.at\/tr\/hasta-hikayeleri\/2009-2010-deneyim-raporlari\/koestebekten-kartala-2-kasim-2009-pazartesi-tarihli-rapor\/\" data-type=\"page\" data-id=\"1270\">K\u00f6stebekten Kartala \u2013 2 Kas\u0131m 2009 Pazartesi tarihli rapor<\/a><\/li><li><a href=\"https:\/\/medicaltravel.at\/tr\/hasta-hikayeleri\/2009-2010-deneyim-raporlari\/istanbuldaki-lasik-ameliyatimdan-5-ay-sonra-sonuclarim-21-ekim-2009-carsamba-tarihli-rapor\/\" data-type=\"page\" data-id=\"1272\">\u0130stanbul\u2019daki LASIK Ameliyat\u0131mdan 5 Ay Sonra Sonu\u00e7lar\u0131m \u2013 21 Ekim 2009 \u00c7ar\u015famba tarihli rapor<\/a><\/li><li><a href=\"https:\/\/medicaltravel.at\/tr\/hasta-hikayeleri\/2009-2010-deneyim-raporlari\/bir-hayal-gercek-oluyor-istanbuldaki-goez-ameliyati-15-6-2009-13-temmuz-2009-pazartesi-tarihli-rapor\/\" data-type=\"page\" data-id=\"1274\">Bir Hayal Ger\u00e7ek Oluyor: \u0130stanbul\u2019daki G\u00f6z Ameliyat\u0131, 15.6.2009 \u2013 13 Temmuz 2009 Pazartesi tarihli rapor<\/a><\/li><li><a href=\"https:\/\/medicaltravel.at\/tr\/hasta-hikayeleri\/2009-2010-deneyim-raporlari\/goezlueksuez-yeni-bir-yasam-hissi-10-temmuz-2009-cuma-tarihli-rapor\/\" data-type=\"page\" data-id=\"1276\">G\u00f6zl\u00fcks\u00fcz Yeni Bir Ya\u015fam Hissi \u2013 10 Temmuz 2009 Cuma tarihli rapor <\/a><\/li><li><a href=\"https:\/\/medicaltravel.at\/tr\/hasta-hikayeleri\/2009-2010-deneyim-raporlari\/istanbulda-lasek-ile-goez-lazer-ameliyatim-5-haziran-2009-cuma-tarihli-rapor\/\" data-type=\"page\" data-id=\"1278\">\u0130stanbul\u2019da LASEK ile G\u00f6z Lazer Ameliyat\u0131m \u2013 5 Haziran 2009 Cuma tarihli rapor<\/a><\/li><li><a href=\"https:\/\/medicaltravel.at\/tr\/hasta-hikayeleri\/2009-2010-deneyim-raporlari\/lasik-deneyim-raporu-mayis-2009-istanbul-28-mayis-2009-persembe-tarihli-rapor\/\" data-type=\"page\" data-id=\"1280\">LASIK \u2013 Deneyim Raporu, May\u0131s 2009 \u0130stanbul \u2013 28 May\u0131s 2009 Per\u015fembe tarihli rapor<\/a><\/li><li><a href=\"https:\/\/medicaltravel.at\/tr\/hasta-hikayeleri\/2009-2010-deneyim-raporlari\/goezlueksuez-bir-yasam-her-zaman-hayalimdi-21-mayis-2009-persembe-tarihli-rapor\/\" data-type=\"page\" data-id=\"1282\">G\u00f6zl\u00fcks\u00fcz bir ya\u015fam her zaman hayalimdi! \u2013 21 May\u0131s 2009 Per\u015fembe tarihli rapor <\/a><\/li><li><a href=\"https:\/\/medicaltravel.at\/tr\/hasta-hikayeleri\/2009-2010-deneyim-raporlari\/istanbuldaki-goez-ameliyatim-hakkindaki-yorumum-15-mayis-2009-cuma-tarihli-rapor\/\" data-type=\"page\" data-id=\"1286\">\u0130stanbul\u2019daki G\u00f6z Ameliyat\u0131m Hakk\u0131ndaki Yorumum \u2013 15 May\u0131s 2009 Cuma tarihli rapor<\/a><\/li><li><a href=\"https:\/\/medicaltravel.at\/tr\/hasta-hikayeleri\/2009-2010-deneyim-raporlari\/istanbulda-lasik-deneyim-raporum-13-mayis-2009-carsamba-tarihli-rapor\/\" data-type=\"page\" data-id=\"1289\">\u0130stanbul\u2019da LASIK \u2013 Deneyim Raporum \u2013 13 May\u0131s 2009 \u00c7ar\u015famba tarihli rapor<\/a><\/li><li><a href=\"https:\/\/medicaltravel.at\/tr\/hasta-hikayeleri\/2009-2010-deneyim-raporlari\/ameliyat-raporu-mart-2009-17-nisan-2009-cuma-tarihli-rapor\/\" data-type=\"page\" data-id=\"1292\">Ameliyat Raporu, Mart 2009 \u2013 17 Nisan 2009 Cuma tarihli rapor<\/a><\/li><li><a href=\"https:\/\/medicaltravel.at\/tr\/hasta-hikayeleri\/2009-2010-deneyim-raporlari\/aralik-ayindaki-lasik-ameliyatim-29-ocak-2009-persembe-tarihli-rapor\/\" data-type=\"page\" data-id=\"1295\">Aral\u0131k Ay\u0131ndaki LASIK Ameliyat\u0131m \u2013 29 Ocak 2009 Per\u015fembe tarihli rapor<\/a><\/li><li><a href=\"https:\/\/medicaltravel.at\/tr\/hasta-hikayeleri\/2009-2010-deneyim-raporlari\/goez-lazeri-istanbul-deneyim-raporu-7-ocak-2009-carsamba-tarihli-rapor\/\" data-type=\"page\" data-id=\"1297\">G\u00d6Z LAZER\u0130 \u0130STANBUL Deneyim Raporu \u2013 7 Ocak 2009 \u00c7ar\u015famba tarihli rapor<\/a><\/li><\/ul>\t\t\t\t\t\t\t\t<\/div>\n\t\t\t\t\t<\/div>\n\t\t\t\t<\/div>\n\t\t\t\t<\/div>\n\t\t","protected":false},"excerpt":{"rendered":"<p>G\u00f6r\u00fc\u015f Raporlar\u0131 G\u00f6r\u00fc\u015f Raporlar\u0131 2012 2011 Y\u0131l\u0131 Hasta Raporlar\u0131 2009-2010 Y\u0131llar\u0131 Aras\u0131 Hasta Raporlar\u0131 2007 Y\u0131l\u0131 Hasta Raporlar\u0131 Eski Hasta Raporlar\u0131 2010 \u2013 2009 HASTA RAPORLARI \u0130stanbul\u2019daki LASIK Ameliyat\u0131m\u0131n Deneyim Raporu, 3.11.2010 \u2013 27 Aral\u0131k 2010 Pazartesi tarihli rapor Hasta raporu: Myrta T\u00f6ngi, 29 Ekim 2010 tarihinde ameliyat edildi \u2013 8 Aral\u0131k 2010 \u00c7ar\u015famba tarihli rapor Benim b\u00fcy\u00fck g\u00f6z lazer yolculu\u011fum \u0130stanbul\u2019a \u2013 5 Aral\u0131k 2010 Pazar tarihli rapor Kas\u0131m 2010\u2019da \u0130stanbul\u2019daki lazer tedavim \u2013 5 Aral\u0131k 2010 Pazar tarihli rapor Bak\u0131m konusunda \u0130svi\u00e7re h\u00e2l\u00e2 kendine \u00f6rnek alabilir \u2013 30 Kas\u0131m 2010 Sal\u0131 tarihli rapor G\u00f6zlerimi lazerle tedavi ettirdim! \u2013 26 Kas\u0131m 2010 Cuma tarihli rapor \u0130stanbul\u2019daki lazer ameliyat\u0131m \u2013 24 A\u011fustos 2010 Sal\u0131 tarihli rapor \u0130stanbul\u2019da LASIK Deneyim Raporu \u2013 11 A\u011fustos 2010 \u00c7ar\u015famba tarihli rapor \u0130stanbul\u2019da G\u00f6z Lazer Ameliyat\u0131 \u2013 Bir Hayal Ger\u00e7ek Oluyor \u2013 11 A\u011fustos 2010 \u00c7ar\u015famba tarihli rapor Art\u0131k kartal gibi net g\u00f6r\u00fcyorum ve sadece mutlu ve minnettar\u0131m \u2013 1 A\u011fustos 2010 Pazar tarihli rapor Nihayet g\u00f6rme engeli olmadan ya\u015fama hayalini ger\u00e7ekle\u015ftirdim \u2013 Ameliyat 17.06.2010 \u2013 25 Temmuz 2010 Pazar tarihli rapor G\u00f6z Lazer Ameliyat\u0131m Hakk\u0131nda Rapor \u2013 7 Temmuz 2010 \u00c7ar\u015famba tarihli rapor \u0130stanbul\u2019daki Klinik\u2019teki G\u00f6z LASIK Ameliyat\u0131 Deneyim Raporum \u2013 2 Haziran 2010 \u00c7ar\u015famba tarihli rapor \u0130stanbul\u2019daki G\u00f6z Lazer Ameliyat\u0131m \u2013 6 \u015eubat 2010 Cumartesi tarihli rapor \u0130stanbul\u2019daki Klinikte Swisslasik arac\u0131l\u0131\u011f\u0131yla edindi\u011fim deneyimlerim \u2013 5 \u015eubat 2010 Cuma tarihli rapor G\u00f6z Lazer ve Di\u015f Tedavim Hakk\u0131nda Hasta Raporum, \u0130stanbul \u2013 21 Aral\u0131k 2009 Pazartesi tarihli rapor \u0130stanbul\u2019daki G\u00f6z Ameliyat\u0131m: Saat 8:47\u2019yi g\u00f6steriyordu, her zamankinden daha net! \u2013 2 Kas\u0131m 2009 Pazartesi tarihli rapor K\u00f6stebekten Kartala \u2013 2 Kas\u0131m 2009 Pazartesi tarihli rapor \u0130stanbul\u2019daki LASIK Ameliyat\u0131mdan 5 Ay Sonra Sonu\u00e7lar\u0131m \u2013 21 Ekim 2009 \u00c7ar\u015famba tarihli rapor Bir Hayal Ger\u00e7ek Oluyor: \u0130stanbul\u2019daki G\u00f6z Ameliyat\u0131, 15.6.2009 \u2013 13 Temmuz 2009 Pazartesi tarihli rapor G\u00f6zl\u00fcks\u00fcz Yeni Bir Ya\u015fam Hissi \u2013 10 Temmuz 2009 Cuma tarihli rapor \u0130stanbul\u2019da LASEK ile G\u00f6z Lazer Ameliyat\u0131m \u2013 5 Haziran 2009 Cuma tarihli rapor LASIK \u2013 Deneyim Raporu, May\u0131s 2009 \u0130stanbul \u2013 28 May\u0131s 2009 Per\u015fembe tarihli rapor G\u00f6zl\u00fcks\u00fcz bir ya\u015fam her zaman hayalimdi! \u2013 21 May\u0131s 2009 Per\u015fembe tarihli rapor \u0130stanbul\u2019daki G\u00f6z Ameliyat\u0131m Hakk\u0131ndaki Yorumum \u2013 15 May\u0131s 2009 Cuma tarihli rapor \u0130stanbul\u2019da LASIK \u2013 Deneyim Raporum \u2013 13 May\u0131s 2009 \u00c7ar\u015famba tarihli rapor Ameliyat Raporu, Mart 2009 \u2013 17 Nisan 2009 Cuma tarihli rapor Aral\u0131k Ay\u0131ndaki LASIK Ameliyat\u0131m \u2013 29 Ocak 2009 Per\u015fembe tarihli rapor G\u00d6Z LAZER\u0130 \u0130STANBUL Deneyim Raporu \u2013 7 Ocak 2009 \u00c7ar\u015famba tarihli rapor<\/p>\n","protected":false},"author":4,"featured_media":0,"parent":4237,"menu_order":0,"comment_status":"closed","ping_status":"closed","template":"","meta":{"_joinchat":[],"footnotes":""},"class_list":["post-4430","page","type-page","status-publish","hentry"],"acf":[],"_links":{"self":[{"href":"https:\/\/medicaltravel.at\/tr\/wp-json\/wp\/v2\/pages\/4430","targetHints":{"allow":["GET"]}}],"collection":[{"href":"https:\/\/medicaltravel.at\/tr\/wp-json\/wp\/v2\/pages"}],"about":[{"href":"https:\/\/medicaltravel.at\/tr\/wp-json\/wp\/v2\/types\/page"}],"author":[{"embeddable":true,"href":"https:\/\/medicaltravel.at\/tr\/wp-json\/wp\/v2\/users\/4"}],"replies":[{"embeddable":true,"href":"https:\/\/medicaltravel.at\/tr\/wp-json\/wp\/v2\/comments?post=4430"}],"version-history":[{"count":4,"href":"https:\/\/medicaltravel.at\/tr\/wp-json\/wp\/v2\/pages\/4430\/revisions"}],"predecessor-version":[{"id":5844,"href":"https:\/\/medicaltravel.at\/tr\/wp-json\/wp\/v2\/pages\/4430\/revisions\/5844"}],"up":[{"embeddable":true,"href":"https:\/\/medicaltravel.at\/tr\/wp-json\/wp\/v2\/pages\/4237"}],"wp:attachment":[{"href":"https:\/\/medicaltravel.at\/tr\/wp-json\/wp\/v2\/media?parent=4430"}],"curies":[{"name":"wp","href":"https:\/\/api.w.org\/{rel}","templated":true}]}}