{"id":4428,"date":"2025-09-28T11:10:09","date_gmt":"2025-09-28T10:10:09","guid":{"rendered":"https:\/\/medicaltravel.at\/hasta-hikayeleri\/eski-hasta-raporlari\/sevincten-agladim-28-ekim-2008-sali-tarihli-rapor\/"},"modified":"2026-01-13T17:52:32","modified_gmt":"2026-01-13T16:52:32","slug":"sevincten-agladim-28-ekim-2008-sali-tarihli-rapor","status":"publish","type":"page","link":"https:\/\/medicaltravel.at\/tr\/hasta-hikayeleri\/eski-hasta-raporlari\/sevincten-agladim-28-ekim-2008-sali-tarihli-rapor\/","title":{"rendered":"Sevin\u00e7ten A\u011flad\u0131m!\u2026 \u2013 28 Ekim 2008 Sal\u0131 tarihli rapor"},"content":{"rendered":"\n<h3 class=\"wp-block-heading\">Sevin\u00e7ten A\u011flad\u0131m!\u2026 \u2013 28 Ekim 2008 Sal\u0131 tarihli rapor<\/h3>\n\n<p>Sevin\u00e7ten a\u011flad\u0131m!<\/p>\n\n<p>Karar verme s\u00fcreci<\/p>\n\n<p>G\u00f6zlerimi yurt d\u0131\u015f\u0131nda lazerle tedavi ettirip ettirmemem gerekti\u011fi sorusunu son iki y\u0131ld\u0131r detayl\u0131 \u015fekilde inceledim. Bunu yapmam ve \u00f6zellikle Swisslasik\/Eyestar\u2019da yapt\u0131rmam\u0131n en \u00f6nemli nedeni, \u0130svi\u00e7re televizyonundaki Sa\u011fl\u0131k dergisi Puls\u2019ta yer alan bir haberdir. Oradan Swisslasik\u2019in web sitesine ula\u015ft\u0131m ve neredeyse t\u00fcm sorular\u0131ma yan\u0131t buldum ya da Hr. Karaagacli-Leoni\u2019nin ileti\u015fim bilgilerini edindim; kendisine ger\u00e7ekten her \u015feyi sorabilirdim.   <\/p>\n\n<p>Z\u00fcrih\u2019te yap\u0131lan \u00f6n muayenenin ard\u0131ndan g\u00f6zlerimin b\u00f6yle bir i\u015flem i\u00e7in uygun olup olmad\u0131\u011f\u0131 belirlendi ve sonunda hem \u00f6zel hem de i\u015f hayat\u0131mdan vakit ay\u0131rabilece\u011fim bir tarih buldum.<\/p>\n\n<p>U\u00e7u\u015fu ve oteli kendim ayarlad\u0131m ve bunun kar\u015f\u0131l\u0131\u011f\u0131nda Swisslasik bana uygun bir indirim sa\u011flad\u0131.<\/p>\n\n<p>\u0130stanbul\u2019a tek ba\u015f\u0131ma gitmeye karar verdim. Havaliman\u0131nda Almanya\u2019da b\u00fcy\u00fcm\u00fc\u015f bir T\u00fcrk olan Birol beni s\u0131cak bir \u015fekilde kar\u015f\u0131lad\u0131 ve \u0130stanbul trafi\u011finde bile g\u00fcvenli bir \u015fekilde otelime g\u00f6t\u00fcrd\u00fc \u2013 bu bile olduk\u00e7a \u00f6nemli bir \u015fey. <\/p>\n\n<p>Ameliyat<\/p>\n\n<p>Ameliyat g\u00fcn\u00fcmde de Birol beni tekrar ald\u0131 (otel kliniklerin k\u00f6\u015fesindeydi, bu y\u00fczden y\u00fcr\u00fcyerek) ve beni Bern Almancas\u0131 konu\u015fan T\u00fcrk refakat\u00e7im Fred ile tan\u0131\u015ft\u0131rd\u0131. Ayr\u0131ca, d\u00f6rt\u00fc \u0130svi\u00e7re\u2019den gelen be\u015f di\u011fer hasta arkada\u015f\u0131mla da tan\u0131\u015ft\u0131m.<\/p>\n\n<p>\u00d6\u011fleden \u00f6nce tamamen \u00e7e\u015fitli teknik cihazlarla yap\u0131lan \u00f6n muayenelerden olu\u015fuyordu; \u00f6zellikle g\u00f6zlerimin tam diyoptrisini belirlemek amac\u0131yla yap\u0131l\u0131yordu. Burada \u015funu belirtmek gerekiyor: Sadece her sat\u0131rdaki \u00fcnl\u00fc, giderek k\u00fc\u00e7\u00fclen harfleri okuyarak subjektif g\u00f6r\u00fc\u015f\u00fc \u00f6l\u00e7mek s\u00f6z konusu de\u011fildi; ger\u00e7ekten y\u00fcksek teknoloji \u00fcr\u00fcn\u00fc cihazlar g\u00f6z verilerimi belirledi, b\u00f6ylece fazla veya eksik lazer uygulanma riski tamamen ortadan kalkt\u0131.<br\/>Burada \u015funu da s\u00f6ylemeliyim: \u0130stanbul\u2019a optik\u00e7imden ald\u0131\u011f\u0131m verilerle gelmi\u015ftim (-1,75\/-1,5 diyoptri), fakat Eyestar\u2019da \u00f6l\u00e7\u00fcmler -2,5\/-1,75 olarak belirlendi. Bu beni \u00e7ok \u015fa\u015f\u0131rtt\u0131. Muayenelerin bu kadar titizlikle yap\u0131lm\u0131\u015f olmas\u0131na kesinlikle memnunum. Ancak 6 ki\u015fi oldu\u011funda tek bir ki\u015finin i\u015fi biraz uzun s\u00fcrd\u00fc ve herkese tavsiyem beklerken zaman ge\u00e7irmek i\u00e7in mutlaka bir okuma veya bulmaca materyali getirmeleri olur.    <\/p>\n\n<p>\u00d6\u011fleden sonraki saatlerde hepimiz k\u00fc\u00e7\u00fck bir \u015feyler yiyebildik, \u00e7\u00fcnk\u00fc ameliyattan sonra art\u0131k f\u0131rsat olmayacakt\u0131.<\/p>\n\n<p>Saat 17.00\u2019de i\u015flem ba\u015flad\u0131. \u00d6nce s\u00fcre\u00e7 hakk\u0131nda tekrar bilgilendirildik; g\u00f6zlerimize damlalar ve ila\u00e7lar uyguland\u0131 ve bunlar\u0131n ameliyat sonras\u0131 ile evde kullan\u0131m\u0131yla ilgili a\u00e7\u0131klamalar yap\u0131ld\u0131. \u0130steyenler sunulan sakinle\u015ftirici tableti alabiliyordu (bende etkisi olmad\u0131). Ard\u0131ndan haz\u0131rl\u0131klar yap\u0131ld\u0131: zorunlu ye\u015fil ameliyat \u00f6nl\u00fc\u011f\u00fc ve koruyucu ba\u015fl\u0131k giydirildi, rahatlamak i\u00e7in masaj koltu\u011funa ge\u00e7ildi ve g\u00f6zlere a\u011fr\u0131ya kar\u015f\u0131 duyars\u0131zla\u015ft\u0131r\u0131c\u0131 damlalar damlat\u0131ld\u0131.<br\/><br\/>Daha sonra ameliyat yata\u011f\u0131na y\u00f6nlendirildik, ilk g\u00f6z lazer alt\u0131na al\u0131nd\u0131 ve s\u00fcre\u00e7 boyunca ne yap\u0131ld\u0131\u011f\u0131 s\u00fcrekli anlat\u0131ld\u0131. Ne yaz\u0131k ki o s\u0131rada panik ya\u015fad\u0131m \u2013 bir t\u00fcr klostrofobi\/dar alan korkusu. Fred durumu hemen fark etti, elimi s\u0131k\u0131ca tuttu ve teselli edici s\u00f6zlerle beni sakinle\u015ftirdi. Zavall\u0131 Fred, neredeyse elini ezdim! \u0130kinci g\u00f6zde ise \u00e7ok daha rahat ge\u00e7ti. Olduk\u00e7a rahats\u0131z ediciydi, \u00f6zellikle panik nedeniyle, ama hi\u00e7bir \u015fekilde a\u011fr\u0131 hissetmedim. On dakika i\u00e7inde her \u015fey tamamland\u0131 ve \u00f6nce bir yata\u011fa y\u00f6nlendirildim, sonra dinlenme ve karanl\u0131k odaya al\u0131nd\u0131m.        <\/p>\n\n<p>G\u00f6zler biraz yand\u0131 ve hafif a\u011fr\u0131 vard\u0131. Ama hemen Fred geldi ve birka\u00e7 saniye i\u00e7inde rahatlama sa\u011flayan a\u011fr\u0131 kesici damlalar\u0131 verdi. Birka\u00e7 saat sonras\u0131yla ilgili k\u0131sa bilgilendirme ve ertesi g\u00fcn yap\u0131lacak ilk kontrol anlat\u0131ld\u0131ktan sonra taburcu edildik. G\u00f6r\u00fc\u015f hemen geri geldi, sadece hafif sulu bir perde ile.   <\/p>\n\n<p>Otel odas\u0131nda \u00f6nerildi\u011fi gibi hemen uzand\u0131m ve s\u00f6ylemeliyim ki, Swisslasik\/Eyestar\u2019in her zaman vaat etti\u011fi gibi, yava\u015f yava\u015f geri gelen a\u011fr\u0131 4 saat i\u00e7inde ge\u00e7ti. Ayr\u0131ca neredeyse hi\u00e7 kumlu bir his ya\u015famad\u0131m. Ancak g\u00f6r\u00fc\u015f h\u00e2l\u00e2 biraz bulan\u0131kt\u0131.  <\/p>\n\n<p>Sevin\u00e7 g\u00f6zya\u015flar\u0131<\/p>\n\n<p>Ertesi sabah sab\u0131rs\u0131zl\u0131kla g\u00fcne ba\u015flad\u0131m. Sessiz ve iyi bir uykunun ard\u0131ndan g\u00f6zlerimi a\u00e7t\u0131m ve \u2026\u2026\u2026\u2026\u2026..<br\/><br\/>\u2026flash! Her \u015fey net! Kartal gibi keskin! Sadece yata\u011f\u0131n kenar\u0131nda oturup hem g\u00fcld\u00fcm hem a\u011flad\u0131m. Sevin\u00e7ten ve rahatlamadan a\u011flad\u0131m. G\u00f6zlerimle her \u015feyi, hem yak\u0131n\u0131 hem uza\u011f\u0131, inceledim ve yeni ya\u015fam hissimle mutluluk duydum. <\/p>\n\n<p>H\u00e2l\u00e2 sabah\u0131n ilerleyen saatlerinde ilk kontrol yap\u0131ld\u0131 ve g\u00f6r\u00fc\u015f keskinli\u011fim %120 olarak \u00f6l\u00e7\u00fcld\u00fc. Daha ne isteyebilirdim ki! <\/p>\n\n<p>Evde Tekrar<\/p>\n\n<p>Ayn\u0131 ak\u015fam, yepyeni bir ya\u015fam sevinciyle \u0130svi\u00e7re\u2019ye geri u\u00e7tum. Yeni g\u00f6zlerimden h\u00e2l\u00e2 \u00e7ok heyecanl\u0131y\u0131m. Sadece bilgisayara bakmak veya uzun bir metin okumak h\u00e2l\u00e2 biraz zor geliyor; g\u00f6zlerimin farkl\u0131 bir g\u00f6r\u00fc\u015f a\u00e7\u0131s\u0131na al\u0131\u015fmas\u0131 ve g\u00f6z kaslar\u0131n\u0131n \u00e7al\u0131\u015fmas\u0131 gerekiyor. I\u015f\u0131\u011fa kar\u015f\u0131 herhangi bir hassasiyet hissetmedim. Hafif renkli g\u00fcne\u015f g\u00f6zl\u00fc\u011f\u00fcm\u00fc parlakl\u0131k i\u00e7in de\u011fil, g\u00f6zlerime hi\u00e7bir \u015feyin ka\u00e7mamas\u0131 i\u00e7in koruma ama\u00e7l\u0131 takt\u0131m. Ayr\u0131ca evde yatakta h\u00e2l\u00e2 bir uyku maskesi tak\u0131yorum \u2013 tamamen kendimi korumak i\u00e7in, yar\u0131 uykuda g\u00f6zlerimi ovu\u015fturmayay\u0131m diye. Art\u0131k odamdaki sivrisinekleri sadece duymakla kalmay\u0131p g\u00f6rebildi\u011fim i\u00e7in \u00e7ok mutluyum!       <\/p>\n\n<p>Bir de s\u00f6ylemek istedi\u011fim \u015fey<\/p>\n\n<p>Swisslasik\/Eyestar\u2019a g\u00f6zlerimi emanet etme konusunda beni ikna eden \u015fey, \u0130svi\u00e7reli g\u00f6z doktorlar\u0131yla yap\u0131lan i\u015fbirli\u011fiydi. \u00d6n muayene ve 4 kontrol \u0130svi\u00e7re\u2019de ger\u00e7ekle\u015fiyor \u2013 yani bunun i\u00e7in tekrar T\u00fcrkiye\u2019ye gitmeme gerek yok. Ayr\u0131ca yan\u0131mda 5 y\u0131ll\u0131k garanti bulunmas\u0131 (yerinde yaz\u0131l\u0131 olarak veriliyor) sayesinde daha rahat uyuyabiliyorum.  <\/p>\n\n<p>Bana s\u00f6ylenenlere g\u00f6re, \u0130stanbul\u2019da g\u00f6z lazeri yapan yakla\u015f\u0131k 10 klinik var. Ama bunlardan sadece 2\u2019si ger\u00e7ekten g\u00fcvenilir \u2013 bunlardan biri de Eyestar Klini\u011fi. <\/p>\n\n<p>H\u00e2l\u00e2 teredd\u00fct eden herkesi rahatlatabilirim \u2013 bunu her zaman tekrar yapard\u0131m ve tek bir an bile kendimi yaln\u0131z hissetmedim. Oradaki insanlar \u00f6ylesine i\u00e7ten ve ilgili ki, \u0130svi\u00e7re\u2019de buna al\u0131\u015f\u0131k oldu\u011fumuzdan \u00e7ok farkl\u0131. <\/p>\n\n<p>Rapor Sahibi:<br\/>A. Kobi, 28.10.2008<\/p>\n\n<div class=\"wp-block-group is-layout-grid wp-container-core-group-is-layout-baef362d wp-block-group-is-layout-grid\">\n<p><a href=\"https:\/\/medicaltravel.at\/home\/agb\/\" data-type=\"page\" data-id=\"2191\"><\/a><a href=\"https:\/\/medicaltravel.at\/tr\/hasta-hikayeleri\/eski-hasta-raporlari\/bir-hayal-gercek-oldu-16-kasim-2008-pazar-tarihli-rapor\/\" data-type=\"link\" data-id=\"https:\/\/medicaltravel.at\/berichte-von-patienten\/altere-patientenberichte\/altere-patientenberichte-ein-traum-wurde-wahr-bericht-vom-sonntag-16-november-2008\/\">\u00d6nceki Rapor<\/a><\/p>\n\n\n\n<p class=\"has-text-align-right wp-container-content-5e2576f9\"><a href=\"https:\/\/medicaltravel.at\/home\/impressum\/\" data-type=\"page\" data-id=\"2193\"><\/a><a href=\"https:\/\/medicaltravel.at\/home\/berichte-von-patienten\/erfahrungsberichte\/erfahrungsbericht-zahnbehandlung-in-istanbul\/\" data-type=\"page\" data-id=\"981\"><\/a><a href=\"https:\/\/medicaltravel.at\/tr\/hasta-hikayeleri\/eski-hasta-raporlari\/goez-lazeri-yolculugumla-ilgili-notlarim-19-ekim-2008-pazar-tarihli-rapor\/\" data-type=\"link\" data-id=\"https:\/\/medicaltravel.at\/berichte-von-patienten\/altere-patientenberichte\/meine-notizen-uber-meine-augenlaserreise-bericht-vom-sonntag-19-oktober-2008\/\">Sonraki Rapor<\/a><\/p>\n<\/div>\n","protected":false},"excerpt":{"rendered":"<p>Sevin\u00e7ten A\u011flad\u0131m!\u2026 \u2013 28 Ekim 2008 Sal\u0131 tarihli rapor Sevin\u00e7ten a\u011flad\u0131m! Karar verme s\u00fcreci G\u00f6zlerimi yurt d\u0131\u015f\u0131nda lazerle tedavi ettirip ettirmemem gerekti\u011fi sorusunu son iki y\u0131ld\u0131r detayl\u0131 \u015fekilde inceledim. Bunu yapmam ve \u00f6zellikle Swisslasik\/Eyestar\u2019da yapt\u0131rmam\u0131n en \u00f6nemli nedeni, \u0130svi\u00e7re televizyonundaki Sa\u011fl\u0131k dergisi Puls\u2019ta yer alan bir haberdir. Oradan Swisslasik\u2019in web sitesine ula\u015ft\u0131m ve neredeyse t\u00fcm sorular\u0131ma yan\u0131t buldum ya da Hr. Karaagacli-Leoni\u2019nin ileti\u015fim bilgilerini edindim; kendisine ger\u00e7ekten her \u015feyi sorabilirdim. Z\u00fcrih\u2019te yap\u0131lan \u00f6n muayenenin ard\u0131ndan g\u00f6zlerimin b\u00f6yle bir i\u015flem i\u00e7in uygun olup olmad\u0131\u011f\u0131 belirlendi ve sonunda hem \u00f6zel hem de i\u015f hayat\u0131mdan vakit ay\u0131rabilece\u011fim bir tarih buldum. U\u00e7u\u015fu ve oteli kendim ayarlad\u0131m ve bunun kar\u015f\u0131l\u0131\u011f\u0131nda Swisslasik bana uygun bir indirim sa\u011flad\u0131. \u0130stanbul\u2019a tek ba\u015f\u0131ma gitmeye karar verdim. Havaliman\u0131nda Almanya\u2019da b\u00fcy\u00fcm\u00fc\u015f bir T\u00fcrk olan Birol beni s\u0131cak bir \u015fekilde kar\u015f\u0131lad\u0131 ve \u0130stanbul trafi\u011finde bile g\u00fcvenli bir \u015fekilde otelime g\u00f6t\u00fcrd\u00fc \u2013 bu bile olduk\u00e7a \u00f6nemli bir \u015fey. Ameliyat Ameliyat g\u00fcn\u00fcmde de Birol beni tekrar ald\u0131 (otel kliniklerin k\u00f6\u015fesindeydi, bu y\u00fczden y\u00fcr\u00fcyerek) ve beni Bern Almancas\u0131 konu\u015fan T\u00fcrk refakat\u00e7im Fred ile tan\u0131\u015ft\u0131rd\u0131. Ayr\u0131ca, d\u00f6rt\u00fc \u0130svi\u00e7re\u2019den gelen be\u015f di\u011fer hasta arkada\u015f\u0131mla da tan\u0131\u015ft\u0131m. \u00d6\u011fleden \u00f6nce tamamen \u00e7e\u015fitli teknik cihazlarla yap\u0131lan \u00f6n muayenelerden olu\u015fuyordu; \u00f6zellikle g\u00f6zlerimin tam diyoptrisini belirlemek amac\u0131yla yap\u0131l\u0131yordu. Burada \u015funu belirtmek gerekiyor: Sadece her sat\u0131rdaki \u00fcnl\u00fc, giderek k\u00fc\u00e7\u00fclen harfleri okuyarak subjektif g\u00f6r\u00fc\u015f\u00fc \u00f6l\u00e7mek s\u00f6z konusu de\u011fildi; ger\u00e7ekten y\u00fcksek teknoloji \u00fcr\u00fcn\u00fc cihazlar g\u00f6z verilerimi belirledi, b\u00f6ylece fazla veya eksik lazer uygulanma riski tamamen ortadan kalkt\u0131.Burada \u015funu da s\u00f6ylemeliyim: \u0130stanbul\u2019a optik\u00e7imden ald\u0131\u011f\u0131m verilerle gelmi\u015ftim (-1,75\/-1,5 diyoptri), fakat Eyestar\u2019da \u00f6l\u00e7\u00fcmler -2,5\/-1,75 olarak belirlendi. Bu beni \u00e7ok \u015fa\u015f\u0131rtt\u0131. Muayenelerin bu kadar titizlikle yap\u0131lm\u0131\u015f olmas\u0131na kesinlikle memnunum. Ancak 6 ki\u015fi oldu\u011funda tek bir ki\u015finin i\u015fi biraz uzun s\u00fcrd\u00fc ve herkese tavsiyem beklerken zaman ge\u00e7irmek i\u00e7in mutlaka bir okuma veya bulmaca materyali getirmeleri olur. \u00d6\u011fleden sonraki saatlerde hepimiz k\u00fc\u00e7\u00fck bir \u015feyler yiyebildik, \u00e7\u00fcnk\u00fc ameliyattan sonra art\u0131k f\u0131rsat olmayacakt\u0131. Saat 17.00\u2019de i\u015flem ba\u015flad\u0131. \u00d6nce s\u00fcre\u00e7 hakk\u0131nda tekrar bilgilendirildik; g\u00f6zlerimize damlalar ve ila\u00e7lar uyguland\u0131 ve bunlar\u0131n ameliyat sonras\u0131 ile evde kullan\u0131m\u0131yla ilgili a\u00e7\u0131klamalar yap\u0131ld\u0131. \u0130steyenler sunulan sakinle\u015ftirici tableti alabiliyordu (bende etkisi olmad\u0131). Ard\u0131ndan haz\u0131rl\u0131klar yap\u0131ld\u0131: zorunlu ye\u015fil ameliyat \u00f6nl\u00fc\u011f\u00fc ve koruyucu ba\u015fl\u0131k giydirildi, rahatlamak i\u00e7in masaj koltu\u011funa ge\u00e7ildi ve g\u00f6zlere a\u011fr\u0131ya kar\u015f\u0131 duyars\u0131zla\u015ft\u0131r\u0131c\u0131 damlalar damlat\u0131ld\u0131. Daha sonra ameliyat yata\u011f\u0131na y\u00f6nlendirildik, ilk g\u00f6z lazer alt\u0131na al\u0131nd\u0131 ve s\u00fcre\u00e7 boyunca ne yap\u0131ld\u0131\u011f\u0131 s\u00fcrekli anlat\u0131ld\u0131. Ne yaz\u0131k ki o s\u0131rada panik ya\u015fad\u0131m \u2013 bir t\u00fcr klostrofobi\/dar alan korkusu. Fred durumu hemen fark etti, elimi s\u0131k\u0131ca tuttu ve teselli edici s\u00f6zlerle beni sakinle\u015ftirdi. Zavall\u0131 Fred, neredeyse elini ezdim! \u0130kinci g\u00f6zde ise \u00e7ok daha rahat ge\u00e7ti. Olduk\u00e7a rahats\u0131z ediciydi, \u00f6zellikle panik nedeniyle, ama hi\u00e7bir \u015fekilde a\u011fr\u0131 hissetmedim. On dakika i\u00e7inde her \u015fey tamamland\u0131 ve \u00f6nce bir yata\u011fa y\u00f6nlendirildim, sonra dinlenme ve karanl\u0131k odaya al\u0131nd\u0131m. G\u00f6zler biraz yand\u0131 ve hafif a\u011fr\u0131 vard\u0131. Ama hemen Fred geldi ve birka\u00e7 saniye i\u00e7inde rahatlama sa\u011flayan a\u011fr\u0131 kesici damlalar\u0131 verdi. Birka\u00e7 saat sonras\u0131yla ilgili k\u0131sa bilgilendirme ve ertesi g\u00fcn yap\u0131lacak ilk kontrol anlat\u0131ld\u0131ktan sonra taburcu edildik. G\u00f6r\u00fc\u015f hemen geri geldi, sadece hafif sulu bir perde ile. Otel odas\u0131nda \u00f6nerildi\u011fi gibi hemen uzand\u0131m ve s\u00f6ylemeliyim ki, Swisslasik\/Eyestar\u2019in her zaman vaat etti\u011fi gibi, yava\u015f yava\u015f geri gelen a\u011fr\u0131 4 saat i\u00e7inde ge\u00e7ti. Ayr\u0131ca neredeyse hi\u00e7 kumlu bir his ya\u015famad\u0131m. Ancak g\u00f6r\u00fc\u015f h\u00e2l\u00e2 biraz bulan\u0131kt\u0131. Sevin\u00e7 g\u00f6zya\u015flar\u0131 Ertesi sabah sab\u0131rs\u0131zl\u0131kla g\u00fcne ba\u015flad\u0131m. Sessiz ve iyi bir uykunun ard\u0131ndan g\u00f6zlerimi a\u00e7t\u0131m ve \u2026\u2026\u2026\u2026\u2026.. \u2026flash! Her \u015fey net! Kartal gibi keskin! Sadece yata\u011f\u0131n kenar\u0131nda oturup hem g\u00fcld\u00fcm hem a\u011flad\u0131m. Sevin\u00e7ten ve rahatlamadan a\u011flad\u0131m. G\u00f6zlerimle her \u015feyi, hem yak\u0131n\u0131 hem uza\u011f\u0131, inceledim ve yeni ya\u015fam hissimle mutluluk duydum. H\u00e2l\u00e2 sabah\u0131n ilerleyen saatlerinde ilk kontrol yap\u0131ld\u0131 ve g\u00f6r\u00fc\u015f keskinli\u011fim %120 olarak \u00f6l\u00e7\u00fcld\u00fc. Daha ne isteyebilirdim ki! Evde Tekrar Ayn\u0131 ak\u015fam, yepyeni bir ya\u015fam sevinciyle \u0130svi\u00e7re\u2019ye geri u\u00e7tum. Yeni g\u00f6zlerimden h\u00e2l\u00e2 \u00e7ok heyecanl\u0131y\u0131m. Sadece bilgisayara bakmak veya uzun bir metin okumak h\u00e2l\u00e2 biraz zor geliyor; g\u00f6zlerimin farkl\u0131 bir g\u00f6r\u00fc\u015f a\u00e7\u0131s\u0131na al\u0131\u015fmas\u0131 ve g\u00f6z kaslar\u0131n\u0131n \u00e7al\u0131\u015fmas\u0131 gerekiyor. I\u015f\u0131\u011fa kar\u015f\u0131 herhangi bir hassasiyet hissetmedim. Hafif renkli g\u00fcne\u015f g\u00f6zl\u00fc\u011f\u00fcm\u00fc parlakl\u0131k i\u00e7in de\u011fil, g\u00f6zlerime hi\u00e7bir \u015feyin ka\u00e7mamas\u0131 i\u00e7in koruma ama\u00e7l\u0131 takt\u0131m. Ayr\u0131ca evde yatakta h\u00e2l\u00e2 bir uyku maskesi tak\u0131yorum \u2013 tamamen kendimi korumak i\u00e7in, yar\u0131 uykuda g\u00f6zlerimi ovu\u015fturmayay\u0131m diye. Art\u0131k odamdaki sivrisinekleri sadece duymakla kalmay\u0131p g\u00f6rebildi\u011fim i\u00e7in \u00e7ok mutluyum! Bir de s\u00f6ylemek istedi\u011fim \u015fey Swisslasik\/Eyestar\u2019a g\u00f6zlerimi emanet etme konusunda beni ikna eden \u015fey, \u0130svi\u00e7reli g\u00f6z doktorlar\u0131yla yap\u0131lan i\u015fbirli\u011fiydi. \u00d6n muayene ve 4 kontrol \u0130svi\u00e7re\u2019de ger\u00e7ekle\u015fiyor \u2013 yani bunun i\u00e7in tekrar T\u00fcrkiye\u2019ye gitmeme gerek yok. Ayr\u0131ca yan\u0131mda 5 y\u0131ll\u0131k garanti bulunmas\u0131 (yerinde yaz\u0131l\u0131 olarak veriliyor) sayesinde daha rahat uyuyabiliyorum. Bana s\u00f6ylenenlere g\u00f6re, \u0130stanbul\u2019da g\u00f6z lazeri yapan yakla\u015f\u0131k 10 klinik var. Ama bunlardan sadece 2\u2019si ger\u00e7ekten g\u00fcvenilir \u2013 bunlardan biri de Eyestar Klini\u011fi. H\u00e2l\u00e2 teredd\u00fct eden herkesi rahatlatabilirim \u2013 bunu her zaman tekrar yapard\u0131m ve tek bir an bile kendimi yaln\u0131z hissetmedim. Oradaki insanlar \u00f6ylesine i\u00e7ten ve ilgili ki, \u0130svi\u00e7re\u2019de buna al\u0131\u015f\u0131k oldu\u011fumuzdan \u00e7ok farkl\u0131. Rapor Sahibi:A. Kobi, 28.10.2008 \u00d6nceki Rapor Sonraki Rapor<\/p>\n","protected":false},"author":4,"featured_media":0,"parent":4243,"menu_order":0,"comment_status":"closed","ping_status":"closed","template":"","meta":{"_joinchat":[],"footnotes":""},"class_list":["post-4428","page","type-page","status-publish","hentry"],"acf":[],"_links":{"self":[{"href":"https:\/\/medicaltravel.at\/tr\/wp-json\/wp\/v2\/pages\/4428","targetHints":{"allow":["GET"]}}],"collection":[{"href":"https:\/\/medicaltravel.at\/tr\/wp-json\/wp\/v2\/pages"}],"about":[{"href":"https:\/\/medicaltravel.at\/tr\/wp-json\/wp\/v2\/types\/page"}],"author":[{"embeddable":true,"href":"https:\/\/medicaltravel.at\/tr\/wp-json\/wp\/v2\/users\/4"}],"replies":[{"embeddable":true,"href":"https:\/\/medicaltravel.at\/tr\/wp-json\/wp\/v2\/comments?post=4428"}],"version-history":[{"count":3,"href":"https:\/\/medicaltravel.at\/tr\/wp-json\/wp\/v2\/pages\/4428\/revisions"}],"predecessor-version":[{"id":5531,"href":"https:\/\/medicaltravel.at\/tr\/wp-json\/wp\/v2\/pages\/4428\/revisions\/5531"}],"up":[{"embeddable":true,"href":"https:\/\/medicaltravel.at\/tr\/wp-json\/wp\/v2\/pages\/4243"}],"wp:attachment":[{"href":"https:\/\/medicaltravel.at\/tr\/wp-json\/wp\/v2\/media?parent=4428"}],"curies":[{"name":"wp","href":"https:\/\/api.w.org\/{rel}","templated":true}]}}