{"id":4426,"date":"2025-09-28T11:18:36","date_gmt":"2025-09-28T10:18:36","guid":{"rendered":"https:\/\/medicaltravel.at\/hasta-hikayeleri\/eski-hasta-raporlari\/bizim-lasik-deneyimimiz-istanbulda-06-mart-2008-persembe-tarihli-rapor\/"},"modified":"2026-01-13T18:09:17","modified_gmt":"2026-01-13T17:09:17","slug":"bizim-lasik-deneyimimiz-istanbulda-06-mart-2008-persembe-tarihli-rapor","status":"publish","type":"page","link":"https:\/\/medicaltravel.at\/tr\/hasta-hikayeleri\/eski-hasta-raporlari\/bizim-lasik-deneyimimiz-istanbulda-06-mart-2008-persembe-tarihli-rapor\/","title":{"rendered":"Bizim LASIK Deneyimimiz \u0130stanbul\u2019da \u2013 06 Mart 2008 Per\u015fembe tarihli rapor"},"content":{"rendered":"\n<h3 class=\"wp-block-heading\">Bizim LASIK Deneyimimiz \u0130stanbul\u2019da \u2013 06 Mart 2008 Per\u015fembe tarihli rapor<\/h3>\n\n<p>E\u015fim, onun erkek karde\u015fi ve ben uzun s\u00fcredir Lasik hakk\u0131nda ara\u015ft\u0131rmalar yap\u0131yorduk. Uygun fiyatl\u0131 bir sa\u011flay\u0131c\u0131 bulmak i\u00e7in interneti ba\u015ftan sona tarad\u0131k, ama maalesef ba\u015far\u0131l\u0131 olamad\u0131k. Eski optisyenim bana \u0130stanbul\u2019da bir operasyon \u00f6nermesiyle, ba\u015flang\u0131\u00e7taki \u015f\u00fcphelerime ra\u011fmen merakland\u0131m ve ara\u015ft\u0131rmaya ba\u015flad\u0131m. H\u0131zl\u0131ca \u0130stanbul\u2019da Lasik yapt\u0131rm\u0131\u015f ki\u015filere ula\u015ft\u0131k ve hepsi tamamen memnundu. Bu da bize \u0130stanbul\u2019a gitme konusunda g\u00fcven verdi. \u0130nternet \u00fczerinden h\u0131zla swisslasik.ch sitesine ula\u015ft\u0131k. Ayr\u0131ca do\u011frudan klinikle birka\u00e7 soru sorduk ve her zaman h\u0131zl\u0131 ve uzman cevaplar ald\u0131k.<br\/><br\/>29 \u015eubat 2008\u2019de \u0130stanbul\u2019a u\u00e7tuk ve ayn\u0131 g\u00fcn operasyonumuzu yapt\u0131rd\u0131k. Her \u015fey m\u00fckemmel ge\u00e7ti, \u00e7ok memnunuz. \u00d6nceden olduk\u00e7a gergindik, ama ekip, gerginli\u011fimizi almam\u0131z\u0131 \u00e7ok iyi ba\u015fard\u0131. Sonu\u00e7ta, klinikteki dostane ve insanc\u0131l yakla\u015f\u0131m bizi \u00e7ok etkiledi. Hi\u00e7bir \u015fekilde seri \u00fcretim gibi hissettirmediler.          <\/p>\n\n<p>Ameliyat\u0131n kendisi yakla\u015f\u0131k 3 dakika s\u00fcr\u00fcyor, haz\u0131rl\u0131klarla birlikte yakla\u015f\u0131k 15 dakika. Tamamen a\u011fr\u0131s\u0131z. Sadece ameliyattan sonra g\u00f6zler biraz yan\u0131yor ve 3\u20134 saat kapal\u0131 tutulmal\u0131. Sonras\u0131nda: Vay be!\u2026 \ud83d\ude0a<\/p>\n\n<p>Daha yeni \u00fc\u00e7 g\u00fcnd\u00fcr d\u00f6nm\u00fc\u015f olmama ra\u011fmen, kendi i\u015f yerimde ilgilenen ki\u015filere swisslasik ba\u011flant\u0131s\u0131n\u0131 bir d\u00fczine kez payla\u015ft\u0131m.<\/p>\n\n<div class=\"wp-block-group is-layout-grid wp-container-core-group-is-layout-baef362d wp-block-group-is-layout-grid\">\n<p><a href=\"https:\/\/medicaltravel.at\/home\/agb\/\" data-type=\"page\" data-id=\"2191\"><\/a><a href=\"https:\/\/medicaltravel.at\/tr\/hasta-hikayeleri\/eski-hasta-raporlari\/yaptim-17-mart-2008-pazartesi-tarihli-rapor\/\" data-type=\"link\" data-id=\"https:\/\/medicaltravel.at\/berichte-von-patienten\/altere-patientenberichte\/ich-habs-getan-bericht-vom-montag-17-marz-2008\/\">\u00d6nceki Rapor<\/a><\/p>\n\n\n\n<p class=\"has-text-align-right wp-container-content-5e2576f9\"><a href=\"https:\/\/medicaltravel.at\/home\/impressum\/\" data-type=\"page\" data-id=\"2193\"><\/a><a href=\"https:\/\/medicaltravel.at\/home\/berichte-von-patienten\/erfahrungsberichte\/erfahrungsbericht-zahnbehandlung-in-istanbul\/\" data-type=\"page\" data-id=\"981\"><\/a><a href=\"https:\/\/medicaltravel.at\/tr\/hasta-hikayeleri\/eski-hasta-raporlari\/benim-lasik-ameliyatimla-ilgili-deneyim-raporum-05-ocak-2008-cumartesi-tarihli-rapor\/\" data-type=\"link\" data-id=\"https:\/\/medicaltravel.at\/berichte-von-patienten\/altere-patientenberichte\/erfahrungsbericht-zu-meiner-lasik-op-bericht-vom-samstag-05-januar-2008\/\">Sonraki Rapor<\/a><\/p>\n<\/div>\n","protected":false},"excerpt":{"rendered":"<p>Bizim LASIK Deneyimimiz \u0130stanbul\u2019da \u2013 06 Mart 2008 Per\u015fembe tarihli rapor E\u015fim, onun erkek karde\u015fi ve ben uzun s\u00fcredir Lasik hakk\u0131nda ara\u015ft\u0131rmalar yap\u0131yorduk. Uygun fiyatl\u0131 bir sa\u011flay\u0131c\u0131 bulmak i\u00e7in interneti ba\u015ftan sona tarad\u0131k, ama maalesef ba\u015far\u0131l\u0131 olamad\u0131k. Eski optisyenim bana \u0130stanbul\u2019da bir operasyon \u00f6nermesiyle, ba\u015flang\u0131\u00e7taki \u015f\u00fcphelerime ra\u011fmen merakland\u0131m ve ara\u015ft\u0131rmaya ba\u015flad\u0131m. H\u0131zl\u0131ca \u0130stanbul\u2019da Lasik yapt\u0131rm\u0131\u015f ki\u015filere ula\u015ft\u0131k ve hepsi tamamen memnundu. Bu da bize \u0130stanbul\u2019a gitme konusunda g\u00fcven verdi. \u0130nternet \u00fczerinden h\u0131zla swisslasik.ch sitesine ula\u015ft\u0131k. Ayr\u0131ca do\u011frudan klinikle birka\u00e7 soru sorduk ve her zaman h\u0131zl\u0131 ve uzman cevaplar ald\u0131k. 29 \u015eubat 2008\u2019de \u0130stanbul\u2019a u\u00e7tuk ve ayn\u0131 g\u00fcn operasyonumuzu yapt\u0131rd\u0131k. Her \u015fey m\u00fckemmel ge\u00e7ti, \u00e7ok memnunuz. \u00d6nceden olduk\u00e7a gergindik, ama ekip, gerginli\u011fimizi almam\u0131z\u0131 \u00e7ok iyi ba\u015fard\u0131. Sonu\u00e7ta, klinikteki dostane ve insanc\u0131l yakla\u015f\u0131m bizi \u00e7ok etkiledi. Hi\u00e7bir \u015fekilde seri \u00fcretim gibi hissettirmediler. Ameliyat\u0131n kendisi yakla\u015f\u0131k 3 dakika s\u00fcr\u00fcyor, haz\u0131rl\u0131klarla birlikte yakla\u015f\u0131k 15 dakika. Tamamen a\u011fr\u0131s\u0131z. Sadece ameliyattan sonra g\u00f6zler biraz yan\u0131yor ve 3\u20134 saat kapal\u0131 tutulmal\u0131. Sonras\u0131nda: Vay be!\u2026 \ud83d\ude0a Daha yeni \u00fc\u00e7 g\u00fcnd\u00fcr d\u00f6nm\u00fc\u015f olmama ra\u011fmen, kendi i\u015f yerimde ilgilenen ki\u015filere swisslasik ba\u011flant\u0131s\u0131n\u0131 bir d\u00fczine kez payla\u015ft\u0131m. \u00d6nceki Rapor Sonraki Rapor<\/p>\n","protected":false},"author":4,"featured_media":0,"parent":4243,"menu_order":0,"comment_status":"closed","ping_status":"closed","template":"","meta":{"_joinchat":[],"footnotes":""},"class_list":["post-4426","page","type-page","status-publish","hentry"],"acf":[],"_links":{"self":[{"href":"https:\/\/medicaltravel.at\/tr\/wp-json\/wp\/v2\/pages\/4426","targetHints":{"allow":["GET"]}}],"collection":[{"href":"https:\/\/medicaltravel.at\/tr\/wp-json\/wp\/v2\/pages"}],"about":[{"href":"https:\/\/medicaltravel.at\/tr\/wp-json\/wp\/v2\/types\/page"}],"author":[{"embeddable":true,"href":"https:\/\/medicaltravel.at\/tr\/wp-json\/wp\/v2\/users\/4"}],"replies":[{"embeddable":true,"href":"https:\/\/medicaltravel.at\/tr\/wp-json\/wp\/v2\/comments?post=4426"}],"version-history":[{"count":1,"href":"https:\/\/medicaltravel.at\/tr\/wp-json\/wp\/v2\/pages\/4426\/revisions"}],"predecessor-version":[{"id":4427,"href":"https:\/\/medicaltravel.at\/tr\/wp-json\/wp\/v2\/pages\/4426\/revisions\/4427"}],"up":[{"embeddable":true,"href":"https:\/\/medicaltravel.at\/tr\/wp-json\/wp\/v2\/pages\/4243"}],"wp:attachment":[{"href":"https:\/\/medicaltravel.at\/tr\/wp-json\/wp\/v2\/media?parent=4426"}],"curies":[{"name":"wp","href":"https:\/\/api.w.org\/{rel}","templated":true}]}}