{"id":4424,"date":"2025-09-28T11:21:16","date_gmt":"2025-09-28T10:21:16","guid":{"rendered":"https:\/\/medicaltravel.at\/hasta-hikayeleri\/eski-hasta-raporlari\/bizim-goez-lazeri-ameliyatimiz-istanbulda-28-kasim-2007-carsamba-tarihli-rapor\/"},"modified":"2026-01-13T18:12:09","modified_gmt":"2026-01-13T17:12:09","slug":"bizim-goez-lazeri-ameliyatimiz-istanbulda-28-kasim-2007-carsamba-tarihli-rapor","status":"publish","type":"page","link":"https:\/\/medicaltravel.at\/tr\/hasta-hikayeleri\/eski-hasta-raporlari\/bizim-goez-lazeri-ameliyatimiz-istanbulda-28-kasim-2007-carsamba-tarihli-rapor\/","title":{"rendered":"Bizim G\u00d6Z LAZER\u0130 Ameliyat\u0131m\u0131z \u0130stanbul\u2019da \u2013 28 Kas\u0131m 2007 \u00c7ar\u015famba tarihli rapor"},"content":{"rendered":"\n<h3 class=\"wp-block-heading\">Bizim G\u00d6Z LAZER\u0130 Ameliyat\u0131m\u0131z \u0130stanbul\u2019da \u2013 28 Kas\u0131m 2007 \u00c7ar\u015famba tarihli rapor<\/h3>\n\n<p>Kocam ve ben bir s\u00fcredir g\u00f6zl\u00fcklerimizden kurtulup g\u00f6zlerimizi lazerle tedavi ettirmeyi d\u00fc\u015f\u00fcn\u00fcyorduk. Ancak maalesef \u0130svi\u00e7re\u2019de bu i\u015flem \u00e7ok y\u00fcksek maliyetliydi, \u00f6zellikle her iki e\u015f de g\u00f6rme yard\u0131mc\u0131lar\u0131 kullan\u0131yorsa. \u0130nternet \u00fczerinden Swisslasik\u2019in web sitesine denk geldik ve hemen ilgimizi \u00e7ekti. Di\u011fer \u0130svi\u00e7relilerden referanslar ald\u0131k ve hepsi tamamen memnundu. Bu y\u00fczden hemen e-posta ile detayl\u0131 bilgi ald\u0131k ve her sorumuza an\u0131nda cevap verildi. Sonunda 25 Kas\u0131m\u2019da \u0130stanbul\u2019da ameliyat\u0131m\u0131z\u0131 yapt\u0131rd\u0131k. U\u00e7u\u015f, ameliyat, otel: Her \u015fey A\u2019dan Z\u2019ye m\u00fckemmel \u015fekilde organize edilmi\u015fti. Her zaman yan\u0131m\u0131zda, m\u00fckemmel y\u00fcksek Almanca veya \u0130svi\u00e7re Almancas\u0131 konu\u015fabilen birisi vard\u0131. Bu \u00e7ok rahatlat\u0131c\u0131yd\u0131. Ayr\u0131ca EyeStar Klini\u011fi\u2019nde ayn\u0131 g\u00fcn g\u00f6zlerini lazerle tedavi ettiren 3 \u0130svi\u00e7reli daha ile tan\u0131\u015ft\u0131k. Bu \u00e7ok motive ediciydi ve herkes di\u011ferinin karar\u0131n\u0131 destekliyordu. \u00d6n muayeneler \u00e7ok titizlikle yap\u0131ld\u0131 ve t\u00fcm personel bize \u00e7ok iyi bir izlenim b\u0131rakt\u0131. \u00d6zellikle hi\u00e7 dil problemi ya\u015fanmamas\u0131 harikayd\u0131. Havaliman\u0131ndan otele, otelden klini\u011fe ve geri d\u00f6n\u00fc\u015f transferi de kusursuzdu.             <\/p>\n\n<p>Kesinlikle cesaret etti\u011fimiz i\u00e7in mutluyuz ve g\u00f6zlerimizin sonu\u00e7lar\u0131ndan \u00e7ok memnunuz.<\/p>\n\n<p>Nadja ve Sepp Arnold, Goldingen \/ Kas\u0131m 2007<\/p>\n\n<div class=\"wp-block-group is-layout-grid wp-container-core-group-is-layout-baef362d wp-block-group-is-layout-grid\">\n<p><a href=\"https:\/\/medicaltravel.at\/home\/agb\/\" data-type=\"page\" data-id=\"2191\"><\/a><a href=\"https:\/\/medicaltravel.at\/tr\/hasta-hikayeleri\/eski-hasta-raporlari\/goez-lazeri-14-aralik-2007-cuma-tarihli-rapor\/\" data-type=\"link\" data-id=\"https:\/\/medicaltravel.at\/berichte-von-patienten\/altere-patientenberichte\/augenlaser-bericht-vom-freitag-14-dezember-2007\/\">\u00d6nceki Rapor<\/a><\/p>\n\n\n\n<p class=\"has-text-align-right wp-container-content-5e2576f9\"><a href=\"https:\/\/medicaltravel.at\/home\/impressum\/\" data-type=\"page\" data-id=\"2193\"><\/a><a href=\"https:\/\/medicaltravel.at\/home\/berichte-von-patienten\/erfahrungsberichte\/erfahrungsbericht-zahnbehandlung-in-istanbul\/\" data-type=\"page\" data-id=\"981\"><\/a><a href=\"https:\/\/medicaltravel.at\/tr\/hasta-hikayeleri\/eski-hasta-raporlari\/goez-ameliyati-istanbulda-19-kasim-2007-pazartesi-tarihli-rapor\/\" data-type=\"link\" data-id=\"https:\/\/medicaltravel.at\/berichte-von-patienten\/altere-patientenberichte\/altere-patientenberichte-augen-op-in-istanbul-bericht-vom-montag-19-november-2007\/\">Sonraki Rapor<\/a><\/p>\n<\/div>\n","protected":false},"excerpt":{"rendered":"<p>Bizim G\u00d6Z LAZER\u0130 Ameliyat\u0131m\u0131z \u0130stanbul\u2019da \u2013 28 Kas\u0131m 2007 \u00c7ar\u015famba tarihli rapor Kocam ve ben bir s\u00fcredir g\u00f6zl\u00fcklerimizden kurtulup g\u00f6zlerimizi lazerle tedavi ettirmeyi d\u00fc\u015f\u00fcn\u00fcyorduk. Ancak maalesef \u0130svi\u00e7re\u2019de bu i\u015flem \u00e7ok y\u00fcksek maliyetliydi, \u00f6zellikle her iki e\u015f de g\u00f6rme yard\u0131mc\u0131lar\u0131 kullan\u0131yorsa. \u0130nternet \u00fczerinden Swisslasik\u2019in web sitesine denk geldik ve hemen ilgimizi \u00e7ekti. Di\u011fer \u0130svi\u00e7relilerden referanslar ald\u0131k ve hepsi tamamen memnundu. Bu y\u00fczden hemen e-posta ile detayl\u0131 bilgi ald\u0131k ve her sorumuza an\u0131nda cevap verildi. Sonunda 25 Kas\u0131m\u2019da \u0130stanbul\u2019da ameliyat\u0131m\u0131z\u0131 yapt\u0131rd\u0131k. U\u00e7u\u015f, ameliyat, otel: Her \u015fey A\u2019dan Z\u2019ye m\u00fckemmel \u015fekilde organize edilmi\u015fti. Her zaman yan\u0131m\u0131zda, m\u00fckemmel y\u00fcksek Almanca veya \u0130svi\u00e7re Almancas\u0131 konu\u015fabilen birisi vard\u0131. Bu \u00e7ok rahatlat\u0131c\u0131yd\u0131. Ayr\u0131ca EyeStar Klini\u011fi\u2019nde ayn\u0131 g\u00fcn g\u00f6zlerini lazerle tedavi ettiren 3 \u0130svi\u00e7reli daha ile tan\u0131\u015ft\u0131k. Bu \u00e7ok motive ediciydi ve herkes di\u011ferinin karar\u0131n\u0131 destekliyordu. \u00d6n muayeneler \u00e7ok titizlikle yap\u0131ld\u0131 ve t\u00fcm personel bize \u00e7ok iyi bir izlenim b\u0131rakt\u0131. \u00d6zellikle hi\u00e7 dil problemi ya\u015fanmamas\u0131 harikayd\u0131. Havaliman\u0131ndan otele, otelden klini\u011fe ve geri d\u00f6n\u00fc\u015f transferi de kusursuzdu. Kesinlikle cesaret etti\u011fimiz i\u00e7in mutluyuz ve g\u00f6zlerimizin sonu\u00e7lar\u0131ndan \u00e7ok memnunuz. Nadja ve Sepp Arnold, Goldingen \/ Kas\u0131m 2007 \u00d6nceki Rapor Sonraki Rapor<\/p>\n","protected":false},"author":4,"featured_media":0,"parent":4243,"menu_order":0,"comment_status":"closed","ping_status":"closed","template":"","meta":{"_joinchat":[],"footnotes":""},"class_list":["post-4424","page","type-page","status-publish","hentry"],"acf":[],"_links":{"self":[{"href":"https:\/\/medicaltravel.at\/tr\/wp-json\/wp\/v2\/pages\/4424","targetHints":{"allow":["GET"]}}],"collection":[{"href":"https:\/\/medicaltravel.at\/tr\/wp-json\/wp\/v2\/pages"}],"about":[{"href":"https:\/\/medicaltravel.at\/tr\/wp-json\/wp\/v2\/types\/page"}],"author":[{"embeddable":true,"href":"https:\/\/medicaltravel.at\/tr\/wp-json\/wp\/v2\/users\/4"}],"replies":[{"embeddable":true,"href":"https:\/\/medicaltravel.at\/tr\/wp-json\/wp\/v2\/comments?post=4424"}],"version-history":[{"count":3,"href":"https:\/\/medicaltravel.at\/tr\/wp-json\/wp\/v2\/pages\/4424\/revisions"}],"predecessor-version":[{"id":5533,"href":"https:\/\/medicaltravel.at\/tr\/wp-json\/wp\/v2\/pages\/4424\/revisions\/5533"}],"up":[{"embeddable":true,"href":"https:\/\/medicaltravel.at\/tr\/wp-json\/wp\/v2\/pages\/4243"}],"wp:attachment":[{"href":"https:\/\/medicaltravel.at\/tr\/wp-json\/wp\/v2\/media?parent=4424"}],"curies":[{"name":"wp","href":"https:\/\/api.w.org\/{rel}","templated":true}]}}