{"id":4422,"date":"2025-09-28T11:26:23","date_gmt":"2025-09-28T10:26:23","guid":{"rendered":"https:\/\/medicaltravel.at\/hasta-hikayeleri\/eski-hasta-raporlari\/lasik-tuerkiye-hasta-raporu-20-mart-2007-sali-tarihli-rapor\/"},"modified":"2026-01-13T18:20:52","modified_gmt":"2026-01-13T17:20:52","slug":"lasik-tuerkiye-hasta-raporu-20-mart-2007-sali-tarihli-rapor","status":"publish","type":"page","link":"https:\/\/medicaltravel.at\/tr\/hasta-hikayeleri\/eski-hasta-raporlari\/lasik-tuerkiye-hasta-raporu-20-mart-2007-sali-tarihli-rapor\/","title":{"rendered":"LASIK T\u00fcrkiye Hasta Raporu \u2013 20 Mart 2007 Sal\u0131 tarihli rapor"},"content":{"rendered":"\n<h3 class=\"wp-block-heading\">LASIK T\u00fcrkiye Hasta Raporu \u2013 20 Mart 2007 Sal\u0131 tarihli rapor<\/h3>\n\n\n\n<p>Hastam\u0131z Bayan Pleschinger, anketimizi 20 Mart tarihinde \u015f\u00f6yle doldurdu:<\/p>\n\n\n\n<p>Hasta Anketi<\/p>\n\n\n\n<p>Karar S\u00fcreci<br>-1 G\u00f6zlerinizi yurt d\u0131\u015f\u0131nda lazerle tedavi ettirmeye nas\u0131l karar verdiniz?<br>Facts dergisindeki bir rapor, internetten al\u0131nan bilgiler<\/p>\n\n\n\n<p>-2 Bizi nas\u0131l tercih ettiniz?<br>\u0130nternet<\/p>\n\n\n\n<p>-3 \u015eirketimizle ilgili sizi en \u00e7ok etkileyen \u015fey neydi?<br>T\u00fcm organizasyonun \u00fcstlenilmesi, \u0130svi\u00e7re\u2019de \u00f6n ve sonras\u0131 kontrollerin garanti edilmesi. Fiyat <\/p>\n\n\n\n<p>-4 Swisslasik.ch gibi ba\u015fka sa\u011flay\u0131c\u0131lar buldunuz mu? Swisslasik.ch\u2019i farkl\u0131 k\u0131lan ne oldu? <br>Ba\u015fka sa\u011flay\u0131c\u0131lar\u0131 ara\u015ft\u0131rmad\u0131m.<\/p>\n\n\n\n<p>-5 H\u00e2l\u00e2 bir\u00e7ok ki\u015fi g\u00f6zlerini \u0130stanbul\u2019da lazerle tedavi ettirmekten \u00e7ekiniyor. Swisslasik.ch bu ki\u015filere nas\u0131l daha iyi ula\u015fabilir? <br>Belki de birden fazla hasta deneyimlerinin payla\u015f\u0131lmas\u0131yla.<\/p>\n\n\n\n<p>Otel<br>-6 Resepsiyonda Almanca veya \u0130ngilizce konu\u015fan biri var m\u0131yd\u0131?<br>Almanca konu\u015fan yoktu, \u0130ngilizceyi de herkes bilmiyordu, ama yine de anla\u015fabildik!<\/p>\n\n\n\n<p>-7 Otel ve oda temiz miydi?<br>Evet<\/p>\n\n\n\n<p>-8 \u00c7al\u0131\u015fanlar yard\u0131mc\u0131 ve samimi miydi?<br>Evet, sadece oda servisi biraz yetersizdi; sipari\u015f edilen yemek \u00e7ok ge\u00e7 geldi ve so\u011fuktu!<\/p>\n\n\n\n<p>-9 Kahvalt\u0131 iyiydi, uygun muydu?<br>Evet<\/p>\n\n\n\n<p>-10 Rahat bir \u015fekilde uyuyabildiniz mi?<br>Pazar g\u00fcn\u00fc restoranda bir parti vard\u0131 ve bu ses odam\u0131za kadar geliyordu, onun d\u0131\u015f\u0131nda ise her \u015fey olduk\u00e7a sakindi.<\/p>\n\n\n\n<p>-11 Sizden ekstra \u00fccret istendi mi?<br>Hay\u0131r<\/p>\n\n\n\n<p>-12 Otelden genel olarak ne kadar memnunsunuz? (1\u2019den 5\u2019e kadar bir say\u0131 veriniz)<br>4 <\/p>\n\n\n\n<p>Kar\u015f\u0131lama Hizmeti<br>-13 Ki\u015fi ge\u00e7 kald\u0131 m\u0131? E\u011fer evet, ne kadar?<br>Evet, yakla\u015f\u0131k 10 dakika. Ama beni arad\u0131 ve bilgi verdi, b\u00f6ylece biraz gecikece\u011fini biliyorduk.  <\/p>\n\n\n\n<p>-14 Her zaman yan\u0131n\u0131zdayd\u0131m\u0131d\u0131, yard\u0131mc\u0131 ve samimi miydi?<br> <br><br>Evet, ilgi ve servis m\u00fckemmeldi.<\/p>\n\n\n\n<p>-15 Size her seferinde otel ile hastane aras\u0131nda e\u015flik etti mi?<br>Evet<\/p>\n\n\n\n<p>-16 Araba iyi kullan\u0131ld\u0131 m\u0131?<br> <br><br>Evet<\/p>\n\n\n\n<p>-17 Bagaj\u0131n\u0131z i\u00e7in yer problemi ya\u015fad\u0131n\u0131z m\u0131?<br>Hay\u0131r<\/p>\n\n\n\n<p>-18 Genel olarak alma servisinden ne kadar memnunsunuz? (l\u00fctfen 1\u2019den 5\u2019e kadar bir say\u0131 verin)<br>5 <\/p>\n\n\n\n<p>Klinik<br>-19 Nedenini bilmeden saatlerce beklemek zorunda kald\u0131n\u0131z m\u0131?<br>Hay\u0131r<\/p>\n\n\n\n<p>-20 Personel ve doktor taraf\u0131ndan iyi kar\u015f\u0131land\u0131n\u0131z m\u0131?<br>Evet, herkes \u00e7ok nazikti ve bize iyi bakt\u0131.<\/p>\n\n\n\n<p>-21 Ameliyat \u00f6ncesinde size yeterli bilgi verildi mi?<br>Evet, bir \u015fey anla\u015f\u0131lmad\u0131\u011f\u0131nda her zaman sorulabiliyordu.<\/p>\n\n\n\n<p>-22 Ameliyat sonucundan ne kadar memnunsunuz?<br>\u00c7ok Memnunum.<\/p>\n\n\n\n<p>-23 Size Almanca konu\u015fan biri e\u015flik etti mi?<br>Evet, her zaman birisi vard\u0131 ve bu sayede hi\u00e7 ileti\u015fim sorunu ya\u015fanmad\u0131. Doktorla \u0130ngilizce konu\u015ftuk, ama orada da \u00e7eviri yapacak biri her zaman yan\u0131m\u0131zdayd\u0131.<\/p>\n\n\n\n<p>-24 Size ek masraflar yans\u0131t\u0131ld\u0131 m\u0131?<br>Hay\u0131r<\/p>\n\n\n\n<p>-25 Klinikten genel olarak ne kadar memnunsunuz? (1\u2019den 5\u2019e kadar bir say\u0131 veriniz)<br>5+++ <\/p>\n\n\n\n<p>Swisslasikpass<br>-26 Swisslasikpassta hangi bilgileri faydal\u0131 buldunuz?<br>Swisslasikpassta t\u00fcm bilgiler faydal\u0131yd\u0131, maalesef pasaport elimde da\u011f\u0131ld\u0131!<\/p>\n\n\n\n<p>-27 Swisslasikpassta hangi bilgileri gereksiz buluyorsunuz?<br> <br><br>Hi\u00e7biri.<\/p>\n\n\n\n<p>-28 Yanl\u0131\u015f bilgiler var m\u0131?<br>Hay\u0131r<\/p>\n\n\n\n<p>-29 Biz neyi daha iyi yapabiliriz?<br>Onu oldu\u011fu gibi \u00e7ok iyi buluyorum.<\/p>\n\n\n\n<p>Swisslasik.ch<br>-30 \u00d6zellikle ne iyiydi?<br>Her \u015fey \u00e7ok iyi, h\u0131zl\u0131 ve sorunsuz ilerledi. Her \u015feyden \u00e7ok memnunduk. Sorular oldu\u011funda her zaman ula\u015f\u0131labiliyor ve cevaplar daima \u00e7ok h\u0131zl\u0131 geliyordu.  <\/p>\n\n\n\n<p>-31 \u00d6zellikle ne k\u00f6t\u00fcyd\u00fc?<br>\u2014 (Hi\u00e7 olumsuz bir \u015fey yok)<\/p>\n\n\n\n<p>-32 Biz neyi daha iyi yapabiliriz?<\/p>\n\n\n\n<p>-33 Bizden genel olarak ne kadar memnunsunuz? (1\u2019den 5\u2019e kadar bir say\u0131 veriniz)<br>5 <\/p>\n\n\n\n<p>-34 Bizi ba\u015fkalar\u0131na tavsiye eder misiniz?<br>Evet<\/p>\n\n\n\n<p>-35 Cevaplar\u0131n\u0131z\u0131 forum.swisslasik.ch sitesinde yay\u0131mlayabilir miyiz?<br>Evet<\/p>\n\n\n\n<p>-36 Telefon numaran\u0131z\u0131 \/ e-posta adresinizi, swisslasik.ch ile konu\u015fmak isteyen ilgililere verebilir miyiz?<br>Evet, ama l\u00fctfen sadece e-posta adresi XXXXXXX* kullan\u0131ls\u0131n; kesinlikle cevap verece\u011fim.<\/p>\n\n\n\n<p>*Swisslasik.ch hastalar\u0131 i\u00e7in veri koruma. E-posta adresi talep \u00fczerine payla\u015f\u0131l\u0131r____Admin forum.swisslasik.ch <\/p>\n\n\n\n<div class=\"wp-block-group is-layout-grid wp-container-core-group-is-layout-baef362d wp-block-group-is-layout-grid\">\n<p><a href=\"https:\/\/medicaltravel.at\/home\/agb\/\" data-type=\"page\" data-id=\"2191\"><\/a><a href=\"https:\/\/medicaltravel.at\/tr\/hasta-hikayeleri\/eski-hasta-raporlari\/goez-lazeri-tuerkiye-anketi-24-mart-2007-cumartesi-tarihli-rapor\/\" data-type=\"link\" data-id=\"https:\/\/medicaltravel.at\/tr\/hasta-hikayeleri\/eski-hasta-raporlari\/goez-lazeri-tuerkiye-anketi-24-mart-2007-cumartesi-tarihli-rapor\/\">\u00d6nceki Rapor<\/a><\/p>\n\n\n\n<p class=\"has-text-align-right wp-container-content-5e2576f9\"><a href=\"https:\/\/medicaltravel.at\/home\/impressum\/\" data-type=\"page\" data-id=\"2193\"><\/a><a href=\"https:\/\/medicaltravel.at\/home\/berichte-von-patienten\/erfahrungsberichte\/erfahrungsbericht-zahnbehandlung-in-istanbul\/\" data-type=\"page\" data-id=\"981\"><\/a><a href=\"https:\/\/medicaltravel.at\/tr\/hasta-hikayeleri\/eski-hasta-raporlari\/goez-lazeri-deneyim-raporu-istanbul-29-ocak-2007-pazartesi-tarihli-rapor\/\" data-type=\"link\" data-id=\"https:\/\/medicaltravel.at\/berichte-von-patienten\/altere-patientenberichte\/erfahrungsbericht-augenlaser-istanbul-bericht-vom-montag-29-januar-2007\/\">Sonraki Rapor<\/a><\/p>\n<\/div>\n","protected":false},"excerpt":{"rendered":"<p>LASIK T\u00fcrkiye Hasta Raporu \u2013 20 Mart 2007 Sal\u0131 tarihli rapor Hastam\u0131z Bayan Pleschinger, anketimizi 20 Mart tarihinde \u015f\u00f6yle doldurdu: Hasta Anketi Karar S\u00fcreci-1 G\u00f6zlerinizi yurt d\u0131\u015f\u0131nda lazerle tedavi ettirmeye nas\u0131l karar verdiniz?Facts dergisindeki bir rapor, internetten al\u0131nan bilgiler -2 Bizi nas\u0131l tercih ettiniz?\u0130nternet -3 \u015eirketimizle ilgili sizi en \u00e7ok etkileyen \u015fey neydi?T\u00fcm organizasyonun \u00fcstlenilmesi, \u0130svi\u00e7re\u2019de \u00f6n ve sonras\u0131 kontrollerin garanti edilmesi. Fiyat -4 Swisslasik.ch gibi ba\u015fka sa\u011flay\u0131c\u0131lar buldunuz mu? Swisslasik.ch\u2019i farkl\u0131 k\u0131lan ne oldu? Ba\u015fka sa\u011flay\u0131c\u0131lar\u0131 ara\u015ft\u0131rmad\u0131m. -5 H\u00e2l\u00e2 bir\u00e7ok ki\u015fi g\u00f6zlerini \u0130stanbul\u2019da lazerle tedavi ettirmekten \u00e7ekiniyor. Swisslasik.ch bu ki\u015filere nas\u0131l daha iyi ula\u015fabilir? Belki de birden fazla hasta deneyimlerinin payla\u015f\u0131lmas\u0131yla. Otel-6 Resepsiyonda Almanca veya \u0130ngilizce konu\u015fan biri var m\u0131yd\u0131?Almanca konu\u015fan yoktu, \u0130ngilizceyi de herkes bilmiyordu, ama yine de anla\u015fabildik! -7 Otel ve oda temiz miydi?Evet -8 \u00c7al\u0131\u015fanlar yard\u0131mc\u0131 ve samimi miydi?Evet, sadece oda servisi biraz yetersizdi; sipari\u015f edilen yemek \u00e7ok ge\u00e7 geldi ve so\u011fuktu! -9 Kahvalt\u0131 iyiydi, uygun muydu?Evet -10 Rahat bir \u015fekilde uyuyabildiniz mi?Pazar g\u00fcn\u00fc restoranda bir parti vard\u0131 ve bu ses odam\u0131za kadar geliyordu, onun d\u0131\u015f\u0131nda ise her \u015fey olduk\u00e7a sakindi. -11 Sizden ekstra \u00fccret istendi mi?Hay\u0131r -12 Otelden genel olarak ne kadar memnunsunuz? (1\u2019den 5\u2019e kadar bir say\u0131 veriniz)4 Kar\u015f\u0131lama Hizmeti-13 Ki\u015fi ge\u00e7 kald\u0131 m\u0131? E\u011fer evet, ne kadar?Evet, yakla\u015f\u0131k 10 dakika. Ama beni arad\u0131 ve bilgi verdi, b\u00f6ylece biraz gecikece\u011fini biliyorduk. -14 Her zaman yan\u0131n\u0131zdayd\u0131m\u0131d\u0131, yard\u0131mc\u0131 ve samimi miydi? Evet, ilgi ve servis m\u00fckemmeldi. -15 Size her seferinde otel ile hastane aras\u0131nda e\u015flik etti mi?Evet -16 Araba iyi kullan\u0131ld\u0131 m\u0131? Evet -17 Bagaj\u0131n\u0131z i\u00e7in yer problemi ya\u015fad\u0131n\u0131z m\u0131?Hay\u0131r -18 Genel olarak alma servisinden ne kadar memnunsunuz? (l\u00fctfen 1\u2019den 5\u2019e kadar bir say\u0131 verin)5 Klinik-19 Nedenini bilmeden saatlerce beklemek zorunda kald\u0131n\u0131z m\u0131?Hay\u0131r -20 Personel ve doktor taraf\u0131ndan iyi kar\u015f\u0131land\u0131n\u0131z m\u0131?Evet, herkes \u00e7ok nazikti ve bize iyi bakt\u0131. -21 Ameliyat \u00f6ncesinde size yeterli bilgi verildi mi?Evet, bir \u015fey anla\u015f\u0131lmad\u0131\u011f\u0131nda her zaman sorulabiliyordu. -22 Ameliyat sonucundan ne kadar memnunsunuz?\u00c7ok Memnunum. -23 Size Almanca konu\u015fan biri e\u015flik etti mi?Evet, her zaman birisi vard\u0131 ve bu sayede hi\u00e7 ileti\u015fim sorunu ya\u015fanmad\u0131. Doktorla \u0130ngilizce konu\u015ftuk, ama orada da \u00e7eviri yapacak biri her zaman yan\u0131m\u0131zdayd\u0131. -24 Size ek masraflar yans\u0131t\u0131ld\u0131 m\u0131?Hay\u0131r -25 Klinikten genel olarak ne kadar memnunsunuz? (1\u2019den 5\u2019e kadar bir say\u0131 veriniz)5+++ Swisslasikpass-26 Swisslasikpassta hangi bilgileri faydal\u0131 buldunuz?Swisslasikpassta t\u00fcm bilgiler faydal\u0131yd\u0131, maalesef pasaport elimde da\u011f\u0131ld\u0131! -27 Swisslasikpassta hangi bilgileri gereksiz buluyorsunuz? Hi\u00e7biri. -28 Yanl\u0131\u015f bilgiler var m\u0131?Hay\u0131r -29 Biz neyi daha iyi yapabiliriz?Onu oldu\u011fu gibi \u00e7ok iyi buluyorum. Swisslasik.ch-30 \u00d6zellikle ne iyiydi?Her \u015fey \u00e7ok iyi, h\u0131zl\u0131 ve sorunsuz ilerledi. Her \u015feyden \u00e7ok memnunduk. Sorular oldu\u011funda her zaman ula\u015f\u0131labiliyor ve cevaplar daima \u00e7ok h\u0131zl\u0131 geliyordu. -31 \u00d6zellikle ne k\u00f6t\u00fcyd\u00fc?\u2014 (Hi\u00e7 olumsuz bir \u015fey yok) -32 Biz neyi daha iyi yapabiliriz? -33 Bizden genel olarak ne kadar memnunsunuz? (1\u2019den 5\u2019e kadar bir say\u0131 veriniz)5 -34 Bizi ba\u015fkalar\u0131na tavsiye eder misiniz?Evet -35 Cevaplar\u0131n\u0131z\u0131 forum.swisslasik.ch sitesinde yay\u0131mlayabilir miyiz?Evet -36 Telefon numaran\u0131z\u0131 \/ e-posta adresinizi, swisslasik.ch ile konu\u015fmak isteyen ilgililere verebilir miyiz?Evet, ama l\u00fctfen sadece e-posta adresi XXXXXXX* kullan\u0131ls\u0131n; kesinlikle cevap verece\u011fim. *Swisslasik.ch hastalar\u0131 i\u00e7in veri koruma. E-posta adresi talep \u00fczerine payla\u015f\u0131l\u0131r____Admin forum.swisslasik.ch \u00d6nceki Rapor Sonraki Rapor<\/p>\n","protected":false},"author":4,"featured_media":0,"parent":4243,"menu_order":0,"comment_status":"closed","ping_status":"closed","template":"","meta":{"_joinchat":[],"footnotes":""},"class_list":["post-4422","page","type-page","status-publish","hentry"],"acf":[],"_links":{"self":[{"href":"https:\/\/medicaltravel.at\/tr\/wp-json\/wp\/v2\/pages\/4422","targetHints":{"allow":["GET"]}}],"collection":[{"href":"https:\/\/medicaltravel.at\/tr\/wp-json\/wp\/v2\/pages"}],"about":[{"href":"https:\/\/medicaltravel.at\/tr\/wp-json\/wp\/v2\/types\/page"}],"author":[{"embeddable":true,"href":"https:\/\/medicaltravel.at\/tr\/wp-json\/wp\/v2\/users\/4"}],"replies":[{"embeddable":true,"href":"https:\/\/medicaltravel.at\/tr\/wp-json\/wp\/v2\/comments?post=4422"}],"version-history":[{"count":3,"href":"https:\/\/medicaltravel.at\/tr\/wp-json\/wp\/v2\/pages\/4422\/revisions"}],"predecessor-version":[{"id":5866,"href":"https:\/\/medicaltravel.at\/tr\/wp-json\/wp\/v2\/pages\/4422\/revisions\/5866"}],"up":[{"embeddable":true,"href":"https:\/\/medicaltravel.at\/tr\/wp-json\/wp\/v2\/pages\/4243"}],"wp:attachment":[{"href":"https:\/\/medicaltravel.at\/tr\/wp-json\/wp\/v2\/media?parent=4422"}],"curies":[{"name":"wp","href":"https:\/\/api.w.org\/{rel}","templated":true}]}}