{"id":4420,"date":"2025-09-28T11:10:41","date_gmt":"2025-09-28T10:10:41","guid":{"rendered":"https:\/\/medicaltravel.at\/hasta-hikayeleri\/eski-hasta-raporlari\/goez-lazeri-yolculugumla-ilgili-notlarim-19-ekim-2008-pazar-tarihli-rapor\/"},"modified":"2026-01-13T17:53:24","modified_gmt":"2026-01-13T16:53:24","slug":"goez-lazeri-yolculugumla-ilgili-notlarim-19-ekim-2008-pazar-tarihli-rapor","status":"publish","type":"page","link":"https:\/\/medicaltravel.at\/tr\/hasta-hikayeleri\/eski-hasta-raporlari\/goez-lazeri-yolculugumla-ilgili-notlarim-19-ekim-2008-pazar-tarihli-rapor\/","title":{"rendered":"G\u00f6z lazeri Yolculu\u011fumla \u0130lgili Notlar\u0131m \u2013 19 Ekim 2008 Pazar tarihli rapor"},"content":{"rendered":"\n<h3 class=\"wp-block-heading\">G\u00f6z Lazeri Yolculu\u011fumla \u0130lgili Notlar\u0131m \u2013 19 Ekim 2008 Pazar tarihli rapor<\/h3>\n\n\n\n<p>Motivasyonlar \/ Sebepler<\/p>\n\n\n\n<p>Bir s\u00fcredir g\u00f6zlerimi ameliyat ettirmeyi d\u00fc\u015f\u00fcn\u00fcyordum. G\u00f6rme yard\u0131mc\u0131lar\u0131 olmadan (\u00e7o\u011funlukla lens kullan\u0131yordum) hayat\u0131m\u0131 s\u00fcrd\u00fcrmek benim i\u00e7in \u00e7ok daha rahat olurdu. \u00c7ok spor yap\u0131yorum, g\u00fcnde birka\u00e7 saat bilgisayar ba\u015f\u0131nda oturuyorum ve s\u0131k s\u0131k motosiklet kullan\u0131yorum. T\u00fcm bu aktivitelerde (ve daha pek \u00e7ok durumda) lenslerim ve g\u00f6zl\u00fcklerim zaman zaman engel oluyordu. Ayr\u0131ca bir operasyon sayesinde y\u0131ll\u0131k lens ve g\u00f6zl\u00fck cam\u0131 masraflar\u0131ndan tasarruf edebilirim. \u0130yi d\u00fc\u015f\u00fcnd\u00fckten ve \u00e7e\u015fitli ki\u015filerle konu\u015ftuktan sonra, birka\u00e7 kar\u015f\u0131la\u015ft\u0131rma yapt\u0131ktan sonra g\u00f6zlerimi \u0130stanbul\u2019daki EYE Star Klini\u011fi\u2019nde lazerle tedavi ettirmeye karar verdim.     <\/p>\n\n\n\n<p>\u0130svi\u00e7re\u2019deki ba\u011flant\u0131m<\/p>\n\n\n\n<p>Serdar Karaa\u011fa\u00e7l\u0131 &#8211; Leoni, Swisslasik\u2019ten, t\u00fcm s\u00fcre\u00e7 boyunca benim ana ileti\u015fim ki\u015fimdi. \u00c7ok sab\u0131rl\u0131 bir insan ve en son soruma kadar (ki birka\u00e7 tane vard\u0131) t\u00fcm sorular\u0131m\u0131 yan\u0131tlad\u0131. Ayn\u0131 zamanda operasyonun t\u00fcm organizasyonunu Swisslasik arac\u0131l\u0131\u011f\u0131yla bana sa\u011flayan ki\u015fi de oydu.  <\/p>\n\n\n\n<p>Hadi \u0130stanbul\u2019a!<\/p>\n\n\n\n<p>Zaman b\u00f6yle ge\u00e7ti ve k\u0131sa s\u00fcre sonra, 3 Ekim 2008 Cuma g\u00fcn\u00fc annem, erkek arkada\u015f\u0131m ve onun k\u0131z\u0131yla birlikte Turkish Airlines u\u00e7a\u011f\u0131yla \u0130stanbul\u2019a oturmu\u015ftum. T\u00fcm yolculuk boyunca tek can s\u0131k\u0131c\u0131 an, T\u00fcrkiye\u2019deki pasaport kontrol\u00fcnde s\u0131rada beklemek oldu. Ancak \u0130stanbul\u2019daki ileti\u015fim ki\u015fim, havaliman\u0131 g\u00fcmr\u00fck \u00e7\u0131k\u0131\u015f\u0131nda beni bekliyordu ve d\u00f6rt g\u00fcnl\u00fck evimiz olarak kalaca\u011f\u0131m\u0131z yere Mercedes bir minib\u00fcsle g\u00f6t\u00fcr\u00fcld\u00fck. \u0130zleyen iki g\u00fcn boyunca, T\u00fcrk metropol\u00fcn\u00fcn \u00f6nemli yerlerini gezdik, \u00e7e\u015fitli enfes lezzetlerin tad\u0131na bakt\u0131k, etkileyici yap\u0131larla keyiflendik ve 6 saatlik bir Kapal\u0131\u00e7ar\u015f\u0131 al\u0131\u015fveri\u015fi yapt\u0131k.   <\/p>\n\n\n\n<p>Ameliyat<\/p>\n\n\n\n<p>Pazartesi g\u00fcn\u00fc saat 11 civar\u0131nda dairemizden al\u0131nd\u0131k ve klini\u011fe g\u00f6t\u00fcr\u00fcld\u00fck. Kar\u015f\u0131lama ve ilgi m\u00fckemmeldi. Dostane, stressiz ve konforlu atmosfer, ameliyat \u00f6ncesi beni tamamen rahatlatm\u0131\u015ft\u0131. Baz\u0131 \u00f6n muayeneler, doktorla bir g\u00f6r\u00fc\u015fme ve \u00f6\u011fle yeme\u011finin ard\u0131ndan ameliyat oldum. Hi\u00e7bir \u015fey hissetmedim ve sadece doktorun sakin talimatlar\u0131n\u0131 takip ettim. Ameliyattan sonra \u015fimdiden g\u00f6rme yard\u0131mc\u0131lar\u0131 olmadan g\u00f6rebiliyordum. G\u00f6zler biraz yan\u0131yordu ama bu tamamen dayan\u0131labilir bir durumdu. G\u00f6z damlalar\u0131 bu rahats\u0131z edici hissi yat\u0131\u015ft\u0131r\u0131yor.       <\/p>\n\n\n\n<p>\u0130svi\u00e7re\u2019ye D\u00f6n\u00fc\u015f<\/p>\n\n\n\n<p>A\u011fr\u0131s\u0131z bir gecenin ard\u0131ndan ertesi sabah ilk kontrol i\u00e7in al\u0131nd\u0131m. Ard\u0131ndan Sal\u0131 \u00f6\u011fleden sonra tekrar eve, \u0130svi\u00e7re\u2019ye u\u00e7tuk. \u0130svi\u00e7re\u2019ye d\u00f6nd\u00fckten bir hafta sonra, Z\u00fcrih\u2019te ikinci kontrol\u00fcm\u00fc yapt\u0131rd\u0131m. Ba\u011f\u0131ms\u0131z doktor her \u015feyin m\u00fckemmel oldu\u011funu s\u00f6yledi.   <\/p>\n\n\n\n<p>Her iki g\u00f6z\u00fcmle de %100 g\u00f6r\u00fcyorum \u2013 ve bu ger\u00e7ekten harika. G\u00f6zl\u00fc\u011f\u00fcm\u00fc \u015fimdiden \u0130stanbul\u2019da b\u0131rakm\u0131\u015f bulunuyorum. <\/p>\n\n\n\n<p>V. Rohrer, 15.10.2008<\/p>\n\n\n\n<div class=\"wp-block-group is-layout-grid wp-container-core-group-is-layout-baef362d wp-block-group-is-layout-grid\">\n<p><a href=\"https:\/\/medicaltravel.at\/home\/agb\/\" data-type=\"page\" data-id=\"2191\"><\/a><a href=\"https:\/\/medicaltravel.at\/tr\/hasta-hikayeleri\/eski-hasta-raporlari\/sevincten-agladim-28-ekim-2008-sali-tarihli-rapor\/\" data-type=\"link\" data-id=\"https:\/\/medicaltravel.at\/tr\/hasta-hikayeleri\/eski-hasta-raporlari\/sevincten-agladim-28-ekim-2008-sali-tarihli-rapor\/\">\u00d6nceki Rapor<\/a><\/p>\n\n\n\n<p class=\"has-text-align-right wp-container-content-5e2576f9\"><a href=\"https:\/\/medicaltravel.at\/home\/impressum\/\" data-type=\"page\" data-id=\"2193\"><\/a><a href=\"https:\/\/medicaltravel.at\/home\/berichte-von-patienten\/erfahrungsberichte\/erfahrungsbericht-zahnbehandlung-in-istanbul\/\" data-type=\"page\" data-id=\"981\"><\/a><a href=\"https:\/\/medicaltravel.at\/tr\/hasta-hikayeleri\/eski-hasta-raporlari\/goez-lazeri-deneyim-raporu-istanbulda-19-ekim-2008-pazar-tarihli-rapor\/\" data-type=\"link\" data-id=\"https:\/\/medicaltravel.at\/berichte-von-patienten\/altere-patientenberichte\/erlebnisbericht-augen-laser-in-istanbul-bericht-vom-sonntag-19-oktober-2008\/\">Sonraki Rapor<\/a><\/p>\n<\/div>\n","protected":false},"excerpt":{"rendered":"<p>G\u00f6z Lazeri Yolculu\u011fumla \u0130lgili Notlar\u0131m \u2013 19 Ekim 2008 Pazar tarihli rapor Motivasyonlar \/ Sebepler Bir s\u00fcredir g\u00f6zlerimi ameliyat ettirmeyi d\u00fc\u015f\u00fcn\u00fcyordum. G\u00f6rme yard\u0131mc\u0131lar\u0131 olmadan (\u00e7o\u011funlukla lens kullan\u0131yordum) hayat\u0131m\u0131 s\u00fcrd\u00fcrmek benim i\u00e7in \u00e7ok daha rahat olurdu. \u00c7ok spor yap\u0131yorum, g\u00fcnde birka\u00e7 saat bilgisayar ba\u015f\u0131nda oturuyorum ve s\u0131k s\u0131k motosiklet kullan\u0131yorum. T\u00fcm bu aktivitelerde (ve daha pek \u00e7ok durumda) lenslerim ve g\u00f6zl\u00fcklerim zaman zaman engel oluyordu. Ayr\u0131ca bir operasyon sayesinde y\u0131ll\u0131k lens ve g\u00f6zl\u00fck cam\u0131 masraflar\u0131ndan tasarruf edebilirim. \u0130yi d\u00fc\u015f\u00fcnd\u00fckten ve \u00e7e\u015fitli ki\u015filerle konu\u015ftuktan sonra, birka\u00e7 kar\u015f\u0131la\u015ft\u0131rma yapt\u0131ktan sonra g\u00f6zlerimi \u0130stanbul\u2019daki EYE Star Klini\u011fi\u2019nde lazerle tedavi ettirmeye karar verdim. \u0130svi\u00e7re\u2019deki ba\u011flant\u0131m Serdar Karaa\u011fa\u00e7l\u0131 &#8211; Leoni, Swisslasik\u2019ten, t\u00fcm s\u00fcre\u00e7 boyunca benim ana ileti\u015fim ki\u015fimdi. \u00c7ok sab\u0131rl\u0131 bir insan ve en son soruma kadar (ki birka\u00e7 tane vard\u0131) t\u00fcm sorular\u0131m\u0131 yan\u0131tlad\u0131. Ayn\u0131 zamanda operasyonun t\u00fcm organizasyonunu Swisslasik arac\u0131l\u0131\u011f\u0131yla bana sa\u011flayan ki\u015fi de oydu. Hadi \u0130stanbul\u2019a! Zaman b\u00f6yle ge\u00e7ti ve k\u0131sa s\u00fcre sonra, 3 Ekim 2008 Cuma g\u00fcn\u00fc annem, erkek arkada\u015f\u0131m ve onun k\u0131z\u0131yla birlikte Turkish Airlines u\u00e7a\u011f\u0131yla \u0130stanbul\u2019a oturmu\u015ftum. T\u00fcm yolculuk boyunca tek can s\u0131k\u0131c\u0131 an, T\u00fcrkiye\u2019deki pasaport kontrol\u00fcnde s\u0131rada beklemek oldu. Ancak \u0130stanbul\u2019daki ileti\u015fim ki\u015fim, havaliman\u0131 g\u00fcmr\u00fck \u00e7\u0131k\u0131\u015f\u0131nda beni bekliyordu ve d\u00f6rt g\u00fcnl\u00fck evimiz olarak kalaca\u011f\u0131m\u0131z yere Mercedes bir minib\u00fcsle g\u00f6t\u00fcr\u00fcld\u00fck. \u0130zleyen iki g\u00fcn boyunca, T\u00fcrk metropol\u00fcn\u00fcn \u00f6nemli yerlerini gezdik, \u00e7e\u015fitli enfes lezzetlerin tad\u0131na bakt\u0131k, etkileyici yap\u0131larla keyiflendik ve 6 saatlik bir Kapal\u0131\u00e7ar\u015f\u0131 al\u0131\u015fveri\u015fi yapt\u0131k. Ameliyat Pazartesi g\u00fcn\u00fc saat 11 civar\u0131nda dairemizden al\u0131nd\u0131k ve klini\u011fe g\u00f6t\u00fcr\u00fcld\u00fck. Kar\u015f\u0131lama ve ilgi m\u00fckemmeldi. Dostane, stressiz ve konforlu atmosfer, ameliyat \u00f6ncesi beni tamamen rahatlatm\u0131\u015ft\u0131. Baz\u0131 \u00f6n muayeneler, doktorla bir g\u00f6r\u00fc\u015fme ve \u00f6\u011fle yeme\u011finin ard\u0131ndan ameliyat oldum. Hi\u00e7bir \u015fey hissetmedim ve sadece doktorun sakin talimatlar\u0131n\u0131 takip ettim. Ameliyattan sonra \u015fimdiden g\u00f6rme yard\u0131mc\u0131lar\u0131 olmadan g\u00f6rebiliyordum. G\u00f6zler biraz yan\u0131yordu ama bu tamamen dayan\u0131labilir bir durumdu. G\u00f6z damlalar\u0131 bu rahats\u0131z edici hissi yat\u0131\u015ft\u0131r\u0131yor. \u0130svi\u00e7re\u2019ye D\u00f6n\u00fc\u015f A\u011fr\u0131s\u0131z bir gecenin ard\u0131ndan ertesi sabah ilk kontrol i\u00e7in al\u0131nd\u0131m. Ard\u0131ndan Sal\u0131 \u00f6\u011fleden sonra tekrar eve, \u0130svi\u00e7re\u2019ye u\u00e7tuk. \u0130svi\u00e7re\u2019ye d\u00f6nd\u00fckten bir hafta sonra, Z\u00fcrih\u2019te ikinci kontrol\u00fcm\u00fc yapt\u0131rd\u0131m. Ba\u011f\u0131ms\u0131z doktor her \u015feyin m\u00fckemmel oldu\u011funu s\u00f6yledi. Her iki g\u00f6z\u00fcmle de %100 g\u00f6r\u00fcyorum \u2013 ve bu ger\u00e7ekten harika. G\u00f6zl\u00fc\u011f\u00fcm\u00fc \u015fimdiden \u0130stanbul\u2019da b\u0131rakm\u0131\u015f bulunuyorum. V. Rohrer, 15.10.2008 \u00d6nceki Rapor Sonraki Rapor<\/p>\n","protected":false},"author":4,"featured_media":0,"parent":4243,"menu_order":0,"comment_status":"closed","ping_status":"closed","template":"","meta":{"_joinchat":[],"footnotes":""},"class_list":["post-4420","page","type-page","status-publish","hentry"],"acf":[],"_links":{"self":[{"href":"https:\/\/medicaltravel.at\/tr\/wp-json\/wp\/v2\/pages\/4420","targetHints":{"allow":["GET"]}}],"collection":[{"href":"https:\/\/medicaltravel.at\/tr\/wp-json\/wp\/v2\/pages"}],"about":[{"href":"https:\/\/medicaltravel.at\/tr\/wp-json\/wp\/v2\/types\/page"}],"author":[{"embeddable":true,"href":"https:\/\/medicaltravel.at\/tr\/wp-json\/wp\/v2\/users\/4"}],"replies":[{"embeddable":true,"href":"https:\/\/medicaltravel.at\/tr\/wp-json\/wp\/v2\/comments?post=4420"}],"version-history":[{"count":2,"href":"https:\/\/medicaltravel.at\/tr\/wp-json\/wp\/v2\/pages\/4420\/revisions"}],"predecessor-version":[{"id":5855,"href":"https:\/\/medicaltravel.at\/tr\/wp-json\/wp\/v2\/pages\/4420\/revisions\/5855"}],"up":[{"embeddable":true,"href":"https:\/\/medicaltravel.at\/tr\/wp-json\/wp\/v2\/pages\/4243"}],"wp:attachment":[{"href":"https:\/\/medicaltravel.at\/tr\/wp-json\/wp\/v2\/media?parent=4420"}],"curies":[{"name":"wp","href":"https:\/\/api.w.org\/{rel}","templated":true}]}}