{"id":4418,"date":"2025-09-28T11:07:48","date_gmt":"2025-09-28T10:07:48","guid":{"rendered":"https:\/\/medicaltravel.at\/hasta-hikayeleri\/eski-hasta-raporlari\/benim-lasik-ameliyatim-istanbulda-29-aralik-2008-pazartesi-tarihli-rapor\/"},"modified":"2026-01-13T17:49:06","modified_gmt":"2026-01-13T16:49:06","slug":"benim-lasik-ameliyatim-istanbulda-29-aralik-2008-pazartesi-tarihli-rapor","status":"publish","type":"page","link":"https:\/\/medicaltravel.at\/tr\/hasta-hikayeleri\/eski-hasta-raporlari\/benim-lasik-ameliyatim-istanbulda-29-aralik-2008-pazartesi-tarihli-rapor\/","title":{"rendered":"Benim LASIK AMEL\u0130YATIM \u0130STANBUL\u2019da \u2013 29 Aral\u0131k 2008 Pazartesi Tarihli Rapor"},"content":{"rendered":"\n<h3 class=\"wp-block-heading\">Benim LASIK AMEL\u0130YATIM \u0130STANBUL\u2019da \u2013 29 Aral\u0131k 2008 Pazartesi Tarihli Rapor<\/h3>\n\n<p>Ben sportif biriyim. Bo\u015f zamanlar\u0131mda kung fu \u00e7al\u0131\u015fmay\u0131, \u00e7ok y\u00fczmeyi ya da ormanlarda ko\u015fu yapmay\u0131 severim. 3 ve 3,5 diyoptriye sahip oldu\u011fum i\u00e7in maalesef her zaman g\u00f6zl\u00fck takmak zorunda kald\u0131m. \u00d6zellikle kung fu antrenmanlar\u0131nda g\u00f6zl\u00fck s\u0131k s\u0131k engel oluyordu. Bazen antrenman salonunun i\u00e7inde u\u00e7tu\u011fu bile oluyordu. D\u0131\u015far\u0131da ya\u011fmurda ise, k\u00f6t\u00fc g\u00f6r\u00fc\u015f nedeniyle t\u00fcm aktiviteler daha da zorla\u015f\u0131yordu.<br\/>Bu nedenlerle lazer operasyonu hakk\u0131nda bilgi ald\u0131m ve \u00e7e\u015fitli teklifleri ile sa\u011flay\u0131c\u0131lar\u0131 inceledim. K\u0131z karde\u015fim y\u0131llar \u00f6nce \u0130svi\u00e7re\u2019de ameliyat oldu ve bug\u00fcn h\u00e2l\u00e2 sonu\u00e7tan \u00e7ok memnun. Arkada\u015f\u0131m ise g\u00f6z operasyonunu T\u00fcrkiye\u2019de \u00e7al\u0131\u015fma arkada\u015flar\u0131yla birlikte yapt\u0131rd\u0131 ve o da sadece iyi sonu\u00e7lardan bahsedebildi. Ne yaz\u0131k ki g\u00fcn\u00fcm\u00fczde sa\u011fl\u0131k sigortalar\u0131 art\u0131k \u00e7ok az ya da hi\u00e7 katk\u0131 pay\u0131 \u00f6demiyor. Bu y\u00fczden fiyatlar\u0131 kar\u015f\u0131la\u015ft\u0131rmak zorunda kald\u0131m ve fark\u0131n ne kadar b\u00fcy\u00fck oldu\u011funa \u015fa\u015f\u0131rd\u0131m. T\u00fcrkiye\u2019de fiyat\u2013performans oran\u0131 a\u00e7\u0131k ara en iyisi.<br\/>Daha sonra internet \u00fczerinden Swisslasik teklifini daha detayl\u0131 inceledim ve bunu arkada\u015f\u0131m ile tart\u0131\u015ft\u0131m. Benim i\u00e7in \u00e7ok g\u00fcvenilir bir izlenim b\u0131rakt\u0131 ve bu y\u00fczden Swisslasik arac\u0131l\u0131\u011f\u0131yla Z\u00fcrih\u2019te bir g\u00f6z doktorunda muayene olmaya karar verdim. Doktor g\u00f6z ameliyat\u0131 i\u00e7in onay verdi\u011finde ve t\u00fcm sorular\u0131m\u0131 yan\u0131tlad\u0131\u011f\u0131nda, bu operasyonu yapt\u0131rmam gerekti\u011fi benim i\u00e7in netle\u015fti.<br\/>\u0130stanbul\u2019a gitmeyi d\u00f6rt g\u00f6zle bekledim ve oradaki iyi organizasyondan \u00e7ok memnun kald\u0131m. G\u00fczel wellness alan\u0131na sahip otel, iyi konumu ve yak\u0131n\u0131ndaki gezilecek yerler, \u0130stanbul\u2019u bizim i\u00e7in unutulmaz bir gezi haline getirdi.<br\/>\u00d6zellikle ameliyat s\u0131ras\u0131nda \u0130svi\u00e7re Almancas\u0131yla yap\u0131lan rehberlik benim i\u00e7in b\u00fcy\u00fck bir yard\u0131m oldu. Ama t\u00fcm zaman boyunca kendimi iyi bir \u015fekilde desteklenmi\u015f hissettim ve ameliyattan sonra g\u00f6zlerin ne kadar h\u0131zl\u0131 iyile\u015fti\u011fine \u015fa\u015f\u0131rd\u0131m. Benim i\u00e7in neredeyse inan\u0131lmazd\u0131 \u2013 Cumartesi \u00f6\u011fleden sonra bu h\u0131zl\u0131 m\u00fcdahale ve Pazartesi sabah\u0131 hastanede normal aktivitelerime d\u00f6nmek.<br\/>Bir \u015fey h\u00e2l\u00e2 akl\u0131mda \u2013 havaalan\u0131 kar\u015f\u0131lama hizmetindeki g\u00f6revli bize \u015funlar\u0131 s\u00f6yledi: \u201cBu g\u00fcnlerin tad\u0131n\u0131 \u00e7\u0131kar\u0131n, bunu bir \u015fehir gezisi gibi g\u00f6r\u00fcn, bu arada operasyon h\u0131zl\u0131ca yap\u0131lacak.\u201d Bizim i\u00e7in de tam olarak b\u00f6yle oldu\u2026<br\/><br\/>\u015eimdi g\u00f6zl\u00fcks\u00fcz aktif bir hayat\u0131 d\u00f6rt g\u00f6zle bekliyorum.<\/p>\n\n<p>Egli, 23.12.2008<\/p>\n\n<div class=\"wp-block-group is-layout-grid wp-container-core-group-is-layout-baef362d wp-block-group-is-layout-grid\">\n<p><\/p>\n\n\n\n<p class=\"has-text-align-right wp-container-content-5e2576f9\"><a href=\"https:\/\/medicaltravel.at\/home\/impressum\/\" data-type=\"page\" data-id=\"2193\"><\/a><a href=\"https:\/\/medicaltravel.at\/home\/berichte-von-patienten\/erfahrungsberichte\/erfahrungsbericht-zahnbehandlung-in-istanbul\/\" data-type=\"page\" data-id=\"981\"><\/a><a href=\"https:\/\/medicaltravel.at\/tr\/hasta-hikayeleri\/eski-hasta-raporlari\/goez-lazeri-deneyim-raporu-istanbul-22-aralik-2008-pazartesi-tarihli-rapor\/\" data-type=\"link\" data-id=\"https:\/\/medicaltravel.at\/berichte-von-patienten\/altere-patientenberichte\/erlebnisbericht-auge-laser-istanbul-bericht-vom-montag-22-dezember-2008\/\">Sonraki Rapor<\/a><\/p>\n<\/div>\n","protected":false},"excerpt":{"rendered":"<p>Benim LASIK AMEL\u0130YATIM \u0130STANBUL\u2019da \u2013 29 Aral\u0131k 2008 Pazartesi Tarihli Rapor Ben sportif biriyim. Bo\u015f zamanlar\u0131mda kung fu \u00e7al\u0131\u015fmay\u0131, \u00e7ok y\u00fczmeyi ya da ormanlarda ko\u015fu yapmay\u0131 severim. 3 ve 3,5 diyoptriye sahip oldu\u011fum i\u00e7in maalesef her zaman g\u00f6zl\u00fck takmak zorunda kald\u0131m. \u00d6zellikle kung fu antrenmanlar\u0131nda g\u00f6zl\u00fck s\u0131k s\u0131k engel oluyordu. Bazen antrenman salonunun i\u00e7inde u\u00e7tu\u011fu bile oluyordu. D\u0131\u015far\u0131da ya\u011fmurda ise, k\u00f6t\u00fc g\u00f6r\u00fc\u015f nedeniyle t\u00fcm aktiviteler daha da zorla\u015f\u0131yordu.Bu nedenlerle lazer operasyonu hakk\u0131nda bilgi ald\u0131m ve \u00e7e\u015fitli teklifleri ile sa\u011flay\u0131c\u0131lar\u0131 inceledim. K\u0131z karde\u015fim y\u0131llar \u00f6nce \u0130svi\u00e7re\u2019de ameliyat oldu ve bug\u00fcn h\u00e2l\u00e2 sonu\u00e7tan \u00e7ok memnun. Arkada\u015f\u0131m ise g\u00f6z operasyonunu T\u00fcrkiye\u2019de \u00e7al\u0131\u015fma arkada\u015flar\u0131yla birlikte yapt\u0131rd\u0131 ve o da sadece iyi sonu\u00e7lardan bahsedebildi. Ne yaz\u0131k ki g\u00fcn\u00fcm\u00fczde sa\u011fl\u0131k sigortalar\u0131 art\u0131k \u00e7ok az ya da hi\u00e7 katk\u0131 pay\u0131 \u00f6demiyor. Bu y\u00fczden fiyatlar\u0131 kar\u015f\u0131la\u015ft\u0131rmak zorunda kald\u0131m ve fark\u0131n ne kadar b\u00fcy\u00fck oldu\u011funa \u015fa\u015f\u0131rd\u0131m. T\u00fcrkiye\u2019de fiyat\u2013performans oran\u0131 a\u00e7\u0131k ara en iyisi.Daha sonra internet \u00fczerinden Swisslasik teklifini daha detayl\u0131 inceledim ve bunu arkada\u015f\u0131m ile tart\u0131\u015ft\u0131m. Benim i\u00e7in \u00e7ok g\u00fcvenilir bir izlenim b\u0131rakt\u0131 ve bu y\u00fczden Swisslasik arac\u0131l\u0131\u011f\u0131yla Z\u00fcrih\u2019te bir g\u00f6z doktorunda muayene olmaya karar verdim. Doktor g\u00f6z ameliyat\u0131 i\u00e7in onay verdi\u011finde ve t\u00fcm sorular\u0131m\u0131 yan\u0131tlad\u0131\u011f\u0131nda, bu operasyonu yapt\u0131rmam gerekti\u011fi benim i\u00e7in netle\u015fti.\u0130stanbul\u2019a gitmeyi d\u00f6rt g\u00f6zle bekledim ve oradaki iyi organizasyondan \u00e7ok memnun kald\u0131m. G\u00fczel wellness alan\u0131na sahip otel, iyi konumu ve yak\u0131n\u0131ndaki gezilecek yerler, \u0130stanbul\u2019u bizim i\u00e7in unutulmaz bir gezi haline getirdi.\u00d6zellikle ameliyat s\u0131ras\u0131nda \u0130svi\u00e7re Almancas\u0131yla yap\u0131lan rehberlik benim i\u00e7in b\u00fcy\u00fck bir yard\u0131m oldu. Ama t\u00fcm zaman boyunca kendimi iyi bir \u015fekilde desteklenmi\u015f hissettim ve ameliyattan sonra g\u00f6zlerin ne kadar h\u0131zl\u0131 iyile\u015fti\u011fine \u015fa\u015f\u0131rd\u0131m. Benim i\u00e7in neredeyse inan\u0131lmazd\u0131 \u2013 Cumartesi \u00f6\u011fleden sonra bu h\u0131zl\u0131 m\u00fcdahale ve Pazartesi sabah\u0131 hastanede normal aktivitelerime d\u00f6nmek.Bir \u015fey h\u00e2l\u00e2 akl\u0131mda \u2013 havaalan\u0131 kar\u015f\u0131lama hizmetindeki g\u00f6revli bize \u015funlar\u0131 s\u00f6yledi: \u201cBu g\u00fcnlerin tad\u0131n\u0131 \u00e7\u0131kar\u0131n, bunu bir \u015fehir gezisi gibi g\u00f6r\u00fcn, bu arada operasyon h\u0131zl\u0131ca yap\u0131lacak.\u201d Bizim i\u00e7in de tam olarak b\u00f6yle oldu\u2026 \u015eimdi g\u00f6zl\u00fcks\u00fcz aktif bir hayat\u0131 d\u00f6rt g\u00f6zle bekliyorum. Egli, 23.12.2008 Sonraki Rapor<\/p>\n","protected":false},"author":4,"featured_media":0,"parent":4243,"menu_order":0,"comment_status":"closed","ping_status":"closed","template":"","meta":{"_joinchat":[],"footnotes":""},"class_list":["post-4418","page","type-page","status-publish","hentry"],"acf":[],"_links":{"self":[{"href":"https:\/\/medicaltravel.at\/tr\/wp-json\/wp\/v2\/pages\/4418","targetHints":{"allow":["GET"]}}],"collection":[{"href":"https:\/\/medicaltravel.at\/tr\/wp-json\/wp\/v2\/pages"}],"about":[{"href":"https:\/\/medicaltravel.at\/tr\/wp-json\/wp\/v2\/types\/page"}],"author":[{"embeddable":true,"href":"https:\/\/medicaltravel.at\/tr\/wp-json\/wp\/v2\/users\/4"}],"replies":[{"embeddable":true,"href":"https:\/\/medicaltravel.at\/tr\/wp-json\/wp\/v2\/comments?post=4418"}],"version-history":[{"count":1,"href":"https:\/\/medicaltravel.at\/tr\/wp-json\/wp\/v2\/pages\/4418\/revisions"}],"predecessor-version":[{"id":4419,"href":"https:\/\/medicaltravel.at\/tr\/wp-json\/wp\/v2\/pages\/4418\/revisions\/4419"}],"up":[{"embeddable":true,"href":"https:\/\/medicaltravel.at\/tr\/wp-json\/wp\/v2\/pages\/4243"}],"wp:attachment":[{"href":"https:\/\/medicaltravel.at\/tr\/wp-json\/wp\/v2\/media?parent=4418"}],"curies":[{"name":"wp","href":"https:\/\/api.w.org\/{rel}","templated":true}]}}